{"id":60253,"date":"2024-02-20T14:58:29","date_gmt":"2024-02-20T11:58:29","guid":{"rendered":"https:\/\/reginett.ee\/?post_type=product&#038;p=60253"},"modified":"2025-07-04T10:09:39","modified_gmt":"2025-07-04T07:09:39","slug":"kettsaag-husqvarna-592-xp-g","status":"publish","type":"product","link":"https:\/\/reginett.ee\/ru\/toode\/kettsaag-husqvarna-592-xp-g\/","title":{"rendered":"Kettsaag Husqvarna 592 XP\u00ae G"},"content":{"rendered":"<p><strong>Kettsaag Husqvarna 592 XPG<\/strong> on professionaalne masin igale metsamehele v\u00f5i arboristile, kes vajab j\u00f5udlust, vastupidavust ja head man\u00f6\u00f6verdusv\u00f5imet ning kiirendust.T\u00e4nu AutoTune 3.0, k\u00e4ivitub saag lihtsalt ja reguleerib p\u00f6\u00f6rdeid vastavalt t\u00f6\u00f6 iseloomule ja ilmastitutingimustele automaatselt, tagades optimaalse j\u00f5udluse. V\u00f5imas X-Torq mootor kombineeritud X-Cut C85\/C83 ketiga tagab suurep\u00e4rase l\u00f5ikej\u00f5udluse.<\/p>\n<p>* Juhtplaat ja kett ei kuulu komplekti!<\/p>\n<p>Soojendusega k\u00e4epidemed ja karburaator tagavad mugava k\u00e4ivituse ning kasutusmugavuse k\u00fclmades tingimustes.<\/p>\n<p>Soovitame kasutada koos X-Tough\u2122 v\u00f5i X-Tough Light juhtplaadiga.<\/p>\n<h3 class=\"hui-spacing--sm-mt-4-times-8 qDVd74V+99zfGRPQ6w+YDw==\">Parim l\u00f5ikej\u00f5udlus omas klassis<\/h3>\n<p class=\"hui-spacing--sm-mt-4-times-4 K2PbruRyOKhyQZiENIYSog==\">L\u00f5ikej\u00f5udlus on kombinatsioon v\u00f5imsast X-Torq\u00ae mootorist ja teravast X-CUT\u2122 ketist mis kokkuliidetuna annavad esmaklassilise l\u00f5ikej\u00f5udluse.<\/p>\n<h3 class=\"hui-spacing--sm-mt-4-times-8 qDVd74V+99zfGRPQ6w+YDw==\">Oma klassi parim v\u00f5imsuse ja kaalu suhe<\/h3>\n<p class=\"hui-spacing--sm-mt-4-times-4 K2PbruRyOKhyQZiENIYSog==\">V\u00f5rrelduna sama klassi saagidega pakub Husqvarna 592 XP\u00ae G parimat kombinatsiooni v\u00f5imsusest ja madalast kaalust, mis tagab parima l\u00f5iketulemuse ja efektiivsuse. Suurep\u00e4rase tasakaalustuse annab optimeeritud raskuskese ning X-Tough\u2122 juhtplaat, mis teeb saega man\u00f6\u00f6verdamise lihtsaks ja mugavaks.<\/p>\n<h3 class=\"hui-spacing--sm-mt-4-times-8 qDVd74V+99zfGRPQ6w+YDw==\">Soojendusega k\u00e4epidemed hoiavad sind produktiivsena<\/h3>\n<p class=\"hui-spacing--sm-mt-4-times-4 K2PbruRyOKhyQZiENIYSog==\">Hoiab suurema mugavuse ja tootlikuse tagamiseks k\u00e4ed soojad. S\u00e4ilitab k\u00f5rgemal tasemel man\u00f6\u00f6verdusv\u00f5ime ja kontrolli, samuti suurendab ohutust.<\/p>\n<h3 class=\"hui-spacing--sm-mt-4-times-8 qDVd74V+99zfGRPQ6w+YDw==\">Hoolduskaabli pistik<\/h3>\n<p class=\"hui-spacing--sm-mt-4-times-4 K2PbruRyOKhyQZiENIYSog==\">Lihtsam ja kiirem diagnostika volitatud teeninduses.<\/p>\n<h3 class=\"hui-spacing--sm-mt-4-times-8 qDVd74V+99zfGRPQ6w+YDw==\">\u00dchendusvalmis<\/h3>\n<p class=\"hui-spacing--sm-mt-4-times-4 K2PbruRyOKhyQZiENIYSog==\">Hoia ennast kursis Husqvarna digitaalsete teenustega. Lihtsalt lisa saele kiip silindri kaane all olevasse pesasse, millega on v\u00f5imalik mootori t\u00f6\u00f6d j\u00e4lgida ning hooldust planeerida. Husqvarna Fleet Services on eraldi teenus.<\/p>\n<h3 class=\"hui-spacing--sm-mt-4-times-8 qDVd74V+99zfGRPQ6w+YDw==\">Hea kiirendus<\/h3>\n<p class=\"hui-spacing--sm-mt-4-times-4 K2PbruRyOKhyQZiENIYSog==\">Et k\u00f5ik mootori osad on kerged, on mootoril hea kiirendus.<\/p>\n<h3 class=\"hui-spacing--sm-mt-4-times-8 qDVd74V+99zfGRPQ6w+YDw==\">N\u00e4htav k\u00fctusetase<\/h3>\n<p class=\"hui-spacing--sm-mt-4-times-4 K2PbruRyOKhyQZiENIYSog==\">L\u00e4bipaisev aken k\u00fctusetaseme j\u00e4lgimiseks.<\/p>\n<p>&nbsp;<\/p>\n","protected":false},"excerpt":{"rendered":"<p><strong>Kettsaag Husqvarna 592 XPG<\/strong> on professionaalne masin igale metsamehele v\u00f5i arboristile, kes vajab j\u00f5udlust, vastupidavust ja head man\u00f6\u00f6verdusv\u00f5imet ning kiirendust.T\u00e4nu AutoTune 3.0, k\u00e4ivitub saag lihtsalt ja reguleerib p\u00f6\u00f6rdeid vastavalt t\u00f6\u00f6 iseloomule ja ilmastitutingimustele automaatselt, tagades optimaalse j\u00f5udluse. V\u00f5imas X-Torq mootor kombineeritud X-Cut C85\/C83 ketiga tagab suurep\u00e4rase l\u00f5ikej\u00f5udluse.<\/p>\n<p>* Juhtplaat ja kett ei kuulu komplekti!<\/p>\n","protected":false},"featured_media":60254,"comment_status":"open","ping_status":"closed","template":"","meta":{"_acf_changed":false,"_et_pb_use_builder":"","_et_pb_old_content":"","_et_gb_content_width":"","inline_featured_image":false},"pwb-brand":[147],"product_brand":[],"product_cat":[134,37,42],"product_tag":[549,61,450,240,550],"class_list":{"0":"post-60253","1":"product","2":"type-product","3":"status-publish","4":"has-post-thumbnail","6":"pwb-brand-husqvarna","7":"product_cat-eripakkumised","8":"product_cat-husqvarna","9":"product_cat-kettsaed","10":"product_tag-592xpg","11":"product_tag-kettsaag","12":"product_tag-saag","13":"product_tag-saag-husqvarna","14":"product_tag-voimas-saag","16":"first","17":"instock","18":"sale","19":"shipping-taxable","20":"purchasable","21":"product-type-simple"},"acf":[],"yoast_head":"<!-- This site is optimized with the Yoast SEO plugin v26.6 - https:\/\/yoast.com\/wordpress\/plugins\/seo\/ -->\n<title>Kettsaag Husqvarna 592XPG. V\u00f5imas Husqvarna saag<\/title>\n<meta name=\"description\" content=\"Kettsaag Husqvarna 592 XPG on professionaalne masin igale metsamehele v\u00f5i arboristile, kes vajab j\u00f5udlust, vastupidavust ja\" \/>\n<meta name=\"robots\" content=\"index, follow, max-snippet:-1, max-image-preview:large, max-video-preview:-1\" \/>\n<link rel=\"canonical\" href=\"https:\/\/reginett.ee\/toode\/kettsaag-husqvarna-592-xp-g\/\" \/>\n<meta property=\"og:locale\" content=\"ru_RU\" \/>\n<meta property=\"og:type\" content=\"article\" \/>\n<meta property=\"og:title\" content=\"Kettsaag Husqvarna 592XPG. V\u00f5imas Husqvarna saag\" \/>\n<meta property=\"og:description\" content=\"Kettsaag Husqvarna 592 XPG on professionaalne masin igale metsamehele v\u00f5i arboristile, kes vajab j\u00f5udlust, vastupidavust ja\" \/>\n<meta property=\"og:url\" content=\"https:\/\/reginett.ee\/toode\/kettsaag-husqvarna-592-xp-g\/\" \/>\n<meta property=\"og:site_name\" content=\"Reginett\" \/>\n<meta property=\"article:modified_time\" content=\"2025-07-04T07:09:39+00:00\" \/>\n<meta property=\"og:image\" content=\"https:\/\/reginett.ee\/wp-content\/uploads\/2023\/09\/Saag-Husqvarna-592XPG.jpg\" \/>\n\t<meta property=\"og:image:width\" content=\"680\" \/>\n\t<meta property=\"og:image:height\" content=\"372\" \/>\n\t<meta property=\"og:image:type\" content=\"image\/jpeg\" \/>\n<meta name=\"twitter:card\" content=\"summary_large_image\" \/>\n<meta name=\"twitter:label1\" content=\"\u041f\u0440\u0438\u043c\u0435\u0440\u043d\u043e\u0435 \u0432\u0440\u0435\u043c\u044f \u0434\u043b\u044f \u0447\u0442\u0435\u043d\u0438\u044f\" \/>\n\t<meta name=\"twitter:data1\" content=\"2 \u043c\u0438\u043d\u0443\u0442\u044b\" \/>\n<script type=\"application\/ld+json\" class=\"yoast-schema-graph\">{\"@context\":\"https:\/\/schema.org\",\"@graph\":[{\"@type\":\"WebPage\",\"@id\":\"https:\/\/reginett.ee\/toode\/kettsaag-husqvarna-592-xp-g\/\",\"url\":\"https:\/\/reginett.ee\/toode\/kettsaag-husqvarna-592-xp-g\/\",\"name\":\"Kettsaag Husqvarna 592XPG. V\u00f5imas Husqvarna saag\",\"isPartOf\":{\"@id\":\"https:\/\/reginett.ee\/#website\"},\"primaryImageOfPage\":{\"@id\":\"https:\/\/reginett.ee\/toode\/kettsaag-husqvarna-592-xp-g\/#primaryimage\"},\"image\":{\"@id\":\"https:\/\/reginett.ee\/toode\/kettsaag-husqvarna-592-xp-g\/#primaryimage\"},\"thumbnailUrl\":\"https:\/\/reginett.ee\/wp-content\/uploads\/2023\/09\/Saag-Husqvarna-592XPG.jpg\",\"datePublished\":\"2024-02-20T11:58:29+00:00\",\"dateModified\":\"2025-07-04T07:09:39+00:00\",\"description\":\"Kettsaag Husqvarna 592 XPG on professionaalne masin igale metsamehele v\u00f5i arboristile, kes vajab j\u00f5udlust, vastupidavust ja\",\"breadcrumb\":{\"@id\":\"https:\/\/reginett.ee\/toode\/kettsaag-husqvarna-592-xp-g\/#breadcrumb\"},\"inLanguage\":\"ru-RU\",\"potentialAction\":[{\"@type\":\"ReadAction\",\"target\":[\"https:\/\/reginett.ee\/toode\/kettsaag-husqvarna-592-xp-g\/\"]}]},{\"@type\":\"ImageObject\",\"inLanguage\":\"ru-RU\",\"@id\":\"https:\/\/reginett.ee\/toode\/kettsaag-husqvarna-592-xp-g\/#primaryimage\",\"url\":\"https:\/\/reginett.ee\/wp-content\/uploads\/2023\/09\/Saag-Husqvarna-592XPG.jpg\",\"contentUrl\":\"https:\/\/reginett.ee\/wp-content\/uploads\/2023\/09\/Saag-Husqvarna-592XPG.jpg\",\"width\":680,\"height\":372,\"caption\":\"Saag Husqvarna 592XPG\"},{\"@type\":\"BreadcrumbList\",\"@id\":\"https:\/\/reginett.ee\/toode\/kettsaag-husqvarna-592-xp-g\/#breadcrumb\",\"itemListElement\":[{\"@type\":\"ListItem\",\"position\":1,\"name\":\"Home\",\"item\":\"https:\/\/reginett.ee\/ru\/\"},{\"@type\":\"ListItem\",\"position\":2,\"name\":\"Tooted\",\"item\":\"https:\/\/reginett.ee\/tooted\/\"},{\"@type\":\"ListItem\",\"position\":3,\"name\":\"Kettsaag Husqvarna 592 XP\u00ae G\"}]},{\"@type\":\"WebSite\",\"@id\":\"https:\/\/reginett.ee\/#website\",\"url\":\"https:\/\/reginett.ee\/\",\"name\":\"Reginett\",\"description\":\"Parimad robotniidukid\",\"potentialAction\":[{\"@type\":\"SearchAction\",\"target\":{\"@type\":\"EntryPoint\",\"urlTemplate\":\"https:\/\/reginett.ee\/?s={search_term_string}\"},\"query-input\":{\"@type\":\"PropertyValueSpecification\",\"valueRequired\":true,\"valueName\":\"search_term_string\"}}],\"inLanguage\":\"ru-RU\"}]}<\/script>\n<!-- \/ Yoast SEO plugin. -->","yoast_head_json":{"title":"Kettsaag Husqvarna 592XPG. V\u00f5imas Husqvarna saag","description":"Kettsaag Husqvarna 592 XPG on professionaalne masin igale metsamehele v\u00f5i arboristile, kes vajab j\u00f5udlust, vastupidavust ja","robots":{"index":"index","follow":"follow","max-snippet":"max-snippet:-1","max-image-preview":"max-image-preview:large","max-video-preview":"max-video-preview:-1"},"canonical":"https:\/\/reginett.ee\/toode\/kettsaag-husqvarna-592-xp-g\/","og_locale":"ru_RU","og_type":"article","og_title":"Kettsaag Husqvarna 592XPG. V\u00f5imas Husqvarna saag","og_description":"Kettsaag Husqvarna 592 XPG on professionaalne masin igale metsamehele v\u00f5i arboristile, kes vajab j\u00f5udlust, vastupidavust ja","og_url":"https:\/\/reginett.ee\/toode\/kettsaag-husqvarna-592-xp-g\/","og_site_name":"Reginett","article_modified_time":"2025-07-04T07:09:39+00:00","og_image":[{"width":680,"height":372,"url":"https:\/\/reginett.ee\/wp-content\/uploads\/2023\/09\/Saag-Husqvarna-592XPG.jpg","type":"image\/jpeg"}],"twitter_card":"summary_large_image","twitter_misc":{"\u041f\u0440\u0438\u043c\u0435\u0440\u043d\u043e\u0435 \u0432\u0440\u0435\u043c\u044f \u0434\u043b\u044f \u0447\u0442\u0435\u043d\u0438\u044f":"2 \u043c\u0438\u043d\u0443\u0442\u044b"},"schema":{"@context":"https:\/\/schema.org","@graph":[{"@type":"WebPage","@id":"https:\/\/reginett.ee\/toode\/kettsaag-husqvarna-592-xp-g\/","url":"https:\/\/reginett.ee\/toode\/kettsaag-husqvarna-592-xp-g\/","name":"Kettsaag Husqvarna 592XPG. V\u00f5imas Husqvarna saag","isPartOf":{"@id":"https:\/\/reginett.ee\/#website"},"primaryImageOfPage":{"@id":"https:\/\/reginett.ee\/toode\/kettsaag-husqvarna-592-xp-g\/#primaryimage"},"image":{"@id":"https:\/\/reginett.ee\/toode\/kettsaag-husqvarna-592-xp-g\/#primaryimage"},"thumbnailUrl":"https:\/\/reginett.ee\/wp-content\/uploads\/2023\/09\/Saag-Husqvarna-592XPG.jpg","datePublished":"2024-02-20T11:58:29+00:00","dateModified":"2025-07-04T07:09:39+00:00","description":"Kettsaag Husqvarna 592 XPG on professionaalne masin igale metsamehele v\u00f5i arboristile, kes vajab j\u00f5udlust, vastupidavust ja","breadcrumb":{"@id":"https:\/\/reginett.ee\/toode\/kettsaag-husqvarna-592-xp-g\/#breadcrumb"},"inLanguage":"ru-RU","potentialAction":[{"@type":"ReadAction","target":["https:\/\/reginett.ee\/toode\/kettsaag-husqvarna-592-xp-g\/"]}]},{"@type":"ImageObject","inLanguage":"ru-RU","@id":"https:\/\/reginett.ee\/toode\/kettsaag-husqvarna-592-xp-g\/#primaryimage","url":"https:\/\/reginett.ee\/wp-content\/uploads\/2023\/09\/Saag-Husqvarna-592XPG.jpg","contentUrl":"https:\/\/reginett.ee\/wp-content\/uploads\/2023\/09\/Saag-Husqvarna-592XPG.jpg","width":680,"height":372,"caption":"Saag Husqvarna 592XPG"},{"@type":"BreadcrumbList","@id":"https:\/\/reginett.ee\/toode\/kettsaag-husqvarna-592-xp-g\/#breadcrumb","itemListElement":[{"@type":"ListItem","position":1,"name":"Home","item":"https:\/\/reginett.ee\/ru\/"},{"@type":"ListItem","position":2,"name":"Tooted","item":"https:\/\/reginett.ee\/tooted\/"},{"@type":"ListItem","position":3,"name":"Kettsaag Husqvarna 592 XP\u00ae G"}]},{"@type":"WebSite","@id":"https:\/\/reginett.ee\/#website","url":"https:\/\/reginett.ee\/","name":"Reginett","description":"Parimad robotniidukid","potentialAction":[{"@type":"SearchAction","target":{"@type":"EntryPoint","urlTemplate":"https:\/\/reginett.ee\/?s={search_term_string}"},"query-input":{"@type":"PropertyValueSpecification","valueRequired":true,"valueName":"search_term_string"}}],"inLanguage":"ru-RU"}]}},"brands":[{"id":147,"name":"Husqvarna","slug":"husqvarna"}],"_links":{"self":[{"href":"https:\/\/reginett.ee\/ru\/wp-json\/wp\/v2\/product\/60253","targetHints":{"allow":["GET"]}}],"collection":[{"href":"https:\/\/reginett.ee\/ru\/wp-json\/wp\/v2\/product"}],"about":[{"href":"https:\/\/reginett.ee\/ru\/wp-json\/wp\/v2\/types\/product"}],"replies":[{"embeddable":true,"href":"https:\/\/reginett.ee\/ru\/wp-json\/wp\/v2\/comments?post=60253"}],"wp:featuredmedia":[{"embeddable":true,"href":"https:\/\/reginett.ee\/ru\/wp-json\/wp\/v2\/media\/60254"}],"wp:attachment":[{"href":"https:\/\/reginett.ee\/ru\/wp-json\/wp\/v2\/media?parent=60253"}],"wp:term":[{"taxonomy":"pwb-brand","embeddable":true,"href":"https:\/\/reginett.ee\/ru\/wp-json\/wp\/v2\/pwb-brand?post=60253"},{"taxonomy":"product_brand","embeddable":true,"href":"https:\/\/reginett.ee\/ru\/wp-json\/wp\/v2\/product_brand?post=60253"},{"taxonomy":"product_cat","embeddable":true,"href":"https:\/\/reginett.ee\/ru\/wp-json\/wp\/v2\/product_cat?post=60253"},{"taxonomy":"product_tag","embeddable":true,"href":"https:\/\/reginett.ee\/ru\/wp-json\/wp\/v2\/product_tag?post=60253"}],"curies":[{"name":"wp","href":"https:\/\/api.w.org\/{rel}","templated":true}]}}