{"id":60134,"date":"2025-11-12T17:53:56","date_gmt":"2025-11-12T14:53:56","guid":{"rendered":"https:\/\/reginett.ee\/?post_type=product&#038;p=60134"},"modified":"2026-03-19T20:11:33","modified_gmt":"2026-03-19T17:11:33","slug":"lehepuhur-husqvarna-345bt-uus","status":"publish","type":"product","link":"https:\/\/reginett.ee\/ru\/toode\/lehepuhur-husqvarna-345bt-uus\/","title":{"rendered":"Lehepuhur Husqvarna 345BT"},"content":{"rendered":"<p class=\"ui-k8 ui-ar ui-la\"><strong>Husqvarna 345BT<\/strong> on uus suure puhumisj\u00f5u ja t\u00e4iustatud ergonoomikaga esmaklassiline bensiinimootoriga seljakottpuhur.<\/p>\n<div class=\"hbd-editorial\">Suur puhumisj\u00f5ud ja koormust v\u00e4hendavad mugavad rakmed muudavad puhastamise t\u00f6\u00f6d kiireks ja lihtsaks. Liikuge intuitiivselt ja t\u00f6\u00f6tage sujuvalt t\u00e4nu p\u00fcsikiirushoidjaga reguleeritavale k\u00e4epidemele. K\u00f5ik, alates lihtsast k\u00e4ivitamisest kuni suure k\u00fctusepaagi mahuni, on loodud selleks, et aiat\u00f6\u00f6d saaks lihtsamalt tehtud. See kompaktne bensiinimootoriga seljakotipuhur tagab maksimaalse tootlikkuse ja minimaalse koormuse.<button class=\"ui-k0 ui-as\" tabindex=\"0\" type=\"button\"><\/button><\/div>\n<div><\/div>\n<div>\n<h3 class=\"hui-spacing--sm-mt-4-times-8 qDVd74V+99zfGRPQ6w+YDw==\">K\u00fctusepump<\/h3>\n<p class=\"hui-spacing--sm-mt-4-times-4 K2PbruRyOKhyQZiENIYSog==\">K\u00fctusepump muudab Husqvarna 345BT puhuri k\u00e4ivitamise kergemaks.<\/p>\n<h3 class=\"hui-spacing--sm-mt-4-times-8 qDVd74V+99zfGRPQ6w+YDw==\">P\u00fcsikiirusehoidik<\/h3>\n<p class=\"hui-spacing--sm-mt-4-times-4 K2PbruRyOKhyQZiENIYSog==\">Puhumise kiiruse fikseerimine, et oleks mugavam t\u00f6\u00f6tada.<\/p>\n<h3 class=\"hui-spacing--sm-mt-4-times-8 qDVd74V+99zfGRPQ6w+YDw==\">Pehmendusega kanderihmad<\/h3>\n<p class=\"hui-spacing--sm-mt-4-times-4 K2PbruRyOKhyQZiENIYSog==\">Pehmendusega kanderihmad ja v\u00f6\u00f6rihm aitavad koormust jagada.<\/p>\n<h3 class=\"hui-spacing--sm-mt-4-times-8 qDVd74V+99zfGRPQ6w+YDw==\">Esmaklassiline ergonoomika<\/h3>\n<p class=\"hui-spacing--sm-mt-4-times-4 K2PbruRyOKhyQZiENIYSog==\">Esmaklassiline ergonoomika t\u00e4nu erakordsele tootetasakaalule, mugavale k\u00e4epidemele ja k\u00e4ep\u00e4rasele nupustikule.<\/p>\n<p>&nbsp;<\/p>\n<\/div>\n","protected":false},"excerpt":{"rendered":"<p class=\"ui-k8 ui-ar ui-la\"><strong>Husqvarna 345BT<\/strong> on uus suure puhumisj\u00f5u ja t\u00e4iustatud ergonoomikaga esmaklassiline bensiinimootoriga seljakottpuhur.<\/p>\n<div class=\"hbd-editorial\">Suur puhumisj\u00f5ud ja koormust v\u00e4hendavad mugavad rakmed muudavad puhastamise t\u00f6\u00f6d kiireks ja lihtsaks<\/div>\n","protected":false},"featured_media":60135,"comment_status":"open","ping_status":"closed","template":"","meta":{"_acf_changed":false,"_et_pb_use_builder":"","_et_pb_old_content":"","_et_gb_content_width":"","inline_featured_image":false},"pwb-brand":[147],"product_brand":[],"product_cat":[134,37,50],"product_tag":[],"class_list":{"0":"post-60134","1":"product","2":"type-product","3":"status-publish","4":"has-post-thumbnail","6":"pwb-brand-husqvarna","7":"product_cat-eripakkumised","8":"product_cat-husqvarna","9":"product_cat-lehepuhurid","10":"product_shipping_class-rasked-asjad","12":"first","13":"outofstock","14":"shipping-taxable","15":"purchasable","16":"product-type-simple"},"acf":[],"yoast_head":"<!-- This site is optimized with the Yoast SEO plugin v26.6 - https:\/\/yoast.com\/wordpress\/plugins\/seo\/ -->\n<title>Lehepuhur Husqvarna 345BT. Uus ja mugav Husqvarna lehepuhur<\/title>\n<meta name=\"description\" content=\"Husqvarna 345BT on uus suure puhumisj\u00f5u ja t\u00e4iustatud ergonoomikaga esmaklassiline bensiinimootoriga seljakottpuhur.Suur puhumisj\u00f5ud\" \/>\n<meta name=\"robots\" content=\"index, follow, max-snippet:-1, max-image-preview:large, max-video-preview:-1\" \/>\n<link rel=\"canonical\" href=\"https:\/\/reginett.ee\/toode\/lehepuhur-husqvarna-345bt-uus\/\" \/>\n<meta property=\"og:locale\" content=\"ru_RU\" \/>\n<meta property=\"og:type\" content=\"article\" \/>\n<meta property=\"og:title\" content=\"Lehepuhur Husqvarna 345BT. Uus ja mugav Husqvarna lehepuhur\" \/>\n<meta property=\"og:description\" content=\"Husqvarna 345BT on uus suure puhumisj\u00f5u ja t\u00e4iustatud ergonoomikaga esmaklassiline bensiinimootoriga seljakottpuhur.Suur puhumisj\u00f5ud\" \/>\n<meta property=\"og:url\" content=\"https:\/\/reginett.ee\/toode\/lehepuhur-husqvarna-345bt-uus\/\" \/>\n<meta property=\"og:site_name\" content=\"Reginett\" \/>\n<meta property=\"article:modified_time\" content=\"2026-03-19T17:11:33+00:00\" \/>\n<meta property=\"og:image\" content=\"https:\/\/reginett.ee\/wp-content\/uploads\/2023\/08\/Lehepuhur-Husqvarna-345BT-uus.webp\" \/>\n\t<meta property=\"og:image:width\" content=\"680\" \/>\n\t<meta property=\"og:image:height\" content=\"372\" \/>\n\t<meta property=\"og:image:type\" content=\"image\/webp\" \/>\n<meta name=\"twitter:card\" content=\"summary_large_image\" \/>\n<meta name=\"twitter:label1\" content=\"\u041f\u0440\u0438\u043c\u0435\u0440\u043d\u043e\u0435 \u0432\u0440\u0435\u043c\u044f \u0434\u043b\u044f \u0447\u0442\u0435\u043d\u0438\u044f\" \/>\n\t<meta name=\"twitter:data1\" content=\"1 \u043c\u0438\u043d\u0443\u0442\u0430\" \/>\n<script type=\"application\/ld+json\" class=\"yoast-schema-graph\">{\"@context\":\"https:\/\/schema.org\",\"@graph\":[{\"@type\":\"WebPage\",\"@id\":\"https:\/\/reginett.ee\/toode\/lehepuhur-husqvarna-345bt-uus\/\",\"url\":\"https:\/\/reginett.ee\/toode\/lehepuhur-husqvarna-345bt-uus\/\",\"name\":\"Lehepuhur Husqvarna 345BT. Uus ja mugav Husqvarna lehepuhur\",\"isPartOf\":{\"@id\":\"https:\/\/reginett.ee\/#website\"},\"primaryImageOfPage\":{\"@id\":\"https:\/\/reginett.ee\/toode\/lehepuhur-husqvarna-345bt-uus\/#primaryimage\"},\"image\":{\"@id\":\"https:\/\/reginett.ee\/toode\/lehepuhur-husqvarna-345bt-uus\/#primaryimage\"},\"thumbnailUrl\":\"https:\/\/reginett.ee\/wp-content\/uploads\/2023\/08\/Lehepuhur-Husqvarna-345BT-uus.webp\",\"datePublished\":\"2025-11-12T14:53:56+00:00\",\"dateModified\":\"2026-03-19T17:11:33+00:00\",\"description\":\"Husqvarna 345BT on uus suure puhumisj\u00f5u ja t\u00e4iustatud ergonoomikaga esmaklassiline bensiinimootoriga seljakottpuhur.Suur puhumisj\u00f5ud\",\"breadcrumb\":{\"@id\":\"https:\/\/reginett.ee\/toode\/lehepuhur-husqvarna-345bt-uus\/#breadcrumb\"},\"inLanguage\":\"ru-RU\",\"potentialAction\":[{\"@type\":\"ReadAction\",\"target\":[\"https:\/\/reginett.ee\/toode\/lehepuhur-husqvarna-345bt-uus\/\"]}]},{\"@type\":\"ImageObject\",\"inLanguage\":\"ru-RU\",\"@id\":\"https:\/\/reginett.ee\/toode\/lehepuhur-husqvarna-345bt-uus\/#primaryimage\",\"url\":\"https:\/\/reginett.ee\/wp-content\/uploads\/2023\/08\/Lehepuhur-Husqvarna-345BT-uus.webp\",\"contentUrl\":\"https:\/\/reginett.ee\/wp-content\/uploads\/2023\/08\/Lehepuhur-Husqvarna-345BT-uus.webp\",\"width\":680,\"height\":372,\"caption\":\"Lehepuhur Husqvarna 345BT\"},{\"@type\":\"BreadcrumbList\",\"@id\":\"https:\/\/reginett.ee\/toode\/lehepuhur-husqvarna-345bt-uus\/#breadcrumb\",\"itemListElement\":[{\"@type\":\"ListItem\",\"position\":1,\"name\":\"Home\",\"item\":\"https:\/\/reginett.ee\/ru\/\"},{\"@type\":\"ListItem\",\"position\":2,\"name\":\"Tooted\",\"item\":\"https:\/\/reginett.ee\/tooted\/\"},{\"@type\":\"ListItem\",\"position\":3,\"name\":\"Lehepuhur Husqvarna 345BT\"}]},{\"@type\":\"WebSite\",\"@id\":\"https:\/\/reginett.ee\/#website\",\"url\":\"https:\/\/reginett.ee\/\",\"name\":\"Reginett\",\"description\":\"Parimad robotniidukid\",\"potentialAction\":[{\"@type\":\"SearchAction\",\"target\":{\"@type\":\"EntryPoint\",\"urlTemplate\":\"https:\/\/reginett.ee\/?s={search_term_string}\"},\"query-input\":{\"@type\":\"PropertyValueSpecification\",\"valueRequired\":true,\"valueName\":\"search_term_string\"}}],\"inLanguage\":\"ru-RU\"}]}<\/script>\n<!-- \/ Yoast SEO plugin. -->","yoast_head_json":{"title":"Lehepuhur Husqvarna 345BT. Uus ja mugav Husqvarna lehepuhur","description":"Husqvarna 345BT on uus suure puhumisj\u00f5u ja t\u00e4iustatud ergonoomikaga esmaklassiline bensiinimootoriga seljakottpuhur.Suur puhumisj\u00f5ud","robots":{"index":"index","follow":"follow","max-snippet":"max-snippet:-1","max-image-preview":"max-image-preview:large","max-video-preview":"max-video-preview:-1"},"canonical":"https:\/\/reginett.ee\/toode\/lehepuhur-husqvarna-345bt-uus\/","og_locale":"ru_RU","og_type":"article","og_title":"Lehepuhur Husqvarna 345BT. Uus ja mugav Husqvarna lehepuhur","og_description":"Husqvarna 345BT on uus suure puhumisj\u00f5u ja t\u00e4iustatud ergonoomikaga esmaklassiline bensiinimootoriga seljakottpuhur.Suur puhumisj\u00f5ud","og_url":"https:\/\/reginett.ee\/toode\/lehepuhur-husqvarna-345bt-uus\/","og_site_name":"Reginett","article_modified_time":"2026-03-19T17:11:33+00:00","og_image":[{"width":680,"height":372,"url":"https:\/\/reginett.ee\/wp-content\/uploads\/2023\/08\/Lehepuhur-Husqvarna-345BT-uus.webp","type":"image\/webp"}],"twitter_card":"summary_large_image","twitter_misc":{"\u041f\u0440\u0438\u043c\u0435\u0440\u043d\u043e\u0435 \u0432\u0440\u0435\u043c\u044f \u0434\u043b\u044f \u0447\u0442\u0435\u043d\u0438\u044f":"1 \u043c\u0438\u043d\u0443\u0442\u0430"},"schema":{"@context":"https:\/\/schema.org","@graph":[{"@type":"WebPage","@id":"https:\/\/reginett.ee\/toode\/lehepuhur-husqvarna-345bt-uus\/","url":"https:\/\/reginett.ee\/toode\/lehepuhur-husqvarna-345bt-uus\/","name":"Lehepuhur Husqvarna 345BT. Uus ja mugav Husqvarna lehepuhur","isPartOf":{"@id":"https:\/\/reginett.ee\/#website"},"primaryImageOfPage":{"@id":"https:\/\/reginett.ee\/toode\/lehepuhur-husqvarna-345bt-uus\/#primaryimage"},"image":{"@id":"https:\/\/reginett.ee\/toode\/lehepuhur-husqvarna-345bt-uus\/#primaryimage"},"thumbnailUrl":"https:\/\/reginett.ee\/wp-content\/uploads\/2023\/08\/Lehepuhur-Husqvarna-345BT-uus.webp","datePublished":"2025-11-12T14:53:56+00:00","dateModified":"2026-03-19T17:11:33+00:00","description":"Husqvarna 345BT on uus suure puhumisj\u00f5u ja t\u00e4iustatud ergonoomikaga esmaklassiline bensiinimootoriga seljakottpuhur.Suur puhumisj\u00f5ud","breadcrumb":{"@id":"https:\/\/reginett.ee\/toode\/lehepuhur-husqvarna-345bt-uus\/#breadcrumb"},"inLanguage":"ru-RU","potentialAction":[{"@type":"ReadAction","target":["https:\/\/reginett.ee\/toode\/lehepuhur-husqvarna-345bt-uus\/"]}]},{"@type":"ImageObject","inLanguage":"ru-RU","@id":"https:\/\/reginett.ee\/toode\/lehepuhur-husqvarna-345bt-uus\/#primaryimage","url":"https:\/\/reginett.ee\/wp-content\/uploads\/2023\/08\/Lehepuhur-Husqvarna-345BT-uus.webp","contentUrl":"https:\/\/reginett.ee\/wp-content\/uploads\/2023\/08\/Lehepuhur-Husqvarna-345BT-uus.webp","width":680,"height":372,"caption":"Lehepuhur Husqvarna 345BT"},{"@type":"BreadcrumbList","@id":"https:\/\/reginett.ee\/toode\/lehepuhur-husqvarna-345bt-uus\/#breadcrumb","itemListElement":[{"@type":"ListItem","position":1,"name":"Home","item":"https:\/\/reginett.ee\/ru\/"},{"@type":"ListItem","position":2,"name":"Tooted","item":"https:\/\/reginett.ee\/tooted\/"},{"@type":"ListItem","position":3,"name":"Lehepuhur Husqvarna 345BT"}]},{"@type":"WebSite","@id":"https:\/\/reginett.ee\/#website","url":"https:\/\/reginett.ee\/","name":"Reginett","description":"Parimad robotniidukid","potentialAction":[{"@type":"SearchAction","target":{"@type":"EntryPoint","urlTemplate":"https:\/\/reginett.ee\/?s={search_term_string}"},"query-input":{"@type":"PropertyValueSpecification","valueRequired":true,"valueName":"search_term_string"}}],"inLanguage":"ru-RU"}]}},"brands":[{"id":147,"name":"Husqvarna","slug":"husqvarna"}],"_links":{"self":[{"href":"https:\/\/reginett.ee\/ru\/wp-json\/wp\/v2\/product\/60134","targetHints":{"allow":["GET"]}}],"collection":[{"href":"https:\/\/reginett.ee\/ru\/wp-json\/wp\/v2\/product"}],"about":[{"href":"https:\/\/reginett.ee\/ru\/wp-json\/wp\/v2\/types\/product"}],"replies":[{"embeddable":true,"href":"https:\/\/reginett.ee\/ru\/wp-json\/wp\/v2\/comments?post=60134"}],"wp:featuredmedia":[{"embeddable":true,"href":"https:\/\/reginett.ee\/ru\/wp-json\/wp\/v2\/media\/60135"}],"wp:attachment":[{"href":"https:\/\/reginett.ee\/ru\/wp-json\/wp\/v2\/media?parent=60134"}],"wp:term":[{"taxonomy":"pwb-brand","embeddable":true,"href":"https:\/\/reginett.ee\/ru\/wp-json\/wp\/v2\/pwb-brand?post=60134"},{"taxonomy":"product_brand","embeddable":true,"href":"https:\/\/reginett.ee\/ru\/wp-json\/wp\/v2\/product_brand?post=60134"},{"taxonomy":"product_cat","embeddable":true,"href":"https:\/\/reginett.ee\/ru\/wp-json\/wp\/v2\/product_cat?post=60134"},{"taxonomy":"product_tag","embeddable":true,"href":"https:\/\/reginett.ee\/ru\/wp-json\/wp\/v2\/product_tag?post=60134"}],"curies":[{"name":"wp","href":"https:\/\/api.w.org\/{rel}","templated":true}]}}