{"id":60078,"date":"2023-08-17T17:31:08","date_gmt":"2023-08-17T14:31:08","guid":{"rendered":"https:\/\/reginett.ee\/?post_type=product&#038;p=60078"},"modified":"2023-11-01T12:43:57","modified_gmt":"2023-11-01T09:43:57","slug":"omblusmasin-pfaff-smarter-260c-2","status":"publish","type":"product","link":"https:\/\/reginett.ee\/ru\/toode\/omblusmasin-pfaff-smarter-260c-2\/","title":{"rendered":"\u00d5mblusmasin PFAFF Smarter 260C"},"content":{"rendered":"<p><strong>\u00d5mblusmasin PFAFF Smarter 260C<\/strong> on vastupidav ja mugav \u00f5mblusmasin, millel on 26 \u00f5mbluspistet otse nuppude alt valimisega.<\/p>\n<p>Suurep\u00e4rane valik koolide \u00f5ppeklassidesse!<\/p>\n<p>Tava\u00f5mblused, venivad \u00f5mblused, overlokkpisted, \u00fcks \u00fcheetapiline n\u00f6\u00f6pauk, dekoratiivpisted. START\/STOPP nupp pedaalita \u00f5mblemiseks. N\u00f5ela asend \u00fcleval-all nupp. Piste infoekraan. Pressjalg \u00fcleval signaal &#8212; masin ei hakka enne \u00f5mblema, kui pressjalg on viidud alla asendisse.<\/p>\n<p>Maksimaalne piste laius 6mm, masimaalnepiste pikkus 4mm. N\u00f5elasilma niidistaja.<\/p>\n<p>Suur valik lisapressjalgu. LED-vvalgustus. Masinal on kaasas k\u00f5va kate.<\/p>\n","protected":false},"excerpt":{"rendered":"<p><strong>\u00d5mblusmasin PFAFF Smarter 260C<\/strong> on vastupidav ja mugav \u00f5mblusmasin, millel on 26 \u00f5mbluspistet otse nuppude alt valimisega.<\/p>\n<p>Suurep\u00e4rane valik koolide \u00f5ppeklassidesse!<\/p>\n","protected":false},"featured_media":60079,"comment_status":"open","ping_status":"closed","template":"","meta":{"_acf_changed":false,"_et_pb_use_builder":"","_et_pb_old_content":"","_et_gb_content_width":"","inline_featured_image":false},"pwb-brand":[543],"product_brand":[],"product_cat":[134,231,55],"product_tag":[102,333],"class_list":{"0":"post-60078","1":"product","2":"type-product","3":"status-publish","4":"has-post-thumbnail","6":"pwb-brand-pfaff","7":"product_cat-eripakkumised","8":"product_cat-kingiideed","9":"product_cat-omblusmasinad-ja-tarvikud","10":"product_tag-omblusmasin","11":"product_tag-pfaff","13":"first","14":"instock","15":"sale","16":"shipping-taxable","17":"purchasable","18":"product-type-simple"},"acf":[],"yoast_head":"<!-- This site is optimized with the Yoast SEO plugin v26.6 - https:\/\/yoast.com\/wordpress\/plugins\/seo\/ -->\n<title>\u00d5mblusmasin PFAFF Smarter 260C. Suurep\u00e4rane valik<\/title>\n<meta name=\"description\" content=\"\u00d5mblusmasin PFAFF Smarter 260C on vastupidav ja mugav \u00f5mblusmasin, millel on 26 \u00f5mbluspistet otse nuppude alt valimisega.\" \/>\n<meta name=\"robots\" content=\"index, follow, max-snippet:-1, max-image-preview:large, max-video-preview:-1\" \/>\n<link rel=\"canonical\" href=\"https:\/\/reginett.ee\/toode\/omblusmasin-pfaff-smarter-260c-2\/\" \/>\n<meta property=\"og:locale\" content=\"ru_RU\" \/>\n<meta property=\"og:type\" content=\"article\" \/>\n<meta property=\"og:title\" content=\"\u00d5mblusmasin PFAFF Smarter 260C. Suurep\u00e4rane valik\" \/>\n<meta property=\"og:description\" content=\"\u00d5mblusmasin PFAFF Smarter 260C on vastupidav ja mugav \u00f5mblusmasin, millel on 26 \u00f5mbluspistet otse nuppude alt valimisega.\" \/>\n<meta property=\"og:url\" content=\"https:\/\/reginett.ee\/toode\/omblusmasin-pfaff-smarter-260c-2\/\" \/>\n<meta property=\"og:site_name\" content=\"Reginett\" \/>\n<meta property=\"article:modified_time\" content=\"2023-11-01T09:43:57+00:00\" \/>\n<meta property=\"og:image\" content=\"https:\/\/reginett.ee\/wp-content\/uploads\/2023\/08\/Omblusmasin-PFAFF-Smarter-260C.jpg\" \/>\n\t<meta property=\"og:image:width\" content=\"660\" \/>\n\t<meta property=\"og:image:height\" content=\"384\" \/>\n\t<meta property=\"og:image:type\" content=\"image\/jpeg\" \/>\n<meta name=\"twitter:card\" content=\"summary_large_image\" \/>\n<meta name=\"twitter:label1\" content=\"\u041f\u0440\u0438\u043c\u0435\u0440\u043d\u043e\u0435 \u0432\u0440\u0435\u043c\u044f \u0434\u043b\u044f \u0447\u0442\u0435\u043d\u0438\u044f\" \/>\n\t<meta name=\"twitter:data1\" content=\"1 \u043c\u0438\u043d\u0443\u0442\u0430\" \/>\n<script type=\"application\/ld+json\" class=\"yoast-schema-graph\">{\"@context\":\"https:\/\/schema.org\",\"@graph\":[{\"@type\":\"WebPage\",\"@id\":\"https:\/\/reginett.ee\/toode\/omblusmasin-pfaff-smarter-260c-2\/\",\"url\":\"https:\/\/reginett.ee\/toode\/omblusmasin-pfaff-smarter-260c-2\/\",\"name\":\"\u00d5mblusmasin PFAFF Smarter 260C. Suurep\u00e4rane valik\",\"isPartOf\":{\"@id\":\"https:\/\/reginett.ee\/#website\"},\"primaryImageOfPage\":{\"@id\":\"https:\/\/reginett.ee\/toode\/omblusmasin-pfaff-smarter-260c-2\/#primaryimage\"},\"image\":{\"@id\":\"https:\/\/reginett.ee\/toode\/omblusmasin-pfaff-smarter-260c-2\/#primaryimage\"},\"thumbnailUrl\":\"https:\/\/reginett.ee\/wp-content\/uploads\/2023\/08\/Omblusmasin-PFAFF-Smarter-260C.jpg\",\"datePublished\":\"2023-08-17T14:31:08+00:00\",\"dateModified\":\"2023-11-01T09:43:57+00:00\",\"description\":\"\u00d5mblusmasin PFAFF Smarter 260C on vastupidav ja mugav \u00f5mblusmasin, millel on 26 \u00f5mbluspistet otse nuppude alt valimisega.\",\"breadcrumb\":{\"@id\":\"https:\/\/reginett.ee\/toode\/omblusmasin-pfaff-smarter-260c-2\/#breadcrumb\"},\"inLanguage\":\"ru-RU\",\"potentialAction\":[{\"@type\":\"ReadAction\",\"target\":[\"https:\/\/reginett.ee\/toode\/omblusmasin-pfaff-smarter-260c-2\/\"]}]},{\"@type\":\"ImageObject\",\"inLanguage\":\"ru-RU\",\"@id\":\"https:\/\/reginett.ee\/toode\/omblusmasin-pfaff-smarter-260c-2\/#primaryimage\",\"url\":\"https:\/\/reginett.ee\/wp-content\/uploads\/2023\/08\/Omblusmasin-PFAFF-Smarter-260C.jpg\",\"contentUrl\":\"https:\/\/reginett.ee\/wp-content\/uploads\/2023\/08\/Omblusmasin-PFAFF-Smarter-260C.jpg\",\"width\":660,\"height\":384,\"caption\":\"\u00d5mblusmasin PFAFF Smarter 260C\"},{\"@type\":\"BreadcrumbList\",\"@id\":\"https:\/\/reginett.ee\/toode\/omblusmasin-pfaff-smarter-260c-2\/#breadcrumb\",\"itemListElement\":[{\"@type\":\"ListItem\",\"position\":1,\"name\":\"Home\",\"item\":\"https:\/\/reginett.ee\/ru\/\"},{\"@type\":\"ListItem\",\"position\":2,\"name\":\"Tooted\",\"item\":\"https:\/\/reginett.ee\/tooted\/\"},{\"@type\":\"ListItem\",\"position\":3,\"name\":\"\u00d5mblusmasin PFAFF Smarter 260C\"}]},{\"@type\":\"WebSite\",\"@id\":\"https:\/\/reginett.ee\/#website\",\"url\":\"https:\/\/reginett.ee\/\",\"name\":\"Reginett\",\"description\":\"Parimad robotniidukid\",\"potentialAction\":[{\"@type\":\"SearchAction\",\"target\":{\"@type\":\"EntryPoint\",\"urlTemplate\":\"https:\/\/reginett.ee\/?s={search_term_string}\"},\"query-input\":{\"@type\":\"PropertyValueSpecification\",\"valueRequired\":true,\"valueName\":\"search_term_string\"}}],\"inLanguage\":\"ru-RU\"}]}<\/script>\n<!-- \/ Yoast SEO plugin. -->","yoast_head_json":{"title":"\u00d5mblusmasin PFAFF Smarter 260C. Suurep\u00e4rane valik","description":"\u00d5mblusmasin PFAFF Smarter 260C on vastupidav ja mugav \u00f5mblusmasin, millel on 26 \u00f5mbluspistet otse nuppude alt valimisega.","robots":{"index":"index","follow":"follow","max-snippet":"max-snippet:-1","max-image-preview":"max-image-preview:large","max-video-preview":"max-video-preview:-1"},"canonical":"https:\/\/reginett.ee\/toode\/omblusmasin-pfaff-smarter-260c-2\/","og_locale":"ru_RU","og_type":"article","og_title":"\u00d5mblusmasin PFAFF Smarter 260C. Suurep\u00e4rane valik","og_description":"\u00d5mblusmasin PFAFF Smarter 260C on vastupidav ja mugav \u00f5mblusmasin, millel on 26 \u00f5mbluspistet otse nuppude alt valimisega.","og_url":"https:\/\/reginett.ee\/toode\/omblusmasin-pfaff-smarter-260c-2\/","og_site_name":"Reginett","article_modified_time":"2023-11-01T09:43:57+00:00","og_image":[{"width":660,"height":384,"url":"https:\/\/reginett.ee\/wp-content\/uploads\/2023\/08\/Omblusmasin-PFAFF-Smarter-260C.jpg","type":"image\/jpeg"}],"twitter_card":"summary_large_image","twitter_misc":{"\u041f\u0440\u0438\u043c\u0435\u0440\u043d\u043e\u0435 \u0432\u0440\u0435\u043c\u044f \u0434\u043b\u044f \u0447\u0442\u0435\u043d\u0438\u044f":"1 \u043c\u0438\u043d\u0443\u0442\u0430"},"schema":{"@context":"https:\/\/schema.org","@graph":[{"@type":"WebPage","@id":"https:\/\/reginett.ee\/toode\/omblusmasin-pfaff-smarter-260c-2\/","url":"https:\/\/reginett.ee\/toode\/omblusmasin-pfaff-smarter-260c-2\/","name":"\u00d5mblusmasin PFAFF Smarter 260C. Suurep\u00e4rane valik","isPartOf":{"@id":"https:\/\/reginett.ee\/#website"},"primaryImageOfPage":{"@id":"https:\/\/reginett.ee\/toode\/omblusmasin-pfaff-smarter-260c-2\/#primaryimage"},"image":{"@id":"https:\/\/reginett.ee\/toode\/omblusmasin-pfaff-smarter-260c-2\/#primaryimage"},"thumbnailUrl":"https:\/\/reginett.ee\/wp-content\/uploads\/2023\/08\/Omblusmasin-PFAFF-Smarter-260C.jpg","datePublished":"2023-08-17T14:31:08+00:00","dateModified":"2023-11-01T09:43:57+00:00","description":"\u00d5mblusmasin PFAFF Smarter 260C on vastupidav ja mugav \u00f5mblusmasin, millel on 26 \u00f5mbluspistet otse nuppude alt valimisega.","breadcrumb":{"@id":"https:\/\/reginett.ee\/toode\/omblusmasin-pfaff-smarter-260c-2\/#breadcrumb"},"inLanguage":"ru-RU","potentialAction":[{"@type":"ReadAction","target":["https:\/\/reginett.ee\/toode\/omblusmasin-pfaff-smarter-260c-2\/"]}]},{"@type":"ImageObject","inLanguage":"ru-RU","@id":"https:\/\/reginett.ee\/toode\/omblusmasin-pfaff-smarter-260c-2\/#primaryimage","url":"https:\/\/reginett.ee\/wp-content\/uploads\/2023\/08\/Omblusmasin-PFAFF-Smarter-260C.jpg","contentUrl":"https:\/\/reginett.ee\/wp-content\/uploads\/2023\/08\/Omblusmasin-PFAFF-Smarter-260C.jpg","width":660,"height":384,"caption":"\u00d5mblusmasin PFAFF Smarter 260C"},{"@type":"BreadcrumbList","@id":"https:\/\/reginett.ee\/toode\/omblusmasin-pfaff-smarter-260c-2\/#breadcrumb","itemListElement":[{"@type":"ListItem","position":1,"name":"Home","item":"https:\/\/reginett.ee\/ru\/"},{"@type":"ListItem","position":2,"name":"Tooted","item":"https:\/\/reginett.ee\/tooted\/"},{"@type":"ListItem","position":3,"name":"\u00d5mblusmasin PFAFF Smarter 260C"}]},{"@type":"WebSite","@id":"https:\/\/reginett.ee\/#website","url":"https:\/\/reginett.ee\/","name":"Reginett","description":"Parimad robotniidukid","potentialAction":[{"@type":"SearchAction","target":{"@type":"EntryPoint","urlTemplate":"https:\/\/reginett.ee\/?s={search_term_string}"},"query-input":{"@type":"PropertyValueSpecification","valueRequired":true,"valueName":"search_term_string"}}],"inLanguage":"ru-RU"}]}},"brands":[{"id":543,"name":"PFAFF","slug":"pfaff"}],"_links":{"self":[{"href":"https:\/\/reginett.ee\/ru\/wp-json\/wp\/v2\/product\/60078","targetHints":{"allow":["GET"]}}],"collection":[{"href":"https:\/\/reginett.ee\/ru\/wp-json\/wp\/v2\/product"}],"about":[{"href":"https:\/\/reginett.ee\/ru\/wp-json\/wp\/v2\/types\/product"}],"replies":[{"embeddable":true,"href":"https:\/\/reginett.ee\/ru\/wp-json\/wp\/v2\/comments?post=60078"}],"wp:featuredmedia":[{"embeddable":true,"href":"https:\/\/reginett.ee\/ru\/wp-json\/wp\/v2\/media\/60079"}],"wp:attachment":[{"href":"https:\/\/reginett.ee\/ru\/wp-json\/wp\/v2\/media?parent=60078"}],"wp:term":[{"taxonomy":"pwb-brand","embeddable":true,"href":"https:\/\/reginett.ee\/ru\/wp-json\/wp\/v2\/pwb-brand?post=60078"},{"taxonomy":"product_brand","embeddable":true,"href":"https:\/\/reginett.ee\/ru\/wp-json\/wp\/v2\/product_brand?post=60078"},{"taxonomy":"product_cat","embeddable":true,"href":"https:\/\/reginett.ee\/ru\/wp-json\/wp\/v2\/product_cat?post=60078"},{"taxonomy":"product_tag","embeddable":true,"href":"https:\/\/reginett.ee\/ru\/wp-json\/wp\/v2\/product_tag?post=60078"}],"curies":[{"name":"wp","href":"https:\/\/api.w.org\/{rel}","templated":true}]}}