{"id":59966,"date":"2025-12-17T12:13:28","date_gmt":"2025-12-17T09:13:28","guid":{"rendered":"https:\/\/reginett.ee\/?post_type=product&#038;p=59966"},"modified":"2025-12-17T16:58:53","modified_gmt":"2025-12-17T13:58:53","slug":"akuga-kettsaag-husqvarna-225i","status":"publish","type":"product","link":"https:\/\/reginett.ee\/ru\/toode\/akuga-kettsaag-husqvarna-225i\/","title":{"rendered":"Akuga kettsaag Husqvarna 225i"},"content":{"rendered":"<p><strong>Akusaag Husqvarna 225i<\/strong> on ideaalne akutoitega kettsaag k\u00fcttepuude l\u00f5ikamiseks, pakkudes suurt l\u00f5ikev\u00f5imsust ja v\u00e4hem m\u00fcra v\u00f5rreldes bensiinimootoriga, ilma suitsu ja otseste heitgaasideta.<\/p>\n<p><strong>* Komplektis B140 aku ja C80 laadija!<\/strong><\/p>\n<p>Suurep\u00e4rane kiireks ja lihtsaks okste l\u00f5ikuseks, v\u00e4ikeste puude langetamiseks ja k\u00fcttepuude j\u00e4rkamiseks koduaias.<\/p>\n<p>Kerge ja h\u00e4sti tasakaalustatud kettsaagi on v\u00e4ga lihtne k\u00e4ivitada ja kasutada ning sellel on esmaklassiline disain, hea l\u00f5ikej\u00f5udlus ja suurep\u00e4rane vastupidavus. Varustatud uuendatud digitaalse juhtpaneeliga, inertsketipiduri ja t\u00f6\u00f6riistavaba ketipingutiga.<\/p>\n<h3 class=\"hui-spacing--sm-mt-4-times-8 qDVd74V+99zfGRPQ6w+YDw==\">Harjadeta mootor<\/h3>\n<p class=\"hui-spacing--sm-mt-4-times-4 K2PbruRyOKhyQZiENIYSog==\">Hea kaalu ja v\u00f5imsuse suhe tagab efektiivsema t\u00f6\u00f6, vastupidavuse, madalama m\u00fcrataseme ja pikema toote eluea.<\/p>\n<h3 class=\"hui-spacing--sm-mt-4-times-8 qDVd74V+99zfGRPQ6w+YDw==\">Nutikas akupaigutus<\/h3>\n<p class=\"hui-spacing--sm-mt-4-times-4 K2PbruRyOKhyQZiENIYSog==\">Nutikas l\u00e4bi korpuse asetsev aku v\u00e4hendab mustuse ja niiskuse kogunemist akupessa. T\u00e4nu sellele on ka aku klemmide eluiga pikem. Lisaks jaotab selline lahendus aku raskuse \u00fchtlaselt, mis omakorda parandab masina man\u00f6\u00f6verdusv\u00f5imet. Korpust l\u00e4biv disain pakub ka suurt paindlikkust, kuna v\u00f5imaldab kasutada erineva suurusega akusid.<\/p>\n<h3 class=\"hui-spacing--sm-mt-4-times-8 qDVd74V+99zfGRPQ6w+YDw==\">Ristkasutatav akus\u00fcsteem<\/h3>\n<p class=\"hui-spacing--sm-mt-4-times-4 K2PbruRyOKhyQZiENIYSog==\">Meie akud on v\u00e4lja t\u00f6\u00f6tatud selliselt, et need sobivad k\u00f5ikidele meie akutoodetele, olgu selleks saag*, trimmer, hekil\u00f5iku jne. Lihtsalt aseta aku oma kohale ja alusta t\u00f6\u00f6d. (*akusaag vajab alati BLi20\/BLi200\/BLi300 akut)<\/p>\n<h3 class=\"hui-spacing--sm-mt-4-times-8 qDVd74V+99zfGRPQ6w+YDw==\">Automaatne v\u00e4ljal\u00fclitus<\/h3>\n<p class=\"hui-spacing--sm-mt-4-times-4 K2PbruRyOKhyQZiENIYSog==\">Kui seadet ei kasutata, siis l\u00fclitub see automaatselt 60 sek p\u00e4rast v\u00e4lja. See suurendab turvalisust ning pikendab aku eluiga.<\/p>\n<h3 class=\"hui-spacing--sm-mt-4-times-8 qDVd74V+99zfGRPQ6w+YDw==\">K\u00e4ekaitse<\/h3>\n<p class=\"hui-spacing--sm-mt-4-times-4 K2PbruRyOKhyQZiENIYSog==\">Ketikaitse kuju on selline, et sellest on mugav \u00fcle vaadata, j\u00e4lgida saeplaadi otsa.<\/p>\n","protected":false},"excerpt":{"rendered":"<p><strong>Akusaag Husqvarna 225i<\/strong> on ideaalne akutoitega kettsaag k\u00fcttepuude l\u00f5ikamiseks, pakkudes suurt l\u00f5ikev\u00f5imsust ja v\u00e4hem m\u00fcra v\u00f5rreldes bensiinimootoriga, ilma suitsu ja otseste heitgaasideta.<\/p>\n<p><strong>* Komplektis B140 aku ja C80 laadija!<\/strong><\/p>\n","protected":false},"featured_media":59968,"comment_status":"open","ping_status":"closed","template":"","meta":{"_acf_changed":false,"_et_pb_use_builder":"","_et_pb_old_content":"","_et_gb_content_width":"","inline_featured_image":false},"pwb-brand":[147],"product_brand":[],"product_cat":[48,134,42],"product_tag":[487,70,69],"class_list":{"0":"post-59966","1":"product","2":"type-product","3":"status-publish","4":"has-post-thumbnail","6":"pwb-brand-husqvarna","7":"product_cat-akutooted","8":"product_cat-eripakkumised","9":"product_cat-kettsaed","10":"product_tag-aku-kettsaag","11":"product_tag-akuga-saag","12":"product_tag-akusaag","14":"first","15":"instock","16":"shipping-taxable","17":"purchasable","18":"product-type-simple"},"acf":[],"yoast_head":"<!-- This site is optimized with the Yoast SEO plugin v26.6 - https:\/\/yoast.com\/wordpress\/plugins\/seo\/ -->\n<title>Akuga kettsaag Husqvarna 225i. Parimad akusaed<\/title>\n<meta name=\"description\" content=\"Akusaag Husqvarna 225i on ideaalne akutoitega kettsaag k\u00fcttepuude l\u00f5ikamiseks, pakkudes suurt l\u00f5ikev\u00f5imsust ja v\u00e4hem m\u00fcra v\u00f5rreldes bensiinimootoriga\" \/>\n<meta name=\"robots\" content=\"index, follow, max-snippet:-1, max-image-preview:large, max-video-preview:-1\" \/>\n<link rel=\"canonical\" href=\"https:\/\/reginett.ee\/toode\/akuga-kettsaag-husqvarna-225i\/\" \/>\n<meta property=\"og:locale\" content=\"ru_RU\" \/>\n<meta property=\"og:type\" content=\"article\" \/>\n<meta property=\"og:title\" content=\"Akuga kettsaag Husqvarna 225i. Parimad akusaed\" \/>\n<meta property=\"og:description\" content=\"Akusaag Husqvarna 225i on ideaalne akutoitega kettsaag k\u00fcttepuude l\u00f5ikamiseks, pakkudes suurt l\u00f5ikev\u00f5imsust ja v\u00e4hem m\u00fcra v\u00f5rreldes bensiinimootoriga\" \/>\n<meta property=\"og:url\" content=\"https:\/\/reginett.ee\/toode\/akuga-kettsaag-husqvarna-225i\/\" \/>\n<meta property=\"og:site_name\" content=\"Reginett\" \/>\n<meta property=\"article:modified_time\" content=\"2025-12-17T13:58:53+00:00\" \/>\n<meta property=\"og:image\" content=\"https:\/\/reginett.ee\/wp-content\/uploads\/2023\/07\/Akusaag-Husqvarna-225i.jpg\" \/>\n\t<meta property=\"og:image:width\" content=\"680\" \/>\n\t<meta property=\"og:image:height\" content=\"372\" \/>\n\t<meta property=\"og:image:type\" content=\"image\/jpeg\" \/>\n<meta name=\"twitter:card\" content=\"summary_large_image\" \/>\n<meta name=\"twitter:label1\" content=\"\u041f\u0440\u0438\u043c\u0435\u0440\u043d\u043e\u0435 \u0432\u0440\u0435\u043c\u044f \u0434\u043b\u044f \u0447\u0442\u0435\u043d\u0438\u044f\" \/>\n\t<meta name=\"twitter:data1\" content=\"2 \u043c\u0438\u043d\u0443\u0442\u044b\" \/>\n<script type=\"application\/ld+json\" class=\"yoast-schema-graph\">{\"@context\":\"https:\/\/schema.org\",\"@graph\":[{\"@type\":\"WebPage\",\"@id\":\"https:\/\/reginett.ee\/toode\/akuga-kettsaag-husqvarna-225i\/\",\"url\":\"https:\/\/reginett.ee\/toode\/akuga-kettsaag-husqvarna-225i\/\",\"name\":\"Akuga kettsaag Husqvarna 225i. Parimad akusaed\",\"isPartOf\":{\"@id\":\"https:\/\/reginett.ee\/#website\"},\"primaryImageOfPage\":{\"@id\":\"https:\/\/reginett.ee\/toode\/akuga-kettsaag-husqvarna-225i\/#primaryimage\"},\"image\":{\"@id\":\"https:\/\/reginett.ee\/toode\/akuga-kettsaag-husqvarna-225i\/#primaryimage\"},\"thumbnailUrl\":\"https:\/\/reginett.ee\/wp-content\/uploads\/2023\/07\/Akusaag-Husqvarna-225i.jpg\",\"datePublished\":\"2025-12-17T09:13:28+00:00\",\"dateModified\":\"2025-12-17T13:58:53+00:00\",\"description\":\"Akusaag Husqvarna 225i on ideaalne akutoitega kettsaag k\u00fcttepuude l\u00f5ikamiseks, pakkudes suurt l\u00f5ikev\u00f5imsust ja v\u00e4hem m\u00fcra v\u00f5rreldes bensiinimootoriga\",\"breadcrumb\":{\"@id\":\"https:\/\/reginett.ee\/toode\/akuga-kettsaag-husqvarna-225i\/#breadcrumb\"},\"inLanguage\":\"ru-RU\",\"potentialAction\":[{\"@type\":\"ReadAction\",\"target\":[\"https:\/\/reginett.ee\/toode\/akuga-kettsaag-husqvarna-225i\/\"]}]},{\"@type\":\"ImageObject\",\"inLanguage\":\"ru-RU\",\"@id\":\"https:\/\/reginett.ee\/toode\/akuga-kettsaag-husqvarna-225i\/#primaryimage\",\"url\":\"https:\/\/reginett.ee\/wp-content\/uploads\/2023\/07\/Akusaag-Husqvarna-225i.jpg\",\"contentUrl\":\"https:\/\/reginett.ee\/wp-content\/uploads\/2023\/07\/Akusaag-Husqvarna-225i.jpg\",\"width\":680,\"height\":372,\"caption\":\"Akusaag Husqvarna 225i\"},{\"@type\":\"BreadcrumbList\",\"@id\":\"https:\/\/reginett.ee\/toode\/akuga-kettsaag-husqvarna-225i\/#breadcrumb\",\"itemListElement\":[{\"@type\":\"ListItem\",\"position\":1,\"name\":\"Home\",\"item\":\"https:\/\/reginett.ee\/ru\/\"},{\"@type\":\"ListItem\",\"position\":2,\"name\":\"Tooted\",\"item\":\"https:\/\/reginett.ee\/tooted\/\"},{\"@type\":\"ListItem\",\"position\":3,\"name\":\"Akuga kettsaag Husqvarna 225i\"}]},{\"@type\":\"WebSite\",\"@id\":\"https:\/\/reginett.ee\/#website\",\"url\":\"https:\/\/reginett.ee\/\",\"name\":\"Reginett\",\"description\":\"Parimad robotniidukid\",\"potentialAction\":[{\"@type\":\"SearchAction\",\"target\":{\"@type\":\"EntryPoint\",\"urlTemplate\":\"https:\/\/reginett.ee\/?s={search_term_string}\"},\"query-input\":{\"@type\":\"PropertyValueSpecification\",\"valueRequired\":true,\"valueName\":\"search_term_string\"}}],\"inLanguage\":\"ru-RU\"}]}<\/script>\n<!-- \/ Yoast SEO plugin. -->","yoast_head_json":{"title":"Akuga kettsaag Husqvarna 225i. Parimad akusaed","description":"Akusaag Husqvarna 225i on ideaalne akutoitega kettsaag k\u00fcttepuude l\u00f5ikamiseks, pakkudes suurt l\u00f5ikev\u00f5imsust ja v\u00e4hem m\u00fcra v\u00f5rreldes bensiinimootoriga","robots":{"index":"index","follow":"follow","max-snippet":"max-snippet:-1","max-image-preview":"max-image-preview:large","max-video-preview":"max-video-preview:-1"},"canonical":"https:\/\/reginett.ee\/toode\/akuga-kettsaag-husqvarna-225i\/","og_locale":"ru_RU","og_type":"article","og_title":"Akuga kettsaag Husqvarna 225i. Parimad akusaed","og_description":"Akusaag Husqvarna 225i on ideaalne akutoitega kettsaag k\u00fcttepuude l\u00f5ikamiseks, pakkudes suurt l\u00f5ikev\u00f5imsust ja v\u00e4hem m\u00fcra v\u00f5rreldes bensiinimootoriga","og_url":"https:\/\/reginett.ee\/toode\/akuga-kettsaag-husqvarna-225i\/","og_site_name":"Reginett","article_modified_time":"2025-12-17T13:58:53+00:00","og_image":[{"width":680,"height":372,"url":"https:\/\/reginett.ee\/wp-content\/uploads\/2023\/07\/Akusaag-Husqvarna-225i.jpg","type":"image\/jpeg"}],"twitter_card":"summary_large_image","twitter_misc":{"\u041f\u0440\u0438\u043c\u0435\u0440\u043d\u043e\u0435 \u0432\u0440\u0435\u043c\u044f \u0434\u043b\u044f \u0447\u0442\u0435\u043d\u0438\u044f":"2 \u043c\u0438\u043d\u0443\u0442\u044b"},"schema":{"@context":"https:\/\/schema.org","@graph":[{"@type":"WebPage","@id":"https:\/\/reginett.ee\/toode\/akuga-kettsaag-husqvarna-225i\/","url":"https:\/\/reginett.ee\/toode\/akuga-kettsaag-husqvarna-225i\/","name":"Akuga kettsaag Husqvarna 225i. Parimad akusaed","isPartOf":{"@id":"https:\/\/reginett.ee\/#website"},"primaryImageOfPage":{"@id":"https:\/\/reginett.ee\/toode\/akuga-kettsaag-husqvarna-225i\/#primaryimage"},"image":{"@id":"https:\/\/reginett.ee\/toode\/akuga-kettsaag-husqvarna-225i\/#primaryimage"},"thumbnailUrl":"https:\/\/reginett.ee\/wp-content\/uploads\/2023\/07\/Akusaag-Husqvarna-225i.jpg","datePublished":"2025-12-17T09:13:28+00:00","dateModified":"2025-12-17T13:58:53+00:00","description":"Akusaag Husqvarna 225i on ideaalne akutoitega kettsaag k\u00fcttepuude l\u00f5ikamiseks, pakkudes suurt l\u00f5ikev\u00f5imsust ja v\u00e4hem m\u00fcra v\u00f5rreldes bensiinimootoriga","breadcrumb":{"@id":"https:\/\/reginett.ee\/toode\/akuga-kettsaag-husqvarna-225i\/#breadcrumb"},"inLanguage":"ru-RU","potentialAction":[{"@type":"ReadAction","target":["https:\/\/reginett.ee\/toode\/akuga-kettsaag-husqvarna-225i\/"]}]},{"@type":"ImageObject","inLanguage":"ru-RU","@id":"https:\/\/reginett.ee\/toode\/akuga-kettsaag-husqvarna-225i\/#primaryimage","url":"https:\/\/reginett.ee\/wp-content\/uploads\/2023\/07\/Akusaag-Husqvarna-225i.jpg","contentUrl":"https:\/\/reginett.ee\/wp-content\/uploads\/2023\/07\/Akusaag-Husqvarna-225i.jpg","width":680,"height":372,"caption":"Akusaag Husqvarna 225i"},{"@type":"BreadcrumbList","@id":"https:\/\/reginett.ee\/toode\/akuga-kettsaag-husqvarna-225i\/#breadcrumb","itemListElement":[{"@type":"ListItem","position":1,"name":"Home","item":"https:\/\/reginett.ee\/ru\/"},{"@type":"ListItem","position":2,"name":"Tooted","item":"https:\/\/reginett.ee\/tooted\/"},{"@type":"ListItem","position":3,"name":"Akuga kettsaag Husqvarna 225i"}]},{"@type":"WebSite","@id":"https:\/\/reginett.ee\/#website","url":"https:\/\/reginett.ee\/","name":"Reginett","description":"Parimad robotniidukid","potentialAction":[{"@type":"SearchAction","target":{"@type":"EntryPoint","urlTemplate":"https:\/\/reginett.ee\/?s={search_term_string}"},"query-input":{"@type":"PropertyValueSpecification","valueRequired":true,"valueName":"search_term_string"}}],"inLanguage":"ru-RU"}]}},"brands":[{"id":147,"name":"Husqvarna","slug":"husqvarna"}],"_links":{"self":[{"href":"https:\/\/reginett.ee\/ru\/wp-json\/wp\/v2\/product\/59966","targetHints":{"allow":["GET"]}}],"collection":[{"href":"https:\/\/reginett.ee\/ru\/wp-json\/wp\/v2\/product"}],"about":[{"href":"https:\/\/reginett.ee\/ru\/wp-json\/wp\/v2\/types\/product"}],"replies":[{"embeddable":true,"href":"https:\/\/reginett.ee\/ru\/wp-json\/wp\/v2\/comments?post=59966"}],"wp:featuredmedia":[{"embeddable":true,"href":"https:\/\/reginett.ee\/ru\/wp-json\/wp\/v2\/media\/59968"}],"wp:attachment":[{"href":"https:\/\/reginett.ee\/ru\/wp-json\/wp\/v2\/media?parent=59966"}],"wp:term":[{"taxonomy":"pwb-brand","embeddable":true,"href":"https:\/\/reginett.ee\/ru\/wp-json\/wp\/v2\/pwb-brand?post=59966"},{"taxonomy":"product_brand","embeddable":true,"href":"https:\/\/reginett.ee\/ru\/wp-json\/wp\/v2\/product_brand?post=59966"},{"taxonomy":"product_cat","embeddable":true,"href":"https:\/\/reginett.ee\/ru\/wp-json\/wp\/v2\/product_cat?post=59966"},{"taxonomy":"product_tag","embeddable":true,"href":"https:\/\/reginett.ee\/ru\/wp-json\/wp\/v2\/product_tag?post=59966"}],"curies":[{"name":"wp","href":"https:\/\/api.w.org\/{rel}","templated":true}]}}