{"id":59963,"date":"2023-07-10T11:02:42","date_gmt":"2023-07-10T08:02:42","guid":{"rendered":"https:\/\/reginett.ee\/?post_type=product&#038;p=59963"},"modified":"2024-01-03T13:15:58","modified_gmt":"2024-01-03T10:15:58","slug":"akuga-kettsaag-husqvarna-120i-kopeeri","status":"publish","type":"product","link":"https:\/\/reginett.ee\/ru\/toode\/akuga-kettsaag-husqvarna-120i-kopeeri\/","title":{"rendered":"Akuga kettsaag Husqvarna 120i"},"content":{"rendered":"<p>Husqvarna 120i on kerge ja lihtsalt kasutatav akuga mootorsaag. Ideaalne v\u00e4iksemate puude langetamiseks, p\u00fcgamiseks v\u00f5i okste l\u00f5ikuseks. Kasutajas\u00f5bralik s\u00f5rmistik, ohutu ning mugav k\u00e4ivitamine-seiskamine, inertsi j\u00f5ul rakenduv ketipidur tagab muretu ohutuma k\u00e4sitsemise. Harjadeta mootor, \u00f6konoomsusre\u017eiim savE \u2122 tagab pikema t\u00f6\u00f6aja ilma vahepealse laadimiseta, otsesed heitmed puuduvad. Madal m\u00fcratase v\u00f5imaldab t\u00f6\u00f6tada elurajoonides naabreid h\u00e4irimata.<\/p>\n<p><strong>Komplektis aku ja laadija!<\/strong><\/p>\n<h3>savE\u2122<\/h3>\n<p>Valige savE\u2122 maksimaalse t\u00f6\u00f6aja saavutamiseks<\/p>\n<h3>Harjadeta mootor<\/h3>\n<p>Hea kaalu ja v\u00f5imsuse suhe tagab efektiivsema t\u00f6\u00f6, vastupidavuse, madalama m\u00fcrataseme ja pikema toote eluea.<\/p>\n<h3>T\u00f6\u00f6riistavaba ketipingutus<\/h3>\n<p>Kiire ja lihtne keti t\u00f6\u00f6riistavaba pingutamine ja vahetamine.<\/p>\n<h3>T\u00e4itepaagi kork<\/h3>\n<p>T\u00e4itepaaki on lihtsam avada.<\/p>\n<h3>\u00dcks aku sobib k\u00f5igile<\/h3>\n<p>Meie akud on v\u00e4lja t\u00f6\u00f6tatud selliselt, et need sobivad k\u00f5ikidele meie akutoodetele, olgu selleks saag*, trimmer, hekil\u00f5iku jne. Lihtsalt aseta aku oma kohale ja alusta t\u00f6\u00f6d. (*akusaag vajab alati BLi20\/BLi200\/BLi300 akut)<\/p>\n","protected":false},"excerpt":{"rendered":"<p>Husqvarna 120i on kerge ja lihtsalt kasutatav akuga mootorsaag. Ideaalne v\u00e4iksemate puude langetamiseks, p\u00fcgamiseks v\u00f5i okste l\u00f5ikuseks. Kasutajas\u00f5bralik s\u00f5rmistik, ohutu ning mugav k\u00e4ivitamine-seiskamine, inertsi j\u00f5ul rakenduv ketipidur tagab muretu ohutuma k\u00e4sitsemise.<\/p>\n","protected":false},"featured_media":52799,"comment_status":"open","ping_status":"closed","template":"","meta":{"_acf_changed":false,"_et_pb_use_builder":"","_et_pb_old_content":"","_et_gb_content_width":"","inline_featured_image":false},"pwb-brand":[147],"product_brand":[],"product_cat":[48,134,37,42],"product_tag":[71,70,69],"class_list":{"0":"post-59963","1":"product","2":"type-product","3":"status-publish","4":"has-post-thumbnail","6":"pwb-brand-husqvarna","7":"product_cat-akutooted","8":"product_cat-eripakkumised","9":"product_cat-husqvarna","10":"product_cat-kettsaed","11":"product_tag-akuga-kettsaag","12":"product_tag-akuga-saag","13":"product_tag-akusaag","15":"first","16":"instock","17":"shipping-taxable","18":"purchasable","19":"product-type-simple"},"acf":[],"yoast_head":"<!-- This site is optimized with the Yoast SEO plugin v26.6 - https:\/\/yoast.com\/wordpress\/plugins\/seo\/ -->\n<title>Akuga kettsaag Husqvarna 120i. Parimad akusaed Reginetist<\/title>\n<meta name=\"description\" content=\"Husqvarna 120i on kerge ja lihtsalt kasutatav akuga mootorsaag. Ideaalne v\u00e4iksemate puude langetamiseks, p\u00fcgamiseks v\u00f5i okste l\u00f5ikuseks\" \/>\n<meta name=\"robots\" content=\"index, follow, max-snippet:-1, max-image-preview:large, max-video-preview:-1\" \/>\n<link rel=\"canonical\" href=\"https:\/\/reginett.ee\/toode\/akuga-kettsaag-husqvarna-120i-kopeeri\/\" \/>\n<meta property=\"og:locale\" content=\"ru_RU\" \/>\n<meta property=\"og:type\" content=\"article\" \/>\n<meta property=\"og:title\" content=\"Akuga kettsaag Husqvarna 120i. Parimad akusaed Reginetist\" \/>\n<meta property=\"og:description\" content=\"Husqvarna 120i on kerge ja lihtsalt kasutatav akuga mootorsaag. Ideaalne v\u00e4iksemate puude langetamiseks, p\u00fcgamiseks v\u00f5i okste l\u00f5ikuseks\" \/>\n<meta property=\"og:url\" content=\"https:\/\/reginett.ee\/toode\/akuga-kettsaag-husqvarna-120i-kopeeri\/\" \/>\n<meta property=\"og:site_name\" content=\"Reginett\" \/>\n<meta property=\"article:modified_time\" content=\"2024-01-03T10:15:58+00:00\" \/>\n<meta property=\"og:image\" content=\"https:\/\/reginett.ee\/wp-content\/uploads\/2020\/03\/Husqvarna-120i.jpg\" \/>\n\t<meta property=\"og:image:width\" content=\"680\" \/>\n\t<meta property=\"og:image:height\" content=\"372\" \/>\n\t<meta property=\"og:image:type\" content=\"image\/jpeg\" \/>\n<meta name=\"twitter:card\" content=\"summary_large_image\" \/>\n<meta name=\"twitter:label1\" content=\"\u041f\u0440\u0438\u043c\u0435\u0440\u043d\u043e\u0435 \u0432\u0440\u0435\u043c\u044f \u0434\u043b\u044f \u0447\u0442\u0435\u043d\u0438\u044f\" \/>\n\t<meta name=\"twitter:data1\" content=\"1 \u043c\u0438\u043d\u0443\u0442\u0430\" \/>\n<script type=\"application\/ld+json\" class=\"yoast-schema-graph\">{\"@context\":\"https:\/\/schema.org\",\"@graph\":[{\"@type\":\"WebPage\",\"@id\":\"https:\/\/reginett.ee\/toode\/akuga-kettsaag-husqvarna-120i-kopeeri\/\",\"url\":\"https:\/\/reginett.ee\/toode\/akuga-kettsaag-husqvarna-120i-kopeeri\/\",\"name\":\"Akuga kettsaag Husqvarna 120i. Parimad akusaed Reginetist\",\"isPartOf\":{\"@id\":\"https:\/\/reginett.ee\/#website\"},\"primaryImageOfPage\":{\"@id\":\"https:\/\/reginett.ee\/toode\/akuga-kettsaag-husqvarna-120i-kopeeri\/#primaryimage\"},\"image\":{\"@id\":\"https:\/\/reginett.ee\/toode\/akuga-kettsaag-husqvarna-120i-kopeeri\/#primaryimage\"},\"thumbnailUrl\":\"https:\/\/reginett.ee\/wp-content\/uploads\/2020\/03\/Husqvarna-120i.jpg\",\"datePublished\":\"2023-07-10T08:02:42+00:00\",\"dateModified\":\"2024-01-03T10:15:58+00:00\",\"description\":\"Husqvarna 120i on kerge ja lihtsalt kasutatav akuga mootorsaag. Ideaalne v\u00e4iksemate puude langetamiseks, p\u00fcgamiseks v\u00f5i okste l\u00f5ikuseks\",\"breadcrumb\":{\"@id\":\"https:\/\/reginett.ee\/toode\/akuga-kettsaag-husqvarna-120i-kopeeri\/#breadcrumb\"},\"inLanguage\":\"ru-RU\",\"potentialAction\":[{\"@type\":\"ReadAction\",\"target\":[\"https:\/\/reginett.ee\/toode\/akuga-kettsaag-husqvarna-120i-kopeeri\/\"]}]},{\"@type\":\"ImageObject\",\"inLanguage\":\"ru-RU\",\"@id\":\"https:\/\/reginett.ee\/toode\/akuga-kettsaag-husqvarna-120i-kopeeri\/#primaryimage\",\"url\":\"https:\/\/reginett.ee\/wp-content\/uploads\/2020\/03\/Husqvarna-120i.jpg\",\"contentUrl\":\"https:\/\/reginett.ee\/wp-content\/uploads\/2020\/03\/Husqvarna-120i.jpg\",\"width\":680,\"height\":372,\"caption\":\"Husqvarna 120i\"},{\"@type\":\"BreadcrumbList\",\"@id\":\"https:\/\/reginett.ee\/toode\/akuga-kettsaag-husqvarna-120i-kopeeri\/#breadcrumb\",\"itemListElement\":[{\"@type\":\"ListItem\",\"position\":1,\"name\":\"Home\",\"item\":\"https:\/\/reginett.ee\/ru\/\"},{\"@type\":\"ListItem\",\"position\":2,\"name\":\"Tooted\",\"item\":\"https:\/\/reginett.ee\/tooted\/\"},{\"@type\":\"ListItem\",\"position\":3,\"name\":\"Akuga kettsaag Husqvarna 120i\"}]},{\"@type\":\"WebSite\",\"@id\":\"https:\/\/reginett.ee\/#website\",\"url\":\"https:\/\/reginett.ee\/\",\"name\":\"Reginett\",\"description\":\"Parimad robotniidukid\",\"potentialAction\":[{\"@type\":\"SearchAction\",\"target\":{\"@type\":\"EntryPoint\",\"urlTemplate\":\"https:\/\/reginett.ee\/?s={search_term_string}\"},\"query-input\":{\"@type\":\"PropertyValueSpecification\",\"valueRequired\":true,\"valueName\":\"search_term_string\"}}],\"inLanguage\":\"ru-RU\"}]}<\/script>\n<!-- \/ Yoast SEO plugin. -->","yoast_head_json":{"title":"Akuga kettsaag Husqvarna 120i. Parimad akusaed Reginetist","description":"Husqvarna 120i on kerge ja lihtsalt kasutatav akuga mootorsaag. Ideaalne v\u00e4iksemate puude langetamiseks, p\u00fcgamiseks v\u00f5i okste l\u00f5ikuseks","robots":{"index":"index","follow":"follow","max-snippet":"max-snippet:-1","max-image-preview":"max-image-preview:large","max-video-preview":"max-video-preview:-1"},"canonical":"https:\/\/reginett.ee\/toode\/akuga-kettsaag-husqvarna-120i-kopeeri\/","og_locale":"ru_RU","og_type":"article","og_title":"Akuga kettsaag Husqvarna 120i. Parimad akusaed Reginetist","og_description":"Husqvarna 120i on kerge ja lihtsalt kasutatav akuga mootorsaag. Ideaalne v\u00e4iksemate puude langetamiseks, p\u00fcgamiseks v\u00f5i okste l\u00f5ikuseks","og_url":"https:\/\/reginett.ee\/toode\/akuga-kettsaag-husqvarna-120i-kopeeri\/","og_site_name":"Reginett","article_modified_time":"2024-01-03T10:15:58+00:00","og_image":[{"width":680,"height":372,"url":"https:\/\/reginett.ee\/wp-content\/uploads\/2020\/03\/Husqvarna-120i.jpg","type":"image\/jpeg"}],"twitter_card":"summary_large_image","twitter_misc":{"\u041f\u0440\u0438\u043c\u0435\u0440\u043d\u043e\u0435 \u0432\u0440\u0435\u043c\u044f \u0434\u043b\u044f \u0447\u0442\u0435\u043d\u0438\u044f":"1 \u043c\u0438\u043d\u0443\u0442\u0430"},"schema":{"@context":"https:\/\/schema.org","@graph":[{"@type":"WebPage","@id":"https:\/\/reginett.ee\/toode\/akuga-kettsaag-husqvarna-120i-kopeeri\/","url":"https:\/\/reginett.ee\/toode\/akuga-kettsaag-husqvarna-120i-kopeeri\/","name":"Akuga kettsaag Husqvarna 120i. Parimad akusaed Reginetist","isPartOf":{"@id":"https:\/\/reginett.ee\/#website"},"primaryImageOfPage":{"@id":"https:\/\/reginett.ee\/toode\/akuga-kettsaag-husqvarna-120i-kopeeri\/#primaryimage"},"image":{"@id":"https:\/\/reginett.ee\/toode\/akuga-kettsaag-husqvarna-120i-kopeeri\/#primaryimage"},"thumbnailUrl":"https:\/\/reginett.ee\/wp-content\/uploads\/2020\/03\/Husqvarna-120i.jpg","datePublished":"2023-07-10T08:02:42+00:00","dateModified":"2024-01-03T10:15:58+00:00","description":"Husqvarna 120i on kerge ja lihtsalt kasutatav akuga mootorsaag. Ideaalne v\u00e4iksemate puude langetamiseks, p\u00fcgamiseks v\u00f5i okste l\u00f5ikuseks","breadcrumb":{"@id":"https:\/\/reginett.ee\/toode\/akuga-kettsaag-husqvarna-120i-kopeeri\/#breadcrumb"},"inLanguage":"ru-RU","potentialAction":[{"@type":"ReadAction","target":["https:\/\/reginett.ee\/toode\/akuga-kettsaag-husqvarna-120i-kopeeri\/"]}]},{"@type":"ImageObject","inLanguage":"ru-RU","@id":"https:\/\/reginett.ee\/toode\/akuga-kettsaag-husqvarna-120i-kopeeri\/#primaryimage","url":"https:\/\/reginett.ee\/wp-content\/uploads\/2020\/03\/Husqvarna-120i.jpg","contentUrl":"https:\/\/reginett.ee\/wp-content\/uploads\/2020\/03\/Husqvarna-120i.jpg","width":680,"height":372,"caption":"Husqvarna 120i"},{"@type":"BreadcrumbList","@id":"https:\/\/reginett.ee\/toode\/akuga-kettsaag-husqvarna-120i-kopeeri\/#breadcrumb","itemListElement":[{"@type":"ListItem","position":1,"name":"Home","item":"https:\/\/reginett.ee\/ru\/"},{"@type":"ListItem","position":2,"name":"Tooted","item":"https:\/\/reginett.ee\/tooted\/"},{"@type":"ListItem","position":3,"name":"Akuga kettsaag Husqvarna 120i"}]},{"@type":"WebSite","@id":"https:\/\/reginett.ee\/#website","url":"https:\/\/reginett.ee\/","name":"Reginett","description":"Parimad robotniidukid","potentialAction":[{"@type":"SearchAction","target":{"@type":"EntryPoint","urlTemplate":"https:\/\/reginett.ee\/?s={search_term_string}"},"query-input":{"@type":"PropertyValueSpecification","valueRequired":true,"valueName":"search_term_string"}}],"inLanguage":"ru-RU"}]}},"brands":[{"id":147,"name":"Husqvarna","slug":"husqvarna"}],"_links":{"self":[{"href":"https:\/\/reginett.ee\/ru\/wp-json\/wp\/v2\/product\/59963","targetHints":{"allow":["GET"]}}],"collection":[{"href":"https:\/\/reginett.ee\/ru\/wp-json\/wp\/v2\/product"}],"about":[{"href":"https:\/\/reginett.ee\/ru\/wp-json\/wp\/v2\/types\/product"}],"replies":[{"embeddable":true,"href":"https:\/\/reginett.ee\/ru\/wp-json\/wp\/v2\/comments?post=59963"}],"wp:featuredmedia":[{"embeddable":true,"href":"https:\/\/reginett.ee\/ru\/wp-json\/wp\/v2\/media\/52799"}],"wp:attachment":[{"href":"https:\/\/reginett.ee\/ru\/wp-json\/wp\/v2\/media?parent=59963"}],"wp:term":[{"taxonomy":"pwb-brand","embeddable":true,"href":"https:\/\/reginett.ee\/ru\/wp-json\/wp\/v2\/pwb-brand?post=59963"},{"taxonomy":"product_brand","embeddable":true,"href":"https:\/\/reginett.ee\/ru\/wp-json\/wp\/v2\/product_brand?post=59963"},{"taxonomy":"product_cat","embeddable":true,"href":"https:\/\/reginett.ee\/ru\/wp-json\/wp\/v2\/product_cat?post=59963"},{"taxonomy":"product_tag","embeddable":true,"href":"https:\/\/reginett.ee\/ru\/wp-json\/wp\/v2\/product_tag?post=59963"}],"curies":[{"name":"wp","href":"https:\/\/api.w.org\/{rel}","templated":true}]}}