{"id":59946,"date":"2023-07-05T15:48:04","date_gmt":"2023-07-05T12:48:04","guid":{"rendered":"https:\/\/reginett.ee\/?post_type=product&#038;p=59946"},"modified":"2023-07-05T15:52:10","modified_gmt":"2023-07-05T12:52:10","slug":"kaasaskantav-akuvalgusti-ego-lt1000e-56v","status":"publish","type":"product","link":"https:\/\/reginett.ee\/ru\/toode\/kaasaskantav-akuvalgusti-ego-lt1000e-56v\/","title":{"rendered":"Kaasaskantav akuvalgusti EGO LT1000E 56v"},"content":{"rendered":"<p><strong>Uudsel EGO kaasaskantaval akuvalgustil on 5 erinevat v\u00f5imsusastet, USB-pesa ja kokkuklapitavad valguspaneelid, mille abil saate pakkida valgusti kokku eriti kompaktseks.<\/strong><\/p>\n<p>* aku ja laadija ei kuulu komplekti!<\/p>\n<p>T\u00f6\u00f6ajad 5 Ah akuga:<\/p>\n<ul>\n<li>1. tase: 600 lm, 36 h<\/li>\n<li>2. tase: 1 600 lm, 16 h<\/li>\n<li>3. tase: 3 200 lm, 8 h<\/li>\n<li>4. tase: 4 800 lm, 5 h<\/li>\n<li>5. tase: 6 400 lm, 4 h<\/li>\n<li>V\u00f5imendus: 10 000 lm, 3 h* (BOOST)<\/li>\n<\/ul>\n<p>*Valgusti valgustab 10 000 lm \u00fcmbritseva keskkonna<br \/>\ntemperatuuril 25\u00b0C umbes 1 tunni ja t\u00f6\u00f6tab veel 2 tundi<br \/>\neredustasemel 5. Jahedamas keskkonnas on \u201cBOOST\u201d re\u017eiimil (10 000 lm)<br \/>\nt\u00f6\u00f6aeg pikem, kuid v\u00e4ga kuumas keskkonnas on \u201cBOOST\u201d<br \/>\nre\u017eiimil (10 000 lm) t\u00f6\u00f6aeg l\u00fchem<\/p>\n","protected":false},"excerpt":{"rendered":"<p><strong>Uudsel EGO kaasaskantaval akuvalgustil on 5 erinevat v\u00f5imsusastet, USB-pesa ja kokkuklapitavad valguspaneelid, mille abil saate pakkida valgusti kokku eriti kompaktseks.<\/strong><\/p>\n<p>* aku ja laadija ei kuulu komplekti!<\/p>\n","protected":false},"featured_media":59947,"comment_status":"open","ping_status":"closed","template":"","meta":{"_acf_changed":false,"_et_pb_use_builder":"","_et_pb_old_content":"","_et_gb_content_width":"","inline_featured_image":false},"pwb-brand":[486],"product_brand":[],"product_cat":[48,153,134,27],"product_tag":[539,538],"class_list":{"0":"post-59946","1":"product","2":"type-product","3":"status-publish","4":"has-post-thumbnail","6":"pwb-brand-ego","7":"product_cat-akutooted","8":"product_cat-ego","9":"product_cat-eripakkumised","10":"product_cat-tooriistad-ja-tarvikud","11":"product_tag-akuvalgusti","12":"product_tag-valgusti","14":"first","15":"instock","16":"sale","17":"shipping-taxable","18":"purchasable","19":"product-type-simple"},"acf":[],"yoast_head":"<!-- This site is optimized with the Yoast SEO plugin v26.6 - https:\/\/yoast.com\/wordpress\/plugins\/seo\/ -->\n<title>K - Reginett K<\/title>\n<meta name=\"robots\" content=\"index, follow, max-snippet:-1, max-image-preview:large, max-video-preview:-1\" \/>\n<link rel=\"canonical\" href=\"https:\/\/reginett.ee\/toode\/kaasaskantav-akuvalgusti-ego-lt1000e-56v\/\" \/>\n<meta property=\"og:locale\" content=\"ru_RU\" \/>\n<meta property=\"og:type\" content=\"article\" \/>\n<meta property=\"og:title\" content=\"K - Reginett K\" \/>\n<meta property=\"og:description\" content=\"Uudsel EGO kaasaskantaval akuvalgustil on 5 erinevat v\u00f5imsusastet, USB-pesa ja kokkuklapitavad valguspaneelid, mille abil saate pakkida valgusti kokku eriti kompaktseks.  * aku ja laadija ei kuulu komplekti!\" \/>\n<meta property=\"og:url\" content=\"https:\/\/reginett.ee\/toode\/kaasaskantav-akuvalgusti-ego-lt1000e-56v\/\" \/>\n<meta property=\"og:site_name\" content=\"Reginett\" \/>\n<meta property=\"article:modified_time\" content=\"2023-07-05T12:52:10+00:00\" \/>\n<meta property=\"og:image\" content=\"https:\/\/reginett.ee\/wp-content\/uploads\/2023\/07\/Kaasaskantav-akuvalgusti-EGO-LT1000E.jpg\" \/>\n\t<meta property=\"og:image:width\" content=\"680\" \/>\n\t<meta property=\"og:image:height\" content=\"372\" \/>\n\t<meta property=\"og:image:type\" content=\"image\/jpeg\" \/>\n<meta name=\"twitter:card\" content=\"summary_large_image\" \/>\n<meta name=\"twitter:label1\" content=\"\u041f\u0440\u0438\u043c\u0435\u0440\u043d\u043e\u0435 \u0432\u0440\u0435\u043c\u044f \u0434\u043b\u044f \u0447\u0442\u0435\u043d\u0438\u044f\" \/>\n\t<meta name=\"twitter:data1\" content=\"1 \u043c\u0438\u043d\u0443\u0442\u0430\" \/>\n<script type=\"application\/ld+json\" class=\"yoast-schema-graph\">{\"@context\":\"https:\/\/schema.org\",\"@graph\":[{\"@type\":\"WebPage\",\"@id\":\"https:\/\/reginett.ee\/toode\/kaasaskantav-akuvalgusti-ego-lt1000e-56v\/\",\"url\":\"https:\/\/reginett.ee\/toode\/kaasaskantav-akuvalgusti-ego-lt1000e-56v\/\",\"name\":\"K - Reginett K\",\"isPartOf\":{\"@id\":\"https:\/\/reginett.ee\/#website\"},\"primaryImageOfPage\":{\"@id\":\"https:\/\/reginett.ee\/toode\/kaasaskantav-akuvalgusti-ego-lt1000e-56v\/#primaryimage\"},\"image\":{\"@id\":\"https:\/\/reginett.ee\/toode\/kaasaskantav-akuvalgusti-ego-lt1000e-56v\/#primaryimage\"},\"thumbnailUrl\":\"https:\/\/reginett.ee\/wp-content\/uploads\/2023\/07\/Kaasaskantav-akuvalgusti-EGO-LT1000E.jpg\",\"datePublished\":\"2023-07-05T12:48:04+00:00\",\"dateModified\":\"2023-07-05T12:52:10+00:00\",\"breadcrumb\":{\"@id\":\"https:\/\/reginett.ee\/toode\/kaasaskantav-akuvalgusti-ego-lt1000e-56v\/#breadcrumb\"},\"inLanguage\":\"ru-RU\",\"potentialAction\":[{\"@type\":\"ReadAction\",\"target\":[\"https:\/\/reginett.ee\/toode\/kaasaskantav-akuvalgusti-ego-lt1000e-56v\/\"]}]},{\"@type\":\"ImageObject\",\"inLanguage\":\"ru-RU\",\"@id\":\"https:\/\/reginett.ee\/toode\/kaasaskantav-akuvalgusti-ego-lt1000e-56v\/#primaryimage\",\"url\":\"https:\/\/reginett.ee\/wp-content\/uploads\/2023\/07\/Kaasaskantav-akuvalgusti-EGO-LT1000E.jpg\",\"contentUrl\":\"https:\/\/reginett.ee\/wp-content\/uploads\/2023\/07\/Kaasaskantav-akuvalgusti-EGO-LT1000E.jpg\",\"width\":680,\"height\":372,\"caption\":\"valgusti EGO\"},{\"@type\":\"BreadcrumbList\",\"@id\":\"https:\/\/reginett.ee\/toode\/kaasaskantav-akuvalgusti-ego-lt1000e-56v\/#breadcrumb\",\"itemListElement\":[{\"@type\":\"ListItem\",\"position\":1,\"name\":\"Home\",\"item\":\"https:\/\/reginett.ee\/ru\/\"},{\"@type\":\"ListItem\",\"position\":2,\"name\":\"Tooted\",\"item\":\"https:\/\/reginett.ee\/tooted\/\"},{\"@type\":\"ListItem\",\"position\":3,\"name\":\"Kaasaskantav akuvalgusti EGO LT1000E 56v\"}]},{\"@type\":\"WebSite\",\"@id\":\"https:\/\/reginett.ee\/#website\",\"url\":\"https:\/\/reginett.ee\/\",\"name\":\"Reginett\",\"description\":\"Parimad robotniidukid\",\"potentialAction\":[{\"@type\":\"SearchAction\",\"target\":{\"@type\":\"EntryPoint\",\"urlTemplate\":\"https:\/\/reginett.ee\/?s={search_term_string}\"},\"query-input\":{\"@type\":\"PropertyValueSpecification\",\"valueRequired\":true,\"valueName\":\"search_term_string\"}}],\"inLanguage\":\"ru-RU\"}]}<\/script>\n<!-- \/ Yoast SEO plugin. -->","yoast_head_json":{"title":"K - Reginett K","robots":{"index":"index","follow":"follow","max-snippet":"max-snippet:-1","max-image-preview":"max-image-preview:large","max-video-preview":"max-video-preview:-1"},"canonical":"https:\/\/reginett.ee\/toode\/kaasaskantav-akuvalgusti-ego-lt1000e-56v\/","og_locale":"ru_RU","og_type":"article","og_title":"K - Reginett K","og_description":"Uudsel EGO kaasaskantaval akuvalgustil on 5 erinevat v\u00f5imsusastet, USB-pesa ja kokkuklapitavad valguspaneelid, mille abil saate pakkida valgusti kokku eriti kompaktseks.  * aku ja laadija ei kuulu komplekti!","og_url":"https:\/\/reginett.ee\/toode\/kaasaskantav-akuvalgusti-ego-lt1000e-56v\/","og_site_name":"Reginett","article_modified_time":"2023-07-05T12:52:10+00:00","og_image":[{"width":680,"height":372,"url":"https:\/\/reginett.ee\/wp-content\/uploads\/2023\/07\/Kaasaskantav-akuvalgusti-EGO-LT1000E.jpg","type":"image\/jpeg"}],"twitter_card":"summary_large_image","twitter_misc":{"\u041f\u0440\u0438\u043c\u0435\u0440\u043d\u043e\u0435 \u0432\u0440\u0435\u043c\u044f \u0434\u043b\u044f \u0447\u0442\u0435\u043d\u0438\u044f":"1 \u043c\u0438\u043d\u0443\u0442\u0430"},"schema":{"@context":"https:\/\/schema.org","@graph":[{"@type":"WebPage","@id":"https:\/\/reginett.ee\/toode\/kaasaskantav-akuvalgusti-ego-lt1000e-56v\/","url":"https:\/\/reginett.ee\/toode\/kaasaskantav-akuvalgusti-ego-lt1000e-56v\/","name":"K - Reginett K","isPartOf":{"@id":"https:\/\/reginett.ee\/#website"},"primaryImageOfPage":{"@id":"https:\/\/reginett.ee\/toode\/kaasaskantav-akuvalgusti-ego-lt1000e-56v\/#primaryimage"},"image":{"@id":"https:\/\/reginett.ee\/toode\/kaasaskantav-akuvalgusti-ego-lt1000e-56v\/#primaryimage"},"thumbnailUrl":"https:\/\/reginett.ee\/wp-content\/uploads\/2023\/07\/Kaasaskantav-akuvalgusti-EGO-LT1000E.jpg","datePublished":"2023-07-05T12:48:04+00:00","dateModified":"2023-07-05T12:52:10+00:00","breadcrumb":{"@id":"https:\/\/reginett.ee\/toode\/kaasaskantav-akuvalgusti-ego-lt1000e-56v\/#breadcrumb"},"inLanguage":"ru-RU","potentialAction":[{"@type":"ReadAction","target":["https:\/\/reginett.ee\/toode\/kaasaskantav-akuvalgusti-ego-lt1000e-56v\/"]}]},{"@type":"ImageObject","inLanguage":"ru-RU","@id":"https:\/\/reginett.ee\/toode\/kaasaskantav-akuvalgusti-ego-lt1000e-56v\/#primaryimage","url":"https:\/\/reginett.ee\/wp-content\/uploads\/2023\/07\/Kaasaskantav-akuvalgusti-EGO-LT1000E.jpg","contentUrl":"https:\/\/reginett.ee\/wp-content\/uploads\/2023\/07\/Kaasaskantav-akuvalgusti-EGO-LT1000E.jpg","width":680,"height":372,"caption":"valgusti EGO"},{"@type":"BreadcrumbList","@id":"https:\/\/reginett.ee\/toode\/kaasaskantav-akuvalgusti-ego-lt1000e-56v\/#breadcrumb","itemListElement":[{"@type":"ListItem","position":1,"name":"Home","item":"https:\/\/reginett.ee\/ru\/"},{"@type":"ListItem","position":2,"name":"Tooted","item":"https:\/\/reginett.ee\/tooted\/"},{"@type":"ListItem","position":3,"name":"Kaasaskantav akuvalgusti EGO LT1000E 56v"}]},{"@type":"WebSite","@id":"https:\/\/reginett.ee\/#website","url":"https:\/\/reginett.ee\/","name":"Reginett","description":"Parimad robotniidukid","potentialAction":[{"@type":"SearchAction","target":{"@type":"EntryPoint","urlTemplate":"https:\/\/reginett.ee\/?s={search_term_string}"},"query-input":{"@type":"PropertyValueSpecification","valueRequired":true,"valueName":"search_term_string"}}],"inLanguage":"ru-RU"}]}},"brands":[{"id":486,"name":"EGO","slug":"ego"}],"_links":{"self":[{"href":"https:\/\/reginett.ee\/ru\/wp-json\/wp\/v2\/product\/59946","targetHints":{"allow":["GET"]}}],"collection":[{"href":"https:\/\/reginett.ee\/ru\/wp-json\/wp\/v2\/product"}],"about":[{"href":"https:\/\/reginett.ee\/ru\/wp-json\/wp\/v2\/types\/product"}],"replies":[{"embeddable":true,"href":"https:\/\/reginett.ee\/ru\/wp-json\/wp\/v2\/comments?post=59946"}],"wp:featuredmedia":[{"embeddable":true,"href":"https:\/\/reginett.ee\/ru\/wp-json\/wp\/v2\/media\/59947"}],"wp:attachment":[{"href":"https:\/\/reginett.ee\/ru\/wp-json\/wp\/v2\/media?parent=59946"}],"wp:term":[{"taxonomy":"pwb-brand","embeddable":true,"href":"https:\/\/reginett.ee\/ru\/wp-json\/wp\/v2\/pwb-brand?post=59946"},{"taxonomy":"product_brand","embeddable":true,"href":"https:\/\/reginett.ee\/ru\/wp-json\/wp\/v2\/product_brand?post=59946"},{"taxonomy":"product_cat","embeddable":true,"href":"https:\/\/reginett.ee\/ru\/wp-json\/wp\/v2\/product_cat?post=59946"},{"taxonomy":"product_tag","embeddable":true,"href":"https:\/\/reginett.ee\/ru\/wp-json\/wp\/v2\/product_tag?post=59946"}],"curies":[{"name":"wp","href":"https:\/\/api.w.org\/{rel}","templated":true}]}}