{"id":59841,"date":"2026-03-19T16:24:25","date_gmt":"2026-03-19T13:24:25","guid":{"rendered":"https:\/\/reginett.ee\/?post_type=product&#038;p=59841"},"modified":"2026-03-20T16:41:17","modified_gmt":"2026-03-20T13:41:17","slug":"survepesur-husqvarna-pw240","status":"publish","type":"product","link":"https:\/\/reginett.ee\/ru\/toode\/survepesur-husqvarna-pw240\/","title":{"rendered":"Survepesur Husqvarna PW240"},"content":{"rendered":"<p><strong>Husqvarna PW240<\/strong> on elektriline survepesur puhastust\u00f6\u00f6deks v\u00e4ljas. Ergonoomiline ja lihtsalt kasutatav t\u00e4nu \u00fclimalt paindlikule voolikule, k\u00e4epideme k\u00f5rgusele ja heale stabiilsusele.<\/p>\n<p>Survepesuri voolikupool koos voolikujuhikuga v\u00f5imaldab mugavat ja kompaktset hoiustust ning mitmed nutikad funktsioonid v\u00f5imaldavad lihtsat t\u00f6\u00f6 alustamist ja kasutamist. Sobib suurep\u00e4raselt kodusteks puhastust\u00f6\u00f6deks.<\/p>\n<h3 class=\"hui-spacing--sm-mt-4-times-8 qDVd74V+99zfGRPQ6w+YDw==\">Metallist pump<\/h3>\n<p class=\"hui-spacing--sm-mt-4-times-4 K2PbruRyOKhyQZiENIYSog==\">Purunemisohu v\u00e4hendamiseks ja toote t\u00f6\u00f6ea pikendamiseks on pump valmistatud metallist.<\/p>\n<h3 class=\"hui-spacing--sm-mt-4-times-8 qDVd74V+99zfGRPQ6w+YDw==\">Kandesang<\/h3>\n<p class=\"hui-spacing--sm-mt-4-times-4 K2PbruRyOKhyQZiENIYSog==\">Tugev ja mugav kandesang muudab masina teisaldamise ja transportimise eriti mugavaks.<\/p>\n<h3 class=\"hui-spacing--sm-mt-4-times-8 qDVd74V+99zfGRPQ6w+YDw==\">Kaheosaline p\u00fcstoli ja pihustivarre hoidik<\/h3>\n<p class=\"hui-spacing--sm-mt-4-times-4 K2PbruRyOKhyQZiENIYSog==\">Kergesti ligip\u00e4\u00e4setavad hoidikud pakuvad masinal kompaktset hoiuruumi p\u00fcstolile ja pihustivarrele.<\/p>\n<h3 class=\"hui-spacing--sm-mt-4-times-8 qDVd74V+99zfGRPQ6w+YDw==\">Flat Jet pihustusotsik<\/h3>\n<p class=\"hui-spacing--sm-mt-4-times-4 K2PbruRyOKhyQZiENIYSog==\">Reguleeritav mitmeotstarbeline pihustusotsik annab teile suurema valiku, kus ja kuidas seda erinevaid puhastustoiminguid tehes kasutada.<\/p>\n<h3 class=\"hui-spacing--sm-mt-4-times-8 qDVd74V+99zfGRPQ6w+YDw==\">Seadme k\u00fcljes hoiustamine<\/h3>\n<p class=\"hui-spacing--sm-mt-4-times-4 K2PbruRyOKhyQZiENIYSog==\">K\u00f5iki komplektis olevaid tarvikuid saab seadmel kenasti hoiustada, et oleks mugavam ja k\u00e4ep\u00e4rasem v\u00f5tta.<\/p>\n<h3 class=\"hui-spacing--sm-mt-4-times-8 qDVd74V+99zfGRPQ6w+YDw==\">Kaks p\u00f6\u00f6rdosa ja kiir\u00fchendus<\/h3>\n<p class=\"hui-spacing--sm-mt-4-times-4 K2PbruRyOKhyQZiENIYSog==\">T\u00f5husa ja mugava kasutamise huvides on pihustusvarrel kaks p\u00f6\u00f6rdosa ning kiir\u00fchendused vooliku, otsikute ja tarvikute kinnitamiseks.<\/p>\n<p>&nbsp;<\/p>\n<p>&nbsp;<\/p>\n","protected":false},"excerpt":{"rendered":"<p><strong>Husqvarna PW240<\/strong> on elektriline survepesur puhastust\u00f6\u00f6deks v\u00e4ljas. Ergonoomiline ja lihtsalt kasutatav t\u00e4nu \u00fclimalt paindlikule voolikule, k\u00e4epideme k\u00f5rgusele ja heale stabiilsusele.<\/p>\n","protected":false},"featured_media":59842,"comment_status":"open","ping_status":"closed","template":"","meta":{"_acf_changed":false,"_et_pb_use_builder":"","_et_pb_old_content":"","_et_gb_content_width":"","inline_featured_image":false},"pwb-brand":[147],"product_brand":[],"product_cat":[134,37,28],"product_tag":[],"class_list":{"0":"post-59841","1":"product","2":"type-product","3":"status-publish","4":"has-post-thumbnail","6":"pwb-brand-husqvarna","7":"product_cat-eripakkumised","8":"product_cat-husqvarna","9":"product_cat-puhastustehnika","10":"product_shipping_class-rasked-asjad","12":"first","13":"instock","14":"sale","15":"shipping-taxable","16":"purchasable","17":"product-type-simple"},"acf":[],"yoast_head":"<!-- This site is optimized with the Yoast SEO plugin v26.6 - https:\/\/yoast.com\/wordpress\/plugins\/seo\/ -->\n<title>Survepesur Husqvarna PW240. Vastupidav survepesur<\/title>\n<meta name=\"description\" content=\"Husqvarna PW240 on elektriline survepesur puhastust\u00f6\u00f6deks v\u00e4ljas. Ergonoomiline ja lihtsalt kasutatav t\u00e4nu \u00fclimalt paindlikule voolikule, k\u00e4epideme.\" \/>\n<meta name=\"robots\" content=\"index, follow, max-snippet:-1, max-image-preview:large, max-video-preview:-1\" \/>\n<link rel=\"canonical\" href=\"https:\/\/reginett.ee\/toode\/survepesur-husqvarna-pw240\/\" \/>\n<meta property=\"og:locale\" content=\"ru_RU\" \/>\n<meta property=\"og:type\" content=\"article\" \/>\n<meta property=\"og:title\" content=\"Survepesur Husqvarna PW240. Vastupidav survepesur\" \/>\n<meta property=\"og:description\" content=\"Husqvarna PW240 on elektriline survepesur puhastust\u00f6\u00f6deks v\u00e4ljas. Ergonoomiline ja lihtsalt kasutatav t\u00e4nu \u00fclimalt paindlikule voolikule, k\u00e4epideme.\" \/>\n<meta property=\"og:url\" content=\"https:\/\/reginett.ee\/toode\/survepesur-husqvarna-pw240\/\" \/>\n<meta property=\"og:site_name\" content=\"Reginett\" \/>\n<meta property=\"article:modified_time\" content=\"2026-03-20T13:41:17+00:00\" \/>\n<meta property=\"og:image\" content=\"https:\/\/reginett.ee\/wp-content\/uploads\/2023\/05\/Survepesur-Husqvarna-PW240.webp\" \/>\n\t<meta property=\"og:image:width\" content=\"680\" \/>\n\t<meta property=\"og:image:height\" content=\"372\" \/>\n\t<meta property=\"og:image:type\" content=\"image\/webp\" \/>\n<meta name=\"twitter:card\" content=\"summary_large_image\" \/>\n<meta name=\"twitter:label1\" content=\"\u041f\u0440\u0438\u043c\u0435\u0440\u043d\u043e\u0435 \u0432\u0440\u0435\u043c\u044f \u0434\u043b\u044f \u0447\u0442\u0435\u043d\u0438\u044f\" \/>\n\t<meta name=\"twitter:data1\" content=\"1 \u043c\u0438\u043d\u0443\u0442\u0430\" \/>\n<script type=\"application\/ld+json\" class=\"yoast-schema-graph\">{\"@context\":\"https:\/\/schema.org\",\"@graph\":[{\"@type\":\"WebPage\",\"@id\":\"https:\/\/reginett.ee\/toode\/survepesur-husqvarna-pw240\/\",\"url\":\"https:\/\/reginett.ee\/toode\/survepesur-husqvarna-pw240\/\",\"name\":\"Survepesur Husqvarna PW240. Vastupidav survepesur\",\"isPartOf\":{\"@id\":\"https:\/\/reginett.ee\/#website\"},\"primaryImageOfPage\":{\"@id\":\"https:\/\/reginett.ee\/toode\/survepesur-husqvarna-pw240\/#primaryimage\"},\"image\":{\"@id\":\"https:\/\/reginett.ee\/toode\/survepesur-husqvarna-pw240\/#primaryimage\"},\"thumbnailUrl\":\"https:\/\/reginett.ee\/wp-content\/uploads\/2023\/05\/Survepesur-Husqvarna-PW240.webp\",\"datePublished\":\"2026-03-19T13:24:25+00:00\",\"dateModified\":\"2026-03-20T13:41:17+00:00\",\"description\":\"Husqvarna PW240 on elektriline survepesur puhastust\u00f6\u00f6deks v\u00e4ljas. Ergonoomiline ja lihtsalt kasutatav t\u00e4nu \u00fclimalt paindlikule voolikule, k\u00e4epideme.\",\"breadcrumb\":{\"@id\":\"https:\/\/reginett.ee\/toode\/survepesur-husqvarna-pw240\/#breadcrumb\"},\"inLanguage\":\"ru-RU\",\"potentialAction\":[{\"@type\":\"ReadAction\",\"target\":[\"https:\/\/reginett.ee\/toode\/survepesur-husqvarna-pw240\/\"]}]},{\"@type\":\"ImageObject\",\"inLanguage\":\"ru-RU\",\"@id\":\"https:\/\/reginett.ee\/toode\/survepesur-husqvarna-pw240\/#primaryimage\",\"url\":\"https:\/\/reginett.ee\/wp-content\/uploads\/2023\/05\/Survepesur-Husqvarna-PW240.webp\",\"contentUrl\":\"https:\/\/reginett.ee\/wp-content\/uploads\/2023\/05\/Survepesur-Husqvarna-PW240.webp\",\"width\":680,\"height\":372,\"caption\":\"Survepesur Husqvarna PW240\"},{\"@type\":\"BreadcrumbList\",\"@id\":\"https:\/\/reginett.ee\/toode\/survepesur-husqvarna-pw240\/#breadcrumb\",\"itemListElement\":[{\"@type\":\"ListItem\",\"position\":1,\"name\":\"Home\",\"item\":\"https:\/\/reginett.ee\/ru\/\"},{\"@type\":\"ListItem\",\"position\":2,\"name\":\"Tooted\",\"item\":\"https:\/\/reginett.ee\/tooted\/\"},{\"@type\":\"ListItem\",\"position\":3,\"name\":\"Survepesur Husqvarna PW240\"}]},{\"@type\":\"WebSite\",\"@id\":\"https:\/\/reginett.ee\/#website\",\"url\":\"https:\/\/reginett.ee\/\",\"name\":\"Reginett\",\"description\":\"Parimad robotniidukid\",\"potentialAction\":[{\"@type\":\"SearchAction\",\"target\":{\"@type\":\"EntryPoint\",\"urlTemplate\":\"https:\/\/reginett.ee\/?s={search_term_string}\"},\"query-input\":{\"@type\":\"PropertyValueSpecification\",\"valueRequired\":true,\"valueName\":\"search_term_string\"}}],\"inLanguage\":\"ru-RU\"}]}<\/script>\n<!-- \/ Yoast SEO plugin. -->","yoast_head_json":{"title":"Survepesur Husqvarna PW240. Vastupidav survepesur","description":"Husqvarna PW240 on elektriline survepesur puhastust\u00f6\u00f6deks v\u00e4ljas. Ergonoomiline ja lihtsalt kasutatav t\u00e4nu \u00fclimalt paindlikule voolikule, k\u00e4epideme.","robots":{"index":"index","follow":"follow","max-snippet":"max-snippet:-1","max-image-preview":"max-image-preview:large","max-video-preview":"max-video-preview:-1"},"canonical":"https:\/\/reginett.ee\/toode\/survepesur-husqvarna-pw240\/","og_locale":"ru_RU","og_type":"article","og_title":"Survepesur Husqvarna PW240. Vastupidav survepesur","og_description":"Husqvarna PW240 on elektriline survepesur puhastust\u00f6\u00f6deks v\u00e4ljas. Ergonoomiline ja lihtsalt kasutatav t\u00e4nu \u00fclimalt paindlikule voolikule, k\u00e4epideme.","og_url":"https:\/\/reginett.ee\/toode\/survepesur-husqvarna-pw240\/","og_site_name":"Reginett","article_modified_time":"2026-03-20T13:41:17+00:00","og_image":[{"width":680,"height":372,"url":"https:\/\/reginett.ee\/wp-content\/uploads\/2023\/05\/Survepesur-Husqvarna-PW240.webp","type":"image\/webp"}],"twitter_card":"summary_large_image","twitter_misc":{"\u041f\u0440\u0438\u043c\u0435\u0440\u043d\u043e\u0435 \u0432\u0440\u0435\u043c\u044f \u0434\u043b\u044f \u0447\u0442\u0435\u043d\u0438\u044f":"1 \u043c\u0438\u043d\u0443\u0442\u0430"},"schema":{"@context":"https:\/\/schema.org","@graph":[{"@type":"WebPage","@id":"https:\/\/reginett.ee\/toode\/survepesur-husqvarna-pw240\/","url":"https:\/\/reginett.ee\/toode\/survepesur-husqvarna-pw240\/","name":"Survepesur Husqvarna PW240. Vastupidav survepesur","isPartOf":{"@id":"https:\/\/reginett.ee\/#website"},"primaryImageOfPage":{"@id":"https:\/\/reginett.ee\/toode\/survepesur-husqvarna-pw240\/#primaryimage"},"image":{"@id":"https:\/\/reginett.ee\/toode\/survepesur-husqvarna-pw240\/#primaryimage"},"thumbnailUrl":"https:\/\/reginett.ee\/wp-content\/uploads\/2023\/05\/Survepesur-Husqvarna-PW240.webp","datePublished":"2026-03-19T13:24:25+00:00","dateModified":"2026-03-20T13:41:17+00:00","description":"Husqvarna PW240 on elektriline survepesur puhastust\u00f6\u00f6deks v\u00e4ljas. Ergonoomiline ja lihtsalt kasutatav t\u00e4nu \u00fclimalt paindlikule voolikule, k\u00e4epideme.","breadcrumb":{"@id":"https:\/\/reginett.ee\/toode\/survepesur-husqvarna-pw240\/#breadcrumb"},"inLanguage":"ru-RU","potentialAction":[{"@type":"ReadAction","target":["https:\/\/reginett.ee\/toode\/survepesur-husqvarna-pw240\/"]}]},{"@type":"ImageObject","inLanguage":"ru-RU","@id":"https:\/\/reginett.ee\/toode\/survepesur-husqvarna-pw240\/#primaryimage","url":"https:\/\/reginett.ee\/wp-content\/uploads\/2023\/05\/Survepesur-Husqvarna-PW240.webp","contentUrl":"https:\/\/reginett.ee\/wp-content\/uploads\/2023\/05\/Survepesur-Husqvarna-PW240.webp","width":680,"height":372,"caption":"Survepesur Husqvarna PW240"},{"@type":"BreadcrumbList","@id":"https:\/\/reginett.ee\/toode\/survepesur-husqvarna-pw240\/#breadcrumb","itemListElement":[{"@type":"ListItem","position":1,"name":"Home","item":"https:\/\/reginett.ee\/ru\/"},{"@type":"ListItem","position":2,"name":"Tooted","item":"https:\/\/reginett.ee\/tooted\/"},{"@type":"ListItem","position":3,"name":"Survepesur Husqvarna PW240"}]},{"@type":"WebSite","@id":"https:\/\/reginett.ee\/#website","url":"https:\/\/reginett.ee\/","name":"Reginett","description":"Parimad robotniidukid","potentialAction":[{"@type":"SearchAction","target":{"@type":"EntryPoint","urlTemplate":"https:\/\/reginett.ee\/?s={search_term_string}"},"query-input":{"@type":"PropertyValueSpecification","valueRequired":true,"valueName":"search_term_string"}}],"inLanguage":"ru-RU"}]}},"brands":[{"id":147,"name":"Husqvarna","slug":"husqvarna"}],"_links":{"self":[{"href":"https:\/\/reginett.ee\/ru\/wp-json\/wp\/v2\/product\/59841","targetHints":{"allow":["GET"]}}],"collection":[{"href":"https:\/\/reginett.ee\/ru\/wp-json\/wp\/v2\/product"}],"about":[{"href":"https:\/\/reginett.ee\/ru\/wp-json\/wp\/v2\/types\/product"}],"replies":[{"embeddable":true,"href":"https:\/\/reginett.ee\/ru\/wp-json\/wp\/v2\/comments?post=59841"}],"wp:featuredmedia":[{"embeddable":true,"href":"https:\/\/reginett.ee\/ru\/wp-json\/wp\/v2\/media\/59842"}],"wp:attachment":[{"href":"https:\/\/reginett.ee\/ru\/wp-json\/wp\/v2\/media?parent=59841"}],"wp:term":[{"taxonomy":"pwb-brand","embeddable":true,"href":"https:\/\/reginett.ee\/ru\/wp-json\/wp\/v2\/pwb-brand?post=59841"},{"taxonomy":"product_brand","embeddable":true,"href":"https:\/\/reginett.ee\/ru\/wp-json\/wp\/v2\/product_brand?post=59841"},{"taxonomy":"product_cat","embeddable":true,"href":"https:\/\/reginett.ee\/ru\/wp-json\/wp\/v2\/product_cat?post=59841"},{"taxonomy":"product_tag","embeddable":true,"href":"https:\/\/reginett.ee\/ru\/wp-json\/wp\/v2\/product_tag?post=59841"}],"curies":[{"name":"wp","href":"https:\/\/api.w.org\/{rel}","templated":true}]}}