{"id":59833,"date":"2026-04-14T13:01:17","date_gmt":"2026-04-14T10:01:17","guid":{"rendered":"https:\/\/reginett.ee\/?post_type=product&#038;p=59833"},"modified":"2026-04-15T09:58:56","modified_gmt":"2026-04-15T06:58:56","slug":"rohuloikur-husqvarna-525rx-mark-ii-uus","status":"publish","type":"product","link":"https:\/\/reginett.ee\/ru\/toode\/rohuloikur-husqvarna-525rx-mark-ii-uus\/","title":{"rendered":"Rohul\u00f5ikur Husqvarna 525RX Mark II"},"content":{"rendered":"<p><strong>Husqvarna 525RX Mark II<\/strong> on uus v\u00f5imas ja kerge 25 cm3 bensiinimootoriga rohul\u00f5ikur professionaalseks kasutamiseks. Varustatud suure k\u00fctusepaagiga pikemaks t\u00f6\u00f6ajaks. See vastupidav ja h\u00e4sti tasakaalustatud rohul\u00f5ikur on m\u00f5eldud sagedaseks kasutamiseks.<\/p>\n<p>Suur l\u00f5ikelaius suurendab rohul\u00f5ikuri tootlikkust. Lisavarustusena saadaval oleva sensori abil saab h\u00f5lpsasti \u00fchendada Husqvarna FleetServicesiga.<\/p>\n<p>Kaasas kanderihmad Balance 35, trimmeripea ja 4-hambaline rohutera.<\/p>\n<h3 class=\"hui-spacing--sm-mt-4-times-8 qDVd74V+99zfGRPQ6w+YDw==\">Professionaalseks kasutamiseks<\/h3>\n<p class=\"hui-spacing--sm-mt-4-times-4 K2PbruRyOKhyQZiENIYSog==\">K\u00f5rgeimate standardite kohaselt testitud kvaliteetsed materjalid ja t\u00f5estatud komponendid pakuvad suurt vastupidavust ja madalamaid hoolduskulusid.<\/p>\n<h3 class=\"hui-spacing--sm-mt-4-times-8 qDVd74V+99zfGRPQ6w+YDw==\">X-Torq\u00ae mootor<\/h3>\n<p class=\"hui-spacing--sm-mt-4-times-4 K2PbruRyOKhyQZiENIYSog==\">X-Torq\u00ae mootor v\u00e4hendab tavamootoritega v\u00f5rreldes kahjulike heitmete hulka kuni 75% ja on kuni 20% k\u00fctuses\u00e4\u00e4stlikum.<\/p>\n<h3 class=\"hui-spacing--sm-mt-4-times-8 qDVd74V+99zfGRPQ6w+YDw==\">Rohul\u00f5ikuri reduktor<\/h3>\n<p class=\"hui-spacing--sm-mt-4-times-4 K2PbruRyOKhyQZiENIYSog==\">Reduktor on konstrueeritud spetsiaalselt k\u00f5rgele p\u00f6\u00f6rdemomendile. 35-kraadine nurk\u00fclekanne teeb t\u00f6\u00f6tamise eriti t\u00f5husaks.<\/p>\n<h3 class=\"hui-spacing--sm-mt-4-times-8 qDVd74V+99zfGRPQ6w+YDw==\">Tap &#8216;n Go<\/h3>\n<p class=\"hui-spacing--sm-mt-4-times-4 K2PbruRyOKhyQZiENIYSog==\">Kahe j\u00f5hviga, kiirelt laetav ja vastupidav Tap &#8216;n Go trimmipea.<\/p>\n<h3 class=\"hui-spacing--sm-mt-4-times-8 qDVd74V+99zfGRPQ6w+YDw==\">\u00dchenduvuse valmidus<\/h3>\n<p class=\"hui-spacing--sm-mt-4-times-4 K2PbruRyOKhyQZiENIYSog==\">Spetsiaalne asukoht Husqvarna sensorile, mis v\u00f5imaldab h\u00f5lpsasti \u00fchendada digitaalteenustega, nagu Husqvarna FleetServices.<\/p>\n<h3 class=\"hui-spacing--sm-mt-4-times-8 qDVd74V+99zfGRPQ6w+YDw==\">Integreeritud teenindusport<\/h3>\n<p class=\"hui-spacing--sm-mt-4-times-4 K2PbruRyOKhyQZiENIYSog==\">Integreeritud teenindusport pakub paremat veatuvastust t\u00e4nu h\u00f5lpsale \u00fchendamisele Husqvarna Service Hub-iga.<\/p>\n<h3 class=\"hui-spacing--sm-mt-4-times-8 qDVd74V+99zfGRPQ6w+YDw==\">K\u00f5rge k\u00e4epide<\/h3>\n<p class=\"hui-spacing--sm-mt-4-times-4 K2PbruRyOKhyQZiENIYSog==\">K\u00f5rge parandab liikumisvabadust kallakutel t\u00f6\u00f6tades.<\/p>\n","protected":false},"excerpt":{"rendered":"<p><strong>Husqvarna 525RX Mark II<\/strong> on uus v\u00f5imas ja kerge 25 cm3 bensiinimootoriga rohul\u00f5ikur professionaalseks kasutamiseks. Varustatud suure k\u00fctusepaagiga pikemaks t\u00f6\u00f6ajaks. See vastupidav ja h\u00e4sti tasakaalustatud rohul\u00f5ikur on m\u00f5eldud sagedaseks kasutamiseks.<\/p>\n","protected":false},"featured_media":59834,"comment_status":"open","ping_status":"closed","template":"","meta":{"_acf_changed":false,"_et_pb_use_builder":"","_et_pb_old_content":"","_et_gb_content_width":"","inline_featured_image":false},"pwb-brand":[147],"product_brand":[],"product_cat":[134,37,54],"product_tag":[96],"class_list":{"0":"post-59833","1":"product","2":"type-product","3":"status-publish","4":"has-post-thumbnail","6":"pwb-brand-husqvarna","7":"product_cat-eripakkumised","8":"product_cat-husqvarna","9":"product_cat-trimmerid-ja-vosaloikurid","10":"product_tag-rohuloikur","11":"product_shipping_class-soodsam-kuller-15-eur","13":"first","14":"instock","15":"sale","16":"shipping-taxable","17":"purchasable","18":"product-type-simple"},"acf":[],"yoast_head":"<!-- This site is optimized with the Yoast SEO plugin v26.6 - https:\/\/yoast.com\/wordpress\/plugins\/seo\/ -->\n<title>Rohul\u00f5ikur Husqvarna 525RX Mark II. Parimad rohul\u00f5ikurid<\/title>\n<meta name=\"description\" content=\"Husqvarna 525RX Mark II on uus v\u00f5imas ja kerge 25 cm3 bensiinimootoriga rohul\u00f5ikur professionaalseks kasutamiseks. Varustatud suure k\u00fctusepaagiga\" \/>\n<meta name=\"robots\" content=\"index, follow, max-snippet:-1, max-image-preview:large, max-video-preview:-1\" \/>\n<link rel=\"canonical\" href=\"https:\/\/reginett.ee\/toode\/rohuloikur-husqvarna-525rx-mark-ii-uus\/\" \/>\n<meta property=\"og:locale\" content=\"ru_RU\" \/>\n<meta property=\"og:type\" content=\"article\" \/>\n<meta property=\"og:title\" content=\"Rohul\u00f5ikur Husqvarna 525RX Mark II. Parimad rohul\u00f5ikurid\" \/>\n<meta property=\"og:description\" content=\"Husqvarna 525RX Mark II on uus v\u00f5imas ja kerge 25 cm3 bensiinimootoriga rohul\u00f5ikur professionaalseks kasutamiseks. Varustatud suure k\u00fctusepaagiga\" \/>\n<meta property=\"og:url\" content=\"https:\/\/reginett.ee\/toode\/rohuloikur-husqvarna-525rx-mark-ii-uus\/\" \/>\n<meta property=\"og:site_name\" content=\"Reginett\" \/>\n<meta property=\"article:modified_time\" content=\"2026-04-15T06:58:56+00:00\" \/>\n<meta property=\"og:image\" content=\"https:\/\/reginett.ee\/wp-content\/uploads\/2023\/05\/Rohuloikur-Husqvarna-525RX-Mark-II.webp\" \/>\n\t<meta property=\"og:image:width\" content=\"680\" \/>\n\t<meta property=\"og:image:height\" content=\"372\" \/>\n\t<meta property=\"og:image:type\" content=\"image\/webp\" \/>\n<meta name=\"twitter:card\" content=\"summary_large_image\" \/>\n<meta name=\"twitter:label1\" content=\"\u041f\u0440\u0438\u043c\u0435\u0440\u043d\u043e\u0435 \u0432\u0440\u0435\u043c\u044f \u0434\u043b\u044f \u0447\u0442\u0435\u043d\u0438\u044f\" \/>\n\t<meta name=\"twitter:data1\" content=\"1 \u043c\u0438\u043d\u0443\u0442\u0430\" \/>\n<script type=\"application\/ld+json\" class=\"yoast-schema-graph\">{\"@context\":\"https:\/\/schema.org\",\"@graph\":[{\"@type\":\"WebPage\",\"@id\":\"https:\/\/reginett.ee\/toode\/rohuloikur-husqvarna-525rx-mark-ii-uus\/\",\"url\":\"https:\/\/reginett.ee\/toode\/rohuloikur-husqvarna-525rx-mark-ii-uus\/\",\"name\":\"Rohul\u00f5ikur Husqvarna 525RX Mark II. Parimad rohul\u00f5ikurid\",\"isPartOf\":{\"@id\":\"https:\/\/reginett.ee\/#website\"},\"primaryImageOfPage\":{\"@id\":\"https:\/\/reginett.ee\/toode\/rohuloikur-husqvarna-525rx-mark-ii-uus\/#primaryimage\"},\"image\":{\"@id\":\"https:\/\/reginett.ee\/toode\/rohuloikur-husqvarna-525rx-mark-ii-uus\/#primaryimage\"},\"thumbnailUrl\":\"https:\/\/reginett.ee\/wp-content\/uploads\/2023\/05\/Rohuloikur-Husqvarna-525RX-Mark-II.webp\",\"datePublished\":\"2026-04-14T10:01:17+00:00\",\"dateModified\":\"2026-04-15T06:58:56+00:00\",\"description\":\"Husqvarna 525RX Mark II on uus v\u00f5imas ja kerge 25 cm3 bensiinimootoriga rohul\u00f5ikur professionaalseks kasutamiseks. Varustatud suure k\u00fctusepaagiga\",\"breadcrumb\":{\"@id\":\"https:\/\/reginett.ee\/toode\/rohuloikur-husqvarna-525rx-mark-ii-uus\/#breadcrumb\"},\"inLanguage\":\"ru-RU\",\"potentialAction\":[{\"@type\":\"ReadAction\",\"target\":[\"https:\/\/reginett.ee\/toode\/rohuloikur-husqvarna-525rx-mark-ii-uus\/\"]}]},{\"@type\":\"ImageObject\",\"inLanguage\":\"ru-RU\",\"@id\":\"https:\/\/reginett.ee\/toode\/rohuloikur-husqvarna-525rx-mark-ii-uus\/#primaryimage\",\"url\":\"https:\/\/reginett.ee\/wp-content\/uploads\/2023\/05\/Rohuloikur-Husqvarna-525RX-Mark-II.webp\",\"contentUrl\":\"https:\/\/reginett.ee\/wp-content\/uploads\/2023\/05\/Rohuloikur-Husqvarna-525RX-Mark-II.webp\",\"width\":680,\"height\":372,\"caption\":\"Rohul\u00f5ikur Huqvarna 525RX Mark II\"},{\"@type\":\"BreadcrumbList\",\"@id\":\"https:\/\/reginett.ee\/toode\/rohuloikur-husqvarna-525rx-mark-ii-uus\/#breadcrumb\",\"itemListElement\":[{\"@type\":\"ListItem\",\"position\":1,\"name\":\"Home\",\"item\":\"https:\/\/reginett.ee\/ru\/\"},{\"@type\":\"ListItem\",\"position\":2,\"name\":\"Tooted\",\"item\":\"https:\/\/reginett.ee\/tooted\/\"},{\"@type\":\"ListItem\",\"position\":3,\"name\":\"Rohul\u00f5ikur Husqvarna 525RX Mark II\"}]},{\"@type\":\"WebSite\",\"@id\":\"https:\/\/reginett.ee\/#website\",\"url\":\"https:\/\/reginett.ee\/\",\"name\":\"Reginett\",\"description\":\"Parimad robotniidukid\",\"potentialAction\":[{\"@type\":\"SearchAction\",\"target\":{\"@type\":\"EntryPoint\",\"urlTemplate\":\"https:\/\/reginett.ee\/?s={search_term_string}\"},\"query-input\":{\"@type\":\"PropertyValueSpecification\",\"valueRequired\":true,\"valueName\":\"search_term_string\"}}],\"inLanguage\":\"ru-RU\"}]}<\/script>\n<!-- \/ Yoast SEO plugin. -->","yoast_head_json":{"title":"Rohul\u00f5ikur Husqvarna 525RX Mark II. Parimad rohul\u00f5ikurid","description":"Husqvarna 525RX Mark II on uus v\u00f5imas ja kerge 25 cm3 bensiinimootoriga rohul\u00f5ikur professionaalseks kasutamiseks. Varustatud suure k\u00fctusepaagiga","robots":{"index":"index","follow":"follow","max-snippet":"max-snippet:-1","max-image-preview":"max-image-preview:large","max-video-preview":"max-video-preview:-1"},"canonical":"https:\/\/reginett.ee\/toode\/rohuloikur-husqvarna-525rx-mark-ii-uus\/","og_locale":"ru_RU","og_type":"article","og_title":"Rohul\u00f5ikur Husqvarna 525RX Mark II. Parimad rohul\u00f5ikurid","og_description":"Husqvarna 525RX Mark II on uus v\u00f5imas ja kerge 25 cm3 bensiinimootoriga rohul\u00f5ikur professionaalseks kasutamiseks. Varustatud suure k\u00fctusepaagiga","og_url":"https:\/\/reginett.ee\/toode\/rohuloikur-husqvarna-525rx-mark-ii-uus\/","og_site_name":"Reginett","article_modified_time":"2026-04-15T06:58:56+00:00","og_image":[{"width":680,"height":372,"url":"https:\/\/reginett.ee\/wp-content\/uploads\/2023\/05\/Rohuloikur-Husqvarna-525RX-Mark-II.webp","type":"image\/webp"}],"twitter_card":"summary_large_image","twitter_misc":{"\u041f\u0440\u0438\u043c\u0435\u0440\u043d\u043e\u0435 \u0432\u0440\u0435\u043c\u044f \u0434\u043b\u044f \u0447\u0442\u0435\u043d\u0438\u044f":"1 \u043c\u0438\u043d\u0443\u0442\u0430"},"schema":{"@context":"https:\/\/schema.org","@graph":[{"@type":"WebPage","@id":"https:\/\/reginett.ee\/toode\/rohuloikur-husqvarna-525rx-mark-ii-uus\/","url":"https:\/\/reginett.ee\/toode\/rohuloikur-husqvarna-525rx-mark-ii-uus\/","name":"Rohul\u00f5ikur Husqvarna 525RX Mark II. Parimad rohul\u00f5ikurid","isPartOf":{"@id":"https:\/\/reginett.ee\/#website"},"primaryImageOfPage":{"@id":"https:\/\/reginett.ee\/toode\/rohuloikur-husqvarna-525rx-mark-ii-uus\/#primaryimage"},"image":{"@id":"https:\/\/reginett.ee\/toode\/rohuloikur-husqvarna-525rx-mark-ii-uus\/#primaryimage"},"thumbnailUrl":"https:\/\/reginett.ee\/wp-content\/uploads\/2023\/05\/Rohuloikur-Husqvarna-525RX-Mark-II.webp","datePublished":"2026-04-14T10:01:17+00:00","dateModified":"2026-04-15T06:58:56+00:00","description":"Husqvarna 525RX Mark II on uus v\u00f5imas ja kerge 25 cm3 bensiinimootoriga rohul\u00f5ikur professionaalseks kasutamiseks. Varustatud suure k\u00fctusepaagiga","breadcrumb":{"@id":"https:\/\/reginett.ee\/toode\/rohuloikur-husqvarna-525rx-mark-ii-uus\/#breadcrumb"},"inLanguage":"ru-RU","potentialAction":[{"@type":"ReadAction","target":["https:\/\/reginett.ee\/toode\/rohuloikur-husqvarna-525rx-mark-ii-uus\/"]}]},{"@type":"ImageObject","inLanguage":"ru-RU","@id":"https:\/\/reginett.ee\/toode\/rohuloikur-husqvarna-525rx-mark-ii-uus\/#primaryimage","url":"https:\/\/reginett.ee\/wp-content\/uploads\/2023\/05\/Rohuloikur-Husqvarna-525RX-Mark-II.webp","contentUrl":"https:\/\/reginett.ee\/wp-content\/uploads\/2023\/05\/Rohuloikur-Husqvarna-525RX-Mark-II.webp","width":680,"height":372,"caption":"Rohul\u00f5ikur Huqvarna 525RX Mark II"},{"@type":"BreadcrumbList","@id":"https:\/\/reginett.ee\/toode\/rohuloikur-husqvarna-525rx-mark-ii-uus\/#breadcrumb","itemListElement":[{"@type":"ListItem","position":1,"name":"Home","item":"https:\/\/reginett.ee\/ru\/"},{"@type":"ListItem","position":2,"name":"Tooted","item":"https:\/\/reginett.ee\/tooted\/"},{"@type":"ListItem","position":3,"name":"Rohul\u00f5ikur Husqvarna 525RX Mark II"}]},{"@type":"WebSite","@id":"https:\/\/reginett.ee\/#website","url":"https:\/\/reginett.ee\/","name":"Reginett","description":"Parimad robotniidukid","potentialAction":[{"@type":"SearchAction","target":{"@type":"EntryPoint","urlTemplate":"https:\/\/reginett.ee\/?s={search_term_string}"},"query-input":{"@type":"PropertyValueSpecification","valueRequired":true,"valueName":"search_term_string"}}],"inLanguage":"ru-RU"}]}},"brands":[{"id":147,"name":"Husqvarna","slug":"husqvarna"}],"_links":{"self":[{"href":"https:\/\/reginett.ee\/ru\/wp-json\/wp\/v2\/product\/59833","targetHints":{"allow":["GET"]}}],"collection":[{"href":"https:\/\/reginett.ee\/ru\/wp-json\/wp\/v2\/product"}],"about":[{"href":"https:\/\/reginett.ee\/ru\/wp-json\/wp\/v2\/types\/product"}],"replies":[{"embeddable":true,"href":"https:\/\/reginett.ee\/ru\/wp-json\/wp\/v2\/comments?post=59833"}],"wp:featuredmedia":[{"embeddable":true,"href":"https:\/\/reginett.ee\/ru\/wp-json\/wp\/v2\/media\/59834"}],"wp:attachment":[{"href":"https:\/\/reginett.ee\/ru\/wp-json\/wp\/v2\/media?parent=59833"}],"wp:term":[{"taxonomy":"pwb-brand","embeddable":true,"href":"https:\/\/reginett.ee\/ru\/wp-json\/wp\/v2\/pwb-brand?post=59833"},{"taxonomy":"product_brand","embeddable":true,"href":"https:\/\/reginett.ee\/ru\/wp-json\/wp\/v2\/product_brand?post=59833"},{"taxonomy":"product_cat","embeddable":true,"href":"https:\/\/reginett.ee\/ru\/wp-json\/wp\/v2\/product_cat?post=59833"},{"taxonomy":"product_tag","embeddable":true,"href":"https:\/\/reginett.ee\/ru\/wp-json\/wp\/v2\/product_tag?post=59833"}],"curies":[{"name":"wp","href":"https:\/\/api.w.org\/{rel}","templated":true}]}}