{"id":59764,"date":"2023-05-11T10:56:21","date_gmt":"2023-05-11T07:56:21","guid":{"rendered":"https:\/\/reginett.ee\/?post_type=product&#038;p=59764"},"modified":"2023-05-11T11:00:28","modified_gmt":"2023-05-11T08:00:28","slug":"kaablitester-grimsholm-ms6812","status":"publish","type":"product","link":"https:\/\/reginett.ee\/ru\/toode\/kaablitester-grimsholm-ms6812\/","title":{"rendered":"Kaablitester Grimsholm MS6812"},"content":{"rendered":"<p>Lihtsa, kuid efektiivse <strong>Grimsholm kaablitestri MS6812<\/strong> abil saate kiiresti ja h\u00f5lpsalt robotniiduki paigalduse piirdekaabli vigu otsida. Kui piirdekaabel ei anna piisavalt head signaali, on see probleem robotniiduki jaoks ja vea leidmine pole alati lihtne. Selle k\u00e4ep\u00e4rase kaablikatkestuste otsijaga on aga v\u00f5imalik probleemne koht kiiresti tuvastada.<\/p>\n<p>Patareid ja kott komplektis.<\/p>\n<p><strong>Vaata kindlasti ka kaablitestri tutvustusvideot!<\/strong><\/p>\n","protected":false},"excerpt":{"rendered":"<p>Lihtsa, kuid efektiivse <strong>Grimsholm kaablitestri MS6812<\/strong> abil saate kiiresti ja h\u00f5lpsalt robotniiduki paigalduse piirdekaabli vigu otsida.<\/p>\n","protected":false},"featured_media":59765,"comment_status":"open","ping_status":"closed","template":"","meta":{"_acf_changed":false,"_et_pb_use_builder":"","_et_pb_old_content":"","_et_gb_content_width":"","inline_featured_image":false},"pwb-brand":[],"product_brand":[],"product_cat":[478,134,120,27],"product_tag":[],"class_list":{"0":"post-59764","1":"product","2":"type-product","3":"status-publish","4":"has-post-thumbnail","6":"product_cat-vaba-aeg","7":"product_cat-eripakkumised","8":"product_cat-robotniidukite-lisatarvikud","9":"product_cat-tooriistad-ja-tarvikud","11":"first","12":"instock","13":"sale","14":"shipping-taxable","15":"purchasable","16":"product-type-simple"},"acf":[],"yoast_head":"<!-- This site is optimized with the Yoast SEO plugin v26.6 - https:\/\/yoast.com\/wordpress\/plugins\/seo\/ -->\n<title>Kaablitester Grimsholm MS6812. Kaablikatkestuste otsija<\/title>\n<meta name=\"description\" content=\"Lihtsa, kuid efektiivse Grimsholm kaablitestri MS6812 abil saate kiiresti ja h\u00f5lpsalt robotniiduki paigalduse piirdekaabli vigu otsida.\" \/>\n<meta name=\"robots\" content=\"index, follow, max-snippet:-1, max-image-preview:large, max-video-preview:-1\" \/>\n<link rel=\"canonical\" href=\"https:\/\/reginett.ee\/toode\/kaablitester-grimsholm-ms6812\/\" \/>\n<meta property=\"og:locale\" content=\"ru_RU\" \/>\n<meta property=\"og:type\" content=\"article\" \/>\n<meta property=\"og:title\" content=\"Kaablitester Grimsholm MS6812. Kaablikatkestuste otsija\" \/>\n<meta property=\"og:description\" content=\"Lihtsa, kuid efektiivse Grimsholm kaablitestri MS6812 abil saate kiiresti ja h\u00f5lpsalt robotniiduki paigalduse piirdekaabli vigu otsida.\" \/>\n<meta property=\"og:url\" content=\"https:\/\/reginett.ee\/toode\/kaablitester-grimsholm-ms6812\/\" \/>\n<meta property=\"og:site_name\" content=\"Reginett\" \/>\n<meta property=\"article:modified_time\" content=\"2023-05-11T08:00:28+00:00\" \/>\n<meta property=\"og:image\" content=\"https:\/\/reginett.ee\/wp-content\/uploads\/2023\/05\/Kaablitester-Grimsholm-MS6812.png\" \/>\n\t<meta property=\"og:image:width\" content=\"680\" \/>\n\t<meta property=\"og:image:height\" content=\"372\" \/>\n\t<meta property=\"og:image:type\" content=\"image\/png\" \/>\n<meta name=\"twitter:card\" content=\"summary_large_image\" \/>\n<meta name=\"twitter:label1\" content=\"\u041f\u0440\u0438\u043c\u0435\u0440\u043d\u043e\u0435 \u0432\u0440\u0435\u043c\u044f \u0434\u043b\u044f \u0447\u0442\u0435\u043d\u0438\u044f\" \/>\n\t<meta name=\"twitter:data1\" content=\"1 \u043c\u0438\u043d\u0443\u0442\u0430\" \/>\n<script type=\"application\/ld+json\" class=\"yoast-schema-graph\">{\"@context\":\"https:\/\/schema.org\",\"@graph\":[{\"@type\":\"WebPage\",\"@id\":\"https:\/\/reginett.ee\/toode\/kaablitester-grimsholm-ms6812\/\",\"url\":\"https:\/\/reginett.ee\/toode\/kaablitester-grimsholm-ms6812\/\",\"name\":\"Kaablitester Grimsholm MS6812. Kaablikatkestuste otsija\",\"isPartOf\":{\"@id\":\"https:\/\/reginett.ee\/#website\"},\"primaryImageOfPage\":{\"@id\":\"https:\/\/reginett.ee\/toode\/kaablitester-grimsholm-ms6812\/#primaryimage\"},\"image\":{\"@id\":\"https:\/\/reginett.ee\/toode\/kaablitester-grimsholm-ms6812\/#primaryimage\"},\"thumbnailUrl\":\"https:\/\/reginett.ee\/wp-content\/uploads\/2023\/05\/Kaablitester-Grimsholm-MS6812.png\",\"datePublished\":\"2023-05-11T07:56:21+00:00\",\"dateModified\":\"2023-05-11T08:00:28+00:00\",\"description\":\"Lihtsa, kuid efektiivse Grimsholm kaablitestri MS6812 abil saate kiiresti ja h\u00f5lpsalt robotniiduki paigalduse piirdekaabli vigu otsida.\",\"breadcrumb\":{\"@id\":\"https:\/\/reginett.ee\/toode\/kaablitester-grimsholm-ms6812\/#breadcrumb\"},\"inLanguage\":\"ru-RU\",\"potentialAction\":[{\"@type\":\"ReadAction\",\"target\":[\"https:\/\/reginett.ee\/toode\/kaablitester-grimsholm-ms6812\/\"]}]},{\"@type\":\"ImageObject\",\"inLanguage\":\"ru-RU\",\"@id\":\"https:\/\/reginett.ee\/toode\/kaablitester-grimsholm-ms6812\/#primaryimage\",\"url\":\"https:\/\/reginett.ee\/wp-content\/uploads\/2023\/05\/Kaablitester-Grimsholm-MS6812.png\",\"contentUrl\":\"https:\/\/reginett.ee\/wp-content\/uploads\/2023\/05\/Kaablitester-Grimsholm-MS6812.png\",\"width\":680,\"height\":372,\"caption\":\"Kaablitester Grimsholm\"},{\"@type\":\"BreadcrumbList\",\"@id\":\"https:\/\/reginett.ee\/toode\/kaablitester-grimsholm-ms6812\/#breadcrumb\",\"itemListElement\":[{\"@type\":\"ListItem\",\"position\":1,\"name\":\"Home\",\"item\":\"https:\/\/reginett.ee\/ru\/\"},{\"@type\":\"ListItem\",\"position\":2,\"name\":\"Tooted\",\"item\":\"https:\/\/reginett.ee\/tooted\/\"},{\"@type\":\"ListItem\",\"position\":3,\"name\":\"Kaablitester Grimsholm MS6812\"}]},{\"@type\":\"WebSite\",\"@id\":\"https:\/\/reginett.ee\/#website\",\"url\":\"https:\/\/reginett.ee\/\",\"name\":\"Reginett\",\"description\":\"Parimad robotniidukid\",\"potentialAction\":[{\"@type\":\"SearchAction\",\"target\":{\"@type\":\"EntryPoint\",\"urlTemplate\":\"https:\/\/reginett.ee\/?s={search_term_string}\"},\"query-input\":{\"@type\":\"PropertyValueSpecification\",\"valueRequired\":true,\"valueName\":\"search_term_string\"}}],\"inLanguage\":\"ru-RU\"}]}<\/script>\n<!-- \/ Yoast SEO plugin. -->","yoast_head_json":{"title":"Kaablitester Grimsholm MS6812. Kaablikatkestuste otsija","description":"Lihtsa, kuid efektiivse Grimsholm kaablitestri MS6812 abil saate kiiresti ja h\u00f5lpsalt robotniiduki paigalduse piirdekaabli vigu otsida.","robots":{"index":"index","follow":"follow","max-snippet":"max-snippet:-1","max-image-preview":"max-image-preview:large","max-video-preview":"max-video-preview:-1"},"canonical":"https:\/\/reginett.ee\/toode\/kaablitester-grimsholm-ms6812\/","og_locale":"ru_RU","og_type":"article","og_title":"Kaablitester Grimsholm MS6812. Kaablikatkestuste otsija","og_description":"Lihtsa, kuid efektiivse Grimsholm kaablitestri MS6812 abil saate kiiresti ja h\u00f5lpsalt robotniiduki paigalduse piirdekaabli vigu otsida.","og_url":"https:\/\/reginett.ee\/toode\/kaablitester-grimsholm-ms6812\/","og_site_name":"Reginett","article_modified_time":"2023-05-11T08:00:28+00:00","og_image":[{"width":680,"height":372,"url":"https:\/\/reginett.ee\/wp-content\/uploads\/2023\/05\/Kaablitester-Grimsholm-MS6812.png","type":"image\/png"}],"twitter_card":"summary_large_image","twitter_misc":{"\u041f\u0440\u0438\u043c\u0435\u0440\u043d\u043e\u0435 \u0432\u0440\u0435\u043c\u044f \u0434\u043b\u044f \u0447\u0442\u0435\u043d\u0438\u044f":"1 \u043c\u0438\u043d\u0443\u0442\u0430"},"schema":{"@context":"https:\/\/schema.org","@graph":[{"@type":"WebPage","@id":"https:\/\/reginett.ee\/toode\/kaablitester-grimsholm-ms6812\/","url":"https:\/\/reginett.ee\/toode\/kaablitester-grimsholm-ms6812\/","name":"Kaablitester Grimsholm MS6812. Kaablikatkestuste otsija","isPartOf":{"@id":"https:\/\/reginett.ee\/#website"},"primaryImageOfPage":{"@id":"https:\/\/reginett.ee\/toode\/kaablitester-grimsholm-ms6812\/#primaryimage"},"image":{"@id":"https:\/\/reginett.ee\/toode\/kaablitester-grimsholm-ms6812\/#primaryimage"},"thumbnailUrl":"https:\/\/reginett.ee\/wp-content\/uploads\/2023\/05\/Kaablitester-Grimsholm-MS6812.png","datePublished":"2023-05-11T07:56:21+00:00","dateModified":"2023-05-11T08:00:28+00:00","description":"Lihtsa, kuid efektiivse Grimsholm kaablitestri MS6812 abil saate kiiresti ja h\u00f5lpsalt robotniiduki paigalduse piirdekaabli vigu otsida.","breadcrumb":{"@id":"https:\/\/reginett.ee\/toode\/kaablitester-grimsholm-ms6812\/#breadcrumb"},"inLanguage":"ru-RU","potentialAction":[{"@type":"ReadAction","target":["https:\/\/reginett.ee\/toode\/kaablitester-grimsholm-ms6812\/"]}]},{"@type":"ImageObject","inLanguage":"ru-RU","@id":"https:\/\/reginett.ee\/toode\/kaablitester-grimsholm-ms6812\/#primaryimage","url":"https:\/\/reginett.ee\/wp-content\/uploads\/2023\/05\/Kaablitester-Grimsholm-MS6812.png","contentUrl":"https:\/\/reginett.ee\/wp-content\/uploads\/2023\/05\/Kaablitester-Grimsholm-MS6812.png","width":680,"height":372,"caption":"Kaablitester Grimsholm"},{"@type":"BreadcrumbList","@id":"https:\/\/reginett.ee\/toode\/kaablitester-grimsholm-ms6812\/#breadcrumb","itemListElement":[{"@type":"ListItem","position":1,"name":"Home","item":"https:\/\/reginett.ee\/ru\/"},{"@type":"ListItem","position":2,"name":"Tooted","item":"https:\/\/reginett.ee\/tooted\/"},{"@type":"ListItem","position":3,"name":"Kaablitester Grimsholm MS6812"}]},{"@type":"WebSite","@id":"https:\/\/reginett.ee\/#website","url":"https:\/\/reginett.ee\/","name":"Reginett","description":"Parimad robotniidukid","potentialAction":[{"@type":"SearchAction","target":{"@type":"EntryPoint","urlTemplate":"https:\/\/reginett.ee\/?s={search_term_string}"},"query-input":{"@type":"PropertyValueSpecification","valueRequired":true,"valueName":"search_term_string"}}],"inLanguage":"ru-RU"}]}},"brands":[],"_links":{"self":[{"href":"https:\/\/reginett.ee\/ru\/wp-json\/wp\/v2\/product\/59764","targetHints":{"allow":["GET"]}}],"collection":[{"href":"https:\/\/reginett.ee\/ru\/wp-json\/wp\/v2\/product"}],"about":[{"href":"https:\/\/reginett.ee\/ru\/wp-json\/wp\/v2\/types\/product"}],"replies":[{"embeddable":true,"href":"https:\/\/reginett.ee\/ru\/wp-json\/wp\/v2\/comments?post=59764"}],"wp:featuredmedia":[{"embeddable":true,"href":"https:\/\/reginett.ee\/ru\/wp-json\/wp\/v2\/media\/59765"}],"wp:attachment":[{"href":"https:\/\/reginett.ee\/ru\/wp-json\/wp\/v2\/media?parent=59764"}],"wp:term":[{"taxonomy":"pwb-brand","embeddable":true,"href":"https:\/\/reginett.ee\/ru\/wp-json\/wp\/v2\/pwb-brand?post=59764"},{"taxonomy":"product_brand","embeddable":true,"href":"https:\/\/reginett.ee\/ru\/wp-json\/wp\/v2\/product_brand?post=59764"},{"taxonomy":"product_cat","embeddable":true,"href":"https:\/\/reginett.ee\/ru\/wp-json\/wp\/v2\/product_cat?post=59764"},{"taxonomy":"product_tag","embeddable":true,"href":"https:\/\/reginett.ee\/ru\/wp-json\/wp\/v2\/product_tag?post=59764"}],"curies":[{"name":"wp","href":"https:\/\/api.w.org\/{rel}","templated":true}]}}