{"id":59753,"date":"2023-05-10T20:32:12","date_gmt":"2023-05-10T17:32:12","guid":{"rendered":"https:\/\/reginett.ee\/?post_type=product&#038;p=59753"},"modified":"2023-05-10T20:32:13","modified_gmt":"2023-05-10T17:32:13","slug":"saasepeletaja-thermacell-ex90-uus","status":"publish","type":"product","link":"https:\/\/reginett.ee\/ru\/toode\/saasepeletaja-thermacell-ex90-uus\/","title":{"rendered":"S\u00e4\u00e4sepeletaja Thermacell EX90 UUS!"},"content":{"rendered":"<p>Uuel juhtmevabal <strong>Thermacell EX90 s\u00e4\u00e4sepeletaja <\/strong>mudelil on pikem t\u00f6\u00f6aeg, optimeeritud t\u00f5rjetulemus ja see on juhitav \u00fchest nupust. Parima tulemuse saavutamiseks loodud EX90 on vaba sekeldustest, h\u00f5lpsasti kasutatav, taaslaetav, l\u00f5hnavaba ja kompaktne. Kuna EX90 toidab liitiumioonaku, mitte Thermacelli gaasiballoonid, on see \u00f5hus\u00f5idukis\u00f5bralik ja t\u00e4iesti kasutatav igal k\u00f5rgusel.<\/p>\n<ul>\n<li>Lihtsasti \u00fchest nupust juhitav. L\u00fclitage see sisse &#8230; ja s\u00e4\u00e4sed on kadunud!<\/li>\n<li>S\u00e4\u00e4sepeletaja ilma nahale kantavate kemikaalideta nagu pihustid v\u00f5i kreemid. DEET-vaba ja l\u00f5hnavaba.<\/li>\n<li>Vastab lennuohutuse reeglitele ja on \u00fclimalt kaasaskantav. T\u00f6\u00f6tab samaviisi igal k\u00f5rgusel.<\/li>\n<li>T\u00f6\u00f6tab 9+ tundi \u00fche laadimisega. Saab kasutada laadimise ajal. Laeb t\u00e4ielikult 9 tunni jooksul.<\/li>\n<li>Lukustused reisimiseks, valikuline automaatne v\u00e4ljal\u00fclitusaeg (2 tunni p\u00e4rast) v\u00f5i pidev t\u00f6\u00f6.<\/li>\n<li>T\u00f5rjub s\u00e4\u00e4ski kuni 40 tundi \u00fche t\u00e4itekassetiga (t\u00e4itepakendeid saadaval).<\/li>\n<li>Kaitseb 29 m\u00b2 suurust ala. Vastupidav, kompaktne ja v\u00f5imas.<\/li>\n<li>Komplektis: EX90 s\u00e4\u00e4sepeletaja, 40-tunnine t\u00e4itekassett, karabiniga riputuslint ja USB-laadimiskaabel. Varustatud aku n\u00e4idikuga.<\/li>\n<li><\/li>\n<li>HOIUSTAMISE M\u00c4RKUS. Enne pikemat hoiustamist laadige aku kindlasti t\u00e4ielikult t\u00e4is!<\/li>\n<\/ul>\n","protected":false},"excerpt":{"rendered":"<p>Uuel juhtmevabal <strong>Thermacell EX90 s\u00e4\u00e4sepeletaja <\/strong>mudelil on pikem t\u00f6\u00f6aeg, optimeeritud t\u00f5rjetulemus ja see on juhitav \u00fchest nupust. Parima tulemuse saavutamiseks loodud EX90 on vaba sekeldustest, h\u00f5lpsasti kasutatav, taaslaetav, l\u00f5hnavaba ja kompaktne. Kuna EX90 toidab liitiumioonaku, mitte Thermacelli gaasiballoonid, on see \u00f5hus\u00f5idukis\u00f5bralik ja t\u00e4iesti kasutatav igal k\u00f5rgusel.<\/p>\n","protected":false},"featured_media":59754,"comment_status":"open","ping_status":"closed","template":"","meta":{"_acf_changed":false,"_et_pb_use_builder":"","_et_pb_old_content":"","_et_gb_content_width":"","inline_featured_image":false},"pwb-brand":[531],"product_brand":[],"product_cat":[480,27],"product_tag":[286,292],"class_list":{"0":"post-59753","1":"product","2":"type-product","3":"status-publish","4":"has-post-thumbnail","6":"pwb-brand-thermacell","7":"product_cat-aiatoo","8":"product_cat-tooriistad-ja-tarvikud","9":"product_tag-saasepeletaja","10":"product_tag-saasepeleti","12":"first","13":"instock","14":"shipping-taxable","15":"purchasable","16":"product-type-simple"},"acf":[],"yoast_head":"<!-- This site is optimized with the Yoast SEO plugin v26.6 - https:\/\/yoast.com\/wordpress\/plugins\/seo\/ -->\n<title>S\u00e4\u00e4sepeletaja Thermacell EX90. Parim s\u00e4\u00e4sepeletaja<\/title>\n<meta name=\"description\" content=\"Uuel juhtmevabal Thermacell EX90 s\u00e4\u00e4sepeletaja mudelil on pikem t\u00f6\u00f6aeg, optimeeritud t\u00f5rjetulemus ja see on juhitav \u00fchest nupust.\" \/>\n<meta name=\"robots\" content=\"index, follow, max-snippet:-1, max-image-preview:large, max-video-preview:-1\" \/>\n<link rel=\"canonical\" href=\"https:\/\/reginett.ee\/toode\/saasepeletaja-thermacell-ex90-uus\/\" \/>\n<meta property=\"og:locale\" content=\"ru_RU\" \/>\n<meta property=\"og:type\" content=\"article\" \/>\n<meta property=\"og:title\" content=\"S\u00e4\u00e4sepeletaja Thermacell EX90. Parim s\u00e4\u00e4sepeletaja\" \/>\n<meta property=\"og:description\" content=\"Uuel juhtmevabal Thermacell EX90 s\u00e4\u00e4sepeletaja mudelil on pikem t\u00f6\u00f6aeg, optimeeritud t\u00f5rjetulemus ja see on juhitav \u00fchest nupust.\" \/>\n<meta property=\"og:url\" content=\"https:\/\/reginett.ee\/toode\/saasepeletaja-thermacell-ex90-uus\/\" \/>\n<meta property=\"og:site_name\" content=\"Reginett\" \/>\n<meta property=\"article:modified_time\" content=\"2023-05-10T17:32:13+00:00\" \/>\n<meta property=\"og:image\" content=\"https:\/\/reginett.ee\/wp-content\/uploads\/2023\/05\/Untitled21.jpg\" \/>\n\t<meta property=\"og:image:width\" content=\"680\" \/>\n\t<meta property=\"og:image:height\" content=\"372\" \/>\n\t<meta property=\"og:image:type\" content=\"image\/jpeg\" \/>\n<meta name=\"twitter:card\" content=\"summary_large_image\" \/>\n<meta name=\"twitter:label1\" content=\"\u041f\u0440\u0438\u043c\u0435\u0440\u043d\u043e\u0435 \u0432\u0440\u0435\u043c\u044f \u0434\u043b\u044f \u0447\u0442\u0435\u043d\u0438\u044f\" \/>\n\t<meta name=\"twitter:data1\" content=\"1 \u043c\u0438\u043d\u0443\u0442\u0430\" \/>\n<script type=\"application\/ld+json\" class=\"yoast-schema-graph\">{\"@context\":\"https:\/\/schema.org\",\"@graph\":[{\"@type\":\"WebPage\",\"@id\":\"https:\/\/reginett.ee\/toode\/saasepeletaja-thermacell-ex90-uus\/\",\"url\":\"https:\/\/reginett.ee\/toode\/saasepeletaja-thermacell-ex90-uus\/\",\"name\":\"S\u00e4\u00e4sepeletaja Thermacell EX90. Parim s\u00e4\u00e4sepeletaja\",\"isPartOf\":{\"@id\":\"https:\/\/reginett.ee\/#website\"},\"primaryImageOfPage\":{\"@id\":\"https:\/\/reginett.ee\/toode\/saasepeletaja-thermacell-ex90-uus\/#primaryimage\"},\"image\":{\"@id\":\"https:\/\/reginett.ee\/toode\/saasepeletaja-thermacell-ex90-uus\/#primaryimage\"},\"thumbnailUrl\":\"https:\/\/reginett.ee\/wp-content\/uploads\/2023\/05\/Untitled21.jpg\",\"datePublished\":\"2023-05-10T17:32:12+00:00\",\"dateModified\":\"2023-05-10T17:32:13+00:00\",\"description\":\"Uuel juhtmevabal Thermacell EX90 s\u00e4\u00e4sepeletaja mudelil on pikem t\u00f6\u00f6aeg, optimeeritud t\u00f5rjetulemus ja see on juhitav \u00fchest nupust.\",\"breadcrumb\":{\"@id\":\"https:\/\/reginett.ee\/toode\/saasepeletaja-thermacell-ex90-uus\/#breadcrumb\"},\"inLanguage\":\"ru-RU\",\"potentialAction\":[{\"@type\":\"ReadAction\",\"target\":[\"https:\/\/reginett.ee\/toode\/saasepeletaja-thermacell-ex90-uus\/\"]}]},{\"@type\":\"ImageObject\",\"inLanguage\":\"ru-RU\",\"@id\":\"https:\/\/reginett.ee\/toode\/saasepeletaja-thermacell-ex90-uus\/#primaryimage\",\"url\":\"https:\/\/reginett.ee\/wp-content\/uploads\/2023\/05\/Untitled21.jpg\",\"contentUrl\":\"https:\/\/reginett.ee\/wp-content\/uploads\/2023\/05\/Untitled21.jpg\",\"width\":680,\"height\":372,\"caption\":\"S\u00e4\u00e4sepeletaja Thermacell EX90\"},{\"@type\":\"BreadcrumbList\",\"@id\":\"https:\/\/reginett.ee\/toode\/saasepeletaja-thermacell-ex90-uus\/#breadcrumb\",\"itemListElement\":[{\"@type\":\"ListItem\",\"position\":1,\"name\":\"Home\",\"item\":\"https:\/\/reginett.ee\/ru\/\"},{\"@type\":\"ListItem\",\"position\":2,\"name\":\"Tooted\",\"item\":\"https:\/\/reginett.ee\/tooted\/\"},{\"@type\":\"ListItem\",\"position\":3,\"name\":\"S\u00e4\u00e4sepeletaja Thermacell EX90 UUS!\"}]},{\"@type\":\"WebSite\",\"@id\":\"https:\/\/reginett.ee\/#website\",\"url\":\"https:\/\/reginett.ee\/\",\"name\":\"Reginett\",\"description\":\"Parimad robotniidukid\",\"potentialAction\":[{\"@type\":\"SearchAction\",\"target\":{\"@type\":\"EntryPoint\",\"urlTemplate\":\"https:\/\/reginett.ee\/?s={search_term_string}\"},\"query-input\":{\"@type\":\"PropertyValueSpecification\",\"valueRequired\":true,\"valueName\":\"search_term_string\"}}],\"inLanguage\":\"ru-RU\"}]}<\/script>\n<!-- \/ Yoast SEO plugin. -->","yoast_head_json":{"title":"S\u00e4\u00e4sepeletaja Thermacell EX90. Parim s\u00e4\u00e4sepeletaja","description":"Uuel juhtmevabal Thermacell EX90 s\u00e4\u00e4sepeletaja mudelil on pikem t\u00f6\u00f6aeg, optimeeritud t\u00f5rjetulemus ja see on juhitav \u00fchest nupust.","robots":{"index":"index","follow":"follow","max-snippet":"max-snippet:-1","max-image-preview":"max-image-preview:large","max-video-preview":"max-video-preview:-1"},"canonical":"https:\/\/reginett.ee\/toode\/saasepeletaja-thermacell-ex90-uus\/","og_locale":"ru_RU","og_type":"article","og_title":"S\u00e4\u00e4sepeletaja Thermacell EX90. Parim s\u00e4\u00e4sepeletaja","og_description":"Uuel juhtmevabal Thermacell EX90 s\u00e4\u00e4sepeletaja mudelil on pikem t\u00f6\u00f6aeg, optimeeritud t\u00f5rjetulemus ja see on juhitav \u00fchest nupust.","og_url":"https:\/\/reginett.ee\/toode\/saasepeletaja-thermacell-ex90-uus\/","og_site_name":"Reginett","article_modified_time":"2023-05-10T17:32:13+00:00","og_image":[{"width":680,"height":372,"url":"https:\/\/reginett.ee\/wp-content\/uploads\/2023\/05\/Untitled21.jpg","type":"image\/jpeg"}],"twitter_card":"summary_large_image","twitter_misc":{"\u041f\u0440\u0438\u043c\u0435\u0440\u043d\u043e\u0435 \u0432\u0440\u0435\u043c\u044f \u0434\u043b\u044f \u0447\u0442\u0435\u043d\u0438\u044f":"1 \u043c\u0438\u043d\u0443\u0442\u0430"},"schema":{"@context":"https:\/\/schema.org","@graph":[{"@type":"WebPage","@id":"https:\/\/reginett.ee\/toode\/saasepeletaja-thermacell-ex90-uus\/","url":"https:\/\/reginett.ee\/toode\/saasepeletaja-thermacell-ex90-uus\/","name":"S\u00e4\u00e4sepeletaja Thermacell EX90. Parim s\u00e4\u00e4sepeletaja","isPartOf":{"@id":"https:\/\/reginett.ee\/#website"},"primaryImageOfPage":{"@id":"https:\/\/reginett.ee\/toode\/saasepeletaja-thermacell-ex90-uus\/#primaryimage"},"image":{"@id":"https:\/\/reginett.ee\/toode\/saasepeletaja-thermacell-ex90-uus\/#primaryimage"},"thumbnailUrl":"https:\/\/reginett.ee\/wp-content\/uploads\/2023\/05\/Untitled21.jpg","datePublished":"2023-05-10T17:32:12+00:00","dateModified":"2023-05-10T17:32:13+00:00","description":"Uuel juhtmevabal Thermacell EX90 s\u00e4\u00e4sepeletaja mudelil on pikem t\u00f6\u00f6aeg, optimeeritud t\u00f5rjetulemus ja see on juhitav \u00fchest nupust.","breadcrumb":{"@id":"https:\/\/reginett.ee\/toode\/saasepeletaja-thermacell-ex90-uus\/#breadcrumb"},"inLanguage":"ru-RU","potentialAction":[{"@type":"ReadAction","target":["https:\/\/reginett.ee\/toode\/saasepeletaja-thermacell-ex90-uus\/"]}]},{"@type":"ImageObject","inLanguage":"ru-RU","@id":"https:\/\/reginett.ee\/toode\/saasepeletaja-thermacell-ex90-uus\/#primaryimage","url":"https:\/\/reginett.ee\/wp-content\/uploads\/2023\/05\/Untitled21.jpg","contentUrl":"https:\/\/reginett.ee\/wp-content\/uploads\/2023\/05\/Untitled21.jpg","width":680,"height":372,"caption":"S\u00e4\u00e4sepeletaja Thermacell EX90"},{"@type":"BreadcrumbList","@id":"https:\/\/reginett.ee\/toode\/saasepeletaja-thermacell-ex90-uus\/#breadcrumb","itemListElement":[{"@type":"ListItem","position":1,"name":"Home","item":"https:\/\/reginett.ee\/ru\/"},{"@type":"ListItem","position":2,"name":"Tooted","item":"https:\/\/reginett.ee\/tooted\/"},{"@type":"ListItem","position":3,"name":"S\u00e4\u00e4sepeletaja Thermacell EX90 UUS!"}]},{"@type":"WebSite","@id":"https:\/\/reginett.ee\/#website","url":"https:\/\/reginett.ee\/","name":"Reginett","description":"Parimad robotniidukid","potentialAction":[{"@type":"SearchAction","target":{"@type":"EntryPoint","urlTemplate":"https:\/\/reginett.ee\/?s={search_term_string}"},"query-input":{"@type":"PropertyValueSpecification","valueRequired":true,"valueName":"search_term_string"}}],"inLanguage":"ru-RU"}]}},"brands":[{"id":531,"name":"Thermacell","slug":"thermacell"}],"_links":{"self":[{"href":"https:\/\/reginett.ee\/ru\/wp-json\/wp\/v2\/product\/59753","targetHints":{"allow":["GET"]}}],"collection":[{"href":"https:\/\/reginett.ee\/ru\/wp-json\/wp\/v2\/product"}],"about":[{"href":"https:\/\/reginett.ee\/ru\/wp-json\/wp\/v2\/types\/product"}],"replies":[{"embeddable":true,"href":"https:\/\/reginett.ee\/ru\/wp-json\/wp\/v2\/comments?post=59753"}],"wp:featuredmedia":[{"embeddable":true,"href":"https:\/\/reginett.ee\/ru\/wp-json\/wp\/v2\/media\/59754"}],"wp:attachment":[{"href":"https:\/\/reginett.ee\/ru\/wp-json\/wp\/v2\/media?parent=59753"}],"wp:term":[{"taxonomy":"pwb-brand","embeddable":true,"href":"https:\/\/reginett.ee\/ru\/wp-json\/wp\/v2\/pwb-brand?post=59753"},{"taxonomy":"product_brand","embeddable":true,"href":"https:\/\/reginett.ee\/ru\/wp-json\/wp\/v2\/product_brand?post=59753"},{"taxonomy":"product_cat","embeddable":true,"href":"https:\/\/reginett.ee\/ru\/wp-json\/wp\/v2\/product_cat?post=59753"},{"taxonomy":"product_tag","embeddable":true,"href":"https:\/\/reginett.ee\/ru\/wp-json\/wp\/v2\/product_tag?post=59753"}],"curies":[{"name":"wp","href":"https:\/\/api.w.org\/{rel}","templated":true}]}}