{"id":59744,"date":"2025-07-31T12:05:51","date_gmt":"2025-07-31T09:05:51","guid":{"rendered":"https:\/\/reginett.ee\/?post_type=product&#038;p=59744"},"modified":"2025-08-07T14:19:11","modified_gmt":"2025-08-07T11:19:11","slug":"muruniiduk-al-ko-easy-4-60-sp-b-uus","status":"publish","type":"product","link":"https:\/\/reginett.ee\/ru\/toode\/muruniiduk-al-ko-easy-4-60-sp-b-uus\/","title":{"rendered":"Muruniiduk AL-KO Easy 4.60 SP-B UUS!"},"content":{"rendered":"<p><strong>Muruniiduk AL-KO Easy 4.60 SP-B<\/strong> on vastupidava Briggs&amp;Stratton mootoriga edasiveoga multifunktsionaalne niiduk.<\/p>\n<p>Sel mudelil on k\u00fclgv\u00e4ljaviske, mult\u0161i, tahav\u00e4ljaviske ja muru kogumise v\u00f5imalus. Mugavalt kasutatava koguri maht on 60 liitrit. H\u00e4sti man\u00f6\u00f6verdatava muruniiduki t\u00f6\u00f6laius on 46cm ja see on sobiv kuni 1400m2 suurusega aia jaoks.<\/p>\n<p>Suured tagarattad tagavad hea l\u00e4bivuse ka raskema maastiku puhul.<\/p>\n<p>Muruniiduk AL-KO Easy 4.60 SP-B on toodetud <strong>Euroopas<\/strong>!<\/p>\n<p><strong>KAASA KINGITUS!<\/strong><\/p>\n<p>&nbsp;<\/p>\n<p>&nbsp;<\/p>\n<p>&nbsp;<\/p>\n","protected":false},"excerpt":{"rendered":"<p><span style=\"color: #ff0000;\"><strong>ERIPAKKUMINE!<\/strong><\/span><\/p>\n<p><span style=\"color: #808080;\"><strong>Piiratud koguses!<\/strong><\/span><\/p>\n<p><strong>Muruniiduk AL-KO Easy 4.60 SP-B<\/strong> on vastupidava Briggs&amp;Stratton mootoriga edasiveoga multifunktsionaalne niiduk.<\/p>\n<p>4in1- sel mudelil on k\u00fclgv\u00e4ljaviske, mult\u0161i, tahav\u00e4ljaviske ja muru kogumise v\u00f5imalus. Mugavalt kasutatava koguri maht on 60 liitrit. H\u00e4sti man\u00f6\u00f6verdatava muruniiduki t\u00f6\u00f6laius on 46cm ja see on sobiv kuni 1400m2 suurusega aia jaoks.<\/p>\n","protected":false},"featured_media":59750,"comment_status":"open","ping_status":"closed","template":"","meta":{"_acf_changed":false,"_et_pb_use_builder":"","_et_pb_old_content":"","_et_gb_content_width":"","inline_featured_image":false},"pwb-brand":[254],"product_brand":[],"product_cat":[134,25],"product_tag":[113,530,529],"class_list":{"0":"post-59744","1":"product","2":"type-product","3":"status-publish","4":"has-post-thumbnail","6":"pwb-brand-al-ko","7":"product_cat-eripakkumised","8":"product_cat-muruniidukid","9":"product_tag-muruniiduk","10":"product_tag-niiduk-al-ko","11":"product_tag-soodne-niiduk","12":"product_shipping_class-soodsam-kuller-15-eur","14":"first","15":"instock","16":"sale","17":"shipping-taxable","18":"purchasable","19":"product-type-simple"},"acf":[],"yoast_head":"<!-- This site is optimized with the Yoast SEO plugin v26.6 - https:\/\/yoast.com\/wordpress\/plugins\/seo\/ -->\n<title>Muruniiduk AL-KO Easy 4.60 SP-B. Soodne muruniiduk Reginetist<\/title>\n<meta name=\"description\" content=\"Muruniiduk AL-KO Easy 4.60 SP-B on vastupidava Briggs&amp;Stratton mootoriga edasiveoga multifunktsionaalne niiduk. Soodne muruniiduk.\" \/>\n<meta name=\"robots\" content=\"index, follow, max-snippet:-1, max-image-preview:large, max-video-preview:-1\" \/>\n<link rel=\"canonical\" href=\"https:\/\/reginett.ee\/toode\/muruniiduk-al-ko-easy-4-60-sp-b-uus\/\" \/>\n<meta property=\"og:locale\" content=\"ru_RU\" \/>\n<meta property=\"og:type\" content=\"article\" \/>\n<meta property=\"og:title\" content=\"Muruniiduk AL-KO Easy 4.60 SP-B. Soodne muruniiduk Reginetist\" \/>\n<meta property=\"og:description\" content=\"Muruniiduk AL-KO Easy 4.60 SP-B on vastupidava Briggs&amp;Stratton mootoriga edasiveoga multifunktsionaalne niiduk. Soodne muruniiduk.\" \/>\n<meta property=\"og:url\" content=\"https:\/\/reginett.ee\/toode\/muruniiduk-al-ko-easy-4-60-sp-b-uus\/\" \/>\n<meta property=\"og:site_name\" content=\"Reginett\" \/>\n<meta property=\"article:modified_time\" content=\"2025-08-07T11:19:11+00:00\" \/>\n<meta property=\"og:image\" content=\"https:\/\/reginett.ee\/wp-content\/uploads\/2023\/05\/Muruniiduk-AL-KO-Easy-4.60-SP-B-Reginett.jpg\" \/>\n\t<meta property=\"og:image:width\" content=\"680\" \/>\n\t<meta property=\"og:image:height\" content=\"372\" \/>\n\t<meta property=\"og:image:type\" content=\"image\/jpeg\" \/>\n<meta name=\"twitter:card\" content=\"summary_large_image\" \/>\n<meta name=\"twitter:label1\" content=\"\u041f\u0440\u0438\u043c\u0435\u0440\u043d\u043e\u0435 \u0432\u0440\u0435\u043c\u044f \u0434\u043b\u044f \u0447\u0442\u0435\u043d\u0438\u044f\" \/>\n\t<meta name=\"twitter:data1\" content=\"1 \u043c\u0438\u043d\u0443\u0442\u0430\" \/>\n<script type=\"application\/ld+json\" class=\"yoast-schema-graph\">{\"@context\":\"https:\/\/schema.org\",\"@graph\":[{\"@type\":\"WebPage\",\"@id\":\"https:\/\/reginett.ee\/toode\/muruniiduk-al-ko-easy-4-60-sp-b-uus\/\",\"url\":\"https:\/\/reginett.ee\/toode\/muruniiduk-al-ko-easy-4-60-sp-b-uus\/\",\"name\":\"Muruniiduk AL-KO Easy 4.60 SP-B. Soodne muruniiduk Reginetist\",\"isPartOf\":{\"@id\":\"https:\/\/reginett.ee\/#website\"},\"primaryImageOfPage\":{\"@id\":\"https:\/\/reginett.ee\/toode\/muruniiduk-al-ko-easy-4-60-sp-b-uus\/#primaryimage\"},\"image\":{\"@id\":\"https:\/\/reginett.ee\/toode\/muruniiduk-al-ko-easy-4-60-sp-b-uus\/#primaryimage\"},\"thumbnailUrl\":\"https:\/\/reginett.ee\/wp-content\/uploads\/2023\/05\/Muruniiduk-AL-KO-Easy-4.60-SP-B-Reginett.jpg\",\"datePublished\":\"2025-07-31T09:05:51+00:00\",\"dateModified\":\"2025-08-07T11:19:11+00:00\",\"description\":\"Muruniiduk AL-KO Easy 4.60 SP-B on vastupidava Briggs&Stratton mootoriga edasiveoga multifunktsionaalne niiduk. Soodne muruniiduk.\",\"breadcrumb\":{\"@id\":\"https:\/\/reginett.ee\/toode\/muruniiduk-al-ko-easy-4-60-sp-b-uus\/#breadcrumb\"},\"inLanguage\":\"ru-RU\",\"potentialAction\":[{\"@type\":\"ReadAction\",\"target\":[\"https:\/\/reginett.ee\/toode\/muruniiduk-al-ko-easy-4-60-sp-b-uus\/\"]}]},{\"@type\":\"ImageObject\",\"inLanguage\":\"ru-RU\",\"@id\":\"https:\/\/reginett.ee\/toode\/muruniiduk-al-ko-easy-4-60-sp-b-uus\/#primaryimage\",\"url\":\"https:\/\/reginett.ee\/wp-content\/uploads\/2023\/05\/Muruniiduk-AL-KO-Easy-4.60-SP-B-Reginett.jpg\",\"contentUrl\":\"https:\/\/reginett.ee\/wp-content\/uploads\/2023\/05\/Muruniiduk-AL-KO-Easy-4.60-SP-B-Reginett.jpg\",\"width\":680,\"height\":372,\"caption\":\"AL-KO Easy 4.60 SP-B\"},{\"@type\":\"BreadcrumbList\",\"@id\":\"https:\/\/reginett.ee\/toode\/muruniiduk-al-ko-easy-4-60-sp-b-uus\/#breadcrumb\",\"itemListElement\":[{\"@type\":\"ListItem\",\"position\":1,\"name\":\"Home\",\"item\":\"https:\/\/reginett.ee\/ru\/\"},{\"@type\":\"ListItem\",\"position\":2,\"name\":\"Tooted\",\"item\":\"https:\/\/reginett.ee\/tooted\/\"},{\"@type\":\"ListItem\",\"position\":3,\"name\":\"Muruniiduk AL-KO Easy 4.60 SP-B UUS!\"}]},{\"@type\":\"WebSite\",\"@id\":\"https:\/\/reginett.ee\/#website\",\"url\":\"https:\/\/reginett.ee\/\",\"name\":\"Reginett\",\"description\":\"Parimad robotniidukid\",\"potentialAction\":[{\"@type\":\"SearchAction\",\"target\":{\"@type\":\"EntryPoint\",\"urlTemplate\":\"https:\/\/reginett.ee\/?s={search_term_string}\"},\"query-input\":{\"@type\":\"PropertyValueSpecification\",\"valueRequired\":true,\"valueName\":\"search_term_string\"}}],\"inLanguage\":\"ru-RU\"}]}<\/script>\n<!-- \/ Yoast SEO plugin. -->","yoast_head_json":{"title":"Muruniiduk AL-KO Easy 4.60 SP-B. Soodne muruniiduk Reginetist","description":"Muruniiduk AL-KO Easy 4.60 SP-B on vastupidava Briggs&Stratton mootoriga edasiveoga multifunktsionaalne niiduk. Soodne muruniiduk.","robots":{"index":"index","follow":"follow","max-snippet":"max-snippet:-1","max-image-preview":"max-image-preview:large","max-video-preview":"max-video-preview:-1"},"canonical":"https:\/\/reginett.ee\/toode\/muruniiduk-al-ko-easy-4-60-sp-b-uus\/","og_locale":"ru_RU","og_type":"article","og_title":"Muruniiduk AL-KO Easy 4.60 SP-B. Soodne muruniiduk Reginetist","og_description":"Muruniiduk AL-KO Easy 4.60 SP-B on vastupidava Briggs&Stratton mootoriga edasiveoga multifunktsionaalne niiduk. Soodne muruniiduk.","og_url":"https:\/\/reginett.ee\/toode\/muruniiduk-al-ko-easy-4-60-sp-b-uus\/","og_site_name":"Reginett","article_modified_time":"2025-08-07T11:19:11+00:00","og_image":[{"width":680,"height":372,"url":"https:\/\/reginett.ee\/wp-content\/uploads\/2023\/05\/Muruniiduk-AL-KO-Easy-4.60-SP-B-Reginett.jpg","type":"image\/jpeg"}],"twitter_card":"summary_large_image","twitter_misc":{"\u041f\u0440\u0438\u043c\u0435\u0440\u043d\u043e\u0435 \u0432\u0440\u0435\u043c\u044f \u0434\u043b\u044f \u0447\u0442\u0435\u043d\u0438\u044f":"1 \u043c\u0438\u043d\u0443\u0442\u0430"},"schema":{"@context":"https:\/\/schema.org","@graph":[{"@type":"WebPage","@id":"https:\/\/reginett.ee\/toode\/muruniiduk-al-ko-easy-4-60-sp-b-uus\/","url":"https:\/\/reginett.ee\/toode\/muruniiduk-al-ko-easy-4-60-sp-b-uus\/","name":"Muruniiduk AL-KO Easy 4.60 SP-B. Soodne muruniiduk Reginetist","isPartOf":{"@id":"https:\/\/reginett.ee\/#website"},"primaryImageOfPage":{"@id":"https:\/\/reginett.ee\/toode\/muruniiduk-al-ko-easy-4-60-sp-b-uus\/#primaryimage"},"image":{"@id":"https:\/\/reginett.ee\/toode\/muruniiduk-al-ko-easy-4-60-sp-b-uus\/#primaryimage"},"thumbnailUrl":"https:\/\/reginett.ee\/wp-content\/uploads\/2023\/05\/Muruniiduk-AL-KO-Easy-4.60-SP-B-Reginett.jpg","datePublished":"2025-07-31T09:05:51+00:00","dateModified":"2025-08-07T11:19:11+00:00","description":"Muruniiduk AL-KO Easy 4.60 SP-B on vastupidava Briggs&Stratton mootoriga edasiveoga multifunktsionaalne niiduk. Soodne muruniiduk.","breadcrumb":{"@id":"https:\/\/reginett.ee\/toode\/muruniiduk-al-ko-easy-4-60-sp-b-uus\/#breadcrumb"},"inLanguage":"ru-RU","potentialAction":[{"@type":"ReadAction","target":["https:\/\/reginett.ee\/toode\/muruniiduk-al-ko-easy-4-60-sp-b-uus\/"]}]},{"@type":"ImageObject","inLanguage":"ru-RU","@id":"https:\/\/reginett.ee\/toode\/muruniiduk-al-ko-easy-4-60-sp-b-uus\/#primaryimage","url":"https:\/\/reginett.ee\/wp-content\/uploads\/2023\/05\/Muruniiduk-AL-KO-Easy-4.60-SP-B-Reginett.jpg","contentUrl":"https:\/\/reginett.ee\/wp-content\/uploads\/2023\/05\/Muruniiduk-AL-KO-Easy-4.60-SP-B-Reginett.jpg","width":680,"height":372,"caption":"AL-KO Easy 4.60 SP-B"},{"@type":"BreadcrumbList","@id":"https:\/\/reginett.ee\/toode\/muruniiduk-al-ko-easy-4-60-sp-b-uus\/#breadcrumb","itemListElement":[{"@type":"ListItem","position":1,"name":"Home","item":"https:\/\/reginett.ee\/ru\/"},{"@type":"ListItem","position":2,"name":"Tooted","item":"https:\/\/reginett.ee\/tooted\/"},{"@type":"ListItem","position":3,"name":"Muruniiduk AL-KO Easy 4.60 SP-B UUS!"}]},{"@type":"WebSite","@id":"https:\/\/reginett.ee\/#website","url":"https:\/\/reginett.ee\/","name":"Reginett","description":"Parimad robotniidukid","potentialAction":[{"@type":"SearchAction","target":{"@type":"EntryPoint","urlTemplate":"https:\/\/reginett.ee\/?s={search_term_string}"},"query-input":{"@type":"PropertyValueSpecification","valueRequired":true,"valueName":"search_term_string"}}],"inLanguage":"ru-RU"}]}},"brands":[{"id":254,"name":"AL-KO","slug":"al-ko"}],"_links":{"self":[{"href":"https:\/\/reginett.ee\/ru\/wp-json\/wp\/v2\/product\/59744","targetHints":{"allow":["GET"]}}],"collection":[{"href":"https:\/\/reginett.ee\/ru\/wp-json\/wp\/v2\/product"}],"about":[{"href":"https:\/\/reginett.ee\/ru\/wp-json\/wp\/v2\/types\/product"}],"replies":[{"embeddable":true,"href":"https:\/\/reginett.ee\/ru\/wp-json\/wp\/v2\/comments?post=59744"}],"wp:featuredmedia":[{"embeddable":true,"href":"https:\/\/reginett.ee\/ru\/wp-json\/wp\/v2\/media\/59750"}],"wp:attachment":[{"href":"https:\/\/reginett.ee\/ru\/wp-json\/wp\/v2\/media?parent=59744"}],"wp:term":[{"taxonomy":"pwb-brand","embeddable":true,"href":"https:\/\/reginett.ee\/ru\/wp-json\/wp\/v2\/pwb-brand?post=59744"},{"taxonomy":"product_brand","embeddable":true,"href":"https:\/\/reginett.ee\/ru\/wp-json\/wp\/v2\/product_brand?post=59744"},{"taxonomy":"product_cat","embeddable":true,"href":"https:\/\/reginett.ee\/ru\/wp-json\/wp\/v2\/product_cat?post=59744"},{"taxonomy":"product_tag","embeddable":true,"href":"https:\/\/reginett.ee\/ru\/wp-json\/wp\/v2\/product_tag?post=59744"}],"curies":[{"name":"wp","href":"https:\/\/api.w.org\/{rel}","templated":true}]}}