{"id":59716,"date":"2023-08-09T10:02:35","date_gmt":"2023-08-09T07:02:35","guid":{"rendered":"https:\/\/reginett.ee\/?post_type=product&#038;p=59716"},"modified":"2025-04-22T10:08:33","modified_gmt":"2025-04-22T07:08:33","slug":"robotniiduk-husqvarna-automower-550-epos","status":"publish","type":"product","link":"https:\/\/reginett.ee\/ru\/toode\/robotniiduk-husqvarna-automower-550-epos\/","title":{"rendered":"Robotniiduk Husqvarna Automower\u00ae 550 EPOS"},"content":{"rendered":"<p><strong>N\u00fc\u00fcd niiduala v\u00f5imekus kuni 10 000 m\u00b2!<\/strong><\/p>\n<p>Husqvarna<strong> Automower 550 EPOS<\/strong> on spetsiaalselt professionaalseks kasutamiseks v\u00e4lja t\u00f6\u00f6tatud robotniiduk, mis sobib haljastajale, kes hooldab erinevaid suuremaid lagedaid alasid nagu staadionid, jalgpalli- ja golfiv\u00e4ljakud. Samuti saab seda kasutada suuremates koduaedades.<\/p>\n<p>T\u00e4nu Husqvarna EPOS virtuaalsele piirdekaaablile, on niiduk v\u00f5imeline hooldama erinevaid alasid. Lisaks on v\u00f5imalik seadistada talle erinevaid transpordiradasid ja tsoone, kuhu niiduk minna ei saa (nii alalisi, kui ka ajutisi).<\/p>\n<p>Maksimaalne kallak t\u00f6\u00f6piirkonnas kuni 45% (24\u00b0). Seadistamine toimub l\u00e4bi FleetServices programmi kas siis l\u00e4bi nutitelefoni, tahvel- v\u00f5i s\u00fclearvuti. Masin ei ole sobilik koduseks kasutamiseks.<\/p>\n<p><strong> Kasutamiseks vajalik signaalimajakas, mis ei ole komplektis. M\u00fc\u00fcakse eraldi!<\/strong><\/p>\n<h3 class=\"hui-spacing--sm-mt-4-times-6 WLwtnNxco1C4cPugKSaO0g==\">Husqvarna EPOS tehnoloogia<\/h3>\n<p class=\"hui-spacing--sm-mt-4-times-4 K2PbruRyOKhyQZiENIYSog==\">Virtuaalne piirdekaabel, mille t\u00e4psus on 2 &#8212; 3 cm. V\u00f5imaldab m\u00e4\u00e4rata erinevaid t\u00f6\u00f6alasid erineva t\u00f6\u00f6ajaga ja seadistustega. Lisaks on v\u00f5imalik seadistada tsoonid, kuhu niiduk niitma ei l\u00e4he (nii ajutisi, kui ka alalisi). T\u00f6\u00f6tab l\u00e4bi satelliits\u00fcsteemi. <strong>Sobib lagedale, avatud alale!<\/strong><\/p>\n<h3 class=\"hui-spacing--sm-mt-4-times-6 WLwtnNxco1C4cPugKSaO0g==\">EPOS lahendus<\/h3>\n<p class=\"hui-spacing--sm-mt-4-times-4 K2PbruRyOKhyQZiENIYSog==\">Husqvarna Automower\u00ae arvutab automaatselt k\u00f5ige efektiivsema tee laadimisjaama v\u00f5i sealt v\u00e4lja varieerides iga kord oma teekonda v\u00e4hendamaks rattaj\u00e4lgede tekkimist.<\/p>\n<h3 class=\"hui-spacing--sm-mt-4-times-6 WLwtnNxco1C4cPugKSaO0g==\">Husqvarna Fleet Services\u2122<\/h3>\n<p class=\"hui-spacing--sm-mt-4-times-4 K2PbruRyOKhyQZiENIYSog==\">Husqvarna Fleet Services\u2122 annab teile t\u00e4ieliku kontrolli niiduki \u00fcle koos v\u00f5imalusega j\u00e4lgida, juhtida ja anal\u00fc\u00fcsida kogu masinaparki oma nutitelefonist, tahvelarvutist v\u00f5i s\u00fclearvutist. Saate vaadata niidukite staatust ja t\u00e4pset asukohta, anda neile k\u00e4skluse k\u00e4ivitada\/peatuda v\u00f5i anda grupik\u00e4sklused parkida tormihoiatuse v\u00f5i \u00e4ikese korral. Seadistused ja l\u00f5ikek\u00f5rgused on lihtsalt reguleeritavad. V\u00f5tke vastu h\u00e4ireid ja j\u00e4lgige niiduki asukohta varguse korral \u2013 k\u00f5ikjalt. Automower Connecti tugi on vajalik paigaldamise ajal ja EPOS-i piirdekaablita paigalduste redigeerimisel.<\/p>\n<h3 class=\"hui-spacing--sm-mt-4-times-6 WLwtnNxco1C4cPugKSaO0g==\">Juhtpaneel<\/h3>\n<p class=\"hui-spacing--sm-mt-4-times-4 K2PbruRyOKhyQZiENIYSog==\">Vandaalikindel juhtpaneel, millel on ainult suur Start \/ Stop nupp ning masina staatust n\u00e4itav LED indikaator. Seadistamine toimub l\u00e4bi Husqvarna Fleet Services rakenduse, kasutades arvutit v\u00f5i m\u00f5nda nutiseadet.<\/p>\n<h3 class=\"hui-spacing--sm-mt-4-times-6 WLwtnNxco1C4cPugKSaO0g==\">Hoiatustuled<\/h3>\n<p class=\"hui-spacing--sm-mt-4-times-4 K2PbruRyOKhyQZiENIYSog==\">Hoiatustuled annavad m\u00e4rku niiduki t\u00f6\u00f6tamisest avalikus kohas pimedal ja h\u00e4maral ajal ning suurendavad ohutust.<\/p>\n<h3 class=\"hui-spacing--sm-mt-4-times-6 WLwtnNxco1C4cPugKSaO0g==\">FOTA \u2013 Firmware Over-The-Air (p\u00fcsivara \u00fcle \u00f5hu)<\/h3>\n<p class=\"hui-spacing--sm-mt-4-times-4 K2PbruRyOKhyQZiENIYSog==\">FOTA \u2013 tehnoloogia, mis v\u00f5imaldab kasutajal teha p\u00fcsivara uuendusi Fleet Services rakenduse kaudu. Allalaadimine toimub distantsilt \u00fcle \u00f5hu, ilma et oleks vaja f\u00fc\u00fcsilist sekkumist, ning see aktiveerib uusi funktsioone ja v\u00e4rskendusi.<\/p>\n<h3 class=\"hui-spacing--sm-mt-4-times-6 WLwtnNxco1C4cPugKSaO0g==\">appDrive &#8212; distantsjuhtimine<\/h3>\n<p class=\"hui-spacing--sm-mt-4-times-4 K2PbruRyOKhyQZiENIYSog==\">Kasuta appDrive rakendust, kui seadistad niidetavat ala v\u00f5i soovid niidukit liigutada erinevate alade vahel ilma, et peaksid niidukit kandma.<\/p>\n<h3 class=\"hui-spacing--sm-mt-4-times-6 WLwtnNxco1C4cPugKSaO0g==\">Erinevad niidumustrid<\/h3>\n<p class=\"hui-spacing--sm-mt-4-times-4 K2PbruRyOKhyQZiENIYSog==\">Parandage muru visuaalset muljet, muutes niitmismustrit. EPOS\u2122-tehnoloogia abil saab niiduk t\u00f6\u00f6tada paralleelselt liikudes v\u00f5i luua mitmesuguseid vorme, nagu rombid, kolmnurgad ja ruudud.<\/p>\n<h3 class=\"hui-spacing--sm-mt-4-times-6 WLwtnNxco1C4cPugKSaO0g==\">5 teraga l\u00f5ikeketas<\/h3>\n<p class=\"hui-spacing--sm-mt-4-times-4 K2PbruRyOKhyQZiENIYSog==\">Kommertskasutuse mudelite, Automower 500-seeria ja CEORA, l\u00f5ikekettad on varustatud 5 Enhance HSS teraga, mis tagab parema l\u00f5ikej\u00f5udluse. Rohkem l\u00f5iketerasid ketta kohta annab parema l\u00f5iketulemuse ja pikendab teravahetuste intervalli.<\/p>\n<h3 class=\"hui-spacing--sm-mt-4-times-6 WLwtnNxco1C4cPugKSaO0g==\">T\u00f5stmis-ja kallutusandurid<\/h3>\n<p class=\"hui-spacing--sm-mt-4-times-4 K2PbruRyOKhyQZiENIYSog==\">Niiduki maapinnalt \u00fclest\u00f5stmisel v\u00f5i \u00fcmberminekul l\u00fclitub l\u00f5iketera automaatselt v\u00e4lja. Lisaks p\u00f6\u00f6rlevad l\u00f5iketerad v\u00e4lisservast kaugel.<\/p>\n<p>&nbsp;<\/p>\n","protected":false},"excerpt":{"rendered":"<p><strong>N\u00fc\u00fcd niiduala v\u00f5imekus kuni 10 000 m\u00b2!<\/strong><\/p>\n<p>Husqvarna<strong> Automower 550 EPOS<\/strong> on spetsiaalselt professionaalseks kasutamiseks v\u00e4lja t\u00f6\u00f6tatud robotniiduk, mis sobib haljastajale, kes hooldab erinevaid suuremaid lagedaid alasid nagu staadionid, jalgpalli- ja golfiv\u00e4ljakud.<\/p>\n","protected":false},"featured_media":59718,"comment_status":"open","ping_status":"closed","template":"","meta":{"_acf_changed":false,"_et_pb_use_builder":"","_et_pb_old_content":"","_et_gb_content_width":"","inline_featured_image":false},"pwb-brand":[147],"product_brand":[],"product_cat":[37,19],"product_tag":[],"class_list":{"0":"post-59716","1":"product","2":"type-product","3":"status-publish","4":"has-post-thumbnail","6":"pwb-brand-husqvarna","7":"product_cat-husqvarna","8":"product_cat-robotniidukid","9":"product_shipping_class-soodsam-kuller-15-eur","11":"first","12":"outofstock","13":"shipping-taxable","14":"purchasable","15":"product-type-simple"},"acf":[],"yoast_head":"<!-- This site is optimized with the Yoast SEO plugin v26.6 - https:\/\/yoast.com\/wordpress\/plugins\/seo\/ -->\n<title>Robotniiduk Husqvarna Automower\u00ae 550 EPOS<\/title>\n<meta name=\"description\" content=\"Husqvarna Automower 550 EPOS on spetsiaalselt professionaalseks kasutamiseks v\u00e4lja t\u00f6\u00f6tatud robotniiduk, mis sobib haljastajale\" \/>\n<meta name=\"robots\" content=\"index, follow, max-snippet:-1, max-image-preview:large, max-video-preview:-1\" \/>\n<link rel=\"canonical\" href=\"https:\/\/reginett.ee\/toode\/robotniiduk-husqvarna-automower-550-epos\/\" \/>\n<meta property=\"og:locale\" content=\"ru_RU\" \/>\n<meta property=\"og:type\" content=\"article\" \/>\n<meta property=\"og:title\" content=\"Robotniiduk Husqvarna Automower\u00ae 550 EPOS\" \/>\n<meta property=\"og:description\" content=\"Husqvarna Automower 550 EPOS on spetsiaalselt professionaalseks kasutamiseks v\u00e4lja t\u00f6\u00f6tatud robotniiduk, mis sobib haljastajale\" \/>\n<meta property=\"og:url\" content=\"https:\/\/reginett.ee\/toode\/robotniiduk-husqvarna-automower-550-epos\/\" \/>\n<meta property=\"og:site_name\" content=\"Reginett\" \/>\n<meta property=\"article:modified_time\" content=\"2025-04-22T07:08:33+00:00\" \/>\n<meta property=\"og:image\" content=\"https:\/\/reginett.ee\/wp-content\/uploads\/2023\/05\/Husqvarna-Automower-550-EPOS.jpg\" \/>\n\t<meta property=\"og:image:width\" content=\"680\" \/>\n\t<meta property=\"og:image:height\" content=\"372\" \/>\n\t<meta property=\"og:image:type\" content=\"image\/jpeg\" \/>\n<meta name=\"twitter:card\" content=\"summary_large_image\" \/>\n<meta name=\"twitter:label1\" content=\"\u041f\u0440\u0438\u043c\u0435\u0440\u043d\u043e\u0435 \u0432\u0440\u0435\u043c\u044f \u0434\u043b\u044f \u0447\u0442\u0435\u043d\u0438\u044f\" \/>\n\t<meta name=\"twitter:data1\" content=\"3 \u043c\u0438\u043d\u0443\u0442\u044b\" \/>\n<script type=\"application\/ld+json\" class=\"yoast-schema-graph\">{\"@context\":\"https:\/\/schema.org\",\"@graph\":[{\"@type\":\"WebPage\",\"@id\":\"https:\/\/reginett.ee\/toode\/robotniiduk-husqvarna-automower-550-epos\/\",\"url\":\"https:\/\/reginett.ee\/toode\/robotniiduk-husqvarna-automower-550-epos\/\",\"name\":\"Robotniiduk Husqvarna Automower\u00ae 550 EPOS\",\"isPartOf\":{\"@id\":\"https:\/\/reginett.ee\/#website\"},\"primaryImageOfPage\":{\"@id\":\"https:\/\/reginett.ee\/toode\/robotniiduk-husqvarna-automower-550-epos\/#primaryimage\"},\"image\":{\"@id\":\"https:\/\/reginett.ee\/toode\/robotniiduk-husqvarna-automower-550-epos\/#primaryimage\"},\"thumbnailUrl\":\"https:\/\/reginett.ee\/wp-content\/uploads\/2023\/05\/Husqvarna-Automower-550-EPOS.jpg\",\"datePublished\":\"2023-08-09T07:02:35+00:00\",\"dateModified\":\"2025-04-22T07:08:33+00:00\",\"description\":\"Husqvarna Automower 550 EPOS on spetsiaalselt professionaalseks kasutamiseks v\u00e4lja t\u00f6\u00f6tatud robotniiduk, mis sobib haljastajale\",\"breadcrumb\":{\"@id\":\"https:\/\/reginett.ee\/toode\/robotniiduk-husqvarna-automower-550-epos\/#breadcrumb\"},\"inLanguage\":\"ru-RU\",\"potentialAction\":[{\"@type\":\"ReadAction\",\"target\":[\"https:\/\/reginett.ee\/toode\/robotniiduk-husqvarna-automower-550-epos\/\"]}]},{\"@type\":\"ImageObject\",\"inLanguage\":\"ru-RU\",\"@id\":\"https:\/\/reginett.ee\/toode\/robotniiduk-husqvarna-automower-550-epos\/#primaryimage\",\"url\":\"https:\/\/reginett.ee\/wp-content\/uploads\/2023\/05\/Husqvarna-Automower-550-EPOS.jpg\",\"contentUrl\":\"https:\/\/reginett.ee\/wp-content\/uploads\/2023\/05\/Husqvarna-Automower-550-EPOS.jpg\",\"width\":680,\"height\":372,\"caption\":\"Husqvarna Automower 550 EPOS\"},{\"@type\":\"BreadcrumbList\",\"@id\":\"https:\/\/reginett.ee\/toode\/robotniiduk-husqvarna-automower-550-epos\/#breadcrumb\",\"itemListElement\":[{\"@type\":\"ListItem\",\"position\":1,\"name\":\"Home\",\"item\":\"https:\/\/reginett.ee\/ru\/\"},{\"@type\":\"ListItem\",\"position\":2,\"name\":\"Tooted\",\"item\":\"https:\/\/reginett.ee\/tooted\/\"},{\"@type\":\"ListItem\",\"position\":3,\"name\":\"Robotniiduk Husqvarna Automower\u00ae 550 EPOS\"}]},{\"@type\":\"WebSite\",\"@id\":\"https:\/\/reginett.ee\/#website\",\"url\":\"https:\/\/reginett.ee\/\",\"name\":\"Reginett\",\"description\":\"Parimad robotniidukid\",\"potentialAction\":[{\"@type\":\"SearchAction\",\"target\":{\"@type\":\"EntryPoint\",\"urlTemplate\":\"https:\/\/reginett.ee\/?s={search_term_string}\"},\"query-input\":{\"@type\":\"PropertyValueSpecification\",\"valueRequired\":true,\"valueName\":\"search_term_string\"}}],\"inLanguage\":\"ru-RU\"}]}<\/script>\n<!-- \/ Yoast SEO plugin. -->","yoast_head_json":{"title":"Robotniiduk Husqvarna Automower\u00ae 550 EPOS","description":"Husqvarna Automower 550 EPOS on spetsiaalselt professionaalseks kasutamiseks v\u00e4lja t\u00f6\u00f6tatud robotniiduk, mis sobib haljastajale","robots":{"index":"index","follow":"follow","max-snippet":"max-snippet:-1","max-image-preview":"max-image-preview:large","max-video-preview":"max-video-preview:-1"},"canonical":"https:\/\/reginett.ee\/toode\/robotniiduk-husqvarna-automower-550-epos\/","og_locale":"ru_RU","og_type":"article","og_title":"Robotniiduk Husqvarna Automower\u00ae 550 EPOS","og_description":"Husqvarna Automower 550 EPOS on spetsiaalselt professionaalseks kasutamiseks v\u00e4lja t\u00f6\u00f6tatud robotniiduk, mis sobib haljastajale","og_url":"https:\/\/reginett.ee\/toode\/robotniiduk-husqvarna-automower-550-epos\/","og_site_name":"Reginett","article_modified_time":"2025-04-22T07:08:33+00:00","og_image":[{"width":680,"height":372,"url":"https:\/\/reginett.ee\/wp-content\/uploads\/2023\/05\/Husqvarna-Automower-550-EPOS.jpg","type":"image\/jpeg"}],"twitter_card":"summary_large_image","twitter_misc":{"\u041f\u0440\u0438\u043c\u0435\u0440\u043d\u043e\u0435 \u0432\u0440\u0435\u043c\u044f \u0434\u043b\u044f \u0447\u0442\u0435\u043d\u0438\u044f":"3 \u043c\u0438\u043d\u0443\u0442\u044b"},"schema":{"@context":"https:\/\/schema.org","@graph":[{"@type":"WebPage","@id":"https:\/\/reginett.ee\/toode\/robotniiduk-husqvarna-automower-550-epos\/","url":"https:\/\/reginett.ee\/toode\/robotniiduk-husqvarna-automower-550-epos\/","name":"Robotniiduk Husqvarna Automower\u00ae 550 EPOS","isPartOf":{"@id":"https:\/\/reginett.ee\/#website"},"primaryImageOfPage":{"@id":"https:\/\/reginett.ee\/toode\/robotniiduk-husqvarna-automower-550-epos\/#primaryimage"},"image":{"@id":"https:\/\/reginett.ee\/toode\/robotniiduk-husqvarna-automower-550-epos\/#primaryimage"},"thumbnailUrl":"https:\/\/reginett.ee\/wp-content\/uploads\/2023\/05\/Husqvarna-Automower-550-EPOS.jpg","datePublished":"2023-08-09T07:02:35+00:00","dateModified":"2025-04-22T07:08:33+00:00","description":"Husqvarna Automower 550 EPOS on spetsiaalselt professionaalseks kasutamiseks v\u00e4lja t\u00f6\u00f6tatud robotniiduk, mis sobib haljastajale","breadcrumb":{"@id":"https:\/\/reginett.ee\/toode\/robotniiduk-husqvarna-automower-550-epos\/#breadcrumb"},"inLanguage":"ru-RU","potentialAction":[{"@type":"ReadAction","target":["https:\/\/reginett.ee\/toode\/robotniiduk-husqvarna-automower-550-epos\/"]}]},{"@type":"ImageObject","inLanguage":"ru-RU","@id":"https:\/\/reginett.ee\/toode\/robotniiduk-husqvarna-automower-550-epos\/#primaryimage","url":"https:\/\/reginett.ee\/wp-content\/uploads\/2023\/05\/Husqvarna-Automower-550-EPOS.jpg","contentUrl":"https:\/\/reginett.ee\/wp-content\/uploads\/2023\/05\/Husqvarna-Automower-550-EPOS.jpg","width":680,"height":372,"caption":"Husqvarna Automower 550 EPOS"},{"@type":"BreadcrumbList","@id":"https:\/\/reginett.ee\/toode\/robotniiduk-husqvarna-automower-550-epos\/#breadcrumb","itemListElement":[{"@type":"ListItem","position":1,"name":"Home","item":"https:\/\/reginett.ee\/ru\/"},{"@type":"ListItem","position":2,"name":"Tooted","item":"https:\/\/reginett.ee\/tooted\/"},{"@type":"ListItem","position":3,"name":"Robotniiduk Husqvarna Automower\u00ae 550 EPOS"}]},{"@type":"WebSite","@id":"https:\/\/reginett.ee\/#website","url":"https:\/\/reginett.ee\/","name":"Reginett","description":"Parimad robotniidukid","potentialAction":[{"@type":"SearchAction","target":{"@type":"EntryPoint","urlTemplate":"https:\/\/reginett.ee\/?s={search_term_string}"},"query-input":{"@type":"PropertyValueSpecification","valueRequired":true,"valueName":"search_term_string"}}],"inLanguage":"ru-RU"}]}},"brands":[{"id":147,"name":"Husqvarna","slug":"husqvarna"}],"_links":{"self":[{"href":"https:\/\/reginett.ee\/ru\/wp-json\/wp\/v2\/product\/59716","targetHints":{"allow":["GET"]}}],"collection":[{"href":"https:\/\/reginett.ee\/ru\/wp-json\/wp\/v2\/product"}],"about":[{"href":"https:\/\/reginett.ee\/ru\/wp-json\/wp\/v2\/types\/product"}],"replies":[{"embeddable":true,"href":"https:\/\/reginett.ee\/ru\/wp-json\/wp\/v2\/comments?post=59716"}],"wp:featuredmedia":[{"embeddable":true,"href":"https:\/\/reginett.ee\/ru\/wp-json\/wp\/v2\/media\/59718"}],"wp:attachment":[{"href":"https:\/\/reginett.ee\/ru\/wp-json\/wp\/v2\/media?parent=59716"}],"wp:term":[{"taxonomy":"pwb-brand","embeddable":true,"href":"https:\/\/reginett.ee\/ru\/wp-json\/wp\/v2\/pwb-brand?post=59716"},{"taxonomy":"product_brand","embeddable":true,"href":"https:\/\/reginett.ee\/ru\/wp-json\/wp\/v2\/product_brand?post=59716"},{"taxonomy":"product_cat","embeddable":true,"href":"https:\/\/reginett.ee\/ru\/wp-json\/wp\/v2\/product_cat?post=59716"},{"taxonomy":"product_tag","embeddable":true,"href":"https:\/\/reginett.ee\/ru\/wp-json\/wp\/v2\/product_tag?post=59716"}],"curies":[{"name":"wp","href":"https:\/\/api.w.org\/{rel}","templated":true}]}}