{"id":59702,"date":"2025-04-13T09:14:41","date_gmt":"2025-04-13T06:14:41","guid":{"rendered":"https:\/\/reginett.ee\/?post_type=product&#038;p=59702"},"modified":"2026-03-28T13:52:32","modified_gmt":"2026-03-28T10:52:32","slug":"robotniiduk-husqvarna-automower-aspire-r4","status":"publish","type":"product","link":"https:\/\/reginett.ee\/ru\/toode\/robotniiduk-husqvarna-automower-aspire-r4\/","title":{"rendered":"Robotniiduk Husqvarna Automower\u00ae Aspire\u2122 R4"},"content":{"rendered":"<p>[et_pb_section fb_built=&#187;1&#8243; _builder_version=&#187;4.16&#8243; custom_padding=&#187;0px||||false|false&#187; global_colors_info=&#187;{}&#187; da_is_popup=&#187;off&#187; da_exit_intent=&#187;off&#187; da_has_close=&#187;on&#187; da_alt_close=&#187;off&#187; da_dark_close=&#187;off&#187; da_not_modal=&#187;on&#187; da_is_singular=&#187;off&#187; da_with_loader=&#187;off&#187; da_has_shadow=&#187;on&#187; da_disable_devices=&#187;off|off|off&#187;][et_pb_row _builder_version=&#187;4.16&#8243; background_size=&#187;initial&#187; background_position=&#187;top_left&#187; background_repeat=&#187;repeat&#187; width=&#187;100%&#187; custom_padding=&#187;0px||0px||false|false&#187; global_colors_info=&#187;{}&#187;][et_pb_column type=&#187;4_4&#8243; _builder_version=&#187;4.16&#8243; custom_padding=&#187;|||&#187; global_colors_info=&#187;{}&#187; custom_padding__hover=&#187;|||&#187;][et_pb_wc_breadcrumb _builder_version=&#187;4.16&#8243; global_colors_info=&#187;{}&#187;][\/et_pb_wc_breadcrumb][et_pb_wc_cart_notice _builder_version=&#187;4.16&#8243; global_colors_info=&#187;{}&#187;][\/et_pb_wc_cart_notice][\/et_pb_column][\/et_pb_row][et_pb_row _builder_version=&#187;4.16&#8243; background_size=&#187;initial&#187; background_position=&#187;top_left&#187; background_repeat=&#187;repeat&#187; width=&#187;100%&#187; custom_padding=&#187;0px||||false|false&#187; global_colors_info=&#187;{}&#187; column_structure=&#187;1_2,1_2&#8243;][et_pb_column type=&#187;1_2&#8243; _builder_version=&#187;4.16&#8243; custom_padding=&#187;|||&#187; global_colors_info=&#187;{}&#187; custom_padding__hover=&#187;|||&#187;][et_pb_wc_images _builder_version=&#187;4.16&#8243; global_colors_info=&#187;{}&#187;][\/et_pb_wc_images][\/et_pb_column][et_pb_column type=&#187;1_2&#8243; _builder_version=&#187;4.16&#8243; custom_padding=&#187;|||&#187; global_colors_info=&#187;{}&#187; custom_padding__hover=&#187;|||&#187;][et_pb_wc_title _builder_version=&#187;4.16&#8243; global_colors_info=&#187;{}&#187;][\/et_pb_wc_title][et_pb_wc_rating _builder_version=&#187;4.16&#8243; global_colors_info=&#187;{}&#187;][\/et_pb_wc_rating][et_pb_wc_price _builder_version=&#187;4.16&#8243; global_colors_info=&#187;{}&#187;][\/et_pb_wc_price][et_pb_wc_description _builder_version=&#187;4.16&#8243; global_colors_info=&#187;{}&#187;][\/et_pb_wc_description][et_pb_wc_add_to_cart _builder_version=&#187;4.16&#8243; global_colors_info=&#187;{}&#187;][\/et_pb_wc_add_to_cart][et_pb_wc_meta _builder_version=&#187;4.16&#8243; global_colors_info=&#187;{}&#187;][\/et_pb_wc_meta][\/et_pb_column][\/et_pb_row][et_pb_row _builder_version=&#187;4.16&#8243; background_size=&#187;initial&#187; background_position=&#187;top_left&#187; background_repeat=&#187;repeat&#187; width=&#187;100%&#187; global_colors_info=&#187;{}&#187;][et_pb_column type=&#187;4_4&#8243; _builder_version=&#187;4.16&#8243; custom_padding=&#187;|||&#187; global_colors_info=&#187;{}&#187; custom_padding__hover=&#187;|||&#187;][et_pb_wc_tabs _builder_version=&#187;4.16&#8243; global_colors_info=&#187;{}&#187;]\t\t\t\t\t[\/et_pb_wc_tabs][et_pb_wc_upsells _builder_version=&#187;4.16&#8243; global_colors_info=&#187;{}&#187;][\/et_pb_wc_upsells][et_pb_wc_related_products _builder_version=&#187;4.16&#8243; global_colors_info=&#187;{}&#187;][\/et_pb_wc_related_products][\/et_pb_column][\/et_pb_row][\/et_pb_section]<\/p>\n","protected":false},"excerpt":{"rendered":"<p>Robotniiduk Husqvarna <strong>Automower\u00ae Aspire\u2122 R4<\/strong> pakub v\u00f5imalust t\u00e4iuslikuks muru niitmiseks 24\/7. Loodud kuni 400 m\u00b2 murupindade niitmiseks koos s\u00fcstemaatilise kitsaste l\u00e4bip\u00e4\u00e4sude niitmise v\u00f5imekusega, 25% n\u00f5lvadel niitmine ja muretu t\u00f6\u00f6 tagavad k\u00fclmakaitse ja ilmastikutaimer.<\/p>\n","protected":false},"featured_media":59703,"comment_status":"open","ping_status":"closed","template":"","meta":{"_acf_changed":false,"_et_pb_use_builder":"on","_et_pb_old_content":"Robotniiduk Husqvarna <strong>Automower\u00ae Aspire\u2122 R4<\/strong> pakub v\u00f5imalust t\u00e4iuslikuks muru niitmiseks 24\/7. Loodud kuni 400 m\u00b2 murupindade niitmiseks koos s\u00fcstemaatilise kitsaste l\u00e4bip\u00e4\u00e4sude niitmise v\u00f5imekusega, 25% n\u00f5lvadel niitmine ja muretu t\u00f6\u00f6 tagavad k\u00fclmakaitse ja ilmastikutaimer.\r\n\r\nVarustatud <strong>FOTA-ga<\/strong> (automaatsed p\u00fcsivara v\u00e4rskendused \u00fcle \u00f5hu) ja h\u00f5lpsasti voolava veega puhastatav.\r\n\r\nT\u00e4ielikult juhitav nutiseadmest rakenduse <strong>Automower\u00ae Connect<\/strong> abil ning kaasasolevad seinale kinnitatavad Aspire\u2122 konksud teevad hoiustamise lihtsaks.\r\n<h3 class=\"hui-spacing--sm-mt-4-times-6 WLwtnNxco1C4cPugKSaO0g==\">Murukasvu sensor<\/h3>\r\n<p class=\"hui-spacing--sm-mt-4-times-4 K2PbruRyOKhyQZiENIYSog==\">Niiduk kohandab oma t\u00f6\u00f6aega vastavalt murukasvule, see t\u00e4hendab seda, et kiirel kasvuperioodil niidab niiduk maksimaalsel v\u00f5imsusel. Kuiva ja p\u00e4ikesepaistelise ilmaga v\u00e4hendab niiduk v\u00f5imsust ning niidab harvem.<\/p>\r\n\r\n<h3 class=\"hui-spacing--sm-mt-4-times-6 WLwtnNxco1C4cPugKSaO0g==\">S\u00fcsteemne koridori niitmine<\/h3>\r\n<p class=\"hui-spacing--sm-mt-4-times-4 K2PbruRyOKhyQZiENIYSog==\">Niiduk muudab vastavalt koridori laiusele niitmiss\u00fcsteemi.<\/p>\r\n\r\n<h3 class=\"hui-spacing--sm-mt-4-times-6 WLwtnNxco1C4cPugKSaO0g==\">Lihtne puhastada<\/h3>\r\n<p class=\"hui-spacing--sm-mt-4-times-4 K2PbruRyOKhyQZiENIYSog==\">Pealmist katet ja niidukit on v\u00f5imalik puhastada voolava veega. Kaasasoleva t\u00f6\u00f6riistaga on katet lihtne eemaldada.<\/p>\r\n\r\n<h3 class=\"hui-spacing--sm-mt-4-times-6 WLwtnNxco1C4cPugKSaO0g==\">K\u00fclmasensor<\/h3>\r\n<p class=\"hui-spacing--sm-mt-4-times-4 K2PbruRyOKhyQZiENIYSog==\">Katkestab automaatselt k\u00fclmades tingimustes niitmise ajakava, aidates muru kaitsta.<\/p>\r\n\r\n<h3 class=\"hui-spacing--sm-mt-4-times-6 WLwtnNxco1C4cPugKSaO0g==\">V\u00e4ike aga tubli<\/h3>\r\n<p class=\"hui-spacing--sm-mt-4-times-4 K2PbruRyOKhyQZiENIYSog==\">Iga Husqvarna Aspire\u2122 toote kompaktne suurus ja v\u00e4ike kaal parandavad k\u00e4sitsetavust ja pakuvad muljetavaldavat hulka Husqvarna uuenduslikke tehnoloogiaid \u2013 k\u00f5ik selleks, et suurendada masina v\u00f5imsust ja t\u00f5husust.<\/p>\r\n\r\n<h3 class=\"hui-spacing--sm-mt-4-times-6 WLwtnNxco1C4cPugKSaO0g==\">Ruumis\u00e4\u00e4stlik hoiustamine<\/h3>\r\n<p class=\"hui-spacing--sm-mt-4-times-4 K2PbruRyOKhyQZiENIYSog==\">Loomult kompaktsed ja kerged <strong>Husqvarna Aspire\u2122<\/strong> t\u00f6\u00f6riistad j\u00e4tavad veelgi v\u00e4iksema jalaj\u00e4lje t\u00e4nu reguleeritavatele, kokkupandavatele, kokkuk\u00e4ivatele v\u00f5i eemaldatavatele osadele - lihtsam hoiustamine ja transportimine kitsastes kohtades, nagu v\u00e4ikesed kuurid v\u00f5i autod. Kasutades igas pakendis olevat spetsiaalselt riputuskonksu, saate neid hoiustada otse seinal v\u00f5i riputada meie seinale kinnitatavale hoiusiinile, mis on osa Husqvarna Aspire\u2122 hoiustuss\u00fcsteemist. Siini m\u00fc\u00fcakse eraldi.<\/p>\r\n\r\n<h3 class=\"hui-spacing--sm-mt-4-times-6 WLwtnNxco1C4cPugKSaO0g==\">Automower\u00ae Connect rakendus<\/h3>\r\n<p class=\"hui-spacing--sm-mt-4-times-4 K2PbruRyOKhyQZiENIYSog==\">T\u00e4ielik kontroll robotniiduki \u00fcle Husqvarna Automower\u00ae Connect rakendusega oma nutitelefonist. Saate oma Husqvarna robotniidukit hallata ja j\u00e4lgida, vabastades teid niitmisest, kuid saavutades sellegi poolest esmaklassilise niidetud muru. Muutke oma muruhooldus Automower\u00ae Connectiga v\u00f5imalikult muretuks. S\u00f5ltuvalt mudelist on saadaval mobiilside, Wi-Fi ja Bluetooth-\u00fchendus. *Bluetooth\u00ae-\u00fchenduvus pakub kuni 30 meetrit leviala. Wi-Fi-\u00fchendus tagab levi k\u00f5ikjal maailmas, samal ajal kui niiduk on \u00fchendatud Wi-Fi-ga. Mobiilside pakub levi k\u00f5ikjal maailmas ja sisaldab 10-aastast mobiilse andmeside lepingut*. *Kaasasolev Automower\u00ae Connecti 10-aastane leping kehtib ainult juhul, kui kolmas osapool pakub piirkonnas piisavat mobiililevi.<\/p>\r\n\r\n<h3 class=\"hui-spacing--sm-mt-4-times-6 WLwtnNxco1C4cPugKSaO0g==\">Kasutajasuhtlus<\/h3>\r\n<p class=\"hui-spacing--sm-mt-4-times-4 K2PbruRyOKhyQZiENIYSog==\">K\u00f5ik Automower\u00ae Connect rakendusega varustatud robotniidukid on v\u00f5imalik \u00fchendada ka Amazon Alexa ja Google Home s\u00fcsteemiga. Lihtsalt esita h\u00e4\u00e4lk\u00e4sklus oma nutik\u00f5larile ja masin kuuletub. V\u00f5imaldab kasutada lihtsamaid k\u00e4sklusi nagu start, stop ja park. Lisaks v\u00f5imalus k\u00fcsida hetkelist staatust masina kohta.<\/p>\r\n&nbsp;\r\n\r\n&nbsp;","_et_gb_content_width":"","inline_featured_image":false},"pwb-brand":[147],"product_brand":[],"product_cat":[134,19],"product_tag":[521,528,46,44],"class_list":{"0":"post-59702","1":"product","2":"type-product","3":"status-publish","4":"has-post-thumbnail","6":"pwb-brand-husqvarna","7":"product_cat-eripakkumised","8":"product_cat-robotniidukid","9":"product_tag-aspire","10":"product_tag-aspire-r4","11":"product_tag-automower","12":"product_tag-robotniiduk","13":"product_shipping_class-soodsam-kuller-15-eur","15":"first","16":"outofstock","17":"sale","18":"shipping-taxable","19":"purchasable","20":"product-type-simple"},"acf":[],"yoast_head":"<!-- This site is optimized with the Yoast SEO plugin v26.6 - https:\/\/yoast.com\/wordpress\/plugins\/seo\/ -->\n<title>Robotniiduk Husqvarna Automower\u00ae Aspire\u2122 R4 Regine<\/title>\n<meta name=\"description\" content=\"Robotniiduk Husqvarna Automower\u00ae Aspire\u2122 R4 pakub v\u00f5imalust t\u00e4iuslikuks muru niitmiseks 24\/7. Loodud kuni 400 m\u00b2 murupindade niitmiseks\" \/>\n<meta name=\"robots\" content=\"index, follow, max-snippet:-1, max-image-preview:large, max-video-preview:-1\" \/>\n<link rel=\"canonical\" href=\"https:\/\/reginett.ee\/toode\/robotniiduk-husqvarna-automower-aspire-r4\/\" \/>\n<meta property=\"og:locale\" content=\"ru_RU\" \/>\n<meta property=\"og:type\" content=\"article\" \/>\n<meta property=\"og:title\" content=\"Robotniiduk Husqvarna Automower\u00ae Aspire\u2122 R4 Regine\" \/>\n<meta property=\"og:description\" content=\"Robotniiduk Husqvarna Automower\u00ae Aspire\u2122 R4 pakub v\u00f5imalust t\u00e4iuslikuks muru niitmiseks 24\/7. Loodud kuni 400 m\u00b2 murupindade niitmiseks\" \/>\n<meta property=\"og:url\" content=\"https:\/\/reginett.ee\/toode\/robotniiduk-husqvarna-automower-aspire-r4\/\" \/>\n<meta property=\"og:site_name\" content=\"Reginett\" \/>\n<meta property=\"article:modified_time\" content=\"2026-03-28T10:52:32+00:00\" \/>\n<meta property=\"og:image\" content=\"https:\/\/reginett.ee\/wp-content\/uploads\/2023\/05\/Robotniiduk-Husqvarna-Aspire-R4.jpg\" \/>\n\t<meta property=\"og:image:width\" content=\"680\" \/>\n\t<meta property=\"og:image:height\" content=\"372\" \/>\n\t<meta property=\"og:image:type\" content=\"image\/jpeg\" \/>\n<meta name=\"twitter:card\" content=\"summary_large_image\" \/>\n<meta name=\"twitter:label1\" content=\"\u041f\u0440\u0438\u043c\u0435\u0440\u043d\u043e\u0435 \u0432\u0440\u0435\u043c\u044f \u0434\u043b\u044f \u0447\u0442\u0435\u043d\u0438\u044f\" \/>\n\t<meta name=\"twitter:data1\" content=\"2 \u043c\u0438\u043d\u0443\u0442\u044b\" \/>\n<script type=\"application\/ld+json\" class=\"yoast-schema-graph\">{\"@context\":\"https:\/\/schema.org\",\"@graph\":[{\"@type\":\"WebPage\",\"@id\":\"https:\/\/reginett.ee\/toode\/robotniiduk-husqvarna-automower-aspire-r4\/\",\"url\":\"https:\/\/reginett.ee\/toode\/robotniiduk-husqvarna-automower-aspire-r4\/\",\"name\":\"Robotniiduk Husqvarna Automower\u00ae Aspire\u2122 R4 Regine\",\"isPartOf\":{\"@id\":\"https:\/\/reginett.ee\/#website\"},\"primaryImageOfPage\":{\"@id\":\"https:\/\/reginett.ee\/toode\/robotniiduk-husqvarna-automower-aspire-r4\/#primaryimage\"},\"image\":{\"@id\":\"https:\/\/reginett.ee\/toode\/robotniiduk-husqvarna-automower-aspire-r4\/#primaryimage\"},\"thumbnailUrl\":\"https:\/\/reginett.ee\/wp-content\/uploads\/2023\/05\/Robotniiduk-Husqvarna-Aspire-R4.jpg\",\"datePublished\":\"2025-04-13T06:14:41+00:00\",\"dateModified\":\"2026-03-28T10:52:32+00:00\",\"description\":\"Robotniiduk Husqvarna Automower\u00ae Aspire\u2122 R4 pakub v\u00f5imalust t\u00e4iuslikuks muru niitmiseks 24\/7. Loodud kuni 400 m\u00b2 murupindade niitmiseks\",\"breadcrumb\":{\"@id\":\"https:\/\/reginett.ee\/toode\/robotniiduk-husqvarna-automower-aspire-r4\/#breadcrumb\"},\"inLanguage\":\"ru-RU\",\"potentialAction\":[{\"@type\":\"ReadAction\",\"target\":[\"https:\/\/reginett.ee\/toode\/robotniiduk-husqvarna-automower-aspire-r4\/\"]}]},{\"@type\":\"ImageObject\",\"inLanguage\":\"ru-RU\",\"@id\":\"https:\/\/reginett.ee\/toode\/robotniiduk-husqvarna-automower-aspire-r4\/#primaryimage\",\"url\":\"https:\/\/reginett.ee\/wp-content\/uploads\/2023\/05\/Robotniiduk-Husqvarna-Aspire-R4.jpg\",\"contentUrl\":\"https:\/\/reginett.ee\/wp-content\/uploads\/2023\/05\/Robotniiduk-Husqvarna-Aspire-R4.jpg\",\"width\":680,\"height\":372,\"caption\":\"Robotniiduk-Husqvarna-Aspire-R4\"},{\"@type\":\"BreadcrumbList\",\"@id\":\"https:\/\/reginett.ee\/toode\/robotniiduk-husqvarna-automower-aspire-r4\/#breadcrumb\",\"itemListElement\":[{\"@type\":\"ListItem\",\"position\":1,\"name\":\"Home\",\"item\":\"https:\/\/reginett.ee\/ru\/\"},{\"@type\":\"ListItem\",\"position\":2,\"name\":\"Tooted\",\"item\":\"https:\/\/reginett.ee\/tooted\/\"},{\"@type\":\"ListItem\",\"position\":3,\"name\":\"Robotniiduk Husqvarna Automower\u00ae Aspire\u2122 R4\"}]},{\"@type\":\"WebSite\",\"@id\":\"https:\/\/reginett.ee\/#website\",\"url\":\"https:\/\/reginett.ee\/\",\"name\":\"Reginett\",\"description\":\"Parimad robotniidukid\",\"potentialAction\":[{\"@type\":\"SearchAction\",\"target\":{\"@type\":\"EntryPoint\",\"urlTemplate\":\"https:\/\/reginett.ee\/?s={search_term_string}\"},\"query-input\":{\"@type\":\"PropertyValueSpecification\",\"valueRequired\":true,\"valueName\":\"search_term_string\"}}],\"inLanguage\":\"ru-RU\"}]}<\/script>\n<!-- \/ Yoast SEO plugin. -->","yoast_head_json":{"title":"Robotniiduk Husqvarna Automower\u00ae Aspire\u2122 R4 Regine","description":"Robotniiduk Husqvarna Automower\u00ae Aspire\u2122 R4 pakub v\u00f5imalust t\u00e4iuslikuks muru niitmiseks 24\/7. Loodud kuni 400 m\u00b2 murupindade niitmiseks","robots":{"index":"index","follow":"follow","max-snippet":"max-snippet:-1","max-image-preview":"max-image-preview:large","max-video-preview":"max-video-preview:-1"},"canonical":"https:\/\/reginett.ee\/toode\/robotniiduk-husqvarna-automower-aspire-r4\/","og_locale":"ru_RU","og_type":"article","og_title":"Robotniiduk Husqvarna Automower\u00ae Aspire\u2122 R4 Regine","og_description":"Robotniiduk Husqvarna Automower\u00ae Aspire\u2122 R4 pakub v\u00f5imalust t\u00e4iuslikuks muru niitmiseks 24\/7. Loodud kuni 400 m\u00b2 murupindade niitmiseks","og_url":"https:\/\/reginett.ee\/toode\/robotniiduk-husqvarna-automower-aspire-r4\/","og_site_name":"Reginett","article_modified_time":"2026-03-28T10:52:32+00:00","og_image":[{"width":680,"height":372,"url":"https:\/\/reginett.ee\/wp-content\/uploads\/2023\/05\/Robotniiduk-Husqvarna-Aspire-R4.jpg","type":"image\/jpeg"}],"twitter_card":"summary_large_image","twitter_misc":{"\u041f\u0440\u0438\u043c\u0435\u0440\u043d\u043e\u0435 \u0432\u0440\u0435\u043c\u044f \u0434\u043b\u044f \u0447\u0442\u0435\u043d\u0438\u044f":"2 \u043c\u0438\u043d\u0443\u0442\u044b"},"schema":{"@context":"https:\/\/schema.org","@graph":[{"@type":"WebPage","@id":"https:\/\/reginett.ee\/toode\/robotniiduk-husqvarna-automower-aspire-r4\/","url":"https:\/\/reginett.ee\/toode\/robotniiduk-husqvarna-automower-aspire-r4\/","name":"Robotniiduk Husqvarna Automower\u00ae Aspire\u2122 R4 Regine","isPartOf":{"@id":"https:\/\/reginett.ee\/#website"},"primaryImageOfPage":{"@id":"https:\/\/reginett.ee\/toode\/robotniiduk-husqvarna-automower-aspire-r4\/#primaryimage"},"image":{"@id":"https:\/\/reginett.ee\/toode\/robotniiduk-husqvarna-automower-aspire-r4\/#primaryimage"},"thumbnailUrl":"https:\/\/reginett.ee\/wp-content\/uploads\/2023\/05\/Robotniiduk-Husqvarna-Aspire-R4.jpg","datePublished":"2025-04-13T06:14:41+00:00","dateModified":"2026-03-28T10:52:32+00:00","description":"Robotniiduk Husqvarna Automower\u00ae Aspire\u2122 R4 pakub v\u00f5imalust t\u00e4iuslikuks muru niitmiseks 24\/7. Loodud kuni 400 m\u00b2 murupindade niitmiseks","breadcrumb":{"@id":"https:\/\/reginett.ee\/toode\/robotniiduk-husqvarna-automower-aspire-r4\/#breadcrumb"},"inLanguage":"ru-RU","potentialAction":[{"@type":"ReadAction","target":["https:\/\/reginett.ee\/toode\/robotniiduk-husqvarna-automower-aspire-r4\/"]}]},{"@type":"ImageObject","inLanguage":"ru-RU","@id":"https:\/\/reginett.ee\/toode\/robotniiduk-husqvarna-automower-aspire-r4\/#primaryimage","url":"https:\/\/reginett.ee\/wp-content\/uploads\/2023\/05\/Robotniiduk-Husqvarna-Aspire-R4.jpg","contentUrl":"https:\/\/reginett.ee\/wp-content\/uploads\/2023\/05\/Robotniiduk-Husqvarna-Aspire-R4.jpg","width":680,"height":372,"caption":"Robotniiduk-Husqvarna-Aspire-R4"},{"@type":"BreadcrumbList","@id":"https:\/\/reginett.ee\/toode\/robotniiduk-husqvarna-automower-aspire-r4\/#breadcrumb","itemListElement":[{"@type":"ListItem","position":1,"name":"Home","item":"https:\/\/reginett.ee\/ru\/"},{"@type":"ListItem","position":2,"name":"Tooted","item":"https:\/\/reginett.ee\/tooted\/"},{"@type":"ListItem","position":3,"name":"Robotniiduk Husqvarna Automower\u00ae Aspire\u2122 R4"}]},{"@type":"WebSite","@id":"https:\/\/reginett.ee\/#website","url":"https:\/\/reginett.ee\/","name":"Reginett","description":"Parimad robotniidukid","potentialAction":[{"@type":"SearchAction","target":{"@type":"EntryPoint","urlTemplate":"https:\/\/reginett.ee\/?s={search_term_string}"},"query-input":{"@type":"PropertyValueSpecification","valueRequired":true,"valueName":"search_term_string"}}],"inLanguage":"ru-RU"}]}},"brands":[{"id":147,"name":"Husqvarna","slug":"husqvarna"}],"_links":{"self":[{"href":"https:\/\/reginett.ee\/ru\/wp-json\/wp\/v2\/product\/59702","targetHints":{"allow":["GET"]}}],"collection":[{"href":"https:\/\/reginett.ee\/ru\/wp-json\/wp\/v2\/product"}],"about":[{"href":"https:\/\/reginett.ee\/ru\/wp-json\/wp\/v2\/types\/product"}],"replies":[{"embeddable":true,"href":"https:\/\/reginett.ee\/ru\/wp-json\/wp\/v2\/comments?post=59702"}],"wp:featuredmedia":[{"embeddable":true,"href":"https:\/\/reginett.ee\/ru\/wp-json\/wp\/v2\/media\/59703"}],"wp:attachment":[{"href":"https:\/\/reginett.ee\/ru\/wp-json\/wp\/v2\/media?parent=59702"}],"wp:term":[{"taxonomy":"pwb-brand","embeddable":true,"href":"https:\/\/reginett.ee\/ru\/wp-json\/wp\/v2\/pwb-brand?post=59702"},{"taxonomy":"product_brand","embeddable":true,"href":"https:\/\/reginett.ee\/ru\/wp-json\/wp\/v2\/product_brand?post=59702"},{"taxonomy":"product_cat","embeddable":true,"href":"https:\/\/reginett.ee\/ru\/wp-json\/wp\/v2\/product_cat?post=59702"},{"taxonomy":"product_tag","embeddable":true,"href":"https:\/\/reginett.ee\/ru\/wp-json\/wp\/v2\/product_tag?post=59702"}],"curies":[{"name":"wp","href":"https:\/\/api.w.org\/{rel}","templated":true}]}}