{"id":59679,"date":"2023-05-01T10:55:17","date_gmt":"2023-05-01T07:55:17","guid":{"rendered":"https:\/\/reginett.ee\/?post_type=product&#038;p=59679"},"modified":"2025-06-20T11:54:25","modified_gmt":"2025-06-20T08:54:25","slug":"nullpoorderaadiusega-akumurutraktor-ego-zt5201e-l","status":"publish","type":"product","link":"https:\/\/reginett.ee\/ru\/toode\/nullpoorderaadiusega-akumurutraktor-ego-zt5201e-l\/","title":{"rendered":"Nullp\u00f6\u00f6rderaadiusega akumurutraktor EGO ZT5201E-L"},"content":{"rendered":"<p><strong>EGO ZT5201E-L<\/strong> Power+ 132cm Z6 nullp\u00f6\u00f6rderaadiusega akumurutraktor on midagi ennen\u00e4gematut. Nimelt on tegemist esimese akutoitel zeroturniga, millele sobivad samad akud, mis k\u00f5igile teistele EGO Power+ seeria toodetele.<\/p>\n<p>Masinal on \u00fclitugev keeviskorpus!<\/p>\n<ul>\n<li><strong>TASUTA kaasa 10Ah ja 5Ah aku!<\/strong><\/li>\n<\/ul>\n<p>Kokku mahub Z6 pesadesse 6 Peak Power+TM s\u00fcsteemiga EGO 56V kaare-kujulist liitiumakut, mida m\u00fc\u00fcakse eraldi.<\/p>\n<p>Z6 on v\u00f5rreldav 22 hobuj\u00f5uga bensiinimootoriga murutraktoriga \u2013 ta on v\u00f5imeline liikuma kuni 12,8 km\/h ja niitma kuue 10Ah akuga kuni 12000 m2.<\/p>\n<p><strong>POWER BEYOND BELIEF\u2122 \u2013 EHK USKUMATU V\u00d5IMSUS<\/strong><\/p>\n<p>Z6 on maailma esimene akutraktor, mille toiteallikateks on tavaliste EGO 56V<br \/>\nakutoodete akud. Kokku on v\u00f5imalik sinna panna korraga kuni 6 akut, mille Peak<br \/>\nPower+TM tehnoloogia tagab bensiinimootoriga v\u00f5rreldava j\u00f5udluse. Kui Sul on<br \/>\nvarasemalt juba n\u00e4iteks kodus 15Ah erinevaid EGO akusid, siis saab Z6 nendega<br \/>\ntagaaia ja isegi rohkem juba \u00e4ra niita.<\/p>\n<p><strong>KOHANDA VASTAVALT OMA VAJADUSTELE<\/strong><\/p>\n<p>Intuitiivne LCD ekraan v\u00f5imaldab kohandada liikumist vastavalt oma soovile valides<br \/>\nkolme erineva s\u00f5idure\u017eiimi vahel \u2013 Standard igap\u00e4evaseks tavakasutamiseks, Control<br \/>\nt\u00f6\u00f6tamaks keerukamal niidupinnal ja Sport suurema tasase pindala kiireks niitmiseks.<br \/>\nBluetoothi abil saad oma telefonist kontrollida niiduseadistusi, monitoorida akude<br \/>\nseisu ja teha tarkvaralisi uuendusi.<\/p>\n<p><strong>NIIDA NII, KUIDAS SOOVID<\/strong><\/p>\n<p>Ergonoomilise juhthoova abil saab h\u00f5lpsasti \u00fche k\u00e4ega valida k\u00fcmne erineva<br \/>\nniiduk\u00f5rguse vahel, mille abil saavutad 2,5-10cm niidutulemuse vastavalt oma<br \/>\neelistustele. T\u00e4iusliku niidutulemuse kindlustab kolm-\u00fches valik, mida teha niidetud<br \/>\nmuruj\u00e4\u00e4giga: peenestada, kasutada k\u00fclgv\u00e4ljaviset v\u00f5i koguda kokku (kogumisvarustus<br \/>\non m\u00fc\u00fcgil eraldi).<\/p>\n<p><strong>T\u00c4IUSLIKULT VARUSTATUD<\/strong><\/p>\n<p>32 intensiivset LED tuld valgustavad kehvades n\u00e4htavusoludes juhi vaatev\u00e4ljast iga<br \/>\nnurga 360 kraadi ulatuses. Z6 akutraktori standardvarustusse kuuluvad lisaks veel<br \/>\nkaks joogitopsi hoidjat, mahukas hoiulaegas koos spetsiaalse telefonihoidja ja USB<br \/>\nlaadimispesaga, tagades v\u00f5imalikult mugava niiduelamuse.<\/p>\n<p><strong>T\u00d6\u00d6STUSHARU JUHTIV LAADIMISKIIRUS<\/strong><\/p>\n<p>Kui \u00fchendad Z6 laadimisjuhtmega, siis 1600W laadija laeb paralleelselt kuni kuut<br \/>\nakut. T\u00f6\u00f6stusharu juhtiv laadimiskiirus v\u00f5imaldab laadida korraga neli 10Ah akut<br \/>\nainult 2 tunniga, mis teeb ta konkurentidest neli korda kiiremaks. Jahutusventilaatori<br \/>\naktiivne s\u00fcsteem toetab akude kiiret laadimist ilma \u00fclekuumenemata ja laadija<br \/>\nseinakinnitus v\u00f5imaldab ruumi kokkuhoidu.<\/p>\n","protected":false},"excerpt":{"rendered":"<p><strong>EGO ZT5201E-L<\/strong> Power+ 132cm Z6 nullp\u00f6\u00f6rderaadiusega akumurutraktor on midagi ennen\u00e4gematut. Nimelt on tegemist esimese akutoitel murutraktoriga, millele sobivad samad akud, mis k\u00f5igile teistele EGO Power+ seeria toodetele.<\/p>\n<h3><span style=\"color: #ff0000;\"><strong>2025 KAMPAANIA \u2013 EGO MURUTRAKTORIGA TASUTA KAASA 4 X 10 Ah AKUD!<\/strong><\/span><\/h3>\n<h3><span style=\"color: #ff0000;\"><strong> kingituse v\u00e4\u00e4rtus 2396.-<\/strong><\/span><\/h3>\n<p><strong>Kliendid kiidavad!<\/strong><\/p>\n","protected":false},"featured_media":59680,"comment_status":"open","ping_status":"closed","template":"","meta":{"_acf_changed":false,"_et_pb_use_builder":"","_et_pb_old_content":"","_et_gb_content_width":"","inline_featured_image":false},"pwb-brand":[486],"product_brand":[],"product_cat":[48,57],"product_tag":[527,93,94],"class_list":{"0":"post-59679","1":"product","2":"type-product","3":"status-publish","4":"has-post-thumbnail","6":"pwb-brand-ego","7":"product_cat-akutooted","8":"product_cat-zeroturnid","9":"product_tag-ego","10":"product_tag-nullpoorderaadiusega","11":"product_tag-zeroturn","12":"product_shipping_class-rasked-asjad","14":"first","15":"instock","16":"sale","17":"shipping-taxable","18":"purchasable","19":"product-type-simple"},"acf":[],"yoast_head":"<!-- This site is optimized with the Yoast SEO plugin v26.6 - https:\/\/yoast.com\/wordpress\/plugins\/seo\/ -->\n<title>Nullp\u00f6\u00f6rderaadiusega akumurutraktor EGO ZT5201E-L Reginetist<\/title>\n<meta name=\"description\" content=\"EGO ZT5201E-L Power+ 132cm Z6 nullp\u00f6\u00f6rderaadiusega akumurutraktor on midagi ennen\u00e4gematut. Nimelt on tegemist esimese akutoitel murutraktoriga\" \/>\n<meta name=\"robots\" content=\"index, follow, max-snippet:-1, max-image-preview:large, max-video-preview:-1\" \/>\n<link rel=\"canonical\" href=\"https:\/\/reginett.ee\/toode\/nullpoorderaadiusega-akumurutraktor-ego-zt5201e-l\/\" \/>\n<meta property=\"og:locale\" content=\"ru_RU\" \/>\n<meta property=\"og:type\" content=\"article\" \/>\n<meta property=\"og:title\" content=\"Nullp\u00f6\u00f6rderaadiusega akumurutraktor EGO ZT5201E-L Reginetist\" \/>\n<meta property=\"og:description\" content=\"EGO ZT5201E-L Power+ 132cm Z6 nullp\u00f6\u00f6rderaadiusega akumurutraktor on midagi ennen\u00e4gematut. Nimelt on tegemist esimese akutoitel murutraktoriga\" \/>\n<meta property=\"og:url\" content=\"https:\/\/reginett.ee\/toode\/nullpoorderaadiusega-akumurutraktor-ego-zt5201e-l\/\" \/>\n<meta property=\"og:site_name\" content=\"Reginett\" \/>\n<meta property=\"article:modified_time\" content=\"2025-06-20T08:54:25+00:00\" \/>\n<meta property=\"og:image\" content=\"https:\/\/reginett.ee\/wp-content\/uploads\/2023\/05\/Zeroturn-EGO-ZT5201.webp\" \/>\n\t<meta property=\"og:image:width\" content=\"1250\" \/>\n\t<meta property=\"og:image:height\" content=\"1250\" \/>\n\t<meta property=\"og:image:type\" content=\"image\/webp\" \/>\n<meta name=\"twitter:card\" content=\"summary_large_image\" \/>\n<meta name=\"twitter:label1\" content=\"\u041f\u0440\u0438\u043c\u0435\u0440\u043d\u043e\u0435 \u0432\u0440\u0435\u043c\u044f \u0434\u043b\u044f \u0447\u0442\u0435\u043d\u0438\u044f\" \/>\n\t<meta name=\"twitter:data1\" content=\"2 \u043c\u0438\u043d\u0443\u0442\u044b\" \/>\n<script type=\"application\/ld+json\" class=\"yoast-schema-graph\">{\"@context\":\"https:\/\/schema.org\",\"@graph\":[{\"@type\":\"WebPage\",\"@id\":\"https:\/\/reginett.ee\/toode\/nullpoorderaadiusega-akumurutraktor-ego-zt5201e-l\/\",\"url\":\"https:\/\/reginett.ee\/toode\/nullpoorderaadiusega-akumurutraktor-ego-zt5201e-l\/\",\"name\":\"Nullp\u00f6\u00f6rderaadiusega akumurutraktor EGO ZT5201E-L Reginetist\",\"isPartOf\":{\"@id\":\"https:\/\/reginett.ee\/#website\"},\"primaryImageOfPage\":{\"@id\":\"https:\/\/reginett.ee\/toode\/nullpoorderaadiusega-akumurutraktor-ego-zt5201e-l\/#primaryimage\"},\"image\":{\"@id\":\"https:\/\/reginett.ee\/toode\/nullpoorderaadiusega-akumurutraktor-ego-zt5201e-l\/#primaryimage\"},\"thumbnailUrl\":\"https:\/\/reginett.ee\/wp-content\/uploads\/2023\/05\/Zeroturn-EGO-ZT5201.webp\",\"datePublished\":\"2023-05-01T07:55:17+00:00\",\"dateModified\":\"2025-06-20T08:54:25+00:00\",\"description\":\"EGO ZT5201E-L Power+ 132cm Z6 nullp\u00f6\u00f6rderaadiusega akumurutraktor on midagi ennen\u00e4gematut. Nimelt on tegemist esimese akutoitel murutraktoriga\",\"breadcrumb\":{\"@id\":\"https:\/\/reginett.ee\/toode\/nullpoorderaadiusega-akumurutraktor-ego-zt5201e-l\/#breadcrumb\"},\"inLanguage\":\"ru-RU\",\"potentialAction\":[{\"@type\":\"ReadAction\",\"target\":[\"https:\/\/reginett.ee\/toode\/nullpoorderaadiusega-akumurutraktor-ego-zt5201e-l\/\"]}]},{\"@type\":\"ImageObject\",\"inLanguage\":\"ru-RU\",\"@id\":\"https:\/\/reginett.ee\/toode\/nullpoorderaadiusega-akumurutraktor-ego-zt5201e-l\/#primaryimage\",\"url\":\"https:\/\/reginett.ee\/wp-content\/uploads\/2023\/05\/Zeroturn-EGO-ZT5201.webp\",\"contentUrl\":\"https:\/\/reginett.ee\/wp-content\/uploads\/2023\/05\/Zeroturn-EGO-ZT5201.webp\",\"width\":1250,\"height\":1250},{\"@type\":\"BreadcrumbList\",\"@id\":\"https:\/\/reginett.ee\/toode\/nullpoorderaadiusega-akumurutraktor-ego-zt5201e-l\/#breadcrumb\",\"itemListElement\":[{\"@type\":\"ListItem\",\"position\":1,\"name\":\"Home\",\"item\":\"https:\/\/reginett.ee\/ru\/\"},{\"@type\":\"ListItem\",\"position\":2,\"name\":\"Tooted\",\"item\":\"https:\/\/reginett.ee\/tooted\/\"},{\"@type\":\"ListItem\",\"position\":3,\"name\":\"Nullp\u00f6\u00f6rderaadiusega akumurutraktor EGO ZT5201E-L\"}]},{\"@type\":\"WebSite\",\"@id\":\"https:\/\/reginett.ee\/#website\",\"url\":\"https:\/\/reginett.ee\/\",\"name\":\"Reginett\",\"description\":\"Parimad robotniidukid\",\"potentialAction\":[{\"@type\":\"SearchAction\",\"target\":{\"@type\":\"EntryPoint\",\"urlTemplate\":\"https:\/\/reginett.ee\/?s={search_term_string}\"},\"query-input\":{\"@type\":\"PropertyValueSpecification\",\"valueRequired\":true,\"valueName\":\"search_term_string\"}}],\"inLanguage\":\"ru-RU\"}]}<\/script>\n<!-- \/ Yoast SEO plugin. -->","yoast_head_json":{"title":"Nullp\u00f6\u00f6rderaadiusega akumurutraktor EGO ZT5201E-L Reginetist","description":"EGO ZT5201E-L Power+ 132cm Z6 nullp\u00f6\u00f6rderaadiusega akumurutraktor on midagi ennen\u00e4gematut. Nimelt on tegemist esimese akutoitel murutraktoriga","robots":{"index":"index","follow":"follow","max-snippet":"max-snippet:-1","max-image-preview":"max-image-preview:large","max-video-preview":"max-video-preview:-1"},"canonical":"https:\/\/reginett.ee\/toode\/nullpoorderaadiusega-akumurutraktor-ego-zt5201e-l\/","og_locale":"ru_RU","og_type":"article","og_title":"Nullp\u00f6\u00f6rderaadiusega akumurutraktor EGO ZT5201E-L Reginetist","og_description":"EGO ZT5201E-L Power+ 132cm Z6 nullp\u00f6\u00f6rderaadiusega akumurutraktor on midagi ennen\u00e4gematut. Nimelt on tegemist esimese akutoitel murutraktoriga","og_url":"https:\/\/reginett.ee\/toode\/nullpoorderaadiusega-akumurutraktor-ego-zt5201e-l\/","og_site_name":"Reginett","article_modified_time":"2025-06-20T08:54:25+00:00","og_image":[{"width":1250,"height":1250,"url":"https:\/\/reginett.ee\/wp-content\/uploads\/2023\/05\/Zeroturn-EGO-ZT5201.webp","type":"image\/webp"}],"twitter_card":"summary_large_image","twitter_misc":{"\u041f\u0440\u0438\u043c\u0435\u0440\u043d\u043e\u0435 \u0432\u0440\u0435\u043c\u044f \u0434\u043b\u044f \u0447\u0442\u0435\u043d\u0438\u044f":"2 \u043c\u0438\u043d\u0443\u0442\u044b"},"schema":{"@context":"https:\/\/schema.org","@graph":[{"@type":"WebPage","@id":"https:\/\/reginett.ee\/toode\/nullpoorderaadiusega-akumurutraktor-ego-zt5201e-l\/","url":"https:\/\/reginett.ee\/toode\/nullpoorderaadiusega-akumurutraktor-ego-zt5201e-l\/","name":"Nullp\u00f6\u00f6rderaadiusega akumurutraktor EGO ZT5201E-L Reginetist","isPartOf":{"@id":"https:\/\/reginett.ee\/#website"},"primaryImageOfPage":{"@id":"https:\/\/reginett.ee\/toode\/nullpoorderaadiusega-akumurutraktor-ego-zt5201e-l\/#primaryimage"},"image":{"@id":"https:\/\/reginett.ee\/toode\/nullpoorderaadiusega-akumurutraktor-ego-zt5201e-l\/#primaryimage"},"thumbnailUrl":"https:\/\/reginett.ee\/wp-content\/uploads\/2023\/05\/Zeroturn-EGO-ZT5201.webp","datePublished":"2023-05-01T07:55:17+00:00","dateModified":"2025-06-20T08:54:25+00:00","description":"EGO ZT5201E-L Power+ 132cm Z6 nullp\u00f6\u00f6rderaadiusega akumurutraktor on midagi ennen\u00e4gematut. Nimelt on tegemist esimese akutoitel murutraktoriga","breadcrumb":{"@id":"https:\/\/reginett.ee\/toode\/nullpoorderaadiusega-akumurutraktor-ego-zt5201e-l\/#breadcrumb"},"inLanguage":"ru-RU","potentialAction":[{"@type":"ReadAction","target":["https:\/\/reginett.ee\/toode\/nullpoorderaadiusega-akumurutraktor-ego-zt5201e-l\/"]}]},{"@type":"ImageObject","inLanguage":"ru-RU","@id":"https:\/\/reginett.ee\/toode\/nullpoorderaadiusega-akumurutraktor-ego-zt5201e-l\/#primaryimage","url":"https:\/\/reginett.ee\/wp-content\/uploads\/2023\/05\/Zeroturn-EGO-ZT5201.webp","contentUrl":"https:\/\/reginett.ee\/wp-content\/uploads\/2023\/05\/Zeroturn-EGO-ZT5201.webp","width":1250,"height":1250},{"@type":"BreadcrumbList","@id":"https:\/\/reginett.ee\/toode\/nullpoorderaadiusega-akumurutraktor-ego-zt5201e-l\/#breadcrumb","itemListElement":[{"@type":"ListItem","position":1,"name":"Home","item":"https:\/\/reginett.ee\/ru\/"},{"@type":"ListItem","position":2,"name":"Tooted","item":"https:\/\/reginett.ee\/tooted\/"},{"@type":"ListItem","position":3,"name":"Nullp\u00f6\u00f6rderaadiusega akumurutraktor EGO ZT5201E-L"}]},{"@type":"WebSite","@id":"https:\/\/reginett.ee\/#website","url":"https:\/\/reginett.ee\/","name":"Reginett","description":"Parimad robotniidukid","potentialAction":[{"@type":"SearchAction","target":{"@type":"EntryPoint","urlTemplate":"https:\/\/reginett.ee\/?s={search_term_string}"},"query-input":{"@type":"PropertyValueSpecification","valueRequired":true,"valueName":"search_term_string"}}],"inLanguage":"ru-RU"}]}},"brands":[{"id":486,"name":"EGO","slug":"ego"}],"_links":{"self":[{"href":"https:\/\/reginett.ee\/ru\/wp-json\/wp\/v2\/product\/59679","targetHints":{"allow":["GET"]}}],"collection":[{"href":"https:\/\/reginett.ee\/ru\/wp-json\/wp\/v2\/product"}],"about":[{"href":"https:\/\/reginett.ee\/ru\/wp-json\/wp\/v2\/types\/product"}],"replies":[{"embeddable":true,"href":"https:\/\/reginett.ee\/ru\/wp-json\/wp\/v2\/comments?post=59679"}],"wp:featuredmedia":[{"embeddable":true,"href":"https:\/\/reginett.ee\/ru\/wp-json\/wp\/v2\/media\/59680"}],"wp:attachment":[{"href":"https:\/\/reginett.ee\/ru\/wp-json\/wp\/v2\/media?parent=59679"}],"wp:term":[{"taxonomy":"pwb-brand","embeddable":true,"href":"https:\/\/reginett.ee\/ru\/wp-json\/wp\/v2\/pwb-brand?post=59679"},{"taxonomy":"product_brand","embeddable":true,"href":"https:\/\/reginett.ee\/ru\/wp-json\/wp\/v2\/product_brand?post=59679"},{"taxonomy":"product_cat","embeddable":true,"href":"https:\/\/reginett.ee\/ru\/wp-json\/wp\/v2\/product_cat?post=59679"},{"taxonomy":"product_tag","embeddable":true,"href":"https:\/\/reginett.ee\/ru\/wp-json\/wp\/v2\/product_tag?post=59679"}],"curies":[{"name":"wp","href":"https:\/\/api.w.org\/{rel}","templated":true}]}}