{"id":59672,"date":"2025-06-18T10:39:14","date_gmt":"2025-06-18T07:39:14","guid":{"rendered":"https:\/\/reginett.ee\/?post_type=product&#038;p=59672"},"modified":"2025-08-05T15:55:40","modified_gmt":"2025-08-05T12:55:40","slug":"akutrimmer-husqvarna-215il-uus","status":"publish","type":"product","link":"https:\/\/reginett.ee\/ru\/toode\/akutrimmer-husqvarna-215il-uus\/","title":{"rendered":"Akutrimmer Husqvarna 215iL"},"content":{"rendered":"<p><strong>Husqvarna 215iL<\/strong> on esmaklassiline akuga murutrimmer, mis sobib ideaalselt muruservade ja k\u00f5rgema muru kiireks ja lihtsaks p\u00fcgamiseks suuremates aedades. V\u00f5imas harjadeta mootor t\u00f6\u00f6tab madala m\u00fcra, vibratsiooni ja otseste heitmeteta.<\/p>\n<p>T\u00e4nu v\u00e4ikesele kaalule, teleskoopilisele k\u00e4epidemele ja reguleeritavale k\u00e4epidemele on toodet mugav hoiustada ja transportida. Lihtne ja kiire trimmij\u00f5hvi vahetus.<\/p>\n<p>*komplektis aku ja laadija!<\/p>\n<div class=\"hui-box hui-flexbox--container hui-size--sm-w-full\"><\/div>\n<h3 class=\"hui-spacing--sm-mt-4-times-6 WLwtnNxco1C4cPugKSaO0g==\">Vaikne t\u00f6\u00f6<\/h3>\n<h6 class=\"hui-spacing--sm-mt-4-times-6 WLwtnNxco1C4cPugKSaO0g==\">Madal m\u00fcratase v\u00f5imaldab mugavat t\u00f6\u00f6d ja ei sega teisi.<\/h6>\n<h3 class=\"hui-spacing--sm-mt-4-times-6 WLwtnNxco1C4cPugKSaO0g==\">Automaatne v\u00e4ljal\u00fclitus<\/h3>\n<p class=\"hui-spacing--sm-mt-4-times-4 K2PbruRyOKhyQZiENIYSog==\">Kui seadet ei kasutata, siis l\u00fclitub see automaatselt 60 sek p\u00e4rast v\u00e4lja. See suurendab turvalisust ning pikendab aku eluiga.<\/p>\n<h3 class=\"hui-spacing--sm-mt-4-times-6 WLwtnNxco1C4cPugKSaO0g==\">Harjadeta mootor<\/h3>\n<p class=\"hui-spacing--sm-mt-4-times-4 K2PbruRyOKhyQZiENIYSog==\">Hea kaalu ja v\u00f5imsuse suhe tagab efektiivsema t\u00f6\u00f6, vastupidavuse, madalama m\u00fcrataseme ja pikema toote eluea.<\/p>\n<h3 class=\"hui-spacing--sm-mt-4-times-6 WLwtnNxco1C4cPugKSaO0g==\">Nutikas akupaigutus<\/h3>\n<p class=\"hui-spacing--sm-mt-4-times-4 K2PbruRyOKhyQZiENIYSog==\">Nutikas l\u00e4bi korpuse asetsev aku v\u00e4hendab mustuse ja niiskuse kogunemist akupessa. T\u00e4nu sellele on ka aku klemmide eluiga pikem. Lisaks jaotab selline lahendus aku raskuse \u00fchtlaselt, mis omakorda parandab masina man\u00f6\u00f6verdusv\u00f5imet. Korpust l\u00e4biv disain pakub ka suurt paindlikkust, kuna v\u00f5imaldab kasutada erineva suurusega akusid.<\/p>\n<h3 class=\"hui-spacing--sm-mt-4-times-6 WLwtnNxco1C4cPugKSaO0g==\">Madalad s\u00fcsinikuheitmed<\/h3>\n<p class=\"hui-spacing--sm-mt-4-times-4 K2PbruRyOKhyQZiENIYSog==\">Selle toote valimisel v\u00f5id olla kindel, et see tekitab aktiivsel kasutamisel v\u00e4hem s\u00fcsinikuheitmeid v\u00f5rreldes traditsioonilise bensiinitootega. See akutoitega toode ei eralda kasutamise ajal CO2-heitmeid, kuid pakub Husqvarna toodetele omast v\u00f5imsust ja kvaliteeti. Siiski on oluline m\u00e4rkida, et CO22-heitmed tekivad toote eluts\u00fckli muudel etappidel, n\u00e4iteks tootmisel, laadimisel ja utiliseerimisel.<\/p>\n","protected":false},"excerpt":{"rendered":"<p><strong>Husqvarna 215iL<\/strong> on esmaklassiline akuga murutrimmer, mis sobib ideaalselt muruservade ja k\u00f5rgema muru kiireks ja lihtsaks p\u00fcgamiseks suuremates aedades. V\u00f5imas harjadeta mootor t\u00f6\u00f6tab madala m\u00fcra, vibratsiooni ja otseste heitmeteta.<\/p>\n<p>*komplektis aku ka laadija!<\/p>\n","protected":false},"featured_media":59673,"comment_status":"open","ping_status":"closed","template":"","meta":{"_acf_changed":false,"_et_pb_use_builder":"","_et_pb_old_content":"","_et_gb_content_width":"","inline_featured_image":false},"pwb-brand":[147],"product_brand":[],"product_cat":[48,37,54],"product_tag":[86,95],"class_list":{"0":"post-59672","1":"product","2":"type-product","3":"status-publish","4":"has-post-thumbnail","6":"pwb-brand-husqvarna","7":"product_cat-akutooted","8":"product_cat-husqvarna","9":"product_cat-trimmerid-ja-vosaloikurid","10":"product_tag-akutrimmer","11":"product_tag-trimmer","12":"product_shipping_class-soodsam-kuller-15-eur","14":"first","15":"instock","16":"shipping-taxable","17":"purchasable","18":"product-type-simple"},"acf":[],"yoast_head":"<!-- This site is optimized with the Yoast SEO plugin v26.6 - https:\/\/yoast.com\/wordpress\/plugins\/seo\/ -->\n<title>Akutrimmer Husqvarna 215iL. Parimad Husqvarna akutooted<\/title>\n<meta name=\"description\" content=\"Husqvarna 215iL on esmaklassiline akuga murutrimmer, mis sobib ideaalselt muruservade ja k\u00f5rgema muru kiireks ja lihtsaks p\u00fcgamiseks suuremates\" \/>\n<meta name=\"robots\" content=\"index, follow, max-snippet:-1, max-image-preview:large, max-video-preview:-1\" \/>\n<link rel=\"canonical\" href=\"https:\/\/reginett.ee\/toode\/akutrimmer-husqvarna-215il-uus\/\" \/>\n<meta property=\"og:locale\" content=\"ru_RU\" \/>\n<meta property=\"og:type\" content=\"article\" \/>\n<meta property=\"og:title\" content=\"Akutrimmer Husqvarna 215iL. Parimad Husqvarna akutooted\" \/>\n<meta property=\"og:description\" content=\"Husqvarna 215iL on esmaklassiline akuga murutrimmer, mis sobib ideaalselt muruservade ja k\u00f5rgema muru kiireks ja lihtsaks p\u00fcgamiseks suuremates\" \/>\n<meta property=\"og:url\" content=\"https:\/\/reginett.ee\/toode\/akutrimmer-husqvarna-215il-uus\/\" \/>\n<meta property=\"og:site_name\" content=\"Reginett\" \/>\n<meta property=\"article:modified_time\" content=\"2025-08-05T12:55:40+00:00\" \/>\n<meta property=\"og:image\" content=\"https:\/\/reginett.ee\/wp-content\/uploads\/2023\/05\/Akutrimmer-Husqvarna-215iL.jpg\" \/>\n\t<meta property=\"og:image:width\" content=\"680\" \/>\n\t<meta property=\"og:image:height\" content=\"372\" \/>\n\t<meta property=\"og:image:type\" content=\"image\/jpeg\" \/>\n<meta name=\"twitter:card\" content=\"summary_large_image\" \/>\n<meta name=\"twitter:label1\" content=\"\u041f\u0440\u0438\u043c\u0435\u0440\u043d\u043e\u0435 \u0432\u0440\u0435\u043c\u044f \u0434\u043b\u044f \u0447\u0442\u0435\u043d\u0438\u044f\" \/>\n\t<meta name=\"twitter:data1\" content=\"2 \u043c\u0438\u043d\u0443\u0442\u044b\" \/>\n<script type=\"application\/ld+json\" class=\"yoast-schema-graph\">{\"@context\":\"https:\/\/schema.org\",\"@graph\":[{\"@type\":\"WebPage\",\"@id\":\"https:\/\/reginett.ee\/toode\/akutrimmer-husqvarna-215il-uus\/\",\"url\":\"https:\/\/reginett.ee\/toode\/akutrimmer-husqvarna-215il-uus\/\",\"name\":\"Akutrimmer Husqvarna 215iL. Parimad Husqvarna akutooted\",\"isPartOf\":{\"@id\":\"https:\/\/reginett.ee\/#website\"},\"primaryImageOfPage\":{\"@id\":\"https:\/\/reginett.ee\/toode\/akutrimmer-husqvarna-215il-uus\/#primaryimage\"},\"image\":{\"@id\":\"https:\/\/reginett.ee\/toode\/akutrimmer-husqvarna-215il-uus\/#primaryimage\"},\"thumbnailUrl\":\"https:\/\/reginett.ee\/wp-content\/uploads\/2023\/05\/Akutrimmer-Husqvarna-215iL.jpg\",\"datePublished\":\"2025-06-18T07:39:14+00:00\",\"dateModified\":\"2025-08-05T12:55:40+00:00\",\"description\":\"Husqvarna 215iL on esmaklassiline akuga murutrimmer, mis sobib ideaalselt muruservade ja k\u00f5rgema muru kiireks ja lihtsaks p\u00fcgamiseks suuremates\",\"breadcrumb\":{\"@id\":\"https:\/\/reginett.ee\/toode\/akutrimmer-husqvarna-215il-uus\/#breadcrumb\"},\"inLanguage\":\"ru-RU\",\"potentialAction\":[{\"@type\":\"ReadAction\",\"target\":[\"https:\/\/reginett.ee\/toode\/akutrimmer-husqvarna-215il-uus\/\"]}]},{\"@type\":\"ImageObject\",\"inLanguage\":\"ru-RU\",\"@id\":\"https:\/\/reginett.ee\/toode\/akutrimmer-husqvarna-215il-uus\/#primaryimage\",\"url\":\"https:\/\/reginett.ee\/wp-content\/uploads\/2023\/05\/Akutrimmer-Husqvarna-215iL.jpg\",\"contentUrl\":\"https:\/\/reginett.ee\/wp-content\/uploads\/2023\/05\/Akutrimmer-Husqvarna-215iL.jpg\",\"width\":680,\"height\":372,\"caption\":\"Akutrimmer\"},{\"@type\":\"BreadcrumbList\",\"@id\":\"https:\/\/reginett.ee\/toode\/akutrimmer-husqvarna-215il-uus\/#breadcrumb\",\"itemListElement\":[{\"@type\":\"ListItem\",\"position\":1,\"name\":\"Home\",\"item\":\"https:\/\/reginett.ee\/ru\/\"},{\"@type\":\"ListItem\",\"position\":2,\"name\":\"Tooted\",\"item\":\"https:\/\/reginett.ee\/tooted\/\"},{\"@type\":\"ListItem\",\"position\":3,\"name\":\"Akutrimmer Husqvarna 215iL\"}]},{\"@type\":\"WebSite\",\"@id\":\"https:\/\/reginett.ee\/#website\",\"url\":\"https:\/\/reginett.ee\/\",\"name\":\"Reginett\",\"description\":\"Parimad robotniidukid\",\"potentialAction\":[{\"@type\":\"SearchAction\",\"target\":{\"@type\":\"EntryPoint\",\"urlTemplate\":\"https:\/\/reginett.ee\/?s={search_term_string}\"},\"query-input\":{\"@type\":\"PropertyValueSpecification\",\"valueRequired\":true,\"valueName\":\"search_term_string\"}}],\"inLanguage\":\"ru-RU\"}]}<\/script>\n<!-- \/ Yoast SEO plugin. -->","yoast_head_json":{"title":"Akutrimmer Husqvarna 215iL. Parimad Husqvarna akutooted","description":"Husqvarna 215iL on esmaklassiline akuga murutrimmer, mis sobib ideaalselt muruservade ja k\u00f5rgema muru kiireks ja lihtsaks p\u00fcgamiseks suuremates","robots":{"index":"index","follow":"follow","max-snippet":"max-snippet:-1","max-image-preview":"max-image-preview:large","max-video-preview":"max-video-preview:-1"},"canonical":"https:\/\/reginett.ee\/toode\/akutrimmer-husqvarna-215il-uus\/","og_locale":"ru_RU","og_type":"article","og_title":"Akutrimmer Husqvarna 215iL. Parimad Husqvarna akutooted","og_description":"Husqvarna 215iL on esmaklassiline akuga murutrimmer, mis sobib ideaalselt muruservade ja k\u00f5rgema muru kiireks ja lihtsaks p\u00fcgamiseks suuremates","og_url":"https:\/\/reginett.ee\/toode\/akutrimmer-husqvarna-215il-uus\/","og_site_name":"Reginett","article_modified_time":"2025-08-05T12:55:40+00:00","og_image":[{"width":680,"height":372,"url":"https:\/\/reginett.ee\/wp-content\/uploads\/2023\/05\/Akutrimmer-Husqvarna-215iL.jpg","type":"image\/jpeg"}],"twitter_card":"summary_large_image","twitter_misc":{"\u041f\u0440\u0438\u043c\u0435\u0440\u043d\u043e\u0435 \u0432\u0440\u0435\u043c\u044f \u0434\u043b\u044f \u0447\u0442\u0435\u043d\u0438\u044f":"2 \u043c\u0438\u043d\u0443\u0442\u044b"},"schema":{"@context":"https:\/\/schema.org","@graph":[{"@type":"WebPage","@id":"https:\/\/reginett.ee\/toode\/akutrimmer-husqvarna-215il-uus\/","url":"https:\/\/reginett.ee\/toode\/akutrimmer-husqvarna-215il-uus\/","name":"Akutrimmer Husqvarna 215iL. Parimad Husqvarna akutooted","isPartOf":{"@id":"https:\/\/reginett.ee\/#website"},"primaryImageOfPage":{"@id":"https:\/\/reginett.ee\/toode\/akutrimmer-husqvarna-215il-uus\/#primaryimage"},"image":{"@id":"https:\/\/reginett.ee\/toode\/akutrimmer-husqvarna-215il-uus\/#primaryimage"},"thumbnailUrl":"https:\/\/reginett.ee\/wp-content\/uploads\/2023\/05\/Akutrimmer-Husqvarna-215iL.jpg","datePublished":"2025-06-18T07:39:14+00:00","dateModified":"2025-08-05T12:55:40+00:00","description":"Husqvarna 215iL on esmaklassiline akuga murutrimmer, mis sobib ideaalselt muruservade ja k\u00f5rgema muru kiireks ja lihtsaks p\u00fcgamiseks suuremates","breadcrumb":{"@id":"https:\/\/reginett.ee\/toode\/akutrimmer-husqvarna-215il-uus\/#breadcrumb"},"inLanguage":"ru-RU","potentialAction":[{"@type":"ReadAction","target":["https:\/\/reginett.ee\/toode\/akutrimmer-husqvarna-215il-uus\/"]}]},{"@type":"ImageObject","inLanguage":"ru-RU","@id":"https:\/\/reginett.ee\/toode\/akutrimmer-husqvarna-215il-uus\/#primaryimage","url":"https:\/\/reginett.ee\/wp-content\/uploads\/2023\/05\/Akutrimmer-Husqvarna-215iL.jpg","contentUrl":"https:\/\/reginett.ee\/wp-content\/uploads\/2023\/05\/Akutrimmer-Husqvarna-215iL.jpg","width":680,"height":372,"caption":"Akutrimmer"},{"@type":"BreadcrumbList","@id":"https:\/\/reginett.ee\/toode\/akutrimmer-husqvarna-215il-uus\/#breadcrumb","itemListElement":[{"@type":"ListItem","position":1,"name":"Home","item":"https:\/\/reginett.ee\/ru\/"},{"@type":"ListItem","position":2,"name":"Tooted","item":"https:\/\/reginett.ee\/tooted\/"},{"@type":"ListItem","position":3,"name":"Akutrimmer Husqvarna 215iL"}]},{"@type":"WebSite","@id":"https:\/\/reginett.ee\/#website","url":"https:\/\/reginett.ee\/","name":"Reginett","description":"Parimad robotniidukid","potentialAction":[{"@type":"SearchAction","target":{"@type":"EntryPoint","urlTemplate":"https:\/\/reginett.ee\/?s={search_term_string}"},"query-input":{"@type":"PropertyValueSpecification","valueRequired":true,"valueName":"search_term_string"}}],"inLanguage":"ru-RU"}]}},"brands":[{"id":147,"name":"Husqvarna","slug":"husqvarna"}],"_links":{"self":[{"href":"https:\/\/reginett.ee\/ru\/wp-json\/wp\/v2\/product\/59672","targetHints":{"allow":["GET"]}}],"collection":[{"href":"https:\/\/reginett.ee\/ru\/wp-json\/wp\/v2\/product"}],"about":[{"href":"https:\/\/reginett.ee\/ru\/wp-json\/wp\/v2\/types\/product"}],"replies":[{"embeddable":true,"href":"https:\/\/reginett.ee\/ru\/wp-json\/wp\/v2\/comments?post=59672"}],"wp:featuredmedia":[{"embeddable":true,"href":"https:\/\/reginett.ee\/ru\/wp-json\/wp\/v2\/media\/59673"}],"wp:attachment":[{"href":"https:\/\/reginett.ee\/ru\/wp-json\/wp\/v2\/media?parent=59672"}],"wp:term":[{"taxonomy":"pwb-brand","embeddable":true,"href":"https:\/\/reginett.ee\/ru\/wp-json\/wp\/v2\/pwb-brand?post=59672"},{"taxonomy":"product_brand","embeddable":true,"href":"https:\/\/reginett.ee\/ru\/wp-json\/wp\/v2\/product_brand?post=59672"},{"taxonomy":"product_cat","embeddable":true,"href":"https:\/\/reginett.ee\/ru\/wp-json\/wp\/v2\/product_cat?post=59672"},{"taxonomy":"product_tag","embeddable":true,"href":"https:\/\/reginett.ee\/ru\/wp-json\/wp\/v2\/product_tag?post=59672"}],"curies":[{"name":"wp","href":"https:\/\/api.w.org\/{rel}","templated":true}]}}