{"id":59536,"date":"2023-09-01T13:53:09","date_gmt":"2023-09-01T10:53:09","guid":{"rendered":"https:\/\/reginett.ee\/?post_type=product&#038;p=59536"},"modified":"2025-07-03T13:19:55","modified_gmt":"2025-07-03T10:19:55","slug":"akulehepuhur-husqvarna-aspire-b8x-p4a","status":"publish","type":"product","link":"https:\/\/reginett.ee\/ru\/toode\/akulehepuhur-husqvarna-aspire-b8x-p4a\/","title":{"rendered":"Akulehepuhur Husqvarna Aspire B8X-P4A"},"content":{"rendered":"<p>Akulehepuhur <strong>Husqvarna Aspire B8X-P4<\/strong>A on kompaktne ja t\u00f5hus puhur.<\/p>\n<p><strong>*komplektis aku ja laadija!<\/strong><\/p>\n<p>Muutke aia koristamine selle 18 V akuga lehepuhuriga lihtsamaks. Ruumis\u00e4\u00e4stlikkusele m\u00f5eldes on hoiustamine kaasasoleva konksu ja eemaldatava toru abil lihtsaks tehtud. T\u00e4nu 3-astmelisele reguleeritavale puhumiskiirusele, saab see hakkama k\u00f5igega alates \u00f5rnadest lillepeenardest kuni m\u00e4rgade lehtedeni murul. Mugav pehme k\u00e4epide ja h\u00e4sti tasakaalustatud kerge disain muudavad selle kasutamise lihtsaks.<\/p>\n<p>Automaatne v\u00e4ljal\u00fclitumine, kui kasutamisse tekib pikem paus, on osa POWER FOR ALL akus\u00fcsteemist. Husqvarna Aspire akutoitel t\u00f6\u00f6riistad on v\u00e4lja t\u00f6\u00f6tatud ruumis\u00e4\u00e4stlikust silmas pidades. Seet\u00f5ttu on iga tootega kaasas spetsiaalne hoiukonks, mille saab kinnitada otse seinale v\u00f5i kasutada koos Husqvarna Aspire hoiustuss\u00fcsteemiga. See toode on osa POWER FOR ALL akus\u00fcsteemist ja \u00fchildub paljude teiste kaubam\u00e4rkide akude ja laadijatega, mis kuuluvad sellesse s\u00fcsteemi. See loob v\u00f5imaluse osta k\u00f5igi kodu- ja aiat\u00f6\u00f6riistade jaoks vaid \u00fcks aku.<\/p>\n<h3 class=\"hui-spacing--sm-mt-4-times-8 qDVd74V+99zfGRPQ6w+YDw==\">V\u00e4ike aga tubli<\/h3>\n<p class=\"hui-spacing--sm-mt-4-times-4 K2PbruRyOKhyQZiENIYSog==\">Iga Husqvarna Aspire\u2122 toote kompaktne suurus ja v\u00e4ike kaal parandavad k\u00e4sitsevust ja pakuvad muljetavaldavat hulka Husqvarna uuenduslikke tehnoloogiaid \u2013 k\u00f5ik selleks, et suurendada masina v\u00f5imsust ja t\u00f5husust.<\/p>\n<h3 class=\"hui-spacing--sm-mt-4-times-8 qDVd74V+99zfGRPQ6w+YDw==\">Intuitiivne k\u00e4sitsemine<\/h3>\n<p class=\"hui-spacing--sm-mt-4-times-4 K2PbruRyOKhyQZiENIYSog==\">Stiilne must disain, mida t\u00e4iendavad oran\u017eid detailid, mis juhatavad teid intuitiivselt k\u00f5igi &#171;suhtluspunktide&#187; juurde.<\/p>\n<h3 class=\"hui-spacing--sm-mt-4-times-8 qDVd74V+99zfGRPQ6w+YDw==\">Pehme kattega k\u00e4epide<\/h3>\n<p class=\"hui-spacing--sm-mt-4-times-4 K2PbruRyOKhyQZiENIYSog==\">Husqvarna Aspire\u2122 t\u00f6\u00f6riistade pehme kattega k\u00e4epide tagab t\u00f6\u00f6tamise ajal hea haarde ja mugavuse.<\/p>\n<h3 class=\"hui-spacing--sm-mt-4-times-8 qDVd74V+99zfGRPQ6w+YDw==\">Aspire\u2122 kasutajas\u00f5bralik juhtpaneel<\/h3>\n<p class=\"hui-spacing--sm-mt-4-times-4 K2PbruRyOKhyQZiENIYSog==\">T\u00e4ielik kontroll Aspire\u2122 digitaalse juhtpaneeli abil. Digitaalne juhtpaneel v\u00f5imaldab masinat \u00fche nupuvajutusega lihtsalt sisse ja v\u00e4lja l\u00fclitada. N\u00e4ha oma t\u00f6\u00f6riista aku laetavuse taset mugavalt otse ekraanilt, et saaksite oma t\u00f6\u00f6d paremini planeerida.<\/p>\n","protected":false},"excerpt":{"rendered":"<p>Akulehepuhur <strong>Husqvarna Aspire B8X-P4<\/strong>A on kompaktne ja t\u00f5hus puhur.<\/p>\n<p><strong>*komplektis aku ja laadija!<\/strong><\/p>\n<p>Muutke aia koristamine selle 18 V akuga lehepuhuriga lihtsamaks.<\/p>\n","protected":false},"featured_media":59537,"comment_status":"open","ping_status":"closed","template":"","meta":{"_acf_changed":false,"_et_pb_use_builder":"","_et_pb_old_content":"","_et_gb_content_width":"","inline_featured_image":false},"pwb-brand":[147],"product_brand":[],"product_cat":[48,50],"product_tag":[526,334,521],"class_list":{"0":"post-59536","1":"product","2":"type-product","3":"status-publish","4":"has-post-thumbnail","6":"pwb-brand-husqvarna","7":"product_cat-akutooted","8":"product_cat-lehepuhurid","9":"product_tag-akulehepuhur","10":"product_tag-akupuhur","11":"product_tag-aspire","13":"first","14":"instock","15":"shipping-taxable","16":"purchasable","17":"product-type-simple"},"acf":[],"yoast_head":"<!-- This site is optimized with the Yoast SEO plugin v26.6 - https:\/\/yoast.com\/wordpress\/plugins\/seo\/ -->\n<title>Akulehepuhur Husqvarna Aspire B8X-P4A. Uus Aspire akusari<\/title>\n<meta name=\"description\" content=\"Akulehepuhur Husqvarna Aspire B8X-P4A on kompaktne ja t\u00f5hus puhur.*komplektis aku ja laadija!Muutke aia koristamine selle 18 V akuga\" \/>\n<meta name=\"robots\" content=\"index, follow, max-snippet:-1, max-image-preview:large, max-video-preview:-1\" \/>\n<link rel=\"canonical\" href=\"https:\/\/reginett.ee\/toode\/akulehepuhur-husqvarna-aspire-b8x-p4a\/\" \/>\n<meta property=\"og:locale\" content=\"ru_RU\" \/>\n<meta property=\"og:type\" content=\"article\" \/>\n<meta property=\"og:title\" content=\"Akulehepuhur Husqvarna Aspire B8X-P4A. Uus Aspire akusari\" \/>\n<meta property=\"og:description\" content=\"Akulehepuhur Husqvarna Aspire B8X-P4A on kompaktne ja t\u00f5hus puhur.*komplektis aku ja laadija!Muutke aia koristamine selle 18 V akuga\" \/>\n<meta property=\"og:url\" content=\"https:\/\/reginett.ee\/toode\/akulehepuhur-husqvarna-aspire-b8x-p4a\/\" \/>\n<meta property=\"og:site_name\" content=\"Reginett\" \/>\n<meta property=\"article:modified_time\" content=\"2025-07-03T10:19:55+00:00\" \/>\n<meta property=\"og:image\" content=\"https:\/\/reginett.ee\/wp-content\/uploads\/2023\/04\/aspireb8x-p4a.png\" \/>\n\t<meta property=\"og:image:width\" content=\"700\" \/>\n\t<meta property=\"og:image:height\" content=\"700\" \/>\n\t<meta property=\"og:image:type\" content=\"image\/png\" \/>\n<meta name=\"twitter:card\" content=\"summary_large_image\" \/>\n<meta name=\"twitter:label1\" content=\"\u041f\u0440\u0438\u043c\u0435\u0440\u043d\u043e\u0435 \u0432\u0440\u0435\u043c\u044f \u0434\u043b\u044f \u0447\u0442\u0435\u043d\u0438\u044f\" \/>\n\t<meta name=\"twitter:data1\" content=\"2 \u043c\u0438\u043d\u0443\u0442\u044b\" \/>\n<script type=\"application\/ld+json\" class=\"yoast-schema-graph\">{\"@context\":\"https:\/\/schema.org\",\"@graph\":[{\"@type\":\"WebPage\",\"@id\":\"https:\/\/reginett.ee\/toode\/akulehepuhur-husqvarna-aspire-b8x-p4a\/\",\"url\":\"https:\/\/reginett.ee\/toode\/akulehepuhur-husqvarna-aspire-b8x-p4a\/\",\"name\":\"Akulehepuhur Husqvarna Aspire B8X-P4A. Uus Aspire akusari\",\"isPartOf\":{\"@id\":\"https:\/\/reginett.ee\/#website\"},\"primaryImageOfPage\":{\"@id\":\"https:\/\/reginett.ee\/toode\/akulehepuhur-husqvarna-aspire-b8x-p4a\/#primaryimage\"},\"image\":{\"@id\":\"https:\/\/reginett.ee\/toode\/akulehepuhur-husqvarna-aspire-b8x-p4a\/#primaryimage\"},\"thumbnailUrl\":\"https:\/\/reginett.ee\/wp-content\/uploads\/2023\/04\/aspireb8x-p4a.png\",\"datePublished\":\"2023-09-01T10:53:09+00:00\",\"dateModified\":\"2025-07-03T10:19:55+00:00\",\"description\":\"Akulehepuhur Husqvarna Aspire B8X-P4A on kompaktne ja t\u00f5hus puhur.*komplektis aku ja laadija!Muutke aia koristamine selle 18 V akuga\",\"breadcrumb\":{\"@id\":\"https:\/\/reginett.ee\/toode\/akulehepuhur-husqvarna-aspire-b8x-p4a\/#breadcrumb\"},\"inLanguage\":\"ru-RU\",\"potentialAction\":[{\"@type\":\"ReadAction\",\"target\":[\"https:\/\/reginett.ee\/toode\/akulehepuhur-husqvarna-aspire-b8x-p4a\/\"]}]},{\"@type\":\"ImageObject\",\"inLanguage\":\"ru-RU\",\"@id\":\"https:\/\/reginett.ee\/toode\/akulehepuhur-husqvarna-aspire-b8x-p4a\/#primaryimage\",\"url\":\"https:\/\/reginett.ee\/wp-content\/uploads\/2023\/04\/aspireb8x-p4a.png\",\"contentUrl\":\"https:\/\/reginett.ee\/wp-content\/uploads\/2023\/04\/aspireb8x-p4a.png\",\"width\":700,\"height\":700,\"caption\":\"Akupuhur Aspire\"},{\"@type\":\"BreadcrumbList\",\"@id\":\"https:\/\/reginett.ee\/toode\/akulehepuhur-husqvarna-aspire-b8x-p4a\/#breadcrumb\",\"itemListElement\":[{\"@type\":\"ListItem\",\"position\":1,\"name\":\"Home\",\"item\":\"https:\/\/reginett.ee\/ru\/\"},{\"@type\":\"ListItem\",\"position\":2,\"name\":\"Tooted\",\"item\":\"https:\/\/reginett.ee\/tooted\/\"},{\"@type\":\"ListItem\",\"position\":3,\"name\":\"Akulehepuhur Husqvarna Aspire B8X-P4A\"}]},{\"@type\":\"WebSite\",\"@id\":\"https:\/\/reginett.ee\/#website\",\"url\":\"https:\/\/reginett.ee\/\",\"name\":\"Reginett\",\"description\":\"Parimad robotniidukid\",\"potentialAction\":[{\"@type\":\"SearchAction\",\"target\":{\"@type\":\"EntryPoint\",\"urlTemplate\":\"https:\/\/reginett.ee\/?s={search_term_string}\"},\"query-input\":{\"@type\":\"PropertyValueSpecification\",\"valueRequired\":true,\"valueName\":\"search_term_string\"}}],\"inLanguage\":\"ru-RU\"}]}<\/script>\n<!-- \/ Yoast SEO plugin. -->","yoast_head_json":{"title":"Akulehepuhur Husqvarna Aspire B8X-P4A. Uus Aspire akusari","description":"Akulehepuhur Husqvarna Aspire B8X-P4A on kompaktne ja t\u00f5hus puhur.*komplektis aku ja laadija!Muutke aia koristamine selle 18 V akuga","robots":{"index":"index","follow":"follow","max-snippet":"max-snippet:-1","max-image-preview":"max-image-preview:large","max-video-preview":"max-video-preview:-1"},"canonical":"https:\/\/reginett.ee\/toode\/akulehepuhur-husqvarna-aspire-b8x-p4a\/","og_locale":"ru_RU","og_type":"article","og_title":"Akulehepuhur Husqvarna Aspire B8X-P4A. Uus Aspire akusari","og_description":"Akulehepuhur Husqvarna Aspire B8X-P4A on kompaktne ja t\u00f5hus puhur.*komplektis aku ja laadija!Muutke aia koristamine selle 18 V akuga","og_url":"https:\/\/reginett.ee\/toode\/akulehepuhur-husqvarna-aspire-b8x-p4a\/","og_site_name":"Reginett","article_modified_time":"2025-07-03T10:19:55+00:00","og_image":[{"width":700,"height":700,"url":"https:\/\/reginett.ee\/wp-content\/uploads\/2023\/04\/aspireb8x-p4a.png","type":"image\/png"}],"twitter_card":"summary_large_image","twitter_misc":{"\u041f\u0440\u0438\u043c\u0435\u0440\u043d\u043e\u0435 \u0432\u0440\u0435\u043c\u044f \u0434\u043b\u044f \u0447\u0442\u0435\u043d\u0438\u044f":"2 \u043c\u0438\u043d\u0443\u0442\u044b"},"schema":{"@context":"https:\/\/schema.org","@graph":[{"@type":"WebPage","@id":"https:\/\/reginett.ee\/toode\/akulehepuhur-husqvarna-aspire-b8x-p4a\/","url":"https:\/\/reginett.ee\/toode\/akulehepuhur-husqvarna-aspire-b8x-p4a\/","name":"Akulehepuhur Husqvarna Aspire B8X-P4A. Uus Aspire akusari","isPartOf":{"@id":"https:\/\/reginett.ee\/#website"},"primaryImageOfPage":{"@id":"https:\/\/reginett.ee\/toode\/akulehepuhur-husqvarna-aspire-b8x-p4a\/#primaryimage"},"image":{"@id":"https:\/\/reginett.ee\/toode\/akulehepuhur-husqvarna-aspire-b8x-p4a\/#primaryimage"},"thumbnailUrl":"https:\/\/reginett.ee\/wp-content\/uploads\/2023\/04\/aspireb8x-p4a.png","datePublished":"2023-09-01T10:53:09+00:00","dateModified":"2025-07-03T10:19:55+00:00","description":"Akulehepuhur Husqvarna Aspire B8X-P4A on kompaktne ja t\u00f5hus puhur.*komplektis aku ja laadija!Muutke aia koristamine selle 18 V akuga","breadcrumb":{"@id":"https:\/\/reginett.ee\/toode\/akulehepuhur-husqvarna-aspire-b8x-p4a\/#breadcrumb"},"inLanguage":"ru-RU","potentialAction":[{"@type":"ReadAction","target":["https:\/\/reginett.ee\/toode\/akulehepuhur-husqvarna-aspire-b8x-p4a\/"]}]},{"@type":"ImageObject","inLanguage":"ru-RU","@id":"https:\/\/reginett.ee\/toode\/akulehepuhur-husqvarna-aspire-b8x-p4a\/#primaryimage","url":"https:\/\/reginett.ee\/wp-content\/uploads\/2023\/04\/aspireb8x-p4a.png","contentUrl":"https:\/\/reginett.ee\/wp-content\/uploads\/2023\/04\/aspireb8x-p4a.png","width":700,"height":700,"caption":"Akupuhur Aspire"},{"@type":"BreadcrumbList","@id":"https:\/\/reginett.ee\/toode\/akulehepuhur-husqvarna-aspire-b8x-p4a\/#breadcrumb","itemListElement":[{"@type":"ListItem","position":1,"name":"Home","item":"https:\/\/reginett.ee\/ru\/"},{"@type":"ListItem","position":2,"name":"Tooted","item":"https:\/\/reginett.ee\/tooted\/"},{"@type":"ListItem","position":3,"name":"Akulehepuhur Husqvarna Aspire B8X-P4A"}]},{"@type":"WebSite","@id":"https:\/\/reginett.ee\/#website","url":"https:\/\/reginett.ee\/","name":"Reginett","description":"Parimad robotniidukid","potentialAction":[{"@type":"SearchAction","target":{"@type":"EntryPoint","urlTemplate":"https:\/\/reginett.ee\/?s={search_term_string}"},"query-input":{"@type":"PropertyValueSpecification","valueRequired":true,"valueName":"search_term_string"}}],"inLanguage":"ru-RU"}]}},"brands":[{"id":147,"name":"Husqvarna","slug":"husqvarna"}],"_links":{"self":[{"href":"https:\/\/reginett.ee\/ru\/wp-json\/wp\/v2\/product\/59536","targetHints":{"allow":["GET"]}}],"collection":[{"href":"https:\/\/reginett.ee\/ru\/wp-json\/wp\/v2\/product"}],"about":[{"href":"https:\/\/reginett.ee\/ru\/wp-json\/wp\/v2\/types\/product"}],"replies":[{"embeddable":true,"href":"https:\/\/reginett.ee\/ru\/wp-json\/wp\/v2\/comments?post=59536"}],"wp:featuredmedia":[{"embeddable":true,"href":"https:\/\/reginett.ee\/ru\/wp-json\/wp\/v2\/media\/59537"}],"wp:attachment":[{"href":"https:\/\/reginett.ee\/ru\/wp-json\/wp\/v2\/media?parent=59536"}],"wp:term":[{"taxonomy":"pwb-brand","embeddable":true,"href":"https:\/\/reginett.ee\/ru\/wp-json\/wp\/v2\/pwb-brand?post=59536"},{"taxonomy":"product_brand","embeddable":true,"href":"https:\/\/reginett.ee\/ru\/wp-json\/wp\/v2\/product_brand?post=59536"},{"taxonomy":"product_cat","embeddable":true,"href":"https:\/\/reginett.ee\/ru\/wp-json\/wp\/v2\/product_cat?post=59536"},{"taxonomy":"product_tag","embeddable":true,"href":"https:\/\/reginett.ee\/ru\/wp-json\/wp\/v2\/product_tag?post=59536"}],"curies":[{"name":"wp","href":"https:\/\/api.w.org\/{rel}","templated":true}]}}