{"id":59514,"date":"2025-04-13T21:19:43","date_gmt":"2025-04-13T18:19:43","guid":{"rendered":"https:\/\/reginett.ee\/?post_type=product&#038;p=59514"},"modified":"2026-01-09T13:29:31","modified_gmt":"2026-01-09T10:29:31","slug":"akutrimmer-husqvarna-aspire-t28-p4a","status":"publish","type":"product","link":"https:\/\/reginett.ee\/ru\/toode\/akutrimmer-husqvarna-aspire-t28-p4a\/","title":{"rendered":"Akutrimmer Husqvarna Aspire T28-P4A"},"content":{"rendered":"<p><strong>Akutrimmer Husqvarna Aspire T28-P4A<\/strong> on kerge ja t\u00f5hus trimmer sinu koduaeda.<\/p>\n<p><strong>*komplektis aku ja laadija<\/strong><\/p>\n<p>Selle 18V kahe trimmiliiniga akutrimmeriga saate t\u00e4iuslikud muruservad. Hoiustamine on kaasasoleva riputuskonksu abil lihtsaks tehtud. Esimest k\u00e4epidet ja teleskoopvart saab reguleerida, et saavutada mugav t\u00f6\u00f6asend. Nautige praktilisi omadusi, nagu automaatne j\u00f5hvi etteanne, mis tagab t\u00f6\u00f6tamise ajal optimaalse trimmij\u00f5hvi pikkuse, metallist taimekaitse, mis kaitseb lilli ja puid, ning ohutust suurendab automaatne v\u00e4ljal\u00fclitus, kui j\u00e4tta seade j\u00e4relevalveta.<\/p>\n<p>Osa 18V POWER FOR ALL akus\u00fcsteemist. Husqvarna Aspire akutoitel t\u00f6\u00f6riistad on v\u00e4lja t\u00f6\u00f6tatud ruumis\u00e4\u00e4stlikust silmas pidades. Seet\u00f5ttu on iga tootega kaasas spetsiaalne hoiukonks, mille saab kinnitada otse seinale v\u00f5i kasutada koos Husqvarna Aspire hoiustuss\u00fcsteemiga.<\/p>\n<p>See toode on osa POWER FOR ALL akus\u00fcsteemist ja \u00fchildub paljude teiste kaubam\u00e4rkide akude ja laadijatega, mis kuuluvad sellesse s\u00fcsteemi. See loob v\u00f5imaluse osta k\u00f5igi kodu- ja aiat\u00f6\u00f6riistade jaoks vaid \u00fcks aku.<\/p>\n<h3 class=\"hui-spacing--sm-mt-4-times-6 WLwtnNxco1C4cPugKSaO0g==\">Kompaktne j\u00f5udlus<\/h3>\n<p class=\"hui-spacing--sm-mt-4-times-4 K2PbruRyOKhyQZiENIYSog==\">Iga Husqvarna Aspire\u2122 toote kompaktne suurus ja v\u00e4ike kaal parandavad k\u00e4sitsevust ja pakuvad suurt hulka Husqvarna uuenduslikke tehnoloogiaid \u2013 k\u00f5ik selleks, et suurendada masina v\u00f5imsust ja efektiivsust.<\/p>\n<h3 class=\"hui-spacing--sm-mt-4-times-6 WLwtnNxco1C4cPugKSaO0g==\">Ruumis\u00e4\u00e4stlik hoiustamine<\/h3>\n<p class=\"hui-spacing--sm-mt-4-times-4 K2PbruRyOKhyQZiENIYSog==\">Loomult kompaktsed ja kerged Husqvarna Aspire\u2122 t\u00f6\u00f6riistad j\u00e4tavad veelgi v\u00e4iksema jalaj\u00e4lje t\u00e4nu reguleeritavatele, kokkupandavatele, kokkuk\u00e4ivatele v\u00f5i eemaldatavatele osadele &#8212; lihtsam hoiustamine ja transportimine kitsastes kohtades, nagu v\u00e4ikesed kuurid v\u00f5i autod. Kasutades igas pakendis olevat spetsiaalselt riputuskonksu, saate neid hoiustada otse seinal v\u00f5i riputada meie seinale kinnitatavale hoiusiinile, mis on osa Husqvarna Aspire\u2122 hoiustuss\u00fcsteemist. Siini m\u00fc\u00fcakse eraldi.<\/p>\n<h3 class=\"hui-spacing--sm-mt-4-times-6 WLwtnNxco1C4cPugKSaO0g==\">Intuitiivne k\u00e4sitsemine<\/h3>\n<p class=\"hui-spacing--sm-mt-4-times-4 K2PbruRyOKhyQZiENIYSog==\">Stiilne must disain, mida t\u00e4iendavad oran\u017eid detailid, mis juhatavad teid intuitiivselt k\u00f5igi &#171;suhtluspunktide&#187; juurde.<\/p>\n<h3 class=\"hui-spacing--sm-mt-4-times-6 WLwtnNxco1C4cPugKSaO0g==\">Pehme kattega k\u00e4epide<\/h3>\n<p class=\"hui-spacing--sm-mt-4-times-4 K2PbruRyOKhyQZiENIYSog==\">Husqvarna Aspire\u2122 t\u00f6\u00f6riistade pehme kattega k\u00e4epide tagab t\u00f6\u00f6tamise ajal hea haarde ja mugavuse.<\/p>\n<h3 class=\"hui-spacing--sm-mt-4-times-6 WLwtnNxco1C4cPugKSaO0g==\">Teleskoopvars<\/h3>\n<p class=\"hui-spacing--sm-mt-4-times-4 K2PbruRyOKhyQZiENIYSog==\">Husqvarna Aspire\u2122 murutrimmer on varustatud reguleeritava teleskoopvarrega, mis t\u00e4hendab, et saate reguleerida pikkust vastavalt oma vajadustele mugavama t\u00f6\u00f6asendi saavutamiseks. Ja kui t\u00f6\u00f6 on tehtud, v\u00e4hendage varre pikkust kompaktsemaks hoiustamiseks.<\/p>\n<h3 class=\"hui-spacing--sm-mt-4-times-6 WLwtnNxco1C4cPugKSaO0g==\">Kahe liiniga trimmipea<\/h3>\n<p class=\"hui-spacing--sm-mt-4-times-4 K2PbruRyOKhyQZiENIYSog==\">T\u00e4nu Husqvarna Aspire\u2122 murutrimmeri automaatse etteandega kahe liiniga trimmipeale suurendage l\u00f5ikej\u00f5udlust ilma suurema pingutuseta. J\u00f5hvi etteanne toimub k\u00e4ivitamisel ja kasutamise ajal automaatselt ning selle kaks trimmiliini aitavad teil niita kiiremini ja t\u00e4psemalt, tagades t\u00e4iuslikud tulemused ja optimaalse j\u00f5udluse.<\/p>\n<h3 class=\"hui-spacing--sm-mt-4-times-6 WLwtnNxco1C4cPugKSaO0g==\">Automaatne trimmij\u00f5hvi etteanne<\/h3>\n<p class=\"hui-spacing--sm-mt-4-times-4 K2PbruRyOKhyQZiENIYSog==\">Pole vaja trimmipead vastu maapinda l\u00fc\u00fca. Husqvarna trimmipea A15B pakub automaatset j\u00f5hvi etteannet kahe liiniga, mis annab \u00fchtlasema l\u00f5iketulemuse v\u00f5rreldes ainult \u00fche liiniga trimmeritega. Sobib suurep\u00e4raselt nii trimmimiseks kui ka serval\u00f5ikuseks. Parim valik mitmek\u00fclgseks ja muretuks kasutamiseks.<\/p>\n<h3 class=\"hui-spacing--sm-mt-4-times-6 WLwtnNxco1C4cPugKSaO0g==\">Madal m\u00fcratase<\/h3>\n<p class=\"hui-spacing--sm-mt-4-times-4 K2PbruRyOKhyQZiENIYSog==\">Madal m\u00fcratase v\u00f5imaldab t\u00f6\u00f6tada hommikuti ja \u00f5htuti, ilma naabreid h\u00e4irimata.<\/p>\n","protected":false},"excerpt":{"rendered":"<p><strong>Akutrimmer Husqvarna Aspire T28-P4A<\/strong> on kerge ja t\u00f5hus trimmer sinu koduaeda.<\/p>\n<p><strong>*komplektis aku ja laadija<\/strong><\/p>\n","protected":false},"featured_media":59515,"comment_status":"open","ping_status":"closed","template":"","meta":{"_acf_changed":false,"_et_pb_use_builder":"","_et_pb_old_content":"","_et_gb_content_width":"","inline_featured_image":false},"pwb-brand":[147],"product_brand":[],"product_cat":[48,37,54],"product_tag":[86,521,95],"class_list":{"0":"post-59514","1":"product","2":"type-product","3":"status-publish","4":"has-post-thumbnail","6":"pwb-brand-husqvarna","7":"product_cat-akutooted","8":"product_cat-husqvarna","9":"product_cat-trimmerid-ja-vosaloikurid","10":"product_tag-akutrimmer","11":"product_tag-aspire","12":"product_tag-trimmer","13":"product_shipping_class-soodsam-kuller-15-eur","15":"first","16":"instock","17":"shipping-taxable","18":"purchasable","19":"product-type-simple"},"acf":[],"yoast_head":"<!-- This site is optimized with the Yoast SEO plugin v26.6 - https:\/\/yoast.com\/wordpress\/plugins\/seo\/ -->\n<title>Akutrimmer Husqvarna Aspire T28-P4A. Aspire akusari Reginetist<\/title>\n<meta name=\"description\" content=\"Akutrimmer Husqvarna Aspire T28-P4A on kerge ja t\u00f5hus trimmer sinu koduaeda.*komplektis aku ja laadijaSelle 18V kahe trimmiliiniga akutrimmeriga\" \/>\n<meta name=\"robots\" content=\"index, follow, max-snippet:-1, max-image-preview:large, max-video-preview:-1\" \/>\n<link rel=\"canonical\" href=\"https:\/\/reginett.ee\/toode\/akutrimmer-husqvarna-aspire-t28-p4a\/\" \/>\n<meta property=\"og:locale\" content=\"ru_RU\" \/>\n<meta property=\"og:type\" content=\"article\" \/>\n<meta property=\"og:title\" content=\"Akutrimmer Husqvarna Aspire T28-P4A. Aspire akusari Reginetist\" \/>\n<meta property=\"og:description\" content=\"Akutrimmer Husqvarna Aspire T28-P4A on kerge ja t\u00f5hus trimmer sinu koduaeda.*komplektis aku ja laadijaSelle 18V kahe trimmiliiniga akutrimmeriga\" \/>\n<meta property=\"og:url\" content=\"https:\/\/reginett.ee\/toode\/akutrimmer-husqvarna-aspire-t28-p4a\/\" \/>\n<meta property=\"og:site_name\" content=\"Reginett\" \/>\n<meta property=\"article:modified_time\" content=\"2026-01-09T10:29:31+00:00\" \/>\n<meta property=\"og:image\" content=\"https:\/\/reginett.ee\/wp-content\/uploads\/2023\/03\/Trimmer-Husqvarna-Aspire-T28.jpg\" \/>\n\t<meta property=\"og:image:width\" content=\"680\" \/>\n\t<meta property=\"og:image:height\" content=\"372\" \/>\n\t<meta property=\"og:image:type\" content=\"image\/jpeg\" \/>\n<meta name=\"twitter:card\" content=\"summary_large_image\" \/>\n<meta name=\"twitter:label1\" content=\"\u041f\u0440\u0438\u043c\u0435\u0440\u043d\u043e\u0435 \u0432\u0440\u0435\u043c\u044f \u0434\u043b\u044f \u0447\u0442\u0435\u043d\u0438\u044f\" \/>\n\t<meta name=\"twitter:data1\" content=\"3 \u043c\u0438\u043d\u0443\u0442\u044b\" \/>\n<script type=\"application\/ld+json\" class=\"yoast-schema-graph\">{\"@context\":\"https:\/\/schema.org\",\"@graph\":[{\"@type\":\"WebPage\",\"@id\":\"https:\/\/reginett.ee\/toode\/akutrimmer-husqvarna-aspire-t28-p4a\/\",\"url\":\"https:\/\/reginett.ee\/toode\/akutrimmer-husqvarna-aspire-t28-p4a\/\",\"name\":\"Akutrimmer Husqvarna Aspire T28-P4A. Aspire akusari Reginetist\",\"isPartOf\":{\"@id\":\"https:\/\/reginett.ee\/#website\"},\"primaryImageOfPage\":{\"@id\":\"https:\/\/reginett.ee\/toode\/akutrimmer-husqvarna-aspire-t28-p4a\/#primaryimage\"},\"image\":{\"@id\":\"https:\/\/reginett.ee\/toode\/akutrimmer-husqvarna-aspire-t28-p4a\/#primaryimage\"},\"thumbnailUrl\":\"https:\/\/reginett.ee\/wp-content\/uploads\/2023\/03\/Trimmer-Husqvarna-Aspire-T28.jpg\",\"datePublished\":\"2025-04-13T18:19:43+00:00\",\"dateModified\":\"2026-01-09T10:29:31+00:00\",\"description\":\"Akutrimmer Husqvarna Aspire T28-P4A on kerge ja t\u00f5hus trimmer sinu koduaeda.*komplektis aku ja laadijaSelle 18V kahe trimmiliiniga akutrimmeriga\",\"breadcrumb\":{\"@id\":\"https:\/\/reginett.ee\/toode\/akutrimmer-husqvarna-aspire-t28-p4a\/#breadcrumb\"},\"inLanguage\":\"ru-RU\",\"potentialAction\":[{\"@type\":\"ReadAction\",\"target\":[\"https:\/\/reginett.ee\/toode\/akutrimmer-husqvarna-aspire-t28-p4a\/\"]}]},{\"@type\":\"ImageObject\",\"inLanguage\":\"ru-RU\",\"@id\":\"https:\/\/reginett.ee\/toode\/akutrimmer-husqvarna-aspire-t28-p4a\/#primaryimage\",\"url\":\"https:\/\/reginett.ee\/wp-content\/uploads\/2023\/03\/Trimmer-Husqvarna-Aspire-T28.jpg\",\"contentUrl\":\"https:\/\/reginett.ee\/wp-content\/uploads\/2023\/03\/Trimmer-Husqvarna-Aspire-T28.jpg\",\"width\":680,\"height\":372,\"caption\":\"Trimmer Husqvarna Aspire T28\"},{\"@type\":\"BreadcrumbList\",\"@id\":\"https:\/\/reginett.ee\/toode\/akutrimmer-husqvarna-aspire-t28-p4a\/#breadcrumb\",\"itemListElement\":[{\"@type\":\"ListItem\",\"position\":1,\"name\":\"Home\",\"item\":\"https:\/\/reginett.ee\/ru\/\"},{\"@type\":\"ListItem\",\"position\":2,\"name\":\"Tooted\",\"item\":\"https:\/\/reginett.ee\/tooted\/\"},{\"@type\":\"ListItem\",\"position\":3,\"name\":\"Akutrimmer Husqvarna Aspire T28-P4A\"}]},{\"@type\":\"WebSite\",\"@id\":\"https:\/\/reginett.ee\/#website\",\"url\":\"https:\/\/reginett.ee\/\",\"name\":\"Reginett\",\"description\":\"Parimad robotniidukid\",\"potentialAction\":[{\"@type\":\"SearchAction\",\"target\":{\"@type\":\"EntryPoint\",\"urlTemplate\":\"https:\/\/reginett.ee\/?s={search_term_string}\"},\"query-input\":{\"@type\":\"PropertyValueSpecification\",\"valueRequired\":true,\"valueName\":\"search_term_string\"}}],\"inLanguage\":\"ru-RU\"}]}<\/script>\n<!-- \/ Yoast SEO plugin. -->","yoast_head_json":{"title":"Akutrimmer Husqvarna Aspire T28-P4A. Aspire akusari Reginetist","description":"Akutrimmer Husqvarna Aspire T28-P4A on kerge ja t\u00f5hus trimmer sinu koduaeda.*komplektis aku ja laadijaSelle 18V kahe trimmiliiniga akutrimmeriga","robots":{"index":"index","follow":"follow","max-snippet":"max-snippet:-1","max-image-preview":"max-image-preview:large","max-video-preview":"max-video-preview:-1"},"canonical":"https:\/\/reginett.ee\/toode\/akutrimmer-husqvarna-aspire-t28-p4a\/","og_locale":"ru_RU","og_type":"article","og_title":"Akutrimmer Husqvarna Aspire T28-P4A. Aspire akusari Reginetist","og_description":"Akutrimmer Husqvarna Aspire T28-P4A on kerge ja t\u00f5hus trimmer sinu koduaeda.*komplektis aku ja laadijaSelle 18V kahe trimmiliiniga akutrimmeriga","og_url":"https:\/\/reginett.ee\/toode\/akutrimmer-husqvarna-aspire-t28-p4a\/","og_site_name":"Reginett","article_modified_time":"2026-01-09T10:29:31+00:00","og_image":[{"width":680,"height":372,"url":"https:\/\/reginett.ee\/wp-content\/uploads\/2023\/03\/Trimmer-Husqvarna-Aspire-T28.jpg","type":"image\/jpeg"}],"twitter_card":"summary_large_image","twitter_misc":{"\u041f\u0440\u0438\u043c\u0435\u0440\u043d\u043e\u0435 \u0432\u0440\u0435\u043c\u044f \u0434\u043b\u044f \u0447\u0442\u0435\u043d\u0438\u044f":"3 \u043c\u0438\u043d\u0443\u0442\u044b"},"schema":{"@context":"https:\/\/schema.org","@graph":[{"@type":"WebPage","@id":"https:\/\/reginett.ee\/toode\/akutrimmer-husqvarna-aspire-t28-p4a\/","url":"https:\/\/reginett.ee\/toode\/akutrimmer-husqvarna-aspire-t28-p4a\/","name":"Akutrimmer Husqvarna Aspire T28-P4A. Aspire akusari Reginetist","isPartOf":{"@id":"https:\/\/reginett.ee\/#website"},"primaryImageOfPage":{"@id":"https:\/\/reginett.ee\/toode\/akutrimmer-husqvarna-aspire-t28-p4a\/#primaryimage"},"image":{"@id":"https:\/\/reginett.ee\/toode\/akutrimmer-husqvarna-aspire-t28-p4a\/#primaryimage"},"thumbnailUrl":"https:\/\/reginett.ee\/wp-content\/uploads\/2023\/03\/Trimmer-Husqvarna-Aspire-T28.jpg","datePublished":"2025-04-13T18:19:43+00:00","dateModified":"2026-01-09T10:29:31+00:00","description":"Akutrimmer Husqvarna Aspire T28-P4A on kerge ja t\u00f5hus trimmer sinu koduaeda.*komplektis aku ja laadijaSelle 18V kahe trimmiliiniga akutrimmeriga","breadcrumb":{"@id":"https:\/\/reginett.ee\/toode\/akutrimmer-husqvarna-aspire-t28-p4a\/#breadcrumb"},"inLanguage":"ru-RU","potentialAction":[{"@type":"ReadAction","target":["https:\/\/reginett.ee\/toode\/akutrimmer-husqvarna-aspire-t28-p4a\/"]}]},{"@type":"ImageObject","inLanguage":"ru-RU","@id":"https:\/\/reginett.ee\/toode\/akutrimmer-husqvarna-aspire-t28-p4a\/#primaryimage","url":"https:\/\/reginett.ee\/wp-content\/uploads\/2023\/03\/Trimmer-Husqvarna-Aspire-T28.jpg","contentUrl":"https:\/\/reginett.ee\/wp-content\/uploads\/2023\/03\/Trimmer-Husqvarna-Aspire-T28.jpg","width":680,"height":372,"caption":"Trimmer Husqvarna Aspire T28"},{"@type":"BreadcrumbList","@id":"https:\/\/reginett.ee\/toode\/akutrimmer-husqvarna-aspire-t28-p4a\/#breadcrumb","itemListElement":[{"@type":"ListItem","position":1,"name":"Home","item":"https:\/\/reginett.ee\/ru\/"},{"@type":"ListItem","position":2,"name":"Tooted","item":"https:\/\/reginett.ee\/tooted\/"},{"@type":"ListItem","position":3,"name":"Akutrimmer Husqvarna Aspire T28-P4A"}]},{"@type":"WebSite","@id":"https:\/\/reginett.ee\/#website","url":"https:\/\/reginett.ee\/","name":"Reginett","description":"Parimad robotniidukid","potentialAction":[{"@type":"SearchAction","target":{"@type":"EntryPoint","urlTemplate":"https:\/\/reginett.ee\/?s={search_term_string}"},"query-input":{"@type":"PropertyValueSpecification","valueRequired":true,"valueName":"search_term_string"}}],"inLanguage":"ru-RU"}]}},"brands":[{"id":147,"name":"Husqvarna","slug":"husqvarna"}],"_links":{"self":[{"href":"https:\/\/reginett.ee\/ru\/wp-json\/wp\/v2\/product\/59514","targetHints":{"allow":["GET"]}}],"collection":[{"href":"https:\/\/reginett.ee\/ru\/wp-json\/wp\/v2\/product"}],"about":[{"href":"https:\/\/reginett.ee\/ru\/wp-json\/wp\/v2\/types\/product"}],"replies":[{"embeddable":true,"href":"https:\/\/reginett.ee\/ru\/wp-json\/wp\/v2\/comments?post=59514"}],"wp:featuredmedia":[{"embeddable":true,"href":"https:\/\/reginett.ee\/ru\/wp-json\/wp\/v2\/media\/59515"}],"wp:attachment":[{"href":"https:\/\/reginett.ee\/ru\/wp-json\/wp\/v2\/media?parent=59514"}],"wp:term":[{"taxonomy":"pwb-brand","embeddable":true,"href":"https:\/\/reginett.ee\/ru\/wp-json\/wp\/v2\/pwb-brand?post=59514"},{"taxonomy":"product_brand","embeddable":true,"href":"https:\/\/reginett.ee\/ru\/wp-json\/wp\/v2\/product_brand?post=59514"},{"taxonomy":"product_cat","embeddable":true,"href":"https:\/\/reginett.ee\/ru\/wp-json\/wp\/v2\/product_cat?post=59514"},{"taxonomy":"product_tag","embeddable":true,"href":"https:\/\/reginett.ee\/ru\/wp-json\/wp\/v2\/product_tag?post=59514"}],"curies":[{"name":"wp","href":"https:\/\/api.w.org\/{rel}","templated":true}]}}