{"id":59500,"date":"2025-12-31T14:08:42","date_gmt":"2025-12-31T11:08:42","guid":{"rendered":"https:\/\/reginett.ee\/?post_type=product&#038;p=59500"},"modified":"2026-01-07T10:20:35","modified_gmt":"2026-01-07T07:20:35","slug":"akumuruniiduk-husqvarna-aspire-lc34-p4a","status":"publish","type":"product","link":"https:\/\/reginett.ee\/ru\/toode\/akumuruniiduk-husqvarna-aspire-lc34-p4a\/","title":{"rendered":"Akumuruniiduk Husqvarna Aspire LC34-P4A"},"content":{"rendered":"<p><strong>Akumuruniiduk Husqvarna Aspire LC34-P4A<\/strong> on kompaktne, kuid v\u00f5imekas niiduk koduaeda.<\/p>\n<p><strong>*komplektis aku ja laadija!<\/strong><\/p>\n<p>Seda 18V akuga muruniidukit on lihtne kasutada, hoiustada ja transportida. M\u00f5eldud v\u00e4ikestes ruumides hoiustamiseks, k\u00e4ib k\u00e4ep\u00e4rase suuruseni kokku ning seda hoitakse vertikaalselt p\u00f5randal v\u00f5i seinal kaasasoleva riputuskonksu abil. Reguleeritav k\u00e4epide mugava t\u00f6\u00f6asendi loomiseks. Lihtne k\u00e4ivitada ja muruplatsi kitsastes l\u00e4bik\u00e4ikudes navigeerida.<\/p>\n<p>Osa POWER FOR ALL akus\u00fcsteemist. Husqvarna Aspire akutoitel t\u00f6\u00f6riistad on v\u00e4lja t\u00f6\u00f6tatud ruumis\u00e4\u00e4stlikust silmas pidades. Seet\u00f5ttu on iga tootega kaasas spetsiaalne hoiukonks, mille saab kinnitada otse seinale v\u00f5i kasutada koos Husqvarna Aspire hoiustuss\u00fcsteemiga.<\/p>\n<p>See toode on osa POWER FOR ALL akus\u00fcsteemist ja \u00fchildub paljude teiste kaubam\u00e4rkide akude ja laadijatega, mis kuuluvad sellesse s\u00fcsteemi. See loob v\u00f5imaluse osta k\u00f5igi kodu- ja aiat\u00f6\u00f6riistade jaoks vaid \u00fcks aku.<\/p>\n<h3 class=\"hui-spacing--sm-mt-4-times-8 qDVd74V+99zfGRPQ6w+YDw==\">V\u00e4ike aga tubli<\/h3>\n<p class=\"hui-spacing--sm-mt-4-times-4 K2PbruRyOKhyQZiENIYSog==\">Iga <strong>Husqvarna Aspire\u2122<\/strong> toote kompaktne suurus ja v\u00e4ike kaal parandavad k\u00e4sitsetavust ja pakuvad muljetavaldavat hulka Husqvarna uuenduslikke tehnoloogiaid \u2013 k\u00f5ik selleks, et suurendada masina v\u00f5imsust ja t\u00f5husust.<\/p>\n<h3 class=\"hui-spacing--sm-mt-4-times-8 qDVd74V+99zfGRPQ6w+YDw==\">Ruumis\u00e4\u00e4stlik hoiustamine<\/h3>\n<p class=\"hui-spacing--sm-mt-4-times-4 K2PbruRyOKhyQZiENIYSog==\">Loomult kompaktsed ja kerged Husqvarna Aspire\u2122 t\u00f6\u00f6riistad j\u00e4tavad veelgi v\u00e4iksema jalaj\u00e4lje t\u00e4nu reguleeritavatele, kokkupandavatele, kokkuk\u00e4ivatele v\u00f5i eemaldatavatele osadele &#8212; lihtsam hoiustamine ja transportimine kitsastes kohtades, nagu v\u00e4ikesed kuurid v\u00f5i autod. Kasutades igas pakendis olevat spetsiaalselt riputuskonksu, saate neid hoiustada otse seinal v\u00f5i riputada meie seinale kinnitatavale hoiusiinile, mis on osa Husqvarna Aspire\u2122 hoiustuss\u00fcsteemist. Siini m\u00fc\u00fcakse eraldi.<\/p>\n<h3 class=\"hui-spacing--sm-mt-4-times-8 qDVd74V+99zfGRPQ6w+YDw==\">POWER FOR ALL akus\u00fcsteem<\/h3>\n<p class=\"hui-spacing--sm-mt-4-times-4 K2PbruRyOKhyQZiENIYSog==\">Husqvarna Aspire\u2122 tootesarja toiteallikaks on 18V POWER FOR ALL akus\u00fcsteem. Saadaval on kahe v\u00f5imsusega akud, mis on optimaalseimad Aspire\u2122 t\u00f6\u00f6riistade jaoks, et tagada piisav v\u00f5imsus, t\u00f6\u00f6aeg ning kaalu ja v\u00f5imsuse suhe. Samuti \u00fchilduvad need 100% paljude teiste juhtivate kodu- ja aiat\u00f6\u00f6riistu tootvate kaubam\u00e4rkide toodetega. See annab teile suurema paindlikkuse kasutada \u00fchte akut veelgi rohkemate toodetega (v\u00e4lja arvatud Husqvarna Automower\u00ae Aspire\u2122).<\/p>\n<h3 class=\"hui-spacing--sm-mt-4-times-8 qDVd74V+99zfGRPQ6w+YDw==\">Intuitiivne k\u00e4sitsemine<\/h3>\n<p class=\"hui-spacing--sm-mt-4-times-4 K2PbruRyOKhyQZiENIYSog==\">Husqvarna Aspire\u2122 tootesarja elegantset musta disaini t\u00e4iendavad oran\u017eid detailid, mis juhatavad teid intuitiivselt k\u00f5igi &#171;suhtluspunktide&#187; juurde. T\u00e4iustatud ergonoomika, nagu reguleeritavad k\u00e4epidemed, ja vastupidavad materjalid aitavad teil h\u00f5lpsalt vastu v\u00f5tta mis tahes aiat\u00f6\u00f6 v\u00e4ljakutse.<\/p>\n<h3 class=\"hui-spacing--sm-mt-4-times-8 qDVd74V+99zfGRPQ6w+YDw==\">Pehme kattega k\u00e4epide<\/h3>\n<p class=\"hui-spacing--sm-mt-4-times-4 K2PbruRyOKhyQZiENIYSog==\">Husqvarna Aspire\u2122 t\u00f6\u00f6riistade pehme kattega k\u00e4epide tagab t\u00f6\u00f6tamise ajal hea haarde ja mugavuse.<\/p>\n<h3 class=\"hui-spacing--sm-mt-4-times-8 qDVd74V+99zfGRPQ6w+YDw==\">Teleskoopk\u00e4epide<\/h3>\n<p class=\"hui-spacing--sm-mt-4-times-4 K2PbruRyOKhyQZiENIYSog==\">Kergesti reguleeritav k\u00e4epideme k\u00f5rgus parema ergonoomika tagamiseks.<\/p>\n<h3 class=\"hui-spacing--sm-mt-4-times-8 qDVd74V+99zfGRPQ6w+YDw==\">T\u00f5stesang ees ja taga<\/h3>\n<p class=\"hui-spacing--sm-mt-4-times-4 K2PbruRyOKhyQZiENIYSog==\">Mugavad t\u00f5stesangad niiduki t\u00f5stmiseks ees ja taga.<\/p>\n<p>&nbsp;<\/p>\n<p>&nbsp;<\/p>\n","protected":false},"excerpt":{"rendered":"<p><strong>Akumuruniiduk Husqvarna Aspire LC34-P4A<\/strong> on kompaktne, kuid v\u00f5imekas niiduk koduaeda.<\/p>\n<p><strong>*komplektis aku ja laadija!<\/strong><\/p>\n","protected":false},"featured_media":59501,"comment_status":"open","ping_status":"closed","template":"","meta":{"_acf_changed":false,"_et_pb_use_builder":"","_et_pb_old_content":"","_et_gb_content_width":"","inline_featured_image":false},"pwb-brand":[147],"product_brand":[],"product_cat":[48,25],"product_tag":[140,521,113],"class_list":{"0":"post-59500","1":"product","2":"type-product","3":"status-publish","4":"has-post-thumbnail","6":"pwb-brand-husqvarna","7":"product_cat-akutooted","8":"product_cat-muruniidukid","9":"product_tag-akuga-muruniiduk","10":"product_tag-aspire","11":"product_tag-muruniiduk","12":"product_shipping_class-rasked-asjad","14":"first","15":"instock","16":"shipping-taxable","17":"purchasable","18":"product-type-simple"},"acf":[],"yoast_head":"<!-- This site is optimized with the Yoast SEO plugin v26.6 - https:\/\/yoast.com\/wordpress\/plugins\/seo\/ -->\n<title>Akumuruniiduk Husqvarna Aspire LC34-P4A. Uus Aspire tootesari<\/title>\n<meta name=\"description\" content=\"Akumuruniiduk Husqvarna Aspire LC34-P4A on kompaktne, kuid v\u00f5imekas niiduk koduaeda.*komplektis aku ja laadija!Seda 18V akuga muruniidukit\" \/>\n<meta name=\"robots\" content=\"index, follow, max-snippet:-1, max-image-preview:large, max-video-preview:-1\" \/>\n<link rel=\"canonical\" href=\"https:\/\/reginett.ee\/toode\/akumuruniiduk-husqvarna-aspire-lc34-p4a\/\" \/>\n<meta property=\"og:locale\" content=\"ru_RU\" \/>\n<meta property=\"og:type\" content=\"article\" \/>\n<meta property=\"og:title\" content=\"Akumuruniiduk Husqvarna Aspire LC34-P4A. Uus Aspire tootesari\" \/>\n<meta property=\"og:description\" content=\"Akumuruniiduk Husqvarna Aspire LC34-P4A on kompaktne, kuid v\u00f5imekas niiduk koduaeda.*komplektis aku ja laadija!Seda 18V akuga muruniidukit\" \/>\n<meta property=\"og:url\" content=\"https:\/\/reginett.ee\/toode\/akumuruniiduk-husqvarna-aspire-lc34-p4a\/\" \/>\n<meta property=\"og:site_name\" content=\"Reginett\" \/>\n<meta property=\"article:modified_time\" content=\"2026-01-07T07:20:35+00:00\" \/>\n<meta property=\"og:image\" content=\"https:\/\/reginett.ee\/wp-content\/uploads\/2023\/03\/Muruniiduk-Husqvarna-Aspire-LC34-P4A.jpg\" \/>\n\t<meta property=\"og:image:width\" content=\"416\" \/>\n\t<meta property=\"og:image:height\" content=\"372\" \/>\n\t<meta property=\"og:image:type\" content=\"image\/jpeg\" \/>\n<meta name=\"twitter:card\" content=\"summary_large_image\" \/>\n<meta name=\"twitter:label1\" content=\"\u041f\u0440\u0438\u043c\u0435\u0440\u043d\u043e\u0435 \u0432\u0440\u0435\u043c\u044f \u0434\u043b\u044f \u0447\u0442\u0435\u043d\u0438\u044f\" \/>\n\t<meta name=\"twitter:data1\" content=\"3 \u043c\u0438\u043d\u0443\u0442\u044b\" \/>\n<script type=\"application\/ld+json\" class=\"yoast-schema-graph\">{\"@context\":\"https:\/\/schema.org\",\"@graph\":[{\"@type\":\"WebPage\",\"@id\":\"https:\/\/reginett.ee\/toode\/akumuruniiduk-husqvarna-aspire-lc34-p4a\/\",\"url\":\"https:\/\/reginett.ee\/toode\/akumuruniiduk-husqvarna-aspire-lc34-p4a\/\",\"name\":\"Akumuruniiduk Husqvarna Aspire LC34-P4A. Uus Aspire tootesari\",\"isPartOf\":{\"@id\":\"https:\/\/reginett.ee\/#website\"},\"primaryImageOfPage\":{\"@id\":\"https:\/\/reginett.ee\/toode\/akumuruniiduk-husqvarna-aspire-lc34-p4a\/#primaryimage\"},\"image\":{\"@id\":\"https:\/\/reginett.ee\/toode\/akumuruniiduk-husqvarna-aspire-lc34-p4a\/#primaryimage\"},\"thumbnailUrl\":\"https:\/\/reginett.ee\/wp-content\/uploads\/2023\/03\/Muruniiduk-Husqvarna-Aspire-LC34-P4A.jpg\",\"datePublished\":\"2025-12-31T11:08:42+00:00\",\"dateModified\":\"2026-01-07T07:20:35+00:00\",\"description\":\"Akumuruniiduk Husqvarna Aspire LC34-P4A on kompaktne, kuid v\u00f5imekas niiduk koduaeda.*komplektis aku ja laadija!Seda 18V akuga muruniidukit\",\"breadcrumb\":{\"@id\":\"https:\/\/reginett.ee\/toode\/akumuruniiduk-husqvarna-aspire-lc34-p4a\/#breadcrumb\"},\"inLanguage\":\"ru-RU\",\"potentialAction\":[{\"@type\":\"ReadAction\",\"target\":[\"https:\/\/reginett.ee\/toode\/akumuruniiduk-husqvarna-aspire-lc34-p4a\/\"]}]},{\"@type\":\"ImageObject\",\"inLanguage\":\"ru-RU\",\"@id\":\"https:\/\/reginett.ee\/toode\/akumuruniiduk-husqvarna-aspire-lc34-p4a\/#primaryimage\",\"url\":\"https:\/\/reginett.ee\/wp-content\/uploads\/2023\/03\/Muruniiduk-Husqvarna-Aspire-LC34-P4A.jpg\",\"contentUrl\":\"https:\/\/reginett.ee\/wp-content\/uploads\/2023\/03\/Muruniiduk-Husqvarna-Aspire-LC34-P4A.jpg\",\"width\":416,\"height\":372,\"caption\":\"Muruniiduk Husqvarna Aspire LC34\"},{\"@type\":\"BreadcrumbList\",\"@id\":\"https:\/\/reginett.ee\/toode\/akumuruniiduk-husqvarna-aspire-lc34-p4a\/#breadcrumb\",\"itemListElement\":[{\"@type\":\"ListItem\",\"position\":1,\"name\":\"Home\",\"item\":\"https:\/\/reginett.ee\/ru\/\"},{\"@type\":\"ListItem\",\"position\":2,\"name\":\"Tooted\",\"item\":\"https:\/\/reginett.ee\/tooted\/\"},{\"@type\":\"ListItem\",\"position\":3,\"name\":\"Akumuruniiduk Husqvarna Aspire LC34-P4A\"}]},{\"@type\":\"WebSite\",\"@id\":\"https:\/\/reginett.ee\/#website\",\"url\":\"https:\/\/reginett.ee\/\",\"name\":\"Reginett\",\"description\":\"Parimad robotniidukid\",\"potentialAction\":[{\"@type\":\"SearchAction\",\"target\":{\"@type\":\"EntryPoint\",\"urlTemplate\":\"https:\/\/reginett.ee\/?s={search_term_string}\"},\"query-input\":{\"@type\":\"PropertyValueSpecification\",\"valueRequired\":true,\"valueName\":\"search_term_string\"}}],\"inLanguage\":\"ru-RU\"}]}<\/script>\n<!-- \/ Yoast SEO plugin. -->","yoast_head_json":{"title":"Akumuruniiduk Husqvarna Aspire LC34-P4A. Uus Aspire tootesari","description":"Akumuruniiduk Husqvarna Aspire LC34-P4A on kompaktne, kuid v\u00f5imekas niiduk koduaeda.*komplektis aku ja laadija!Seda 18V akuga muruniidukit","robots":{"index":"index","follow":"follow","max-snippet":"max-snippet:-1","max-image-preview":"max-image-preview:large","max-video-preview":"max-video-preview:-1"},"canonical":"https:\/\/reginett.ee\/toode\/akumuruniiduk-husqvarna-aspire-lc34-p4a\/","og_locale":"ru_RU","og_type":"article","og_title":"Akumuruniiduk Husqvarna Aspire LC34-P4A. Uus Aspire tootesari","og_description":"Akumuruniiduk Husqvarna Aspire LC34-P4A on kompaktne, kuid v\u00f5imekas niiduk koduaeda.*komplektis aku ja laadija!Seda 18V akuga muruniidukit","og_url":"https:\/\/reginett.ee\/toode\/akumuruniiduk-husqvarna-aspire-lc34-p4a\/","og_site_name":"Reginett","article_modified_time":"2026-01-07T07:20:35+00:00","og_image":[{"width":416,"height":372,"url":"https:\/\/reginett.ee\/wp-content\/uploads\/2023\/03\/Muruniiduk-Husqvarna-Aspire-LC34-P4A.jpg","type":"image\/jpeg"}],"twitter_card":"summary_large_image","twitter_misc":{"\u041f\u0440\u0438\u043c\u0435\u0440\u043d\u043e\u0435 \u0432\u0440\u0435\u043c\u044f \u0434\u043b\u044f \u0447\u0442\u0435\u043d\u0438\u044f":"3 \u043c\u0438\u043d\u0443\u0442\u044b"},"schema":{"@context":"https:\/\/schema.org","@graph":[{"@type":"WebPage","@id":"https:\/\/reginett.ee\/toode\/akumuruniiduk-husqvarna-aspire-lc34-p4a\/","url":"https:\/\/reginett.ee\/toode\/akumuruniiduk-husqvarna-aspire-lc34-p4a\/","name":"Akumuruniiduk Husqvarna Aspire LC34-P4A. Uus Aspire tootesari","isPartOf":{"@id":"https:\/\/reginett.ee\/#website"},"primaryImageOfPage":{"@id":"https:\/\/reginett.ee\/toode\/akumuruniiduk-husqvarna-aspire-lc34-p4a\/#primaryimage"},"image":{"@id":"https:\/\/reginett.ee\/toode\/akumuruniiduk-husqvarna-aspire-lc34-p4a\/#primaryimage"},"thumbnailUrl":"https:\/\/reginett.ee\/wp-content\/uploads\/2023\/03\/Muruniiduk-Husqvarna-Aspire-LC34-P4A.jpg","datePublished":"2025-12-31T11:08:42+00:00","dateModified":"2026-01-07T07:20:35+00:00","description":"Akumuruniiduk Husqvarna Aspire LC34-P4A on kompaktne, kuid v\u00f5imekas niiduk koduaeda.*komplektis aku ja laadija!Seda 18V akuga muruniidukit","breadcrumb":{"@id":"https:\/\/reginett.ee\/toode\/akumuruniiduk-husqvarna-aspire-lc34-p4a\/#breadcrumb"},"inLanguage":"ru-RU","potentialAction":[{"@type":"ReadAction","target":["https:\/\/reginett.ee\/toode\/akumuruniiduk-husqvarna-aspire-lc34-p4a\/"]}]},{"@type":"ImageObject","inLanguage":"ru-RU","@id":"https:\/\/reginett.ee\/toode\/akumuruniiduk-husqvarna-aspire-lc34-p4a\/#primaryimage","url":"https:\/\/reginett.ee\/wp-content\/uploads\/2023\/03\/Muruniiduk-Husqvarna-Aspire-LC34-P4A.jpg","contentUrl":"https:\/\/reginett.ee\/wp-content\/uploads\/2023\/03\/Muruniiduk-Husqvarna-Aspire-LC34-P4A.jpg","width":416,"height":372,"caption":"Muruniiduk Husqvarna Aspire LC34"},{"@type":"BreadcrumbList","@id":"https:\/\/reginett.ee\/toode\/akumuruniiduk-husqvarna-aspire-lc34-p4a\/#breadcrumb","itemListElement":[{"@type":"ListItem","position":1,"name":"Home","item":"https:\/\/reginett.ee\/ru\/"},{"@type":"ListItem","position":2,"name":"Tooted","item":"https:\/\/reginett.ee\/tooted\/"},{"@type":"ListItem","position":3,"name":"Akumuruniiduk Husqvarna Aspire LC34-P4A"}]},{"@type":"WebSite","@id":"https:\/\/reginett.ee\/#website","url":"https:\/\/reginett.ee\/","name":"Reginett","description":"Parimad robotniidukid","potentialAction":[{"@type":"SearchAction","target":{"@type":"EntryPoint","urlTemplate":"https:\/\/reginett.ee\/?s={search_term_string}"},"query-input":{"@type":"PropertyValueSpecification","valueRequired":true,"valueName":"search_term_string"}}],"inLanguage":"ru-RU"}]}},"brands":[{"id":147,"name":"Husqvarna","slug":"husqvarna"}],"_links":{"self":[{"href":"https:\/\/reginett.ee\/ru\/wp-json\/wp\/v2\/product\/59500","targetHints":{"allow":["GET"]}}],"collection":[{"href":"https:\/\/reginett.ee\/ru\/wp-json\/wp\/v2\/product"}],"about":[{"href":"https:\/\/reginett.ee\/ru\/wp-json\/wp\/v2\/types\/product"}],"replies":[{"embeddable":true,"href":"https:\/\/reginett.ee\/ru\/wp-json\/wp\/v2\/comments?post=59500"}],"wp:featuredmedia":[{"embeddable":true,"href":"https:\/\/reginett.ee\/ru\/wp-json\/wp\/v2\/media\/59501"}],"wp:attachment":[{"href":"https:\/\/reginett.ee\/ru\/wp-json\/wp\/v2\/media?parent=59500"}],"wp:term":[{"taxonomy":"pwb-brand","embeddable":true,"href":"https:\/\/reginett.ee\/ru\/wp-json\/wp\/v2\/pwb-brand?post=59500"},{"taxonomy":"product_brand","embeddable":true,"href":"https:\/\/reginett.ee\/ru\/wp-json\/wp\/v2\/product_brand?post=59500"},{"taxonomy":"product_cat","embeddable":true,"href":"https:\/\/reginett.ee\/ru\/wp-json\/wp\/v2\/product_cat?post=59500"},{"taxonomy":"product_tag","embeddable":true,"href":"https:\/\/reginett.ee\/ru\/wp-json\/wp\/v2\/product_tag?post=59500"}],"curies":[{"name":"wp","href":"https:\/\/api.w.org\/{rel}","templated":true}]}}