{"id":59455,"date":"2024-06-10T22:36:47","date_gmt":"2024-06-10T19:36:47","guid":{"rendered":"https:\/\/reginett.ee\/?post_type=product&#038;p=59455"},"modified":"2024-06-12T20:20:37","modified_gmt":"2024-06-12T17:20:37","slug":"kasiomblusmasin-singer","status":"publish","type":"product","link":"https:\/\/reginett.ee\/ru\/toode\/kasiomblusmasin-singer\/","title":{"rendered":"K\u00e4si\u00f5mblusmasin SINGER"},"content":{"rendered":"<p><strong>K\u00e4si\u00f5mblusmasin Singer<\/strong> on sobiv kiireteks parandust\u00f6\u00f6deks, traageldamiseks ja \u00e4\u00e4ristamiseks.<\/p>\n<p>K\u00e4simasin t\u00f6\u00f6tab patareidega &#8212; 4 x AA patareid<\/p>\n<p>Kaasas poolid ja n\u00f5elad.<\/p>\n","protected":false},"excerpt":{"rendered":"<p><strong>K\u00e4si\u00f5mblusmasin Singer<\/strong> on sobiv kiireteks parandust\u00f6\u00f6deks, traageldamiseks ja \u00e4\u00e4ristamiseks.<\/p>\n<p>&nbsp;<\/p>\n","protected":false},"featured_media":59456,"comment_status":"open","ping_status":"closed","template":"","meta":{"_acf_changed":false,"_et_pb_use_builder":"","_et_pb_old_content":"","_et_gb_content_width":"","inline_featured_image":false},"pwb-brand":[],"product_brand":[],"product_cat":[134,231,55],"product_tag":[],"class_list":{"0":"post-59455","1":"product","2":"type-product","3":"status-publish","4":"has-post-thumbnail","6":"product_cat-eripakkumised","7":"product_cat-kingiideed","8":"product_cat-omblusmasinad-ja-tarvikud","10":"first","11":"instock","12":"sale","13":"shipping-taxable","14":"purchasable","15":"product-type-simple"},"acf":[],"yoast_head":"<!-- This site is optimized with the Yoast SEO plugin v26.6 - https:\/\/yoast.com\/wordpress\/plugins\/seo\/ -->\n<title>K\u00e4si\u00f5mblusmasin Singer. Soodsad Singer \u00f5mblusmasinad<\/title>\n<meta name=\"description\" content=\"K\u00e4si\u00f5mblusmasin Singer on sobiv kiireteks parandust\u00f6\u00f6deks, traageldamiseks ja \u00e4\u00e4ristamiseks.K\u00e4simasin t\u00f6\u00f6tab patareidega - 4 x AA patareid\" \/>\n<meta name=\"robots\" content=\"index, follow, max-snippet:-1, max-image-preview:large, max-video-preview:-1\" \/>\n<link rel=\"canonical\" href=\"https:\/\/reginett.ee\/toode\/kasiomblusmasin-singer\/\" \/>\n<meta property=\"og:locale\" content=\"ru_RU\" \/>\n<meta property=\"og:type\" content=\"article\" \/>\n<meta property=\"og:title\" content=\"K\u00e4si\u00f5mblusmasin Singer. Soodsad Singer \u00f5mblusmasinad\" \/>\n<meta property=\"og:description\" content=\"K\u00e4si\u00f5mblusmasin Singer on sobiv kiireteks parandust\u00f6\u00f6deks, traageldamiseks ja \u00e4\u00e4ristamiseks.K\u00e4simasin t\u00f6\u00f6tab patareidega - 4 x AA patareid\" \/>\n<meta property=\"og:url\" content=\"https:\/\/reginett.ee\/toode\/kasiomblusmasin-singer\/\" \/>\n<meta property=\"og:site_name\" content=\"Reginett\" \/>\n<meta property=\"article:modified_time\" content=\"2024-06-12T17:20:37+00:00\" \/>\n<meta property=\"og:image\" content=\"https:\/\/reginett.ee\/wp-content\/uploads\/2023\/03\/Singer-kasiomblusmasin.jpg\" \/>\n\t<meta property=\"og:image:width\" content=\"1500\" \/>\n\t<meta property=\"og:image:height\" content=\"1500\" \/>\n\t<meta property=\"og:image:type\" content=\"image\/jpeg\" \/>\n<meta name=\"twitter:card\" content=\"summary_large_image\" \/>\n<meta name=\"twitter:label1\" content=\"\u041f\u0440\u0438\u043c\u0435\u0440\u043d\u043e\u0435 \u0432\u0440\u0435\u043c\u044f \u0434\u043b\u044f \u0447\u0442\u0435\u043d\u0438\u044f\" \/>\n\t<meta name=\"twitter:data1\" content=\"1 \u043c\u0438\u043d\u0443\u0442\u0430\" \/>\n<script type=\"application\/ld+json\" class=\"yoast-schema-graph\">{\"@context\":\"https:\/\/schema.org\",\"@graph\":[{\"@type\":\"WebPage\",\"@id\":\"https:\/\/reginett.ee\/toode\/kasiomblusmasin-singer\/\",\"url\":\"https:\/\/reginett.ee\/toode\/kasiomblusmasin-singer\/\",\"name\":\"K\u00e4si\u00f5mblusmasin Singer. Soodsad Singer \u00f5mblusmasinad\",\"isPartOf\":{\"@id\":\"https:\/\/reginett.ee\/#website\"},\"primaryImageOfPage\":{\"@id\":\"https:\/\/reginett.ee\/toode\/kasiomblusmasin-singer\/#primaryimage\"},\"image\":{\"@id\":\"https:\/\/reginett.ee\/toode\/kasiomblusmasin-singer\/#primaryimage\"},\"thumbnailUrl\":\"https:\/\/reginett.ee\/wp-content\/uploads\/2023\/03\/Singer-kasiomblusmasin.jpg\",\"datePublished\":\"2024-06-10T19:36:47+00:00\",\"dateModified\":\"2024-06-12T17:20:37+00:00\",\"description\":\"K\u00e4si\u00f5mblusmasin Singer on sobiv kiireteks parandust\u00f6\u00f6deks, traageldamiseks ja \u00e4\u00e4ristamiseks.K\u00e4simasin t\u00f6\u00f6tab patareidega - 4 x AA patareid\",\"breadcrumb\":{\"@id\":\"https:\/\/reginett.ee\/toode\/kasiomblusmasin-singer\/#breadcrumb\"},\"inLanguage\":\"ru-RU\",\"potentialAction\":[{\"@type\":\"ReadAction\",\"target\":[\"https:\/\/reginett.ee\/toode\/kasiomblusmasin-singer\/\"]}]},{\"@type\":\"ImageObject\",\"inLanguage\":\"ru-RU\",\"@id\":\"https:\/\/reginett.ee\/toode\/kasiomblusmasin-singer\/#primaryimage\",\"url\":\"https:\/\/reginett.ee\/wp-content\/uploads\/2023\/03\/Singer-kasiomblusmasin.jpg\",\"contentUrl\":\"https:\/\/reginett.ee\/wp-content\/uploads\/2023\/03\/Singer-kasiomblusmasin.jpg\",\"width\":1500,\"height\":1500,\"caption\":\"K\u00e4si\u00f5mblusmasin Singer\"},{\"@type\":\"BreadcrumbList\",\"@id\":\"https:\/\/reginett.ee\/toode\/kasiomblusmasin-singer\/#breadcrumb\",\"itemListElement\":[{\"@type\":\"ListItem\",\"position\":1,\"name\":\"Home\",\"item\":\"https:\/\/reginett.ee\/ru\/\"},{\"@type\":\"ListItem\",\"position\":2,\"name\":\"Tooted\",\"item\":\"https:\/\/reginett.ee\/tooted\/\"},{\"@type\":\"ListItem\",\"position\":3,\"name\":\"K\u00e4si\u00f5mblusmasin SINGER\"}]},{\"@type\":\"WebSite\",\"@id\":\"https:\/\/reginett.ee\/#website\",\"url\":\"https:\/\/reginett.ee\/\",\"name\":\"Reginett\",\"description\":\"Parimad robotniidukid\",\"potentialAction\":[{\"@type\":\"SearchAction\",\"target\":{\"@type\":\"EntryPoint\",\"urlTemplate\":\"https:\/\/reginett.ee\/?s={search_term_string}\"},\"query-input\":{\"@type\":\"PropertyValueSpecification\",\"valueRequired\":true,\"valueName\":\"search_term_string\"}}],\"inLanguage\":\"ru-RU\"}]}<\/script>\n<!-- \/ Yoast SEO plugin. -->","yoast_head_json":{"title":"K\u00e4si\u00f5mblusmasin Singer. Soodsad Singer \u00f5mblusmasinad","description":"K\u00e4si\u00f5mblusmasin Singer on sobiv kiireteks parandust\u00f6\u00f6deks, traageldamiseks ja \u00e4\u00e4ristamiseks.K\u00e4simasin t\u00f6\u00f6tab patareidega - 4 x AA patareid","robots":{"index":"index","follow":"follow","max-snippet":"max-snippet:-1","max-image-preview":"max-image-preview:large","max-video-preview":"max-video-preview:-1"},"canonical":"https:\/\/reginett.ee\/toode\/kasiomblusmasin-singer\/","og_locale":"ru_RU","og_type":"article","og_title":"K\u00e4si\u00f5mblusmasin Singer. Soodsad Singer \u00f5mblusmasinad","og_description":"K\u00e4si\u00f5mblusmasin Singer on sobiv kiireteks parandust\u00f6\u00f6deks, traageldamiseks ja \u00e4\u00e4ristamiseks.K\u00e4simasin t\u00f6\u00f6tab patareidega - 4 x AA patareid","og_url":"https:\/\/reginett.ee\/toode\/kasiomblusmasin-singer\/","og_site_name":"Reginett","article_modified_time":"2024-06-12T17:20:37+00:00","og_image":[{"width":1500,"height":1500,"url":"https:\/\/reginett.ee\/wp-content\/uploads\/2023\/03\/Singer-kasiomblusmasin.jpg","type":"image\/jpeg"}],"twitter_card":"summary_large_image","twitter_misc":{"\u041f\u0440\u0438\u043c\u0435\u0440\u043d\u043e\u0435 \u0432\u0440\u0435\u043c\u044f \u0434\u043b\u044f \u0447\u0442\u0435\u043d\u0438\u044f":"1 \u043c\u0438\u043d\u0443\u0442\u0430"},"schema":{"@context":"https:\/\/schema.org","@graph":[{"@type":"WebPage","@id":"https:\/\/reginett.ee\/toode\/kasiomblusmasin-singer\/","url":"https:\/\/reginett.ee\/toode\/kasiomblusmasin-singer\/","name":"K\u00e4si\u00f5mblusmasin Singer. Soodsad Singer \u00f5mblusmasinad","isPartOf":{"@id":"https:\/\/reginett.ee\/#website"},"primaryImageOfPage":{"@id":"https:\/\/reginett.ee\/toode\/kasiomblusmasin-singer\/#primaryimage"},"image":{"@id":"https:\/\/reginett.ee\/toode\/kasiomblusmasin-singer\/#primaryimage"},"thumbnailUrl":"https:\/\/reginett.ee\/wp-content\/uploads\/2023\/03\/Singer-kasiomblusmasin.jpg","datePublished":"2024-06-10T19:36:47+00:00","dateModified":"2024-06-12T17:20:37+00:00","description":"K\u00e4si\u00f5mblusmasin Singer on sobiv kiireteks parandust\u00f6\u00f6deks, traageldamiseks ja \u00e4\u00e4ristamiseks.K\u00e4simasin t\u00f6\u00f6tab patareidega - 4 x AA patareid","breadcrumb":{"@id":"https:\/\/reginett.ee\/toode\/kasiomblusmasin-singer\/#breadcrumb"},"inLanguage":"ru-RU","potentialAction":[{"@type":"ReadAction","target":["https:\/\/reginett.ee\/toode\/kasiomblusmasin-singer\/"]}]},{"@type":"ImageObject","inLanguage":"ru-RU","@id":"https:\/\/reginett.ee\/toode\/kasiomblusmasin-singer\/#primaryimage","url":"https:\/\/reginett.ee\/wp-content\/uploads\/2023\/03\/Singer-kasiomblusmasin.jpg","contentUrl":"https:\/\/reginett.ee\/wp-content\/uploads\/2023\/03\/Singer-kasiomblusmasin.jpg","width":1500,"height":1500,"caption":"K\u00e4si\u00f5mblusmasin Singer"},{"@type":"BreadcrumbList","@id":"https:\/\/reginett.ee\/toode\/kasiomblusmasin-singer\/#breadcrumb","itemListElement":[{"@type":"ListItem","position":1,"name":"Home","item":"https:\/\/reginett.ee\/ru\/"},{"@type":"ListItem","position":2,"name":"Tooted","item":"https:\/\/reginett.ee\/tooted\/"},{"@type":"ListItem","position":3,"name":"K\u00e4si\u00f5mblusmasin SINGER"}]},{"@type":"WebSite","@id":"https:\/\/reginett.ee\/#website","url":"https:\/\/reginett.ee\/","name":"Reginett","description":"Parimad robotniidukid","potentialAction":[{"@type":"SearchAction","target":{"@type":"EntryPoint","urlTemplate":"https:\/\/reginett.ee\/?s={search_term_string}"},"query-input":{"@type":"PropertyValueSpecification","valueRequired":true,"valueName":"search_term_string"}}],"inLanguage":"ru-RU"}]}},"brands":[],"_links":{"self":[{"href":"https:\/\/reginett.ee\/ru\/wp-json\/wp\/v2\/product\/59455","targetHints":{"allow":["GET"]}}],"collection":[{"href":"https:\/\/reginett.ee\/ru\/wp-json\/wp\/v2\/product"}],"about":[{"href":"https:\/\/reginett.ee\/ru\/wp-json\/wp\/v2\/types\/product"}],"replies":[{"embeddable":true,"href":"https:\/\/reginett.ee\/ru\/wp-json\/wp\/v2\/comments?post=59455"}],"wp:featuredmedia":[{"embeddable":true,"href":"https:\/\/reginett.ee\/ru\/wp-json\/wp\/v2\/media\/59456"}],"wp:attachment":[{"href":"https:\/\/reginett.ee\/ru\/wp-json\/wp\/v2\/media?parent=59455"}],"wp:term":[{"taxonomy":"pwb-brand","embeddable":true,"href":"https:\/\/reginett.ee\/ru\/wp-json\/wp\/v2\/pwb-brand?post=59455"},{"taxonomy":"product_brand","embeddable":true,"href":"https:\/\/reginett.ee\/ru\/wp-json\/wp\/v2\/product_brand?post=59455"},{"taxonomy":"product_cat","embeddable":true,"href":"https:\/\/reginett.ee\/ru\/wp-json\/wp\/v2\/product_cat?post=59455"},{"taxonomy":"product_tag","embeddable":true,"href":"https:\/\/reginett.ee\/ru\/wp-json\/wp\/v2\/product_tag?post=59455"}],"curies":[{"name":"wp","href":"https:\/\/api.w.org\/{rel}","templated":true}]}}