{"id":59438,"date":"2025-11-24T16:20:45","date_gmt":"2025-11-24T13:20:45","guid":{"rendered":"https:\/\/reginett.ee\/?post_type=product&#038;p=59438"},"modified":"2026-03-19T10:57:14","modified_gmt":"2026-03-19T07:57:14","slug":"akuoksasaag-husqvarna-aspirep5-p4a","status":"publish","type":"product","link":"https:\/\/reginett.ee\/ru\/toode\/akuoksasaag-husqvarna-aspirep5-p4a\/","title":{"rendered":"Akuoksasaag Husqvarna Aspire\u2122P5-P4A"},"content":{"rendered":"<p><strong>Akuoksasaag Husqvarna Aspire\u2122P5-P4A<\/strong> on kompaktne ja mugav akutoitega oksasaag, mis sobib suurep\u00e4raselt okste l\u00f5ikamiseks, aiaj\u00e4\u00e4tmete l\u00f5ikamiseks ja v\u00e4iksemateks puusepat\u00f6\u00f6deks. Tuginedes meie kogemustele kettsaagide tootmisel, oleme loonud universaalse mini-kettsae, mis on piisavalt v\u00f5imas, et l\u00f5igata h\u00f5lpsalt 75 mm l\u00e4bim\u00f5\u00f5duga oksi.<\/p>\n<p><strong>*Komplektis aku ja laadija!<\/strong><\/p>\n<p>Lihtne t\u00f6\u00f6riistavaba keti ja juhtplaadi vahetamine, turvaline libisemisvastane k\u00e4epide ja automaatne v\u00e4ljal\u00fclitus, kui seade j\u00e4\u00e4b j\u00e4relevalveta. Hoiustamine on tehtud lihtsaks kaasasoleva riputuskonksu abil.<\/p>\n<h3>Osa 18V POWER FOR ALL akus\u00fcsteemist<\/h3>\n<p>Husqvarna Aspire akutoitel t\u00f6\u00f6riistad on v\u00e4lja t\u00f6\u00f6tatud ruumis\u00e4\u00e4stlikust silmas pidades. Seet\u00f5ttu on iga tootega kaasas spetsiaalne hoiukonks, mille saab kinnitada otse seinale v\u00f5i kasutada koos Husqvarna Aspire hoiustuss\u00fcsteemiga. See toode on osa POWER FOR ALL akus\u00fcsteemist ja \u00fchildub paljude teiste kaubam\u00e4rkide akude ja laadijatega, mis kuuluvad sellesse s\u00fcsteemi. See loob v\u00f5imaluse osta k\u00f5igi kodu- ja aiat\u00f6\u00f6riistade jaoks vaid \u00fcks aku.<\/p>\n<h3 class=\"hui-spacing--sm-mt-4-times-6 WLwtnNxco1C4cPugKSaO0g==\">V\u00e4ike aga tubli<\/h3>\n<p class=\"hui-spacing--sm-mt-4-times-4 K2PbruRyOKhyQZiENIYSog==\">Iga Husqvarna Aspire\u2122 toote kompaktne suurus ja v\u00e4ike kaal parandavad k\u00e4sitsetavust ja pakuvad muljetavaldavat hulka Husqvarna uuenduslikke tehnoloogiaid \u2013 k\u00f5ik selleks, et suurendada masina v\u00f5imsust ja t\u00f5husust.<\/p>\n<h3 class=\"hui-spacing--sm-mt-4-times-6 WLwtnNxco1C4cPugKSaO0g==\">Ruumis\u00e4\u00e4stlik hoiustamine<\/h3>\n<p class=\"hui-spacing--sm-mt-4-times-4 K2PbruRyOKhyQZiENIYSog==\">Loomult kompaktsed ja kerged Husqvarna Aspire\u2122 t\u00f6\u00f6riistad j\u00e4tavad veelgi v\u00e4iksema jalaj\u00e4lje t\u00e4nu reguleeritavatele, kokkupandavatele, kokkuk\u00e4ivatele v\u00f5i eemaldatavatele osadele &#8212; lihtsam hoiustamine ja transportimine kitsastes kohtades, nagu v\u00e4ikesed kuurid v\u00f5i autod. Kasutades igas pakendis olevat spetsiaalselt riputuskonksu, saate neid hoiustada otse seinal v\u00f5i riputada meie seinale kinnitatavale hoiusiinile, mis on osa Husqvarna Aspire\u2122 hoiustuss\u00fcsteemist. Siini m\u00fc\u00fcakse eraldi.<\/p>\n<h3 class=\"hui-spacing--sm-mt-4-times-6 WLwtnNxco1C4cPugKSaO0g==\">Intuitiivne k\u00e4sitsemine<\/h3>\n<p class=\"hui-spacing--sm-mt-4-times-4 K2PbruRyOKhyQZiENIYSog==\">Husqvarna Aspire\u2122 tootesarja elegantset musta disaini t\u00e4iendavad oran\u017eid detailid, mis juhatavad teid intuitiivselt k\u00f5igi &#171;suhtluspunktide&#187; juurde. T\u00e4iustatud ergonoomika, nagu reguleeritavad k\u00e4epidemed, ja vastupidavad materjalid aitavad teil h\u00f5lpsalt hakkama saada mistahes aiat\u00f6\u00f6 v\u00e4ljakutsega.<\/p>\n<h3 class=\"hui-spacing--sm-mt-4-times-6 WLwtnNxco1C4cPugKSaO0g==\">Pehme kattega k\u00e4epide<\/h3>\n<p class=\"hui-spacing--sm-mt-4-times-4 K2PbruRyOKhyQZiENIYSog==\">Husqvarna Aspire\u2122 t\u00f6\u00f6riistade pehme kattega k\u00e4epide tagab t\u00f6\u00f6tamise ajal hea haarde ja mugavuse.<\/p>\n<h3 class=\"hui-spacing--sm-mt-4-times-6 WLwtnNxco1C4cPugKSaO0g==\">Aspire\u2122 kasutajas\u00f5bralik juhtpaneel<\/h3>\n<p class=\"hui-spacing--sm-mt-4-times-4 K2PbruRyOKhyQZiENIYSog==\">T\u00e4ielik kontroll Aspire\u2122 digitaalse juhtpaneeli abil. Digitaalne juhtpaneel v\u00f5imaldab masinat \u00fche nupuvajutusega lihtsalt sisse ja v\u00e4lja l\u00fclitada. N\u00e4ha oma t\u00f6\u00f6riista aku laetavuse taset mugavalt otse ekraanilt, et saaksite oma t\u00f6\u00f6d paremini planeerida.<\/p>\n<h3 class=\"hui-spacing--sm-mt-4-times-6 WLwtnNxco1C4cPugKSaO0g==\">Madal m\u00fcratase<\/h3>\n<p class=\"hui-spacing--sm-mt-4-times-4 K2PbruRyOKhyQZiENIYSog==\">Madal m\u00fcratase v\u00f5imaldab t\u00f6\u00f6tada hommikuti ja \u00f5htuti, ilma naabreid h\u00e4irimata.<\/p>\n<h3 class=\"hui-spacing--sm-mt-4-times-6 WLwtnNxco1C4cPugKSaO0g==\">Husqvarna Connect<\/h3>\n<p class=\"hui-spacing--sm-mt-4-times-4 K2PbruRyOKhyQZiENIYSog==\">Husqvarna Connect rakendusega on sul lihtne ja kiire ligip\u00e4\u00e4s toote kasutusjuhendile, kasutussoovitustele, erinevatele sobivatele lisatarvikutele ja varuosadele. Lisaks annab rakendus \u00fclevaate toote t\u00f6\u00f6ajast, aku laetuse tasemest ning annab teada, kui on l\u00e4henemas hoolduse t\u00e4htaeg. Rakendus on tasuta allalaetav App Store\u015bt ja Google Play\u00b4st.<\/p>\n<p>&nbsp;<\/p>\n","protected":false},"excerpt":{"rendered":"<p><strong>Akuoksasaag Husqvarna Aspire\u2122P5-P4A<\/strong> on kompaktne ja mugav akutoitega oksasaag, mis sobib suurep\u00e4raselt okste l\u00f5ikamiseks, aiaj\u00e4\u00e4tmete l\u00f5ikamiseks ja v\u00e4iksemateks puusepat\u00f6\u00f6deks.Tuginedes meie kogemustele kettsaagide tootmisel, oleme loonud universaalse mini-kettsae, mis on piisavalt v\u00f5imas, et l\u00f5igata h\u00f5lpsalt 75 mm l\u00e4bim\u00f5\u00f5duga oksi.<\/p>\n<p><strong>*Komplektis aku ja laadija!<\/strong><\/p>\n","protected":false},"featured_media":59439,"comment_status":"open","ping_status":"closed","template":"","meta":{"_acf_changed":false,"_et_pb_use_builder":"","_et_pb_old_content":"","_et_gb_content_width":"","inline_featured_image":false},"pwb-brand":[147],"product_brand":[],"product_cat":[480,495,48,37],"product_tag":[523,521,522],"class_list":{"0":"post-59438","1":"product","2":"type-product","3":"status-publish","4":"has-post-thumbnail","6":"pwb-brand-husqvarna","7":"product_cat-aiatoo","8":"product_cat-arboristile","9":"product_cat-akutooted","10":"product_cat-husqvarna","11":"product_tag-akuoksaloikur","12":"product_tag-aspire","13":"product_tag-oksaloikur","15":"first","16":"instock","17":"shipping-taxable","18":"purchasable","19":"product-type-simple"},"acf":[],"yoast_head":"<!-- This site is optimized with the Yoast SEO plugin v26.6 - https:\/\/yoast.com\/wordpress\/plugins\/seo\/ -->\n<title>Akuoksasaag Husqvarna Aspire\u2122P5-P4A. Aspire tootesari<\/title>\n<meta name=\"description\" content=\"Akuoksasaag Husqvarna Aspire\u2122P5-P4A on kompaktne ja mugav akutoitega oksasaag, mis sobib suurep\u00e4raselt okste l\u00f5ikamiseks, aiaj\u00e4\u00e4tmete\" \/>\n<meta name=\"robots\" content=\"index, follow, max-snippet:-1, max-image-preview:large, max-video-preview:-1\" \/>\n<link rel=\"canonical\" href=\"https:\/\/reginett.ee\/toode\/akuoksasaag-husqvarna-aspirep5-p4a\/\" \/>\n<meta property=\"og:locale\" content=\"ru_RU\" \/>\n<meta property=\"og:type\" content=\"article\" \/>\n<meta property=\"og:title\" content=\"Akuoksasaag Husqvarna Aspire\u2122P5-P4A. Aspire tootesari\" \/>\n<meta property=\"og:description\" content=\"Akuoksasaag Husqvarna Aspire\u2122P5-P4A on kompaktne ja mugav akutoitega oksasaag, mis sobib suurep\u00e4raselt okste l\u00f5ikamiseks, aiaj\u00e4\u00e4tmete\" \/>\n<meta property=\"og:url\" content=\"https:\/\/reginett.ee\/toode\/akuoksasaag-husqvarna-aspirep5-p4a\/\" \/>\n<meta property=\"og:site_name\" content=\"Reginett\" \/>\n<meta property=\"article:modified_time\" content=\"2026-03-19T07:57:14+00:00\" \/>\n<meta property=\"og:image\" content=\"https:\/\/reginett.ee\/wp-content\/uploads\/2023\/03\/Oksasaag-Husqvarna-Aspire-Reginett.jpg\" \/>\n\t<meta property=\"og:image:width\" content=\"680\" \/>\n\t<meta property=\"og:image:height\" content=\"372\" \/>\n\t<meta property=\"og:image:type\" content=\"image\/jpeg\" \/>\n<meta name=\"twitter:card\" content=\"summary_large_image\" \/>\n<meta name=\"twitter:label1\" content=\"\u041f\u0440\u0438\u043c\u0435\u0440\u043d\u043e\u0435 \u0432\u0440\u0435\u043c\u044f \u0434\u043b\u044f \u0447\u0442\u0435\u043d\u0438\u044f\" \/>\n\t<meta name=\"twitter:data1\" content=\"2 \u043c\u0438\u043d\u0443\u0442\u044b\" \/>\n<script type=\"application\/ld+json\" class=\"yoast-schema-graph\">{\"@context\":\"https:\/\/schema.org\",\"@graph\":[{\"@type\":\"WebPage\",\"@id\":\"https:\/\/reginett.ee\/toode\/akuoksasaag-husqvarna-aspirep5-p4a\/\",\"url\":\"https:\/\/reginett.ee\/toode\/akuoksasaag-husqvarna-aspirep5-p4a\/\",\"name\":\"Akuoksasaag Husqvarna Aspire\u2122P5-P4A. Aspire tootesari\",\"isPartOf\":{\"@id\":\"https:\/\/reginett.ee\/#website\"},\"primaryImageOfPage\":{\"@id\":\"https:\/\/reginett.ee\/toode\/akuoksasaag-husqvarna-aspirep5-p4a\/#primaryimage\"},\"image\":{\"@id\":\"https:\/\/reginett.ee\/toode\/akuoksasaag-husqvarna-aspirep5-p4a\/#primaryimage\"},\"thumbnailUrl\":\"https:\/\/reginett.ee\/wp-content\/uploads\/2023\/03\/Oksasaag-Husqvarna-Aspire-Reginett.jpg\",\"datePublished\":\"2025-11-24T13:20:45+00:00\",\"dateModified\":\"2026-03-19T07:57:14+00:00\",\"description\":\"Akuoksasaag Husqvarna Aspire\u2122P5-P4A on kompaktne ja mugav akutoitega oksasaag, mis sobib suurep\u00e4raselt okste l\u00f5ikamiseks, aiaj\u00e4\u00e4tmete\",\"breadcrumb\":{\"@id\":\"https:\/\/reginett.ee\/toode\/akuoksasaag-husqvarna-aspirep5-p4a\/#breadcrumb\"},\"inLanguage\":\"ru-RU\",\"potentialAction\":[{\"@type\":\"ReadAction\",\"target\":[\"https:\/\/reginett.ee\/toode\/akuoksasaag-husqvarna-aspirep5-p4a\/\"]}]},{\"@type\":\"ImageObject\",\"inLanguage\":\"ru-RU\",\"@id\":\"https:\/\/reginett.ee\/toode\/akuoksasaag-husqvarna-aspirep5-p4a\/#primaryimage\",\"url\":\"https:\/\/reginett.ee\/wp-content\/uploads\/2023\/03\/Oksasaag-Husqvarna-Aspire-Reginett.jpg\",\"contentUrl\":\"https:\/\/reginett.ee\/wp-content\/uploads\/2023\/03\/Oksasaag-Husqvarna-Aspire-Reginett.jpg\",\"width\":680,\"height\":372,\"caption\":\"Oksasaag Husqvarna Aspire\"},{\"@type\":\"BreadcrumbList\",\"@id\":\"https:\/\/reginett.ee\/toode\/akuoksasaag-husqvarna-aspirep5-p4a\/#breadcrumb\",\"itemListElement\":[{\"@type\":\"ListItem\",\"position\":1,\"name\":\"Home\",\"item\":\"https:\/\/reginett.ee\/ru\/\"},{\"@type\":\"ListItem\",\"position\":2,\"name\":\"Tooted\",\"item\":\"https:\/\/reginett.ee\/tooted\/\"},{\"@type\":\"ListItem\",\"position\":3,\"name\":\"Akuoksasaag Husqvarna Aspire\u2122P5-P4A\"}]},{\"@type\":\"WebSite\",\"@id\":\"https:\/\/reginett.ee\/#website\",\"url\":\"https:\/\/reginett.ee\/\",\"name\":\"Reginett\",\"description\":\"Parimad robotniidukid\",\"potentialAction\":[{\"@type\":\"SearchAction\",\"target\":{\"@type\":\"EntryPoint\",\"urlTemplate\":\"https:\/\/reginett.ee\/?s={search_term_string}\"},\"query-input\":{\"@type\":\"PropertyValueSpecification\",\"valueRequired\":true,\"valueName\":\"search_term_string\"}}],\"inLanguage\":\"ru-RU\"}]}<\/script>\n<!-- \/ Yoast SEO plugin. -->","yoast_head_json":{"title":"Akuoksasaag Husqvarna Aspire\u2122P5-P4A. Aspire tootesari","description":"Akuoksasaag Husqvarna Aspire\u2122P5-P4A on kompaktne ja mugav akutoitega oksasaag, mis sobib suurep\u00e4raselt okste l\u00f5ikamiseks, aiaj\u00e4\u00e4tmete","robots":{"index":"index","follow":"follow","max-snippet":"max-snippet:-1","max-image-preview":"max-image-preview:large","max-video-preview":"max-video-preview:-1"},"canonical":"https:\/\/reginett.ee\/toode\/akuoksasaag-husqvarna-aspirep5-p4a\/","og_locale":"ru_RU","og_type":"article","og_title":"Akuoksasaag Husqvarna Aspire\u2122P5-P4A. Aspire tootesari","og_description":"Akuoksasaag Husqvarna Aspire\u2122P5-P4A on kompaktne ja mugav akutoitega oksasaag, mis sobib suurep\u00e4raselt okste l\u00f5ikamiseks, aiaj\u00e4\u00e4tmete","og_url":"https:\/\/reginett.ee\/toode\/akuoksasaag-husqvarna-aspirep5-p4a\/","og_site_name":"Reginett","article_modified_time":"2026-03-19T07:57:14+00:00","og_image":[{"width":680,"height":372,"url":"https:\/\/reginett.ee\/wp-content\/uploads\/2023\/03\/Oksasaag-Husqvarna-Aspire-Reginett.jpg","type":"image\/jpeg"}],"twitter_card":"summary_large_image","twitter_misc":{"\u041f\u0440\u0438\u043c\u0435\u0440\u043d\u043e\u0435 \u0432\u0440\u0435\u043c\u044f \u0434\u043b\u044f \u0447\u0442\u0435\u043d\u0438\u044f":"2 \u043c\u0438\u043d\u0443\u0442\u044b"},"schema":{"@context":"https:\/\/schema.org","@graph":[{"@type":"WebPage","@id":"https:\/\/reginett.ee\/toode\/akuoksasaag-husqvarna-aspirep5-p4a\/","url":"https:\/\/reginett.ee\/toode\/akuoksasaag-husqvarna-aspirep5-p4a\/","name":"Akuoksasaag Husqvarna Aspire\u2122P5-P4A. Aspire tootesari","isPartOf":{"@id":"https:\/\/reginett.ee\/#website"},"primaryImageOfPage":{"@id":"https:\/\/reginett.ee\/toode\/akuoksasaag-husqvarna-aspirep5-p4a\/#primaryimage"},"image":{"@id":"https:\/\/reginett.ee\/toode\/akuoksasaag-husqvarna-aspirep5-p4a\/#primaryimage"},"thumbnailUrl":"https:\/\/reginett.ee\/wp-content\/uploads\/2023\/03\/Oksasaag-Husqvarna-Aspire-Reginett.jpg","datePublished":"2025-11-24T13:20:45+00:00","dateModified":"2026-03-19T07:57:14+00:00","description":"Akuoksasaag Husqvarna Aspire\u2122P5-P4A on kompaktne ja mugav akutoitega oksasaag, mis sobib suurep\u00e4raselt okste l\u00f5ikamiseks, aiaj\u00e4\u00e4tmete","breadcrumb":{"@id":"https:\/\/reginett.ee\/toode\/akuoksasaag-husqvarna-aspirep5-p4a\/#breadcrumb"},"inLanguage":"ru-RU","potentialAction":[{"@type":"ReadAction","target":["https:\/\/reginett.ee\/toode\/akuoksasaag-husqvarna-aspirep5-p4a\/"]}]},{"@type":"ImageObject","inLanguage":"ru-RU","@id":"https:\/\/reginett.ee\/toode\/akuoksasaag-husqvarna-aspirep5-p4a\/#primaryimage","url":"https:\/\/reginett.ee\/wp-content\/uploads\/2023\/03\/Oksasaag-Husqvarna-Aspire-Reginett.jpg","contentUrl":"https:\/\/reginett.ee\/wp-content\/uploads\/2023\/03\/Oksasaag-Husqvarna-Aspire-Reginett.jpg","width":680,"height":372,"caption":"Oksasaag Husqvarna Aspire"},{"@type":"BreadcrumbList","@id":"https:\/\/reginett.ee\/toode\/akuoksasaag-husqvarna-aspirep5-p4a\/#breadcrumb","itemListElement":[{"@type":"ListItem","position":1,"name":"Home","item":"https:\/\/reginett.ee\/ru\/"},{"@type":"ListItem","position":2,"name":"Tooted","item":"https:\/\/reginett.ee\/tooted\/"},{"@type":"ListItem","position":3,"name":"Akuoksasaag Husqvarna Aspire\u2122P5-P4A"}]},{"@type":"WebSite","@id":"https:\/\/reginett.ee\/#website","url":"https:\/\/reginett.ee\/","name":"Reginett","description":"Parimad robotniidukid","potentialAction":[{"@type":"SearchAction","target":{"@type":"EntryPoint","urlTemplate":"https:\/\/reginett.ee\/?s={search_term_string}"},"query-input":{"@type":"PropertyValueSpecification","valueRequired":true,"valueName":"search_term_string"}}],"inLanguage":"ru-RU"}]}},"brands":[{"id":147,"name":"Husqvarna","slug":"husqvarna"}],"_links":{"self":[{"href":"https:\/\/reginett.ee\/ru\/wp-json\/wp\/v2\/product\/59438","targetHints":{"allow":["GET"]}}],"collection":[{"href":"https:\/\/reginett.ee\/ru\/wp-json\/wp\/v2\/product"}],"about":[{"href":"https:\/\/reginett.ee\/ru\/wp-json\/wp\/v2\/types\/product"}],"replies":[{"embeddable":true,"href":"https:\/\/reginett.ee\/ru\/wp-json\/wp\/v2\/comments?post=59438"}],"wp:featuredmedia":[{"embeddable":true,"href":"https:\/\/reginett.ee\/ru\/wp-json\/wp\/v2\/media\/59439"}],"wp:attachment":[{"href":"https:\/\/reginett.ee\/ru\/wp-json\/wp\/v2\/media?parent=59438"}],"wp:term":[{"taxonomy":"pwb-brand","embeddable":true,"href":"https:\/\/reginett.ee\/ru\/wp-json\/wp\/v2\/pwb-brand?post=59438"},{"taxonomy":"product_brand","embeddable":true,"href":"https:\/\/reginett.ee\/ru\/wp-json\/wp\/v2\/product_brand?post=59438"},{"taxonomy":"product_cat","embeddable":true,"href":"https:\/\/reginett.ee\/ru\/wp-json\/wp\/v2\/product_cat?post=59438"},{"taxonomy":"product_tag","embeddable":true,"href":"https:\/\/reginett.ee\/ru\/wp-json\/wp\/v2\/product_tag?post=59438"}],"curies":[{"name":"wp","href":"https:\/\/api.w.org\/{rel}","templated":true}]}}