{"id":59427,"date":"2026-04-14T13:15:45","date_gmt":"2026-04-14T10:15:45","guid":{"rendered":"https:\/\/reginett.ee\/?post_type=product&#038;p=59427"},"modified":"2026-04-15T10:04:42","modified_gmt":"2026-04-15T07:04:42","slug":"elektrigeneraator-husqvarna-g3200p","status":"publish","type":"product","link":"https:\/\/reginett.ee\/ru\/toode\/elektrigeneraator-husqvarna-g3200p\/","title":{"rendered":"Elektrigeneraator Husqvarna G3200P"},"content":{"rendered":"<p><strong>Elektrigeneraator Husqvarna G3200P<\/strong> on keskmise suurusega 2,7 kW (50 Hz) nimiv\u00f5imsusega generaator koju v\u00f5i t\u00f6\u00f6kotta elektrivarustuse tagamiseks katkestuste korral.<\/p>\n<p>H\u00f5lpsasti k\u00e4ivitatav bensiinimootor ja 14-liitrine paak tagavad pika t\u00f6\u00f6aja. Kasutajas\u00f5bralik juhtpaneel teeb kasutuse lihtsaks.<\/p>\n<h3 class=\"hui-spacing--sm-mt-4-times-6 WLwtnNxco1C4cPugKSaO0g==\">N\u00e4htav k\u00fctusetase<\/h3>\n<p class=\"hui-spacing--sm-mt-4-times-4 K2PbruRyOKhyQZiENIYSog==\">Elektrigeneraator Husqvarna G3200P k\u00fctusen\u00e4idik teeb k\u00fctusetaseme kontrollimise lihtsaks.<\/p>\n<h3 class=\"hui-spacing--sm-mt-4-times-6 WLwtnNxco1C4cPugKSaO0g==\">Lihtsalt ligip\u00e4\u00e4setav k\u00fctusepaagi kork<\/h3>\n<p class=\"hui-spacing--sm-mt-4-times-4 K2PbruRyOKhyQZiENIYSog==\">Lihtsalt ligip\u00e4\u00e4setav k\u00fctusepaagi kork<\/p>\n","protected":false},"excerpt":{"rendered":"<p><strong>Elektrigeneraator Husqvarna G3200P<\/strong> on keskmise suurusega 2,7 kW (50 Hz) nimiv\u00f5imsusega generaator koju v\u00f5i t\u00f6\u00f6kotta elektrivarustuse tagamiseks katkestuste korral.<\/p>\n","protected":false},"featured_media":59432,"comment_status":"open","ping_status":"closed","template":"","meta":{"_acf_changed":false,"_et_pb_use_builder":"","_et_pb_old_content":"","_et_gb_content_width":"","inline_featured_image":false},"pwb-brand":[147],"product_brand":[],"product_cat":[447,134,37],"product_tag":[444,445],"class_list":{"0":"post-59427","1":"product","2":"type-product","3":"status-publish","4":"has-post-thumbnail","6":"pwb-brand-husqvarna","7":"product_cat-elektrigeneraatorid","8":"product_cat-eripakkumised","9":"product_cat-husqvarna","10":"product_tag-elektrigeneraator","11":"product_tag-generaator","12":"product_shipping_class-rasked-asjad","14":"first","15":"instock","16":"sale","17":"shipping-taxable","18":"purchasable","19":"product-type-simple"},"acf":[],"yoast_head":"<!-- This site is optimized with the Yoast SEO plugin v26.6 - https:\/\/yoast.com\/wordpress\/plugins\/seo\/ -->\n<title>Elektrigeneraator Husqvarna G3200P. Parimad generaatorid<\/title>\n<meta name=\"description\" content=\"Elektrigeneraator Husqvarna G3200P on keskmise suurusega 2,7 kW (50 Hz) nimiv\u00f5imsusega generaator koju v\u00f5i t\u00f6\u00f6kotta elektrivarustuse\" \/>\n<meta name=\"robots\" content=\"index, follow, max-snippet:-1, max-image-preview:large, max-video-preview:-1\" \/>\n<link rel=\"canonical\" href=\"https:\/\/reginett.ee\/toode\/elektrigeneraator-husqvarna-g3200p\/\" \/>\n<meta property=\"og:locale\" content=\"ru_RU\" \/>\n<meta property=\"og:type\" content=\"article\" \/>\n<meta property=\"og:title\" content=\"Elektrigeneraator Husqvarna G3200P. Parimad generaatorid\" \/>\n<meta property=\"og:description\" content=\"Elektrigeneraator Husqvarna G3200P on keskmise suurusega 2,7 kW (50 Hz) nimiv\u00f5imsusega generaator koju v\u00f5i t\u00f6\u00f6kotta elektrivarustuse\" \/>\n<meta property=\"og:url\" content=\"https:\/\/reginett.ee\/toode\/elektrigeneraator-husqvarna-g3200p\/\" \/>\n<meta property=\"og:site_name\" content=\"Reginett\" \/>\n<meta property=\"article:modified_time\" content=\"2026-04-15T07:04:42+00:00\" \/>\n<meta property=\"og:image\" content=\"https:\/\/reginett.ee\/wp-content\/uploads\/2023\/03\/Generaator-Husqvarna.jpg\" \/>\n\t<meta property=\"og:image:width\" content=\"680\" \/>\n\t<meta property=\"og:image:height\" content=\"372\" \/>\n\t<meta property=\"og:image:type\" content=\"image\/jpeg\" \/>\n<meta name=\"twitter:card\" content=\"summary_large_image\" \/>\n<meta name=\"twitter:label1\" content=\"\u041f\u0440\u0438\u043c\u0435\u0440\u043d\u043e\u0435 \u0432\u0440\u0435\u043c\u044f \u0434\u043b\u044f \u0447\u0442\u0435\u043d\u0438\u044f\" \/>\n\t<meta name=\"twitter:data1\" content=\"1 \u043c\u0438\u043d\u0443\u0442\u0430\" \/>\n<script type=\"application\/ld+json\" class=\"yoast-schema-graph\">{\"@context\":\"https:\/\/schema.org\",\"@graph\":[{\"@type\":\"WebPage\",\"@id\":\"https:\/\/reginett.ee\/toode\/elektrigeneraator-husqvarna-g3200p\/\",\"url\":\"https:\/\/reginett.ee\/toode\/elektrigeneraator-husqvarna-g3200p\/\",\"name\":\"Elektrigeneraator Husqvarna G3200P. Parimad generaatorid\",\"isPartOf\":{\"@id\":\"https:\/\/reginett.ee\/#website\"},\"primaryImageOfPage\":{\"@id\":\"https:\/\/reginett.ee\/toode\/elektrigeneraator-husqvarna-g3200p\/#primaryimage\"},\"image\":{\"@id\":\"https:\/\/reginett.ee\/toode\/elektrigeneraator-husqvarna-g3200p\/#primaryimage\"},\"thumbnailUrl\":\"https:\/\/reginett.ee\/wp-content\/uploads\/2023\/03\/Generaator-Husqvarna.jpg\",\"datePublished\":\"2026-04-14T10:15:45+00:00\",\"dateModified\":\"2026-04-15T07:04:42+00:00\",\"description\":\"Elektrigeneraator Husqvarna G3200P on keskmise suurusega 2,7 kW (50 Hz) nimiv\u00f5imsusega generaator koju v\u00f5i t\u00f6\u00f6kotta elektrivarustuse\",\"breadcrumb\":{\"@id\":\"https:\/\/reginett.ee\/toode\/elektrigeneraator-husqvarna-g3200p\/#breadcrumb\"},\"inLanguage\":\"ru-RU\",\"potentialAction\":[{\"@type\":\"ReadAction\",\"target\":[\"https:\/\/reginett.ee\/toode\/elektrigeneraator-husqvarna-g3200p\/\"]}]},{\"@type\":\"ImageObject\",\"inLanguage\":\"ru-RU\",\"@id\":\"https:\/\/reginett.ee\/toode\/elektrigeneraator-husqvarna-g3200p\/#primaryimage\",\"url\":\"https:\/\/reginett.ee\/wp-content\/uploads\/2023\/03\/Generaator-Husqvarna.jpg\",\"contentUrl\":\"https:\/\/reginett.ee\/wp-content\/uploads\/2023\/03\/Generaator-Husqvarna.jpg\",\"width\":680,\"height\":372},{\"@type\":\"BreadcrumbList\",\"@id\":\"https:\/\/reginett.ee\/toode\/elektrigeneraator-husqvarna-g3200p\/#breadcrumb\",\"itemListElement\":[{\"@type\":\"ListItem\",\"position\":1,\"name\":\"Home\",\"item\":\"https:\/\/reginett.ee\/ru\/\"},{\"@type\":\"ListItem\",\"position\":2,\"name\":\"Tooted\",\"item\":\"https:\/\/reginett.ee\/tooted\/\"},{\"@type\":\"ListItem\",\"position\":3,\"name\":\"Elektrigeneraator Husqvarna G3200P\"}]},{\"@type\":\"WebSite\",\"@id\":\"https:\/\/reginett.ee\/#website\",\"url\":\"https:\/\/reginett.ee\/\",\"name\":\"Reginett\",\"description\":\"Parimad robotniidukid\",\"potentialAction\":[{\"@type\":\"SearchAction\",\"target\":{\"@type\":\"EntryPoint\",\"urlTemplate\":\"https:\/\/reginett.ee\/?s={search_term_string}\"},\"query-input\":{\"@type\":\"PropertyValueSpecification\",\"valueRequired\":true,\"valueName\":\"search_term_string\"}}],\"inLanguage\":\"ru-RU\"}]}<\/script>\n<!-- \/ Yoast SEO plugin. -->","yoast_head_json":{"title":"Elektrigeneraator Husqvarna G3200P. Parimad generaatorid","description":"Elektrigeneraator Husqvarna G3200P on keskmise suurusega 2,7 kW (50 Hz) nimiv\u00f5imsusega generaator koju v\u00f5i t\u00f6\u00f6kotta elektrivarustuse","robots":{"index":"index","follow":"follow","max-snippet":"max-snippet:-1","max-image-preview":"max-image-preview:large","max-video-preview":"max-video-preview:-1"},"canonical":"https:\/\/reginett.ee\/toode\/elektrigeneraator-husqvarna-g3200p\/","og_locale":"ru_RU","og_type":"article","og_title":"Elektrigeneraator Husqvarna G3200P. Parimad generaatorid","og_description":"Elektrigeneraator Husqvarna G3200P on keskmise suurusega 2,7 kW (50 Hz) nimiv\u00f5imsusega generaator koju v\u00f5i t\u00f6\u00f6kotta elektrivarustuse","og_url":"https:\/\/reginett.ee\/toode\/elektrigeneraator-husqvarna-g3200p\/","og_site_name":"Reginett","article_modified_time":"2026-04-15T07:04:42+00:00","og_image":[{"width":680,"height":372,"url":"https:\/\/reginett.ee\/wp-content\/uploads\/2023\/03\/Generaator-Husqvarna.jpg","type":"image\/jpeg"}],"twitter_card":"summary_large_image","twitter_misc":{"\u041f\u0440\u0438\u043c\u0435\u0440\u043d\u043e\u0435 \u0432\u0440\u0435\u043c\u044f \u0434\u043b\u044f \u0447\u0442\u0435\u043d\u0438\u044f":"1 \u043c\u0438\u043d\u0443\u0442\u0430"},"schema":{"@context":"https:\/\/schema.org","@graph":[{"@type":"WebPage","@id":"https:\/\/reginett.ee\/toode\/elektrigeneraator-husqvarna-g3200p\/","url":"https:\/\/reginett.ee\/toode\/elektrigeneraator-husqvarna-g3200p\/","name":"Elektrigeneraator Husqvarna G3200P. Parimad generaatorid","isPartOf":{"@id":"https:\/\/reginett.ee\/#website"},"primaryImageOfPage":{"@id":"https:\/\/reginett.ee\/toode\/elektrigeneraator-husqvarna-g3200p\/#primaryimage"},"image":{"@id":"https:\/\/reginett.ee\/toode\/elektrigeneraator-husqvarna-g3200p\/#primaryimage"},"thumbnailUrl":"https:\/\/reginett.ee\/wp-content\/uploads\/2023\/03\/Generaator-Husqvarna.jpg","datePublished":"2026-04-14T10:15:45+00:00","dateModified":"2026-04-15T07:04:42+00:00","description":"Elektrigeneraator Husqvarna G3200P on keskmise suurusega 2,7 kW (50 Hz) nimiv\u00f5imsusega generaator koju v\u00f5i t\u00f6\u00f6kotta elektrivarustuse","breadcrumb":{"@id":"https:\/\/reginett.ee\/toode\/elektrigeneraator-husqvarna-g3200p\/#breadcrumb"},"inLanguage":"ru-RU","potentialAction":[{"@type":"ReadAction","target":["https:\/\/reginett.ee\/toode\/elektrigeneraator-husqvarna-g3200p\/"]}]},{"@type":"ImageObject","inLanguage":"ru-RU","@id":"https:\/\/reginett.ee\/toode\/elektrigeneraator-husqvarna-g3200p\/#primaryimage","url":"https:\/\/reginett.ee\/wp-content\/uploads\/2023\/03\/Generaator-Husqvarna.jpg","contentUrl":"https:\/\/reginett.ee\/wp-content\/uploads\/2023\/03\/Generaator-Husqvarna.jpg","width":680,"height":372},{"@type":"BreadcrumbList","@id":"https:\/\/reginett.ee\/toode\/elektrigeneraator-husqvarna-g3200p\/#breadcrumb","itemListElement":[{"@type":"ListItem","position":1,"name":"Home","item":"https:\/\/reginett.ee\/ru\/"},{"@type":"ListItem","position":2,"name":"Tooted","item":"https:\/\/reginett.ee\/tooted\/"},{"@type":"ListItem","position":3,"name":"Elektrigeneraator Husqvarna G3200P"}]},{"@type":"WebSite","@id":"https:\/\/reginett.ee\/#website","url":"https:\/\/reginett.ee\/","name":"Reginett","description":"Parimad robotniidukid","potentialAction":[{"@type":"SearchAction","target":{"@type":"EntryPoint","urlTemplate":"https:\/\/reginett.ee\/?s={search_term_string}"},"query-input":{"@type":"PropertyValueSpecification","valueRequired":true,"valueName":"search_term_string"}}],"inLanguage":"ru-RU"}]}},"brands":[{"id":147,"name":"Husqvarna","slug":"husqvarna"}],"_links":{"self":[{"href":"https:\/\/reginett.ee\/ru\/wp-json\/wp\/v2\/product\/59427","targetHints":{"allow":["GET"]}}],"collection":[{"href":"https:\/\/reginett.ee\/ru\/wp-json\/wp\/v2\/product"}],"about":[{"href":"https:\/\/reginett.ee\/ru\/wp-json\/wp\/v2\/types\/product"}],"replies":[{"embeddable":true,"href":"https:\/\/reginett.ee\/ru\/wp-json\/wp\/v2\/comments?post=59427"}],"wp:featuredmedia":[{"embeddable":true,"href":"https:\/\/reginett.ee\/ru\/wp-json\/wp\/v2\/media\/59432"}],"wp:attachment":[{"href":"https:\/\/reginett.ee\/ru\/wp-json\/wp\/v2\/media?parent=59427"}],"wp:term":[{"taxonomy":"pwb-brand","embeddable":true,"href":"https:\/\/reginett.ee\/ru\/wp-json\/wp\/v2\/pwb-brand?post=59427"},{"taxonomy":"product_brand","embeddable":true,"href":"https:\/\/reginett.ee\/ru\/wp-json\/wp\/v2\/product_brand?post=59427"},{"taxonomy":"product_cat","embeddable":true,"href":"https:\/\/reginett.ee\/ru\/wp-json\/wp\/v2\/product_cat?post=59427"},{"taxonomy":"product_tag","embeddable":true,"href":"https:\/\/reginett.ee\/ru\/wp-json\/wp\/v2\/product_tag?post=59427"}],"curies":[{"name":"wp","href":"https:\/\/api.w.org\/{rel}","templated":true}]}}