{"id":59408,"date":"2023-03-17T12:55:52","date_gmt":"2023-03-17T09:55:52","guid":{"rendered":"https:\/\/reginett.ee\/?post_type=product&#038;p=59408"},"modified":"2023-03-17T12:55:53","modified_gmt":"2023-03-17T09:55:53","slug":"akulaadija-husqvarna-aspire-p4a-18-c70","status":"publish","type":"product","link":"https:\/\/reginett.ee\/ru\/toode\/akulaadija-husqvarna-aspire-p4a-18-c70\/","title":{"rendered":"Akulaadija HUSQVARNA Aspire\u2122 P4A 18-C70"},"content":{"rendered":"<h3 class=\"hui-spacing--sm-mt-4-times-5 hui-spacing--md-mt-4-times-7 qDVd74V+99zfGRPQ6w+YDw==\">Kompaktne kiirlaadija Aspire\u2122 sarja ja teiste POWER FOR ALL akude jaoks<\/h3>\n<p>Husqvarna Aspire laadija \u00fchildub nii Husqvarna Aspire akude kui ka k\u00f5igi teiste 18V POWER FOR ALL ALLIANCE s\u00fcsteemi akudega.<\/p>\n<p>Kiireks laadimiseks ja LED-indikaator n\u00e4itab laadimise staatust. 18-B45 (2,5 Ah) aku on valmis kasutamiseks 80% laetusega, mis v\u00f5tab aega 40 minutit ja 100% laetus 60 minutit. 18-B72 (4,0 Ah) aku on valmis kasutamiseks 80% laetusega, mis v\u00f5tab aega 64 minutit ja 100% laetus 95 minutit.<\/p>\n<p>See laadija kuulub POWER FOR ALL akusarja, mis on \u00fcks suurimaid kaubam\u00e4rkidevahelisi akuliite. Neid laadijaid saab kasutada k\u00f5igi sellesse liitu kuuluvate akude laadimiseks. See t\u00e4hendab, et te ei pea enam ostma eraldi laadijat iga aku ja toote jaoks.<\/p>\n","protected":false},"excerpt":{"rendered":"<h3 class=\"hui-spacing--sm-mt-4-times-5 hui-spacing--md-mt-4-times-7 qDVd74V+99zfGRPQ6w+YDw==\">Kompaktne kiirlaadija Aspire\u2122 sarja ja teiste POWER FOR ALL akude jaoks<\/h3>\n<p>Husqvarna Aspire laadija \u00fchildub nii Husqvarna Aspire akude kui ka k\u00f5igi teiste 18V POWER FOR ALL ALLIANCE s\u00fcsteemi akudega.<\/p>\n","protected":false},"featured_media":59411,"comment_status":"open","ping_status":"closed","template":"","meta":{"_acf_changed":false,"_et_pb_use_builder":"","_et_pb_old_content":"","_et_gb_content_width":"","inline_featured_image":false},"pwb-brand":[147],"product_brand":[],"product_cat":[48,37],"product_tag":[],"class_list":{"0":"post-59408","1":"product","2":"type-product","3":"status-publish","4":"has-post-thumbnail","6":"pwb-brand-husqvarna","7":"product_cat-akutooted","8":"product_cat-husqvarna","10":"first","11":"instock","12":"shipping-taxable","13":"purchasable","14":"product-type-simple"},"acf":[],"yoast_head":"<!-- This site is optimized with the Yoast SEO plugin v26.6 - https:\/\/yoast.com\/wordpress\/plugins\/seo\/ -->\n<title>Akulaadija HUSQVARNA Aspire\u2122 P4A 18-C70. UUs Aspire sari<\/title>\n<meta name=\"description\" content=\"Kompaktne kiirlaadija Aspire\u2122 sarja ja teiste POWER FOR ALL akude jaoksHusqvarna Aspire laadija \u00fchildub nii Husqvarna Aspire akude\" \/>\n<meta name=\"robots\" content=\"index, follow, max-snippet:-1, max-image-preview:large, max-video-preview:-1\" \/>\n<link rel=\"canonical\" href=\"https:\/\/reginett.ee\/toode\/akulaadija-husqvarna-aspire-p4a-18-c70\/\" \/>\n<meta property=\"og:locale\" content=\"ru_RU\" \/>\n<meta property=\"og:type\" content=\"article\" \/>\n<meta property=\"og:title\" content=\"Akulaadija HUSQVARNA Aspire\u2122 P4A 18-C70. UUs Aspire sari\" \/>\n<meta property=\"og:description\" content=\"Kompaktne kiirlaadija Aspire\u2122 sarja ja teiste POWER FOR ALL akude jaoksHusqvarna Aspire laadija \u00fchildub nii Husqvarna Aspire akude\" \/>\n<meta property=\"og:url\" content=\"https:\/\/reginett.ee\/toode\/akulaadija-husqvarna-aspire-p4a-18-c70\/\" \/>\n<meta property=\"og:site_name\" content=\"Reginett\" \/>\n<meta property=\"article:modified_time\" content=\"2023-03-17T09:55:53+00:00\" \/>\n<meta property=\"og:image\" content=\"https:\/\/reginett.ee\/wp-content\/uploads\/2023\/03\/970601002-P4A-18-C70.webp\" \/>\n\t<meta property=\"og:image:width\" content=\"2500\" \/>\n\t<meta property=\"og:image:height\" content=\"2500\" \/>\n\t<meta property=\"og:image:type\" content=\"image\/webp\" \/>\n<meta name=\"twitter:card\" content=\"summary_large_image\" \/>\n<meta name=\"twitter:label1\" content=\"\u041f\u0440\u0438\u043c\u0435\u0440\u043d\u043e\u0435 \u0432\u0440\u0435\u043c\u044f \u0434\u043b\u044f \u0447\u0442\u0435\u043d\u0438\u044f\" \/>\n\t<meta name=\"twitter:data1\" content=\"1 \u043c\u0438\u043d\u0443\u0442\u0430\" \/>\n<script type=\"application\/ld+json\" class=\"yoast-schema-graph\">{\"@context\":\"https:\/\/schema.org\",\"@graph\":[{\"@type\":\"WebPage\",\"@id\":\"https:\/\/reginett.ee\/toode\/akulaadija-husqvarna-aspire-p4a-18-c70\/\",\"url\":\"https:\/\/reginett.ee\/toode\/akulaadija-husqvarna-aspire-p4a-18-c70\/\",\"name\":\"Akulaadija HUSQVARNA Aspire\u2122 P4A 18-C70. UUs Aspire sari\",\"isPartOf\":{\"@id\":\"https:\/\/reginett.ee\/#website\"},\"primaryImageOfPage\":{\"@id\":\"https:\/\/reginett.ee\/toode\/akulaadija-husqvarna-aspire-p4a-18-c70\/#primaryimage\"},\"image\":{\"@id\":\"https:\/\/reginett.ee\/toode\/akulaadija-husqvarna-aspire-p4a-18-c70\/#primaryimage\"},\"thumbnailUrl\":\"https:\/\/reginett.ee\/wp-content\/uploads\/2023\/03\/970601002-P4A-18-C70.webp\",\"datePublished\":\"2023-03-17T09:55:52+00:00\",\"dateModified\":\"2023-03-17T09:55:53+00:00\",\"description\":\"Kompaktne kiirlaadija Aspire\u2122 sarja ja teiste POWER FOR ALL akude jaoksHusqvarna Aspire laadija \u00fchildub nii Husqvarna Aspire akude\",\"breadcrumb\":{\"@id\":\"https:\/\/reginett.ee\/toode\/akulaadija-husqvarna-aspire-p4a-18-c70\/#breadcrumb\"},\"inLanguage\":\"ru-RU\",\"potentialAction\":[{\"@type\":\"ReadAction\",\"target\":[\"https:\/\/reginett.ee\/toode\/akulaadija-husqvarna-aspire-p4a-18-c70\/\"]}]},{\"@type\":\"ImageObject\",\"inLanguage\":\"ru-RU\",\"@id\":\"https:\/\/reginett.ee\/toode\/akulaadija-husqvarna-aspire-p4a-18-c70\/#primaryimage\",\"url\":\"https:\/\/reginett.ee\/wp-content\/uploads\/2023\/03\/970601002-P4A-18-C70.webp\",\"contentUrl\":\"https:\/\/reginett.ee\/wp-content\/uploads\/2023\/03\/970601002-P4A-18-C70.webp\",\"width\":2500,\"height\":2500},{\"@type\":\"BreadcrumbList\",\"@id\":\"https:\/\/reginett.ee\/toode\/akulaadija-husqvarna-aspire-p4a-18-c70\/#breadcrumb\",\"itemListElement\":[{\"@type\":\"ListItem\",\"position\":1,\"name\":\"Home\",\"item\":\"https:\/\/reginett.ee\/ru\/\"},{\"@type\":\"ListItem\",\"position\":2,\"name\":\"Tooted\",\"item\":\"https:\/\/reginett.ee\/tooted\/\"},{\"@type\":\"ListItem\",\"position\":3,\"name\":\"Akulaadija HUSQVARNA Aspire\u2122 P4A 18-C70\"}]},{\"@type\":\"WebSite\",\"@id\":\"https:\/\/reginett.ee\/#website\",\"url\":\"https:\/\/reginett.ee\/\",\"name\":\"Reginett\",\"description\":\"Parimad robotniidukid\",\"potentialAction\":[{\"@type\":\"SearchAction\",\"target\":{\"@type\":\"EntryPoint\",\"urlTemplate\":\"https:\/\/reginett.ee\/?s={search_term_string}\"},\"query-input\":{\"@type\":\"PropertyValueSpecification\",\"valueRequired\":true,\"valueName\":\"search_term_string\"}}],\"inLanguage\":\"ru-RU\"}]}<\/script>\n<!-- \/ Yoast SEO plugin. -->","yoast_head_json":{"title":"Akulaadija HUSQVARNA Aspire\u2122 P4A 18-C70. UUs Aspire sari","description":"Kompaktne kiirlaadija Aspire\u2122 sarja ja teiste POWER FOR ALL akude jaoksHusqvarna Aspire laadija \u00fchildub nii Husqvarna Aspire akude","robots":{"index":"index","follow":"follow","max-snippet":"max-snippet:-1","max-image-preview":"max-image-preview:large","max-video-preview":"max-video-preview:-1"},"canonical":"https:\/\/reginett.ee\/toode\/akulaadija-husqvarna-aspire-p4a-18-c70\/","og_locale":"ru_RU","og_type":"article","og_title":"Akulaadija HUSQVARNA Aspire\u2122 P4A 18-C70. UUs Aspire sari","og_description":"Kompaktne kiirlaadija Aspire\u2122 sarja ja teiste POWER FOR ALL akude jaoksHusqvarna Aspire laadija \u00fchildub nii Husqvarna Aspire akude","og_url":"https:\/\/reginett.ee\/toode\/akulaadija-husqvarna-aspire-p4a-18-c70\/","og_site_name":"Reginett","article_modified_time":"2023-03-17T09:55:53+00:00","og_image":[{"width":2500,"height":2500,"url":"https:\/\/reginett.ee\/wp-content\/uploads\/2023\/03\/970601002-P4A-18-C70.webp","type":"image\/webp"}],"twitter_card":"summary_large_image","twitter_misc":{"\u041f\u0440\u0438\u043c\u0435\u0440\u043d\u043e\u0435 \u0432\u0440\u0435\u043c\u044f \u0434\u043b\u044f \u0447\u0442\u0435\u043d\u0438\u044f":"1 \u043c\u0438\u043d\u0443\u0442\u0430"},"schema":{"@context":"https:\/\/schema.org","@graph":[{"@type":"WebPage","@id":"https:\/\/reginett.ee\/toode\/akulaadija-husqvarna-aspire-p4a-18-c70\/","url":"https:\/\/reginett.ee\/toode\/akulaadija-husqvarna-aspire-p4a-18-c70\/","name":"Akulaadija HUSQVARNA Aspire\u2122 P4A 18-C70. UUs Aspire sari","isPartOf":{"@id":"https:\/\/reginett.ee\/#website"},"primaryImageOfPage":{"@id":"https:\/\/reginett.ee\/toode\/akulaadija-husqvarna-aspire-p4a-18-c70\/#primaryimage"},"image":{"@id":"https:\/\/reginett.ee\/toode\/akulaadija-husqvarna-aspire-p4a-18-c70\/#primaryimage"},"thumbnailUrl":"https:\/\/reginett.ee\/wp-content\/uploads\/2023\/03\/970601002-P4A-18-C70.webp","datePublished":"2023-03-17T09:55:52+00:00","dateModified":"2023-03-17T09:55:53+00:00","description":"Kompaktne kiirlaadija Aspire\u2122 sarja ja teiste POWER FOR ALL akude jaoksHusqvarna Aspire laadija \u00fchildub nii Husqvarna Aspire akude","breadcrumb":{"@id":"https:\/\/reginett.ee\/toode\/akulaadija-husqvarna-aspire-p4a-18-c70\/#breadcrumb"},"inLanguage":"ru-RU","potentialAction":[{"@type":"ReadAction","target":["https:\/\/reginett.ee\/toode\/akulaadija-husqvarna-aspire-p4a-18-c70\/"]}]},{"@type":"ImageObject","inLanguage":"ru-RU","@id":"https:\/\/reginett.ee\/toode\/akulaadija-husqvarna-aspire-p4a-18-c70\/#primaryimage","url":"https:\/\/reginett.ee\/wp-content\/uploads\/2023\/03\/970601002-P4A-18-C70.webp","contentUrl":"https:\/\/reginett.ee\/wp-content\/uploads\/2023\/03\/970601002-P4A-18-C70.webp","width":2500,"height":2500},{"@type":"BreadcrumbList","@id":"https:\/\/reginett.ee\/toode\/akulaadija-husqvarna-aspire-p4a-18-c70\/#breadcrumb","itemListElement":[{"@type":"ListItem","position":1,"name":"Home","item":"https:\/\/reginett.ee\/ru\/"},{"@type":"ListItem","position":2,"name":"Tooted","item":"https:\/\/reginett.ee\/tooted\/"},{"@type":"ListItem","position":3,"name":"Akulaadija HUSQVARNA Aspire\u2122 P4A 18-C70"}]},{"@type":"WebSite","@id":"https:\/\/reginett.ee\/#website","url":"https:\/\/reginett.ee\/","name":"Reginett","description":"Parimad robotniidukid","potentialAction":[{"@type":"SearchAction","target":{"@type":"EntryPoint","urlTemplate":"https:\/\/reginett.ee\/?s={search_term_string}"},"query-input":{"@type":"PropertyValueSpecification","valueRequired":true,"valueName":"search_term_string"}}],"inLanguage":"ru-RU"}]}},"brands":[{"id":147,"name":"Husqvarna","slug":"husqvarna"}],"_links":{"self":[{"href":"https:\/\/reginett.ee\/ru\/wp-json\/wp\/v2\/product\/59408","targetHints":{"allow":["GET"]}}],"collection":[{"href":"https:\/\/reginett.ee\/ru\/wp-json\/wp\/v2\/product"}],"about":[{"href":"https:\/\/reginett.ee\/ru\/wp-json\/wp\/v2\/types\/product"}],"replies":[{"embeddable":true,"href":"https:\/\/reginett.ee\/ru\/wp-json\/wp\/v2\/comments?post=59408"}],"wp:featuredmedia":[{"embeddable":true,"href":"https:\/\/reginett.ee\/ru\/wp-json\/wp\/v2\/media\/59411"}],"wp:attachment":[{"href":"https:\/\/reginett.ee\/ru\/wp-json\/wp\/v2\/media?parent=59408"}],"wp:term":[{"taxonomy":"pwb-brand","embeddable":true,"href":"https:\/\/reginett.ee\/ru\/wp-json\/wp\/v2\/pwb-brand?post=59408"},{"taxonomy":"product_brand","embeddable":true,"href":"https:\/\/reginett.ee\/ru\/wp-json\/wp\/v2\/product_brand?post=59408"},{"taxonomy":"product_cat","embeddable":true,"href":"https:\/\/reginett.ee\/ru\/wp-json\/wp\/v2\/product_cat?post=59408"},{"taxonomy":"product_tag","embeddable":true,"href":"https:\/\/reginett.ee\/ru\/wp-json\/wp\/v2\/product_tag?post=59408"}],"curies":[{"name":"wp","href":"https:\/\/api.w.org\/{rel}","templated":true}]}}