{"id":59405,"date":"2023-03-17T12:40:58","date_gmt":"2023-03-17T09:40:58","guid":{"rendered":"https:\/\/reginett.ee\/?post_type=product&#038;p=59405"},"modified":"2026-01-07T17:19:25","modified_gmt":"2026-01-07T14:19:25","slug":"aku-husqvarna-aspire-p4a-18-b72-40ah","status":"publish","type":"product","link":"https:\/\/reginett.ee\/ru\/toode\/aku-husqvarna-aspire-p4a-18-b72-40ah\/","title":{"rendered":"Aku HUSQVARNA Aspire\u2122 P4A 18-B72 4,0Ah"},"content":{"rendered":"<h3>V\u00f5imas ja pika t\u00f6\u00f6ajaga 18V aku<\/h3>\n<p><strong>Husqvarna Aspire<\/strong> 18V (4,0Ah) on kompaktne ja kerge aku, mis \u00fchildub Husqvarna Aspire tootevalikuga. Ergonoomiline disain ja hea haarduvus teevad aku seadme k\u00fclge kinnitamise kiireks ja lihtsaks. See aku kuulub POWER FOR ALL akusarja, mis on \u00fcks suurimaid kaubam\u00e4rkidevahelisi akuliite.<\/p>\n<p>Neid akusid saab kasutada k\u00f5igi* sellesse liitu kuuluvate toodetega. See t\u00e4hendab, et te ei pea enam iga toote jaoks eraldi akut ostma.<\/p>\n<p>*Bosch PSM\u00a018\u00a0LI + Bosch ALB\u00a018\u00a0LI \u00fchildub ainult akut\u00fc\u00fcbiga 1,5 Ah &#8212; 3,0 Ah. See t\u00e4hendab, et te ei pea enam iga toote jaoks akut ostma.<\/p>\n<p>Sobib mudelitele:<\/p>\n<div class=\"hbd-fits-to__group\">\n<h4 class=\"hui-text-subtitle2 hui-text-uppercase\">MURUTRIMMERID<\/h4>\n<ul class=\"hbd-fits-to__links\">\n<li><a class=\"hbd-link hbd-link--underline\" href=\"https:\/\/www.husqvarna.com\/ee\/murutrimmerid\/aspire-t28-p4a-aku-ja-laadijata\/\">Aspire\u2122 T28-P4A aku ja laadijata<\/a><\/li>\n<li><a class=\"hbd-link hbd-link--underline\" href=\"https:\/\/www.husqvarna.com\/ee\/murutrimmerid\/aspire-t28-p4a-aku-ja-laadijaga\/\">Aspire\u2122 T28-P4A aku ja laadijaga<\/a><\/li>\n<\/ul>\n<\/div>\n<div class=\"hbd-fits-to__group\">\n<h4 class=\"hui-text-subtitle2 hui-text-uppercase\">HEKIL\u00d5IKURID<\/h4>\n<ul class=\"hbd-fits-to__links\">\n<li><a class=\"hbd-link hbd-link--underline\" href=\"https:\/\/www.husqvarna.com\/ee\/hekiloikurid\/aspire-h50-p4a-aku-ja-laadijata\/\">Aspire\u2122 H50-P4A aku ja laadijata<\/a><\/li>\n<li><a class=\"hbd-link hbd-link--underline\" href=\"https:\/\/www.husqvarna.com\/ee\/hekiloikurid\/aspire-h50-p4a-aku-ja-laadijaga\/\">Aspire\u2122 H50-P4A aku ja laadijaga<\/a><\/li>\n<\/ul>\n<\/div>\n<div class=\"hbd-fits-to__group\">\n<h4 class=\"hui-text-subtitle2 hui-text-uppercase\">MURUNIIDUKID<\/h4>\n<ul class=\"hbd-fits-to__links\">\n<li><a class=\"hbd-link hbd-link--underline\" href=\"https:\/\/www.husqvarna.com\/ee\/muruniidukid\/aspire-lc34-p4a-aku-ja-laadijaga\/\">Aspire\u2122 LC34-P4A aku ja laadijaga<\/a><\/li>\n<li><a class=\"hbd-link hbd-link--underline\" href=\"https:\/\/www.husqvarna.com\/ee\/muruniidukid\/aspire-lc34-p4a-aku-ja-laadijata\/\">Aspire LC34-P4A aku ja laadijata<\/a><\/li>\n<\/ul>\n<\/div>\n<div class=\"hbd-fits-to__group\">\n<h4 class=\"hui-text-subtitle2 hui-text-uppercase\">LEHEPUHURID<\/h4>\n<ul class=\"hbd-fits-to__links\">\n<li><a class=\"hbd-link hbd-link--underline\" href=\"https:\/\/www.husqvarna.com\/ee\/lehepuhurid\/aspire-b8x-p4a-aku-ja-laadijata\/\">Aspire\u2122 B8X-P4A aku ja laadijata<\/a><\/li>\n<li><a class=\"hbd-link hbd-link--underline\" href=\"https:\/\/www.husqvarna.com\/ee\/lehepuhurid\/aspire-b8x-p4a-aku-ja-laadijaga\/\">Aspire B8X-P4A\u2122 aku ja laadijaga<\/a><\/li>\n<\/ul>\n<\/div>\n<div class=\"hbd-fits-to__group\">\n<h4 class=\"hui-text-subtitle2 hui-text-uppercase\">AKUOKSASAED<\/h4>\n<ul class=\"hbd-fits-to__links\">\n<li><a class=\"hbd-link hbd-link--underline\" href=\"https:\/\/www.husqvarna.com\/ee\/akuoksasaed\/aspire-p5-p4a-aku-ja-laadijata\/\">Aspire\u2122 P5-P4A aku ja laadijata<\/a><\/li>\n<li><a class=\"hbd-link hbd-link--underline\" href=\"https:\/\/www.husqvarna.com\/ee\/akuoksasaed\/aspire-p5-p4a-aku-ja-laadijaga\/\">Aspire\u2122 P5-P4A aku ja laadijaga<\/a><\/li>\n<li><a class=\"hbd-link hbd-link--underline\" href=\"https:\/\/www.husqvarna.com\/ee\/akuoksasaed\/aspire-pe5-p4a-aku-ja-laadijata\/\">Aspire\u2122 PE5-P4A aku ja laadijata<\/a><\/li>\n<li><a class=\"hbd-link hbd-link--underline\" href=\"https:\/\/www.husqvarna.com\/ee\/akuoksasaed\/aspire-pe5-p4a-aku-ja-laadijaga\/\">Aspire\u2122 PE5-P4A aku ja laadijaga<\/a><\/li>\n<\/ul>\n<\/div>\n<div class=\"hbd-fits-to__group\">\n<h4 class=\"hui-text-subtitle2 hui-text-uppercase\">AKUSEADMED<\/h4>\n<ul class=\"hbd-fits-to__links\">\n<li><a class=\"hbd-link hbd-link--underline\" href=\"https:\/\/www.husqvarna.com\/ee\/akutoodete-lisatarvikud\/aspire-p4a18-c70\/\">Aspire\u2122 P4A 18-C70<\/a><\/li>\n<\/ul>\n<\/div>\n<div class=\"hbd-fits-to__group\">\n<h4 class=\"hui-text-subtitle2 hui-text-uppercase\">HOIUSTUSS\u00dcSTEEM<\/h4>\n<ul class=\"hbd-fits-to__links\">\n<li><a class=\"hbd-link hbd-link--underline\" href=\"https:\/\/www.husqvarna.com\/ee\/hoiustussusteem\/aspire-riiul-hoiusiinile\/\">Aspire\u2122 riiul hoiusiinile<\/a><\/li>\n<\/ul>\n<\/div>\n<p>&nbsp;<\/p>\n","protected":false},"excerpt":{"rendered":"<p><strong>Husqvarna Aspire<\/strong> 18V (4,0Ah) on kompaktne ja kerge aku, mis \u00fchildub Husqvarna Aspire tootevalikuga. Ergonoomiline disain ja hea haarduvus teevad aku seadme k\u00fclge kinnitamise kiireks ja lihtsaks. See aku kuulub POWER FOR ALL akusarja, mis on \u00fcks suurimaid kaubam\u00e4rkidevahelisi akuliite.<\/p>\n","protected":false},"featured_media":59406,"comment_status":"open","ping_status":"closed","template":"","meta":{"_acf_changed":false,"_et_pb_use_builder":"","_et_pb_old_content":"","_et_gb_content_width":"","inline_featured_image":false},"pwb-brand":[147],"product_brand":[],"product_cat":[48,37],"product_tag":[73,521],"class_list":{"0":"post-59405","1":"product","2":"type-product","3":"status-publish","4":"has-post-thumbnail","6":"pwb-brand-husqvarna","7":"product_cat-akutooted","8":"product_cat-husqvarna","9":"product_tag-aku","10":"product_tag-aspire","12":"first","13":"instock","14":"sale","15":"shipping-taxable","16":"purchasable","17":"product-type-simple"},"acf":[],"yoast_head":"<!-- This site is optimized with the Yoast SEO plugin v26.6 - https:\/\/yoast.com\/wordpress\/plugins\/seo\/ -->\n<title>Aku HUSQVARNA Aspire\u2122 P4A 18-B72 4,0Ah, Uus Aspire sari<\/title>\n<meta name=\"description\" content=\"V\u00f5imas ja pika t\u00f6\u00f6ajaga 18V akuHusqvarna Aspire 18V (4,0Ah) on kompaktne ja kerge aku, mis \u00fchildub Husqvarna Aspire tootevalikuga\" \/>\n<meta name=\"robots\" content=\"index, follow, max-snippet:-1, max-image-preview:large, max-video-preview:-1\" \/>\n<link rel=\"canonical\" href=\"https:\/\/reginett.ee\/toode\/aku-husqvarna-aspire-p4a-18-b72-40ah\/\" \/>\n<meta property=\"og:locale\" content=\"ru_RU\" \/>\n<meta property=\"og:type\" content=\"article\" \/>\n<meta property=\"og:title\" content=\"Aku HUSQVARNA Aspire\u2122 P4A 18-B72 4,0Ah, Uus Aspire sari\" \/>\n<meta property=\"og:description\" content=\"V\u00f5imas ja pika t\u00f6\u00f6ajaga 18V akuHusqvarna Aspire 18V (4,0Ah) on kompaktne ja kerge aku, mis \u00fchildub Husqvarna Aspire tootevalikuga\" \/>\n<meta property=\"og:url\" content=\"https:\/\/reginett.ee\/toode\/aku-husqvarna-aspire-p4a-18-b72-40ah\/\" \/>\n<meta property=\"og:site_name\" content=\"Reginett\" \/>\n<meta property=\"article:modified_time\" content=\"2026-01-07T14:19:25+00:00\" \/>\n<meta property=\"og:image\" content=\"https:\/\/reginett.ee\/wp-content\/uploads\/2023\/03\/Aku-Husqvarna-Aspire-Reginett.jpg\" \/>\n\t<meta property=\"og:image:width\" content=\"700\" \/>\n\t<meta property=\"og:image:height\" content=\"700\" \/>\n\t<meta property=\"og:image:type\" content=\"image\/jpeg\" \/>\n<meta name=\"twitter:card\" content=\"summary_large_image\" \/>\n<meta name=\"twitter:label1\" content=\"\u041f\u0440\u0438\u043c\u0435\u0440\u043d\u043e\u0435 \u0432\u0440\u0435\u043c\u044f \u0434\u043b\u044f \u0447\u0442\u0435\u043d\u0438\u044f\" \/>\n\t<meta name=\"twitter:data1\" content=\"1 \u043c\u0438\u043d\u0443\u0442\u0430\" \/>\n<script type=\"application\/ld+json\" class=\"yoast-schema-graph\">{\"@context\":\"https:\/\/schema.org\",\"@graph\":[{\"@type\":\"WebPage\",\"@id\":\"https:\/\/reginett.ee\/toode\/aku-husqvarna-aspire-p4a-18-b72-40ah\/\",\"url\":\"https:\/\/reginett.ee\/toode\/aku-husqvarna-aspire-p4a-18-b72-40ah\/\",\"name\":\"Aku HUSQVARNA Aspire\u2122 P4A 18-B72 4,0Ah, Uus Aspire sari\",\"isPartOf\":{\"@id\":\"https:\/\/reginett.ee\/#website\"},\"primaryImageOfPage\":{\"@id\":\"https:\/\/reginett.ee\/toode\/aku-husqvarna-aspire-p4a-18-b72-40ah\/#primaryimage\"},\"image\":{\"@id\":\"https:\/\/reginett.ee\/toode\/aku-husqvarna-aspire-p4a-18-b72-40ah\/#primaryimage\"},\"thumbnailUrl\":\"https:\/\/reginett.ee\/wp-content\/uploads\/2023\/03\/Aku-Husqvarna-Aspire-Reginett.jpg\",\"datePublished\":\"2023-03-17T09:40:58+00:00\",\"dateModified\":\"2026-01-07T14:19:25+00:00\",\"description\":\"V\u00f5imas ja pika t\u00f6\u00f6ajaga 18V akuHusqvarna Aspire 18V (4,0Ah) on kompaktne ja kerge aku, mis \u00fchildub Husqvarna Aspire tootevalikuga\",\"breadcrumb\":{\"@id\":\"https:\/\/reginett.ee\/toode\/aku-husqvarna-aspire-p4a-18-b72-40ah\/#breadcrumb\"},\"inLanguage\":\"ru-RU\",\"potentialAction\":[{\"@type\":\"ReadAction\",\"target\":[\"https:\/\/reginett.ee\/toode\/aku-husqvarna-aspire-p4a-18-b72-40ah\/\"]}]},{\"@type\":\"ImageObject\",\"inLanguage\":\"ru-RU\",\"@id\":\"https:\/\/reginett.ee\/toode\/aku-husqvarna-aspire-p4a-18-b72-40ah\/#primaryimage\",\"url\":\"https:\/\/reginett.ee\/wp-content\/uploads\/2023\/03\/Aku-Husqvarna-Aspire-Reginett.jpg\",\"contentUrl\":\"https:\/\/reginett.ee\/wp-content\/uploads\/2023\/03\/Aku-Husqvarna-Aspire-Reginett.jpg\",\"width\":700,\"height\":700},{\"@type\":\"BreadcrumbList\",\"@id\":\"https:\/\/reginett.ee\/toode\/aku-husqvarna-aspire-p4a-18-b72-40ah\/#breadcrumb\",\"itemListElement\":[{\"@type\":\"ListItem\",\"position\":1,\"name\":\"Home\",\"item\":\"https:\/\/reginett.ee\/ru\/\"},{\"@type\":\"ListItem\",\"position\":2,\"name\":\"Tooted\",\"item\":\"https:\/\/reginett.ee\/tooted\/\"},{\"@type\":\"ListItem\",\"position\":3,\"name\":\"Aku HUSQVARNA Aspire\u2122 P4A 18-B72 4,0Ah\"}]},{\"@type\":\"WebSite\",\"@id\":\"https:\/\/reginett.ee\/#website\",\"url\":\"https:\/\/reginett.ee\/\",\"name\":\"Reginett\",\"description\":\"Parimad robotniidukid\",\"potentialAction\":[{\"@type\":\"SearchAction\",\"target\":{\"@type\":\"EntryPoint\",\"urlTemplate\":\"https:\/\/reginett.ee\/?s={search_term_string}\"},\"query-input\":{\"@type\":\"PropertyValueSpecification\",\"valueRequired\":true,\"valueName\":\"search_term_string\"}}],\"inLanguage\":\"ru-RU\"}]}<\/script>\n<!-- \/ Yoast SEO plugin. -->","yoast_head_json":{"title":"Aku HUSQVARNA Aspire\u2122 P4A 18-B72 4,0Ah, Uus Aspire sari","description":"V\u00f5imas ja pika t\u00f6\u00f6ajaga 18V akuHusqvarna Aspire 18V (4,0Ah) on kompaktne ja kerge aku, mis \u00fchildub Husqvarna Aspire tootevalikuga","robots":{"index":"index","follow":"follow","max-snippet":"max-snippet:-1","max-image-preview":"max-image-preview:large","max-video-preview":"max-video-preview:-1"},"canonical":"https:\/\/reginett.ee\/toode\/aku-husqvarna-aspire-p4a-18-b72-40ah\/","og_locale":"ru_RU","og_type":"article","og_title":"Aku HUSQVARNA Aspire\u2122 P4A 18-B72 4,0Ah, Uus Aspire sari","og_description":"V\u00f5imas ja pika t\u00f6\u00f6ajaga 18V akuHusqvarna Aspire 18V (4,0Ah) on kompaktne ja kerge aku, mis \u00fchildub Husqvarna Aspire tootevalikuga","og_url":"https:\/\/reginett.ee\/toode\/aku-husqvarna-aspire-p4a-18-b72-40ah\/","og_site_name":"Reginett","article_modified_time":"2026-01-07T14:19:25+00:00","og_image":[{"width":700,"height":700,"url":"https:\/\/reginett.ee\/wp-content\/uploads\/2023\/03\/Aku-Husqvarna-Aspire-Reginett.jpg","type":"image\/jpeg"}],"twitter_card":"summary_large_image","twitter_misc":{"\u041f\u0440\u0438\u043c\u0435\u0440\u043d\u043e\u0435 \u0432\u0440\u0435\u043c\u044f \u0434\u043b\u044f \u0447\u0442\u0435\u043d\u0438\u044f":"1 \u043c\u0438\u043d\u0443\u0442\u0430"},"schema":{"@context":"https:\/\/schema.org","@graph":[{"@type":"WebPage","@id":"https:\/\/reginett.ee\/toode\/aku-husqvarna-aspire-p4a-18-b72-40ah\/","url":"https:\/\/reginett.ee\/toode\/aku-husqvarna-aspire-p4a-18-b72-40ah\/","name":"Aku HUSQVARNA Aspire\u2122 P4A 18-B72 4,0Ah, Uus Aspire sari","isPartOf":{"@id":"https:\/\/reginett.ee\/#website"},"primaryImageOfPage":{"@id":"https:\/\/reginett.ee\/toode\/aku-husqvarna-aspire-p4a-18-b72-40ah\/#primaryimage"},"image":{"@id":"https:\/\/reginett.ee\/toode\/aku-husqvarna-aspire-p4a-18-b72-40ah\/#primaryimage"},"thumbnailUrl":"https:\/\/reginett.ee\/wp-content\/uploads\/2023\/03\/Aku-Husqvarna-Aspire-Reginett.jpg","datePublished":"2023-03-17T09:40:58+00:00","dateModified":"2026-01-07T14:19:25+00:00","description":"V\u00f5imas ja pika t\u00f6\u00f6ajaga 18V akuHusqvarna Aspire 18V (4,0Ah) on kompaktne ja kerge aku, mis \u00fchildub Husqvarna Aspire tootevalikuga","breadcrumb":{"@id":"https:\/\/reginett.ee\/toode\/aku-husqvarna-aspire-p4a-18-b72-40ah\/#breadcrumb"},"inLanguage":"ru-RU","potentialAction":[{"@type":"ReadAction","target":["https:\/\/reginett.ee\/toode\/aku-husqvarna-aspire-p4a-18-b72-40ah\/"]}]},{"@type":"ImageObject","inLanguage":"ru-RU","@id":"https:\/\/reginett.ee\/toode\/aku-husqvarna-aspire-p4a-18-b72-40ah\/#primaryimage","url":"https:\/\/reginett.ee\/wp-content\/uploads\/2023\/03\/Aku-Husqvarna-Aspire-Reginett.jpg","contentUrl":"https:\/\/reginett.ee\/wp-content\/uploads\/2023\/03\/Aku-Husqvarna-Aspire-Reginett.jpg","width":700,"height":700},{"@type":"BreadcrumbList","@id":"https:\/\/reginett.ee\/toode\/aku-husqvarna-aspire-p4a-18-b72-40ah\/#breadcrumb","itemListElement":[{"@type":"ListItem","position":1,"name":"Home","item":"https:\/\/reginett.ee\/ru\/"},{"@type":"ListItem","position":2,"name":"Tooted","item":"https:\/\/reginett.ee\/tooted\/"},{"@type":"ListItem","position":3,"name":"Aku HUSQVARNA Aspire\u2122 P4A 18-B72 4,0Ah"}]},{"@type":"WebSite","@id":"https:\/\/reginett.ee\/#website","url":"https:\/\/reginett.ee\/","name":"Reginett","description":"Parimad robotniidukid","potentialAction":[{"@type":"SearchAction","target":{"@type":"EntryPoint","urlTemplate":"https:\/\/reginett.ee\/?s={search_term_string}"},"query-input":{"@type":"PropertyValueSpecification","valueRequired":true,"valueName":"search_term_string"}}],"inLanguage":"ru-RU"}]}},"brands":[{"id":147,"name":"Husqvarna","slug":"husqvarna"}],"_links":{"self":[{"href":"https:\/\/reginett.ee\/ru\/wp-json\/wp\/v2\/product\/59405","targetHints":{"allow":["GET"]}}],"collection":[{"href":"https:\/\/reginett.ee\/ru\/wp-json\/wp\/v2\/product"}],"about":[{"href":"https:\/\/reginett.ee\/ru\/wp-json\/wp\/v2\/types\/product"}],"replies":[{"embeddable":true,"href":"https:\/\/reginett.ee\/ru\/wp-json\/wp\/v2\/comments?post=59405"}],"wp:featuredmedia":[{"embeddable":true,"href":"https:\/\/reginett.ee\/ru\/wp-json\/wp\/v2\/media\/59406"}],"wp:attachment":[{"href":"https:\/\/reginett.ee\/ru\/wp-json\/wp\/v2\/media?parent=59405"}],"wp:term":[{"taxonomy":"pwb-brand","embeddable":true,"href":"https:\/\/reginett.ee\/ru\/wp-json\/wp\/v2\/pwb-brand?post=59405"},{"taxonomy":"product_brand","embeddable":true,"href":"https:\/\/reginett.ee\/ru\/wp-json\/wp\/v2\/product_brand?post=59405"},{"taxonomy":"product_cat","embeddable":true,"href":"https:\/\/reginett.ee\/ru\/wp-json\/wp\/v2\/product_cat?post=59405"},{"taxonomy":"product_tag","embeddable":true,"href":"https:\/\/reginett.ee\/ru\/wp-json\/wp\/v2\/product_tag?post=59405"}],"curies":[{"name":"wp","href":"https:\/\/api.w.org\/{rel}","templated":true}]}}