{"id":59386,"date":"2023-03-17T12:01:06","date_gmt":"2023-03-17T09:01:06","guid":{"rendered":"https:\/\/reginett.ee\/?post_type=product&#038;p=59386"},"modified":"2026-01-12T11:23:28","modified_gmt":"2026-01-12T08:23:28","slug":"akuhekiloikur-husqvarna-aspire-h50-p4a","status":"publish","type":"product","link":"https:\/\/reginett.ee\/ru\/toode\/akuhekiloikur-husqvarna-aspire-h50-p4a\/","title":{"rendered":"Akuhekil\u00f5ikur Husqvarna Aspire\u2122 H50-P4A"},"content":{"rendered":"<p><strong>Akuhekil\u00f5ikur Husqvarna Aspire\u2122 H50-P4A<\/strong> on kerge 18V akuhekil\u00f5ikur, mille abil saate h\u00f5lpsalt hekke ja p\u00f5\u00f5said kujundada. Hoiustamisel on m\u00f5eldud v\u00e4ikestele ruumidele ning kaasasoleva riputuskonksu abil on see lihtsaks ja ruumis\u00e4\u00e4stvaks tehtud. Kahepoolsed l\u00f5iketerad, v\u00f5imas mootor ja 50 cm pikkune l\u00f5iketera saavad hakkama kuni 23 mm l\u00e4bim\u00f5\u00f5duga okstega.<\/p>\n<p>*Aku ja laadija ei kuulu komplekti!<\/p>\n<p>Praktiline lehesuunaja l\u00f5ikej\u00e4\u00e4kide eemaldamiseks hekilt p\u00fcgamise ajal, et v\u00e4hendada hilisemat puhastust\u00f6\u00f6d. Ergonoomiline pehme kattega k\u00e4epide ja suurem ohutus koos automaatse v\u00e4ljal\u00fclitamisega, kui j\u00e4tta masin j\u00e4relevalveta.<\/p>\n<p>Osa POWER FOR ALL akus\u00fcsteemist. Husqvarna Aspire akutoitel t\u00f6\u00f6riistad on v\u00e4lja t\u00f6\u00f6tatud ruumis\u00e4\u00e4stlikust silmas pidades. Seet\u00f5ttu on iga tootega kaasas spetsiaalne hoiukonks, mille saab kinnitada otse seinale v\u00f5i kasutada koos Husqvarna Aspire hoiustuss\u00fcsteemiga. See toode on osa POWER FOR ALL akus\u00fcsteemist ja \u00fchildub paljude teiste kaubam\u00e4rkide akude ja laadijatega, mis kuuluvad sellesse s\u00fcsteemi. See loob v\u00f5imaluse osta k\u00f5igi kodu- ja aiat\u00f6\u00f6riistade jaoks vaid \u00fcks aku.<\/p>\n<h3 class=\"hui-spacing--sm-mt-4-times-6 WLwtnNxco1C4cPugKSaO0g==\">Ruumis\u00e4\u00e4stlik hoiustamine<\/h3>\n<p class=\"hui-spacing--sm-mt-4-times-4 K2PbruRyOKhyQZiENIYSog==\">Loomult kompaktsed ja kerged <strong>Husqvarna Aspire\u2122<\/strong> t\u00f6\u00f6riistad j\u00e4tavad veelgi v\u00e4iksema jalaj\u00e4lje t\u00e4nu reguleeritavatele, kokkupandavatele, kokkuk\u00e4ivatele v\u00f5i eemaldatavatele osadele &#8212; lihtsam hoiustamine ja transportimine kitsastes kohtades, nagu v\u00e4ikesed kuurid v\u00f5i autod. Kasutades igas pakendis olevat spetsiaalselt riputuskonksu, saate neid hoiustada otse seinal v\u00f5i riputada meie seinale kinnitatavale hoiusiinile, mis on osa Husqvarna Aspire\u2122 hoiustuss\u00fcsteemist.<strong> Siini m\u00fc\u00fcakse eraldi!<\/strong><\/p>\n<h3 class=\"hui-spacing--sm-mt-4-times-6 WLwtnNxco1C4cPugKSaO0g==\">Madal m\u00fcratase<\/h3>\n<p class=\"hui-spacing--sm-mt-4-times-4 K2PbruRyOKhyQZiENIYSog==\">Madal m\u00fcratase v\u00f5imaldab akuhekil\u00f5ikur Husqvarna Aspire\u2122 H50-P4A\u00a0 t\u00f6\u00f6tada hommikuti ja \u00f5htuti, ilma naabreid h\u00e4irimata.<\/p>\n<h3 class=\"hui-spacing--sm-mt-4-times-6 WLwtnNxco1C4cPugKSaO0g==\">Aspire\u2122 lehesuunaja<\/h3>\n<p class=\"hui-spacing--sm-mt-4-times-4 K2PbruRyOKhyQZiENIYSog==\">S\u00e4\u00e4stke aega koristamisele Aspire\u2122 hekitrimmeri H50-P4A eemaldatava lehesuunajaga. Suunake p\u00fcgamise ajal lehed automaatselt eemale. Garanteeritud Husqvarna kvaliteet intuitiivseks kasutamiseks ja lihtsaks hoolduseks.<\/p>\n<h3 class=\"hui-spacing--sm-mt-4-times-6 WLwtnNxco1C4cPugKSaO0g==\">Pehme kattega k\u00e4epide<\/h3>\n<p class=\"hui-spacing--sm-mt-4-times-4 K2PbruRyOKhyQZiENIYSog==\">Husqvarna Aspire\u2122 t\u00f6\u00f6riistade pehme kattega k\u00e4epide tagab t\u00f6\u00f6tamise ajal hea haarde ja mugavuse.<\/p>\n<h3 class=\"hui-spacing--sm-mt-4-times-6 WLwtnNxco1C4cPugKSaO0g==\">Intuitiivne k\u00e4sitsemine<\/h3>\n<p class=\"hui-spacing--sm-mt-4-times-4 K2PbruRyOKhyQZiENIYSog==\">Husqvarna Aspire\u2122 tootesarja elegantset musta disaini t\u00e4iendavad oran\u017eid detailid, mis juhatavad teid intuitiivselt k\u00f5igi &#171;suhtluspunktide&#187; juurde. T\u00e4iustatud ergonoomika, nagu reguleeritavad k\u00e4epidemed, ja vastupidavad materjalid aitavad teil h\u00f5lpsalt vastu v\u00f5tta mis tahes aiat\u00f6\u00f6 v\u00e4ljakutse.<\/p>\n<h3 class=\"hui-spacing--sm-mt-4-times-6 WLwtnNxco1C4cPugKSaO0g==\">POWER FOR ALL akus\u00fcsteem<\/h3>\n<p class=\"hui-spacing--sm-mt-4-times-4 K2PbruRyOKhyQZiENIYSog==\"><strong>Husqvarna Aspire\u2122<\/strong> tootesarja toiteallikaks on 18V POWER FOR ALL akus\u00fcsteem. Saadaval on kahe v\u00f5imsusega akud, mis on optimaalseimad Aspire\u2122 t\u00f6\u00f6riistade jaoks, et tagada piisav v\u00f5imsus, t\u00f6\u00f6aeg ning kaalu ja v\u00f5imsuse suhe. Samuti \u00fchilduvad need 100% paljude teiste juhtivate kodu- ja aiat\u00f6\u00f6riistu tootvate kaubam\u00e4rkide toodetega. See annab teile suurema paindlikkuse kasutada \u00fchte akut veelgi rohkemate toodetega (v\u00e4lja arvatud Husqvarna Automower\u00ae Aspire\u2122).<\/p>\n","protected":false},"excerpt":{"rendered":"<p><strong>Akuhekil\u00f5ikur Husqvarna Aspire\u2122 H50-P4A<\/strong> on kerge 18V akuhekil\u00f5ikur, mille abil saate h\u00f5lpsalt hekke ja p\u00f5\u00f5said kujundada. Hoiustamisel on m\u00f5eldud v\u00e4ikestele ruumidele ning kaasasoleva riputuskonksu abil on see lihtsaks ja ruumis\u00e4\u00e4stvaks tehtud. Kahepoolsed l\u00f5iketerad, v\u00f5imas mootor ja 50 cm pikkune l\u00f5iketera saavad hakkama kuni 23 mm l\u00e4bim\u00f5\u00f5duga okstega.<\/p>\n<p>*Aku ja laadija ei kuulu komplekti!<\/p>\n","protected":false},"featured_media":59387,"comment_status":"open","ping_status":"closed","template":"","meta":{"_acf_changed":false,"_et_pb_use_builder":"","_et_pb_old_content":"","_et_gb_content_width":"","inline_featured_image":false},"pwb-brand":[147],"product_brand":[],"product_cat":[48,49,37],"product_tag":[521,101],"class_list":{"0":"post-59386","1":"product","2":"type-product","3":"status-publish","4":"has-post-thumbnail","6":"pwb-brand-husqvarna","7":"product_cat-akutooted","8":"product_cat-hekiloikurid","9":"product_cat-husqvarna","10":"product_tag-aspire","11":"product_tag-hekiloikur","12":"product_shipping_class-soodsam-kuller-15-eur","14":"first","15":"instock","16":"shipping-taxable","17":"purchasable","18":"product-type-simple"},"acf":[],"yoast_head":"<!-- This site is optimized with the Yoast SEO plugin v26.6 - https:\/\/yoast.com\/wordpress\/plugins\/seo\/ -->\n<title>Akuhekil\u00f5ikur Husqvarna Aspire\u2122 H50-P4A. Aspire t\u00f6\u00f6riistad<\/title>\n<meta name=\"description\" content=\"Akuhekil\u00f5ikur Husqvarna Aspire\u2122 H50-P4A on kerge 18V akuhekil\u00f5ikur, mille abil saate h\u00f5lpsalt hekke ja p\u00f5\u00f5said kujundada.\" \/>\n<meta name=\"robots\" content=\"index, follow, max-snippet:-1, max-image-preview:large, max-video-preview:-1\" \/>\n<link rel=\"canonical\" href=\"https:\/\/reginett.ee\/toode\/akuhekiloikur-husqvarna-aspire-h50-p4a\/\" \/>\n<meta property=\"og:locale\" content=\"ru_RU\" \/>\n<meta property=\"og:type\" content=\"article\" \/>\n<meta property=\"og:title\" content=\"Akuhekil\u00f5ikur Husqvarna Aspire\u2122 H50-P4A. Aspire t\u00f6\u00f6riistad\" \/>\n<meta property=\"og:description\" content=\"Akuhekil\u00f5ikur Husqvarna Aspire\u2122 H50-P4A on kerge 18V akuhekil\u00f5ikur, mille abil saate h\u00f5lpsalt hekke ja p\u00f5\u00f5said kujundada.\" \/>\n<meta property=\"og:url\" content=\"https:\/\/reginett.ee\/toode\/akuhekiloikur-husqvarna-aspire-h50-p4a\/\" \/>\n<meta property=\"og:site_name\" content=\"Reginett\" \/>\n<meta property=\"article:modified_time\" content=\"2026-01-12T08:23:28+00:00\" \/>\n<meta property=\"og:image\" content=\"https:\/\/reginett.ee\/wp-content\/uploads\/2023\/03\/Hekiloikur-Husqvarna-Aspire-H50.jpg\" \/>\n\t<meta property=\"og:image:width\" content=\"680\" \/>\n\t<meta property=\"og:image:height\" content=\"372\" \/>\n\t<meta property=\"og:image:type\" content=\"image\/jpeg\" \/>\n<meta name=\"twitter:card\" content=\"summary_large_image\" \/>\n<meta name=\"twitter:label1\" content=\"\u041f\u0440\u0438\u043c\u0435\u0440\u043d\u043e\u0435 \u0432\u0440\u0435\u043c\u044f \u0434\u043b\u044f \u0447\u0442\u0435\u043d\u0438\u044f\" \/>\n\t<meta name=\"twitter:data1\" content=\"3 \u043c\u0438\u043d\u0443\u0442\u044b\" \/>\n<script type=\"application\/ld+json\" class=\"yoast-schema-graph\">{\"@context\":\"https:\/\/schema.org\",\"@graph\":[{\"@type\":\"WebPage\",\"@id\":\"https:\/\/reginett.ee\/toode\/akuhekiloikur-husqvarna-aspire-h50-p4a\/\",\"url\":\"https:\/\/reginett.ee\/toode\/akuhekiloikur-husqvarna-aspire-h50-p4a\/\",\"name\":\"Akuhekil\u00f5ikur Husqvarna Aspire\u2122 H50-P4A. Aspire t\u00f6\u00f6riistad\",\"isPartOf\":{\"@id\":\"https:\/\/reginett.ee\/#website\"},\"primaryImageOfPage\":{\"@id\":\"https:\/\/reginett.ee\/toode\/akuhekiloikur-husqvarna-aspire-h50-p4a\/#primaryimage\"},\"image\":{\"@id\":\"https:\/\/reginett.ee\/toode\/akuhekiloikur-husqvarna-aspire-h50-p4a\/#primaryimage\"},\"thumbnailUrl\":\"https:\/\/reginett.ee\/wp-content\/uploads\/2023\/03\/Hekiloikur-Husqvarna-Aspire-H50.jpg\",\"datePublished\":\"2023-03-17T09:01:06+00:00\",\"dateModified\":\"2026-01-12T08:23:28+00:00\",\"description\":\"Akuhekil\u00f5ikur Husqvarna Aspire\u2122 H50-P4A on kerge 18V akuhekil\u00f5ikur, mille abil saate h\u00f5lpsalt hekke ja p\u00f5\u00f5said kujundada.\",\"breadcrumb\":{\"@id\":\"https:\/\/reginett.ee\/toode\/akuhekiloikur-husqvarna-aspire-h50-p4a\/#breadcrumb\"},\"inLanguage\":\"ru-RU\",\"potentialAction\":[{\"@type\":\"ReadAction\",\"target\":[\"https:\/\/reginett.ee\/toode\/akuhekiloikur-husqvarna-aspire-h50-p4a\/\"]}]},{\"@type\":\"ImageObject\",\"inLanguage\":\"ru-RU\",\"@id\":\"https:\/\/reginett.ee\/toode\/akuhekiloikur-husqvarna-aspire-h50-p4a\/#primaryimage\",\"url\":\"https:\/\/reginett.ee\/wp-content\/uploads\/2023\/03\/Hekiloikur-Husqvarna-Aspire-H50.jpg\",\"contentUrl\":\"https:\/\/reginett.ee\/wp-content\/uploads\/2023\/03\/Hekiloikur-Husqvarna-Aspire-H50.jpg\",\"width\":680,\"height\":372,\"caption\":\"Husqvarna Aspire\"},{\"@type\":\"BreadcrumbList\",\"@id\":\"https:\/\/reginett.ee\/toode\/akuhekiloikur-husqvarna-aspire-h50-p4a\/#breadcrumb\",\"itemListElement\":[{\"@type\":\"ListItem\",\"position\":1,\"name\":\"Home\",\"item\":\"https:\/\/reginett.ee\/ru\/\"},{\"@type\":\"ListItem\",\"position\":2,\"name\":\"Tooted\",\"item\":\"https:\/\/reginett.ee\/tooted\/\"},{\"@type\":\"ListItem\",\"position\":3,\"name\":\"Akuhekil\u00f5ikur Husqvarna Aspire\u2122 H50-P4A\"}]},{\"@type\":\"WebSite\",\"@id\":\"https:\/\/reginett.ee\/#website\",\"url\":\"https:\/\/reginett.ee\/\",\"name\":\"Reginett\",\"description\":\"Parimad robotniidukid\",\"potentialAction\":[{\"@type\":\"SearchAction\",\"target\":{\"@type\":\"EntryPoint\",\"urlTemplate\":\"https:\/\/reginett.ee\/?s={search_term_string}\"},\"query-input\":{\"@type\":\"PropertyValueSpecification\",\"valueRequired\":true,\"valueName\":\"search_term_string\"}}],\"inLanguage\":\"ru-RU\"}]}<\/script>\n<!-- \/ Yoast SEO plugin. -->","yoast_head_json":{"title":"Akuhekil\u00f5ikur Husqvarna Aspire\u2122 H50-P4A. Aspire t\u00f6\u00f6riistad","description":"Akuhekil\u00f5ikur Husqvarna Aspire\u2122 H50-P4A on kerge 18V akuhekil\u00f5ikur, mille abil saate h\u00f5lpsalt hekke ja p\u00f5\u00f5said kujundada.","robots":{"index":"index","follow":"follow","max-snippet":"max-snippet:-1","max-image-preview":"max-image-preview:large","max-video-preview":"max-video-preview:-1"},"canonical":"https:\/\/reginett.ee\/toode\/akuhekiloikur-husqvarna-aspire-h50-p4a\/","og_locale":"ru_RU","og_type":"article","og_title":"Akuhekil\u00f5ikur Husqvarna Aspire\u2122 H50-P4A. Aspire t\u00f6\u00f6riistad","og_description":"Akuhekil\u00f5ikur Husqvarna Aspire\u2122 H50-P4A on kerge 18V akuhekil\u00f5ikur, mille abil saate h\u00f5lpsalt hekke ja p\u00f5\u00f5said kujundada.","og_url":"https:\/\/reginett.ee\/toode\/akuhekiloikur-husqvarna-aspire-h50-p4a\/","og_site_name":"Reginett","article_modified_time":"2026-01-12T08:23:28+00:00","og_image":[{"width":680,"height":372,"url":"https:\/\/reginett.ee\/wp-content\/uploads\/2023\/03\/Hekiloikur-Husqvarna-Aspire-H50.jpg","type":"image\/jpeg"}],"twitter_card":"summary_large_image","twitter_misc":{"\u041f\u0440\u0438\u043c\u0435\u0440\u043d\u043e\u0435 \u0432\u0440\u0435\u043c\u044f \u0434\u043b\u044f \u0447\u0442\u0435\u043d\u0438\u044f":"3 \u043c\u0438\u043d\u0443\u0442\u044b"},"schema":{"@context":"https:\/\/schema.org","@graph":[{"@type":"WebPage","@id":"https:\/\/reginett.ee\/toode\/akuhekiloikur-husqvarna-aspire-h50-p4a\/","url":"https:\/\/reginett.ee\/toode\/akuhekiloikur-husqvarna-aspire-h50-p4a\/","name":"Akuhekil\u00f5ikur Husqvarna Aspire\u2122 H50-P4A. Aspire t\u00f6\u00f6riistad","isPartOf":{"@id":"https:\/\/reginett.ee\/#website"},"primaryImageOfPage":{"@id":"https:\/\/reginett.ee\/toode\/akuhekiloikur-husqvarna-aspire-h50-p4a\/#primaryimage"},"image":{"@id":"https:\/\/reginett.ee\/toode\/akuhekiloikur-husqvarna-aspire-h50-p4a\/#primaryimage"},"thumbnailUrl":"https:\/\/reginett.ee\/wp-content\/uploads\/2023\/03\/Hekiloikur-Husqvarna-Aspire-H50.jpg","datePublished":"2023-03-17T09:01:06+00:00","dateModified":"2026-01-12T08:23:28+00:00","description":"Akuhekil\u00f5ikur Husqvarna Aspire\u2122 H50-P4A on kerge 18V akuhekil\u00f5ikur, mille abil saate h\u00f5lpsalt hekke ja p\u00f5\u00f5said kujundada.","breadcrumb":{"@id":"https:\/\/reginett.ee\/toode\/akuhekiloikur-husqvarna-aspire-h50-p4a\/#breadcrumb"},"inLanguage":"ru-RU","potentialAction":[{"@type":"ReadAction","target":["https:\/\/reginett.ee\/toode\/akuhekiloikur-husqvarna-aspire-h50-p4a\/"]}]},{"@type":"ImageObject","inLanguage":"ru-RU","@id":"https:\/\/reginett.ee\/toode\/akuhekiloikur-husqvarna-aspire-h50-p4a\/#primaryimage","url":"https:\/\/reginett.ee\/wp-content\/uploads\/2023\/03\/Hekiloikur-Husqvarna-Aspire-H50.jpg","contentUrl":"https:\/\/reginett.ee\/wp-content\/uploads\/2023\/03\/Hekiloikur-Husqvarna-Aspire-H50.jpg","width":680,"height":372,"caption":"Husqvarna Aspire"},{"@type":"BreadcrumbList","@id":"https:\/\/reginett.ee\/toode\/akuhekiloikur-husqvarna-aspire-h50-p4a\/#breadcrumb","itemListElement":[{"@type":"ListItem","position":1,"name":"Home","item":"https:\/\/reginett.ee\/ru\/"},{"@type":"ListItem","position":2,"name":"Tooted","item":"https:\/\/reginett.ee\/tooted\/"},{"@type":"ListItem","position":3,"name":"Akuhekil\u00f5ikur Husqvarna Aspire\u2122 H50-P4A"}]},{"@type":"WebSite","@id":"https:\/\/reginett.ee\/#website","url":"https:\/\/reginett.ee\/","name":"Reginett","description":"Parimad robotniidukid","potentialAction":[{"@type":"SearchAction","target":{"@type":"EntryPoint","urlTemplate":"https:\/\/reginett.ee\/?s={search_term_string}"},"query-input":{"@type":"PropertyValueSpecification","valueRequired":true,"valueName":"search_term_string"}}],"inLanguage":"ru-RU"}]}},"brands":[{"id":147,"name":"Husqvarna","slug":"husqvarna"}],"_links":{"self":[{"href":"https:\/\/reginett.ee\/ru\/wp-json\/wp\/v2\/product\/59386","targetHints":{"allow":["GET"]}}],"collection":[{"href":"https:\/\/reginett.ee\/ru\/wp-json\/wp\/v2\/product"}],"about":[{"href":"https:\/\/reginett.ee\/ru\/wp-json\/wp\/v2\/types\/product"}],"replies":[{"embeddable":true,"href":"https:\/\/reginett.ee\/ru\/wp-json\/wp\/v2\/comments?post=59386"}],"wp:featuredmedia":[{"embeddable":true,"href":"https:\/\/reginett.ee\/ru\/wp-json\/wp\/v2\/media\/59387"}],"wp:attachment":[{"href":"https:\/\/reginett.ee\/ru\/wp-json\/wp\/v2\/media?parent=59386"}],"wp:term":[{"taxonomy":"pwb-brand","embeddable":true,"href":"https:\/\/reginett.ee\/ru\/wp-json\/wp\/v2\/pwb-brand?post=59386"},{"taxonomy":"product_brand","embeddable":true,"href":"https:\/\/reginett.ee\/ru\/wp-json\/wp\/v2\/product_brand?post=59386"},{"taxonomy":"product_cat","embeddable":true,"href":"https:\/\/reginett.ee\/ru\/wp-json\/wp\/v2\/product_cat?post=59386"},{"taxonomy":"product_tag","embeddable":true,"href":"https:\/\/reginett.ee\/ru\/wp-json\/wp\/v2\/product_tag?post=59386"}],"curies":[{"name":"wp","href":"https:\/\/api.w.org\/{rel}","templated":true}]}}