{"id":59385,"date":"2025-11-05T10:28:43","date_gmt":"2025-11-05T07:28:43","guid":{"rendered":"https:\/\/reginett.ee\/?post_type=product&#038;p=59385"},"modified":"2026-03-10T16:31:05","modified_gmt":"2026-03-10T13:31:05","slug":"robotniiduk-husqvarna-automower-450x-nera","status":"publish","type":"product","link":"https:\/\/reginett.ee\/ru\/toode\/robotniiduk-husqvarna-automower-450x-nera\/","title":{"rendered":"Robotniiduk HUSQVARNA Automower\u00ae 450X NERA"},"content":{"rendered":"<p><strong>Husqvarna Automower\u00ae 450X NERA<\/strong> on robotniiduk, mis Teile t\u00e4iuslikult niidetud muru 24\/7 ja seda kuni 5000 m\u00b2 murupindadel. Alates intelligentsest takistuste v\u00e4ltimisest kuni usaldusv\u00e4\u00e4rse ilmataimerini, mis v\u00e4hendab asjatut s\u00f5itmist, navigeerib see niiduk h\u00f5lpsalt igas aianurgas. Isegi puhastamine on tehtud lihtsamaks &#8212; voolava veega v\u00f5ib niidukit pesta.<\/p>\n<p>Niitmise kohandamiseks saate luua oma nutitelefonist Automower\u00ae Zone Control abiga erinevaid t\u00f6\u00f6piirkondi ja ajutisi mitteniidetavaid alasid.<\/p>\n<p>Rakenduse Automower\u00ae Connect ja <strong>Husqvarna EPOS\u2122 komplekti<\/strong> abil, mis on saadaval lisatarvikuna, saab muuta robotniiduki piirdekaablivabaks.<\/p>\n<p>*Vajalik on teostada enne paigaldust kohustuslik aiakontroll, et veenduda Husqvarna EPOS probleemivaba toimimine kavandataval niidualal.<\/p>\n<p>Automower\u00ae 450X NERA on saadaval alates 2023. aasta aprillist.<\/p>\n<h3 class=\"hui-spacing--sm-mt-4-times-6 WLwtnNxco1C4cPugKSaO0g==\">Piirdekaablivaba paigaldus<\/h3>\n<p class=\"hui-spacing--sm-mt-4-times-4 K2PbruRyOKhyQZiENIYSog==\">Automower\u00ae NERA sari, mis \u00fchildub Husqvarna EPOS\u2122 komplektiga, pakub teile suuremat vabadust muruhoolduse teostamiseks, luues f\u00fc\u00fcsiliste kaablite asemel virtuaalsed piirid satelliidip\u00f5hise tehnoloogia abil.<\/p>\n<h3 class=\"hui-spacing--sm-mt-4-times-6 WLwtnNxco1C4cPugKSaO0g==\">Automower\u00ae Zone Control<\/h3>\n<p class=\"hui-spacing--sm-mt-4-times-4 K2PbruRyOKhyQZiENIYSog==\">Automower\u00ae Zone Control v\u00f5imaldab teil rakenduse Automower\u00ae Connect kaudu luua t\u00f6\u00f6- ja mitteniidetavaid alasid. Looge kindlaksm\u00e4\u00e4ratud t\u00f6\u00f6alad erineva niitmisk\u00f5rguse ja ajakavaga v\u00f5i niitmist mitte vajavad tsoonid, et v\u00e4ltida nendel aladel niitmist. Tulemuseks on suurem t\u00e4psus, suurem kontroll ja t\u00e4iuslik l\u00f5ige.<\/p>\n<h3 class=\"hui-spacing--sm-mt-4-times-6 WLwtnNxco1C4cPugKSaO0g==\">Objektide tuvastamine ja v\u00e4ltimine<\/h3>\n<p class=\"hui-spacing--sm-mt-4-times-4 K2PbruRyOKhyQZiENIYSog==\">Sisseehitatud tehnoloogia aitab Husqvarna Automower\u00ae 450X NERA niidukil objekte tuvastada ja v\u00e4ltida kokkup\u00f5rget. Tuvastamisre\u017eiim v\u00e4hendab kiirust ja muudab kokkup\u00f5rked pehmemaks ning v\u00e4ltimisre\u017eiim paneb niiduk eemale p\u00f6\u00f6rama ja kokkup\u00f5rkeid v\u00e4ltima.<\/p>\n<h3 class=\"hui-spacing--sm-mt-4-times-6 WLwtnNxco1C4cPugKSaO0g==\">Automower\u00ae Connect rakendus<\/h3>\n<p class=\"hui-spacing--sm-mt-4-times-4 K2PbruRyOKhyQZiENIYSog==\">T\u00e4ielik kontroll robotniiduki \u00fcle Husqvarna Automower\u00ae Connect rakendusega oma nutitelefonist. Saate oma Husqvarna robotniidukit hallata ja j\u00e4lgida, vabastades teid niitmisest, kuid saavutades sellegi poolest esmaklassilise niidetud muru. Muutke oma muruhooldus Automower\u00ae Connectiga v\u00f5imalikult muretuks. S\u00f5ltuvalt mudelist on saadaval mobiilside, Wi-Fi ja Bluetooth-\u00fchendus. *Bluetooth\u00ae-\u00fchenduvus pakub kuni 30 meetrit leviala. Wi-Fi-\u00fchendus tagab levi k\u00f5ikjal maailmas, samal ajal kui niiduk on \u00fchendatud Wi-Fi-ga. Mobiilside pakub levi k\u00f5ikjal maailmas ja sisaldab 10-aastast mobiilse andmeside lepingut*. *Kaasasolev Automower\u00ae Connecti 10-aastane leping kehtib ainult juhul, kui kolmas osapool pakub piirkonnas piisavat mobiililevi.<\/p>\n<h3 class=\"hui-spacing--sm-mt-4-times-6 WLwtnNxco1C4cPugKSaO0g==\">Husqvarna AIM tehnoloogia (Automower\u00ae Intelligent Mapping)<\/h3>\n<p class=\"hui-spacing--sm-mt-4-times-4 K2PbruRyOKhyQZiENIYSog==\"><strong>Husqvarna Automower\u00ae 450X NERA robotniidukil on Husqvarna AIM-tehnoloogia, mis <\/strong>kasutab teie robotniiduki sisseehitatud GPS-i ja sensoreid, et luua niiduala virtuaalne kaart, mis omakorda v\u00f5imaldab luua mitmeid nutikaid Automower\u00ae funktsioone. Rakenduses Automower\u00ae Connect on n\u00e4htav niiduala virtuaalne kaart kui ka piirde- ja juhtkaablid. AIM-tehnoloogia abil saate rakenduse abil luua erineva l\u00f5ikek\u00f5rguse ja ajakavaga t\u00f6\u00f6alasid v\u00f5i tsoonide kuhu ei soovi kuhu robotniiduk ei l\u00e4heks. Automower\u00ae-it saab j\u00e4lgida ka reaalajas Automower\u00ae Connecti kaudu.<\/p>\n<p><a href=\"https:\/\/www.husqvarna.com\/ee\/robotmuruniidukid\/automower-450x-nera\/\">Husqvarna Automower\u00ae 450X NERA robotniiduk | Husqvarna EE<\/a><\/p>\n","protected":false},"excerpt":{"rendered":"<p><strong>Husqvarna Automower\u00ae 450X NERA<\/strong> on robotniiduk, mis Teile t\u00e4iuslikult niidetud muru 24\/7 ja seda kuni 5000 m\u00b2 murupindadel. Alates intelligentsest takistuste v\u00e4ltimisest kuni usaldusv\u00e4\u00e4rse ilmataimerini, mis v\u00e4hendab asjatut s\u00f5itmist, navigeerib see niiduk h\u00f5lpsalt igas aianurgas. Isegi puhastamine on tehtud lihtsamaks &#8212; voolava veega v\u00f5ib niidukit pesta.<\/p>\n","protected":false},"featured_media":59378,"comment_status":"open","ping_status":"closed","template":"","meta":{"_acf_changed":false,"_et_pb_use_builder":"","_et_pb_old_content":"","_et_gb_content_width":"","inline_featured_image":false},"pwb-brand":[147],"product_brand":[],"product_cat":[37,19],"product_tag":[259,271,516,44],"class_list":{"0":"post-59385","1":"product","2":"type-product","3":"status-publish","4":"has-post-thumbnail","6":"pwb-brand-husqvarna","7":"product_cat-husqvarna","8":"product_cat-robotniidukid","9":"product_tag-husqvarna-robotniiduk","10":"product_tag-mururobot","11":"product_tag-nera","12":"product_tag-robotniiduk","13":"product_shipping_class-rasked-asjad","15":"first","16":"instock","17":"shipping-taxable","18":"purchasable","19":"product-type-simple"},"acf":[],"yoast_head":"<!-- This site is optimized with the Yoast SEO plugin v26.6 - https:\/\/yoast.com\/wordpress\/plugins\/seo\/ -->\n<title>Robotniiduk Husqvarna Automower\u00ae 450X NERA Reginetist<\/title>\n<meta name=\"description\" content=\"Husqvarna Automower\u00ae 450X NERA on robotniiduk, mis Teile t\u00e4iuslikult niidetud muru 24\/7 ja seda kuni 5000 m\u00b2 murupindadel.\" \/>\n<meta name=\"robots\" content=\"index, follow, max-snippet:-1, max-image-preview:large, max-video-preview:-1\" \/>\n<link rel=\"canonical\" href=\"https:\/\/reginett.ee\/toode\/robotniiduk-husqvarna-automower-450x-nera\/\" \/>\n<meta property=\"og:locale\" content=\"ru_RU\" \/>\n<meta property=\"og:type\" content=\"article\" \/>\n<meta property=\"og:title\" content=\"Robotniiduk Husqvarna Automower\u00ae 450X NERA Reginetist\" \/>\n<meta property=\"og:description\" content=\"Husqvarna Automower\u00ae 450X NERA on robotniiduk, mis Teile t\u00e4iuslikult niidetud muru 24\/7 ja seda kuni 5000 m\u00b2 murupindadel.\" \/>\n<meta property=\"og:url\" content=\"https:\/\/reginett.ee\/toode\/robotniiduk-husqvarna-automower-450x-nera\/\" \/>\n<meta property=\"og:site_name\" content=\"Reginett\" \/>\n<meta property=\"article:modified_time\" content=\"2026-03-10T13:31:05+00:00\" \/>\n<meta property=\"og:image\" content=\"https:\/\/reginett.ee\/wp-content\/uploads\/2023\/03\/Robotniiduk-Husqvarna-430X-NERA-Reginett.jpg\" \/>\n\t<meta property=\"og:image:width\" content=\"680\" \/>\n\t<meta property=\"og:image:height\" content=\"372\" \/>\n\t<meta property=\"og:image:type\" content=\"image\/jpeg\" \/>\n<meta name=\"twitter:card\" content=\"summary_large_image\" \/>\n<meta name=\"twitter:label1\" content=\"\u041f\u0440\u0438\u043c\u0435\u0440\u043d\u043e\u0435 \u0432\u0440\u0435\u043c\u044f \u0434\u043b\u044f \u0447\u0442\u0435\u043d\u0438\u044f\" \/>\n\t<meta name=\"twitter:data1\" content=\"3 \u043c\u0438\u043d\u0443\u0442\u044b\" \/>\n<script type=\"application\/ld+json\" class=\"yoast-schema-graph\">{\"@context\":\"https:\/\/schema.org\",\"@graph\":[{\"@type\":\"WebPage\",\"@id\":\"https:\/\/reginett.ee\/toode\/robotniiduk-husqvarna-automower-450x-nera\/\",\"url\":\"https:\/\/reginett.ee\/toode\/robotniiduk-husqvarna-automower-450x-nera\/\",\"name\":\"Robotniiduk Husqvarna Automower\u00ae 450X NERA Reginetist\",\"isPartOf\":{\"@id\":\"https:\/\/reginett.ee\/#website\"},\"primaryImageOfPage\":{\"@id\":\"https:\/\/reginett.ee\/toode\/robotniiduk-husqvarna-automower-450x-nera\/#primaryimage\"},\"image\":{\"@id\":\"https:\/\/reginett.ee\/toode\/robotniiduk-husqvarna-automower-450x-nera\/#primaryimage\"},\"thumbnailUrl\":\"https:\/\/reginett.ee\/wp-content\/uploads\/2023\/03\/Robotniiduk-Husqvarna-430X-NERA-Reginett.jpg\",\"datePublished\":\"2025-11-05T07:28:43+00:00\",\"dateModified\":\"2026-03-10T13:31:05+00:00\",\"description\":\"Husqvarna Automower\u00ae 450X NERA on robotniiduk, mis Teile t\u00e4iuslikult niidetud muru 24\/7 ja seda kuni 5000 m\u00b2 murupindadel.\",\"breadcrumb\":{\"@id\":\"https:\/\/reginett.ee\/toode\/robotniiduk-husqvarna-automower-450x-nera\/#breadcrumb\"},\"inLanguage\":\"ru-RU\",\"potentialAction\":[{\"@type\":\"ReadAction\",\"target\":[\"https:\/\/reginett.ee\/toode\/robotniiduk-husqvarna-automower-450x-nera\/\"]}]},{\"@type\":\"ImageObject\",\"inLanguage\":\"ru-RU\",\"@id\":\"https:\/\/reginett.ee\/toode\/robotniiduk-husqvarna-automower-450x-nera\/#primaryimage\",\"url\":\"https:\/\/reginett.ee\/wp-content\/uploads\/2023\/03\/Robotniiduk-Husqvarna-430X-NERA-Reginett.jpg\",\"contentUrl\":\"https:\/\/reginett.ee\/wp-content\/uploads\/2023\/03\/Robotniiduk-Husqvarna-430X-NERA-Reginett.jpg\",\"width\":680,\"height\":372,\"caption\":\"Robotniiduk Husqvarna 450X NERA\"},{\"@type\":\"BreadcrumbList\",\"@id\":\"https:\/\/reginett.ee\/toode\/robotniiduk-husqvarna-automower-450x-nera\/#breadcrumb\",\"itemListElement\":[{\"@type\":\"ListItem\",\"position\":1,\"name\":\"Home\",\"item\":\"https:\/\/reginett.ee\/ru\/\"},{\"@type\":\"ListItem\",\"position\":2,\"name\":\"Tooted\",\"item\":\"https:\/\/reginett.ee\/tooted\/\"},{\"@type\":\"ListItem\",\"position\":3,\"name\":\"Robotniiduk HUSQVARNA Automower\u00ae 450X NERA\"}]},{\"@type\":\"WebSite\",\"@id\":\"https:\/\/reginett.ee\/#website\",\"url\":\"https:\/\/reginett.ee\/\",\"name\":\"Reginett\",\"description\":\"Parimad robotniidukid\",\"potentialAction\":[{\"@type\":\"SearchAction\",\"target\":{\"@type\":\"EntryPoint\",\"urlTemplate\":\"https:\/\/reginett.ee\/?s={search_term_string}\"},\"query-input\":{\"@type\":\"PropertyValueSpecification\",\"valueRequired\":true,\"valueName\":\"search_term_string\"}}],\"inLanguage\":\"ru-RU\"}]}<\/script>\n<!-- \/ Yoast SEO plugin. -->","yoast_head_json":{"title":"Robotniiduk Husqvarna Automower\u00ae 450X NERA Reginetist","description":"Husqvarna Automower\u00ae 450X NERA on robotniiduk, mis Teile t\u00e4iuslikult niidetud muru 24\/7 ja seda kuni 5000 m\u00b2 murupindadel.","robots":{"index":"index","follow":"follow","max-snippet":"max-snippet:-1","max-image-preview":"max-image-preview:large","max-video-preview":"max-video-preview:-1"},"canonical":"https:\/\/reginett.ee\/toode\/robotniiduk-husqvarna-automower-450x-nera\/","og_locale":"ru_RU","og_type":"article","og_title":"Robotniiduk Husqvarna Automower\u00ae 450X NERA Reginetist","og_description":"Husqvarna Automower\u00ae 450X NERA on robotniiduk, mis Teile t\u00e4iuslikult niidetud muru 24\/7 ja seda kuni 5000 m\u00b2 murupindadel.","og_url":"https:\/\/reginett.ee\/toode\/robotniiduk-husqvarna-automower-450x-nera\/","og_site_name":"Reginett","article_modified_time":"2026-03-10T13:31:05+00:00","og_image":[{"width":680,"height":372,"url":"https:\/\/reginett.ee\/wp-content\/uploads\/2023\/03\/Robotniiduk-Husqvarna-430X-NERA-Reginett.jpg","type":"image\/jpeg"}],"twitter_card":"summary_large_image","twitter_misc":{"\u041f\u0440\u0438\u043c\u0435\u0440\u043d\u043e\u0435 \u0432\u0440\u0435\u043c\u044f \u0434\u043b\u044f \u0447\u0442\u0435\u043d\u0438\u044f":"3 \u043c\u0438\u043d\u0443\u0442\u044b"},"schema":{"@context":"https:\/\/schema.org","@graph":[{"@type":"WebPage","@id":"https:\/\/reginett.ee\/toode\/robotniiduk-husqvarna-automower-450x-nera\/","url":"https:\/\/reginett.ee\/toode\/robotniiduk-husqvarna-automower-450x-nera\/","name":"Robotniiduk Husqvarna Automower\u00ae 450X NERA Reginetist","isPartOf":{"@id":"https:\/\/reginett.ee\/#website"},"primaryImageOfPage":{"@id":"https:\/\/reginett.ee\/toode\/robotniiduk-husqvarna-automower-450x-nera\/#primaryimage"},"image":{"@id":"https:\/\/reginett.ee\/toode\/robotniiduk-husqvarna-automower-450x-nera\/#primaryimage"},"thumbnailUrl":"https:\/\/reginett.ee\/wp-content\/uploads\/2023\/03\/Robotniiduk-Husqvarna-430X-NERA-Reginett.jpg","datePublished":"2025-11-05T07:28:43+00:00","dateModified":"2026-03-10T13:31:05+00:00","description":"Husqvarna Automower\u00ae 450X NERA on robotniiduk, mis Teile t\u00e4iuslikult niidetud muru 24\/7 ja seda kuni 5000 m\u00b2 murupindadel.","breadcrumb":{"@id":"https:\/\/reginett.ee\/toode\/robotniiduk-husqvarna-automower-450x-nera\/#breadcrumb"},"inLanguage":"ru-RU","potentialAction":[{"@type":"ReadAction","target":["https:\/\/reginett.ee\/toode\/robotniiduk-husqvarna-automower-450x-nera\/"]}]},{"@type":"ImageObject","inLanguage":"ru-RU","@id":"https:\/\/reginett.ee\/toode\/robotniiduk-husqvarna-automower-450x-nera\/#primaryimage","url":"https:\/\/reginett.ee\/wp-content\/uploads\/2023\/03\/Robotniiduk-Husqvarna-430X-NERA-Reginett.jpg","contentUrl":"https:\/\/reginett.ee\/wp-content\/uploads\/2023\/03\/Robotniiduk-Husqvarna-430X-NERA-Reginett.jpg","width":680,"height":372,"caption":"Robotniiduk Husqvarna 450X NERA"},{"@type":"BreadcrumbList","@id":"https:\/\/reginett.ee\/toode\/robotniiduk-husqvarna-automower-450x-nera\/#breadcrumb","itemListElement":[{"@type":"ListItem","position":1,"name":"Home","item":"https:\/\/reginett.ee\/ru\/"},{"@type":"ListItem","position":2,"name":"Tooted","item":"https:\/\/reginett.ee\/tooted\/"},{"@type":"ListItem","position":3,"name":"Robotniiduk HUSQVARNA Automower\u00ae 450X NERA"}]},{"@type":"WebSite","@id":"https:\/\/reginett.ee\/#website","url":"https:\/\/reginett.ee\/","name":"Reginett","description":"Parimad robotniidukid","potentialAction":[{"@type":"SearchAction","target":{"@type":"EntryPoint","urlTemplate":"https:\/\/reginett.ee\/?s={search_term_string}"},"query-input":{"@type":"PropertyValueSpecification","valueRequired":true,"valueName":"search_term_string"}}],"inLanguage":"ru-RU"}]}},"brands":[{"id":147,"name":"Husqvarna","slug":"husqvarna"}],"_links":{"self":[{"href":"https:\/\/reginett.ee\/ru\/wp-json\/wp\/v2\/product\/59385","targetHints":{"allow":["GET"]}}],"collection":[{"href":"https:\/\/reginett.ee\/ru\/wp-json\/wp\/v2\/product"}],"about":[{"href":"https:\/\/reginett.ee\/ru\/wp-json\/wp\/v2\/types\/product"}],"replies":[{"embeddable":true,"href":"https:\/\/reginett.ee\/ru\/wp-json\/wp\/v2\/comments?post=59385"}],"wp:featuredmedia":[{"embeddable":true,"href":"https:\/\/reginett.ee\/ru\/wp-json\/wp\/v2\/media\/59378"}],"wp:attachment":[{"href":"https:\/\/reginett.ee\/ru\/wp-json\/wp\/v2\/media?parent=59385"}],"wp:term":[{"taxonomy":"pwb-brand","embeddable":true,"href":"https:\/\/reginett.ee\/ru\/wp-json\/wp\/v2\/pwb-brand?post=59385"},{"taxonomy":"product_brand","embeddable":true,"href":"https:\/\/reginett.ee\/ru\/wp-json\/wp\/v2\/product_brand?post=59385"},{"taxonomy":"product_cat","embeddable":true,"href":"https:\/\/reginett.ee\/ru\/wp-json\/wp\/v2\/product_cat?post=59385"},{"taxonomy":"product_tag","embeddable":true,"href":"https:\/\/reginett.ee\/ru\/wp-json\/wp\/v2\/product_tag?post=59385"}],"curies":[{"name":"wp","href":"https:\/\/api.w.org\/{rel}","templated":true}]}}