{"id":59375,"date":"2026-01-06T16:37:19","date_gmt":"2026-01-06T13:37:19","guid":{"rendered":"https:\/\/reginett.ee\/?post_type=product&#038;p=59375"},"modified":"2026-03-10T16:31:46","modified_gmt":"2026-03-10T13:31:46","slug":"robotniiduk-husqvarna-automower-430x-nera","status":"publish","type":"product","link":"https:\/\/reginett.ee\/ru\/toode\/robotniiduk-husqvarna-automower-430x-nera\/","title":{"rendered":"Robotniiduk HUSQVARNA Automower\u00ae 430X NERA"},"content":{"rendered":"<p><strong>HUSQVARNA Automower\u00ae 430X NERA<\/strong> on t\u00e4iustatud robotniiduk kuni 3200 m\u00b2 suuruste keerukate murupindade niitmiseks. Rakenduse Automower\u00ae Connect ja Husqvarna EPOS\u2122 komplekti abil, mis on saadaval lisatarvikuna, saab muuta robotniiduki piirdekaablivabaks.<\/p>\n<p>Disain on viidud esteetilise t\u00e4iuslikkuseni ning lisaks veel mitmeid nutikaid funktsioone, nagu takistuste v\u00e4ltimine, kuni 50% n\u00f5lvade niitmine ja GPS-iga navigeerimine. Niitmise kohandamiseks saate luua oma nutitelefonist Automower\u00ae Zone Controli abiga erinevaid t\u00f6\u00f6piirkondi ja ajutisi mitteniidetavaid alasid.<\/p>\n<p>*Vajalik on teostada enne paigaldust kohustuslik aiakontroll, et veenduda Husqvarna EPOS probleemivaba toimimine kavandataval niidualal.<\/p>\n<p>Automower\u00ae 430X NERA on saadaval alates 2023. aasta aprillist.<\/p>\n<h3 class=\"hui-spacing--sm-mt-4-times-6 WLwtnNxco1C4cPugKSaO0g==\">Piirdekaablivaba paigaldus<\/h3>\n<p class=\"hui-spacing--sm-mt-4-times-4 K2PbruRyOKhyQZiENIYSog==\">Automower\u00ae NERA sari, mis \u00fchildub <strong>Husqvarna EPOS\u2122 komplektiga<\/strong>, pakub teile suuremat vabadust muruhoolduse teostamiseks, luues f\u00fc\u00fcsiliste kaablite asemel virtuaalsed piirid satelliidip\u00f5hise tehnoloogia abil.<\/p>\n<h3 class=\"hui-spacing--sm-mt-4-times-6 WLwtnNxco1C4cPugKSaO0g==\">Objektide tuvastamine ja v\u00e4ltimine<\/h3>\n<p class=\"hui-spacing--sm-mt-4-times-4 K2PbruRyOKhyQZiENIYSog==\">Sisseehitatud tehnoloogia aitab <strong>HUSQVARNA Automower\u00ae 430X NERA<\/strong> robotniidukil\u00a0 objekte tuvastada ja v\u00e4ltida kokkup\u00f5rget. Tuvastamisre\u017eiim v\u00e4hendab kiirust ja muudab kokkup\u00f5rked pehmemaks ning v\u00e4ltimisre\u017eiim paneb niiduk eemale p\u00f6\u00f6rama ja kokkup\u00f5rkeid v\u00e4ltima.<\/p>\n<h3 class=\"hui-spacing--sm-mt-4-times-6 WLwtnNxco1C4cPugKSaO0g==\"><strong>Automower\u00ae Zone Control<\/strong><\/h3>\n<p class=\"hui-spacing--sm-mt-4-times-4 K2PbruRyOKhyQZiENIYSog==\">Automower\u00ae Zone Control v\u00f5imaldab teil rakenduse Automower\u00ae Connect kaudu luua t\u00f6\u00f6- ja mitteniidetavaid alasid. Looge kindlaksm\u00e4\u00e4ratud t\u00f6\u00f6alad erineva niitmisk\u00f5rguse ja ajakavaga v\u00f5i niitmist mitte vajavad tsoonid, et v\u00e4ltida nendel aladel niitmist. Tulemuseks on suurem t\u00e4psus, suurem kontroll ja t\u00e4iuslik l\u00f5ige.<\/p>\n<h3 class=\"hui-spacing--sm-mt-4-times-6 WLwtnNxco1C4cPugKSaO0g==\">Automower\u00ae Connect rakendus<\/h3>\n<p class=\"hui-spacing--sm-mt-4-times-4 K2PbruRyOKhyQZiENIYSog==\">T\u00e4ielik kontroll robotniiduki \u00fcle Husqvarna Automower\u00ae Connect rakendusega oma nutitelefonist. Saate oma Husqvarna robotniidukit hallata ja j\u00e4lgida, vabastades teid niitmisest, kuid saavutades sellegi poolest esmaklassilise niidetud muru. Muutke oma muruhooldus Automower\u00ae Connectiga v\u00f5imalikult muretuks. S\u00f5ltuvalt mudelist on saadaval mobiilside, Wi-Fi ja Bluetooth-\u00fchendus. *Bluetooth\u00ae-\u00fchenduvus pakub kuni 30 meetrit leviala. Wi-Fi-\u00fchendus tagab levi k\u00f5ikjal maailmas, samal ajal kui niiduk on \u00fchendatud Wi-Fi-ga. Mobiilside pakub levi k\u00f5ikjal maailmas ja sisaldab 10-aastast mobiilse andmeside lepingut*. *Kaasasolev Automower\u00ae Connecti 10-aastane leping kehtib ainult juhul, kui kolmas osapool pakub piirkonnas piisavat mobiililevi.<\/p>\n<h3 class=\"hui-spacing--sm-mt-4-times-6 WLwtnNxco1C4cPugKSaO0g==\">GPS vargusevastane kaitse<\/h3>\n<p class=\"hui-spacing--sm-mt-4-times-4 K2PbruRyOKhyQZiENIYSog==\">GPS-j\u00e4lgimisega varustatud t niidukid hakkavad GPS-asendit j\u00e4lgima koheselt ja saadavad rakenduse Automower Connect\u00ae kaudu teateid teie seadmesse. Varguse riski minimeerimine ja niiduki asukoha pidev teadmine.<\/p>\n<h3 class=\"hui-spacing--sm-mt-4-times-6 WLwtnNxco1C4cPugKSaO0g==\">Automower\u00ae Access<\/h3>\n<p class=\"hui-spacing--sm-mt-4-times-4 K2PbruRyOKhyQZiENIYSog==\">Uus ja lihtsustatud p\u00f6\u00f6rdnupu ja suure eraldusv\u00f5imega ekraaniga kasutajaliides, mis v\u00f5imaldab <strong>HUSQVARNA Automower\u00ae 430X NERA<\/strong> robotniidukit kergesti seadistada. Ikoonidel p\u00f5hinev men\u00fc\u00fc.<\/p>\n<p>&nbsp;<\/p>\n","protected":false},"excerpt":{"rendered":"<p><strong>HUSQVARNA Automower\u00ae 430X NERA<\/strong> on t\u00e4iustatud robotniiduk kuni 3200 m\u00b2 suuruste keerukate murupindade niitmiseks. Rakenduse Automower\u00ae Connect ja Husqvarna EPOS\u2122 komplekti abil, mis on saadaval lisatarvikuna, saab muuta robotniiduki piirdekaablivabaks<\/p>\n","protected":false},"featured_media":59378,"comment_status":"open","ping_status":"closed","template":"","meta":{"_acf_changed":false,"_et_pb_use_builder":"","_et_pb_old_content":"","_et_gb_content_width":"","inline_featured_image":false},"pwb-brand":[147],"product_brand":[],"product_cat":[134,37,19],"product_tag":[520,519,46,259,516],"class_list":{"0":"post-59375","1":"product","2":"type-product","3":"status-publish","4":"has-post-thumbnail","6":"pwb-brand-husqvarna","7":"product_cat-eripakkumised","8":"product_cat-husqvarna","9":"product_cat-robotniidukid","10":"product_tag-430x-nera","11":"product_tag-automower-nera","12":"product_tag-automower","13":"product_tag-husqvarna-robotniiduk","14":"product_tag-nera","15":"product_shipping_class-soodsam-kuller-15-eur","17":"first","18":"instock","19":"sale","20":"shipping-taxable","21":"purchasable","22":"product-type-simple"},"acf":[],"yoast_head":"<!-- This site is optimized with the Yoast SEO plugin v26.6 - https:\/\/yoast.com\/wordpress\/plugins\/seo\/ -->\n<title>Robotniiduk HUSQVARNA Automower\u00ae 430X NERA Reginetist<\/title>\n<meta name=\"description\" content=\"HUSQVARNA Automower\u00ae 430X NERA on t\u00e4iustatud robotniiduk kuni 3200 m\u00b2 suuruste keerukate murupindade niitmiseks. Rakenduse Automower\u00ae Connect\" \/>\n<meta name=\"robots\" content=\"index, follow, max-snippet:-1, max-image-preview:large, max-video-preview:-1\" \/>\n<link rel=\"canonical\" href=\"https:\/\/reginett.ee\/toode\/robotniiduk-husqvarna-automower-430x-nera\/\" \/>\n<meta property=\"og:locale\" content=\"ru_RU\" \/>\n<meta property=\"og:type\" content=\"article\" \/>\n<meta property=\"og:title\" content=\"Robotniiduk HUSQVARNA Automower\u00ae 430X NERA Reginetist\" \/>\n<meta property=\"og:description\" content=\"HUSQVARNA Automower\u00ae 430X NERA on t\u00e4iustatud robotniiduk kuni 3200 m\u00b2 suuruste keerukate murupindade niitmiseks. Rakenduse Automower\u00ae Connect\" \/>\n<meta property=\"og:url\" content=\"https:\/\/reginett.ee\/toode\/robotniiduk-husqvarna-automower-430x-nera\/\" \/>\n<meta property=\"og:site_name\" content=\"Reginett\" \/>\n<meta property=\"article:modified_time\" content=\"2026-03-10T13:31:46+00:00\" \/>\n<meta property=\"og:image\" content=\"https:\/\/reginett.ee\/wp-content\/uploads\/2023\/03\/Robotniiduk-Husqvarna-430X-NERA-Reginett.jpg\" \/>\n\t<meta property=\"og:image:width\" content=\"680\" \/>\n\t<meta property=\"og:image:height\" content=\"372\" \/>\n\t<meta property=\"og:image:type\" content=\"image\/jpeg\" \/>\n<meta name=\"twitter:card\" content=\"summary_large_image\" \/>\n<meta name=\"twitter:label1\" content=\"\u041f\u0440\u0438\u043c\u0435\u0440\u043d\u043e\u0435 \u0432\u0440\u0435\u043c\u044f \u0434\u043b\u044f \u0447\u0442\u0435\u043d\u0438\u044f\" \/>\n\t<meta name=\"twitter:data1\" content=\"3 \u043c\u0438\u043d\u0443\u0442\u044b\" \/>\n<script type=\"application\/ld+json\" class=\"yoast-schema-graph\">{\"@context\":\"https:\/\/schema.org\",\"@graph\":[{\"@type\":\"WebPage\",\"@id\":\"https:\/\/reginett.ee\/toode\/robotniiduk-husqvarna-automower-430x-nera\/\",\"url\":\"https:\/\/reginett.ee\/toode\/robotniiduk-husqvarna-automower-430x-nera\/\",\"name\":\"Robotniiduk HUSQVARNA Automower\u00ae 430X NERA Reginetist\",\"isPartOf\":{\"@id\":\"https:\/\/reginett.ee\/#website\"},\"primaryImageOfPage\":{\"@id\":\"https:\/\/reginett.ee\/toode\/robotniiduk-husqvarna-automower-430x-nera\/#primaryimage\"},\"image\":{\"@id\":\"https:\/\/reginett.ee\/toode\/robotniiduk-husqvarna-automower-430x-nera\/#primaryimage\"},\"thumbnailUrl\":\"https:\/\/reginett.ee\/wp-content\/uploads\/2023\/03\/Robotniiduk-Husqvarna-430X-NERA-Reginett.jpg\",\"datePublished\":\"2026-01-06T13:37:19+00:00\",\"dateModified\":\"2026-03-10T13:31:46+00:00\",\"description\":\"HUSQVARNA Automower\u00ae 430X NERA on t\u00e4iustatud robotniiduk kuni 3200 m\u00b2 suuruste keerukate murupindade niitmiseks. Rakenduse Automower\u00ae Connect\",\"breadcrumb\":{\"@id\":\"https:\/\/reginett.ee\/toode\/robotniiduk-husqvarna-automower-430x-nera\/#breadcrumb\"},\"inLanguage\":\"ru-RU\",\"potentialAction\":[{\"@type\":\"ReadAction\",\"target\":[\"https:\/\/reginett.ee\/toode\/robotniiduk-husqvarna-automower-430x-nera\/\"]}]},{\"@type\":\"ImageObject\",\"inLanguage\":\"ru-RU\",\"@id\":\"https:\/\/reginett.ee\/toode\/robotniiduk-husqvarna-automower-430x-nera\/#primaryimage\",\"url\":\"https:\/\/reginett.ee\/wp-content\/uploads\/2023\/03\/Robotniiduk-Husqvarna-430X-NERA-Reginett.jpg\",\"contentUrl\":\"https:\/\/reginett.ee\/wp-content\/uploads\/2023\/03\/Robotniiduk-Husqvarna-430X-NERA-Reginett.jpg\",\"width\":680,\"height\":372,\"caption\":\"Robotniiduk Husqvarna 450X NERA\"},{\"@type\":\"BreadcrumbList\",\"@id\":\"https:\/\/reginett.ee\/toode\/robotniiduk-husqvarna-automower-430x-nera\/#breadcrumb\",\"itemListElement\":[{\"@type\":\"ListItem\",\"position\":1,\"name\":\"Home\",\"item\":\"https:\/\/reginett.ee\/ru\/\"},{\"@type\":\"ListItem\",\"position\":2,\"name\":\"Tooted\",\"item\":\"https:\/\/reginett.ee\/tooted\/\"},{\"@type\":\"ListItem\",\"position\":3,\"name\":\"Robotniiduk HUSQVARNA Automower\u00ae 430X NERA\"}]},{\"@type\":\"WebSite\",\"@id\":\"https:\/\/reginett.ee\/#website\",\"url\":\"https:\/\/reginett.ee\/\",\"name\":\"Reginett\",\"description\":\"Parimad robotniidukid\",\"potentialAction\":[{\"@type\":\"SearchAction\",\"target\":{\"@type\":\"EntryPoint\",\"urlTemplate\":\"https:\/\/reginett.ee\/?s={search_term_string}\"},\"query-input\":{\"@type\":\"PropertyValueSpecification\",\"valueRequired\":true,\"valueName\":\"search_term_string\"}}],\"inLanguage\":\"ru-RU\"}]}<\/script>\n<!-- \/ Yoast SEO plugin. -->","yoast_head_json":{"title":"Robotniiduk HUSQVARNA Automower\u00ae 430X NERA Reginetist","description":"HUSQVARNA Automower\u00ae 430X NERA on t\u00e4iustatud robotniiduk kuni 3200 m\u00b2 suuruste keerukate murupindade niitmiseks. Rakenduse Automower\u00ae Connect","robots":{"index":"index","follow":"follow","max-snippet":"max-snippet:-1","max-image-preview":"max-image-preview:large","max-video-preview":"max-video-preview:-1"},"canonical":"https:\/\/reginett.ee\/toode\/robotniiduk-husqvarna-automower-430x-nera\/","og_locale":"ru_RU","og_type":"article","og_title":"Robotniiduk HUSQVARNA Automower\u00ae 430X NERA Reginetist","og_description":"HUSQVARNA Automower\u00ae 430X NERA on t\u00e4iustatud robotniiduk kuni 3200 m\u00b2 suuruste keerukate murupindade niitmiseks. Rakenduse Automower\u00ae Connect","og_url":"https:\/\/reginett.ee\/toode\/robotniiduk-husqvarna-automower-430x-nera\/","og_site_name":"Reginett","article_modified_time":"2026-03-10T13:31:46+00:00","og_image":[{"width":680,"height":372,"url":"https:\/\/reginett.ee\/wp-content\/uploads\/2023\/03\/Robotniiduk-Husqvarna-430X-NERA-Reginett.jpg","type":"image\/jpeg"}],"twitter_card":"summary_large_image","twitter_misc":{"\u041f\u0440\u0438\u043c\u0435\u0440\u043d\u043e\u0435 \u0432\u0440\u0435\u043c\u044f \u0434\u043b\u044f \u0447\u0442\u0435\u043d\u0438\u044f":"3 \u043c\u0438\u043d\u0443\u0442\u044b"},"schema":{"@context":"https:\/\/schema.org","@graph":[{"@type":"WebPage","@id":"https:\/\/reginett.ee\/toode\/robotniiduk-husqvarna-automower-430x-nera\/","url":"https:\/\/reginett.ee\/toode\/robotniiduk-husqvarna-automower-430x-nera\/","name":"Robotniiduk HUSQVARNA Automower\u00ae 430X NERA Reginetist","isPartOf":{"@id":"https:\/\/reginett.ee\/#website"},"primaryImageOfPage":{"@id":"https:\/\/reginett.ee\/toode\/robotniiduk-husqvarna-automower-430x-nera\/#primaryimage"},"image":{"@id":"https:\/\/reginett.ee\/toode\/robotniiduk-husqvarna-automower-430x-nera\/#primaryimage"},"thumbnailUrl":"https:\/\/reginett.ee\/wp-content\/uploads\/2023\/03\/Robotniiduk-Husqvarna-430X-NERA-Reginett.jpg","datePublished":"2026-01-06T13:37:19+00:00","dateModified":"2026-03-10T13:31:46+00:00","description":"HUSQVARNA Automower\u00ae 430X NERA on t\u00e4iustatud robotniiduk kuni 3200 m\u00b2 suuruste keerukate murupindade niitmiseks. Rakenduse Automower\u00ae Connect","breadcrumb":{"@id":"https:\/\/reginett.ee\/toode\/robotniiduk-husqvarna-automower-430x-nera\/#breadcrumb"},"inLanguage":"ru-RU","potentialAction":[{"@type":"ReadAction","target":["https:\/\/reginett.ee\/toode\/robotniiduk-husqvarna-automower-430x-nera\/"]}]},{"@type":"ImageObject","inLanguage":"ru-RU","@id":"https:\/\/reginett.ee\/toode\/robotniiduk-husqvarna-automower-430x-nera\/#primaryimage","url":"https:\/\/reginett.ee\/wp-content\/uploads\/2023\/03\/Robotniiduk-Husqvarna-430X-NERA-Reginett.jpg","contentUrl":"https:\/\/reginett.ee\/wp-content\/uploads\/2023\/03\/Robotniiduk-Husqvarna-430X-NERA-Reginett.jpg","width":680,"height":372,"caption":"Robotniiduk Husqvarna 450X NERA"},{"@type":"BreadcrumbList","@id":"https:\/\/reginett.ee\/toode\/robotniiduk-husqvarna-automower-430x-nera\/#breadcrumb","itemListElement":[{"@type":"ListItem","position":1,"name":"Home","item":"https:\/\/reginett.ee\/ru\/"},{"@type":"ListItem","position":2,"name":"Tooted","item":"https:\/\/reginett.ee\/tooted\/"},{"@type":"ListItem","position":3,"name":"Robotniiduk HUSQVARNA Automower\u00ae 430X NERA"}]},{"@type":"WebSite","@id":"https:\/\/reginett.ee\/#website","url":"https:\/\/reginett.ee\/","name":"Reginett","description":"Parimad robotniidukid","potentialAction":[{"@type":"SearchAction","target":{"@type":"EntryPoint","urlTemplate":"https:\/\/reginett.ee\/?s={search_term_string}"},"query-input":{"@type":"PropertyValueSpecification","valueRequired":true,"valueName":"search_term_string"}}],"inLanguage":"ru-RU"}]}},"brands":[{"id":147,"name":"Husqvarna","slug":"husqvarna"}],"_links":{"self":[{"href":"https:\/\/reginett.ee\/ru\/wp-json\/wp\/v2\/product\/59375","targetHints":{"allow":["GET"]}}],"collection":[{"href":"https:\/\/reginett.ee\/ru\/wp-json\/wp\/v2\/product"}],"about":[{"href":"https:\/\/reginett.ee\/ru\/wp-json\/wp\/v2\/types\/product"}],"replies":[{"embeddable":true,"href":"https:\/\/reginett.ee\/ru\/wp-json\/wp\/v2\/comments?post=59375"}],"wp:featuredmedia":[{"embeddable":true,"href":"https:\/\/reginett.ee\/ru\/wp-json\/wp\/v2\/media\/59378"}],"wp:attachment":[{"href":"https:\/\/reginett.ee\/ru\/wp-json\/wp\/v2\/media?parent=59375"}],"wp:term":[{"taxonomy":"pwb-brand","embeddable":true,"href":"https:\/\/reginett.ee\/ru\/wp-json\/wp\/v2\/pwb-brand?post=59375"},{"taxonomy":"product_brand","embeddable":true,"href":"https:\/\/reginett.ee\/ru\/wp-json\/wp\/v2\/product_brand?post=59375"},{"taxonomy":"product_cat","embeddable":true,"href":"https:\/\/reginett.ee\/ru\/wp-json\/wp\/v2\/product_cat?post=59375"},{"taxonomy":"product_tag","embeddable":true,"href":"https:\/\/reginett.ee\/ru\/wp-json\/wp\/v2\/product_tag?post=59375"}],"curies":[{"name":"wp","href":"https:\/\/api.w.org\/{rel}","templated":true}]}}