{"id":59347,"date":"2026-04-05T21:03:18","date_gmt":"2026-04-05T18:03:18","guid":{"rendered":"https:\/\/reginett.ee\/?post_type=product&#038;p=59347"},"modified":"2026-05-04T15:16:39","modified_gmt":"2026-05-04T12:16:39","slug":"robotniiduk-husqvarna-automower-320-nera","status":"publish","type":"product","link":"https:\/\/reginett.ee\/ru\/toode\/robotniiduk-husqvarna-automower-320-nera\/","title":{"rendered":"Robotniiduk HUSQVARNA Automower\u00ae 320 NERA"},"content":{"rendered":"<p><strong>Husqvarna Automower\u00ae 320 NERA<\/strong> pakub kuni <strong>2200 m\u00b2<\/strong> suurustele muruplatsidele esmaklassilist niidutulemust ja usaldusv\u00e4\u00e4rsust. Uus patendeeritud maapinda kopeeriv esitelje lahendus suurendab man\u00f6\u00f6verdusv\u00f5imet ja parandab ebatasasel maastikul kallakutel niitmise v\u00f5imekust kuni 50%-ni. Husqvarna EPOS\u2122 lisatarviku komplekt v\u00f5imaldab kaablitevaba paigaldust ja Automower\u00ae Connect juurdep\u00e4\u00e4su nutitelefonist.<\/p>\n<p>Tarkvarauuendustega j\u00f5uavad masinani \u00fcle \u00f5hu ehk FOTA (Firmware Over The Air) abil. *Vajalik on teostada enne paigaldust kohustuslik aiakontroll, et veenduda Husqvarna EPOS probleemivaba toimimine kavandataval niidualal. Automower\u00ae 320 NERA on saadaval alates 2023. aasta aprillist.<\/p>\n<h3 class=\"hui-spacing--sm-mt-4-times-6 WLwtnNxco1C4cPugKSaO0g==\">Piirdekaablivaba paigaldus<\/h3>\n<p class=\"hui-spacing--sm-mt-4-times-4 K2PbruRyOKhyQZiENIYSog==\">Automower\u00ae NERA sari, <strong>mis \u00fchildub Husqvarna EPOS\u2122<\/strong> komplektiga, pakub teile suuremat vabadust muruhoolduse teostamiseks, luues f\u00fc\u00fcsiliste kaablite asemel virtuaalsed piirid satelliidip\u00f5hise tehnoloogia abil.<\/p>\n<h3 class=\"hui-spacing--sm-mt-4-times-6 WLwtnNxco1C4cPugKSaO0g==\">Kasutajasuhtlus<\/h3>\n<p class=\"hui-spacing--sm-mt-4-times-4 K2PbruRyOKhyQZiENIYSog==\">K\u00f5ik Automower\u00ae Connect rakendusega varustatud robotniidukid on v\u00f5imalik \u00fchendada ka Amazon Alexa ja Google Home s\u00fcsteemiga. Lihtsalt esita h\u00e4\u00e4lk\u00e4sklus oma nutik\u00f5larile ja masin kuuletub. V\u00f5imaldab kasutada lihtsamaid k\u00e4sklusi nagu start, stop ja park. Lisaks v\u00f5imalus k\u00fcsida hetkelist staatust masina kohta.<\/p>\n<h3 class=\"hui-spacing--sm-mt-4-times-6 WLwtnNxco1C4cPugKSaO0g==\">Nutikad \u00fchendused IFTTT abil<\/h3>\n<p class=\"hui-spacing--sm-mt-4-times-4 K2PbruRyOKhyQZiENIYSog==\">Integreerige Automower\u00ae veelgi enam oma nutikoduga, kasutades seda IFTTT-aplettides. Looge \u00fchendus m\u00f5ne nutika \u00fchendusega rakenduses Automower\u00ae Connect v\u00f5i looge isegi oma lahendus IFTTT-ga. V\u00f5ib-olla soovite, et teie niiduk pargiks, kui teie lapsed koolist koju tulevad v\u00f5i kui ilmateade n\u00e4itab tugevat vihma? V\u00f5i panna see t\u00f6\u00f6le s\u00fcnkroonselt ilmaga? IFTTT (&#171;If This, then That&#187;) on tasuta ja h\u00f5lpsasti kasutatav.<\/p>\n<h3 class=\"hui-spacing--sm-mt-4-times-6 WLwtnNxco1C4cPugKSaO0g==\">Automower\u00ae Access<\/h3>\n<p class=\"hui-spacing--sm-mt-4-times-4 K2PbruRyOKhyQZiENIYSog==\"><strong>Husqvarna Automower\u00ae 320 NERA<\/strong> masinal on uus ja lihtsustatud p\u00f6\u00f6rdnupu ja suure eraldusv\u00f5imega ekraaniga kasutajaliides, mis v\u00f5imaldab niidukit kergesti seadistada. Ikoonidel p\u00f5hinev men\u00fc\u00fc.<\/p>\n<h3 class=\"hui-spacing--sm-mt-4-times-6 WLwtnNxco1C4cPugKSaO0g==\">Automower\u00ae lisatarvikuteport<\/h3>\n<p class=\"hui-spacing--sm-mt-4-times-4 K2PbruRyOKhyQZiENIYSog==\">Automower\u00ae NERA seeria niidukitel on lisatarvikuport, mis v\u00f5imaldab niiduki k\u00fclge \u00fchendada lisatarvikuid, mis pakuvad lisafunktsioone ja -tehnoloogiat. Nagu Husqvarna EPOS\u2122 moodul, mis v\u00f5imaldab juhtmevaba paigaldust.<\/p>\n<h3 class=\"hui-spacing--sm-mt-4-times-6 WLwtnNxco1C4cPugKSaO0g==\">Tarkvarav\u00e4rskendus \u00fcle \u00f5hu<\/h3>\n<p class=\"hui-spacing--sm-mt-4-times-4 K2PbruRyOKhyQZiENIYSog==\">V\u00f5imalus tarkvara v\u00e4rskendada l\u00e4bi \u00fcle \u00f5hu, l\u00e4bi Automower\u00ae Connect rakenduse.<\/p>\n<h3 class=\"hui-spacing--sm-mt-4-times-6 WLwtnNxco1C4cPugKSaO0g==\">GeoFence<\/h3>\n<p class=\"hui-spacing--sm-mt-4-times-4 K2PbruRyOKhyQZiENIYSog==\">Kui m\u00e4\u00e4rate rakenduse Automower\u00ae Connect kaudu oma niiduki jaoks GeoFence&#8217;i ala, saate oma telefonile teateid, kui teie niiduk viiakse sellest eelm\u00e4\u00e4ratletud piirkonnast v\u00e4lja. Varguse riski minimeerimine ja niiduki asukoha pidev teadmine.<\/p>\n<h3 class=\"hui-spacing--sm-mt-4-times-6 WLwtnNxco1C4cPugKSaO0g==\">K\u00fclmasensor<\/h3>\n<p class=\"hui-spacing--sm-mt-4-times-4 K2PbruRyOKhyQZiENIYSog==\"><strong>Husqvarna Automower\u00ae 320 NERA<\/strong> robotniidukil on k\u00fclmasesnsor, mis katkestab automaatselt k\u00fclmades tingimustes niitmise ajakava, aidates muru kaitsta.<\/p>\n<h3 class=\"hui-spacing--sm-mt-4-times-6 WLwtnNxco1C4cPugKSaO0g==\">S\u00fcsteemne koridori niitmine<\/h3>\n<p class=\"hui-spacing--sm-mt-4-times-4 K2PbruRyOKhyQZiENIYSog==\">Niiduk muudab vastavalt koridori laiusele niitmiss\u00fcsteemi.<\/p>\n<h3 class=\"hui-spacing--sm-mt-4-times-6 WLwtnNxco1C4cPugKSaO0g==\">TargetHeight muru kvaliteedi parandamiseks<\/h3>\n<p class=\"hui-spacing--sm-mt-4-times-4 K2PbruRyOKhyQZiENIYSog==\">Parandab muru kvaliteeti, reguleerides l\u00f5ikek\u00f5rgust MAX-st 10 p\u00e4eva jooksul kindlaksm\u00e4\u00e4ratud k\u00f5rguseks.<\/p>\n","protected":false},"excerpt":{"rendered":"<p><strong>Husqvarna Automower\u00ae 320 NERA<\/strong> pakub kuni <strong>2200 m\u00b2<\/strong> suurustele muruplatsidele esmaklassilist niidutulemust ja usaldusv\u00e4\u00e4rsust. Uus patendeeritud maapinda kopeeriv esitelje lahendus suurendab man\u00f6\u00f6verdusv\u00f5imet ja parandab ebatasasel maastikul kallakutel niitmise v\u00f5imekust kuni 50%-ni. Husqvarna EPOS\u2122 lisatarviku komplekt v\u00f5imaldab kaablitevaba paigaldust ja Automower\u00ae Connect juurdep\u00e4\u00e4su nutitelefonist.<\/p>\n","protected":false},"featured_media":59348,"comment_status":"open","ping_status":"closed","template":"","meta":{"_acf_changed":false,"_et_pb_use_builder":"","_et_pb_old_content":"","_et_gb_content_width":"","inline_featured_image":false},"pwb-brand":[147],"product_brand":[],"product_cat":[37,19],"product_tag":[517,516,44],"class_list":{"0":"post-59347","1":"product","2":"type-product","3":"status-publish","4":"has-post-thumbnail","6":"pwb-brand-husqvarna","7":"product_cat-husqvarna","8":"product_cat-robotniidukid","9":"product_tag-automower-310-nera","10":"product_tag-nera","11":"product_tag-robotniiduk","12":"product_shipping_class-soodsam-kuller-15-eur","14":"first","15":"outofstock","16":"sale","17":"shipping-taxable","18":"purchasable","19":"product-type-simple"},"acf":[],"yoast_head":"<!-- This site is optimized with the Yoast SEO plugin v26.6 - https:\/\/yoast.com\/wordpress\/plugins\/seo\/ -->\n<title>Husqvarna Automower\u00ae 320 NERA. Uus kaablivaba robotniiduk<\/title>\n<meta name=\"description\" content=\"Husqvarna Automower\u00ae 320 NERA pakub kuni 2200 m\u00b2 suurustele muruplatsidele esmaklassilist niidutulemust ja usaldusv\u00e4\u00e4rsust. Uus patendeeritud\" \/>\n<meta name=\"robots\" content=\"index, follow, max-snippet:-1, max-image-preview:large, max-video-preview:-1\" \/>\n<link rel=\"canonical\" href=\"https:\/\/reginett.ee\/toode\/robotniiduk-husqvarna-automower-320-nera\/\" \/>\n<meta property=\"og:locale\" content=\"ru_RU\" \/>\n<meta property=\"og:type\" content=\"article\" \/>\n<meta property=\"og:title\" content=\"Husqvarna Automower\u00ae 320 NERA. Uus kaablivaba robotniiduk\" \/>\n<meta property=\"og:description\" content=\"Husqvarna Automower\u00ae 320 NERA pakub kuni 2200 m\u00b2 suurustele muruplatsidele esmaklassilist niidutulemust ja usaldusv\u00e4\u00e4rsust. Uus patendeeritud\" \/>\n<meta property=\"og:url\" content=\"https:\/\/reginett.ee\/toode\/robotniiduk-husqvarna-automower-320-nera\/\" \/>\n<meta property=\"og:site_name\" content=\"Reginett\" \/>\n<meta property=\"article:modified_time\" content=\"2026-05-04T12:16:39+00:00\" \/>\n<meta property=\"og:image\" content=\"https:\/\/reginett.ee\/wp-content\/uploads\/2023\/03\/Husqvarna-Automower-320-NERA-Reginett.jpg\" \/>\n\t<meta property=\"og:image:width\" content=\"680\" \/>\n\t<meta property=\"og:image:height\" content=\"372\" \/>\n\t<meta property=\"og:image:type\" content=\"image\/jpeg\" \/>\n<meta name=\"twitter:card\" content=\"summary_large_image\" \/>\n<meta name=\"twitter:label1\" content=\"\u041f\u0440\u0438\u043c\u0435\u0440\u043d\u043e\u0435 \u0432\u0440\u0435\u043c\u044f \u0434\u043b\u044f \u0447\u0442\u0435\u043d\u0438\u044f\" \/>\n\t<meta name=\"twitter:data1\" content=\"3 \u043c\u0438\u043d\u0443\u0442\u044b\" \/>\n<script type=\"application\/ld+json\" class=\"yoast-schema-graph\">{\"@context\":\"https:\/\/schema.org\",\"@graph\":[{\"@type\":\"WebPage\",\"@id\":\"https:\/\/reginett.ee\/toode\/robotniiduk-husqvarna-automower-320-nera\/\",\"url\":\"https:\/\/reginett.ee\/toode\/robotniiduk-husqvarna-automower-320-nera\/\",\"name\":\"Husqvarna Automower\u00ae 320 NERA. Uus kaablivaba robotniiduk\",\"isPartOf\":{\"@id\":\"https:\/\/reginett.ee\/#website\"},\"primaryImageOfPage\":{\"@id\":\"https:\/\/reginett.ee\/toode\/robotniiduk-husqvarna-automower-320-nera\/#primaryimage\"},\"image\":{\"@id\":\"https:\/\/reginett.ee\/toode\/robotniiduk-husqvarna-automower-320-nera\/#primaryimage\"},\"thumbnailUrl\":\"https:\/\/reginett.ee\/wp-content\/uploads\/2023\/03\/Husqvarna-Automower-320-NERA-Reginett.jpg\",\"datePublished\":\"2026-04-05T18:03:18+00:00\",\"dateModified\":\"2026-05-04T12:16:39+00:00\",\"description\":\"Husqvarna Automower\u00ae 320 NERA pakub kuni 2200 m\u00b2 suurustele muruplatsidele esmaklassilist niidutulemust ja usaldusv\u00e4\u00e4rsust. Uus patendeeritud\",\"breadcrumb\":{\"@id\":\"https:\/\/reginett.ee\/toode\/robotniiduk-husqvarna-automower-320-nera\/#breadcrumb\"},\"inLanguage\":\"ru-RU\",\"potentialAction\":[{\"@type\":\"ReadAction\",\"target\":[\"https:\/\/reginett.ee\/toode\/robotniiduk-husqvarna-automower-320-nera\/\"]}]},{\"@type\":\"ImageObject\",\"inLanguage\":\"ru-RU\",\"@id\":\"https:\/\/reginett.ee\/toode\/robotniiduk-husqvarna-automower-320-nera\/#primaryimage\",\"url\":\"https:\/\/reginett.ee\/wp-content\/uploads\/2023\/03\/Husqvarna-Automower-320-NERA-Reginett.jpg\",\"contentUrl\":\"https:\/\/reginett.ee\/wp-content\/uploads\/2023\/03\/Husqvarna-Automower-320-NERA-Reginett.jpg\",\"width\":680,\"height\":372,\"caption\":\"Uus Husqvarna Automower 320 NERA\"},{\"@type\":\"BreadcrumbList\",\"@id\":\"https:\/\/reginett.ee\/toode\/robotniiduk-husqvarna-automower-320-nera\/#breadcrumb\",\"itemListElement\":[{\"@type\":\"ListItem\",\"position\":1,\"name\":\"Home\",\"item\":\"https:\/\/reginett.ee\/ru\/\"},{\"@type\":\"ListItem\",\"position\":2,\"name\":\"Tooted\",\"item\":\"https:\/\/reginett.ee\/tooted\/\"},{\"@type\":\"ListItem\",\"position\":3,\"name\":\"Robotniiduk HUSQVARNA Automower\u00ae 320 NERA\"}]},{\"@type\":\"WebSite\",\"@id\":\"https:\/\/reginett.ee\/#website\",\"url\":\"https:\/\/reginett.ee\/\",\"name\":\"Reginett\",\"description\":\"Parimad robotniidukid\",\"potentialAction\":[{\"@type\":\"SearchAction\",\"target\":{\"@type\":\"EntryPoint\",\"urlTemplate\":\"https:\/\/reginett.ee\/?s={search_term_string}\"},\"query-input\":{\"@type\":\"PropertyValueSpecification\",\"valueRequired\":true,\"valueName\":\"search_term_string\"}}],\"inLanguage\":\"ru-RU\"}]}<\/script>\n<!-- \/ Yoast SEO plugin. -->","yoast_head_json":{"title":"Husqvarna Automower\u00ae 320 NERA. Uus kaablivaba robotniiduk","description":"Husqvarna Automower\u00ae 320 NERA pakub kuni 2200 m\u00b2 suurustele muruplatsidele esmaklassilist niidutulemust ja usaldusv\u00e4\u00e4rsust. Uus patendeeritud","robots":{"index":"index","follow":"follow","max-snippet":"max-snippet:-1","max-image-preview":"max-image-preview:large","max-video-preview":"max-video-preview:-1"},"canonical":"https:\/\/reginett.ee\/toode\/robotniiduk-husqvarna-automower-320-nera\/","og_locale":"ru_RU","og_type":"article","og_title":"Husqvarna Automower\u00ae 320 NERA. Uus kaablivaba robotniiduk","og_description":"Husqvarna Automower\u00ae 320 NERA pakub kuni 2200 m\u00b2 suurustele muruplatsidele esmaklassilist niidutulemust ja usaldusv\u00e4\u00e4rsust. Uus patendeeritud","og_url":"https:\/\/reginett.ee\/toode\/robotniiduk-husqvarna-automower-320-nera\/","og_site_name":"Reginett","article_modified_time":"2026-05-04T12:16:39+00:00","og_image":[{"width":680,"height":372,"url":"https:\/\/reginett.ee\/wp-content\/uploads\/2023\/03\/Husqvarna-Automower-320-NERA-Reginett.jpg","type":"image\/jpeg"}],"twitter_card":"summary_large_image","twitter_misc":{"\u041f\u0440\u0438\u043c\u0435\u0440\u043d\u043e\u0435 \u0432\u0440\u0435\u043c\u044f \u0434\u043b\u044f \u0447\u0442\u0435\u043d\u0438\u044f":"3 \u043c\u0438\u043d\u0443\u0442\u044b"},"schema":{"@context":"https:\/\/schema.org","@graph":[{"@type":"WebPage","@id":"https:\/\/reginett.ee\/toode\/robotniiduk-husqvarna-automower-320-nera\/","url":"https:\/\/reginett.ee\/toode\/robotniiduk-husqvarna-automower-320-nera\/","name":"Husqvarna Automower\u00ae 320 NERA. Uus kaablivaba robotniiduk","isPartOf":{"@id":"https:\/\/reginett.ee\/#website"},"primaryImageOfPage":{"@id":"https:\/\/reginett.ee\/toode\/robotniiduk-husqvarna-automower-320-nera\/#primaryimage"},"image":{"@id":"https:\/\/reginett.ee\/toode\/robotniiduk-husqvarna-automower-320-nera\/#primaryimage"},"thumbnailUrl":"https:\/\/reginett.ee\/wp-content\/uploads\/2023\/03\/Husqvarna-Automower-320-NERA-Reginett.jpg","datePublished":"2026-04-05T18:03:18+00:00","dateModified":"2026-05-04T12:16:39+00:00","description":"Husqvarna Automower\u00ae 320 NERA pakub kuni 2200 m\u00b2 suurustele muruplatsidele esmaklassilist niidutulemust ja usaldusv\u00e4\u00e4rsust. Uus patendeeritud","breadcrumb":{"@id":"https:\/\/reginett.ee\/toode\/robotniiduk-husqvarna-automower-320-nera\/#breadcrumb"},"inLanguage":"ru-RU","potentialAction":[{"@type":"ReadAction","target":["https:\/\/reginett.ee\/toode\/robotniiduk-husqvarna-automower-320-nera\/"]}]},{"@type":"ImageObject","inLanguage":"ru-RU","@id":"https:\/\/reginett.ee\/toode\/robotniiduk-husqvarna-automower-320-nera\/#primaryimage","url":"https:\/\/reginett.ee\/wp-content\/uploads\/2023\/03\/Husqvarna-Automower-320-NERA-Reginett.jpg","contentUrl":"https:\/\/reginett.ee\/wp-content\/uploads\/2023\/03\/Husqvarna-Automower-320-NERA-Reginett.jpg","width":680,"height":372,"caption":"Uus Husqvarna Automower 320 NERA"},{"@type":"BreadcrumbList","@id":"https:\/\/reginett.ee\/toode\/robotniiduk-husqvarna-automower-320-nera\/#breadcrumb","itemListElement":[{"@type":"ListItem","position":1,"name":"Home","item":"https:\/\/reginett.ee\/ru\/"},{"@type":"ListItem","position":2,"name":"Tooted","item":"https:\/\/reginett.ee\/tooted\/"},{"@type":"ListItem","position":3,"name":"Robotniiduk HUSQVARNA Automower\u00ae 320 NERA"}]},{"@type":"WebSite","@id":"https:\/\/reginett.ee\/#website","url":"https:\/\/reginett.ee\/","name":"Reginett","description":"Parimad robotniidukid","potentialAction":[{"@type":"SearchAction","target":{"@type":"EntryPoint","urlTemplate":"https:\/\/reginett.ee\/?s={search_term_string}"},"query-input":{"@type":"PropertyValueSpecification","valueRequired":true,"valueName":"search_term_string"}}],"inLanguage":"ru-RU"}]}},"brands":[{"id":147,"name":"Husqvarna","slug":"husqvarna"}],"_links":{"self":[{"href":"https:\/\/reginett.ee\/ru\/wp-json\/wp\/v2\/product\/59347","targetHints":{"allow":["GET"]}}],"collection":[{"href":"https:\/\/reginett.ee\/ru\/wp-json\/wp\/v2\/product"}],"about":[{"href":"https:\/\/reginett.ee\/ru\/wp-json\/wp\/v2\/types\/product"}],"replies":[{"embeddable":true,"href":"https:\/\/reginett.ee\/ru\/wp-json\/wp\/v2\/comments?post=59347"}],"wp:featuredmedia":[{"embeddable":true,"href":"https:\/\/reginett.ee\/ru\/wp-json\/wp\/v2\/media\/59348"}],"wp:attachment":[{"href":"https:\/\/reginett.ee\/ru\/wp-json\/wp\/v2\/media?parent=59347"}],"wp:term":[{"taxonomy":"pwb-brand","embeddable":true,"href":"https:\/\/reginett.ee\/ru\/wp-json\/wp\/v2\/pwb-brand?post=59347"},{"taxonomy":"product_brand","embeddable":true,"href":"https:\/\/reginett.ee\/ru\/wp-json\/wp\/v2\/product_brand?post=59347"},{"taxonomy":"product_cat","embeddable":true,"href":"https:\/\/reginett.ee\/ru\/wp-json\/wp\/v2\/product_cat?post=59347"},{"taxonomy":"product_tag","embeddable":true,"href":"https:\/\/reginett.ee\/ru\/wp-json\/wp\/v2\/product_tag?post=59347"}],"curies":[{"name":"wp","href":"https:\/\/api.w.org\/{rel}","templated":true}]}}