{"id":59298,"date":"2025-12-18T12:53:40","date_gmt":"2025-12-18T09:53:40","guid":{"rendered":"https:\/\/reginett.ee\/?post_type=product&#038;p=59298"},"modified":"2026-01-14T15:33:49","modified_gmt":"2026-01-14T12:33:49","slug":"robotniiduk-stiga-a3000-uus","status":"publish","type":"product","link":"https:\/\/reginett.ee\/ru\/toode\/robotniiduk-stiga-a3000-uus\/","title":{"rendered":"Kaablivaba robotniiduk STIGA A3000"},"content":{"rendered":"<h5 class=\"fusion-responsive-typography-calculated\" data-fontsize=\"18\" data-lineheight=\"27px\"><strong>Uus STIGA kaablivaba robotniiduk A3000!<\/strong><\/h5>\n<p>Stiga insenerid ja disainerid on arendanud uue p\u00f5lvkonna robotniiduki, milles on \u00fchendatud uusimad tehnoloogiad ja parimad kasutusmugavused.<\/p>\n<p>5,0 Ah liitiumioonakudel t\u00f6\u00f6tav robotniiduk suudab niita <strong>kuni 4500 m\u00b2 murualasid.<\/strong> T\u00e4islaetud akudega v\u00f5ib roboti j\u00e4rjestikune t\u00f6\u00f6aeg olla kuni 2 tundi 30 minutit.<\/p>\n<p>STIGA A3000 muruniiduk \u2013 uue p\u00f5lvkonna, t\u00e4ielikult autonoomne, juhtmevaba AGS-tehnoloogiaga robotniiduk.<\/p>\n<p>Uute STIGA A-seeria robotite paigaldamiseks <strong>ei ole vaja piirdekaabli<\/strong>t. M\u00e4rkige kogu oma krunt mobiiltelefoni abiga lihtsalt robotiga s\u00f5ites m\u00f6\u00f6da soovitud ala piiri.<\/p>\n<p>Robot skaneerib aktiivselt aeda, et otsustada, kus ja millal niita, kasutades patenteeritud AGS (Active Guidance System) algoritmi kombineerituna RTK-GPS-iga tehnoloogiaga, algoritm, mis parandab veelgi GPS RTK signaali t\u00f6\u00f6kindlust.<\/p>\n<p>STIGA A-seeria robotid optimeerivad aku kasutamist, t\u00f6\u00f6tades organiseeritud niidumustreid\u00a0 kasutades, mis t\u00e4hendab, et nad ei niida enam juhuslikult.<\/p>\n<p>Robotil on mitu programmi erinevate niidusuundade jaoks. Et v\u00e4ltida liigset niitmist saab kasutaja seadistada kuni 10 niidutsooni.<\/p>\n<p>Liitiumioonaku kasutamist iseloomustab vastupidavus ja see ei saasta keskkonda. Tugev plastkorpus on valmistatud pol\u00fcprop\u00fcleenist ja 30% talkmaterjalist, mis neelab m\u00fcra ja vibratsiooni.<\/p>\n<p>Kompaktne ja kerge STIGA A-seeria robot suudab niita erineva kujuga aedades \u2013 h\u00f5lpsasti man\u00f6\u00f6verdades kitsastes kohtades, \u00fcmber puude ja p\u00f5\u00f5saste. Kuna robot on ideaalselt tasakaalustatud, saab see h\u00f5lpsalt hakkama erinevate ebatasasustega ja suudab ronida kuni 50% (27\u00b0) n\u00f5lvadel. STIGA A-seeria robotil on kaks elektroonilist aju (toiteplaat ja loogikaplaat), mis orienteeruvad ja otsustavad, millal ja kus l\u00f5igata. Roboti saab juhtida ka robitil oleva intuitiivse klaviatuuriga ja Bluetooth-\u00fchenduse kaudu oma nutitelefonist, kasutades rakendust STIGA.GO \u00e4ppi.<\/p>\n<h4 class=\"fusion-responsive-typography-calculated\" data-fontsize=\"14\" data-lineheight=\"20.0167px\">Niitmine<\/h4>\n<p><strong>STIGA kaablivaba robotniiduk A 3000 t\u00f6\u00f6tab<\/strong> 6 vabalt p\u00f6\u00f6rleva \u017eilettterava teraga, niidulaius on 26 cm. Tera purustab niidetud muru ja laotab selle tagasi pinnasele, luues kasvavale murule loodusliku v\u00e4etise. L\u00f5ikek\u00f5rguse asendid on elektriliselt reguleeritavad vahemikus 20-65 mm. STIGA A3000 robot suudab hooldada kogu murupinda, t\u00f6\u00f6tades vaid 2 korda p\u00e4evas kuni 2,5 tunniste niiduts\u00fcklitega. Nii j\u00e4\u00e4b rohkem aega aias m\u00f5nulemiseks ja j\u00e4tab v\u00f5imaluse murul p\u00e4rast niitmist \u201cparaneda\u201d. T\u00e4nu takistuse tuvastamise anduritele peatub robot takistusega kokku puutudes ja muudab automaatselt liikumissuunda.<\/p>\n<p>STIGA.GO \u00e4pi abil on v\u00f5imalik m\u00e4\u00e4rata kindel niiduaeg ja v\u00e4listada alad, mida sa ei soovi niita ja robot sinna ei l\u00e4he. V\u00f5i integreerige h\u00e4\u00e4lassistent Alexa h\u00e4\u00e4lk\u00e4skluste jaoks. Samuti on robotil kaitse varguse vastu \u2013 roboti l\u00f5iketsoonist v\u00e4ljas olles saadetakse kasutajale teade.<\/p>\n<p>Kolm andurit aitavad reageerida \u00fcmbritsevale:<\/p>\n<ul>\n<li>Vihmaandur \u2013 saadab roboti tagasi laadimisjaama kui sajab vihma.<\/li>\n<li>P\u00f5rkeandur \u2013 t\u00e4nu takistuste tuvastamisele robot peatub ja muudab automaatselt liikumissuunda, v\u00e4ltides nii ka terade kahjustamist.<\/li>\n<li>T\u00f5steandur \u2013 peatab roboti \u00fcles t\u00f5stmisel automaatselt l\u00f5iketerad.<\/li>\n<\/ul>\n<p>Uudse lahendusena on robotniidukil <strong>eemaldatav pealiskate<\/strong>, mida v\u00f5ib pesta jooksva vee all. Robot vastab IPX5 niiskuskaitsele<\/p>\n","protected":false},"excerpt":{"rendered":"<h5 class=\"fusion-responsive-typography-calculated\" data-fontsize=\"18\" data-lineheight=\"27px\"><strong>Uus STIGA kaablivaba robotniiduk A3000!<\/strong><\/h5>\n<p>Stiga insenerid ja disainerid on arendanud uue p\u00f5lvkonna robotniiduki, milles on \u00fchendatud uusimad tehnoloogiad ja parimad kasutusmugavused ja mis sobib kuni <strong>4500 m2<\/strong> hooldamiseks.<\/p>\n","protected":false},"featured_media":59300,"comment_status":"open","ping_status":"closed","template":"","meta":{"_acf_changed":false,"_et_pb_use_builder":"","_et_pb_old_content":"","_et_gb_content_width":"","inline_featured_image":false},"pwb-brand":[146],"product_brand":[],"product_cat":[134,19,154],"product_tag":[514,512,44,513,515],"class_list":{"0":"post-59298","1":"product","2":"type-product","3":"status-publish","4":"has-post-thumbnail","6":"pwb-brand-stiga","7":"product_cat-eripakkumised","8":"product_cat-robotniidukid","9":"product_cat-stiga","10":"product_tag-kaablivaba","11":"product_tag-kaablivaba-robotniiduk","12":"product_tag-robotniiduk","13":"product_tag-robotniiduk-stiga","14":"product_tag-stiga-a3000","15":"product_shipping_class-rasked-asjad","17":"first","18":"outofstock","19":"sale","20":"shipping-taxable","21":"purchasable","22":"product-type-simple"},"acf":[],"yoast_head":"<!-- This site is optimized with the Yoast SEO plugin v26.6 - https:\/\/yoast.com\/wordpress\/plugins\/seo\/ -->\n<title>Robotniiduk Stiga A3000 UUS! Kaablivabad Stiga robotniidukid<\/title>\n<meta name=\"description\" content=\"Uus STIGA kaablivaba robotniiduk A3000!Stiga insenerid ja disainerid on arendanud uue p\u00f5lvkonna robotniiduki, milles on \u00fchendatud uusimad tehnoloogiad\" \/>\n<meta name=\"robots\" content=\"index, follow, max-snippet:-1, max-image-preview:large, max-video-preview:-1\" \/>\n<link rel=\"canonical\" href=\"https:\/\/reginett.ee\/toode\/robotniiduk-stiga-a3000-uus\/\" \/>\n<meta property=\"og:locale\" content=\"ru_RU\" \/>\n<meta property=\"og:type\" content=\"article\" \/>\n<meta property=\"og:title\" content=\"Robotniiduk Stiga A3000 UUS! Kaablivabad Stiga robotniidukid\" \/>\n<meta property=\"og:description\" content=\"Uus STIGA kaablivaba robotniiduk A3000!Stiga insenerid ja disainerid on arendanud uue p\u00f5lvkonna robotniiduki, milles on \u00fchendatud uusimad tehnoloogiad\" \/>\n<meta property=\"og:url\" content=\"https:\/\/reginett.ee\/toode\/robotniiduk-stiga-a3000-uus\/\" \/>\n<meta property=\"og:site_name\" content=\"Reginett\" \/>\n<meta property=\"article:modified_time\" content=\"2026-01-14T12:33:49+00:00\" \/>\n<meta property=\"og:image\" content=\"https:\/\/reginett.ee\/wp-content\/uploads\/2023\/03\/Robotniiduk-Stiga-A3000.jpg\" \/>\n\t<meta property=\"og:image:width\" content=\"940\" \/>\n\t<meta property=\"og:image:height\" content=\"940\" \/>\n\t<meta property=\"og:image:type\" content=\"image\/jpeg\" \/>\n<meta name=\"twitter:card\" content=\"summary_large_image\" \/>\n<meta name=\"twitter:label1\" content=\"\u041f\u0440\u0438\u043c\u0435\u0440\u043d\u043e\u0435 \u0432\u0440\u0435\u043c\u044f \u0434\u043b\u044f \u0447\u0442\u0435\u043d\u0438\u044f\" \/>\n\t<meta name=\"twitter:data1\" content=\"3 \u043c\u0438\u043d\u0443\u0442\u044b\" \/>\n<script type=\"application\/ld+json\" class=\"yoast-schema-graph\">{\"@context\":\"https:\/\/schema.org\",\"@graph\":[{\"@type\":\"WebPage\",\"@id\":\"https:\/\/reginett.ee\/toode\/robotniiduk-stiga-a3000-uus\/\",\"url\":\"https:\/\/reginett.ee\/toode\/robotniiduk-stiga-a3000-uus\/\",\"name\":\"Robotniiduk Stiga A3000 UUS! Kaablivabad Stiga robotniidukid\",\"isPartOf\":{\"@id\":\"https:\/\/reginett.ee\/#website\"},\"primaryImageOfPage\":{\"@id\":\"https:\/\/reginett.ee\/toode\/robotniiduk-stiga-a3000-uus\/#primaryimage\"},\"image\":{\"@id\":\"https:\/\/reginett.ee\/toode\/robotniiduk-stiga-a3000-uus\/#primaryimage\"},\"thumbnailUrl\":\"https:\/\/reginett.ee\/wp-content\/uploads\/2023\/03\/Robotniiduk-Stiga-A3000.jpg\",\"datePublished\":\"2025-12-18T09:53:40+00:00\",\"dateModified\":\"2026-01-14T12:33:49+00:00\",\"description\":\"Uus STIGA kaablivaba robotniiduk A3000!Stiga insenerid ja disainerid on arendanud uue p\u00f5lvkonna robotniiduki, milles on \u00fchendatud uusimad tehnoloogiad\",\"breadcrumb\":{\"@id\":\"https:\/\/reginett.ee\/toode\/robotniiduk-stiga-a3000-uus\/#breadcrumb\"},\"inLanguage\":\"ru-RU\",\"potentialAction\":[{\"@type\":\"ReadAction\",\"target\":[\"https:\/\/reginett.ee\/toode\/robotniiduk-stiga-a3000-uus\/\"]}]},{\"@type\":\"ImageObject\",\"inLanguage\":\"ru-RU\",\"@id\":\"https:\/\/reginett.ee\/toode\/robotniiduk-stiga-a3000-uus\/#primaryimage\",\"url\":\"https:\/\/reginett.ee\/wp-content\/uploads\/2023\/03\/Robotniiduk-Stiga-A3000.jpg\",\"contentUrl\":\"https:\/\/reginett.ee\/wp-content\/uploads\/2023\/03\/Robotniiduk-Stiga-A3000.jpg\",\"width\":940,\"height\":940,\"caption\":\"Robotniiduk Stiga A3000\"},{\"@type\":\"BreadcrumbList\",\"@id\":\"https:\/\/reginett.ee\/toode\/robotniiduk-stiga-a3000-uus\/#breadcrumb\",\"itemListElement\":[{\"@type\":\"ListItem\",\"position\":1,\"name\":\"Home\",\"item\":\"https:\/\/reginett.ee\/ru\/\"},{\"@type\":\"ListItem\",\"position\":2,\"name\":\"Tooted\",\"item\":\"https:\/\/reginett.ee\/tooted\/\"},{\"@type\":\"ListItem\",\"position\":3,\"name\":\"Kaablivaba robotniiduk STIGA A3000\"}]},{\"@type\":\"WebSite\",\"@id\":\"https:\/\/reginett.ee\/#website\",\"url\":\"https:\/\/reginett.ee\/\",\"name\":\"Reginett\",\"description\":\"Parimad robotniidukid\",\"potentialAction\":[{\"@type\":\"SearchAction\",\"target\":{\"@type\":\"EntryPoint\",\"urlTemplate\":\"https:\/\/reginett.ee\/?s={search_term_string}\"},\"query-input\":{\"@type\":\"PropertyValueSpecification\",\"valueRequired\":true,\"valueName\":\"search_term_string\"}}],\"inLanguage\":\"ru-RU\"}]}<\/script>\n<!-- \/ Yoast SEO plugin. -->","yoast_head_json":{"title":"Robotniiduk Stiga A3000 UUS! Kaablivabad Stiga robotniidukid","description":"Uus STIGA kaablivaba robotniiduk A3000!Stiga insenerid ja disainerid on arendanud uue p\u00f5lvkonna robotniiduki, milles on \u00fchendatud uusimad tehnoloogiad","robots":{"index":"index","follow":"follow","max-snippet":"max-snippet:-1","max-image-preview":"max-image-preview:large","max-video-preview":"max-video-preview:-1"},"canonical":"https:\/\/reginett.ee\/toode\/robotniiduk-stiga-a3000-uus\/","og_locale":"ru_RU","og_type":"article","og_title":"Robotniiduk Stiga A3000 UUS! Kaablivabad Stiga robotniidukid","og_description":"Uus STIGA kaablivaba robotniiduk A3000!Stiga insenerid ja disainerid on arendanud uue p\u00f5lvkonna robotniiduki, milles on \u00fchendatud uusimad tehnoloogiad","og_url":"https:\/\/reginett.ee\/toode\/robotniiduk-stiga-a3000-uus\/","og_site_name":"Reginett","article_modified_time":"2026-01-14T12:33:49+00:00","og_image":[{"width":940,"height":940,"url":"https:\/\/reginett.ee\/wp-content\/uploads\/2023\/03\/Robotniiduk-Stiga-A3000.jpg","type":"image\/jpeg"}],"twitter_card":"summary_large_image","twitter_misc":{"\u041f\u0440\u0438\u043c\u0435\u0440\u043d\u043e\u0435 \u0432\u0440\u0435\u043c\u044f \u0434\u043b\u044f \u0447\u0442\u0435\u043d\u0438\u044f":"3 \u043c\u0438\u043d\u0443\u0442\u044b"},"schema":{"@context":"https:\/\/schema.org","@graph":[{"@type":"WebPage","@id":"https:\/\/reginett.ee\/toode\/robotniiduk-stiga-a3000-uus\/","url":"https:\/\/reginett.ee\/toode\/robotniiduk-stiga-a3000-uus\/","name":"Robotniiduk Stiga A3000 UUS! Kaablivabad Stiga robotniidukid","isPartOf":{"@id":"https:\/\/reginett.ee\/#website"},"primaryImageOfPage":{"@id":"https:\/\/reginett.ee\/toode\/robotniiduk-stiga-a3000-uus\/#primaryimage"},"image":{"@id":"https:\/\/reginett.ee\/toode\/robotniiduk-stiga-a3000-uus\/#primaryimage"},"thumbnailUrl":"https:\/\/reginett.ee\/wp-content\/uploads\/2023\/03\/Robotniiduk-Stiga-A3000.jpg","datePublished":"2025-12-18T09:53:40+00:00","dateModified":"2026-01-14T12:33:49+00:00","description":"Uus STIGA kaablivaba robotniiduk A3000!Stiga insenerid ja disainerid on arendanud uue p\u00f5lvkonna robotniiduki, milles on \u00fchendatud uusimad tehnoloogiad","breadcrumb":{"@id":"https:\/\/reginett.ee\/toode\/robotniiduk-stiga-a3000-uus\/#breadcrumb"},"inLanguage":"ru-RU","potentialAction":[{"@type":"ReadAction","target":["https:\/\/reginett.ee\/toode\/robotniiduk-stiga-a3000-uus\/"]}]},{"@type":"ImageObject","inLanguage":"ru-RU","@id":"https:\/\/reginett.ee\/toode\/robotniiduk-stiga-a3000-uus\/#primaryimage","url":"https:\/\/reginett.ee\/wp-content\/uploads\/2023\/03\/Robotniiduk-Stiga-A3000.jpg","contentUrl":"https:\/\/reginett.ee\/wp-content\/uploads\/2023\/03\/Robotniiduk-Stiga-A3000.jpg","width":940,"height":940,"caption":"Robotniiduk Stiga A3000"},{"@type":"BreadcrumbList","@id":"https:\/\/reginett.ee\/toode\/robotniiduk-stiga-a3000-uus\/#breadcrumb","itemListElement":[{"@type":"ListItem","position":1,"name":"Home","item":"https:\/\/reginett.ee\/ru\/"},{"@type":"ListItem","position":2,"name":"Tooted","item":"https:\/\/reginett.ee\/tooted\/"},{"@type":"ListItem","position":3,"name":"Kaablivaba robotniiduk STIGA A3000"}]},{"@type":"WebSite","@id":"https:\/\/reginett.ee\/#website","url":"https:\/\/reginett.ee\/","name":"Reginett","description":"Parimad robotniidukid","potentialAction":[{"@type":"SearchAction","target":{"@type":"EntryPoint","urlTemplate":"https:\/\/reginett.ee\/?s={search_term_string}"},"query-input":{"@type":"PropertyValueSpecification","valueRequired":true,"valueName":"search_term_string"}}],"inLanguage":"ru-RU"}]}},"brands":[{"id":146,"name":"Stiga","slug":"stiga"}],"_links":{"self":[{"href":"https:\/\/reginett.ee\/ru\/wp-json\/wp\/v2\/product\/59298","targetHints":{"allow":["GET"]}}],"collection":[{"href":"https:\/\/reginett.ee\/ru\/wp-json\/wp\/v2\/product"}],"about":[{"href":"https:\/\/reginett.ee\/ru\/wp-json\/wp\/v2\/types\/product"}],"replies":[{"embeddable":true,"href":"https:\/\/reginett.ee\/ru\/wp-json\/wp\/v2\/comments?post=59298"}],"wp:featuredmedia":[{"embeddable":true,"href":"https:\/\/reginett.ee\/ru\/wp-json\/wp\/v2\/media\/59300"}],"wp:attachment":[{"href":"https:\/\/reginett.ee\/ru\/wp-json\/wp\/v2\/media?parent=59298"}],"wp:term":[{"taxonomy":"pwb-brand","embeddable":true,"href":"https:\/\/reginett.ee\/ru\/wp-json\/wp\/v2\/pwb-brand?post=59298"},{"taxonomy":"product_brand","embeddable":true,"href":"https:\/\/reginett.ee\/ru\/wp-json\/wp\/v2\/product_brand?post=59298"},{"taxonomy":"product_cat","embeddable":true,"href":"https:\/\/reginett.ee\/ru\/wp-json\/wp\/v2\/product_cat?post=59298"},{"taxonomy":"product_tag","embeddable":true,"href":"https:\/\/reginett.ee\/ru\/wp-json\/wp\/v2\/product_tag?post=59298"}],"curies":[{"name":"wp","href":"https:\/\/api.w.org\/{rel}","templated":true}]}}