{"id":59265,"date":"2023-03-10T13:38:00","date_gmt":"2023-03-10T10:38:00","guid":{"rendered":"https:\/\/reginett.ee\/?post_type=product&#038;p=59265"},"modified":"2023-05-28T08:22:46","modified_gmt":"2023-05-28T05:22:46","slug":"klaasipesuvedelik-euro-nano-18%e2%84%83-3l","status":"publish","type":"product","link":"https:\/\/reginett.ee\/ru\/toode\/klaasipesuvedelik-euro-nano-18%e2%84%83-3l\/","title":{"rendered":"Klaasipesuvedelik EURO Nano -18\u2103 3l"},"content":{"rendered":"<p>Uus<strong> nanotehnoloogial<\/strong> p\u00f5hinev v\u00e4ga efektiivne klaasipesuvedelik.<\/p>\n<p>Klaasipesuvedelik aitab parandada n\u00e4htavust vihma ja lume korral, moodustades klaasile vett ja mustust h\u00fclgava kihi. Vedeliku tagatud k\u00fclmakindlus on tagatud kuni -18 \u2103.<\/p>\n<p>Oluline on t\u00e4hele panna, et efekt tekib korduval kasutusel!<\/p>\n<p>&nbsp;<\/p>\n<p>&nbsp;<\/p>\n<p>&nbsp;<\/p>\n<p>&nbsp;<\/p>\n","protected":false},"excerpt":{"rendered":"<p>Uus<strong> nanotehnoloogial<\/strong> p\u00f5hinev v\u00e4ga efektiivne klaasipesuvedelik.<\/p>\n<p>Klaasipesuvedelik aitab parandada n\u00e4htavust vihma ja lume korral, moodustades klaasile vett ja mustust h\u00fclgava kihi.<\/p>\n","protected":false},"featured_media":59266,"comment_status":"open","ping_status":"closed","template":"","meta":{"_acf_changed":false,"_et_pb_use_builder":"","_et_pb_old_content":"","_et_gb_content_width":"","inline_featured_image":false},"pwb-brand":[],"product_brand":[],"product_cat":[480,478,134],"product_tag":[509,511,510],"class_list":{"0":"post-59265","1":"product","2":"type-product","3":"status-publish","4":"has-post-thumbnail","6":"product_cat-aiatoo","7":"product_cat-vaba-aeg","8":"product_cat-eripakkumised","9":"product_tag-klaasipesu","10":"product_tag-klaasipesuvedelik","11":"product_tag-nano","13":"first","14":"instock","15":"sale","16":"shipping-taxable","17":"purchasable","18":"product-type-simple"},"acf":[],"yoast_head":"<!-- This site is optimized with the Yoast SEO plugin v26.6 - https:\/\/yoast.com\/wordpress\/plugins\/seo\/ -->\n<title>Klaasipesuvedelik Euro Nano -18C 3l saadaval Reginetis<\/title>\n<meta name=\"description\" content=\"Uus nanotehnoloogial p\u00f5hinev klaasipesuvedelik.Klaasipesuvedelik aitab parandada n\u00e4htavust vihma ja lume korral, moodustades klaasile vett\" \/>\n<meta name=\"robots\" content=\"index, follow, max-snippet:-1, max-image-preview:large, max-video-preview:-1\" \/>\n<link rel=\"canonical\" href=\"https:\/\/reginett.ee\/toode\/klaasipesuvedelik-euro-nano-18\u2103-3l\/\" \/>\n<meta property=\"og:locale\" content=\"ru_RU\" \/>\n<meta property=\"og:type\" content=\"article\" \/>\n<meta property=\"og:title\" content=\"Klaasipesuvedelik Euro Nano -18C 3l saadaval Reginetis\" \/>\n<meta property=\"og:description\" content=\"Uus nanotehnoloogial p\u00f5hinev klaasipesuvedelik.Klaasipesuvedelik aitab parandada n\u00e4htavust vihma ja lume korral, moodustades klaasile vett\" \/>\n<meta property=\"og:url\" content=\"https:\/\/reginett.ee\/toode\/klaasipesuvedelik-euro-nano-18\u2103-3l\/\" \/>\n<meta property=\"og:site_name\" content=\"Reginett\" \/>\n<meta property=\"article:modified_time\" content=\"2023-05-28T05:22:46+00:00\" \/>\n<meta property=\"og:image\" content=\"https:\/\/reginett.ee\/wp-content\/uploads\/2023\/03\/Klaasipesu-scaled.jpg\" \/>\n\t<meta property=\"og:image:width\" content=\"1920\" \/>\n\t<meta property=\"og:image:height\" content=\"2560\" \/>\n\t<meta property=\"og:image:type\" content=\"image\/jpeg\" \/>\n<meta name=\"twitter:card\" content=\"summary_large_image\" \/>\n<meta name=\"twitter:label1\" content=\"\u041f\u0440\u0438\u043c\u0435\u0440\u043d\u043e\u0435 \u0432\u0440\u0435\u043c\u044f \u0434\u043b\u044f \u0447\u0442\u0435\u043d\u0438\u044f\" \/>\n\t<meta name=\"twitter:data1\" content=\"1 \u043c\u0438\u043d\u0443\u0442\u0430\" \/>\n<script type=\"application\/ld+json\" class=\"yoast-schema-graph\">{\"@context\":\"https:\/\/schema.org\",\"@graph\":[{\"@type\":\"WebPage\",\"@id\":\"https:\/\/reginett.ee\/toode\/klaasipesuvedelik-euro-nano-18%e2%84%83-3l\/\",\"url\":\"https:\/\/reginett.ee\/toode\/klaasipesuvedelik-euro-nano-18%e2%84%83-3l\/\",\"name\":\"Klaasipesuvedelik Euro Nano -18C 3l saadaval Reginetis\",\"isPartOf\":{\"@id\":\"https:\/\/reginett.ee\/#website\"},\"primaryImageOfPage\":{\"@id\":\"https:\/\/reginett.ee\/toode\/klaasipesuvedelik-euro-nano-18%e2%84%83-3l\/#primaryimage\"},\"image\":{\"@id\":\"https:\/\/reginett.ee\/toode\/klaasipesuvedelik-euro-nano-18%e2%84%83-3l\/#primaryimage\"},\"thumbnailUrl\":\"https:\/\/reginett.ee\/wp-content\/uploads\/2023\/03\/Klaasipesu-scaled.jpg\",\"datePublished\":\"2023-03-10T10:38:00+00:00\",\"dateModified\":\"2023-05-28T05:22:46+00:00\",\"description\":\"Uus nanotehnoloogial p\u00f5hinev klaasipesuvedelik.Klaasipesuvedelik aitab parandada n\u00e4htavust vihma ja lume korral, moodustades klaasile vett\",\"breadcrumb\":{\"@id\":\"https:\/\/reginett.ee\/toode\/klaasipesuvedelik-euro-nano-18%e2%84%83-3l\/#breadcrumb\"},\"inLanguage\":\"ru-RU\",\"potentialAction\":[{\"@type\":\"ReadAction\",\"target\":[\"https:\/\/reginett.ee\/toode\/klaasipesuvedelik-euro-nano-18%e2%84%83-3l\/\"]}]},{\"@type\":\"ImageObject\",\"inLanguage\":\"ru-RU\",\"@id\":\"https:\/\/reginett.ee\/toode\/klaasipesuvedelik-euro-nano-18%e2%84%83-3l\/#primaryimage\",\"url\":\"https:\/\/reginett.ee\/wp-content\/uploads\/2023\/03\/Klaasipesu-scaled.jpg\",\"contentUrl\":\"https:\/\/reginett.ee\/wp-content\/uploads\/2023\/03\/Klaasipesu-scaled.jpg\",\"width\":1920,\"height\":2560,\"caption\":\"Klaasepesu nano\"},{\"@type\":\"BreadcrumbList\",\"@id\":\"https:\/\/reginett.ee\/toode\/klaasipesuvedelik-euro-nano-18%e2%84%83-3l\/#breadcrumb\",\"itemListElement\":[{\"@type\":\"ListItem\",\"position\":1,\"name\":\"Home\",\"item\":\"https:\/\/reginett.ee\/ru\/\"},{\"@type\":\"ListItem\",\"position\":2,\"name\":\"Tooted\",\"item\":\"https:\/\/reginett.ee\/tooted\/\"},{\"@type\":\"ListItem\",\"position\":3,\"name\":\"Klaasipesuvedelik EURO Nano -18\u2103 3l\"}]},{\"@type\":\"WebSite\",\"@id\":\"https:\/\/reginett.ee\/#website\",\"url\":\"https:\/\/reginett.ee\/\",\"name\":\"Reginett\",\"description\":\"Parimad robotniidukid\",\"potentialAction\":[{\"@type\":\"SearchAction\",\"target\":{\"@type\":\"EntryPoint\",\"urlTemplate\":\"https:\/\/reginett.ee\/?s={search_term_string}\"},\"query-input\":{\"@type\":\"PropertyValueSpecification\",\"valueRequired\":true,\"valueName\":\"search_term_string\"}}],\"inLanguage\":\"ru-RU\"}]}<\/script>\n<!-- \/ Yoast SEO plugin. -->","yoast_head_json":{"title":"Klaasipesuvedelik Euro Nano -18C 3l saadaval Reginetis","description":"Uus nanotehnoloogial p\u00f5hinev klaasipesuvedelik.Klaasipesuvedelik aitab parandada n\u00e4htavust vihma ja lume korral, moodustades klaasile vett","robots":{"index":"index","follow":"follow","max-snippet":"max-snippet:-1","max-image-preview":"max-image-preview:large","max-video-preview":"max-video-preview:-1"},"canonical":"https:\/\/reginett.ee\/toode\/klaasipesuvedelik-euro-nano-18\u2103-3l\/","og_locale":"ru_RU","og_type":"article","og_title":"Klaasipesuvedelik Euro Nano -18C 3l saadaval Reginetis","og_description":"Uus nanotehnoloogial p\u00f5hinev klaasipesuvedelik.Klaasipesuvedelik aitab parandada n\u00e4htavust vihma ja lume korral, moodustades klaasile vett","og_url":"https:\/\/reginett.ee\/toode\/klaasipesuvedelik-euro-nano-18\u2103-3l\/","og_site_name":"Reginett","article_modified_time":"2023-05-28T05:22:46+00:00","og_image":[{"width":1920,"height":2560,"url":"https:\/\/reginett.ee\/wp-content\/uploads\/2023\/03\/Klaasipesu-scaled.jpg","type":"image\/jpeg"}],"twitter_card":"summary_large_image","twitter_misc":{"\u041f\u0440\u0438\u043c\u0435\u0440\u043d\u043e\u0435 \u0432\u0440\u0435\u043c\u044f \u0434\u043b\u044f \u0447\u0442\u0435\u043d\u0438\u044f":"1 \u043c\u0438\u043d\u0443\u0442\u0430"},"schema":{"@context":"https:\/\/schema.org","@graph":[{"@type":"WebPage","@id":"https:\/\/reginett.ee\/toode\/klaasipesuvedelik-euro-nano-18%e2%84%83-3l\/","url":"https:\/\/reginett.ee\/toode\/klaasipesuvedelik-euro-nano-18%e2%84%83-3l\/","name":"Klaasipesuvedelik Euro Nano -18C 3l saadaval Reginetis","isPartOf":{"@id":"https:\/\/reginett.ee\/#website"},"primaryImageOfPage":{"@id":"https:\/\/reginett.ee\/toode\/klaasipesuvedelik-euro-nano-18%e2%84%83-3l\/#primaryimage"},"image":{"@id":"https:\/\/reginett.ee\/toode\/klaasipesuvedelik-euro-nano-18%e2%84%83-3l\/#primaryimage"},"thumbnailUrl":"https:\/\/reginett.ee\/wp-content\/uploads\/2023\/03\/Klaasipesu-scaled.jpg","datePublished":"2023-03-10T10:38:00+00:00","dateModified":"2023-05-28T05:22:46+00:00","description":"Uus nanotehnoloogial p\u00f5hinev klaasipesuvedelik.Klaasipesuvedelik aitab parandada n\u00e4htavust vihma ja lume korral, moodustades klaasile vett","breadcrumb":{"@id":"https:\/\/reginett.ee\/toode\/klaasipesuvedelik-euro-nano-18%e2%84%83-3l\/#breadcrumb"},"inLanguage":"ru-RU","potentialAction":[{"@type":"ReadAction","target":["https:\/\/reginett.ee\/toode\/klaasipesuvedelik-euro-nano-18%e2%84%83-3l\/"]}]},{"@type":"ImageObject","inLanguage":"ru-RU","@id":"https:\/\/reginett.ee\/toode\/klaasipesuvedelik-euro-nano-18%e2%84%83-3l\/#primaryimage","url":"https:\/\/reginett.ee\/wp-content\/uploads\/2023\/03\/Klaasipesu-scaled.jpg","contentUrl":"https:\/\/reginett.ee\/wp-content\/uploads\/2023\/03\/Klaasipesu-scaled.jpg","width":1920,"height":2560,"caption":"Klaasepesu nano"},{"@type":"BreadcrumbList","@id":"https:\/\/reginett.ee\/toode\/klaasipesuvedelik-euro-nano-18%e2%84%83-3l\/#breadcrumb","itemListElement":[{"@type":"ListItem","position":1,"name":"Home","item":"https:\/\/reginett.ee\/ru\/"},{"@type":"ListItem","position":2,"name":"Tooted","item":"https:\/\/reginett.ee\/tooted\/"},{"@type":"ListItem","position":3,"name":"Klaasipesuvedelik EURO Nano -18\u2103 3l"}]},{"@type":"WebSite","@id":"https:\/\/reginett.ee\/#website","url":"https:\/\/reginett.ee\/","name":"Reginett","description":"Parimad robotniidukid","potentialAction":[{"@type":"SearchAction","target":{"@type":"EntryPoint","urlTemplate":"https:\/\/reginett.ee\/?s={search_term_string}"},"query-input":{"@type":"PropertyValueSpecification","valueRequired":true,"valueName":"search_term_string"}}],"inLanguage":"ru-RU"}]}},"brands":[],"_links":{"self":[{"href":"https:\/\/reginett.ee\/ru\/wp-json\/wp\/v2\/product\/59265","targetHints":{"allow":["GET"]}}],"collection":[{"href":"https:\/\/reginett.ee\/ru\/wp-json\/wp\/v2\/product"}],"about":[{"href":"https:\/\/reginett.ee\/ru\/wp-json\/wp\/v2\/types\/product"}],"replies":[{"embeddable":true,"href":"https:\/\/reginett.ee\/ru\/wp-json\/wp\/v2\/comments?post=59265"}],"wp:featuredmedia":[{"embeddable":true,"href":"https:\/\/reginett.ee\/ru\/wp-json\/wp\/v2\/media\/59266"}],"wp:attachment":[{"href":"https:\/\/reginett.ee\/ru\/wp-json\/wp\/v2\/media?parent=59265"}],"wp:term":[{"taxonomy":"pwb-brand","embeddable":true,"href":"https:\/\/reginett.ee\/ru\/wp-json\/wp\/v2\/pwb-brand?post=59265"},{"taxonomy":"product_brand","embeddable":true,"href":"https:\/\/reginett.ee\/ru\/wp-json\/wp\/v2\/product_brand?post=59265"},{"taxonomy":"product_cat","embeddable":true,"href":"https:\/\/reginett.ee\/ru\/wp-json\/wp\/v2\/product_cat?post=59265"},{"taxonomy":"product_tag","embeddable":true,"href":"https:\/\/reginett.ee\/ru\/wp-json\/wp\/v2\/product_tag?post=59265"}],"curies":[{"name":"wp","href":"https:\/\/api.w.org\/{rel}","templated":true}]}}