{"id":59254,"date":"2023-03-10T12:24:45","date_gmt":"2023-03-10T09:24:45","guid":{"rendered":"https:\/\/reginett.ee\/?post_type=product&#038;p=59254"},"modified":"2023-03-10T12:28:00","modified_gmt":"2023-03-10T09:28:00","slug":"suutegeel-biofire-500ml","status":"publish","type":"product","link":"https:\/\/reginett.ee\/ru\/toode\/suutegeel-biofire-500ml\/","title":{"rendered":"S\u00fc\u00fctegeel BIOFIRE 500ml"},"content":{"rendered":"<p><strong>S\u00fc\u00fctegeel Biofire<\/strong> on t\u00e4iesti uudne toode turul!<\/p>\n<p>Toode ei ole hooajap\u00f5hine, see sobib ideaalselt l\u00e4bi aasta kasutamiseks. K\u00f5ige turvalisem toode turul, mis baseetub puhtal bioetanoolil.<\/p>\n<p>Mugav pakend on tervisele kahjutu. Toode on tunnustatud ka Eesti Grilliliidu poolt. P\u00f5lemisel ei teki tuhka, suitsu ega ka h\u00e4irivaid l\u00f5hnu.<\/p>\n<p>S\u00fc\u00fctegeeli p\u00f5lemisprotsess on lausa 2x pikem v\u00f5rreldes alternatiivsete variantidega.<\/p>\n<p>S\u00fc\u00fctegeel Biofire sobib grillide, kaminate, ahjude ja l\u00f5kete s\u00fc\u00fctamiseks. Materjali kulub 7 korda v\u00e4hem, v\u00f5rreldes s\u00fc\u00fctevedelikega. T\u00e4nu efektiivsusele ja v\u00e4iksemale materjalikulule on s\u00fc\u00fctamiste arv 7 korda suurem.<\/p>\n<p>Miks kasutada Biofire s\u00fc\u00fctegeeli?<\/p>\n<p>* P\u00f5lemisel ei teki tuhka, suitsu ja h\u00e4irivaid l\u00f5hnu.<br \/>\n* \u00c4\u00e4rmiselt lihtne ning ohutu s\u00fc\u00fcdata.<br \/>\n* Baseerub puhtalt bioetanoolil<br \/>\n* Grills\u00fcsi t\u00f6\u00f6tab 20% kauem, kui kasutada s\u00fc\u00fctamiseks geeli.<br \/>\n* Geel ei j\u00e4ta toidule k\u00f5rvalmaitseid.<br \/>\n* V\u00f5rreldes s\u00fc\u00fctevedelikega on p\u00f5lemisprotsess 2x pikem.<br \/>\n* V\u00f5rreldes s\u00fc\u00fctevedelikega kulub 7x v\u00e4hem materjali.<br \/>\n* T\u00e4nu efektiivsusele ja v\u00e4iksemale materjalikulule on s\u00fc\u00fctamiste arv 7x suurem.<\/p>\n","protected":false},"excerpt":{"rendered":"<p><strong>S\u00fc\u00fctegeel Biofire<\/strong> on t\u00e4iesti uudne toode turul!<\/p>\n<p>Toode ei ole hooajap\u00f5hine, see sobib ideaalselt l\u00e4bi aasta kasutamiseks. K\u00f5ige turvalisem toode turul, mis baseetub puhtal bioetanoolil.<\/p>\n","protected":false},"featured_media":59261,"comment_status":"open","ping_status":"closed","template":"","meta":{"_acf_changed":false,"_et_pb_use_builder":"","_et_pb_old_content":"","_et_gb_content_width":"","inline_featured_image":false},"pwb-brand":[],"product_brand":[],"product_cat":[480,478,134],"product_tag":[507,506,508],"class_list":{"0":"post-59254","1":"product","2":"type-product","3":"status-publish","4":"has-post-thumbnail","6":"product_cat-aiatoo","7":"product_cat-vaba-aeg","8":"product_cat-eripakkumised","9":"product_tag-biofire","10":"product_tag-suutegeel","11":"product_tag-suutegeel-biofire","13":"first","14":"instock","15":"sale","16":"shipping-taxable","17":"purchasable","18":"product-type-simple"},"acf":[],"yoast_head":"<!-- This site is optimized with the Yoast SEO plugin v26.6 - https:\/\/yoast.com\/wordpress\/plugins\/seo\/ -->\n<title>S\u00fc\u00fctegeel Biofire 500ml Regineti esinduses ja e-poes<\/title>\n<meta name=\"description\" content=\"S\u00fc\u00fctegeel Biofire on t\u00e4iesti uudne toode turul!Toode ei ole hooajap\u00f5hine, see sobib ideaalselt l\u00e4bi aasta kasutamiseks. K\u00f5ige turvalisem toode\" \/>\n<meta name=\"robots\" content=\"index, follow, max-snippet:-1, max-image-preview:large, max-video-preview:-1\" \/>\n<link rel=\"canonical\" href=\"https:\/\/reginett.ee\/toode\/suutegeel-biofire-500ml\/\" \/>\n<meta property=\"og:locale\" content=\"ru_RU\" \/>\n<meta property=\"og:type\" content=\"article\" \/>\n<meta property=\"og:title\" content=\"S\u00fc\u00fctegeel Biofire 500ml Regineti esinduses ja e-poes\" \/>\n<meta property=\"og:description\" content=\"S\u00fc\u00fctegeel Biofire on t\u00e4iesti uudne toode turul!Toode ei ole hooajap\u00f5hine, see sobib ideaalselt l\u00e4bi aasta kasutamiseks. K\u00f5ige turvalisem toode\" \/>\n<meta property=\"og:url\" content=\"https:\/\/reginett.ee\/toode\/suutegeel-biofire-500ml\/\" \/>\n<meta property=\"og:site_name\" content=\"Reginett\" \/>\n<meta property=\"article:modified_time\" content=\"2023-03-10T09:28:00+00:00\" \/>\n<meta property=\"og:image\" content=\"https:\/\/reginett.ee\/wp-content\/uploads\/2023\/03\/Suutegeel-Biofire-Reginett-.jpg\" \/>\n\t<meta property=\"og:image:width\" content=\"680\" \/>\n\t<meta property=\"og:image:height\" content=\"372\" \/>\n\t<meta property=\"og:image:type\" content=\"image\/jpeg\" \/>\n<meta name=\"twitter:card\" content=\"summary_large_image\" \/>\n<meta name=\"twitter:label1\" content=\"\u041f\u0440\u0438\u043c\u0435\u0440\u043d\u043e\u0435 \u0432\u0440\u0435\u043c\u044f \u0434\u043b\u044f \u0447\u0442\u0435\u043d\u0438\u044f\" \/>\n\t<meta name=\"twitter:data1\" content=\"1 \u043c\u0438\u043d\u0443\u0442\u0430\" \/>\n<script type=\"application\/ld+json\" class=\"yoast-schema-graph\">{\"@context\":\"https:\/\/schema.org\",\"@graph\":[{\"@type\":\"WebPage\",\"@id\":\"https:\/\/reginett.ee\/toode\/suutegeel-biofire-500ml\/\",\"url\":\"https:\/\/reginett.ee\/toode\/suutegeel-biofire-500ml\/\",\"name\":\"S\u00fc\u00fctegeel Biofire 500ml Regineti esinduses ja e-poes\",\"isPartOf\":{\"@id\":\"https:\/\/reginett.ee\/#website\"},\"primaryImageOfPage\":{\"@id\":\"https:\/\/reginett.ee\/toode\/suutegeel-biofire-500ml\/#primaryimage\"},\"image\":{\"@id\":\"https:\/\/reginett.ee\/toode\/suutegeel-biofire-500ml\/#primaryimage\"},\"thumbnailUrl\":\"https:\/\/reginett.ee\/wp-content\/uploads\/2023\/03\/Suutegeel-Biofire-Reginett-.jpg\",\"datePublished\":\"2023-03-10T09:24:45+00:00\",\"dateModified\":\"2023-03-10T09:28:00+00:00\",\"description\":\"S\u00fc\u00fctegeel Biofire on t\u00e4iesti uudne toode turul!Toode ei ole hooajap\u00f5hine, see sobib ideaalselt l\u00e4bi aasta kasutamiseks. K\u00f5ige turvalisem toode\",\"breadcrumb\":{\"@id\":\"https:\/\/reginett.ee\/toode\/suutegeel-biofire-500ml\/#breadcrumb\"},\"inLanguage\":\"ru-RU\",\"potentialAction\":[{\"@type\":\"ReadAction\",\"target\":[\"https:\/\/reginett.ee\/toode\/suutegeel-biofire-500ml\/\"]}]},{\"@type\":\"ImageObject\",\"inLanguage\":\"ru-RU\",\"@id\":\"https:\/\/reginett.ee\/toode\/suutegeel-biofire-500ml\/#primaryimage\",\"url\":\"https:\/\/reginett.ee\/wp-content\/uploads\/2023\/03\/Suutegeel-Biofire-Reginett-.jpg\",\"contentUrl\":\"https:\/\/reginett.ee\/wp-content\/uploads\/2023\/03\/Suutegeel-Biofire-Reginett-.jpg\",\"width\":680,\"height\":372,\"caption\":\"S\u00fc\u00fctegeel Biofire\"},{\"@type\":\"BreadcrumbList\",\"@id\":\"https:\/\/reginett.ee\/toode\/suutegeel-biofire-500ml\/#breadcrumb\",\"itemListElement\":[{\"@type\":\"ListItem\",\"position\":1,\"name\":\"Home\",\"item\":\"https:\/\/reginett.ee\/ru\/\"},{\"@type\":\"ListItem\",\"position\":2,\"name\":\"Tooted\",\"item\":\"https:\/\/reginett.ee\/tooted\/\"},{\"@type\":\"ListItem\",\"position\":3,\"name\":\"S\u00fc\u00fctegeel BIOFIRE 500ml\"}]},{\"@type\":\"WebSite\",\"@id\":\"https:\/\/reginett.ee\/#website\",\"url\":\"https:\/\/reginett.ee\/\",\"name\":\"Reginett\",\"description\":\"Parimad robotniidukid\",\"potentialAction\":[{\"@type\":\"SearchAction\",\"target\":{\"@type\":\"EntryPoint\",\"urlTemplate\":\"https:\/\/reginett.ee\/?s={search_term_string}\"},\"query-input\":{\"@type\":\"PropertyValueSpecification\",\"valueRequired\":true,\"valueName\":\"search_term_string\"}}],\"inLanguage\":\"ru-RU\"}]}<\/script>\n<!-- \/ Yoast SEO plugin. -->","yoast_head_json":{"title":"S\u00fc\u00fctegeel Biofire 500ml Regineti esinduses ja e-poes","description":"S\u00fc\u00fctegeel Biofire on t\u00e4iesti uudne toode turul!Toode ei ole hooajap\u00f5hine, see sobib ideaalselt l\u00e4bi aasta kasutamiseks. K\u00f5ige turvalisem toode","robots":{"index":"index","follow":"follow","max-snippet":"max-snippet:-1","max-image-preview":"max-image-preview:large","max-video-preview":"max-video-preview:-1"},"canonical":"https:\/\/reginett.ee\/toode\/suutegeel-biofire-500ml\/","og_locale":"ru_RU","og_type":"article","og_title":"S\u00fc\u00fctegeel Biofire 500ml Regineti esinduses ja e-poes","og_description":"S\u00fc\u00fctegeel Biofire on t\u00e4iesti uudne toode turul!Toode ei ole hooajap\u00f5hine, see sobib ideaalselt l\u00e4bi aasta kasutamiseks. K\u00f5ige turvalisem toode","og_url":"https:\/\/reginett.ee\/toode\/suutegeel-biofire-500ml\/","og_site_name":"Reginett","article_modified_time":"2023-03-10T09:28:00+00:00","og_image":[{"width":680,"height":372,"url":"https:\/\/reginett.ee\/wp-content\/uploads\/2023\/03\/Suutegeel-Biofire-Reginett-.jpg","type":"image\/jpeg"}],"twitter_card":"summary_large_image","twitter_misc":{"\u041f\u0440\u0438\u043c\u0435\u0440\u043d\u043e\u0435 \u0432\u0440\u0435\u043c\u044f \u0434\u043b\u044f \u0447\u0442\u0435\u043d\u0438\u044f":"1 \u043c\u0438\u043d\u0443\u0442\u0430"},"schema":{"@context":"https:\/\/schema.org","@graph":[{"@type":"WebPage","@id":"https:\/\/reginett.ee\/toode\/suutegeel-biofire-500ml\/","url":"https:\/\/reginett.ee\/toode\/suutegeel-biofire-500ml\/","name":"S\u00fc\u00fctegeel Biofire 500ml Regineti esinduses ja e-poes","isPartOf":{"@id":"https:\/\/reginett.ee\/#website"},"primaryImageOfPage":{"@id":"https:\/\/reginett.ee\/toode\/suutegeel-biofire-500ml\/#primaryimage"},"image":{"@id":"https:\/\/reginett.ee\/toode\/suutegeel-biofire-500ml\/#primaryimage"},"thumbnailUrl":"https:\/\/reginett.ee\/wp-content\/uploads\/2023\/03\/Suutegeel-Biofire-Reginett-.jpg","datePublished":"2023-03-10T09:24:45+00:00","dateModified":"2023-03-10T09:28:00+00:00","description":"S\u00fc\u00fctegeel Biofire on t\u00e4iesti uudne toode turul!Toode ei ole hooajap\u00f5hine, see sobib ideaalselt l\u00e4bi aasta kasutamiseks. K\u00f5ige turvalisem toode","breadcrumb":{"@id":"https:\/\/reginett.ee\/toode\/suutegeel-biofire-500ml\/#breadcrumb"},"inLanguage":"ru-RU","potentialAction":[{"@type":"ReadAction","target":["https:\/\/reginett.ee\/toode\/suutegeel-biofire-500ml\/"]}]},{"@type":"ImageObject","inLanguage":"ru-RU","@id":"https:\/\/reginett.ee\/toode\/suutegeel-biofire-500ml\/#primaryimage","url":"https:\/\/reginett.ee\/wp-content\/uploads\/2023\/03\/Suutegeel-Biofire-Reginett-.jpg","contentUrl":"https:\/\/reginett.ee\/wp-content\/uploads\/2023\/03\/Suutegeel-Biofire-Reginett-.jpg","width":680,"height":372,"caption":"S\u00fc\u00fctegeel Biofire"},{"@type":"BreadcrumbList","@id":"https:\/\/reginett.ee\/toode\/suutegeel-biofire-500ml\/#breadcrumb","itemListElement":[{"@type":"ListItem","position":1,"name":"Home","item":"https:\/\/reginett.ee\/ru\/"},{"@type":"ListItem","position":2,"name":"Tooted","item":"https:\/\/reginett.ee\/tooted\/"},{"@type":"ListItem","position":3,"name":"S\u00fc\u00fctegeel BIOFIRE 500ml"}]},{"@type":"WebSite","@id":"https:\/\/reginett.ee\/#website","url":"https:\/\/reginett.ee\/","name":"Reginett","description":"Parimad robotniidukid","potentialAction":[{"@type":"SearchAction","target":{"@type":"EntryPoint","urlTemplate":"https:\/\/reginett.ee\/?s={search_term_string}"},"query-input":{"@type":"PropertyValueSpecification","valueRequired":true,"valueName":"search_term_string"}}],"inLanguage":"ru-RU"}]}},"brands":[],"_links":{"self":[{"href":"https:\/\/reginett.ee\/ru\/wp-json\/wp\/v2\/product\/59254","targetHints":{"allow":["GET"]}}],"collection":[{"href":"https:\/\/reginett.ee\/ru\/wp-json\/wp\/v2\/product"}],"about":[{"href":"https:\/\/reginett.ee\/ru\/wp-json\/wp\/v2\/types\/product"}],"replies":[{"embeddable":true,"href":"https:\/\/reginett.ee\/ru\/wp-json\/wp\/v2\/comments?post=59254"}],"wp:featuredmedia":[{"embeddable":true,"href":"https:\/\/reginett.ee\/ru\/wp-json\/wp\/v2\/media\/59261"}],"wp:attachment":[{"href":"https:\/\/reginett.ee\/ru\/wp-json\/wp\/v2\/media?parent=59254"}],"wp:term":[{"taxonomy":"pwb-brand","embeddable":true,"href":"https:\/\/reginett.ee\/ru\/wp-json\/wp\/v2\/pwb-brand?post=59254"},{"taxonomy":"product_brand","embeddable":true,"href":"https:\/\/reginett.ee\/ru\/wp-json\/wp\/v2\/product_brand?post=59254"},{"taxonomy":"product_cat","embeddable":true,"href":"https:\/\/reginett.ee\/ru\/wp-json\/wp\/v2\/product_cat?post=59254"},{"taxonomy":"product_tag","embeddable":true,"href":"https:\/\/reginett.ee\/ru\/wp-json\/wp\/v2\/product_tag?post=59254"}],"curies":[{"name":"wp","href":"https:\/\/api.w.org\/{rel}","templated":true}]}}