{"id":59167,"date":"2023-03-30T22:54:03","date_gmt":"2023-03-30T19:54:03","guid":{"rendered":"https:\/\/reginett.ee\/?post_type=product&#038;p=59167"},"modified":"2026-01-08T12:26:28","modified_gmt":"2026-01-08T09:26:28","slug":"aku-rohuloikur-husqvarna-535irxt","status":"publish","type":"product","link":"https:\/\/reginett.ee\/ru\/toode\/aku-rohuloikur-husqvarna-535irxt\/","title":{"rendered":"Aku rohul\u00f5ikur Husqvarna 535IRXT"},"content":{"rendered":"<p>Husqvarna 535iRXT on professionaalseks kasutamiseks m\u00f5eldud akurohul\u00f5ikur. T\u00f6\u00f6j\u00f5udlus on v\u00f5rreldav 35 cm2 bensiinimootori j\u00f5udlusega.<\/p>\n<p>Kerge kaal ning hea tasakaalustatus teevad rohul\u00f5ikuri kasutamise mugavaks. Kaepide on vibratsioonisummutsega ning valmistatud magneesiumist.<\/p>\n<p>T\u00f6\u00f6laius 45 cm. Integreeritud \u00fchenduvus v\u00f5imaldab toote siduda Husqvarna Fleet Services\u2122 rakendusega, l\u00e4bi mille on v\u00f5imalik saada \u00fclevaade masina kasutamisest, asukohast jne.<\/p>\n<p>Komplektis ErgoFeed\u2122 trimmipea ja rohutera.<\/p>\n<h3 class=\"hui-spacing--sm-mt-4-times-6 WLwtnNxco1C4cPugKSaO0g==\"><strong>Suur t\u00f6\u00f6j\u00f5udlus<\/strong><\/h3>\n<p class=\"hui-spacing--sm-mt-4-times-4 K2PbruRyOKhyQZiENIYSog==\">Unikaalne Husqvarna poolt va\u00e4lja t\u00f6\u00f6tatud mootor ning suur l\u00f5ikelaius.<\/p>\n<h3 class=\"hui-spacing--sm-mt-4-times-6 WLwtnNxco1C4cPugKSaO0g==\"><strong>Sisseehitatud \u00fchenduvus<\/strong><\/h3>\n<p class=\"hui-spacing--sm-mt-4-times-4 K2PbruRyOKhyQZiENIYSog==\">Siseehitatud \u00fchenduvus v\u00f5imaldab masinat \u00fchendada Husqvarna Fleet Services\u2122 rakendusega, l\u00e4bi mille on v\u00f5imalik teada saada t\u00f6\u00f6riista viimane asukoht, vaadata kasutuse statistikat, hoolduse ajalugu ja palju muud.<\/p>\n<h3 class=\"hui-spacing--sm-mt-4-times-6 WLwtnNxco1C4cPugKSaO0g==\"><strong>ErgoFeed\u2122 trimmipea<\/strong><\/h3>\n<p class=\"hui-spacing--sm-mt-4-times-4 K2PbruRyOKhyQZiENIYSog==\">ErgoFeed\u2122 trimmipea v\u00f5imaldab trimmij\u00f5hvi ette anda lihtsa nupulevajutusega k\u00e4epidemel. Funktsioon v\u00e4hendab trimmij\u00f5hvi kulu. Minimaalselt v\u00e4he liikuvaid osasid tagab pikema trimmipea eluea.<\/p>\n<h3 class=\"hui-spacing--sm-mt-4-times-6 WLwtnNxco1C4cPugKSaO0g==\"><strong>Muudetav t\u00f6\u00f6kiirus<\/strong><\/h3>\n<p class=\"hui-spacing--sm-mt-4-times-4 K2PbruRyOKhyQZiENIYSog==\">Trimmipea p\u00f6\u00f6rlemiskiirust on vastavalt oludele v\u00f5imalik muuta<\/p>\n<h3 class=\"hui-spacing--sm-mt-4-times-6 WLwtnNxco1C4cPugKSaO0g==\"><strong>Intuitiivne s\u00f5rmistik<\/strong><\/h3>\n<p class=\"hui-spacing--sm-mt-4-times-4 K2PbruRyOKhyQZiENIYSog==\">Lihtne ja mugav s\u00f5rmistik koos LED akuindikaatoriga.<\/p>\n<h3 class=\"hui-spacing--sm-mt-4-times-6 WLwtnNxco1C4cPugKSaO0g==\"><strong>Ilmastikukindel<\/strong><\/h3>\n<p class=\"hui-spacing--sm-mt-4-times-4 K2PbruRyOKhyQZiENIYSog==\">T\u00e4nu IPX4 klassifikatsioonile on masinat v\u00f5imalik kasutada aastaringselt, iga ilmaga.<\/p>\n<h3 class=\"hui-spacing--sm-mt-4-times-6 WLwtnNxco1C4cPugKSaO0g==\"><strong>Kerge ja hea tasakaalustatus<\/strong><\/h3>\n<p class=\"hui-spacing--sm-mt-4-times-4 K2PbruRyOKhyQZiENIYSog==\">Meie masinad on kompaktsed, kerged ja h\u00e4sti tasakaalustatud, mis teevad t\u00f6\u00f6tamise mugavaks igas situatsioonis.<\/p>\n<h3 class=\"hui-spacing--sm-mt-4-times-6 WLwtnNxco1C4cPugKSaO0g==\"><strong>E-TORQ mootor<\/strong><\/h3>\n<p class=\"hui-spacing--sm-mt-4-times-4 K2PbruRyOKhyQZiENIYSog==\">Husqvarna poolt arendatud harjavaba E-TORQ on hooldusvaba ning pika elueaga.<\/p>\n<h3 class=\"hui-spacing--sm-mt-4-times-6 WLwtnNxco1C4cPugKSaO0g==\"><strong>Optimaalse pikkusega v\u00f5ll &amp; reduktor<\/strong><\/h3>\n<p class=\"hui-spacing--sm-mt-4-times-4 K2PbruRyOKhyQZiENIYSog==\">Optimaalne v\u00f5lli pikkus ja 35 kraadine reduktori nurk v\u00f5imaldavad teha l\u00f5ikeid paralleelselt maapinnaga.<\/p>\n<p>&nbsp;<\/p>\n","protected":false},"excerpt":{"rendered":"<p>Husqvarna 535iRXT on professionaalseks kasutamiseks m\u00f5eldud akurohul\u00f5ikur. T\u00f6\u00f6j\u00f5udlus on v\u00f5rreldav 35 cm2 bensiinimootori j\u00f5udlusega.<\/p>\n<p>Kerge kaal ning hea tasakaalustatus teevad rohul\u00f5ikuri kasutamise mugavaks. Kaepide on vibratsioonisummutsega ning valmistatud magneesiumist.<\/p>\n","protected":false},"featured_media":59168,"comment_status":"open","ping_status":"closed","template":"","meta":{"_acf_changed":false,"_et_pb_use_builder":"","_et_pb_old_content":"","_et_gb_content_width":"","inline_featured_image":false},"pwb-brand":[147],"product_brand":[],"product_cat":[48,37,54],"product_tag":[],"class_list":{"0":"post-59167","1":"product","2":"type-product","3":"status-publish","4":"has-post-thumbnail","6":"pwb-brand-husqvarna","7":"product_cat-akutooted","8":"product_cat-husqvarna","9":"product_cat-trimmerid-ja-vosaloikurid","10":"product_shipping_class-soodsam-kuller-15-eur","12":"first","13":"instock","14":"shipping-taxable","15":"purchasable","16":"product-type-simple"},"acf":[],"yoast_head":"<!-- This site is optimized with the Yoast SEO plugin v26.6 - https:\/\/yoast.com\/wordpress\/plugins\/seo\/ -->\n<title>Aku rohul\u00f5ikur Husqvarna 535IRXT. Parimad Husqvarna akutooted<\/title>\n<meta name=\"description\" content=\"Husqvarna 535iRXT on professionaalseks kasutamiseks m\u00f5eldud akurohul\u00f5ikur. T\u00f6\u00f6j\u00f5udlus on v\u00f5rreldav 35 cm2 bensiinimootori j\u00f5udlusega.\" \/>\n<meta name=\"robots\" content=\"index, follow, max-snippet:-1, max-image-preview:large, max-video-preview:-1\" \/>\n<link rel=\"canonical\" href=\"https:\/\/reginett.ee\/toode\/aku-rohuloikur-husqvarna-535irxt\/\" \/>\n<meta property=\"og:locale\" content=\"ru_RU\" \/>\n<meta property=\"og:type\" content=\"article\" \/>\n<meta property=\"og:title\" content=\"Aku rohul\u00f5ikur Husqvarna 535IRXT. Parimad Husqvarna akutooted\" \/>\n<meta property=\"og:description\" content=\"Husqvarna 535iRXT on professionaalseks kasutamiseks m\u00f5eldud akurohul\u00f5ikur. T\u00f6\u00f6j\u00f5udlus on v\u00f5rreldav 35 cm2 bensiinimootori j\u00f5udlusega.\" \/>\n<meta property=\"og:url\" content=\"https:\/\/reginett.ee\/toode\/aku-rohuloikur-husqvarna-535irxt\/\" \/>\n<meta property=\"og:site_name\" content=\"Reginett\" \/>\n<meta property=\"article:modified_time\" content=\"2026-01-08T09:26:28+00:00\" \/>\n<meta property=\"og:image\" content=\"https:\/\/reginett.ee\/wp-content\/uploads\/2023\/02\/Aku-rohuloikur-Husqvarna-535IFR.jpg\" \/>\n\t<meta property=\"og:image:width\" content=\"680\" \/>\n\t<meta property=\"og:image:height\" content=\"372\" \/>\n\t<meta property=\"og:image:type\" content=\"image\/jpeg\" \/>\n<meta name=\"twitter:card\" content=\"summary_large_image\" \/>\n<meta name=\"twitter:label1\" content=\"\u041f\u0440\u0438\u043c\u0435\u0440\u043d\u043e\u0435 \u0432\u0440\u0435\u043c\u044f \u0434\u043b\u044f \u0447\u0442\u0435\u043d\u0438\u044f\" \/>\n\t<meta name=\"twitter:data1\" content=\"2 \u043c\u0438\u043d\u0443\u0442\u044b\" \/>\n<script type=\"application\/ld+json\" class=\"yoast-schema-graph\">{\"@context\":\"https:\/\/schema.org\",\"@graph\":[{\"@type\":\"WebPage\",\"@id\":\"https:\/\/reginett.ee\/toode\/aku-rohuloikur-husqvarna-535irxt\/\",\"url\":\"https:\/\/reginett.ee\/toode\/aku-rohuloikur-husqvarna-535irxt\/\",\"name\":\"Aku rohul\u00f5ikur Husqvarna 535IRXT. Parimad Husqvarna akutooted\",\"isPartOf\":{\"@id\":\"https:\/\/reginett.ee\/#website\"},\"primaryImageOfPage\":{\"@id\":\"https:\/\/reginett.ee\/toode\/aku-rohuloikur-husqvarna-535irxt\/#primaryimage\"},\"image\":{\"@id\":\"https:\/\/reginett.ee\/toode\/aku-rohuloikur-husqvarna-535irxt\/#primaryimage\"},\"thumbnailUrl\":\"https:\/\/reginett.ee\/wp-content\/uploads\/2023\/02\/Aku-rohuloikur-Husqvarna-535IFR.jpg\",\"datePublished\":\"2023-03-30T19:54:03+00:00\",\"dateModified\":\"2026-01-08T09:26:28+00:00\",\"description\":\"Husqvarna 535iRXT on professionaalseks kasutamiseks m\u00f5eldud akurohul\u00f5ikur. T\u00f6\u00f6j\u00f5udlus on v\u00f5rreldav 35 cm2 bensiinimootori j\u00f5udlusega.\",\"breadcrumb\":{\"@id\":\"https:\/\/reginett.ee\/toode\/aku-rohuloikur-husqvarna-535irxt\/#breadcrumb\"},\"inLanguage\":\"ru-RU\",\"potentialAction\":[{\"@type\":\"ReadAction\",\"target\":[\"https:\/\/reginett.ee\/toode\/aku-rohuloikur-husqvarna-535irxt\/\"]}]},{\"@type\":\"ImageObject\",\"inLanguage\":\"ru-RU\",\"@id\":\"https:\/\/reginett.ee\/toode\/aku-rohuloikur-husqvarna-535irxt\/#primaryimage\",\"url\":\"https:\/\/reginett.ee\/wp-content\/uploads\/2023\/02\/Aku-rohuloikur-Husqvarna-535IFR.jpg\",\"contentUrl\":\"https:\/\/reginett.ee\/wp-content\/uploads\/2023\/02\/Aku-rohuloikur-Husqvarna-535IFR.jpg\",\"width\":680,\"height\":372},{\"@type\":\"BreadcrumbList\",\"@id\":\"https:\/\/reginett.ee\/toode\/aku-rohuloikur-husqvarna-535irxt\/#breadcrumb\",\"itemListElement\":[{\"@type\":\"ListItem\",\"position\":1,\"name\":\"Home\",\"item\":\"https:\/\/reginett.ee\/ru\/\"},{\"@type\":\"ListItem\",\"position\":2,\"name\":\"Tooted\",\"item\":\"https:\/\/reginett.ee\/tooted\/\"},{\"@type\":\"ListItem\",\"position\":3,\"name\":\"Aku rohul\u00f5ikur Husqvarna 535IRXT\"}]},{\"@type\":\"WebSite\",\"@id\":\"https:\/\/reginett.ee\/#website\",\"url\":\"https:\/\/reginett.ee\/\",\"name\":\"Reginett\",\"description\":\"Parimad robotniidukid\",\"potentialAction\":[{\"@type\":\"SearchAction\",\"target\":{\"@type\":\"EntryPoint\",\"urlTemplate\":\"https:\/\/reginett.ee\/?s={search_term_string}\"},\"query-input\":{\"@type\":\"PropertyValueSpecification\",\"valueRequired\":true,\"valueName\":\"search_term_string\"}}],\"inLanguage\":\"ru-RU\"}]}<\/script>\n<!-- \/ Yoast SEO plugin. -->","yoast_head_json":{"title":"Aku rohul\u00f5ikur Husqvarna 535IRXT. Parimad Husqvarna akutooted","description":"Husqvarna 535iRXT on professionaalseks kasutamiseks m\u00f5eldud akurohul\u00f5ikur. T\u00f6\u00f6j\u00f5udlus on v\u00f5rreldav 35 cm2 bensiinimootori j\u00f5udlusega.","robots":{"index":"index","follow":"follow","max-snippet":"max-snippet:-1","max-image-preview":"max-image-preview:large","max-video-preview":"max-video-preview:-1"},"canonical":"https:\/\/reginett.ee\/toode\/aku-rohuloikur-husqvarna-535irxt\/","og_locale":"ru_RU","og_type":"article","og_title":"Aku rohul\u00f5ikur Husqvarna 535IRXT. Parimad Husqvarna akutooted","og_description":"Husqvarna 535iRXT on professionaalseks kasutamiseks m\u00f5eldud akurohul\u00f5ikur. T\u00f6\u00f6j\u00f5udlus on v\u00f5rreldav 35 cm2 bensiinimootori j\u00f5udlusega.","og_url":"https:\/\/reginett.ee\/toode\/aku-rohuloikur-husqvarna-535irxt\/","og_site_name":"Reginett","article_modified_time":"2026-01-08T09:26:28+00:00","og_image":[{"width":680,"height":372,"url":"https:\/\/reginett.ee\/wp-content\/uploads\/2023\/02\/Aku-rohuloikur-Husqvarna-535IFR.jpg","type":"image\/jpeg"}],"twitter_card":"summary_large_image","twitter_misc":{"\u041f\u0440\u0438\u043c\u0435\u0440\u043d\u043e\u0435 \u0432\u0440\u0435\u043c\u044f \u0434\u043b\u044f \u0447\u0442\u0435\u043d\u0438\u044f":"2 \u043c\u0438\u043d\u0443\u0442\u044b"},"schema":{"@context":"https:\/\/schema.org","@graph":[{"@type":"WebPage","@id":"https:\/\/reginett.ee\/toode\/aku-rohuloikur-husqvarna-535irxt\/","url":"https:\/\/reginett.ee\/toode\/aku-rohuloikur-husqvarna-535irxt\/","name":"Aku rohul\u00f5ikur Husqvarna 535IRXT. Parimad Husqvarna akutooted","isPartOf":{"@id":"https:\/\/reginett.ee\/#website"},"primaryImageOfPage":{"@id":"https:\/\/reginett.ee\/toode\/aku-rohuloikur-husqvarna-535irxt\/#primaryimage"},"image":{"@id":"https:\/\/reginett.ee\/toode\/aku-rohuloikur-husqvarna-535irxt\/#primaryimage"},"thumbnailUrl":"https:\/\/reginett.ee\/wp-content\/uploads\/2023\/02\/Aku-rohuloikur-Husqvarna-535IFR.jpg","datePublished":"2023-03-30T19:54:03+00:00","dateModified":"2026-01-08T09:26:28+00:00","description":"Husqvarna 535iRXT on professionaalseks kasutamiseks m\u00f5eldud akurohul\u00f5ikur. T\u00f6\u00f6j\u00f5udlus on v\u00f5rreldav 35 cm2 bensiinimootori j\u00f5udlusega.","breadcrumb":{"@id":"https:\/\/reginett.ee\/toode\/aku-rohuloikur-husqvarna-535irxt\/#breadcrumb"},"inLanguage":"ru-RU","potentialAction":[{"@type":"ReadAction","target":["https:\/\/reginett.ee\/toode\/aku-rohuloikur-husqvarna-535irxt\/"]}]},{"@type":"ImageObject","inLanguage":"ru-RU","@id":"https:\/\/reginett.ee\/toode\/aku-rohuloikur-husqvarna-535irxt\/#primaryimage","url":"https:\/\/reginett.ee\/wp-content\/uploads\/2023\/02\/Aku-rohuloikur-Husqvarna-535IFR.jpg","contentUrl":"https:\/\/reginett.ee\/wp-content\/uploads\/2023\/02\/Aku-rohuloikur-Husqvarna-535IFR.jpg","width":680,"height":372},{"@type":"BreadcrumbList","@id":"https:\/\/reginett.ee\/toode\/aku-rohuloikur-husqvarna-535irxt\/#breadcrumb","itemListElement":[{"@type":"ListItem","position":1,"name":"Home","item":"https:\/\/reginett.ee\/ru\/"},{"@type":"ListItem","position":2,"name":"Tooted","item":"https:\/\/reginett.ee\/tooted\/"},{"@type":"ListItem","position":3,"name":"Aku rohul\u00f5ikur Husqvarna 535IRXT"}]},{"@type":"WebSite","@id":"https:\/\/reginett.ee\/#website","url":"https:\/\/reginett.ee\/","name":"Reginett","description":"Parimad robotniidukid","potentialAction":[{"@type":"SearchAction","target":{"@type":"EntryPoint","urlTemplate":"https:\/\/reginett.ee\/?s={search_term_string}"},"query-input":{"@type":"PropertyValueSpecification","valueRequired":true,"valueName":"search_term_string"}}],"inLanguage":"ru-RU"}]}},"brands":[{"id":147,"name":"Husqvarna","slug":"husqvarna"}],"_links":{"self":[{"href":"https:\/\/reginett.ee\/ru\/wp-json\/wp\/v2\/product\/59167","targetHints":{"allow":["GET"]}}],"collection":[{"href":"https:\/\/reginett.ee\/ru\/wp-json\/wp\/v2\/product"}],"about":[{"href":"https:\/\/reginett.ee\/ru\/wp-json\/wp\/v2\/types\/product"}],"replies":[{"embeddable":true,"href":"https:\/\/reginett.ee\/ru\/wp-json\/wp\/v2\/comments?post=59167"}],"wp:featuredmedia":[{"embeddable":true,"href":"https:\/\/reginett.ee\/ru\/wp-json\/wp\/v2\/media\/59168"}],"wp:attachment":[{"href":"https:\/\/reginett.ee\/ru\/wp-json\/wp\/v2\/media?parent=59167"}],"wp:term":[{"taxonomy":"pwb-brand","embeddable":true,"href":"https:\/\/reginett.ee\/ru\/wp-json\/wp\/v2\/pwb-brand?post=59167"},{"taxonomy":"product_brand","embeddable":true,"href":"https:\/\/reginett.ee\/ru\/wp-json\/wp\/v2\/product_brand?post=59167"},{"taxonomy":"product_cat","embeddable":true,"href":"https:\/\/reginett.ee\/ru\/wp-json\/wp\/v2\/product_cat?post=59167"},{"taxonomy":"product_tag","embeddable":true,"href":"https:\/\/reginett.ee\/ru\/wp-json\/wp\/v2\/product_tag?post=59167"}],"curies":[{"name":"wp","href":"https:\/\/api.w.org\/{rel}","templated":true}]}}