{"id":59129,"date":"2023-02-12T12:56:40","date_gmt":"2023-02-12T09:56:40","guid":{"rendered":"https:\/\/reginett.ee\/?post_type=product&#038;p=59129"},"modified":"2025-04-06T19:21:12","modified_gmt":"2025-04-06T16:21:12","slug":"muruniiduk-stiga-multiclip-747sd","status":"publish","type":"product","link":"https:\/\/reginett.ee\/ru\/toode\/muruniiduk-stiga-multiclip-747sd\/","title":{"rendered":"Muruniiduk Stiga Multiclip 747SD"},"content":{"rendered":"<p><strong>Stiga MULTICLIP-seeria<\/strong> muruniidukid on loodud spetsiaalselt muru peenestamiseks ehk mult\u0161imiseks. Niitmise k\u00e4igus muru purustatakse ja j\u00e4etakse loodusliku v\u00e4etisena niidetud pinnale. Stiga bensiinimootori ja <strong>esirattaveoga<\/strong> muruniiduk <strong>Multiclip 747SD<\/strong> on uudse disainiga tugev ja t\u00f6\u00f6kindel niiduk ca 1500 m\u00b2 murualade niitmiseks. Konkreetse mudeli Multiclip 747 SD erip\u00e4raks on v\u00f5imalus kasutada ka k\u00fclgv\u00e4ljaviske t\u00f6\u00f6re\u017eiimi.\u00a0 Niidulaius on 45 cm. Tsentraalne niiduk\u00f5rguse reguleerimine v\u00f5imaldab valida viie niiduk\u00f5rguse vahel, vahemikus 3,1 \u2013 8,0 cm.<\/p>\n<p>Muruniiduki uuendusliku X-kujulise\u00a0<strong>Fulcrum k\u00e4epideme\u00a0<\/strong>k\u00f5rgust ja kallet saab spetsiaalse klambri abil h\u00f5lpsalt reguleerida. T\u00e4nu sellele saab iga kasutaja seada k\u00e4epideme endale sobivasse asendisse.<\/p>\n<p>P\u00f5\u00f5saste, hekkide v\u00f5i piirdeaedade l\u00e4hedalt niitmine muutub aga senisest oluliselt mugavamaks kui asetada k\u00e4epide kerge kalde alla. Fulcrum k\u00e4epide v\u00f5imaldab muruniidukit ka ruumis\u00e4\u00e4stlikumalt hoiustada.<\/p>\n<p>Keskmisest suuremad kuullaagritega rattad h\u00f5lbustavad niiduki kasutamist ebatasasel pinnal.<\/p>\n<p>T\u00e4nu eesasetsevale k\u00e4epidemele on niidukit lihtne \u00fcles t\u00f5sta ja transportida.<\/p>\n<p>Terasest korpus tagab tugevuse ja vastupidavuse.<\/p>\n<p>Mootori parima j\u00f5udluse ja optimaalse m\u00e4\u00e4rimise tagamiseks soovitame kasutada A95 bensiini ja spetsiaalset Stiga \u00f5li.<\/p>\n","protected":false},"excerpt":{"rendered":"<p>Stiga bensiinimootori ja <strong>esirattaveoga<\/strong> muruniiduk <strong>Multiclip 747SD<\/strong> on uudse disainiga tugev ja t\u00f6\u00f6kindel niiduk ca 1500 m\u00b2 murualade niitmiseks. Konkreetse mudeli Multiclip 747 SD erip\u00e4raks on v\u00f5imalus kasutada ka k\u00fclgv\u00e4ljaviske t\u00f6\u00f6re\u017eiimi.<\/p>\n","protected":false},"featured_media":59130,"comment_status":"open","ping_status":"closed","template":"","meta":{"_acf_changed":false,"_et_pb_use_builder":"","_et_pb_old_content":"","_et_gb_content_width":"","inline_featured_image":false},"pwb-brand":[146],"product_brand":[],"product_cat":[25],"product_tag":[],"class_list":{"0":"post-59129","1":"product","2":"type-product","3":"status-publish","4":"has-post-thumbnail","6":"pwb-brand-stiga","7":"product_cat-muruniidukid","8":"product_shipping_class-soodsam-kuller-15-eur","10":"first","11":"instock","12":"shipping-taxable","13":"purchasable","14":"product-type-simple"},"acf":[],"yoast_head":"<!-- This site is optimized with the Yoast SEO plugin v26.6 - https:\/\/yoast.com\/wordpress\/plugins\/seo\/ -->\n<title>Muruniiduk Stiga Multiclip 747SD. Stiga niidukid Reginetist<\/title>\n<meta name=\"description\" content=\"Stiga bensiinimootori ja esirattaveoga muruniiduk Multiclip 747SD on uudse disainiga tugev ja t\u00f6\u00f6kindel niiduk ca 1500 m\u00b2 murualade niitmiseks.\" \/>\n<meta name=\"robots\" content=\"index, follow, max-snippet:-1, max-image-preview:large, max-video-preview:-1\" \/>\n<link rel=\"canonical\" href=\"https:\/\/reginett.ee\/toode\/muruniiduk-stiga-multiclip-747sd\/\" \/>\n<meta property=\"og:locale\" content=\"ru_RU\" \/>\n<meta property=\"og:type\" content=\"article\" \/>\n<meta property=\"og:title\" content=\"Muruniiduk Stiga Multiclip 747SD. Stiga niidukid Reginetist\" \/>\n<meta property=\"og:description\" content=\"Stiga bensiinimootori ja esirattaveoga muruniiduk Multiclip 747SD on uudse disainiga tugev ja t\u00f6\u00f6kindel niiduk ca 1500 m\u00b2 murualade niitmiseks.\" \/>\n<meta property=\"og:url\" content=\"https:\/\/reginett.ee\/toode\/muruniiduk-stiga-multiclip-747sd\/\" \/>\n<meta property=\"og:site_name\" content=\"Reginett\" \/>\n<meta property=\"article:modified_time\" content=\"2025-04-06T16:21:12+00:00\" \/>\n<meta property=\"og:image\" content=\"https:\/\/reginett.ee\/wp-content\/uploads\/2023\/02\/Muruniiduk-Stiga-Multiclip-747SD.jpg\" \/>\n\t<meta property=\"og:image:width\" content=\"680\" \/>\n\t<meta property=\"og:image:height\" content=\"372\" \/>\n\t<meta property=\"og:image:type\" content=\"image\/jpeg\" \/>\n<meta name=\"twitter:card\" content=\"summary_large_image\" \/>\n<meta name=\"twitter:label1\" content=\"\u041f\u0440\u0438\u043c\u0435\u0440\u043d\u043e\u0435 \u0432\u0440\u0435\u043c\u044f \u0434\u043b\u044f \u0447\u0442\u0435\u043d\u0438\u044f\" \/>\n\t<meta name=\"twitter:data1\" content=\"1 \u043c\u0438\u043d\u0443\u0442\u0430\" \/>\n<script type=\"application\/ld+json\" class=\"yoast-schema-graph\">{\"@context\":\"https:\/\/schema.org\",\"@graph\":[{\"@type\":\"WebPage\",\"@id\":\"https:\/\/reginett.ee\/toode\/muruniiduk-stiga-multiclip-747sd\/\",\"url\":\"https:\/\/reginett.ee\/toode\/muruniiduk-stiga-multiclip-747sd\/\",\"name\":\"Muruniiduk Stiga Multiclip 747SD. Stiga niidukid Reginetist\",\"isPartOf\":{\"@id\":\"https:\/\/reginett.ee\/#website\"},\"primaryImageOfPage\":{\"@id\":\"https:\/\/reginett.ee\/toode\/muruniiduk-stiga-multiclip-747sd\/#primaryimage\"},\"image\":{\"@id\":\"https:\/\/reginett.ee\/toode\/muruniiduk-stiga-multiclip-747sd\/#primaryimage\"},\"thumbnailUrl\":\"https:\/\/reginett.ee\/wp-content\/uploads\/2023\/02\/Muruniiduk-Stiga-Multiclip-747SD.jpg\",\"datePublished\":\"2023-02-12T09:56:40+00:00\",\"dateModified\":\"2025-04-06T16:21:12+00:00\",\"description\":\"Stiga bensiinimootori ja esirattaveoga muruniiduk Multiclip 747SD on uudse disainiga tugev ja t\u00f6\u00f6kindel niiduk ca 1500 m\u00b2 murualade niitmiseks.\",\"breadcrumb\":{\"@id\":\"https:\/\/reginett.ee\/toode\/muruniiduk-stiga-multiclip-747sd\/#breadcrumb\"},\"inLanguage\":\"ru-RU\",\"potentialAction\":[{\"@type\":\"ReadAction\",\"target\":[\"https:\/\/reginett.ee\/toode\/muruniiduk-stiga-multiclip-747sd\/\"]}]},{\"@type\":\"ImageObject\",\"inLanguage\":\"ru-RU\",\"@id\":\"https:\/\/reginett.ee\/toode\/muruniiduk-stiga-multiclip-747sd\/#primaryimage\",\"url\":\"https:\/\/reginett.ee\/wp-content\/uploads\/2023\/02\/Muruniiduk-Stiga-Multiclip-747SD.jpg\",\"contentUrl\":\"https:\/\/reginett.ee\/wp-content\/uploads\/2023\/02\/Muruniiduk-Stiga-Multiclip-747SD.jpg\",\"width\":680,\"height\":372,\"caption\":\"Muruniiduk Stiga Multiclip 747SD\"},{\"@type\":\"BreadcrumbList\",\"@id\":\"https:\/\/reginett.ee\/toode\/muruniiduk-stiga-multiclip-747sd\/#breadcrumb\",\"itemListElement\":[{\"@type\":\"ListItem\",\"position\":1,\"name\":\"Home\",\"item\":\"https:\/\/reginett.ee\/ru\/\"},{\"@type\":\"ListItem\",\"position\":2,\"name\":\"Tooted\",\"item\":\"https:\/\/reginett.ee\/tooted\/\"},{\"@type\":\"ListItem\",\"position\":3,\"name\":\"Muruniiduk Stiga Multiclip 747SD\"}]},{\"@type\":\"WebSite\",\"@id\":\"https:\/\/reginett.ee\/#website\",\"url\":\"https:\/\/reginett.ee\/\",\"name\":\"Reginett\",\"description\":\"Parimad robotniidukid\",\"potentialAction\":[{\"@type\":\"SearchAction\",\"target\":{\"@type\":\"EntryPoint\",\"urlTemplate\":\"https:\/\/reginett.ee\/?s={search_term_string}\"},\"query-input\":{\"@type\":\"PropertyValueSpecification\",\"valueRequired\":true,\"valueName\":\"search_term_string\"}}],\"inLanguage\":\"ru-RU\"}]}<\/script>\n<!-- \/ Yoast SEO plugin. -->","yoast_head_json":{"title":"Muruniiduk Stiga Multiclip 747SD. Stiga niidukid Reginetist","description":"Stiga bensiinimootori ja esirattaveoga muruniiduk Multiclip 747SD on uudse disainiga tugev ja t\u00f6\u00f6kindel niiduk ca 1500 m\u00b2 murualade niitmiseks.","robots":{"index":"index","follow":"follow","max-snippet":"max-snippet:-1","max-image-preview":"max-image-preview:large","max-video-preview":"max-video-preview:-1"},"canonical":"https:\/\/reginett.ee\/toode\/muruniiduk-stiga-multiclip-747sd\/","og_locale":"ru_RU","og_type":"article","og_title":"Muruniiduk Stiga Multiclip 747SD. Stiga niidukid Reginetist","og_description":"Stiga bensiinimootori ja esirattaveoga muruniiduk Multiclip 747SD on uudse disainiga tugev ja t\u00f6\u00f6kindel niiduk ca 1500 m\u00b2 murualade niitmiseks.","og_url":"https:\/\/reginett.ee\/toode\/muruniiduk-stiga-multiclip-747sd\/","og_site_name":"Reginett","article_modified_time":"2025-04-06T16:21:12+00:00","og_image":[{"width":680,"height":372,"url":"https:\/\/reginett.ee\/wp-content\/uploads\/2023\/02\/Muruniiduk-Stiga-Multiclip-747SD.jpg","type":"image\/jpeg"}],"twitter_card":"summary_large_image","twitter_misc":{"\u041f\u0440\u0438\u043c\u0435\u0440\u043d\u043e\u0435 \u0432\u0440\u0435\u043c\u044f \u0434\u043b\u044f \u0447\u0442\u0435\u043d\u0438\u044f":"1 \u043c\u0438\u043d\u0443\u0442\u0430"},"schema":{"@context":"https:\/\/schema.org","@graph":[{"@type":"WebPage","@id":"https:\/\/reginett.ee\/toode\/muruniiduk-stiga-multiclip-747sd\/","url":"https:\/\/reginett.ee\/toode\/muruniiduk-stiga-multiclip-747sd\/","name":"Muruniiduk Stiga Multiclip 747SD. Stiga niidukid Reginetist","isPartOf":{"@id":"https:\/\/reginett.ee\/#website"},"primaryImageOfPage":{"@id":"https:\/\/reginett.ee\/toode\/muruniiduk-stiga-multiclip-747sd\/#primaryimage"},"image":{"@id":"https:\/\/reginett.ee\/toode\/muruniiduk-stiga-multiclip-747sd\/#primaryimage"},"thumbnailUrl":"https:\/\/reginett.ee\/wp-content\/uploads\/2023\/02\/Muruniiduk-Stiga-Multiclip-747SD.jpg","datePublished":"2023-02-12T09:56:40+00:00","dateModified":"2025-04-06T16:21:12+00:00","description":"Stiga bensiinimootori ja esirattaveoga muruniiduk Multiclip 747SD on uudse disainiga tugev ja t\u00f6\u00f6kindel niiduk ca 1500 m\u00b2 murualade niitmiseks.","breadcrumb":{"@id":"https:\/\/reginett.ee\/toode\/muruniiduk-stiga-multiclip-747sd\/#breadcrumb"},"inLanguage":"ru-RU","potentialAction":[{"@type":"ReadAction","target":["https:\/\/reginett.ee\/toode\/muruniiduk-stiga-multiclip-747sd\/"]}]},{"@type":"ImageObject","inLanguage":"ru-RU","@id":"https:\/\/reginett.ee\/toode\/muruniiduk-stiga-multiclip-747sd\/#primaryimage","url":"https:\/\/reginett.ee\/wp-content\/uploads\/2023\/02\/Muruniiduk-Stiga-Multiclip-747SD.jpg","contentUrl":"https:\/\/reginett.ee\/wp-content\/uploads\/2023\/02\/Muruniiduk-Stiga-Multiclip-747SD.jpg","width":680,"height":372,"caption":"Muruniiduk Stiga Multiclip 747SD"},{"@type":"BreadcrumbList","@id":"https:\/\/reginett.ee\/toode\/muruniiduk-stiga-multiclip-747sd\/#breadcrumb","itemListElement":[{"@type":"ListItem","position":1,"name":"Home","item":"https:\/\/reginett.ee\/ru\/"},{"@type":"ListItem","position":2,"name":"Tooted","item":"https:\/\/reginett.ee\/tooted\/"},{"@type":"ListItem","position":3,"name":"Muruniiduk Stiga Multiclip 747SD"}]},{"@type":"WebSite","@id":"https:\/\/reginett.ee\/#website","url":"https:\/\/reginett.ee\/","name":"Reginett","description":"Parimad robotniidukid","potentialAction":[{"@type":"SearchAction","target":{"@type":"EntryPoint","urlTemplate":"https:\/\/reginett.ee\/?s={search_term_string}"},"query-input":{"@type":"PropertyValueSpecification","valueRequired":true,"valueName":"search_term_string"}}],"inLanguage":"ru-RU"}]}},"brands":[{"id":146,"name":"Stiga","slug":"stiga"}],"_links":{"self":[{"href":"https:\/\/reginett.ee\/ru\/wp-json\/wp\/v2\/product\/59129","targetHints":{"allow":["GET"]}}],"collection":[{"href":"https:\/\/reginett.ee\/ru\/wp-json\/wp\/v2\/product"}],"about":[{"href":"https:\/\/reginett.ee\/ru\/wp-json\/wp\/v2\/types\/product"}],"replies":[{"embeddable":true,"href":"https:\/\/reginett.ee\/ru\/wp-json\/wp\/v2\/comments?post=59129"}],"wp:featuredmedia":[{"embeddable":true,"href":"https:\/\/reginett.ee\/ru\/wp-json\/wp\/v2\/media\/59130"}],"wp:attachment":[{"href":"https:\/\/reginett.ee\/ru\/wp-json\/wp\/v2\/media?parent=59129"}],"wp:term":[{"taxonomy":"pwb-brand","embeddable":true,"href":"https:\/\/reginett.ee\/ru\/wp-json\/wp\/v2\/pwb-brand?post=59129"},{"taxonomy":"product_brand","embeddable":true,"href":"https:\/\/reginett.ee\/ru\/wp-json\/wp\/v2\/product_brand?post=59129"},{"taxonomy":"product_cat","embeddable":true,"href":"https:\/\/reginett.ee\/ru\/wp-json\/wp\/v2\/product_cat?post=59129"},{"taxonomy":"product_tag","embeddable":true,"href":"https:\/\/reginett.ee\/ru\/wp-json\/wp\/v2\/product_tag?post=59129"}],"curies":[{"name":"wp","href":"https:\/\/api.w.org\/{rel}","templated":true}]}}