{"id":59087,"date":"2023-02-04T11:59:21","date_gmt":"2023-02-04T08:59:21","guid":{"rendered":"https:\/\/reginett.ee\/?post_type=product&#038;p=59087"},"modified":"2024-01-15T16:50:06","modified_gmt":"2024-01-15T13:50:06","slug":"kaitsekiiver-arboristile-husqvarna-spire-vent","status":"publish","type":"product","link":"https:\/\/reginett.ee\/ru\/toode\/kaitsekiiver-arboristile-husqvarna-spire-vent\/","title":{"rendered":"Kaitsekiiver arboristile Husqvarna Spire Vent"},"content":{"rendered":"<p><strong>Kaitsekiiver Husqvarna Spire Vent<\/strong> arboristi kiiver on v\u00e4ljat\u00f6\u00f6tatud arboristile, kes hindab kasutusmugavust ja stiilset v\u00e4ljan\u00e4gemist ilma, et ta annaks j\u00e4rele turvalisuses. Kiiver on kerge ja v\u00e4ga h\u00e4sti ventileeritud.<\/p>\n<p>Suurust on lihtne ja kiire muuta.<\/p>\n<p>Lisavarustusena on v\u00f5imalik kiivrile lisada lampi, k\u00f5rvaklappe ja visiiri.<\/p>\n<p>Kasutades vastavat adapterit, saab h\u00f5lpsalt kasutada ka Husqvarna tavalisi v\u00f5i X-COM R Bluetooth k\u00f5rvaklappe (saadaval eraldi).<\/p>\n<p>Kiiver \u00fchildub Husqvarna l\u00e4bipaistva, peegel- ja suitsuvisiiriga (k\u00f5ik m\u00fc\u00fcakse eraldi).<\/p>\n<p>Vastab EU standardile EN 12492, k\u00f5rgustes t\u00f6\u00f6tamiseks.<\/p>\n<h3 class=\"hui-spacing--sm-mt-4-times-6 WLwtnNxco1C4cPugKSaO0g==\">Allergiavaba l\u00f5uarihm<\/h3>\n<p class=\"hui-spacing--sm-mt-4-times-4 K2PbruRyOKhyQZiENIYSog==\">Nelja punkti l\u00f5uarihm tagab maksimaalse turvalisuse. Valmistatud \u00f6koloogiliselt puhtsat nahast ning on pestav. Lihtne lukustada, avada ja reguleerida.<\/p>\n<h3 class=\"hui-spacing--sm-mt-4-times-6 WLwtnNxco1C4cPugKSaO0g==\">Riputusaas<\/h3>\n<p class=\"hui-spacing--sm-mt-4-times-6 WLwtnNxco1C4cPugKSaO0g==\">Spetsiaalne riputusaas v\u00f5imaldab kiivri riputada t\u00f6\u00f6riistav\u00f6\u00f6le, kui hetkel pole kasutuses.<\/p>\n<h3 class=\"hui-spacing--sm-mt-4-times-6 WLwtnNxco1C4cPugKSaO0g==\">Mugavad pehmendused<\/h3>\n<p class=\"hui-spacing--sm-mt-4-times-4 K2PbruRyOKhyQZiENIYSog==\">Otsmikupehmendus on valmistatud kiiresti kuivavast materjalist, mis juhib niiskuse eemale. V\u00f5imalik lihtsasti eemaldada ja pesta.<\/p>\n<h3 class=\"hui-spacing--sm-mt-4-times-6 WLwtnNxco1C4cPugKSaO0g==\">K\u00f5rgn\u00e4htav<\/h3>\n<p class=\"hui-spacing--sm-mt-4-times-4 K2PbruRyOKhyQZiENIYSog==\">K\u00f5rgn\u00e4htavad oran\u017eid osad tagavad suurep\u00e4rase n\u00e4htavuse.<\/p>\n<h3 class=\"hui-spacing--sm-mt-4-times-6 WLwtnNxco1C4cPugKSaO0g==\">Hea \u00f5hutavus<\/h3>\n<p class=\"hui-spacing--sm-mt-4-times-4 K2PbruRyOKhyQZiENIYSog==\">Suur hulk erinevaid \u00f5hukanaleid tagavad kasutusmugavuse ja suurep\u00e4rrase \u00f5hutavuse.<\/p>\n","protected":false},"excerpt":{"rendered":"<p><strong>Kaitsekiiver Husqvarna Spire Vent<\/strong> arboristi kiiver on v\u00e4ljat\u00f6\u00f6tatud arboristile, kes hindab kasutusmugavust ja stiilset v\u00e4ljan\u00e4gemist ilma, et ta annaks j\u00e4rele turvalisuses. Kiiver on kerge ja v\u00e4ga h\u00e4sti ventileeritud.<\/p>\n","protected":false},"featured_media":59088,"comment_status":"open","ping_status":"closed","template":"","meta":{"_acf_changed":false,"_et_pb_use_builder":"","_et_pb_old_content":"","_et_gb_content_width":"","inline_featured_image":false},"pwb-brand":[147],"product_brand":[],"product_cat":[495,37,32],"product_tag":[498,496,123,497],"class_list":{"0":"post-59087","1":"product","2":"type-product","3":"status-publish","4":"has-post-thumbnail","6":"pwb-brand-husqvarna","7":"product_cat-arboristile","8":"product_cat-husqvarna","9":"product_cat-riided-ja-kaitsevahendid","10":"product_tag-arboristikiiver","11":"product_tag-arboristile","12":"product_tag-kiiver","13":"product_tag-spire-vent","15":"first","16":"instock","17":"shipping-taxable","18":"purchasable","19":"product-type-simple"},"acf":[],"yoast_head":"<!-- This site is optimized with the Yoast SEO plugin v26.6 - https:\/\/yoast.com\/wordpress\/plugins\/seo\/ -->\n<title>Kaitsekiiver arboristile Husqvarna Spire Vent. Arboristivarustus<\/title>\n<meta name=\"description\" content=\"Kaitsekiiver Husqvarna Spire Vent arboristi kiiver on v\u00e4ljat\u00f6\u00f6tatud arboristile, kes hindab kasutusmugavust ja stiilset v\u00e4ljan\u00e4gemist ilma\" \/>\n<meta name=\"robots\" content=\"index, follow, max-snippet:-1, max-image-preview:large, max-video-preview:-1\" \/>\n<link rel=\"canonical\" href=\"https:\/\/reginett.ee\/toode\/kaitsekiiver-arboristile-husqvarna-spire-vent\/\" \/>\n<meta property=\"og:locale\" content=\"ru_RU\" \/>\n<meta property=\"og:type\" content=\"article\" \/>\n<meta property=\"og:title\" content=\"Kaitsekiiver arboristile Husqvarna Spire Vent. Arboristivarustus\" \/>\n<meta property=\"og:description\" content=\"Kaitsekiiver Husqvarna Spire Vent arboristi kiiver on v\u00e4ljat\u00f6\u00f6tatud arboristile, kes hindab kasutusmugavust ja stiilset v\u00e4ljan\u00e4gemist ilma\" \/>\n<meta property=\"og:url\" content=\"https:\/\/reginett.ee\/toode\/kaitsekiiver-arboristile-husqvarna-spire-vent\/\" \/>\n<meta property=\"og:site_name\" content=\"Reginett\" \/>\n<meta property=\"article:modified_time\" content=\"2024-01-15T13:50:06+00:00\" \/>\n<meta property=\"og:image\" content=\"https:\/\/reginett.ee\/wp-content\/uploads\/2023\/02\/Kaitsekiiver-arboristi-Husqvarna-Spire-Vent-Reginett.jpg\" \/>\n\t<meta property=\"og:image:width\" content=\"680\" \/>\n\t<meta property=\"og:image:height\" content=\"372\" \/>\n\t<meta property=\"og:image:type\" content=\"image\/jpeg\" \/>\n<meta name=\"twitter:card\" content=\"summary_large_image\" \/>\n<meta name=\"twitter:label1\" content=\"\u041f\u0440\u0438\u043c\u0435\u0440\u043d\u043e\u0435 \u0432\u0440\u0435\u043c\u044f \u0434\u043b\u044f \u0447\u0442\u0435\u043d\u0438\u044f\" \/>\n\t<meta name=\"twitter:data1\" content=\"1 \u043c\u0438\u043d\u0443\u0442\u0430\" \/>\n<script type=\"application\/ld+json\" class=\"yoast-schema-graph\">{\"@context\":\"https:\/\/schema.org\",\"@graph\":[{\"@type\":\"WebPage\",\"@id\":\"https:\/\/reginett.ee\/toode\/kaitsekiiver-arboristile-husqvarna-spire-vent\/\",\"url\":\"https:\/\/reginett.ee\/toode\/kaitsekiiver-arboristile-husqvarna-spire-vent\/\",\"name\":\"Kaitsekiiver arboristile Husqvarna Spire Vent. Arboristivarustus\",\"isPartOf\":{\"@id\":\"https:\/\/reginett.ee\/#website\"},\"primaryImageOfPage\":{\"@id\":\"https:\/\/reginett.ee\/toode\/kaitsekiiver-arboristile-husqvarna-spire-vent\/#primaryimage\"},\"image\":{\"@id\":\"https:\/\/reginett.ee\/toode\/kaitsekiiver-arboristile-husqvarna-spire-vent\/#primaryimage\"},\"thumbnailUrl\":\"https:\/\/reginett.ee\/wp-content\/uploads\/2023\/02\/Kaitsekiiver-arboristi-Husqvarna-Spire-Vent-Reginett.jpg\",\"datePublished\":\"2023-02-04T08:59:21+00:00\",\"dateModified\":\"2024-01-15T13:50:06+00:00\",\"description\":\"Kaitsekiiver Husqvarna Spire Vent arboristi kiiver on v\u00e4ljat\u00f6\u00f6tatud arboristile, kes hindab kasutusmugavust ja stiilset v\u00e4ljan\u00e4gemist ilma\",\"breadcrumb\":{\"@id\":\"https:\/\/reginett.ee\/toode\/kaitsekiiver-arboristile-husqvarna-spire-vent\/#breadcrumb\"},\"inLanguage\":\"ru-RU\",\"potentialAction\":[{\"@type\":\"ReadAction\",\"target\":[\"https:\/\/reginett.ee\/toode\/kaitsekiiver-arboristile-husqvarna-spire-vent\/\"]}]},{\"@type\":\"ImageObject\",\"inLanguage\":\"ru-RU\",\"@id\":\"https:\/\/reginett.ee\/toode\/kaitsekiiver-arboristile-husqvarna-spire-vent\/#primaryimage\",\"url\":\"https:\/\/reginett.ee\/wp-content\/uploads\/2023\/02\/Kaitsekiiver-arboristi-Husqvarna-Spire-Vent-Reginett.jpg\",\"contentUrl\":\"https:\/\/reginett.ee\/wp-content\/uploads\/2023\/02\/Kaitsekiiver-arboristi-Husqvarna-Spire-Vent-Reginett.jpg\",\"width\":680,\"height\":372,\"caption\":\"Kaitsekiiver arboristi Husqvarna Spire Vent\"},{\"@type\":\"BreadcrumbList\",\"@id\":\"https:\/\/reginett.ee\/toode\/kaitsekiiver-arboristile-husqvarna-spire-vent\/#breadcrumb\",\"itemListElement\":[{\"@type\":\"ListItem\",\"position\":1,\"name\":\"Home\",\"item\":\"https:\/\/reginett.ee\/ru\/\"},{\"@type\":\"ListItem\",\"position\":2,\"name\":\"Tooted\",\"item\":\"https:\/\/reginett.ee\/tooted\/\"},{\"@type\":\"ListItem\",\"position\":3,\"name\":\"Kaitsekiiver arboristile Husqvarna Spire Vent\"}]},{\"@type\":\"WebSite\",\"@id\":\"https:\/\/reginett.ee\/#website\",\"url\":\"https:\/\/reginett.ee\/\",\"name\":\"Reginett\",\"description\":\"Parimad robotniidukid\",\"potentialAction\":[{\"@type\":\"SearchAction\",\"target\":{\"@type\":\"EntryPoint\",\"urlTemplate\":\"https:\/\/reginett.ee\/?s={search_term_string}\"},\"query-input\":{\"@type\":\"PropertyValueSpecification\",\"valueRequired\":true,\"valueName\":\"search_term_string\"}}],\"inLanguage\":\"ru-RU\"}]}<\/script>\n<!-- \/ Yoast SEO plugin. -->","yoast_head_json":{"title":"Kaitsekiiver arboristile Husqvarna Spire Vent. Arboristivarustus","description":"Kaitsekiiver Husqvarna Spire Vent arboristi kiiver on v\u00e4ljat\u00f6\u00f6tatud arboristile, kes hindab kasutusmugavust ja stiilset v\u00e4ljan\u00e4gemist ilma","robots":{"index":"index","follow":"follow","max-snippet":"max-snippet:-1","max-image-preview":"max-image-preview:large","max-video-preview":"max-video-preview:-1"},"canonical":"https:\/\/reginett.ee\/toode\/kaitsekiiver-arboristile-husqvarna-spire-vent\/","og_locale":"ru_RU","og_type":"article","og_title":"Kaitsekiiver arboristile Husqvarna Spire Vent. Arboristivarustus","og_description":"Kaitsekiiver Husqvarna Spire Vent arboristi kiiver on v\u00e4ljat\u00f6\u00f6tatud arboristile, kes hindab kasutusmugavust ja stiilset v\u00e4ljan\u00e4gemist ilma","og_url":"https:\/\/reginett.ee\/toode\/kaitsekiiver-arboristile-husqvarna-spire-vent\/","og_site_name":"Reginett","article_modified_time":"2024-01-15T13:50:06+00:00","og_image":[{"width":680,"height":372,"url":"https:\/\/reginett.ee\/wp-content\/uploads\/2023\/02\/Kaitsekiiver-arboristi-Husqvarna-Spire-Vent-Reginett.jpg","type":"image\/jpeg"}],"twitter_card":"summary_large_image","twitter_misc":{"\u041f\u0440\u0438\u043c\u0435\u0440\u043d\u043e\u0435 \u0432\u0440\u0435\u043c\u044f \u0434\u043b\u044f \u0447\u0442\u0435\u043d\u0438\u044f":"1 \u043c\u0438\u043d\u0443\u0442\u0430"},"schema":{"@context":"https:\/\/schema.org","@graph":[{"@type":"WebPage","@id":"https:\/\/reginett.ee\/toode\/kaitsekiiver-arboristile-husqvarna-spire-vent\/","url":"https:\/\/reginett.ee\/toode\/kaitsekiiver-arboristile-husqvarna-spire-vent\/","name":"Kaitsekiiver arboristile Husqvarna Spire Vent. Arboristivarustus","isPartOf":{"@id":"https:\/\/reginett.ee\/#website"},"primaryImageOfPage":{"@id":"https:\/\/reginett.ee\/toode\/kaitsekiiver-arboristile-husqvarna-spire-vent\/#primaryimage"},"image":{"@id":"https:\/\/reginett.ee\/toode\/kaitsekiiver-arboristile-husqvarna-spire-vent\/#primaryimage"},"thumbnailUrl":"https:\/\/reginett.ee\/wp-content\/uploads\/2023\/02\/Kaitsekiiver-arboristi-Husqvarna-Spire-Vent-Reginett.jpg","datePublished":"2023-02-04T08:59:21+00:00","dateModified":"2024-01-15T13:50:06+00:00","description":"Kaitsekiiver Husqvarna Spire Vent arboristi kiiver on v\u00e4ljat\u00f6\u00f6tatud arboristile, kes hindab kasutusmugavust ja stiilset v\u00e4ljan\u00e4gemist ilma","breadcrumb":{"@id":"https:\/\/reginett.ee\/toode\/kaitsekiiver-arboristile-husqvarna-spire-vent\/#breadcrumb"},"inLanguage":"ru-RU","potentialAction":[{"@type":"ReadAction","target":["https:\/\/reginett.ee\/toode\/kaitsekiiver-arboristile-husqvarna-spire-vent\/"]}]},{"@type":"ImageObject","inLanguage":"ru-RU","@id":"https:\/\/reginett.ee\/toode\/kaitsekiiver-arboristile-husqvarna-spire-vent\/#primaryimage","url":"https:\/\/reginett.ee\/wp-content\/uploads\/2023\/02\/Kaitsekiiver-arboristi-Husqvarna-Spire-Vent-Reginett.jpg","contentUrl":"https:\/\/reginett.ee\/wp-content\/uploads\/2023\/02\/Kaitsekiiver-arboristi-Husqvarna-Spire-Vent-Reginett.jpg","width":680,"height":372,"caption":"Kaitsekiiver arboristi Husqvarna Spire Vent"},{"@type":"BreadcrumbList","@id":"https:\/\/reginett.ee\/toode\/kaitsekiiver-arboristile-husqvarna-spire-vent\/#breadcrumb","itemListElement":[{"@type":"ListItem","position":1,"name":"Home","item":"https:\/\/reginett.ee\/ru\/"},{"@type":"ListItem","position":2,"name":"Tooted","item":"https:\/\/reginett.ee\/tooted\/"},{"@type":"ListItem","position":3,"name":"Kaitsekiiver arboristile Husqvarna Spire Vent"}]},{"@type":"WebSite","@id":"https:\/\/reginett.ee\/#website","url":"https:\/\/reginett.ee\/","name":"Reginett","description":"Parimad robotniidukid","potentialAction":[{"@type":"SearchAction","target":{"@type":"EntryPoint","urlTemplate":"https:\/\/reginett.ee\/?s={search_term_string}"},"query-input":{"@type":"PropertyValueSpecification","valueRequired":true,"valueName":"search_term_string"}}],"inLanguage":"ru-RU"}]}},"brands":[{"id":147,"name":"Husqvarna","slug":"husqvarna"}],"_links":{"self":[{"href":"https:\/\/reginett.ee\/ru\/wp-json\/wp\/v2\/product\/59087","targetHints":{"allow":["GET"]}}],"collection":[{"href":"https:\/\/reginett.ee\/ru\/wp-json\/wp\/v2\/product"}],"about":[{"href":"https:\/\/reginett.ee\/ru\/wp-json\/wp\/v2\/types\/product"}],"replies":[{"embeddable":true,"href":"https:\/\/reginett.ee\/ru\/wp-json\/wp\/v2\/comments?post=59087"}],"wp:featuredmedia":[{"embeddable":true,"href":"https:\/\/reginett.ee\/ru\/wp-json\/wp\/v2\/media\/59088"}],"wp:attachment":[{"href":"https:\/\/reginett.ee\/ru\/wp-json\/wp\/v2\/media?parent=59087"}],"wp:term":[{"taxonomy":"pwb-brand","embeddable":true,"href":"https:\/\/reginett.ee\/ru\/wp-json\/wp\/v2\/pwb-brand?post=59087"},{"taxonomy":"product_brand","embeddable":true,"href":"https:\/\/reginett.ee\/ru\/wp-json\/wp\/v2\/product_brand?post=59087"},{"taxonomy":"product_cat","embeddable":true,"href":"https:\/\/reginett.ee\/ru\/wp-json\/wp\/v2\/product_cat?post=59087"},{"taxonomy":"product_tag","embeddable":true,"href":"https:\/\/reginett.ee\/ru\/wp-json\/wp\/v2\/product_tag?post=59087"}],"curies":[{"name":"wp","href":"https:\/\/api.w.org\/{rel}","templated":true}]}}