{"id":59072,"date":"2026-04-10T15:23:43","date_gmt":"2026-04-10T12:23:43","guid":{"rendered":"https:\/\/reginett.ee\/?post_type=product&#038;p=59072"},"modified":"2026-04-12T14:36:28","modified_gmt":"2026-04-12T11:36:28","slug":"murutraktor-john-deere-x167-my23","status":"publish","type":"product","link":"https:\/\/reginett.ee\/ru\/toode\/murutraktor-john-deere-x167-my23\/","title":{"rendered":"Murutraktor John Deere X167 MY26"},"content":{"rendered":"<p>Murutraktor John Deere X167 MY23 on sobiv masin kuni 6000m<sup>2<\/sup><\/p>\n<p>Kui soovid lihtsasti kasutatavat t\u00f6\u00f6kindlat masinat, siis on John Deere X167 teie jaoks.<\/p>\n<p>V\u00e4rvikoodidega juhtimisseadmetega ergonoomiline juhtimisjaam, mugavaks s\u00f5itmiseks m\u00f5eldud reguleeritav iste ja l\u00f5putu liikumiskiiruste valik muudavad X167 juhtimise mugavaks. Selle aluseks olev keevitatud terasest raam ja malmist esitelg on loodud aastatepikkuseks usaldusv\u00e4\u00e4rseks t\u00f6\u00f6ks. X167 eest hoolitsemine on lihtne ja seda on mugav kasutada.<\/p>\n<p>&nbsp;<\/p>\n<p>&nbsp;<\/p>\n","protected":false},"excerpt":{"rendered":"<p>Murutraktor John Deere X167 MY23 on sobiv masin kuni 6000m<sup>2<\/sup><\/p>\n<p>Kui soovid lihtsasti kasutatavat t\u00f6\u00f6kindlat masinat, siis on John Deere X167 teie jaoks.<\/p>\n","protected":false},"featured_media":59073,"comment_status":"open","ping_status":"closed","template":"","meta":{"_acf_changed":false,"_et_pb_use_builder":"","_et_pb_old_content":"","_et_gb_content_width":"","inline_featured_image":false},"pwb-brand":[493],"product_brand":[],"product_cat":[26],"product_tag":[494,47,77],"class_list":{"0":"post-59072","1":"product","2":"type-product","3":"status-publish","4":"has-post-thumbnail","6":"pwb-brand-john-deere","7":"product_cat-murutraktorid","8":"product_tag-john-deere","9":"product_tag-murutraktor","10":"product_tag-traktor","11":"product_shipping_class-rasked-asjad","13":"first","14":"instock","15":"sale","16":"shipping-taxable","17":"purchasable","18":"product-type-simple"},"acf":[],"yoast_head":"<!-- This site is optimized with the Yoast SEO plugin v26.6 - https:\/\/yoast.com\/wordpress\/plugins\/seo\/ -->\n<title>Murutraktor John Deere X167 MY23. John Deere Reginetist<\/title>\n<meta name=\"description\" content=\"Murutraktor John Deere X167 MY23 on sobiv masin kuni 6000m2Kui soovid lihtsasti kasutatavat t\u00f6\u00f6kindlat masinat, siis on John Deere X167 teie jaoks.\" \/>\n<meta name=\"robots\" content=\"index, follow, max-snippet:-1, max-image-preview:large, max-video-preview:-1\" \/>\n<link rel=\"canonical\" href=\"https:\/\/reginett.ee\/toode\/murutraktor-john-deere-x167-my23\/\" \/>\n<meta property=\"og:locale\" content=\"ru_RU\" \/>\n<meta property=\"og:type\" content=\"article\" \/>\n<meta property=\"og:title\" content=\"Murutraktor John Deere X167 MY23. John Deere Reginetist\" \/>\n<meta property=\"og:description\" content=\"Murutraktor John Deere X167 MY23 on sobiv masin kuni 6000m2Kui soovid lihtsasti kasutatavat t\u00f6\u00f6kindlat masinat, siis on John Deere X167 teie jaoks.\" \/>\n<meta property=\"og:url\" content=\"https:\/\/reginett.ee\/toode\/murutraktor-john-deere-x167-my23\/\" \/>\n<meta property=\"og:site_name\" content=\"Reginett\" \/>\n<meta property=\"article:modified_time\" content=\"2026-04-12T11:36:28+00:00\" \/>\n<meta property=\"og:image\" content=\"https:\/\/reginett.ee\/wp-content\/uploads\/2023\/01\/Reginett-John-Deere-X167.jpg\" \/>\n\t<meta property=\"og:image:width\" content=\"680\" \/>\n\t<meta property=\"og:image:height\" content=\"372\" \/>\n\t<meta property=\"og:image:type\" content=\"image\/jpeg\" \/>\n<meta name=\"twitter:card\" content=\"summary_large_image\" \/>\n<meta name=\"twitter:label1\" content=\"\u041f\u0440\u0438\u043c\u0435\u0440\u043d\u043e\u0435 \u0432\u0440\u0435\u043c\u044f \u0434\u043b\u044f \u0447\u0442\u0435\u043d\u0438\u044f\" \/>\n\t<meta name=\"twitter:data1\" content=\"1 \u043c\u0438\u043d\u0443\u0442\u0430\" \/>\n<script type=\"application\/ld+json\" class=\"yoast-schema-graph\">{\"@context\":\"https:\/\/schema.org\",\"@graph\":[{\"@type\":\"WebPage\",\"@id\":\"https:\/\/reginett.ee\/toode\/murutraktor-john-deere-x167-my23\/\",\"url\":\"https:\/\/reginett.ee\/toode\/murutraktor-john-deere-x167-my23\/\",\"name\":\"Murutraktor John Deere X167 MY23. John Deere Reginetist\",\"isPartOf\":{\"@id\":\"https:\/\/reginett.ee\/#website\"},\"primaryImageOfPage\":{\"@id\":\"https:\/\/reginett.ee\/toode\/murutraktor-john-deere-x167-my23\/#primaryimage\"},\"image\":{\"@id\":\"https:\/\/reginett.ee\/toode\/murutraktor-john-deere-x167-my23\/#primaryimage\"},\"thumbnailUrl\":\"https:\/\/reginett.ee\/wp-content\/uploads\/2023\/01\/Reginett-John-Deere-X167.jpg\",\"datePublished\":\"2026-04-10T12:23:43+00:00\",\"dateModified\":\"2026-04-12T11:36:28+00:00\",\"description\":\"Murutraktor John Deere X167 MY23 on sobiv masin kuni 6000m2Kui soovid lihtsasti kasutatavat t\u00f6\u00f6kindlat masinat, siis on John Deere X167 teie jaoks.\",\"breadcrumb\":{\"@id\":\"https:\/\/reginett.ee\/toode\/murutraktor-john-deere-x167-my23\/#breadcrumb\"},\"inLanguage\":\"ru-RU\",\"potentialAction\":[{\"@type\":\"ReadAction\",\"target\":[\"https:\/\/reginett.ee\/toode\/murutraktor-john-deere-x167-my23\/\"]}]},{\"@type\":\"ImageObject\",\"inLanguage\":\"ru-RU\",\"@id\":\"https:\/\/reginett.ee\/toode\/murutraktor-john-deere-x167-my23\/#primaryimage\",\"url\":\"https:\/\/reginett.ee\/wp-content\/uploads\/2023\/01\/Reginett-John-Deere-X167.jpg\",\"contentUrl\":\"https:\/\/reginett.ee\/wp-content\/uploads\/2023\/01\/Reginett-John-Deere-X167.jpg\",\"width\":680,\"height\":372},{\"@type\":\"BreadcrumbList\",\"@id\":\"https:\/\/reginett.ee\/toode\/murutraktor-john-deere-x167-my23\/#breadcrumb\",\"itemListElement\":[{\"@type\":\"ListItem\",\"position\":1,\"name\":\"Home\",\"item\":\"https:\/\/reginett.ee\/ru\/\"},{\"@type\":\"ListItem\",\"position\":2,\"name\":\"Tooted\",\"item\":\"https:\/\/reginett.ee\/tooted\/\"},{\"@type\":\"ListItem\",\"position\":3,\"name\":\"Murutraktor John Deere X167 MY26\"}]},{\"@type\":\"WebSite\",\"@id\":\"https:\/\/reginett.ee\/#website\",\"url\":\"https:\/\/reginett.ee\/\",\"name\":\"Reginett\",\"description\":\"Parimad robotniidukid\",\"potentialAction\":[{\"@type\":\"SearchAction\",\"target\":{\"@type\":\"EntryPoint\",\"urlTemplate\":\"https:\/\/reginett.ee\/?s={search_term_string}\"},\"query-input\":{\"@type\":\"PropertyValueSpecification\",\"valueRequired\":true,\"valueName\":\"search_term_string\"}}],\"inLanguage\":\"ru-RU\"}]}<\/script>\n<!-- \/ Yoast SEO plugin. -->","yoast_head_json":{"title":"Murutraktor John Deere X167 MY23. John Deere Reginetist","description":"Murutraktor John Deere X167 MY23 on sobiv masin kuni 6000m2Kui soovid lihtsasti kasutatavat t\u00f6\u00f6kindlat masinat, siis on John Deere X167 teie jaoks.","robots":{"index":"index","follow":"follow","max-snippet":"max-snippet:-1","max-image-preview":"max-image-preview:large","max-video-preview":"max-video-preview:-1"},"canonical":"https:\/\/reginett.ee\/toode\/murutraktor-john-deere-x167-my23\/","og_locale":"ru_RU","og_type":"article","og_title":"Murutraktor John Deere X167 MY23. John Deere Reginetist","og_description":"Murutraktor John Deere X167 MY23 on sobiv masin kuni 6000m2Kui soovid lihtsasti kasutatavat t\u00f6\u00f6kindlat masinat, siis on John Deere X167 teie jaoks.","og_url":"https:\/\/reginett.ee\/toode\/murutraktor-john-deere-x167-my23\/","og_site_name":"Reginett","article_modified_time":"2026-04-12T11:36:28+00:00","og_image":[{"width":680,"height":372,"url":"https:\/\/reginett.ee\/wp-content\/uploads\/2023\/01\/Reginett-John-Deere-X167.jpg","type":"image\/jpeg"}],"twitter_card":"summary_large_image","twitter_misc":{"\u041f\u0440\u0438\u043c\u0435\u0440\u043d\u043e\u0435 \u0432\u0440\u0435\u043c\u044f \u0434\u043b\u044f \u0447\u0442\u0435\u043d\u0438\u044f":"1 \u043c\u0438\u043d\u0443\u0442\u0430"},"schema":{"@context":"https:\/\/schema.org","@graph":[{"@type":"WebPage","@id":"https:\/\/reginett.ee\/toode\/murutraktor-john-deere-x167-my23\/","url":"https:\/\/reginett.ee\/toode\/murutraktor-john-deere-x167-my23\/","name":"Murutraktor John Deere X167 MY23. John Deere Reginetist","isPartOf":{"@id":"https:\/\/reginett.ee\/#website"},"primaryImageOfPage":{"@id":"https:\/\/reginett.ee\/toode\/murutraktor-john-deere-x167-my23\/#primaryimage"},"image":{"@id":"https:\/\/reginett.ee\/toode\/murutraktor-john-deere-x167-my23\/#primaryimage"},"thumbnailUrl":"https:\/\/reginett.ee\/wp-content\/uploads\/2023\/01\/Reginett-John-Deere-X167.jpg","datePublished":"2026-04-10T12:23:43+00:00","dateModified":"2026-04-12T11:36:28+00:00","description":"Murutraktor John Deere X167 MY23 on sobiv masin kuni 6000m2Kui soovid lihtsasti kasutatavat t\u00f6\u00f6kindlat masinat, siis on John Deere X167 teie jaoks.","breadcrumb":{"@id":"https:\/\/reginett.ee\/toode\/murutraktor-john-deere-x167-my23\/#breadcrumb"},"inLanguage":"ru-RU","potentialAction":[{"@type":"ReadAction","target":["https:\/\/reginett.ee\/toode\/murutraktor-john-deere-x167-my23\/"]}]},{"@type":"ImageObject","inLanguage":"ru-RU","@id":"https:\/\/reginett.ee\/toode\/murutraktor-john-deere-x167-my23\/#primaryimage","url":"https:\/\/reginett.ee\/wp-content\/uploads\/2023\/01\/Reginett-John-Deere-X167.jpg","contentUrl":"https:\/\/reginett.ee\/wp-content\/uploads\/2023\/01\/Reginett-John-Deere-X167.jpg","width":680,"height":372},{"@type":"BreadcrumbList","@id":"https:\/\/reginett.ee\/toode\/murutraktor-john-deere-x167-my23\/#breadcrumb","itemListElement":[{"@type":"ListItem","position":1,"name":"Home","item":"https:\/\/reginett.ee\/ru\/"},{"@type":"ListItem","position":2,"name":"Tooted","item":"https:\/\/reginett.ee\/tooted\/"},{"@type":"ListItem","position":3,"name":"Murutraktor John Deere X167 MY26"}]},{"@type":"WebSite","@id":"https:\/\/reginett.ee\/#website","url":"https:\/\/reginett.ee\/","name":"Reginett","description":"Parimad robotniidukid","potentialAction":[{"@type":"SearchAction","target":{"@type":"EntryPoint","urlTemplate":"https:\/\/reginett.ee\/?s={search_term_string}"},"query-input":{"@type":"PropertyValueSpecification","valueRequired":true,"valueName":"search_term_string"}}],"inLanguage":"ru-RU"}]}},"brands":[{"id":493,"name":"John Deere","slug":"john-deere"}],"_links":{"self":[{"href":"https:\/\/reginett.ee\/ru\/wp-json\/wp\/v2\/product\/59072","targetHints":{"allow":["GET"]}}],"collection":[{"href":"https:\/\/reginett.ee\/ru\/wp-json\/wp\/v2\/product"}],"about":[{"href":"https:\/\/reginett.ee\/ru\/wp-json\/wp\/v2\/types\/product"}],"replies":[{"embeddable":true,"href":"https:\/\/reginett.ee\/ru\/wp-json\/wp\/v2\/comments?post=59072"}],"wp:featuredmedia":[{"embeddable":true,"href":"https:\/\/reginett.ee\/ru\/wp-json\/wp\/v2\/media\/59073"}],"wp:attachment":[{"href":"https:\/\/reginett.ee\/ru\/wp-json\/wp\/v2\/media?parent=59072"}],"wp:term":[{"taxonomy":"pwb-brand","embeddable":true,"href":"https:\/\/reginett.ee\/ru\/wp-json\/wp\/v2\/pwb-brand?post=59072"},{"taxonomy":"product_brand","embeddable":true,"href":"https:\/\/reginett.ee\/ru\/wp-json\/wp\/v2\/product_brand?post=59072"},{"taxonomy":"product_cat","embeddable":true,"href":"https:\/\/reginett.ee\/ru\/wp-json\/wp\/v2\/product_cat?post=59072"},{"taxonomy":"product_tag","embeddable":true,"href":"https:\/\/reginett.ee\/ru\/wp-json\/wp\/v2\/product_tag?post=59072"}],"curies":[{"name":"wp","href":"https:\/\/api.w.org\/{rel}","templated":true}]}}