{"id":59066,"date":"2023-01-30T13:05:48","date_gmt":"2023-01-30T10:05:48","guid":{"rendered":"https:\/\/reginett.ee\/?post_type=product&#038;p=59066"},"modified":"2026-04-12T14:33:00","modified_gmt":"2026-04-12T11:33:00","slug":"murutraktor-john-deere-x107-my23","status":"publish","type":"product","link":"https:\/\/reginett.ee\/ru\/toode\/murutraktor-john-deere-x107-my23\/","title":{"rendered":"Murutraktor John Deere X107 MY26"},"content":{"rendered":"<p><strong>Murutraktor John Deere X107 MY23<\/strong> on sobiv masin kuni 4000 m<sup>2.<\/sup><\/p>\n<p>Traktoril on v\u00f5imas ja t\u00f6\u00f6kindel mootor, ergonoomiline ja loogiline juhikoht. T\u00e4nu kahe pedaaliga h\u00fcdrostaatilisele automaatk\u00e4igukastile on edasi tagasi man\u00f6\u00f6verdamine eriti lihtne. Tugevast terasest valmistatud niiduseade on v\u00e4ga vastupidav. V\u00f5imas Briggs&amp;Stratton 11,11 kW mootor annab igas olukorras piisava j\u00f5udluse.<\/p>\n","protected":false},"excerpt":{"rendered":"<p><strong>Murutraktor John Deere X107 MY23<\/strong> on sobiv masin kuni 4000 m<sup>2.<\/sup><\/p>\n<p>Traktoril on v\u00f5imas ja t\u00f6\u00f6kindel mootor, ergonoomiline ja loogiline juhikoht.<\/p>\n","protected":false},"featured_media":59067,"comment_status":"open","ping_status":"closed","template":"","meta":{"_acf_changed":false,"_et_pb_use_builder":"","_et_pb_old_content":"","_et_gb_content_width":"","inline_featured_image":false},"pwb-brand":[493],"product_brand":[],"product_cat":[134,26],"product_tag":[494,47,77],"class_list":{"0":"post-59066","1":"product","2":"type-product","3":"status-publish","4":"has-post-thumbnail","6":"pwb-brand-john-deere","7":"product_cat-eripakkumised","8":"product_cat-murutraktorid","9":"product_tag-john-deere","10":"product_tag-murutraktor","11":"product_tag-traktor","12":"product_shipping_class-rasked-asjad","14":"first","15":"instock","16":"sale","17":"shipping-taxable","18":"purchasable","19":"product-type-simple"},"acf":[],"yoast_head":"<!-- This site is optimized with the Yoast SEO plugin v26.6 - https:\/\/yoast.com\/wordpress\/plugins\/seo\/ -->\n<title>Murutraktor John Deere X107 MY23. John Deere Reginett<\/title>\n<meta name=\"description\" content=\"Murutraktor John Deere X107 MY23 on sobiv masin kuni 4000 m2.Traktoril on v\u00f5imas ja t\u00f6\u00f6kindel mootor, ergonoomiline ja loogiline juhikoht.\" \/>\n<meta name=\"robots\" content=\"index, follow, max-snippet:-1, max-image-preview:large, max-video-preview:-1\" \/>\n<link rel=\"canonical\" href=\"https:\/\/reginett.ee\/toode\/murutraktor-john-deere-x107-my23\/\" \/>\n<meta property=\"og:locale\" content=\"ru_RU\" \/>\n<meta property=\"og:type\" content=\"article\" \/>\n<meta property=\"og:title\" content=\"Murutraktor John Deere X107 MY23. John Deere Reginett\" \/>\n<meta property=\"og:description\" content=\"Murutraktor John Deere X107 MY23 on sobiv masin kuni 4000 m2.Traktoril on v\u00f5imas ja t\u00f6\u00f6kindel mootor, ergonoomiline ja loogiline juhikoht.\" \/>\n<meta property=\"og:url\" content=\"https:\/\/reginett.ee\/toode\/murutraktor-john-deere-x107-my23\/\" \/>\n<meta property=\"og:site_name\" content=\"Reginett\" \/>\n<meta property=\"article:modified_time\" content=\"2026-04-12T11:33:00+00:00\" \/>\n<meta property=\"og:image\" content=\"https:\/\/reginett.ee\/wp-content\/uploads\/2023\/01\/John-Deere-X107.jpg\" \/>\n\t<meta property=\"og:image:width\" content=\"680\" \/>\n\t<meta property=\"og:image:height\" content=\"372\" \/>\n\t<meta property=\"og:image:type\" content=\"image\/jpeg\" \/>\n<meta name=\"twitter:card\" content=\"summary_large_image\" \/>\n<meta name=\"twitter:label1\" content=\"\u041f\u0440\u0438\u043c\u0435\u0440\u043d\u043e\u0435 \u0432\u0440\u0435\u043c\u044f \u0434\u043b\u044f \u0447\u0442\u0435\u043d\u0438\u044f\" \/>\n\t<meta name=\"twitter:data1\" content=\"1 \u043c\u0438\u043d\u0443\u0442\u0430\" \/>\n<script type=\"application\/ld+json\" class=\"yoast-schema-graph\">{\"@context\":\"https:\/\/schema.org\",\"@graph\":[{\"@type\":\"WebPage\",\"@id\":\"https:\/\/reginett.ee\/toode\/murutraktor-john-deere-x107-my23\/\",\"url\":\"https:\/\/reginett.ee\/toode\/murutraktor-john-deere-x107-my23\/\",\"name\":\"Murutraktor John Deere X107 MY23. John Deere Reginett\",\"isPartOf\":{\"@id\":\"https:\/\/reginett.ee\/#website\"},\"primaryImageOfPage\":{\"@id\":\"https:\/\/reginett.ee\/toode\/murutraktor-john-deere-x107-my23\/#primaryimage\"},\"image\":{\"@id\":\"https:\/\/reginett.ee\/toode\/murutraktor-john-deere-x107-my23\/#primaryimage\"},\"thumbnailUrl\":\"https:\/\/reginett.ee\/wp-content\/uploads\/2023\/01\/John-Deere-X107.jpg\",\"datePublished\":\"2023-01-30T10:05:48+00:00\",\"dateModified\":\"2026-04-12T11:33:00+00:00\",\"description\":\"Murutraktor John Deere X107 MY23 on sobiv masin kuni 4000 m2.Traktoril on v\u00f5imas ja t\u00f6\u00f6kindel mootor, ergonoomiline ja loogiline juhikoht.\",\"breadcrumb\":{\"@id\":\"https:\/\/reginett.ee\/toode\/murutraktor-john-deere-x107-my23\/#breadcrumb\"},\"inLanguage\":\"ru-RU\",\"potentialAction\":[{\"@type\":\"ReadAction\",\"target\":[\"https:\/\/reginett.ee\/toode\/murutraktor-john-deere-x107-my23\/\"]}]},{\"@type\":\"ImageObject\",\"inLanguage\":\"ru-RU\",\"@id\":\"https:\/\/reginett.ee\/toode\/murutraktor-john-deere-x107-my23\/#primaryimage\",\"url\":\"https:\/\/reginett.ee\/wp-content\/uploads\/2023\/01\/John-Deere-X107.jpg\",\"contentUrl\":\"https:\/\/reginett.ee\/wp-content\/uploads\/2023\/01\/John-Deere-X107.jpg\",\"width\":680,\"height\":372,\"caption\":\"John Deere X107\"},{\"@type\":\"BreadcrumbList\",\"@id\":\"https:\/\/reginett.ee\/toode\/murutraktor-john-deere-x107-my23\/#breadcrumb\",\"itemListElement\":[{\"@type\":\"ListItem\",\"position\":1,\"name\":\"Home\",\"item\":\"https:\/\/reginett.ee\/ru\/\"},{\"@type\":\"ListItem\",\"position\":2,\"name\":\"Tooted\",\"item\":\"https:\/\/reginett.ee\/tooted\/\"},{\"@type\":\"ListItem\",\"position\":3,\"name\":\"Murutraktor John Deere X107 MY26\"}]},{\"@type\":\"WebSite\",\"@id\":\"https:\/\/reginett.ee\/#website\",\"url\":\"https:\/\/reginett.ee\/\",\"name\":\"Reginett\",\"description\":\"Parimad robotniidukid\",\"potentialAction\":[{\"@type\":\"SearchAction\",\"target\":{\"@type\":\"EntryPoint\",\"urlTemplate\":\"https:\/\/reginett.ee\/?s={search_term_string}\"},\"query-input\":{\"@type\":\"PropertyValueSpecification\",\"valueRequired\":true,\"valueName\":\"search_term_string\"}}],\"inLanguage\":\"ru-RU\"}]}<\/script>\n<!-- \/ Yoast SEO plugin. -->","yoast_head_json":{"title":"Murutraktor John Deere X107 MY23. John Deere Reginett","description":"Murutraktor John Deere X107 MY23 on sobiv masin kuni 4000 m2.Traktoril on v\u00f5imas ja t\u00f6\u00f6kindel mootor, ergonoomiline ja loogiline juhikoht.","robots":{"index":"index","follow":"follow","max-snippet":"max-snippet:-1","max-image-preview":"max-image-preview:large","max-video-preview":"max-video-preview:-1"},"canonical":"https:\/\/reginett.ee\/toode\/murutraktor-john-deere-x107-my23\/","og_locale":"ru_RU","og_type":"article","og_title":"Murutraktor John Deere X107 MY23. John Deere Reginett","og_description":"Murutraktor John Deere X107 MY23 on sobiv masin kuni 4000 m2.Traktoril on v\u00f5imas ja t\u00f6\u00f6kindel mootor, ergonoomiline ja loogiline juhikoht.","og_url":"https:\/\/reginett.ee\/toode\/murutraktor-john-deere-x107-my23\/","og_site_name":"Reginett","article_modified_time":"2026-04-12T11:33:00+00:00","og_image":[{"width":680,"height":372,"url":"https:\/\/reginett.ee\/wp-content\/uploads\/2023\/01\/John-Deere-X107.jpg","type":"image\/jpeg"}],"twitter_card":"summary_large_image","twitter_misc":{"\u041f\u0440\u0438\u043c\u0435\u0440\u043d\u043e\u0435 \u0432\u0440\u0435\u043c\u044f \u0434\u043b\u044f \u0447\u0442\u0435\u043d\u0438\u044f":"1 \u043c\u0438\u043d\u0443\u0442\u0430"},"schema":{"@context":"https:\/\/schema.org","@graph":[{"@type":"WebPage","@id":"https:\/\/reginett.ee\/toode\/murutraktor-john-deere-x107-my23\/","url":"https:\/\/reginett.ee\/toode\/murutraktor-john-deere-x107-my23\/","name":"Murutraktor John Deere X107 MY23. John Deere Reginett","isPartOf":{"@id":"https:\/\/reginett.ee\/#website"},"primaryImageOfPage":{"@id":"https:\/\/reginett.ee\/toode\/murutraktor-john-deere-x107-my23\/#primaryimage"},"image":{"@id":"https:\/\/reginett.ee\/toode\/murutraktor-john-deere-x107-my23\/#primaryimage"},"thumbnailUrl":"https:\/\/reginett.ee\/wp-content\/uploads\/2023\/01\/John-Deere-X107.jpg","datePublished":"2023-01-30T10:05:48+00:00","dateModified":"2026-04-12T11:33:00+00:00","description":"Murutraktor John Deere X107 MY23 on sobiv masin kuni 4000 m2.Traktoril on v\u00f5imas ja t\u00f6\u00f6kindel mootor, ergonoomiline ja loogiline juhikoht.","breadcrumb":{"@id":"https:\/\/reginett.ee\/toode\/murutraktor-john-deere-x107-my23\/#breadcrumb"},"inLanguage":"ru-RU","potentialAction":[{"@type":"ReadAction","target":["https:\/\/reginett.ee\/toode\/murutraktor-john-deere-x107-my23\/"]}]},{"@type":"ImageObject","inLanguage":"ru-RU","@id":"https:\/\/reginett.ee\/toode\/murutraktor-john-deere-x107-my23\/#primaryimage","url":"https:\/\/reginett.ee\/wp-content\/uploads\/2023\/01\/John-Deere-X107.jpg","contentUrl":"https:\/\/reginett.ee\/wp-content\/uploads\/2023\/01\/John-Deere-X107.jpg","width":680,"height":372,"caption":"John Deere X107"},{"@type":"BreadcrumbList","@id":"https:\/\/reginett.ee\/toode\/murutraktor-john-deere-x107-my23\/#breadcrumb","itemListElement":[{"@type":"ListItem","position":1,"name":"Home","item":"https:\/\/reginett.ee\/ru\/"},{"@type":"ListItem","position":2,"name":"Tooted","item":"https:\/\/reginett.ee\/tooted\/"},{"@type":"ListItem","position":3,"name":"Murutraktor John Deere X107 MY26"}]},{"@type":"WebSite","@id":"https:\/\/reginett.ee\/#website","url":"https:\/\/reginett.ee\/","name":"Reginett","description":"Parimad robotniidukid","potentialAction":[{"@type":"SearchAction","target":{"@type":"EntryPoint","urlTemplate":"https:\/\/reginett.ee\/?s={search_term_string}"},"query-input":{"@type":"PropertyValueSpecification","valueRequired":true,"valueName":"search_term_string"}}],"inLanguage":"ru-RU"}]}},"brands":[{"id":493,"name":"John Deere","slug":"john-deere"}],"_links":{"self":[{"href":"https:\/\/reginett.ee\/ru\/wp-json\/wp\/v2\/product\/59066","targetHints":{"allow":["GET"]}}],"collection":[{"href":"https:\/\/reginett.ee\/ru\/wp-json\/wp\/v2\/product"}],"about":[{"href":"https:\/\/reginett.ee\/ru\/wp-json\/wp\/v2\/types\/product"}],"replies":[{"embeddable":true,"href":"https:\/\/reginett.ee\/ru\/wp-json\/wp\/v2\/comments?post=59066"}],"wp:featuredmedia":[{"embeddable":true,"href":"https:\/\/reginett.ee\/ru\/wp-json\/wp\/v2\/media\/59067"}],"wp:attachment":[{"href":"https:\/\/reginett.ee\/ru\/wp-json\/wp\/v2\/media?parent=59066"}],"wp:term":[{"taxonomy":"pwb-brand","embeddable":true,"href":"https:\/\/reginett.ee\/ru\/wp-json\/wp\/v2\/pwb-brand?post=59066"},{"taxonomy":"product_brand","embeddable":true,"href":"https:\/\/reginett.ee\/ru\/wp-json\/wp\/v2\/product_brand?post=59066"},{"taxonomy":"product_cat","embeddable":true,"href":"https:\/\/reginett.ee\/ru\/wp-json\/wp\/v2\/product_cat?post=59066"},{"taxonomy":"product_tag","embeddable":true,"href":"https:\/\/reginett.ee\/ru\/wp-json\/wp\/v2\/product_tag?post=59066"}],"curies":[{"name":"wp","href":"https:\/\/api.w.org\/{rel}","templated":true}]}}