{"id":58990,"date":"2022-01-14T14:30:26","date_gmt":"2022-01-14T11:30:26","guid":{"rendered":"https:\/\/reginett.ee\/?post_type=product&#038;p=58990"},"modified":"2025-10-13T17:36:52","modified_gmt":"2025-10-13T14:36:52","slug":"omblusmasin-singer-m2605","status":"publish","type":"product","link":"https:\/\/reginett.ee\/ru\/toode\/omblusmasin-singer-m2605\/","title":{"rendered":"\u00d5mblusmasin Singer M2605"},"content":{"rendered":"<p>Singer M2605 on lihtsasti kasutatav mehaaniline \u00f5mblusmasin, mis sobib nii alustajale kui ka edasij\u00f5udnule.<\/p>\n<p>Masinal on 12 erinevat pistet, ka venivale kangale, 4-etapiline n\u00f6\u00f6pauk, LED-valgustus.<\/p>\n<p>Reguleeritav piste pikkus ja laius, vertikaalne poolipesa.<\/p>\n<p>&nbsp;<\/p>\n<p>&nbsp;<\/p>\n<p>&nbsp;<\/p>\n<p>&nbsp;<\/p>\n<p>&nbsp;<\/p>\n","protected":false},"excerpt":{"rendered":"<p><strong>Singer M2605<\/strong> on lihtsasti kasutatav \u00f5mblusmasin, mis sobib nii alustajale kui ka edasij\u00f5udnule.<\/p>\n","protected":false},"featured_media":58992,"comment_status":"open","ping_status":"closed","template":"","meta":{"_acf_changed":false,"_et_pb_use_builder":"","_et_pb_old_content":"","_et_gb_content_width":"","inline_featured_image":false},"pwb-brand":[],"product_brand":[],"product_cat":[55],"product_tag":[492,265],"class_list":{"0":"post-58990","1":"product","2":"type-product","3":"status-publish","4":"has-post-thumbnail","6":"product_cat-omblusmasinad-ja-tarvikud","7":"product_tag-oblusmasin","8":"product_tag-singer","10":"first","11":"outofstock","12":"sale","13":"shipping-taxable","14":"purchasable","15":"product-type-simple"},"acf":[],"yoast_head":"<!-- This site is optimized with the Yoast SEO plugin v26.6 - https:\/\/yoast.com\/wordpress\/plugins\/seo\/ -->\n<title>\u00d5mblusmasin Singer M2605. Soodne \u00f5mblusmasin Reginetist<\/title>\n<meta name=\"description\" content=\"Singer M2605 on lihtsasti kasutatav \u00f5mblusmasin, mis sobib nii alustajale kui ka edasij\u00f5udnule.Masinal on 12 erinevat pistet, ka venivale kangale\" \/>\n<meta name=\"robots\" content=\"index, follow, max-snippet:-1, max-image-preview:large, max-video-preview:-1\" \/>\n<link rel=\"canonical\" href=\"https:\/\/reginett.ee\/toode\/omblusmasin-singer-m2605\/\" \/>\n<meta property=\"og:locale\" content=\"ru_RU\" \/>\n<meta property=\"og:type\" content=\"article\" \/>\n<meta property=\"og:title\" content=\"\u00d5mblusmasin Singer M2605. Soodne \u00f5mblusmasin Reginetist\" \/>\n<meta property=\"og:description\" content=\"Singer M2605 on lihtsasti kasutatav \u00f5mblusmasin, mis sobib nii alustajale kui ka edasij\u00f5udnule.Masinal on 12 erinevat pistet, ka venivale kangale\" \/>\n<meta property=\"og:url\" content=\"https:\/\/reginett.ee\/toode\/omblusmasin-singer-m2605\/\" \/>\n<meta property=\"og:site_name\" content=\"Reginett\" \/>\n<meta property=\"article:modified_time\" content=\"2025-10-13T14:36:52+00:00\" \/>\n<meta property=\"og:image\" content=\"https:\/\/reginett.ee\/wp-content\/uploads\/2023\/01\/Omblusmasin-Singer-M2605.jpg\" \/>\n\t<meta property=\"og:image:width\" content=\"680\" \/>\n\t<meta property=\"og:image:height\" content=\"372\" \/>\n\t<meta property=\"og:image:type\" content=\"image\/jpeg\" \/>\n<meta name=\"twitter:card\" content=\"summary_large_image\" \/>\n<meta name=\"twitter:label1\" content=\"\u041f\u0440\u0438\u043c\u0435\u0440\u043d\u043e\u0435 \u0432\u0440\u0435\u043c\u044f \u0434\u043b\u044f \u0447\u0442\u0435\u043d\u0438\u044f\" \/>\n\t<meta name=\"twitter:data1\" content=\"1 \u043c\u0438\u043d\u0443\u0442\u0430\" \/>\n<script type=\"application\/ld+json\" class=\"yoast-schema-graph\">{\"@context\":\"https:\/\/schema.org\",\"@graph\":[{\"@type\":\"WebPage\",\"@id\":\"https:\/\/reginett.ee\/toode\/omblusmasin-singer-m2605\/\",\"url\":\"https:\/\/reginett.ee\/toode\/omblusmasin-singer-m2605\/\",\"name\":\"\u00d5mblusmasin Singer M2605. Soodne \u00f5mblusmasin Reginetist\",\"isPartOf\":{\"@id\":\"https:\/\/reginett.ee\/#website\"},\"primaryImageOfPage\":{\"@id\":\"https:\/\/reginett.ee\/toode\/omblusmasin-singer-m2605\/#primaryimage\"},\"image\":{\"@id\":\"https:\/\/reginett.ee\/toode\/omblusmasin-singer-m2605\/#primaryimage\"},\"thumbnailUrl\":\"https:\/\/reginett.ee\/wp-content\/uploads\/2023\/01\/Omblusmasin-Singer-M2605.jpg\",\"datePublished\":\"2022-01-14T11:30:26+00:00\",\"dateModified\":\"2025-10-13T14:36:52+00:00\",\"description\":\"Singer M2605 on lihtsasti kasutatav \u00f5mblusmasin, mis sobib nii alustajale kui ka edasij\u00f5udnule.Masinal on 12 erinevat pistet, ka venivale kangale\",\"breadcrumb\":{\"@id\":\"https:\/\/reginett.ee\/toode\/omblusmasin-singer-m2605\/#breadcrumb\"},\"inLanguage\":\"ru-RU\",\"potentialAction\":[{\"@type\":\"ReadAction\",\"target\":[\"https:\/\/reginett.ee\/toode\/omblusmasin-singer-m2605\/\"]}]},{\"@type\":\"ImageObject\",\"inLanguage\":\"ru-RU\",\"@id\":\"https:\/\/reginett.ee\/toode\/omblusmasin-singer-m2605\/#primaryimage\",\"url\":\"https:\/\/reginett.ee\/wp-content\/uploads\/2023\/01\/Omblusmasin-Singer-M2605.jpg\",\"contentUrl\":\"https:\/\/reginett.ee\/wp-content\/uploads\/2023\/01\/Omblusmasin-Singer-M2605.jpg\",\"width\":680,\"height\":372,\"caption\":\"\u00d5mblusmasin Singer M2605\"},{\"@type\":\"BreadcrumbList\",\"@id\":\"https:\/\/reginett.ee\/toode\/omblusmasin-singer-m2605\/#breadcrumb\",\"itemListElement\":[{\"@type\":\"ListItem\",\"position\":1,\"name\":\"Home\",\"item\":\"https:\/\/reginett.ee\/ru\/\"},{\"@type\":\"ListItem\",\"position\":2,\"name\":\"Tooted\",\"item\":\"https:\/\/reginett.ee\/tooted\/\"},{\"@type\":\"ListItem\",\"position\":3,\"name\":\"\u00d5mblusmasin Singer M2605\"}]},{\"@type\":\"WebSite\",\"@id\":\"https:\/\/reginett.ee\/#website\",\"url\":\"https:\/\/reginett.ee\/\",\"name\":\"Reginett\",\"description\":\"Parimad robotniidukid\",\"potentialAction\":[{\"@type\":\"SearchAction\",\"target\":{\"@type\":\"EntryPoint\",\"urlTemplate\":\"https:\/\/reginett.ee\/?s={search_term_string}\"},\"query-input\":{\"@type\":\"PropertyValueSpecification\",\"valueRequired\":true,\"valueName\":\"search_term_string\"}}],\"inLanguage\":\"ru-RU\"}]}<\/script>\n<!-- \/ Yoast SEO plugin. -->","yoast_head_json":{"title":"\u00d5mblusmasin Singer M2605. Soodne \u00f5mblusmasin Reginetist","description":"Singer M2605 on lihtsasti kasutatav \u00f5mblusmasin, mis sobib nii alustajale kui ka edasij\u00f5udnule.Masinal on 12 erinevat pistet, ka venivale kangale","robots":{"index":"index","follow":"follow","max-snippet":"max-snippet:-1","max-image-preview":"max-image-preview:large","max-video-preview":"max-video-preview:-1"},"canonical":"https:\/\/reginett.ee\/toode\/omblusmasin-singer-m2605\/","og_locale":"ru_RU","og_type":"article","og_title":"\u00d5mblusmasin Singer M2605. Soodne \u00f5mblusmasin Reginetist","og_description":"Singer M2605 on lihtsasti kasutatav \u00f5mblusmasin, mis sobib nii alustajale kui ka edasij\u00f5udnule.Masinal on 12 erinevat pistet, ka venivale kangale","og_url":"https:\/\/reginett.ee\/toode\/omblusmasin-singer-m2605\/","og_site_name":"Reginett","article_modified_time":"2025-10-13T14:36:52+00:00","og_image":[{"width":680,"height":372,"url":"https:\/\/reginett.ee\/wp-content\/uploads\/2023\/01\/Omblusmasin-Singer-M2605.jpg","type":"image\/jpeg"}],"twitter_card":"summary_large_image","twitter_misc":{"\u041f\u0440\u0438\u043c\u0435\u0440\u043d\u043e\u0435 \u0432\u0440\u0435\u043c\u044f \u0434\u043b\u044f \u0447\u0442\u0435\u043d\u0438\u044f":"1 \u043c\u0438\u043d\u0443\u0442\u0430"},"schema":{"@context":"https:\/\/schema.org","@graph":[{"@type":"WebPage","@id":"https:\/\/reginett.ee\/toode\/omblusmasin-singer-m2605\/","url":"https:\/\/reginett.ee\/toode\/omblusmasin-singer-m2605\/","name":"\u00d5mblusmasin Singer M2605. Soodne \u00f5mblusmasin Reginetist","isPartOf":{"@id":"https:\/\/reginett.ee\/#website"},"primaryImageOfPage":{"@id":"https:\/\/reginett.ee\/toode\/omblusmasin-singer-m2605\/#primaryimage"},"image":{"@id":"https:\/\/reginett.ee\/toode\/omblusmasin-singer-m2605\/#primaryimage"},"thumbnailUrl":"https:\/\/reginett.ee\/wp-content\/uploads\/2023\/01\/Omblusmasin-Singer-M2605.jpg","datePublished":"2022-01-14T11:30:26+00:00","dateModified":"2025-10-13T14:36:52+00:00","description":"Singer M2605 on lihtsasti kasutatav \u00f5mblusmasin, mis sobib nii alustajale kui ka edasij\u00f5udnule.Masinal on 12 erinevat pistet, ka venivale kangale","breadcrumb":{"@id":"https:\/\/reginett.ee\/toode\/omblusmasin-singer-m2605\/#breadcrumb"},"inLanguage":"ru-RU","potentialAction":[{"@type":"ReadAction","target":["https:\/\/reginett.ee\/toode\/omblusmasin-singer-m2605\/"]}]},{"@type":"ImageObject","inLanguage":"ru-RU","@id":"https:\/\/reginett.ee\/toode\/omblusmasin-singer-m2605\/#primaryimage","url":"https:\/\/reginett.ee\/wp-content\/uploads\/2023\/01\/Omblusmasin-Singer-M2605.jpg","contentUrl":"https:\/\/reginett.ee\/wp-content\/uploads\/2023\/01\/Omblusmasin-Singer-M2605.jpg","width":680,"height":372,"caption":"\u00d5mblusmasin Singer M2605"},{"@type":"BreadcrumbList","@id":"https:\/\/reginett.ee\/toode\/omblusmasin-singer-m2605\/#breadcrumb","itemListElement":[{"@type":"ListItem","position":1,"name":"Home","item":"https:\/\/reginett.ee\/ru\/"},{"@type":"ListItem","position":2,"name":"Tooted","item":"https:\/\/reginett.ee\/tooted\/"},{"@type":"ListItem","position":3,"name":"\u00d5mblusmasin Singer M2605"}]},{"@type":"WebSite","@id":"https:\/\/reginett.ee\/#website","url":"https:\/\/reginett.ee\/","name":"Reginett","description":"Parimad robotniidukid","potentialAction":[{"@type":"SearchAction","target":{"@type":"EntryPoint","urlTemplate":"https:\/\/reginett.ee\/?s={search_term_string}"},"query-input":{"@type":"PropertyValueSpecification","valueRequired":true,"valueName":"search_term_string"}}],"inLanguage":"ru-RU"}]}},"brands":[],"_links":{"self":[{"href":"https:\/\/reginett.ee\/ru\/wp-json\/wp\/v2\/product\/58990","targetHints":{"allow":["GET"]}}],"collection":[{"href":"https:\/\/reginett.ee\/ru\/wp-json\/wp\/v2\/product"}],"about":[{"href":"https:\/\/reginett.ee\/ru\/wp-json\/wp\/v2\/types\/product"}],"replies":[{"embeddable":true,"href":"https:\/\/reginett.ee\/ru\/wp-json\/wp\/v2\/comments?post=58990"}],"wp:featuredmedia":[{"embeddable":true,"href":"https:\/\/reginett.ee\/ru\/wp-json\/wp\/v2\/media\/58992"}],"wp:attachment":[{"href":"https:\/\/reginett.ee\/ru\/wp-json\/wp\/v2\/media?parent=58990"}],"wp:term":[{"taxonomy":"pwb-brand","embeddable":true,"href":"https:\/\/reginett.ee\/ru\/wp-json\/wp\/v2\/pwb-brand?post=58990"},{"taxonomy":"product_brand","embeddable":true,"href":"https:\/\/reginett.ee\/ru\/wp-json\/wp\/v2\/product_brand?post=58990"},{"taxonomy":"product_cat","embeddable":true,"href":"https:\/\/reginett.ee\/ru\/wp-json\/wp\/v2\/product_cat?post=58990"},{"taxonomy":"product_tag","embeddable":true,"href":"https:\/\/reginett.ee\/ru\/wp-json\/wp\/v2\/product_tag?post=58990"}],"curies":[{"name":"wp","href":"https:\/\/api.w.org\/{rel}","templated":true}]}}