{"id":58946,"date":"2022-12-30T12:15:49","date_gmt":"2022-12-30T09:15:49","guid":{"rendered":"https:\/\/reginett.ee\/?post_type=product&#038;p=58946"},"modified":"2022-12-30T12:19:20","modified_gmt":"2022-12-30T09:19:20","slug":"akuga-kettsaag-ego-cs1800e-56v","status":"publish","type":"product","link":"https:\/\/reginett.ee\/ru\/toode\/akuga-kettsaag-ego-cs1800e-56v\/","title":{"rendered":"Akuga kettsaag EGO CS1800E 56V"},"content":{"rendered":"<p><strong>EGO CS1800E POWER+ kettsaag<\/strong> on v\u00f5imsaim omataoline akutoitel mudel, mille toiteallikaks on esimene 56-voldine liitium-ioon aku, mis on 40% v\u00f5imsam kui senine juhtiv 40-voldine aku. Aku on eemaldatav ning sobib k\u00f5igile EGO akuseadmetele. 18-tolline (45 cm) juhtplaat ja kett koos efektiivse harjavaba mootoriga tagab \u00fchtlase l\u00f5ike. Harjavaba mootor pikendab seadme eluiga ja t\u00f6\u00f6aega. EGO POWER+ mootorsae j\u00f5udlus on v\u00f5rdne bensiini toitel t\u00f6\u00f6tavate saagide omaga, kuid seda ilma m\u00fcra ja heitgaasideta.<\/p>\n<p>CS1800E-l on ka automaatne <strong>ketipingutuss\u00fcsteem<\/strong> ning <strong>sisseehitatud LED lamp<\/strong> t\u00f6\u00f6ala valgustamiseks.<\/p>\n<ul>\n<li>Aku ja laadija ei kuulu komplekti!<\/li>\n<li><\/li>\n<\/ul>\n<p>T\u00f6\u00f6ajad:<\/p>\n<p>2,5 Ah akuga \u2013 kuni 130 l\u00f5iget<\/p>\n<p>5Ah akuga \u2013 kuni 300 l\u00f5iget<\/p>\n<p>7,5 Ah akuga \u2013 kuni 450 l\u00f5iget<\/p>\n<p>&nbsp;<\/p>\n<div class=\"woocommerce-tabs wc-tabs-wrapper\">\n<div id=\"tab-description\" class=\"woocommerce-Tabs-panel woocommerce-Tabs-panel--description panel entry-content wc-tab\" role=\"tabpanel\" aria-labelledby=\"tab-title-description\">\n<p><strong>BENSIINIMOOTORI V\u00d5IMSUS ILMA BENSIINITA<\/strong><\/p>\n<p>Vaheta fossiilk\u00fctused puhtama, rohelisema energia vastu. EGO Power+ pakub bensiinimootorile v\u00f5rdelist v\u00f5imsust, ilma sellega kaasneva m\u00fcra, sekelduste ja m\u00fcrgiste heitgaasideta.EGO unikaalne patenteeritud Arc liitiumaku on ehitatud nagu ei \u00fckski teine aku. Seet\u00f5ttu toimib ta ka nagu ei \u00fckski teine aku. Disainitud algusest peale nii, et see oleks v\u00f5rdne bensiinimootori poolt pakutava v\u00f5imsusega, on EGO Power+ 56V Arc liitiumakul uuenduslik disain aku jahutamise maksimeerimiseks. Erinevalt tavap\u00e4rastest tellisekujulistest akudest, kus akuelemendid on kokku pakitud, kuumenevad \u00fcle ja l\u00fclituvad v\u00e4lja, hajutab EGO unikaalne Arc disain kuumust t\u00f5husamalt.K\u00f5ik akuelemendid on \u00fcmbritsetud unikaalse Keep Cool\u2122 materjaliga, mis neelab soojusenergiat ja hoiab elemente kauem nende optimaalsel temperatuuril.EGO Power+ Arc 56V liitiumaku kasutab intelligentset energiahaldust, et iga akuelementi pidevalt j\u00e4lgida ja optimeerida, et saaksite alati parima v\u00f5imsuse, j\u00f5udluse ja t\u00f6\u00f6aja.Erinevalt teistest tootjatest, paigaldatakse meie akud jahutamise tagamiseks t\u00f6\u00f6riistadest v\u00e4ljapoole, mitte nende sisse. Tolmu ja niiskuse eest kaitseb neid vaikkate ning l\u00f6\u00f6ke ja vibratsiooni neelav korpus.Kui tuleb aeg akut laadida, on EGO Power+ Arc Lithium 56V liitiumaku k\u00f5ige kiiremini laetav aku.\u00dcks ja sama Arc liitiumaku sobib kasutamiseks k\u00f5ikide EGO Power+ tootesarja t\u00f6\u00f6riistadega. Kl\u00f5psake aku k\u00fclge ja olete t\u00f6\u00f6tamiseks valmis.K\u00f5ikidel EGO Power+ Professional toodetel on kodukasutajatele 5-aastane garantii t\u00f6\u00f6riistade ja 3-aastane garantii akude puhul. Profikasutajatele kehtib garantii t\u00f6\u00f6riistadele ja akudele 24 kuud.LEEBEM TEIE K\u00c4TELE, K\u00d5RVADELE, RAHAKOTILE JA KESKKONNALE. EGO Power+ s\u00fcsteem pakub bensiinimootoriga v\u00f5rdelist v\u00f5imsust, ilma selle negatiivsete k\u00fclgedeta. See on lihtsam, puhtam, vaiksem ja v\u00e4iksema vibratsiooni t\u00f5ttu on seda mugavam kasutada. V\u00e4iksemad k\u00e4itus- ja hoolduskulud t\u00e4hendavad \u00fcleminekul EGO Power+ s\u00fcsteemile pikaajalist s\u00e4\u00e4stmist. Lisaks, kuna kasutamisel ei teki heitgaase, saate anda oma panuse keskkonnam\u00f5jude v\u00e4hendamisele.<\/p>\n<\/div>\n<\/div>\n<div class=\"elementor elementor-6307\" data-elementor-type=\"page\" data-elementor-id=\"6307\">\n<div class=\"elementor-inner\">\n<div class=\"elementor-section-wrap\">\n<section class=\"elementor-section elementor-top-section elementor-element elementor-element-f2faf22 elementor-section-boxed elementor-section-height-default elementor-section-height-default\" data-id=\"f2faf22\" data-element_type=\"section\">\n<div class=\"elementor-container elementor-column-gap-default\">\n<div class=\"elementor-row\">\n<div class=\"elementor-column elementor-col-100 elementor-top-column elementor-element elementor-element-bf709df\" data-id=\"bf709df\" data-element_type=\"column\">\n<div class=\"elementor-column-wrap elementor-element-populated\">\n<div class=\"elementor-widget-wrap\">\n<div class=\"elementor-element elementor-element-0e27a6c elementor-widget-divider--view-line elementor-widget elementor-widget-divider\" data-id=\"0e27a6c\" data-element_type=\"widget\" data-widget_type=\"divider.default\">\n<div class=\"elementor-widget-container\">\n<div class=\"elementor-divider\"><\/div>\n<\/div>\n<\/div>\n<\/div>\n<\/div>\n<\/div>\n<\/div>\n<\/div>\n<\/section>\n<\/div>\n<\/div>\n<\/div>\n","protected":false},"excerpt":{"rendered":"<p><strong>EGO CS1800E POWER+ kettsaag<\/strong> on v\u00f5imsaim omataoline akutoitel mudel, mille toiteallikaks on esimene 56-voldine liitium-ioon aku, mis on 40% v\u00f5imsam kui senine juhtiv 40-voldine aku. Aku on eemaldatav ning sobib k\u00f5igile EGO akuseadmetele. 18-tolline (45 cm) juhtplaat ja kett koos efektiivse harjavaba mootoriga tagab \u00fchtlase l\u00f5ike. Harjavaba mootor pikendab seadme eluiga ja t\u00f6\u00f6aega. EGO POWER+ mootorsae j\u00f5udlus on v\u00f5rdne bensiini toitel t\u00f6\u00f6tavate saagide omaga, kuid seda ilma m\u00fcra ja heitgaasideta.CS1800E-l on ka automaatne <strong>ketipingutuss\u00fcsteem<\/strong> ning <strong>sisseehitatud LED lamp<\/strong> t\u00f6\u00f6ala valgustamiseks.<\/p>\n<ul>\n<li>Aku ja laadija ei kuulu komplekti!<\/li>\n<\/ul>\n","protected":false},"featured_media":58947,"comment_status":"open","ping_status":"closed","template":"","meta":{"_acf_changed":false,"_et_pb_use_builder":"","_et_pb_old_content":"","_et_gb_content_width":"","inline_featured_image":false},"pwb-brand":[486],"product_brand":[],"product_cat":[48,153,42],"product_tag":[487,70,69,488],"class_list":{"0":"post-58946","1":"product","2":"type-product","3":"status-publish","4":"has-post-thumbnail","6":"pwb-brand-ego","7":"product_cat-akutooted","8":"product_cat-ego","9":"product_cat-kettsaed","10":"product_tag-aku-kettsaag","11":"product_tag-akuga-saag","12":"product_tag-akusaag","13":"product_tag-saag-ego","15":"first","16":"instock","17":"shipping-taxable","18":"purchasable","19":"product-type-simple"},"acf":[],"yoast_head":"<!-- This site is optimized with the Yoast SEO plugin v26.6 - https:\/\/yoast.com\/wordpress\/plugins\/seo\/ -->\n<title>Akuga kettsaag EGO CS1800E 56V. Parimad akusaed Reginetist<\/title>\n<meta name=\"description\" content=\"EGO CS1800E POWER+ kettsaag on v\u00f5imsaim omataoline akutoitel mudel, mille toiteallikaks on esimene 56-voldine liitium-ioon aku\" \/>\n<meta name=\"robots\" content=\"index, follow, max-snippet:-1, max-image-preview:large, max-video-preview:-1\" \/>\n<link rel=\"canonical\" href=\"https:\/\/reginett.ee\/toode\/akuga-kettsaag-ego-cs1800e-56v\/\" \/>\n<meta property=\"og:locale\" content=\"ru_RU\" \/>\n<meta property=\"og:type\" content=\"article\" \/>\n<meta property=\"og:title\" content=\"Akuga kettsaag EGO CS1800E 56V. Parimad akusaed Reginetist\" \/>\n<meta property=\"og:description\" content=\"EGO CS1800E POWER+ kettsaag on v\u00f5imsaim omataoline akutoitel mudel, mille toiteallikaks on esimene 56-voldine liitium-ioon aku\" \/>\n<meta property=\"og:url\" content=\"https:\/\/reginett.ee\/toode\/akuga-kettsaag-ego-cs1800e-56v\/\" \/>\n<meta property=\"og:site_name\" content=\"Reginett\" \/>\n<meta property=\"article:modified_time\" content=\"2022-12-30T09:19:20+00:00\" \/>\n<meta property=\"og:image\" content=\"https:\/\/reginett.ee\/wp-content\/uploads\/2022\/12\/Akusaag-EGO-CS1800.png\" \/>\n\t<meta property=\"og:image:width\" content=\"1280\" \/>\n\t<meta property=\"og:image:height\" content=\"1280\" \/>\n\t<meta property=\"og:image:type\" content=\"image\/png\" \/>\n<meta name=\"twitter:card\" content=\"summary_large_image\" \/>\n<meta name=\"twitter:label1\" content=\"\u041f\u0440\u0438\u043c\u0435\u0440\u043d\u043e\u0435 \u0432\u0440\u0435\u043c\u044f \u0434\u043b\u044f \u0447\u0442\u0435\u043d\u0438\u044f\" \/>\n\t<meta name=\"twitter:data1\" content=\"2 \u043c\u0438\u043d\u0443\u0442\u044b\" \/>\n<script type=\"application\/ld+json\" class=\"yoast-schema-graph\">{\"@context\":\"https:\/\/schema.org\",\"@graph\":[{\"@type\":\"WebPage\",\"@id\":\"https:\/\/reginett.ee\/toode\/akuga-kettsaag-ego-cs1800e-56v\/\",\"url\":\"https:\/\/reginett.ee\/toode\/akuga-kettsaag-ego-cs1800e-56v\/\",\"name\":\"Akuga kettsaag EGO CS1800E 56V. Parimad akusaed Reginetist\",\"isPartOf\":{\"@id\":\"https:\/\/reginett.ee\/#website\"},\"primaryImageOfPage\":{\"@id\":\"https:\/\/reginett.ee\/toode\/akuga-kettsaag-ego-cs1800e-56v\/#primaryimage\"},\"image\":{\"@id\":\"https:\/\/reginett.ee\/toode\/akuga-kettsaag-ego-cs1800e-56v\/#primaryimage\"},\"thumbnailUrl\":\"https:\/\/reginett.ee\/wp-content\/uploads\/2022\/12\/Akusaag-EGO-CS1800.png\",\"datePublished\":\"2022-12-30T09:15:49+00:00\",\"dateModified\":\"2022-12-30T09:19:20+00:00\",\"description\":\"EGO CS1800E POWER+ kettsaag on v\u00f5imsaim omataoline akutoitel mudel, mille toiteallikaks on esimene 56-voldine liitium-ioon aku\",\"breadcrumb\":{\"@id\":\"https:\/\/reginett.ee\/toode\/akuga-kettsaag-ego-cs1800e-56v\/#breadcrumb\"},\"inLanguage\":\"ru-RU\",\"potentialAction\":[{\"@type\":\"ReadAction\",\"target\":[\"https:\/\/reginett.ee\/toode\/akuga-kettsaag-ego-cs1800e-56v\/\"]}]},{\"@type\":\"ImageObject\",\"inLanguage\":\"ru-RU\",\"@id\":\"https:\/\/reginett.ee\/toode\/akuga-kettsaag-ego-cs1800e-56v\/#primaryimage\",\"url\":\"https:\/\/reginett.ee\/wp-content\/uploads\/2022\/12\/Akusaag-EGO-CS1800.png\",\"contentUrl\":\"https:\/\/reginett.ee\/wp-content\/uploads\/2022\/12\/Akusaag-EGO-CS1800.png\",\"width\":1280,\"height\":1280,\"caption\":\"Akusaag EGO CS1800\"},{\"@type\":\"BreadcrumbList\",\"@id\":\"https:\/\/reginett.ee\/toode\/akuga-kettsaag-ego-cs1800e-56v\/#breadcrumb\",\"itemListElement\":[{\"@type\":\"ListItem\",\"position\":1,\"name\":\"Home\",\"item\":\"https:\/\/reginett.ee\/ru\/\"},{\"@type\":\"ListItem\",\"position\":2,\"name\":\"Tooted\",\"item\":\"https:\/\/reginett.ee\/tooted\/\"},{\"@type\":\"ListItem\",\"position\":3,\"name\":\"Akuga kettsaag EGO CS1800E 56V\"}]},{\"@type\":\"WebSite\",\"@id\":\"https:\/\/reginett.ee\/#website\",\"url\":\"https:\/\/reginett.ee\/\",\"name\":\"Reginett\",\"description\":\"Parimad robotniidukid\",\"potentialAction\":[{\"@type\":\"SearchAction\",\"target\":{\"@type\":\"EntryPoint\",\"urlTemplate\":\"https:\/\/reginett.ee\/?s={search_term_string}\"},\"query-input\":{\"@type\":\"PropertyValueSpecification\",\"valueRequired\":true,\"valueName\":\"search_term_string\"}}],\"inLanguage\":\"ru-RU\"}]}<\/script>\n<!-- \/ Yoast SEO plugin. -->","yoast_head_json":{"title":"Akuga kettsaag EGO CS1800E 56V. Parimad akusaed Reginetist","description":"EGO CS1800E POWER+ kettsaag on v\u00f5imsaim omataoline akutoitel mudel, mille toiteallikaks on esimene 56-voldine liitium-ioon aku","robots":{"index":"index","follow":"follow","max-snippet":"max-snippet:-1","max-image-preview":"max-image-preview:large","max-video-preview":"max-video-preview:-1"},"canonical":"https:\/\/reginett.ee\/toode\/akuga-kettsaag-ego-cs1800e-56v\/","og_locale":"ru_RU","og_type":"article","og_title":"Akuga kettsaag EGO CS1800E 56V. Parimad akusaed Reginetist","og_description":"EGO CS1800E POWER+ kettsaag on v\u00f5imsaim omataoline akutoitel mudel, mille toiteallikaks on esimene 56-voldine liitium-ioon aku","og_url":"https:\/\/reginett.ee\/toode\/akuga-kettsaag-ego-cs1800e-56v\/","og_site_name":"Reginett","article_modified_time":"2022-12-30T09:19:20+00:00","og_image":[{"width":1280,"height":1280,"url":"https:\/\/reginett.ee\/wp-content\/uploads\/2022\/12\/Akusaag-EGO-CS1800.png","type":"image\/png"}],"twitter_card":"summary_large_image","twitter_misc":{"\u041f\u0440\u0438\u043c\u0435\u0440\u043d\u043e\u0435 \u0432\u0440\u0435\u043c\u044f \u0434\u043b\u044f \u0447\u0442\u0435\u043d\u0438\u044f":"2 \u043c\u0438\u043d\u0443\u0442\u044b"},"schema":{"@context":"https:\/\/schema.org","@graph":[{"@type":"WebPage","@id":"https:\/\/reginett.ee\/toode\/akuga-kettsaag-ego-cs1800e-56v\/","url":"https:\/\/reginett.ee\/toode\/akuga-kettsaag-ego-cs1800e-56v\/","name":"Akuga kettsaag EGO CS1800E 56V. Parimad akusaed Reginetist","isPartOf":{"@id":"https:\/\/reginett.ee\/#website"},"primaryImageOfPage":{"@id":"https:\/\/reginett.ee\/toode\/akuga-kettsaag-ego-cs1800e-56v\/#primaryimage"},"image":{"@id":"https:\/\/reginett.ee\/toode\/akuga-kettsaag-ego-cs1800e-56v\/#primaryimage"},"thumbnailUrl":"https:\/\/reginett.ee\/wp-content\/uploads\/2022\/12\/Akusaag-EGO-CS1800.png","datePublished":"2022-12-30T09:15:49+00:00","dateModified":"2022-12-30T09:19:20+00:00","description":"EGO CS1800E POWER+ kettsaag on v\u00f5imsaim omataoline akutoitel mudel, mille toiteallikaks on esimene 56-voldine liitium-ioon aku","breadcrumb":{"@id":"https:\/\/reginett.ee\/toode\/akuga-kettsaag-ego-cs1800e-56v\/#breadcrumb"},"inLanguage":"ru-RU","potentialAction":[{"@type":"ReadAction","target":["https:\/\/reginett.ee\/toode\/akuga-kettsaag-ego-cs1800e-56v\/"]}]},{"@type":"ImageObject","inLanguage":"ru-RU","@id":"https:\/\/reginett.ee\/toode\/akuga-kettsaag-ego-cs1800e-56v\/#primaryimage","url":"https:\/\/reginett.ee\/wp-content\/uploads\/2022\/12\/Akusaag-EGO-CS1800.png","contentUrl":"https:\/\/reginett.ee\/wp-content\/uploads\/2022\/12\/Akusaag-EGO-CS1800.png","width":1280,"height":1280,"caption":"Akusaag EGO CS1800"},{"@type":"BreadcrumbList","@id":"https:\/\/reginett.ee\/toode\/akuga-kettsaag-ego-cs1800e-56v\/#breadcrumb","itemListElement":[{"@type":"ListItem","position":1,"name":"Home","item":"https:\/\/reginett.ee\/ru\/"},{"@type":"ListItem","position":2,"name":"Tooted","item":"https:\/\/reginett.ee\/tooted\/"},{"@type":"ListItem","position":3,"name":"Akuga kettsaag EGO CS1800E 56V"}]},{"@type":"WebSite","@id":"https:\/\/reginett.ee\/#website","url":"https:\/\/reginett.ee\/","name":"Reginett","description":"Parimad robotniidukid","potentialAction":[{"@type":"SearchAction","target":{"@type":"EntryPoint","urlTemplate":"https:\/\/reginett.ee\/?s={search_term_string}"},"query-input":{"@type":"PropertyValueSpecification","valueRequired":true,"valueName":"search_term_string"}}],"inLanguage":"ru-RU"}]}},"brands":[{"id":486,"name":"EGO","slug":"ego"}],"_links":{"self":[{"href":"https:\/\/reginett.ee\/ru\/wp-json\/wp\/v2\/product\/58946","targetHints":{"allow":["GET"]}}],"collection":[{"href":"https:\/\/reginett.ee\/ru\/wp-json\/wp\/v2\/product"}],"about":[{"href":"https:\/\/reginett.ee\/ru\/wp-json\/wp\/v2\/types\/product"}],"replies":[{"embeddable":true,"href":"https:\/\/reginett.ee\/ru\/wp-json\/wp\/v2\/comments?post=58946"}],"wp:featuredmedia":[{"embeddable":true,"href":"https:\/\/reginett.ee\/ru\/wp-json\/wp\/v2\/media\/58947"}],"wp:attachment":[{"href":"https:\/\/reginett.ee\/ru\/wp-json\/wp\/v2\/media?parent=58946"}],"wp:term":[{"taxonomy":"pwb-brand","embeddable":true,"href":"https:\/\/reginett.ee\/ru\/wp-json\/wp\/v2\/pwb-brand?post=58946"},{"taxonomy":"product_brand","embeddable":true,"href":"https:\/\/reginett.ee\/ru\/wp-json\/wp\/v2\/product_brand?post=58946"},{"taxonomy":"product_cat","embeddable":true,"href":"https:\/\/reginett.ee\/ru\/wp-json\/wp\/v2\/product_cat?post=58946"},{"taxonomy":"product_tag","embeddable":true,"href":"https:\/\/reginett.ee\/ru\/wp-json\/wp\/v2\/product_tag?post=58946"}],"curies":[{"name":"wp","href":"https:\/\/api.w.org\/{rel}","templated":true}]}}