{"id":58939,"date":"2022-12-27T11:44:49","date_gmt":"2022-12-27T08:44:49","guid":{"rendered":"https:\/\/reginett.ee\/?post_type=product&#038;p=58939"},"modified":"2023-03-25T13:24:45","modified_gmt":"2023-03-25T10:24:45","slug":"lumepuhur-toro-1028-ohxe-powermax-hd","status":"publish","type":"product","link":"https:\/\/reginett.ee\/ru\/toode\/lumepuhur-toro-1028-ohxe-powermax-hd\/","title":{"rendered":"Lumepuhur TORO 1028 OHXE Power Max HD"},"content":{"rendered":"<p><strong>Lumepuhur Power Max HD 1028 OHXE<\/strong> koos Toro Premium 302 cc, OHV 4-taktilise mootoriga pakub t\u00f5estatud v\u00f5imsust ja j\u00f5udlust, et muuta teie t\u00f6\u00f6 rasketes talvetingimustes lihtsamaks. 71 cm laiune ja 54,5 cm l\u00f5ikes\u00fcgavusega lumepuhur suudab k\u00fcnda l\u00e4bi k\u00f5ige s\u00fcgavama lume, puhastades kuni 953 kg minutis.<\/p>\n<h3><strong>Kommertsklassi k\u00e4igukast<\/strong><\/h3>\n<p>Eriti tugeb kommertsklassi k\u00e4igukast. Mootori j\u00f5ud kantakse lumekruvile \u00fcle reduktoriga, mis on konstrueeritud taluma \u00e4\u00e4rmuslikku pinget. Vastupidavam ja t\u00f6\u00f6kindlam t\u00f6\u00f6tamiseks ka ekstreemsetes tingimustes.<\/p>\n<h3><strong>TORO mootor<\/strong><\/h3>\n<p>302cc 4-taktiline OHV mootor, kindlustatud j\u00f5udlus ja sooritus rasketeks talvisteks oludeks.<\/p>\n<h3><strong>Keeramine rattasiduri abiga<\/strong><\/h3>\n<p>Vajutades rattasiduri hooba(sid) v\u00f5imaldab see hetkega v\u00e4lja l\u00fclitada \u00fche v\u00f5i m\u00f5lemad veorattad. See v\u00f5imaldab kergelt masinat \u00fcmber keerata v\u00f5i man\u00f6\u00f6verdada.<\/p>\n<h3><strong>Elektriline starter standard varustuses<\/strong><\/h3>\n<p>Kerge k\u00e4ivitus ka k\u00f5ige k\u00fclmema ilmaga, Toro lumepuhur on varustatud nii elektrilise- kui ka k\u00e4sistarteriga.<\/p>\n<h3><strong>Power Max ASC Lumekruvi s\u00fcsteem<\/strong><\/h3>\n<p>L\u00e4bimurre lumeheite tehnoloogias, Power Max<sup>\u00ae<\/sup> Anti-Clogging System (ummistust \u00e4rahoidev s\u00fcsteem), tuleb toime rohkema lumega l\u00fchema aja jooksul, et t\u00f6\u00f6 saaks kiirelt tehtud! See revolutsiooniline s\u00fcsteem reguleerib lume juurdevoolu ja piltlikult k\u00f5rvaldab ummistuse v\u00f5imalust, samaaegselt suurendades rootori kiirust v\u00f5imsamaks lumeheiteks. Konkureerivad lumepuhurid vajavad ummistuse v\u00e4ltimiseks kasutaja manuaalset lume juurdevoolu piiramist.<\/p>\n<h3><strong>Lukustatav juhthoob<\/strong><\/h3>\n<p>Mugav hoova lukusti v\u00f5imaldab \u201e\u00fche k\u00e4ega\u201c t\u00f6\u00f6tamist, vabastades teise k\u00e4e lumerenni suunamiseks v\u00f5i k\u00e4igu vahetamiseks, ilma et peakiste masinat peatama.<\/p>\n<p>&nbsp;<\/p>\n<p>&nbsp;<\/p>\n<p>&nbsp;<\/p>\n","protected":false},"excerpt":{"rendered":"<p><strong>Lumepuhur Power Max HD 1028 OHXE<\/strong> koos Toro Premium 302 cc, OHV 4-taktilise mootoriga pakub t\u00f5estatud v\u00f5imsust ja j\u00f5udlust, et muuta teie t\u00f6\u00f6 rasketes talvetingimustes lihtsamaks. 71 cm laiune ja 54,5 cm l\u00f5ikes\u00fcgavusega lumepuhur suudab k\u00fcnda l\u00e4bi k\u00f5ige s\u00fcgavama lume, puhastades kuni 953 kg minutis.<\/p>\n","protected":false},"featured_media":58940,"comment_status":"open","ping_status":"closed","template":"","meta":{"_acf_changed":false,"_et_pb_use_builder":"","_et_pb_old_content":"","_et_gb_content_width":"","inline_featured_image":false},"pwb-brand":[148],"product_brand":[],"product_cat":[51,149],"product_tag":[],"class_list":{"0":"post-58939","1":"product","2":"type-product","3":"status-publish","4":"has-post-thumbnail","6":"pwb-brand-toro","7":"product_cat-lumepuhurid","8":"product_cat-toro","9":"product_shipping_class-rasked-asjad","11":"first","12":"instock","13":"shipping-taxable","14":"purchasable","15":"product-type-simple"},"acf":[],"yoast_head":"<!-- This site is optimized with the Yoast SEO plugin v26.6 - https:\/\/yoast.com\/wordpress\/plugins\/seo\/ -->\n<title>Lumepuhur TORO 1028 OHXE PowerMax HD. Parim lumepuhur<\/title>\n<meta name=\"description\" content=\"Lumepuhur Power Max HD 1028 OHXE koos Toro Premium 302 cc, OHV 4-taktilise mootoriga pakub t\u00f5estatud v\u00f5imsust ja j\u00f5udlust\" \/>\n<meta name=\"robots\" content=\"index, follow, max-snippet:-1, max-image-preview:large, max-video-preview:-1\" \/>\n<link rel=\"canonical\" href=\"https:\/\/reginett.ee\/toode\/lumepuhur-toro-1028-ohxe-powermax-hd\/\" \/>\n<meta property=\"og:locale\" content=\"ru_RU\" \/>\n<meta property=\"og:type\" content=\"article\" \/>\n<meta property=\"og:title\" content=\"Lumepuhur TORO 1028 OHXE PowerMax HD. Parim lumepuhur\" \/>\n<meta property=\"og:description\" content=\"Lumepuhur Power Max HD 1028 OHXE koos Toro Premium 302 cc, OHV 4-taktilise mootoriga pakub t\u00f5estatud v\u00f5imsust ja j\u00f5udlust\" \/>\n<meta property=\"og:url\" content=\"https:\/\/reginett.ee\/toode\/lumepuhur-toro-1028-ohxe-powermax-hd\/\" \/>\n<meta property=\"og:site_name\" content=\"Reginett\" \/>\n<meta property=\"article:modified_time\" content=\"2023-03-25T10:24:45+00:00\" \/>\n<meta property=\"og:image\" content=\"https:\/\/reginett.ee\/wp-content\/uploads\/2022\/12\/Lumepuhur-TORO-1028-OHXE-.jpg\" \/>\n\t<meta property=\"og:image:width\" content=\"680\" \/>\n\t<meta property=\"og:image:height\" content=\"372\" \/>\n\t<meta property=\"og:image:type\" content=\"image\/jpeg\" \/>\n<meta name=\"twitter:card\" content=\"summary_large_image\" \/>\n<meta name=\"twitter:label1\" content=\"\u041f\u0440\u0438\u043c\u0435\u0440\u043d\u043e\u0435 \u0432\u0440\u0435\u043c\u044f \u0434\u043b\u044f \u0447\u0442\u0435\u043d\u0438\u044f\" \/>\n\t<meta name=\"twitter:data1\" content=\"2 \u043c\u0438\u043d\u0443\u0442\u044b\" \/>\n<script type=\"application\/ld+json\" class=\"yoast-schema-graph\">{\"@context\":\"https:\/\/schema.org\",\"@graph\":[{\"@type\":\"WebPage\",\"@id\":\"https:\/\/reginett.ee\/toode\/lumepuhur-toro-1028-ohxe-powermax-hd\/\",\"url\":\"https:\/\/reginett.ee\/toode\/lumepuhur-toro-1028-ohxe-powermax-hd\/\",\"name\":\"Lumepuhur TORO 1028 OHXE PowerMax HD. Parim lumepuhur\",\"isPartOf\":{\"@id\":\"https:\/\/reginett.ee\/#website\"},\"primaryImageOfPage\":{\"@id\":\"https:\/\/reginett.ee\/toode\/lumepuhur-toro-1028-ohxe-powermax-hd\/#primaryimage\"},\"image\":{\"@id\":\"https:\/\/reginett.ee\/toode\/lumepuhur-toro-1028-ohxe-powermax-hd\/#primaryimage\"},\"thumbnailUrl\":\"https:\/\/reginett.ee\/wp-content\/uploads\/2022\/12\/Lumepuhur-TORO-1028-OHXE-.jpg\",\"datePublished\":\"2022-12-27T08:44:49+00:00\",\"dateModified\":\"2023-03-25T10:24:45+00:00\",\"description\":\"Lumepuhur Power Max HD 1028 OHXE koos Toro Premium 302 cc, OHV 4-taktilise mootoriga pakub t\u00f5estatud v\u00f5imsust ja j\u00f5udlust\",\"breadcrumb\":{\"@id\":\"https:\/\/reginett.ee\/toode\/lumepuhur-toro-1028-ohxe-powermax-hd\/#breadcrumb\"},\"inLanguage\":\"ru-RU\",\"potentialAction\":[{\"@type\":\"ReadAction\",\"target\":[\"https:\/\/reginett.ee\/toode\/lumepuhur-toro-1028-ohxe-powermax-hd\/\"]}]},{\"@type\":\"ImageObject\",\"inLanguage\":\"ru-RU\",\"@id\":\"https:\/\/reginett.ee\/toode\/lumepuhur-toro-1028-ohxe-powermax-hd\/#primaryimage\",\"url\":\"https:\/\/reginett.ee\/wp-content\/uploads\/2022\/12\/Lumepuhur-TORO-1028-OHXE-.jpg\",\"contentUrl\":\"https:\/\/reginett.ee\/wp-content\/uploads\/2022\/12\/Lumepuhur-TORO-1028-OHXE-.jpg\",\"width\":680,\"height\":372,\"caption\":\"Lumepuhur TORO 1028\"},{\"@type\":\"BreadcrumbList\",\"@id\":\"https:\/\/reginett.ee\/toode\/lumepuhur-toro-1028-ohxe-powermax-hd\/#breadcrumb\",\"itemListElement\":[{\"@type\":\"ListItem\",\"position\":1,\"name\":\"Home\",\"item\":\"https:\/\/reginett.ee\/ru\/\"},{\"@type\":\"ListItem\",\"position\":2,\"name\":\"Tooted\",\"item\":\"https:\/\/reginett.ee\/tooted\/\"},{\"@type\":\"ListItem\",\"position\":3,\"name\":\"Lumepuhur TORO 1028 OHXE Power Max HD\"}]},{\"@type\":\"WebSite\",\"@id\":\"https:\/\/reginett.ee\/#website\",\"url\":\"https:\/\/reginett.ee\/\",\"name\":\"Reginett\",\"description\":\"Parimad robotniidukid\",\"potentialAction\":[{\"@type\":\"SearchAction\",\"target\":{\"@type\":\"EntryPoint\",\"urlTemplate\":\"https:\/\/reginett.ee\/?s={search_term_string}\"},\"query-input\":{\"@type\":\"PropertyValueSpecification\",\"valueRequired\":true,\"valueName\":\"search_term_string\"}}],\"inLanguage\":\"ru-RU\"}]}<\/script>\n<!-- \/ Yoast SEO plugin. -->","yoast_head_json":{"title":"Lumepuhur TORO 1028 OHXE PowerMax HD. Parim lumepuhur","description":"Lumepuhur Power Max HD 1028 OHXE koos Toro Premium 302 cc, OHV 4-taktilise mootoriga pakub t\u00f5estatud v\u00f5imsust ja j\u00f5udlust","robots":{"index":"index","follow":"follow","max-snippet":"max-snippet:-1","max-image-preview":"max-image-preview:large","max-video-preview":"max-video-preview:-1"},"canonical":"https:\/\/reginett.ee\/toode\/lumepuhur-toro-1028-ohxe-powermax-hd\/","og_locale":"ru_RU","og_type":"article","og_title":"Lumepuhur TORO 1028 OHXE PowerMax HD. Parim lumepuhur","og_description":"Lumepuhur Power Max HD 1028 OHXE koos Toro Premium 302 cc, OHV 4-taktilise mootoriga pakub t\u00f5estatud v\u00f5imsust ja j\u00f5udlust","og_url":"https:\/\/reginett.ee\/toode\/lumepuhur-toro-1028-ohxe-powermax-hd\/","og_site_name":"Reginett","article_modified_time":"2023-03-25T10:24:45+00:00","og_image":[{"width":680,"height":372,"url":"https:\/\/reginett.ee\/wp-content\/uploads\/2022\/12\/Lumepuhur-TORO-1028-OHXE-.jpg","type":"image\/jpeg"}],"twitter_card":"summary_large_image","twitter_misc":{"\u041f\u0440\u0438\u043c\u0435\u0440\u043d\u043e\u0435 \u0432\u0440\u0435\u043c\u044f \u0434\u043b\u044f \u0447\u0442\u0435\u043d\u0438\u044f":"2 \u043c\u0438\u043d\u0443\u0442\u044b"},"schema":{"@context":"https:\/\/schema.org","@graph":[{"@type":"WebPage","@id":"https:\/\/reginett.ee\/toode\/lumepuhur-toro-1028-ohxe-powermax-hd\/","url":"https:\/\/reginett.ee\/toode\/lumepuhur-toro-1028-ohxe-powermax-hd\/","name":"Lumepuhur TORO 1028 OHXE PowerMax HD. Parim lumepuhur","isPartOf":{"@id":"https:\/\/reginett.ee\/#website"},"primaryImageOfPage":{"@id":"https:\/\/reginett.ee\/toode\/lumepuhur-toro-1028-ohxe-powermax-hd\/#primaryimage"},"image":{"@id":"https:\/\/reginett.ee\/toode\/lumepuhur-toro-1028-ohxe-powermax-hd\/#primaryimage"},"thumbnailUrl":"https:\/\/reginett.ee\/wp-content\/uploads\/2022\/12\/Lumepuhur-TORO-1028-OHXE-.jpg","datePublished":"2022-12-27T08:44:49+00:00","dateModified":"2023-03-25T10:24:45+00:00","description":"Lumepuhur Power Max HD 1028 OHXE koos Toro Premium 302 cc, OHV 4-taktilise mootoriga pakub t\u00f5estatud v\u00f5imsust ja j\u00f5udlust","breadcrumb":{"@id":"https:\/\/reginett.ee\/toode\/lumepuhur-toro-1028-ohxe-powermax-hd\/#breadcrumb"},"inLanguage":"ru-RU","potentialAction":[{"@type":"ReadAction","target":["https:\/\/reginett.ee\/toode\/lumepuhur-toro-1028-ohxe-powermax-hd\/"]}]},{"@type":"ImageObject","inLanguage":"ru-RU","@id":"https:\/\/reginett.ee\/toode\/lumepuhur-toro-1028-ohxe-powermax-hd\/#primaryimage","url":"https:\/\/reginett.ee\/wp-content\/uploads\/2022\/12\/Lumepuhur-TORO-1028-OHXE-.jpg","contentUrl":"https:\/\/reginett.ee\/wp-content\/uploads\/2022\/12\/Lumepuhur-TORO-1028-OHXE-.jpg","width":680,"height":372,"caption":"Lumepuhur TORO 1028"},{"@type":"BreadcrumbList","@id":"https:\/\/reginett.ee\/toode\/lumepuhur-toro-1028-ohxe-powermax-hd\/#breadcrumb","itemListElement":[{"@type":"ListItem","position":1,"name":"Home","item":"https:\/\/reginett.ee\/ru\/"},{"@type":"ListItem","position":2,"name":"Tooted","item":"https:\/\/reginett.ee\/tooted\/"},{"@type":"ListItem","position":3,"name":"Lumepuhur TORO 1028 OHXE Power Max HD"}]},{"@type":"WebSite","@id":"https:\/\/reginett.ee\/#website","url":"https:\/\/reginett.ee\/","name":"Reginett","description":"Parimad robotniidukid","potentialAction":[{"@type":"SearchAction","target":{"@type":"EntryPoint","urlTemplate":"https:\/\/reginett.ee\/?s={search_term_string}"},"query-input":{"@type":"PropertyValueSpecification","valueRequired":true,"valueName":"search_term_string"}}],"inLanguage":"ru-RU"}]}},"brands":[{"id":148,"name":"Toro","slug":"toro"}],"_links":{"self":[{"href":"https:\/\/reginett.ee\/ru\/wp-json\/wp\/v2\/product\/58939","targetHints":{"allow":["GET"]}}],"collection":[{"href":"https:\/\/reginett.ee\/ru\/wp-json\/wp\/v2\/product"}],"about":[{"href":"https:\/\/reginett.ee\/ru\/wp-json\/wp\/v2\/types\/product"}],"replies":[{"embeddable":true,"href":"https:\/\/reginett.ee\/ru\/wp-json\/wp\/v2\/comments?post=58939"}],"wp:featuredmedia":[{"embeddable":true,"href":"https:\/\/reginett.ee\/ru\/wp-json\/wp\/v2\/media\/58940"}],"wp:attachment":[{"href":"https:\/\/reginett.ee\/ru\/wp-json\/wp\/v2\/media?parent=58939"}],"wp:term":[{"taxonomy":"pwb-brand","embeddable":true,"href":"https:\/\/reginett.ee\/ru\/wp-json\/wp\/v2\/pwb-brand?post=58939"},{"taxonomy":"product_brand","embeddable":true,"href":"https:\/\/reginett.ee\/ru\/wp-json\/wp\/v2\/product_brand?post=58939"},{"taxonomy":"product_cat","embeddable":true,"href":"https:\/\/reginett.ee\/ru\/wp-json\/wp\/v2\/product_cat?post=58939"},{"taxonomy":"product_tag","embeddable":true,"href":"https:\/\/reginett.ee\/ru\/wp-json\/wp\/v2\/product_tag?post=58939"}],"curies":[{"name":"wp","href":"https:\/\/api.w.org\/{rel}","templated":true}]}}