{"id":58919,"date":"2026-01-05T17:00:46","date_gmt":"2026-01-05T14:00:46","guid":{"rendered":"https:\/\/reginett.ee\/?post_type=product&#038;p=58919"},"modified":"2026-01-06T18:25:01","modified_gmt":"2026-01-06T15:25:01","slug":"lumepuhur-husqvarna-st324","status":"publish","type":"product","link":"https:\/\/reginett.ee\/ru\/toode\/lumepuhur-husqvarna-st324\/","title":{"rendered":"Lumepuhur Husqvarna ST324"},"content":{"rendered":"<p><span class=\"hui-spacing--sm-my-4-times-4 hui-spacing--md-my-4-times-5 K2PbruRyOKhyQZiENIYSog== LEnwFdlcpiniBq9Ng+qm5w== _2qFzePYav1Qx5GVEDesrtA==\">Husqvarna ST324 on sobilik kinnisvaraomanikele, kes vajavad suure j\u00f5udlusega ja vastupidavat lumepuhurit, mida oleks lihtne kasutada suurte pindade lumest puhastamisel. Sagedaseks kasutamiseks igasuguse lumega. Kaheastmeline s\u00fcsteem, h\u00fcdrauliline \u00fclekanne ja rooliv\u00f5imendus mugavaks t\u00f6\u00f6tamiseks. <\/span><\/p>\n<h3 class=\"hui-spacing--sm-mt-4-times-6 WLwtnNxco1C4cPugKSaO0g==\">Kaheastmeline s\u00fcsteem<\/h3>\n<p class=\"hui-spacing--sm-mt-4-times-6 WLwtnNxco1C4cPugKSaO0g==\">Lund suunab puhurisse p\u00f6\u00f6rlev kruvi. Puhuris on kiiresti p\u00f6\u00f6rlev tiivik, mis paiskab lume soovitud suunas.<\/p>\n<h3 class=\"hui-spacing--sm-mt-4-times-6 WLwtnNxco1C4cPugKSaO0g==\">Vastupidav rihmas\u00fcsteem<\/h3>\n<p class=\"hui-spacing--sm-mt-4-times-4 K2PbruRyOKhyQZiENIYSog==\">Tuleb toime ka k\u00f5ige raskemates oludes.<\/p>\n<h3 class=\"hui-spacing--sm-mt-4-times-6 WLwtnNxco1C4cPugKSaO0g==\">Reguleeritav k\u00e4epide<\/h3>\n<p class=\"hui-spacing--sm-mt-4-times-4 K2PbruRyOKhyQZiENIYSog==\">Nelja astmeline k\u00e4epideme k\u00f5rguse reguleerimine.<\/p>\n<h3 class=\"hui-spacing--sm-mt-4-times-6 WLwtnNxco1C4cPugKSaO0g==\">Rooliv\u00f5imendi<\/h3>\n<p class=\"hui-spacing--sm-mt-4-times-4 K2PbruRyOKhyQZiENIYSog==\">V\u00f5imalus diferentsiaalilukk v\u00e4lja l\u00fclitada ning ise valida, milline ratas\/sild peaks vedama, teeb masinaga man\u00f6\u00f6verdamise ja sellel t\u00f6\u00f6tamise lihtsaks.<\/p>\n<h3 class=\"hui-spacing--sm-mt-4-times-6 WLwtnNxco1C4cPugKSaO0g==\">Vastupidav lumepurustaja<\/h3>\n<p class=\"hui-spacing--sm-mt-4-times-4 K2PbruRyOKhyQZiENIYSog==\">Vastupidav lumepurustusrootor tagab esmaklassilised t\u00f6\u00f6tulemused nii k\u00fclmunud kui ka v\u00e4ga m\u00e4rja lume korral.<\/p>\n<h3 class=\"hui-spacing--sm-mt-4-times-6 WLwtnNxco1C4cPugKSaO0g==\">Labadega rootor<\/h3>\n<p class=\"hui-spacing--sm-mt-4-times-4 K2PbruRyOKhyQZiENIYSog==\">Labadega rootor segab lume sisse \u00f5hku, mist\u00f5ttu on lund lihtne k\u00e4idelda ning puhastamine on lihtsam.<\/p>\n<h3 class=\"hui-spacing--sm-mt-4-times-6 WLwtnNxco1C4cPugKSaO0g==\">Rootor koos kaetud kuullaagritega<\/h3>\n<p class=\"hui-spacing--sm-mt-4-times-4 K2PbruRyOKhyQZiENIYSog==\">Sujuva t\u00f6\u00f6 ja toote pika eluea tagamiseks.<\/p>\n<h3 class=\"hui-spacing--sm-mt-4-times-6 WLwtnNxco1C4cPugKSaO0g==\">Soojendusega k\u00e4epidemed<\/h3>\n<p class=\"hui-spacing--sm-mt-4-times-4 K2PbruRyOKhyQZiENIYSog==\">Mugavaks t\u00f6\u00f6tamiseks k\u00fclma ilmaga.<\/p>\n<h3>Elektriline starter<\/h3>\n<p>Elektriline strater teeb masina k\u00e4ivitamise lihtsaks ka k\u00f5ige k\u00fclmematel talvep\u00e4evadel.<\/p>\n","protected":false},"excerpt":{"rendered":"<p><span class=\"hui-spacing--sm-my-4-times-4 hui-spacing--md-my-4-times-5 K2PbruRyOKhyQZiENIYSog== LEnwFdlcpiniBq9Ng+qm5w== _2qFzePYav1Qx5GVEDesrtA==\">Husqvarna ST324 on sobilik kinnisvaraomanikele, kes vajavad suure j\u00f5udlusega ja vastupidavat lumepuhurit, mida oleks lihtne kasutada suurte pindade lumest puhastamisel. Sagedaseks kasutamiseks igasuguse lumega. Kaheastmeline s\u00fcsteem, h\u00fcdrauliline \u00fclekanne ja rooliv\u00f5imendus mugavaks t\u00f6\u00f6tamiseks. <\/span><\/p>\n","protected":false},"featured_media":58920,"comment_status":"open","ping_status":"closed","template":"","meta":{"_acf_changed":false,"_et_pb_use_builder":"","_et_pb_old_content":"","_et_gb_content_width":"","inline_featured_image":false},"pwb-brand":[147],"product_brand":[],"product_cat":[134,37,51],"product_tag":[485,157,156,106],"class_list":{"0":"post-58919","1":"product","2":"type-product","3":"status-publish","4":"has-post-thumbnail","6":"pwb-brand-husqvarna","7":"product_cat-eripakkumised","8":"product_cat-husqvarna","9":"product_cat-lumepuhurid","10":"product_tag-husqvarna-st324","11":"product_tag-lumefrees","12":"product_tag-lumepuhur","13":"product_tag-puhur","14":"product_shipping_class-rasked-asjad","16":"first","17":"instock","18":"sale","19":"shipping-taxable","20":"purchasable","21":"product-type-simple"},"acf":[],"yoast_head":"<!-- This site is optimized with the Yoast SEO plugin v26.6 - https:\/\/yoast.com\/wordpress\/plugins\/seo\/ -->\n<title>Lumepuhur Husqvarna ST324. Husqvarna lumepuhur Reginetist<\/title>\n<meta name=\"description\" content=\"Husqvarna ST324 on sobilik kinnisvaraomanikele, kes vajavad suure j\u00f5udlusega ja vastupidavat lumepuhurit, mida oleks lihtne kasutada suurte pindade lumest\" \/>\n<meta name=\"robots\" content=\"index, follow, max-snippet:-1, max-image-preview:large, max-video-preview:-1\" \/>\n<link rel=\"canonical\" href=\"https:\/\/reginett.ee\/toode\/lumepuhur-husqvarna-st324\/\" \/>\n<meta property=\"og:locale\" content=\"ru_RU\" \/>\n<meta property=\"og:type\" content=\"article\" \/>\n<meta property=\"og:title\" content=\"Lumepuhur Husqvarna ST324. Husqvarna lumepuhur Reginetist\" \/>\n<meta property=\"og:description\" content=\"Husqvarna ST324 on sobilik kinnisvaraomanikele, kes vajavad suure j\u00f5udlusega ja vastupidavat lumepuhurit, mida oleks lihtne kasutada suurte pindade lumest\" \/>\n<meta property=\"og:url\" content=\"https:\/\/reginett.ee\/toode\/lumepuhur-husqvarna-st324\/\" \/>\n<meta property=\"og:site_name\" content=\"Reginett\" \/>\n<meta property=\"article:modified_time\" content=\"2026-01-06T15:25:01+00:00\" \/>\n<meta property=\"og:image\" content=\"https:\/\/reginett.ee\/wp-content\/uploads\/2022\/12\/Lumepuhur-Husqvarna-ST324.jpg\" \/>\n\t<meta property=\"og:image:width\" content=\"680\" \/>\n\t<meta property=\"og:image:height\" content=\"372\" \/>\n\t<meta property=\"og:image:type\" content=\"image\/jpeg\" \/>\n<meta name=\"twitter:card\" content=\"summary_large_image\" \/>\n<meta name=\"twitter:label1\" content=\"\u041f\u0440\u0438\u043c\u0435\u0440\u043d\u043e\u0435 \u0432\u0440\u0435\u043c\u044f \u0434\u043b\u044f \u0447\u0442\u0435\u043d\u0438\u044f\" \/>\n\t<meta name=\"twitter:data1\" content=\"1 \u043c\u0438\u043d\u0443\u0442\u0430\" \/>\n<script type=\"application\/ld+json\" class=\"yoast-schema-graph\">{\"@context\":\"https:\/\/schema.org\",\"@graph\":[{\"@type\":\"WebPage\",\"@id\":\"https:\/\/reginett.ee\/toode\/lumepuhur-husqvarna-st324\/\",\"url\":\"https:\/\/reginett.ee\/toode\/lumepuhur-husqvarna-st324\/\",\"name\":\"Lumepuhur Husqvarna ST324. Husqvarna lumepuhur Reginetist\",\"isPartOf\":{\"@id\":\"https:\/\/reginett.ee\/#website\"},\"primaryImageOfPage\":{\"@id\":\"https:\/\/reginett.ee\/toode\/lumepuhur-husqvarna-st324\/#primaryimage\"},\"image\":{\"@id\":\"https:\/\/reginett.ee\/toode\/lumepuhur-husqvarna-st324\/#primaryimage\"},\"thumbnailUrl\":\"https:\/\/reginett.ee\/wp-content\/uploads\/2022\/12\/Lumepuhur-Husqvarna-ST324.jpg\",\"datePublished\":\"2026-01-05T14:00:46+00:00\",\"dateModified\":\"2026-01-06T15:25:01+00:00\",\"description\":\"Husqvarna ST324 on sobilik kinnisvaraomanikele, kes vajavad suure j\u00f5udlusega ja vastupidavat lumepuhurit, mida oleks lihtne kasutada suurte pindade lumest\",\"breadcrumb\":{\"@id\":\"https:\/\/reginett.ee\/toode\/lumepuhur-husqvarna-st324\/#breadcrumb\"},\"inLanguage\":\"ru-RU\",\"potentialAction\":[{\"@type\":\"ReadAction\",\"target\":[\"https:\/\/reginett.ee\/toode\/lumepuhur-husqvarna-st324\/\"]}]},{\"@type\":\"ImageObject\",\"inLanguage\":\"ru-RU\",\"@id\":\"https:\/\/reginett.ee\/toode\/lumepuhur-husqvarna-st324\/#primaryimage\",\"url\":\"https:\/\/reginett.ee\/wp-content\/uploads\/2022\/12\/Lumepuhur-Husqvarna-ST324.jpg\",\"contentUrl\":\"https:\/\/reginett.ee\/wp-content\/uploads\/2022\/12\/Lumepuhur-Husqvarna-ST324.jpg\",\"width\":680,\"height\":372,\"caption\":\"Lumepuhur Husqvarna ST324\"},{\"@type\":\"BreadcrumbList\",\"@id\":\"https:\/\/reginett.ee\/toode\/lumepuhur-husqvarna-st324\/#breadcrumb\",\"itemListElement\":[{\"@type\":\"ListItem\",\"position\":1,\"name\":\"Home\",\"item\":\"https:\/\/reginett.ee\/ru\/\"},{\"@type\":\"ListItem\",\"position\":2,\"name\":\"Tooted\",\"item\":\"https:\/\/reginett.ee\/tooted\/\"},{\"@type\":\"ListItem\",\"position\":3,\"name\":\"Lumepuhur Husqvarna ST324\"}]},{\"@type\":\"WebSite\",\"@id\":\"https:\/\/reginett.ee\/#website\",\"url\":\"https:\/\/reginett.ee\/\",\"name\":\"Reginett\",\"description\":\"Parimad robotniidukid\",\"potentialAction\":[{\"@type\":\"SearchAction\",\"target\":{\"@type\":\"EntryPoint\",\"urlTemplate\":\"https:\/\/reginett.ee\/?s={search_term_string}\"},\"query-input\":{\"@type\":\"PropertyValueSpecification\",\"valueRequired\":true,\"valueName\":\"search_term_string\"}}],\"inLanguage\":\"ru-RU\"}]}<\/script>\n<!-- \/ Yoast SEO plugin. -->","yoast_head_json":{"title":"Lumepuhur Husqvarna ST324. Husqvarna lumepuhur Reginetist","description":"Husqvarna ST324 on sobilik kinnisvaraomanikele, kes vajavad suure j\u00f5udlusega ja vastupidavat lumepuhurit, mida oleks lihtne kasutada suurte pindade lumest","robots":{"index":"index","follow":"follow","max-snippet":"max-snippet:-1","max-image-preview":"max-image-preview:large","max-video-preview":"max-video-preview:-1"},"canonical":"https:\/\/reginett.ee\/toode\/lumepuhur-husqvarna-st324\/","og_locale":"ru_RU","og_type":"article","og_title":"Lumepuhur Husqvarna ST324. Husqvarna lumepuhur Reginetist","og_description":"Husqvarna ST324 on sobilik kinnisvaraomanikele, kes vajavad suure j\u00f5udlusega ja vastupidavat lumepuhurit, mida oleks lihtne kasutada suurte pindade lumest","og_url":"https:\/\/reginett.ee\/toode\/lumepuhur-husqvarna-st324\/","og_site_name":"Reginett","article_modified_time":"2026-01-06T15:25:01+00:00","og_image":[{"width":680,"height":372,"url":"https:\/\/reginett.ee\/wp-content\/uploads\/2022\/12\/Lumepuhur-Husqvarna-ST324.jpg","type":"image\/jpeg"}],"twitter_card":"summary_large_image","twitter_misc":{"\u041f\u0440\u0438\u043c\u0435\u0440\u043d\u043e\u0435 \u0432\u0440\u0435\u043c\u044f \u0434\u043b\u044f \u0447\u0442\u0435\u043d\u0438\u044f":"1 \u043c\u0438\u043d\u0443\u0442\u0430"},"schema":{"@context":"https:\/\/schema.org","@graph":[{"@type":"WebPage","@id":"https:\/\/reginett.ee\/toode\/lumepuhur-husqvarna-st324\/","url":"https:\/\/reginett.ee\/toode\/lumepuhur-husqvarna-st324\/","name":"Lumepuhur Husqvarna ST324. Husqvarna lumepuhur Reginetist","isPartOf":{"@id":"https:\/\/reginett.ee\/#website"},"primaryImageOfPage":{"@id":"https:\/\/reginett.ee\/toode\/lumepuhur-husqvarna-st324\/#primaryimage"},"image":{"@id":"https:\/\/reginett.ee\/toode\/lumepuhur-husqvarna-st324\/#primaryimage"},"thumbnailUrl":"https:\/\/reginett.ee\/wp-content\/uploads\/2022\/12\/Lumepuhur-Husqvarna-ST324.jpg","datePublished":"2026-01-05T14:00:46+00:00","dateModified":"2026-01-06T15:25:01+00:00","description":"Husqvarna ST324 on sobilik kinnisvaraomanikele, kes vajavad suure j\u00f5udlusega ja vastupidavat lumepuhurit, mida oleks lihtne kasutada suurte pindade lumest","breadcrumb":{"@id":"https:\/\/reginett.ee\/toode\/lumepuhur-husqvarna-st324\/#breadcrumb"},"inLanguage":"ru-RU","potentialAction":[{"@type":"ReadAction","target":["https:\/\/reginett.ee\/toode\/lumepuhur-husqvarna-st324\/"]}]},{"@type":"ImageObject","inLanguage":"ru-RU","@id":"https:\/\/reginett.ee\/toode\/lumepuhur-husqvarna-st324\/#primaryimage","url":"https:\/\/reginett.ee\/wp-content\/uploads\/2022\/12\/Lumepuhur-Husqvarna-ST324.jpg","contentUrl":"https:\/\/reginett.ee\/wp-content\/uploads\/2022\/12\/Lumepuhur-Husqvarna-ST324.jpg","width":680,"height":372,"caption":"Lumepuhur Husqvarna ST324"},{"@type":"BreadcrumbList","@id":"https:\/\/reginett.ee\/toode\/lumepuhur-husqvarna-st324\/#breadcrumb","itemListElement":[{"@type":"ListItem","position":1,"name":"Home","item":"https:\/\/reginett.ee\/ru\/"},{"@type":"ListItem","position":2,"name":"Tooted","item":"https:\/\/reginett.ee\/tooted\/"},{"@type":"ListItem","position":3,"name":"Lumepuhur Husqvarna ST324"}]},{"@type":"WebSite","@id":"https:\/\/reginett.ee\/#website","url":"https:\/\/reginett.ee\/","name":"Reginett","description":"Parimad robotniidukid","potentialAction":[{"@type":"SearchAction","target":{"@type":"EntryPoint","urlTemplate":"https:\/\/reginett.ee\/?s={search_term_string}"},"query-input":{"@type":"PropertyValueSpecification","valueRequired":true,"valueName":"search_term_string"}}],"inLanguage":"ru-RU"}]}},"brands":[{"id":147,"name":"Husqvarna","slug":"husqvarna"}],"_links":{"self":[{"href":"https:\/\/reginett.ee\/ru\/wp-json\/wp\/v2\/product\/58919","targetHints":{"allow":["GET"]}}],"collection":[{"href":"https:\/\/reginett.ee\/ru\/wp-json\/wp\/v2\/product"}],"about":[{"href":"https:\/\/reginett.ee\/ru\/wp-json\/wp\/v2\/types\/product"}],"replies":[{"embeddable":true,"href":"https:\/\/reginett.ee\/ru\/wp-json\/wp\/v2\/comments?post=58919"}],"wp:featuredmedia":[{"embeddable":true,"href":"https:\/\/reginett.ee\/ru\/wp-json\/wp\/v2\/media\/58920"}],"wp:attachment":[{"href":"https:\/\/reginett.ee\/ru\/wp-json\/wp\/v2\/media?parent=58919"}],"wp:term":[{"taxonomy":"pwb-brand","embeddable":true,"href":"https:\/\/reginett.ee\/ru\/wp-json\/wp\/v2\/pwb-brand?post=58919"},{"taxonomy":"product_brand","embeddable":true,"href":"https:\/\/reginett.ee\/ru\/wp-json\/wp\/v2\/product_brand?post=58919"},{"taxonomy":"product_cat","embeddable":true,"href":"https:\/\/reginett.ee\/ru\/wp-json\/wp\/v2\/product_cat?post=58919"},{"taxonomy":"product_tag","embeddable":true,"href":"https:\/\/reginett.ee\/ru\/wp-json\/wp\/v2\/product_tag?post=58919"}],"curies":[{"name":"wp","href":"https:\/\/api.w.org\/{rel}","templated":true}]}}