{"id":58796,"date":"2022-11-21T14:46:15","date_gmt":"2022-11-21T11:46:15","guid":{"rendered":"https:\/\/reginett.ee\/?post_type=product&#038;p=58796"},"modified":"2022-12-12T16:48:46","modified_gmt":"2022-12-12T13:48:46","slug":"lumepuhur-toro-hd-1432ohxe","status":"publish","type":"product","link":"https:\/\/reginett.ee\/ru\/toode\/lumepuhur-toro-hd-1432ohxe\/","title":{"rendered":"Lumepuhur TORO HD 1432OHXE"},"content":{"rendered":"<div class=\"et_pb_module et_pb_wc_description et_pb_wc_description_0_tb_body et_pb_bg_layout_light et_pb_text_align_left\">\n<div class=\"et_pb_module_inner\">\n<p><strong>Lumepuhur TORO 1432OHXE Power Max HD<\/strong> on v\u00e4ga v\u00f5imekas ja efektiivne profiseeria lumepuhur, mis sobib ka keerulistele pindadele ja rasketesse oludesse.<\/p>\n<p>Iga millimeeter Toro Power Max\u2122 lumepuhurist \u2013 alustades puhastusplaadist l\u00f5petades Quick Stick\u00ae lumerenni juhtimise kangiga \u2013 on hoolega projekteeritud, tulemuseks k\u00f5ige kasutaja s\u00f5bralikum ja progressiivne lumepuhur, mis eales tehtud.<\/p>\n<p>T\u00f6\u00f6laius 81cm.<\/p>\n<h3><strong>V\u00f5imas ja vastupidav TORO mootor<\/strong><\/h3>\n<p>Lumepuhur TORO 1428OXHE Power Max HD mudelil on 420cc 4-taktiline OHV mootor, kindlustatud j\u00f5udlus ja sooritus rasketeks talvisteks oludeks.<\/p>\n<h3><strong>Kommerts-klassi reduktor<\/strong><\/h3>\n<p>Mootori j\u00f5ud kantakse lumekruvile \u00fcle reduktoriga, mis on konstrueeritud taluma \u00e4\u00e4rmuslikku pinget. Vastupidavam ja t\u00f6\u00f6kindlam t\u00f6\u00f6tamiseks ka ekstreemsetes tingimustes.<\/p>\n<h3><strong>Power Max ASC Lumekruvi s\u00fcsteem<\/strong><\/h3>\n<p>L\u00e4bimurre lumeheite tehnoloogias, Power Max<sup>\u00ae<\/sup>\u00a0Anti-Clogging System (ummistust \u00e4rahoidev s\u00fcsteem), tuleb toime rohkema lumega l\u00fchema aja jooksul, et t\u00f6\u00f6 saaks kiirelt tehtud! See revolutsiooniline s\u00fcsteem reguleerib lume juurdevoolu ja piltlikult k\u00f5rvaldab ummistuse v\u00f5imalust, samaaegselt suurendades rootori kiirust v\u00f5imsamaks lumeheiteks. Konkureerivad lumepuhurid vajavad ummistuse v\u00e4ltimiseks kasutaja manuaalset lume juurdevoolu piiramist.<\/p>\n<h3><strong>Quick Stick\u00ae lumerenni juhtimise hoob<\/strong><\/h3>\n<p>\u00dche lihtsa kombineeritud hoova abil kiirelt ja lihtsalt muudetav lumejoa suund ja kaugus.<\/p>\n<h3><strong>Elektriline starter ja k\u00e4epideme soojendus standardvarustuses<\/strong><\/h3>\n<p>Kerge k\u00e4ivitus ka k\u00f5ige k\u00fclmema ilmaga, TORO 1428OXHE Power Max HD\u00a0 lumepuhur on varustatud nii elektrilise- kui ka k\u00e4sistarteriga. Lisaks on masinal k\u00e4epidemesoojendus, mis muudab puhuriga t\u00f6\u00f6tamise r\u00f5\u00f5muks ka k\u00f5ige suurema k\u00fclmaga.<\/p>\n<h3><strong>Keeramine rattasiduri abiga<\/strong><\/h3>\n<p>Vajutades rattasiduri hooba(sid) v\u00f5imaldab see hetkega v\u00e4lja l\u00fclitada \u00fche v\u00f5i m\u00f5lemad veorattad. See v\u00f5imaldab kergelt masinat \u00fcmber keerata v\u00f5i man\u00f6\u00f6verdada.<\/p>\n<\/div>\n<\/div>\n","protected":false},"excerpt":{"rendered":"<p><strong>Lumepuhur TORO 1432OHXE Power Max HD<\/strong> on v\u00e4ga v\u00f5imekas ja efektiivne profiseeria lumepuhur, mis sobib ka keerulistele pindadele ja rasketesse oludesse.<\/p>\n<p>Iga millimeeter Toro Power Max\u2122 lumepuhurist \u2013 alustades puhastusplaadist l\u00f5petades Quick Stick\u00ae lumerenni juhtimise kangiga \u2013 on hoolega projekteeritud, tulemuseks k\u00f5ige kasutaja s\u00f5bralikum ja progressiivne lumepuhur, mis eales tehtud.<\/p>\n<p>T\u00f6\u00f6laius 81cm.<\/p>\n","protected":false},"featured_media":58799,"comment_status":"open","ping_status":"closed","template":"","meta":{"_acf_changed":false,"_et_pb_use_builder":"","_et_pb_old_content":"","_et_gb_content_width":"","inline_featured_image":false},"pwb-brand":[148],"product_brand":[],"product_cat":[51,149],"product_tag":[157,156,106],"class_list":{"0":"post-58796","1":"product","2":"type-product","3":"status-publish","4":"has-post-thumbnail","6":"pwb-brand-toro","7":"product_cat-lumepuhurid","8":"product_cat-toro","9":"product_tag-lumefrees","10":"product_tag-lumepuhur","11":"product_tag-puhur","12":"product_shipping_class-rasked-asjad","14":"first","15":"outofstock","16":"shipping-taxable","17":"purchasable","18":"product-type-simple"},"acf":[],"yoast_head":"<!-- This site is optimized with the Yoast SEO plugin v26.6 - https:\/\/yoast.com\/wordpress\/plugins\/seo\/ -->\n<title>Lumepuhur TORO HD 1432OHXE. V\u00f5imsad TORO puhurid<\/title>\n<meta name=\"description\" content=\"Lumepuhur TORO 1432OHXE Power Max HD on v\u00e4ga v\u00f5imekas ja efektiivne profiseeria lumepuhur, mis sobib ka keerulistele pindadele ja rasketesse oludesse.\" \/>\n<meta name=\"robots\" content=\"index, follow, max-snippet:-1, max-image-preview:large, max-video-preview:-1\" \/>\n<link rel=\"canonical\" href=\"https:\/\/reginett.ee\/toode\/lumepuhur-toro-hd-1432ohxe\/\" \/>\n<meta property=\"og:locale\" content=\"ru_RU\" \/>\n<meta property=\"og:type\" content=\"article\" \/>\n<meta property=\"og:title\" content=\"Lumepuhur TORO HD 1432OHXE. V\u00f5imsad TORO puhurid\" \/>\n<meta property=\"og:description\" content=\"Lumepuhur TORO 1432OHXE Power Max HD on v\u00e4ga v\u00f5imekas ja efektiivne profiseeria lumepuhur, mis sobib ka keerulistele pindadele ja rasketesse oludesse.\" \/>\n<meta property=\"og:url\" content=\"https:\/\/reginett.ee\/toode\/lumepuhur-toro-hd-1432ohxe\/\" \/>\n<meta property=\"og:site_name\" content=\"Reginett\" \/>\n<meta property=\"article:modified_time\" content=\"2022-12-12T13:48:46+00:00\" \/>\n<meta property=\"og:image\" content=\"https:\/\/reginett.ee\/wp-content\/uploads\/2022\/11\/Lumepuhur-TORO-HD1432-.jpg\" \/>\n\t<meta property=\"og:image:width\" content=\"680\" \/>\n\t<meta property=\"og:image:height\" content=\"372\" \/>\n\t<meta property=\"og:image:type\" content=\"image\/jpeg\" \/>\n<meta name=\"twitter:card\" content=\"summary_large_image\" \/>\n<meta name=\"twitter:label1\" content=\"\u041f\u0440\u0438\u043c\u0435\u0440\u043d\u043e\u0435 \u0432\u0440\u0435\u043c\u044f \u0434\u043b\u044f \u0447\u0442\u0435\u043d\u0438\u044f\" \/>\n\t<meta name=\"twitter:data1\" content=\"2 \u043c\u0438\u043d\u0443\u0442\u044b\" \/>\n<script type=\"application\/ld+json\" class=\"yoast-schema-graph\">{\"@context\":\"https:\/\/schema.org\",\"@graph\":[{\"@type\":\"WebPage\",\"@id\":\"https:\/\/reginett.ee\/toode\/lumepuhur-toro-hd-1432ohxe\/\",\"url\":\"https:\/\/reginett.ee\/toode\/lumepuhur-toro-hd-1432ohxe\/\",\"name\":\"Lumepuhur TORO HD 1432OHXE. V\u00f5imsad TORO puhurid\",\"isPartOf\":{\"@id\":\"https:\/\/reginett.ee\/#website\"},\"primaryImageOfPage\":{\"@id\":\"https:\/\/reginett.ee\/toode\/lumepuhur-toro-hd-1432ohxe\/#primaryimage\"},\"image\":{\"@id\":\"https:\/\/reginett.ee\/toode\/lumepuhur-toro-hd-1432ohxe\/#primaryimage\"},\"thumbnailUrl\":\"https:\/\/reginett.ee\/wp-content\/uploads\/2022\/11\/Lumepuhur-TORO-HD1432-.jpg\",\"datePublished\":\"2022-11-21T11:46:15+00:00\",\"dateModified\":\"2022-12-12T13:48:46+00:00\",\"description\":\"Lumepuhur TORO 1432OHXE Power Max HD on v\u00e4ga v\u00f5imekas ja efektiivne profiseeria lumepuhur, mis sobib ka keerulistele pindadele ja rasketesse oludesse.\",\"breadcrumb\":{\"@id\":\"https:\/\/reginett.ee\/toode\/lumepuhur-toro-hd-1432ohxe\/#breadcrumb\"},\"inLanguage\":\"ru-RU\",\"potentialAction\":[{\"@type\":\"ReadAction\",\"target\":[\"https:\/\/reginett.ee\/toode\/lumepuhur-toro-hd-1432ohxe\/\"]}]},{\"@type\":\"ImageObject\",\"inLanguage\":\"ru-RU\",\"@id\":\"https:\/\/reginett.ee\/toode\/lumepuhur-toro-hd-1432ohxe\/#primaryimage\",\"url\":\"https:\/\/reginett.ee\/wp-content\/uploads\/2022\/11\/Lumepuhur-TORO-HD1432-.jpg\",\"contentUrl\":\"https:\/\/reginett.ee\/wp-content\/uploads\/2022\/11\/Lumepuhur-TORO-HD1432-.jpg\",\"width\":680,\"height\":372,\"caption\":\"Lumepuhur TORO HD1432\"},{\"@type\":\"BreadcrumbList\",\"@id\":\"https:\/\/reginett.ee\/toode\/lumepuhur-toro-hd-1432ohxe\/#breadcrumb\",\"itemListElement\":[{\"@type\":\"ListItem\",\"position\":1,\"name\":\"Home\",\"item\":\"https:\/\/reginett.ee\/ru\/\"},{\"@type\":\"ListItem\",\"position\":2,\"name\":\"Tooted\",\"item\":\"https:\/\/reginett.ee\/tooted\/\"},{\"@type\":\"ListItem\",\"position\":3,\"name\":\"Lumepuhur TORO HD 1432OHXE\"}]},{\"@type\":\"WebSite\",\"@id\":\"https:\/\/reginett.ee\/#website\",\"url\":\"https:\/\/reginett.ee\/\",\"name\":\"Reginett\",\"description\":\"Parimad robotniidukid\",\"potentialAction\":[{\"@type\":\"SearchAction\",\"target\":{\"@type\":\"EntryPoint\",\"urlTemplate\":\"https:\/\/reginett.ee\/?s={search_term_string}\"},\"query-input\":{\"@type\":\"PropertyValueSpecification\",\"valueRequired\":true,\"valueName\":\"search_term_string\"}}],\"inLanguage\":\"ru-RU\"}]}<\/script>\n<!-- \/ Yoast SEO plugin. -->","yoast_head_json":{"title":"Lumepuhur TORO HD 1432OHXE. V\u00f5imsad TORO puhurid","description":"Lumepuhur TORO 1432OHXE Power Max HD on v\u00e4ga v\u00f5imekas ja efektiivne profiseeria lumepuhur, mis sobib ka keerulistele pindadele ja rasketesse oludesse.","robots":{"index":"index","follow":"follow","max-snippet":"max-snippet:-1","max-image-preview":"max-image-preview:large","max-video-preview":"max-video-preview:-1"},"canonical":"https:\/\/reginett.ee\/toode\/lumepuhur-toro-hd-1432ohxe\/","og_locale":"ru_RU","og_type":"article","og_title":"Lumepuhur TORO HD 1432OHXE. V\u00f5imsad TORO puhurid","og_description":"Lumepuhur TORO 1432OHXE Power Max HD on v\u00e4ga v\u00f5imekas ja efektiivne profiseeria lumepuhur, mis sobib ka keerulistele pindadele ja rasketesse oludesse.","og_url":"https:\/\/reginett.ee\/toode\/lumepuhur-toro-hd-1432ohxe\/","og_site_name":"Reginett","article_modified_time":"2022-12-12T13:48:46+00:00","og_image":[{"width":680,"height":372,"url":"https:\/\/reginett.ee\/wp-content\/uploads\/2022\/11\/Lumepuhur-TORO-HD1432-.jpg","type":"image\/jpeg"}],"twitter_card":"summary_large_image","twitter_misc":{"\u041f\u0440\u0438\u043c\u0435\u0440\u043d\u043e\u0435 \u0432\u0440\u0435\u043c\u044f \u0434\u043b\u044f \u0447\u0442\u0435\u043d\u0438\u044f":"2 \u043c\u0438\u043d\u0443\u0442\u044b"},"schema":{"@context":"https:\/\/schema.org","@graph":[{"@type":"WebPage","@id":"https:\/\/reginett.ee\/toode\/lumepuhur-toro-hd-1432ohxe\/","url":"https:\/\/reginett.ee\/toode\/lumepuhur-toro-hd-1432ohxe\/","name":"Lumepuhur TORO HD 1432OHXE. V\u00f5imsad TORO puhurid","isPartOf":{"@id":"https:\/\/reginett.ee\/#website"},"primaryImageOfPage":{"@id":"https:\/\/reginett.ee\/toode\/lumepuhur-toro-hd-1432ohxe\/#primaryimage"},"image":{"@id":"https:\/\/reginett.ee\/toode\/lumepuhur-toro-hd-1432ohxe\/#primaryimage"},"thumbnailUrl":"https:\/\/reginett.ee\/wp-content\/uploads\/2022\/11\/Lumepuhur-TORO-HD1432-.jpg","datePublished":"2022-11-21T11:46:15+00:00","dateModified":"2022-12-12T13:48:46+00:00","description":"Lumepuhur TORO 1432OHXE Power Max HD on v\u00e4ga v\u00f5imekas ja efektiivne profiseeria lumepuhur, mis sobib ka keerulistele pindadele ja rasketesse oludesse.","breadcrumb":{"@id":"https:\/\/reginett.ee\/toode\/lumepuhur-toro-hd-1432ohxe\/#breadcrumb"},"inLanguage":"ru-RU","potentialAction":[{"@type":"ReadAction","target":["https:\/\/reginett.ee\/toode\/lumepuhur-toro-hd-1432ohxe\/"]}]},{"@type":"ImageObject","inLanguage":"ru-RU","@id":"https:\/\/reginett.ee\/toode\/lumepuhur-toro-hd-1432ohxe\/#primaryimage","url":"https:\/\/reginett.ee\/wp-content\/uploads\/2022\/11\/Lumepuhur-TORO-HD1432-.jpg","contentUrl":"https:\/\/reginett.ee\/wp-content\/uploads\/2022\/11\/Lumepuhur-TORO-HD1432-.jpg","width":680,"height":372,"caption":"Lumepuhur TORO HD1432"},{"@type":"BreadcrumbList","@id":"https:\/\/reginett.ee\/toode\/lumepuhur-toro-hd-1432ohxe\/#breadcrumb","itemListElement":[{"@type":"ListItem","position":1,"name":"Home","item":"https:\/\/reginett.ee\/ru\/"},{"@type":"ListItem","position":2,"name":"Tooted","item":"https:\/\/reginett.ee\/tooted\/"},{"@type":"ListItem","position":3,"name":"Lumepuhur TORO HD 1432OHXE"}]},{"@type":"WebSite","@id":"https:\/\/reginett.ee\/#website","url":"https:\/\/reginett.ee\/","name":"Reginett","description":"Parimad robotniidukid","potentialAction":[{"@type":"SearchAction","target":{"@type":"EntryPoint","urlTemplate":"https:\/\/reginett.ee\/?s={search_term_string}"},"query-input":{"@type":"PropertyValueSpecification","valueRequired":true,"valueName":"search_term_string"}}],"inLanguage":"ru-RU"}]}},"brands":[{"id":148,"name":"Toro","slug":"toro"}],"_links":{"self":[{"href":"https:\/\/reginett.ee\/ru\/wp-json\/wp\/v2\/product\/58796","targetHints":{"allow":["GET"]}}],"collection":[{"href":"https:\/\/reginett.ee\/ru\/wp-json\/wp\/v2\/product"}],"about":[{"href":"https:\/\/reginett.ee\/ru\/wp-json\/wp\/v2\/types\/product"}],"replies":[{"embeddable":true,"href":"https:\/\/reginett.ee\/ru\/wp-json\/wp\/v2\/comments?post=58796"}],"wp:featuredmedia":[{"embeddable":true,"href":"https:\/\/reginett.ee\/ru\/wp-json\/wp\/v2\/media\/58799"}],"wp:attachment":[{"href":"https:\/\/reginett.ee\/ru\/wp-json\/wp\/v2\/media?parent=58796"}],"wp:term":[{"taxonomy":"pwb-brand","embeddable":true,"href":"https:\/\/reginett.ee\/ru\/wp-json\/wp\/v2\/pwb-brand?post=58796"},{"taxonomy":"product_brand","embeddable":true,"href":"https:\/\/reginett.ee\/ru\/wp-json\/wp\/v2\/product_brand?post=58796"},{"taxonomy":"product_cat","embeddable":true,"href":"https:\/\/reginett.ee\/ru\/wp-json\/wp\/v2\/product_cat?post=58796"},{"taxonomy":"product_tag","embeddable":true,"href":"https:\/\/reginett.ee\/ru\/wp-json\/wp\/v2\/product_tag?post=58796"}],"curies":[{"name":"wp","href":"https:\/\/api.w.org\/{rel}","templated":true}]}}