{"id":58772,"date":"2025-01-28T10:28:11","date_gmt":"2025-01-28T07:28:11","guid":{"rendered":"https:\/\/reginett.ee\/?post_type=product&#038;p=58772"},"modified":"2025-01-31T08:23:21","modified_gmt":"2025-01-31T05:23:21","slug":"elektrigeneraator-stager-yde13ta-ta3-diisel-10kw-39a","status":"publish","type":"product","link":"https:\/\/reginett.ee\/ru\/toode\/elektrigeneraator-stager-yde13ta-ta3-diisel-10kw-39a\/","title":{"rendered":"Elektrigeneraator Stager YDE13TA-TA3 diisel 10kW 39A"},"content":{"rendered":"<p><strong>Stager YDE13TA-TA<\/strong> on v\u00e4ga v\u00f5imas tugeva heliisolatsiooniga diiselgeneraator.<\/p>\n<p>Suudab toota nii \u00fche- kui kolmefaasilist voolu.Sobib kodukasutusse ja t\u00f6\u00f6stuslikuks otstarbeks.<\/p>\n<p>Elektrigeneraator<strong> Stager YDE13TA-TA <\/strong>on varustatud uue p\u00f5lvkonna juhtpaneeliga. Generaatoril on rattad mugavaks transpordiks.<\/p>\n<p>&nbsp;<\/p>\n<p>&nbsp;<\/p>\n<p>&nbsp;<\/p>\n","protected":false},"excerpt":{"rendered":"<p><strong>Stager YDE13TA-TA<\/strong> on v\u00e4ga v\u00f5imas tugeva heliisolatsiooniga diiselgeneraator.<\/p>\n<p>Suudab toota nii \u00fche- kui kolmefaasilist voolu.Sobib kodukasutusse ja t\u00f6\u00f6stuslikuks otstarbeks.<\/p>\n","protected":false},"featured_media":58777,"comment_status":"open","ping_status":"closed","template":"","meta":{"_acf_changed":false,"_et_pb_use_builder":"","_et_pb_old_content":"","_et_gb_content_width":"","inline_featured_image":false},"pwb-brand":[459],"product_brand":[],"product_cat":[447,134,27],"product_tag":[462,444,461],"class_list":{"0":"post-58772","1":"product","2":"type-product","3":"status-publish","4":"has-post-thumbnail","6":"pwb-brand-stager","7":"product_cat-elektrigeneraatorid","8":"product_cat-eripakkumised","9":"product_cat-tooriistad-ja-tarvikud","10":"product_tag-diisel-generaator","11":"product_tag-elektrigeneraator","12":"product_tag-generaator-stager","13":"product_shipping_class-rasked-asjad","15":"first","16":"instock","17":"sale","18":"shipping-taxable","19":"purchasable","20":"product-type-simple"},"acf":[],"yoast_head":"<!-- This site is optimized with the Yoast SEO plugin v26.6 - https:\/\/yoast.com\/wordpress\/plugins\/seo\/ -->\n<title>Elektrigeneraator Stager YDE13TA-TA3. Diiselgeneraatorid<\/title>\n<meta name=\"description\" content=\"Stager YDE13TA-TA on v\u00e4ga v\u00f5imas tugeva heliisolatsiooniga diiselgeneraator.Suudab toota nii \u00fche- kui kolmefaasilist voolu.\" \/>\n<meta name=\"robots\" content=\"index, follow, max-snippet:-1, max-image-preview:large, max-video-preview:-1\" \/>\n<link rel=\"canonical\" href=\"https:\/\/reginett.ee\/toode\/elektrigeneraator-stager-yde13ta-ta3-diisel-10kw-39a\/\" \/>\n<meta property=\"og:locale\" content=\"ru_RU\" \/>\n<meta property=\"og:type\" content=\"article\" \/>\n<meta property=\"og:title\" content=\"Elektrigeneraator Stager YDE13TA-TA3. Diiselgeneraatorid\" \/>\n<meta property=\"og:description\" content=\"Stager YDE13TA-TA on v\u00e4ga v\u00f5imas tugeva heliisolatsiooniga diiselgeneraator.Suudab toota nii \u00fche- kui kolmefaasilist voolu.\" \/>\n<meta property=\"og:url\" content=\"https:\/\/reginett.ee\/toode\/elektrigeneraator-stager-yde13ta-ta3-diisel-10kw-39a\/\" \/>\n<meta property=\"og:site_name\" content=\"Reginett\" \/>\n<meta property=\"article:modified_time\" content=\"2025-01-31T05:23:21+00:00\" \/>\n<meta property=\"og:image\" content=\"https:\/\/reginett.ee\/wp-content\/uploads\/2022\/11\/diiselgeneraator-Stager-YDE13TA-TA3.jpg\" \/>\n\t<meta property=\"og:image:width\" content=\"700\" \/>\n\t<meta property=\"og:image:height\" content=\"496\" \/>\n\t<meta property=\"og:image:type\" content=\"image\/jpeg\" \/>\n<meta name=\"twitter:card\" content=\"summary_large_image\" \/>\n<meta name=\"twitter:label1\" content=\"\u041f\u0440\u0438\u043c\u0435\u0440\u043d\u043e\u0435 \u0432\u0440\u0435\u043c\u044f \u0434\u043b\u044f \u0447\u0442\u0435\u043d\u0438\u044f\" \/>\n\t<meta name=\"twitter:data1\" content=\"1 \u043c\u0438\u043d\u0443\u0442\u0430\" \/>\n<script type=\"application\/ld+json\" class=\"yoast-schema-graph\">{\"@context\":\"https:\/\/schema.org\",\"@graph\":[{\"@type\":\"WebPage\",\"@id\":\"https:\/\/reginett.ee\/toode\/elektrigeneraator-stager-yde13ta-ta3-diisel-10kw-39a\/\",\"url\":\"https:\/\/reginett.ee\/toode\/elektrigeneraator-stager-yde13ta-ta3-diisel-10kw-39a\/\",\"name\":\"Elektrigeneraator Stager YDE13TA-TA3. Diiselgeneraatorid\",\"isPartOf\":{\"@id\":\"https:\/\/reginett.ee\/#website\"},\"primaryImageOfPage\":{\"@id\":\"https:\/\/reginett.ee\/toode\/elektrigeneraator-stager-yde13ta-ta3-diisel-10kw-39a\/#primaryimage\"},\"image\":{\"@id\":\"https:\/\/reginett.ee\/toode\/elektrigeneraator-stager-yde13ta-ta3-diisel-10kw-39a\/#primaryimage\"},\"thumbnailUrl\":\"https:\/\/reginett.ee\/wp-content\/uploads\/2022\/11\/diiselgeneraator-Stager-YDE13TA-TA3.jpg\",\"datePublished\":\"2025-01-28T07:28:11+00:00\",\"dateModified\":\"2025-01-31T05:23:21+00:00\",\"description\":\"Stager YDE13TA-TA on v\u00e4ga v\u00f5imas tugeva heliisolatsiooniga diiselgeneraator.Suudab toota nii \u00fche- kui kolmefaasilist voolu.\",\"breadcrumb\":{\"@id\":\"https:\/\/reginett.ee\/toode\/elektrigeneraator-stager-yde13ta-ta3-diisel-10kw-39a\/#breadcrumb\"},\"inLanguage\":\"ru-RU\",\"potentialAction\":[{\"@type\":\"ReadAction\",\"target\":[\"https:\/\/reginett.ee\/toode\/elektrigeneraator-stager-yde13ta-ta3-diisel-10kw-39a\/\"]}]},{\"@type\":\"ImageObject\",\"inLanguage\":\"ru-RU\",\"@id\":\"https:\/\/reginett.ee\/toode\/elektrigeneraator-stager-yde13ta-ta3-diisel-10kw-39a\/#primaryimage\",\"url\":\"https:\/\/reginett.ee\/wp-content\/uploads\/2022\/11\/diiselgeneraator-Stager-YDE13TA-TA3.jpg\",\"contentUrl\":\"https:\/\/reginett.ee\/wp-content\/uploads\/2022\/11\/diiselgeneraator-Stager-YDE13TA-TA3.jpg\",\"width\":700,\"height\":496,\"caption\":\"diiselgeneraator Stager YDE13TA-TA3\"},{\"@type\":\"BreadcrumbList\",\"@id\":\"https:\/\/reginett.ee\/toode\/elektrigeneraator-stager-yde13ta-ta3-diisel-10kw-39a\/#breadcrumb\",\"itemListElement\":[{\"@type\":\"ListItem\",\"position\":1,\"name\":\"Home\",\"item\":\"https:\/\/reginett.ee\/ru\/\"},{\"@type\":\"ListItem\",\"position\":2,\"name\":\"Tooted\",\"item\":\"https:\/\/reginett.ee\/tooted\/\"},{\"@type\":\"ListItem\",\"position\":3,\"name\":\"Elektrigeneraator Stager YDE13TA-TA3 diisel 10kW 39A\"}]},{\"@type\":\"WebSite\",\"@id\":\"https:\/\/reginett.ee\/#website\",\"url\":\"https:\/\/reginett.ee\/\",\"name\":\"Reginett\",\"description\":\"Parimad robotniidukid\",\"potentialAction\":[{\"@type\":\"SearchAction\",\"target\":{\"@type\":\"EntryPoint\",\"urlTemplate\":\"https:\/\/reginett.ee\/?s={search_term_string}\"},\"query-input\":{\"@type\":\"PropertyValueSpecification\",\"valueRequired\":true,\"valueName\":\"search_term_string\"}}],\"inLanguage\":\"ru-RU\"}]}<\/script>\n<!-- \/ Yoast SEO plugin. -->","yoast_head_json":{"title":"Elektrigeneraator Stager YDE13TA-TA3. Diiselgeneraatorid","description":"Stager YDE13TA-TA on v\u00e4ga v\u00f5imas tugeva heliisolatsiooniga diiselgeneraator.Suudab toota nii \u00fche- kui kolmefaasilist voolu.","robots":{"index":"index","follow":"follow","max-snippet":"max-snippet:-1","max-image-preview":"max-image-preview:large","max-video-preview":"max-video-preview:-1"},"canonical":"https:\/\/reginett.ee\/toode\/elektrigeneraator-stager-yde13ta-ta3-diisel-10kw-39a\/","og_locale":"ru_RU","og_type":"article","og_title":"Elektrigeneraator Stager YDE13TA-TA3. Diiselgeneraatorid","og_description":"Stager YDE13TA-TA on v\u00e4ga v\u00f5imas tugeva heliisolatsiooniga diiselgeneraator.Suudab toota nii \u00fche- kui kolmefaasilist voolu.","og_url":"https:\/\/reginett.ee\/toode\/elektrigeneraator-stager-yde13ta-ta3-diisel-10kw-39a\/","og_site_name":"Reginett","article_modified_time":"2025-01-31T05:23:21+00:00","og_image":[{"width":700,"height":496,"url":"https:\/\/reginett.ee\/wp-content\/uploads\/2022\/11\/diiselgeneraator-Stager-YDE13TA-TA3.jpg","type":"image\/jpeg"}],"twitter_card":"summary_large_image","twitter_misc":{"\u041f\u0440\u0438\u043c\u0435\u0440\u043d\u043e\u0435 \u0432\u0440\u0435\u043c\u044f \u0434\u043b\u044f \u0447\u0442\u0435\u043d\u0438\u044f":"1 \u043c\u0438\u043d\u0443\u0442\u0430"},"schema":{"@context":"https:\/\/schema.org","@graph":[{"@type":"WebPage","@id":"https:\/\/reginett.ee\/toode\/elektrigeneraator-stager-yde13ta-ta3-diisel-10kw-39a\/","url":"https:\/\/reginett.ee\/toode\/elektrigeneraator-stager-yde13ta-ta3-diisel-10kw-39a\/","name":"Elektrigeneraator Stager YDE13TA-TA3. Diiselgeneraatorid","isPartOf":{"@id":"https:\/\/reginett.ee\/#website"},"primaryImageOfPage":{"@id":"https:\/\/reginett.ee\/toode\/elektrigeneraator-stager-yde13ta-ta3-diisel-10kw-39a\/#primaryimage"},"image":{"@id":"https:\/\/reginett.ee\/toode\/elektrigeneraator-stager-yde13ta-ta3-diisel-10kw-39a\/#primaryimage"},"thumbnailUrl":"https:\/\/reginett.ee\/wp-content\/uploads\/2022\/11\/diiselgeneraator-Stager-YDE13TA-TA3.jpg","datePublished":"2025-01-28T07:28:11+00:00","dateModified":"2025-01-31T05:23:21+00:00","description":"Stager YDE13TA-TA on v\u00e4ga v\u00f5imas tugeva heliisolatsiooniga diiselgeneraator.Suudab toota nii \u00fche- kui kolmefaasilist voolu.","breadcrumb":{"@id":"https:\/\/reginett.ee\/toode\/elektrigeneraator-stager-yde13ta-ta3-diisel-10kw-39a\/#breadcrumb"},"inLanguage":"ru-RU","potentialAction":[{"@type":"ReadAction","target":["https:\/\/reginett.ee\/toode\/elektrigeneraator-stager-yde13ta-ta3-diisel-10kw-39a\/"]}]},{"@type":"ImageObject","inLanguage":"ru-RU","@id":"https:\/\/reginett.ee\/toode\/elektrigeneraator-stager-yde13ta-ta3-diisel-10kw-39a\/#primaryimage","url":"https:\/\/reginett.ee\/wp-content\/uploads\/2022\/11\/diiselgeneraator-Stager-YDE13TA-TA3.jpg","contentUrl":"https:\/\/reginett.ee\/wp-content\/uploads\/2022\/11\/diiselgeneraator-Stager-YDE13TA-TA3.jpg","width":700,"height":496,"caption":"diiselgeneraator Stager YDE13TA-TA3"},{"@type":"BreadcrumbList","@id":"https:\/\/reginett.ee\/toode\/elektrigeneraator-stager-yde13ta-ta3-diisel-10kw-39a\/#breadcrumb","itemListElement":[{"@type":"ListItem","position":1,"name":"Home","item":"https:\/\/reginett.ee\/ru\/"},{"@type":"ListItem","position":2,"name":"Tooted","item":"https:\/\/reginett.ee\/tooted\/"},{"@type":"ListItem","position":3,"name":"Elektrigeneraator Stager YDE13TA-TA3 diisel 10kW 39A"}]},{"@type":"WebSite","@id":"https:\/\/reginett.ee\/#website","url":"https:\/\/reginett.ee\/","name":"Reginett","description":"Parimad robotniidukid","potentialAction":[{"@type":"SearchAction","target":{"@type":"EntryPoint","urlTemplate":"https:\/\/reginett.ee\/?s={search_term_string}"},"query-input":{"@type":"PropertyValueSpecification","valueRequired":true,"valueName":"search_term_string"}}],"inLanguage":"ru-RU"}]}},"brands":[{"id":459,"name":"Stager","slug":"stager"}],"_links":{"self":[{"href":"https:\/\/reginett.ee\/ru\/wp-json\/wp\/v2\/product\/58772","targetHints":{"allow":["GET"]}}],"collection":[{"href":"https:\/\/reginett.ee\/ru\/wp-json\/wp\/v2\/product"}],"about":[{"href":"https:\/\/reginett.ee\/ru\/wp-json\/wp\/v2\/types\/product"}],"replies":[{"embeddable":true,"href":"https:\/\/reginett.ee\/ru\/wp-json\/wp\/v2\/comments?post=58772"}],"wp:featuredmedia":[{"embeddable":true,"href":"https:\/\/reginett.ee\/ru\/wp-json\/wp\/v2\/media\/58777"}],"wp:attachment":[{"href":"https:\/\/reginett.ee\/ru\/wp-json\/wp\/v2\/media?parent=58772"}],"wp:term":[{"taxonomy":"pwb-brand","embeddable":true,"href":"https:\/\/reginett.ee\/ru\/wp-json\/wp\/v2\/pwb-brand?post=58772"},{"taxonomy":"product_brand","embeddable":true,"href":"https:\/\/reginett.ee\/ru\/wp-json\/wp\/v2\/product_brand?post=58772"},{"taxonomy":"product_cat","embeddable":true,"href":"https:\/\/reginett.ee\/ru\/wp-json\/wp\/v2\/product_cat?post=58772"},{"taxonomy":"product_tag","embeddable":true,"href":"https:\/\/reginett.ee\/ru\/wp-json\/wp\/v2\/product_tag?post=58772"}],"curies":[{"name":"wp","href":"https:\/\/api.w.org\/{rel}","templated":true}]}}