{"id":58705,"date":"2022-11-16T09:19:55","date_gmt":"2022-11-16T06:19:55","guid":{"rendered":"https:\/\/reginett.ee\/?post_type=product&#038;p=58705"},"modified":"2022-11-24T17:32:05","modified_gmt":"2022-11-24T14:32:05","slug":"kindad-husqvarna-technical-light-uus","status":"publish","type":"product","link":"https:\/\/reginett.ee\/ru\/toode\/kindad-husqvarna-technical-light-uus\/","title":{"rendered":"Kindad Husqvarna Technical Light UUS!"},"content":{"rendered":"<p>Husqvarna Technical Light kindad on mugavad, tihedalt \u00fcmber k\u00e4e liibuvad kaitsekindad, mis on m\u00f5eldud metsat\u00f6\u00f6deks. Peopesa, s\u00f5rmenukk ja s\u00f5rmeotsad on veekindlast tagurpidi p\u00f6\u00f6ratud kitsenahast. Lamineeritud spandex kangast k\u00e4eselg pakub maksimaalset mugavust.<\/p>\n<p>Nimetiss\u00f5rmel on puutetundliku kattega s\u00f5rmenukk, nii saate oma nutitelefoni kasutada kinnastega. Neopreenist reguleeritav randmeosa muudab kinnaste k\u00e4ttepanemise lihtsaks ja hoiab mustuse eemal. Froteeriidest p\u00f6idlaga kate nina ja n\u00e4o pehmeks p\u00fchkimiseks. EN 388:2016<\/p>\n<p>Tugevdatud peopesa tagab suure vastupidavuse. Varustatud takjakinnitusega randmeosaga ning p\u00f6idlapealne on kaetud frotee materjaliga.<\/p>\n<h3 class=\"hui-spacing--sm-mt-4-times-6 WLwtnNxco1C4cPugKSaO0g==\">Puutetundlik s\u00f5rmenukk<\/h3>\n<h6 class=\"hui-spacing--sm-mt-4-times-6 WLwtnNxco1C4cPugKSaO0g==\"><span style=\"color: #808080;\">Nimetiss\u00f5rmel on puutetundliku kattega s\u00f5rmenukk, nii saate oma nutitelefoni kasutada kinnastega.<\/span><\/h6>\n<h3 class=\"hui-spacing--sm-mt-4-times-6 WLwtnNxco1C4cPugKSaO0g==\">Cat II<\/h3>\n<p class=\"hui-spacing--sm-mt-4-times-4 K2PbruRyOKhyQZiENIYSog==\">Heaks kiidetud vastavalt EN 388 mehaanika ohutusn\u00f5uetele CAT II.<\/p>\n<p>&nbsp;<\/p>\n","protected":false},"excerpt":{"rendered":"<p><strong>Husqvarna Technical Light kindad<\/strong> on mugavad, tihedalt \u00fcmber k\u00e4e liibuvad kaitsekindad, mis on m\u00f5eldud metsat\u00f6\u00f6deks. Peopesa, s\u00f5rmenukk ja s\u00f5rmeotsad on veekindlast tagurpidi p\u00f6\u00f6ratud kitsenahast.<\/p>\n","protected":false},"featured_media":58731,"comment_status":"open","ping_status":"closed","template":"","meta":{"_acf_changed":false,"_et_pb_use_builder":"","_et_pb_old_content":"","_et_gb_content_width":"","inline_featured_image":false},"pwb-brand":[147],"product_brand":[],"product_cat":[478,37,231,32],"product_tag":[166,476],"class_list":{"0":"post-58705","1":"product","2":"type-product","3":"status-publish","4":"has-post-thumbnail","6":"pwb-brand-husqvarna","7":"product_cat-vaba-aeg","8":"product_cat-husqvarna","9":"product_cat-kingiideed","10":"product_cat-riided-ja-kaitsevahendid","11":"product_tag-kindad","12":"product_tag-technical-light","14":"first","15":"instock","16":"shipping-taxable","17":"purchasable","18":"product-type-variable"},"acf":[],"yoast_head":"<!-- This site is optimized with the Yoast SEO plugin v26.6 - https:\/\/yoast.com\/wordpress\/plugins\/seo\/ -->\n<title>Kindad Husqvarna Technical Light. Husqvarna kindad Reginetist<\/title>\n<meta name=\"description\" content=\"Husqvarna Technical Light kindad on mugavad, tihedalt \u00fcmber k\u00e4e liibuvad kaitsekindad, mis on m\u00f5eldud metsat\u00f6\u00f6deks. Peopesa, s\u00f5rmenukk ja s\u00f5rmeotsad\" \/>\n<meta name=\"robots\" content=\"index, follow, max-snippet:-1, max-image-preview:large, max-video-preview:-1\" \/>\n<link rel=\"canonical\" href=\"https:\/\/reginett.ee\/toode\/kindad-husqvarna-technical-light-uus\/\" \/>\n<meta property=\"og:locale\" content=\"ru_RU\" \/>\n<meta property=\"og:type\" content=\"article\" \/>\n<meta property=\"og:title\" content=\"Kindad Husqvarna Technical Light. Husqvarna kindad Reginetist\" \/>\n<meta property=\"og:description\" content=\"Husqvarna Technical Light kindad on mugavad, tihedalt \u00fcmber k\u00e4e liibuvad kaitsekindad, mis on m\u00f5eldud metsat\u00f6\u00f6deks. Peopesa, s\u00f5rmenukk ja s\u00f5rmeotsad\" \/>\n<meta property=\"og:url\" content=\"https:\/\/reginett.ee\/toode\/kindad-husqvarna-technical-light-uus\/\" \/>\n<meta property=\"og:site_name\" content=\"Reginett\" \/>\n<meta property=\"article:modified_time\" content=\"2022-11-24T14:32:05+00:00\" \/>\n<meta property=\"og:image\" content=\"https:\/\/reginett.ee\/wp-content\/uploads\/2022\/11\/Kindad-Husqvarna-Technical-Light-Reginett.jpg\" \/>\n\t<meta property=\"og:image:width\" content=\"680\" \/>\n\t<meta property=\"og:image:height\" content=\"372\" \/>\n\t<meta property=\"og:image:type\" content=\"image\/jpeg\" \/>\n<meta name=\"twitter:card\" content=\"summary_large_image\" \/>\n<meta name=\"twitter:label1\" content=\"\u041f\u0440\u0438\u043c\u0435\u0440\u043d\u043e\u0435 \u0432\u0440\u0435\u043c\u044f \u0434\u043b\u044f \u0447\u0442\u0435\u043d\u0438\u044f\" \/>\n\t<meta name=\"twitter:data1\" content=\"1 \u043c\u0438\u043d\u0443\u0442\u0430\" \/>\n<script type=\"application\/ld+json\" class=\"yoast-schema-graph\">{\"@context\":\"https:\/\/schema.org\",\"@graph\":[{\"@type\":\"WebPage\",\"@id\":\"https:\/\/reginett.ee\/toode\/kindad-husqvarna-technical-light-uus\/\",\"url\":\"https:\/\/reginett.ee\/toode\/kindad-husqvarna-technical-light-uus\/\",\"name\":\"Kindad Husqvarna Technical Light. Husqvarna kindad Reginetist\",\"isPartOf\":{\"@id\":\"https:\/\/reginett.ee\/#website\"},\"primaryImageOfPage\":{\"@id\":\"https:\/\/reginett.ee\/toode\/kindad-husqvarna-technical-light-uus\/#primaryimage\"},\"image\":{\"@id\":\"https:\/\/reginett.ee\/toode\/kindad-husqvarna-technical-light-uus\/#primaryimage\"},\"thumbnailUrl\":\"https:\/\/reginett.ee\/wp-content\/uploads\/2022\/11\/Kindad-Husqvarna-Technical-Light-Reginett.jpg\",\"datePublished\":\"2022-11-16T06:19:55+00:00\",\"dateModified\":\"2022-11-24T14:32:05+00:00\",\"description\":\"Husqvarna Technical Light kindad on mugavad, tihedalt \u00fcmber k\u00e4e liibuvad kaitsekindad, mis on m\u00f5eldud metsat\u00f6\u00f6deks. Peopesa, s\u00f5rmenukk ja s\u00f5rmeotsad\",\"breadcrumb\":{\"@id\":\"https:\/\/reginett.ee\/toode\/kindad-husqvarna-technical-light-uus\/#breadcrumb\"},\"inLanguage\":\"ru-RU\",\"potentialAction\":[{\"@type\":\"ReadAction\",\"target\":[\"https:\/\/reginett.ee\/toode\/kindad-husqvarna-technical-light-uus\/\"]}]},{\"@type\":\"ImageObject\",\"inLanguage\":\"ru-RU\",\"@id\":\"https:\/\/reginett.ee\/toode\/kindad-husqvarna-technical-light-uus\/#primaryimage\",\"url\":\"https:\/\/reginett.ee\/wp-content\/uploads\/2022\/11\/Kindad-Husqvarna-Technical-Light-Reginett.jpg\",\"contentUrl\":\"https:\/\/reginett.ee\/wp-content\/uploads\/2022\/11\/Kindad-Husqvarna-Technical-Light-Reginett.jpg\",\"width\":680,\"height\":372,\"caption\":\"KIndad Technical Light\"},{\"@type\":\"BreadcrumbList\",\"@id\":\"https:\/\/reginett.ee\/toode\/kindad-husqvarna-technical-light-uus\/#breadcrumb\",\"itemListElement\":[{\"@type\":\"ListItem\",\"position\":1,\"name\":\"Home\",\"item\":\"https:\/\/reginett.ee\/ru\/\"},{\"@type\":\"ListItem\",\"position\":2,\"name\":\"Tooted\",\"item\":\"https:\/\/reginett.ee\/tooted\/\"},{\"@type\":\"ListItem\",\"position\":3,\"name\":\"Kindad Husqvarna Technical Light UUS!\"}]},{\"@type\":\"WebSite\",\"@id\":\"https:\/\/reginett.ee\/#website\",\"url\":\"https:\/\/reginett.ee\/\",\"name\":\"Reginett\",\"description\":\"Parimad robotniidukid\",\"potentialAction\":[{\"@type\":\"SearchAction\",\"target\":{\"@type\":\"EntryPoint\",\"urlTemplate\":\"https:\/\/reginett.ee\/?s={search_term_string}\"},\"query-input\":{\"@type\":\"PropertyValueSpecification\",\"valueRequired\":true,\"valueName\":\"search_term_string\"}}],\"inLanguage\":\"ru-RU\"}]}<\/script>\n<!-- \/ Yoast SEO plugin. -->","yoast_head_json":{"title":"Kindad Husqvarna Technical Light. Husqvarna kindad Reginetist","description":"Husqvarna Technical Light kindad on mugavad, tihedalt \u00fcmber k\u00e4e liibuvad kaitsekindad, mis on m\u00f5eldud metsat\u00f6\u00f6deks. Peopesa, s\u00f5rmenukk ja s\u00f5rmeotsad","robots":{"index":"index","follow":"follow","max-snippet":"max-snippet:-1","max-image-preview":"max-image-preview:large","max-video-preview":"max-video-preview:-1"},"canonical":"https:\/\/reginett.ee\/toode\/kindad-husqvarna-technical-light-uus\/","og_locale":"ru_RU","og_type":"article","og_title":"Kindad Husqvarna Technical Light. Husqvarna kindad Reginetist","og_description":"Husqvarna Technical Light kindad on mugavad, tihedalt \u00fcmber k\u00e4e liibuvad kaitsekindad, mis on m\u00f5eldud metsat\u00f6\u00f6deks. Peopesa, s\u00f5rmenukk ja s\u00f5rmeotsad","og_url":"https:\/\/reginett.ee\/toode\/kindad-husqvarna-technical-light-uus\/","og_site_name":"Reginett","article_modified_time":"2022-11-24T14:32:05+00:00","og_image":[{"width":680,"height":372,"url":"https:\/\/reginett.ee\/wp-content\/uploads\/2022\/11\/Kindad-Husqvarna-Technical-Light-Reginett.jpg","type":"image\/jpeg"}],"twitter_card":"summary_large_image","twitter_misc":{"\u041f\u0440\u0438\u043c\u0435\u0440\u043d\u043e\u0435 \u0432\u0440\u0435\u043c\u044f \u0434\u043b\u044f \u0447\u0442\u0435\u043d\u0438\u044f":"1 \u043c\u0438\u043d\u0443\u0442\u0430"},"schema":{"@context":"https:\/\/schema.org","@graph":[{"@type":"WebPage","@id":"https:\/\/reginett.ee\/toode\/kindad-husqvarna-technical-light-uus\/","url":"https:\/\/reginett.ee\/toode\/kindad-husqvarna-technical-light-uus\/","name":"Kindad Husqvarna Technical Light. Husqvarna kindad Reginetist","isPartOf":{"@id":"https:\/\/reginett.ee\/#website"},"primaryImageOfPage":{"@id":"https:\/\/reginett.ee\/toode\/kindad-husqvarna-technical-light-uus\/#primaryimage"},"image":{"@id":"https:\/\/reginett.ee\/toode\/kindad-husqvarna-technical-light-uus\/#primaryimage"},"thumbnailUrl":"https:\/\/reginett.ee\/wp-content\/uploads\/2022\/11\/Kindad-Husqvarna-Technical-Light-Reginett.jpg","datePublished":"2022-11-16T06:19:55+00:00","dateModified":"2022-11-24T14:32:05+00:00","description":"Husqvarna Technical Light kindad on mugavad, tihedalt \u00fcmber k\u00e4e liibuvad kaitsekindad, mis on m\u00f5eldud metsat\u00f6\u00f6deks. Peopesa, s\u00f5rmenukk ja s\u00f5rmeotsad","breadcrumb":{"@id":"https:\/\/reginett.ee\/toode\/kindad-husqvarna-technical-light-uus\/#breadcrumb"},"inLanguage":"ru-RU","potentialAction":[{"@type":"ReadAction","target":["https:\/\/reginett.ee\/toode\/kindad-husqvarna-technical-light-uus\/"]}]},{"@type":"ImageObject","inLanguage":"ru-RU","@id":"https:\/\/reginett.ee\/toode\/kindad-husqvarna-technical-light-uus\/#primaryimage","url":"https:\/\/reginett.ee\/wp-content\/uploads\/2022\/11\/Kindad-Husqvarna-Technical-Light-Reginett.jpg","contentUrl":"https:\/\/reginett.ee\/wp-content\/uploads\/2022\/11\/Kindad-Husqvarna-Technical-Light-Reginett.jpg","width":680,"height":372,"caption":"KIndad Technical Light"},{"@type":"BreadcrumbList","@id":"https:\/\/reginett.ee\/toode\/kindad-husqvarna-technical-light-uus\/#breadcrumb","itemListElement":[{"@type":"ListItem","position":1,"name":"Home","item":"https:\/\/reginett.ee\/ru\/"},{"@type":"ListItem","position":2,"name":"Tooted","item":"https:\/\/reginett.ee\/tooted\/"},{"@type":"ListItem","position":3,"name":"Kindad Husqvarna Technical Light UUS!"}]},{"@type":"WebSite","@id":"https:\/\/reginett.ee\/#website","url":"https:\/\/reginett.ee\/","name":"Reginett","description":"Parimad robotniidukid","potentialAction":[{"@type":"SearchAction","target":{"@type":"EntryPoint","urlTemplate":"https:\/\/reginett.ee\/?s={search_term_string}"},"query-input":{"@type":"PropertyValueSpecification","valueRequired":true,"valueName":"search_term_string"}}],"inLanguage":"ru-RU"}]}},"brands":[{"id":147,"name":"Husqvarna","slug":"husqvarna"}],"_links":{"self":[{"href":"https:\/\/reginett.ee\/ru\/wp-json\/wp\/v2\/product\/58705","targetHints":{"allow":["GET"]}}],"collection":[{"href":"https:\/\/reginett.ee\/ru\/wp-json\/wp\/v2\/product"}],"about":[{"href":"https:\/\/reginett.ee\/ru\/wp-json\/wp\/v2\/types\/product"}],"replies":[{"embeddable":true,"href":"https:\/\/reginett.ee\/ru\/wp-json\/wp\/v2\/comments?post=58705"}],"wp:featuredmedia":[{"embeddable":true,"href":"https:\/\/reginett.ee\/ru\/wp-json\/wp\/v2\/media\/58731"}],"wp:attachment":[{"href":"https:\/\/reginett.ee\/ru\/wp-json\/wp\/v2\/media?parent=58705"}],"wp:term":[{"taxonomy":"pwb-brand","embeddable":true,"href":"https:\/\/reginett.ee\/ru\/wp-json\/wp\/v2\/pwb-brand?post=58705"},{"taxonomy":"product_brand","embeddable":true,"href":"https:\/\/reginett.ee\/ru\/wp-json\/wp\/v2\/product_brand?post=58705"},{"taxonomy":"product_cat","embeddable":true,"href":"https:\/\/reginett.ee\/ru\/wp-json\/wp\/v2\/product_cat?post=58705"},{"taxonomy":"product_tag","embeddable":true,"href":"https:\/\/reginett.ee\/ru\/wp-json\/wp\/v2\/product_tag?post=58705"}],"curies":[{"name":"wp","href":"https:\/\/api.w.org\/{rel}","templated":true}]}}