{"id":58613,"date":"2022-11-09T10:48:35","date_gmt":"2022-11-09T07:48:35","guid":{"rendered":"https:\/\/reginett.ee\/?post_type=product&#038;p=58613"},"modified":"2022-11-17T14:28:56","modified_gmt":"2022-11-17T11:28:56","slug":"oksasaag-husqvarna-300st","status":"publish","type":"product","link":"https:\/\/reginett.ee\/ru\/toode\/oksasaag-husqvarna-300st\/","title":{"rendered":"Oksasaag Husqvarna 300ST"},"content":{"rendered":"<p>Oksasaag Husqvarna 300ST, mille kogupikkus on 400mm.<\/p>\n<p>Vastupidav, kolmekordselt teritatud sirge tera tagab t\u00e4pse saagimistulemuse v\u00e4hese vaevaga. Sobib nii kuiva kui ka v\u00e4rskete okste saagimiseks. Spetsiaalne kattekiht hoiab rooste eemale ning tagab sae vastupidavuse ja hea libisemise. K\u00e4epide on kaetud pehmete ja mugavate libisemisvastaste plastikust komponentidega. Lihtne hoiustada t\u00e4nu vutlarile ja riputusaasale.<\/p>\n<p>Oksasaagi on ohutu kasutada.<\/p>\n<p>&nbsp;<\/p>\n","protected":false},"excerpt":{"rendered":"<p>Oksasaag Husqvarna 300ST, mille kogupikkus on 400mm.<\/p>\n<p>Vastupidav, kolmekordselt teritatud sirge tera tagab t\u00e4pse saagimistulemuse v\u00e4hese vaevaga.<\/p>\n","protected":false},"featured_media":58614,"comment_status":"open","ping_status":"closed","template":"","meta":{"_acf_changed":false,"_et_pb_use_builder":"","_et_pb_old_content":"","_et_gb_content_width":"","inline_featured_image":false},"pwb-brand":[147],"product_brand":[],"product_cat":[480,37,231,27],"product_tag":[],"class_list":{"0":"post-58613","1":"product","2":"type-product","3":"status-publish","4":"has-post-thumbnail","6":"pwb-brand-husqvarna","7":"product_cat-aiatoo","8":"product_cat-husqvarna","9":"product_cat-kingiideed","10":"product_cat-tooriistad-ja-tarvikud","12":"first","13":"instock","14":"shipping-taxable","15":"purchasable","16":"product-type-simple"},"acf":[],"yoast_head":"<!-- This site is optimized with the Yoast SEO plugin v26.6 - https:\/\/yoast.com\/wordpress\/plugins\/seo\/ -->\n<title>Oksasaag Husqvarna 300ST. Husqvarna t\u00f6\u00f6riistad Reginetist<\/title>\n<meta name=\"description\" content=\"Oksasaag Husqvarna 300ST, mille kogupikkus on 400mm.Vastupidav, kolmekordselt teritatud sirge tera tagab t\u00e4pse saagimistulemuse v\u00e4hese vaevaga.\" \/>\n<meta name=\"robots\" content=\"index, follow, max-snippet:-1, max-image-preview:large, max-video-preview:-1\" \/>\n<link rel=\"canonical\" href=\"https:\/\/reginett.ee\/toode\/oksasaag-husqvarna-300st\/\" \/>\n<meta property=\"og:locale\" content=\"ru_RU\" \/>\n<meta property=\"og:type\" content=\"article\" \/>\n<meta property=\"og:title\" content=\"Oksasaag Husqvarna 300ST. Husqvarna t\u00f6\u00f6riistad Reginetist\" \/>\n<meta property=\"og:description\" content=\"Oksasaag Husqvarna 300ST, mille kogupikkus on 400mm.Vastupidav, kolmekordselt teritatud sirge tera tagab t\u00e4pse saagimistulemuse v\u00e4hese vaevaga.\" \/>\n<meta property=\"og:url\" content=\"https:\/\/reginett.ee\/toode\/oksasaag-husqvarna-300st\/\" \/>\n<meta property=\"og:site_name\" content=\"Reginett\" \/>\n<meta property=\"article:modified_time\" content=\"2022-11-17T11:28:56+00:00\" \/>\n<meta property=\"og:image\" content=\"https:\/\/reginett.ee\/wp-content\/uploads\/2022\/11\/Oksasaag-Husqvarna-sirge-tera.jpg\" \/>\n\t<meta property=\"og:image:width\" content=\"680\" \/>\n\t<meta property=\"og:image:height\" content=\"372\" \/>\n\t<meta property=\"og:image:type\" content=\"image\/jpeg\" \/>\n<meta name=\"twitter:card\" content=\"summary_large_image\" \/>\n<meta name=\"twitter:label1\" content=\"\u041f\u0440\u0438\u043c\u0435\u0440\u043d\u043e\u0435 \u0432\u0440\u0435\u043c\u044f \u0434\u043b\u044f \u0447\u0442\u0435\u043d\u0438\u044f\" \/>\n\t<meta name=\"twitter:data1\" content=\"1 \u043c\u0438\u043d\u0443\u0442\u0430\" \/>\n<script type=\"application\/ld+json\" class=\"yoast-schema-graph\">{\"@context\":\"https:\/\/schema.org\",\"@graph\":[{\"@type\":\"WebPage\",\"@id\":\"https:\/\/reginett.ee\/toode\/oksasaag-husqvarna-300st\/\",\"url\":\"https:\/\/reginett.ee\/toode\/oksasaag-husqvarna-300st\/\",\"name\":\"Oksasaag Husqvarna 300ST. Husqvarna t\u00f6\u00f6riistad Reginetist\",\"isPartOf\":{\"@id\":\"https:\/\/reginett.ee\/#website\"},\"primaryImageOfPage\":{\"@id\":\"https:\/\/reginett.ee\/toode\/oksasaag-husqvarna-300st\/#primaryimage\"},\"image\":{\"@id\":\"https:\/\/reginett.ee\/toode\/oksasaag-husqvarna-300st\/#primaryimage\"},\"thumbnailUrl\":\"https:\/\/reginett.ee\/wp-content\/uploads\/2022\/11\/Oksasaag-Husqvarna-sirge-tera.jpg\",\"datePublished\":\"2022-11-09T07:48:35+00:00\",\"dateModified\":\"2022-11-17T11:28:56+00:00\",\"description\":\"Oksasaag Husqvarna 300ST, mille kogupikkus on 400mm.Vastupidav, kolmekordselt teritatud sirge tera tagab t\u00e4pse saagimistulemuse v\u00e4hese vaevaga.\",\"breadcrumb\":{\"@id\":\"https:\/\/reginett.ee\/toode\/oksasaag-husqvarna-300st\/#breadcrumb\"},\"inLanguage\":\"ru-RU\",\"potentialAction\":[{\"@type\":\"ReadAction\",\"target\":[\"https:\/\/reginett.ee\/toode\/oksasaag-husqvarna-300st\/\"]}]},{\"@type\":\"ImageObject\",\"inLanguage\":\"ru-RU\",\"@id\":\"https:\/\/reginett.ee\/toode\/oksasaag-husqvarna-300st\/#primaryimage\",\"url\":\"https:\/\/reginett.ee\/wp-content\/uploads\/2022\/11\/Oksasaag-Husqvarna-sirge-tera.jpg\",\"contentUrl\":\"https:\/\/reginett.ee\/wp-content\/uploads\/2022\/11\/Oksasaag-Husqvarna-sirge-tera.jpg\",\"width\":680,\"height\":372,\"caption\":\"Oksasaag Husqvarna\"},{\"@type\":\"BreadcrumbList\",\"@id\":\"https:\/\/reginett.ee\/toode\/oksasaag-husqvarna-300st\/#breadcrumb\",\"itemListElement\":[{\"@type\":\"ListItem\",\"position\":1,\"name\":\"Home\",\"item\":\"https:\/\/reginett.ee\/ru\/\"},{\"@type\":\"ListItem\",\"position\":2,\"name\":\"Tooted\",\"item\":\"https:\/\/reginett.ee\/tooted\/\"},{\"@type\":\"ListItem\",\"position\":3,\"name\":\"Oksasaag Husqvarna 300ST\"}]},{\"@type\":\"WebSite\",\"@id\":\"https:\/\/reginett.ee\/#website\",\"url\":\"https:\/\/reginett.ee\/\",\"name\":\"Reginett\",\"description\":\"Parimad robotniidukid\",\"potentialAction\":[{\"@type\":\"SearchAction\",\"target\":{\"@type\":\"EntryPoint\",\"urlTemplate\":\"https:\/\/reginett.ee\/?s={search_term_string}\"},\"query-input\":{\"@type\":\"PropertyValueSpecification\",\"valueRequired\":true,\"valueName\":\"search_term_string\"}}],\"inLanguage\":\"ru-RU\"}]}<\/script>\n<!-- \/ Yoast SEO plugin. -->","yoast_head_json":{"title":"Oksasaag Husqvarna 300ST. Husqvarna t\u00f6\u00f6riistad Reginetist","description":"Oksasaag Husqvarna 300ST, mille kogupikkus on 400mm.Vastupidav, kolmekordselt teritatud sirge tera tagab t\u00e4pse saagimistulemuse v\u00e4hese vaevaga.","robots":{"index":"index","follow":"follow","max-snippet":"max-snippet:-1","max-image-preview":"max-image-preview:large","max-video-preview":"max-video-preview:-1"},"canonical":"https:\/\/reginett.ee\/toode\/oksasaag-husqvarna-300st\/","og_locale":"ru_RU","og_type":"article","og_title":"Oksasaag Husqvarna 300ST. Husqvarna t\u00f6\u00f6riistad Reginetist","og_description":"Oksasaag Husqvarna 300ST, mille kogupikkus on 400mm.Vastupidav, kolmekordselt teritatud sirge tera tagab t\u00e4pse saagimistulemuse v\u00e4hese vaevaga.","og_url":"https:\/\/reginett.ee\/toode\/oksasaag-husqvarna-300st\/","og_site_name":"Reginett","article_modified_time":"2022-11-17T11:28:56+00:00","og_image":[{"width":680,"height":372,"url":"https:\/\/reginett.ee\/wp-content\/uploads\/2022\/11\/Oksasaag-Husqvarna-sirge-tera.jpg","type":"image\/jpeg"}],"twitter_card":"summary_large_image","twitter_misc":{"\u041f\u0440\u0438\u043c\u0435\u0440\u043d\u043e\u0435 \u0432\u0440\u0435\u043c\u044f \u0434\u043b\u044f \u0447\u0442\u0435\u043d\u0438\u044f":"1 \u043c\u0438\u043d\u0443\u0442\u0430"},"schema":{"@context":"https:\/\/schema.org","@graph":[{"@type":"WebPage","@id":"https:\/\/reginett.ee\/toode\/oksasaag-husqvarna-300st\/","url":"https:\/\/reginett.ee\/toode\/oksasaag-husqvarna-300st\/","name":"Oksasaag Husqvarna 300ST. Husqvarna t\u00f6\u00f6riistad Reginetist","isPartOf":{"@id":"https:\/\/reginett.ee\/#website"},"primaryImageOfPage":{"@id":"https:\/\/reginett.ee\/toode\/oksasaag-husqvarna-300st\/#primaryimage"},"image":{"@id":"https:\/\/reginett.ee\/toode\/oksasaag-husqvarna-300st\/#primaryimage"},"thumbnailUrl":"https:\/\/reginett.ee\/wp-content\/uploads\/2022\/11\/Oksasaag-Husqvarna-sirge-tera.jpg","datePublished":"2022-11-09T07:48:35+00:00","dateModified":"2022-11-17T11:28:56+00:00","description":"Oksasaag Husqvarna 300ST, mille kogupikkus on 400mm.Vastupidav, kolmekordselt teritatud sirge tera tagab t\u00e4pse saagimistulemuse v\u00e4hese vaevaga.","breadcrumb":{"@id":"https:\/\/reginett.ee\/toode\/oksasaag-husqvarna-300st\/#breadcrumb"},"inLanguage":"ru-RU","potentialAction":[{"@type":"ReadAction","target":["https:\/\/reginett.ee\/toode\/oksasaag-husqvarna-300st\/"]}]},{"@type":"ImageObject","inLanguage":"ru-RU","@id":"https:\/\/reginett.ee\/toode\/oksasaag-husqvarna-300st\/#primaryimage","url":"https:\/\/reginett.ee\/wp-content\/uploads\/2022\/11\/Oksasaag-Husqvarna-sirge-tera.jpg","contentUrl":"https:\/\/reginett.ee\/wp-content\/uploads\/2022\/11\/Oksasaag-Husqvarna-sirge-tera.jpg","width":680,"height":372,"caption":"Oksasaag Husqvarna"},{"@type":"BreadcrumbList","@id":"https:\/\/reginett.ee\/toode\/oksasaag-husqvarna-300st\/#breadcrumb","itemListElement":[{"@type":"ListItem","position":1,"name":"Home","item":"https:\/\/reginett.ee\/ru\/"},{"@type":"ListItem","position":2,"name":"Tooted","item":"https:\/\/reginett.ee\/tooted\/"},{"@type":"ListItem","position":3,"name":"Oksasaag Husqvarna 300ST"}]},{"@type":"WebSite","@id":"https:\/\/reginett.ee\/#website","url":"https:\/\/reginett.ee\/","name":"Reginett","description":"Parimad robotniidukid","potentialAction":[{"@type":"SearchAction","target":{"@type":"EntryPoint","urlTemplate":"https:\/\/reginett.ee\/?s={search_term_string}"},"query-input":{"@type":"PropertyValueSpecification","valueRequired":true,"valueName":"search_term_string"}}],"inLanguage":"ru-RU"}]}},"brands":[{"id":147,"name":"Husqvarna","slug":"husqvarna"}],"_links":{"self":[{"href":"https:\/\/reginett.ee\/ru\/wp-json\/wp\/v2\/product\/58613","targetHints":{"allow":["GET"]}}],"collection":[{"href":"https:\/\/reginett.ee\/ru\/wp-json\/wp\/v2\/product"}],"about":[{"href":"https:\/\/reginett.ee\/ru\/wp-json\/wp\/v2\/types\/product"}],"replies":[{"embeddable":true,"href":"https:\/\/reginett.ee\/ru\/wp-json\/wp\/v2\/comments?post=58613"}],"wp:featuredmedia":[{"embeddable":true,"href":"https:\/\/reginett.ee\/ru\/wp-json\/wp\/v2\/media\/58614"}],"wp:attachment":[{"href":"https:\/\/reginett.ee\/ru\/wp-json\/wp\/v2\/media?parent=58613"}],"wp:term":[{"taxonomy":"pwb-brand","embeddable":true,"href":"https:\/\/reginett.ee\/ru\/wp-json\/wp\/v2\/pwb-brand?post=58613"},{"taxonomy":"product_brand","embeddable":true,"href":"https:\/\/reginett.ee\/ru\/wp-json\/wp\/v2\/product_brand?post=58613"},{"taxonomy":"product_cat","embeddable":true,"href":"https:\/\/reginett.ee\/ru\/wp-json\/wp\/v2\/product_cat?post=58613"},{"taxonomy":"product_tag","embeddable":true,"href":"https:\/\/reginett.ee\/ru\/wp-json\/wp\/v2\/product_tag?post=58613"}],"curies":[{"name":"wp","href":"https:\/\/api.w.org\/{rel}","templated":true}]}}