{"id":58522,"date":"2022-10-19T14:17:34","date_gmt":"2022-10-19T11:17:34","guid":{"rendered":"https:\/\/reginett.ee\/?post_type=product&#038;p=58522"},"modified":"2025-01-29T18:41:28","modified_gmt":"2025-01-29T15:41:28","slug":"elektrigeneraator-stager-yde7000td3-diisel-5kw","status":"publish","type":"product","link":"https:\/\/reginett.ee\/ru\/toode\/elektrigeneraator-stager-yde7000td3-diisel-5kw\/","title":{"rendered":"Elektrigeneraator Stager YDE7000TD3 diisel 5kW 3F"},"content":{"rendered":"<div><strong>Elektrigeneraator Stager YDE7000TD3<\/strong> on 5kW kolmefaasiline m\u00fcrasummutava korpusega efektiivne generaator.<\/div>\n<div>Sellel mudelil on kuiv \u00f5hufilter, k\u00fctusefilter, \u00f5lifilter.<\/div>\n<div>Elektripistikupesade kaitsekatted (juurdep\u00e4\u00e4su piiramiseks v\u00f5i juhuslikuks puudutamiseks)<\/div>\n<div>Helikindel korpus koos juurdep\u00e4\u00e4suuksega hooldust\u00f6\u00f6deks ja remondiks;<\/div>\n<div>Generaatori juurdep\u00e4\u00e4suuks on varustatud kummitihendiga;<\/div>\n<div>Kaitsev\u00f5rega varustatud ventilatsiooniavad v\u00e4ltimaks suurte esemete sissetungimist v\u00e4ljastpoolt generaatori sisemusse;<\/div>\n<div>Kummist vibratsioonivastane s\u00fcsteem<\/div>\n<div>SmartGen HGM 4020 juhtpaneel;<\/div>\n<div>12V k\u00e4ivitusaku, kruviklemmid;<\/div>\n<div>T\u00f5ster\u00f5ngas korpuse \u00fclaosas;<\/div>\n<div>\u00f5liandur;<\/div>\n<div>ATS-pistik;<\/div>\n<div>digitaalne ekraan;<\/div>\n<div>Varustatud transpordiks ratastega;<\/div>\n<div>Autonoomia: 6,5 tundi<\/div>\n<div>\n<p><strong>KONTROLLPANEEL<\/strong><\/p>\n<div>\n<div>SmartGen HGM4020 paneeli kasutatakse voolugeneraatori automaatseks juhtimiseks ja j\u00e4lgimiseks.\u00a0See v\u00f5ib t\u00e4ita selliseid funktsioone nagu: automaatne k\u00e4ivitamine\/seiskamine, andmete m\u00f5\u00f5tmine, kaitseh\u00e4ired jne.<\/div>\n<div>K\u00f5iki parameetreid saab konfigureerida esipaneelilt v\u00f5i USB-liidese (v\u00f5i RS485) ja arvuti abil.\u00a0T\u00e4nu kompaktsele struktuurile, lihtsatele \u00fchendustele ja k\u00f5rgele t\u00f6\u00f6kindlusele saab seda laialdaselt kasutada igasugustes automaatjuhtimiss\u00fcsteemides.<\/div>\n<div><\/div>\n<div><strong>Omadused:<\/strong><\/div>\n<div>LCD-ekraan, mis v\u00f5imaldab lihtsalt teavet vaadata, eraldusv\u00f5ime 132 x 64 pikslit;<\/div>\n<div>RS485 sideport v\u00f5imaldab 3 &#171;kaug&#187; funktsiooni l\u00e4bi MODBUS-protokolli;<\/div>\n<div>Juhtimis- ja kaitsefunktsioon: generaatori automaatne k\u00e4ivitamine\/seiskamine, koormuse \u00fclekandmine (ATS-juhtimine) ning vean\u00e4it ja kaitse;<\/div>\n<div>Parameetri seadistus: v\u00f5imaldab kasutajal s\u00e4tteid muuta ja m\u00e4lukaardile salvestada.\u00a0Parameetrid ei l\u00e4he kaotsi isegi siis, kui see v\u00e4lja l\u00fclitatakse.\u00a0Parameetreid saab seadistada mitte ainult esipaneelilt, vaid reguleerida ka USB-liidese (v\u00f5i RS485-liidese) kaudu arvuti abil;<\/div>\n<div>Mitut temperatuuri-, r\u00f5hu- ja k\u00fctusetaseme andurit saab kasutada otse, parameetrid saab kasutaja ise m\u00e4\u00e4rata;<\/div>\n<div>J\u00e4rgmiste mootori parameetrite m\u00f5\u00f5tmine ja kuvamine: temperatuur, \u00f5lir\u00f5hk, k\u00fctusetase, p\/min, aku pinge, alaldi pinge, t\u00f6\u00f6tundide arv, k\u00e4ivituste arv;<\/div>\n<div>See suudab m\u00f5\u00f5ta ja kuvada v\u00f5rgu \/ generaatori pinge, voolu, sageduse ja v\u00f5imsuse parameetreid.<\/div>\n<div><\/div>\n<\/div>\n<\/div>\n","protected":false},"excerpt":{"rendered":"<p><strong>Elektrigeneraator Stager YDE7000TD3<\/strong> on 5kW kolmefaasiline m\u00fcrasummutava korpusega efektiivne generaator.<\/p>\n","protected":false},"featured_media":58527,"comment_status":"open","ping_status":"closed","template":"","meta":{"_acf_changed":false,"_et_pb_use_builder":"","_et_pb_old_content":"","_et_gb_content_width":"","inline_featured_image":false},"pwb-brand":[459],"product_brand":[],"product_cat":[447,27],"product_tag":[462,444,445,461],"class_list":{"0":"post-58522","1":"product","2":"type-product","3":"status-publish","4":"has-post-thumbnail","6":"pwb-brand-stager","7":"product_cat-elektrigeneraatorid","8":"product_cat-tooriistad-ja-tarvikud","9":"product_tag-diisel-generaator","10":"product_tag-elektrigeneraator","11":"product_tag-generaator","12":"product_tag-generaator-stager","13":"product_shipping_class-rasked-asjad","15":"first","16":"outofstock","17":"sale","18":"shipping-taxable","19":"purchasable","20":"product-type-simple"},"acf":[],"yoast_head":"<!-- This site is optimized with the Yoast SEO plugin v26.6 - https:\/\/yoast.com\/wordpress\/plugins\/seo\/ -->\n<title>Elektrigeneraator Stager diisel 5kW. T\u00f6\u00f6kindlad generaatorid laos<\/title>\n<meta name=\"description\" content=\"Elektrigeneraator Stager YDE7000TD3 on 5kW kolmefaasiline m\u00fcrasummutava korpusega efektiivne generaator. Sellel mudelil on kuiv \u00f5hufilter, k\u00fctusefilter.\" \/>\n<meta name=\"robots\" content=\"index, follow, max-snippet:-1, max-image-preview:large, max-video-preview:-1\" \/>\n<link rel=\"canonical\" href=\"https:\/\/reginett.ee\/toode\/elektrigeneraator-stager-yde7000td3-diisel-5kw\/\" \/>\n<meta property=\"og:locale\" content=\"ru_RU\" \/>\n<meta property=\"og:type\" content=\"article\" \/>\n<meta property=\"og:title\" content=\"Elektrigeneraator Stager diisel 5kW. T\u00f6\u00f6kindlad generaatorid laos\" \/>\n<meta property=\"og:description\" content=\"Elektrigeneraator Stager YDE7000TD3 on 5kW kolmefaasiline m\u00fcrasummutava korpusega efektiivne generaator. Sellel mudelil on kuiv \u00f5hufilter, k\u00fctusefilter.\" \/>\n<meta property=\"og:url\" content=\"https:\/\/reginett.ee\/toode\/elektrigeneraator-stager-yde7000td3-diisel-5kw\/\" \/>\n<meta property=\"og:site_name\" content=\"Reginett\" \/>\n<meta property=\"article:modified_time\" content=\"2025-01-29T15:41:28+00:00\" \/>\n<meta property=\"og:image\" content=\"https:\/\/reginett.ee\/wp-content\/uploads\/2022\/10\/Elektrigeneraator-Stager-diisel.jpg\" \/>\n\t<meta property=\"og:image:width\" content=\"680\" \/>\n\t<meta property=\"og:image:height\" content=\"372\" \/>\n\t<meta property=\"og:image:type\" content=\"image\/jpeg\" \/>\n<meta name=\"twitter:card\" content=\"summary_large_image\" \/>\n<meta name=\"twitter:label1\" content=\"\u041f\u0440\u0438\u043c\u0435\u0440\u043d\u043e\u0435 \u0432\u0440\u0435\u043c\u044f \u0434\u043b\u044f \u0447\u0442\u0435\u043d\u0438\u044f\" \/>\n\t<meta name=\"twitter:data1\" content=\"2 \u043c\u0438\u043d\u0443\u0442\u044b\" \/>\n<script type=\"application\/ld+json\" class=\"yoast-schema-graph\">{\"@context\":\"https:\/\/schema.org\",\"@graph\":[{\"@type\":\"WebPage\",\"@id\":\"https:\/\/reginett.ee\/toode\/elektrigeneraator-stager-yde7000td3-diisel-5kw\/\",\"url\":\"https:\/\/reginett.ee\/toode\/elektrigeneraator-stager-yde7000td3-diisel-5kw\/\",\"name\":\"Elektrigeneraator Stager diisel 5kW. T\u00f6\u00f6kindlad generaatorid laos\",\"isPartOf\":{\"@id\":\"https:\/\/reginett.ee\/#website\"},\"primaryImageOfPage\":{\"@id\":\"https:\/\/reginett.ee\/toode\/elektrigeneraator-stager-yde7000td3-diisel-5kw\/#primaryimage\"},\"image\":{\"@id\":\"https:\/\/reginett.ee\/toode\/elektrigeneraator-stager-yde7000td3-diisel-5kw\/#primaryimage\"},\"thumbnailUrl\":\"https:\/\/reginett.ee\/wp-content\/uploads\/2022\/10\/Elektrigeneraator-Stager-diisel.jpg\",\"datePublished\":\"2022-10-19T11:17:34+00:00\",\"dateModified\":\"2025-01-29T15:41:28+00:00\",\"description\":\"Elektrigeneraator Stager YDE7000TD3 on 5kW kolmefaasiline m\u00fcrasummutava korpusega efektiivne generaator. Sellel mudelil on kuiv \u00f5hufilter, k\u00fctusefilter.\",\"breadcrumb\":{\"@id\":\"https:\/\/reginett.ee\/toode\/elektrigeneraator-stager-yde7000td3-diisel-5kw\/#breadcrumb\"},\"inLanguage\":\"ru-RU\",\"potentialAction\":[{\"@type\":\"ReadAction\",\"target\":[\"https:\/\/reginett.ee\/toode\/elektrigeneraator-stager-yde7000td3-diisel-5kw\/\"]}]},{\"@type\":\"ImageObject\",\"inLanguage\":\"ru-RU\",\"@id\":\"https:\/\/reginett.ee\/toode\/elektrigeneraator-stager-yde7000td3-diisel-5kw\/#primaryimage\",\"url\":\"https:\/\/reginett.ee\/wp-content\/uploads\/2022\/10\/Elektrigeneraator-Stager-diisel.jpg\",\"contentUrl\":\"https:\/\/reginett.ee\/wp-content\/uploads\/2022\/10\/Elektrigeneraator-Stager-diisel.jpg\",\"width\":680,\"height\":372},{\"@type\":\"BreadcrumbList\",\"@id\":\"https:\/\/reginett.ee\/toode\/elektrigeneraator-stager-yde7000td3-diisel-5kw\/#breadcrumb\",\"itemListElement\":[{\"@type\":\"ListItem\",\"position\":1,\"name\":\"Home\",\"item\":\"https:\/\/reginett.ee\/ru\/\"},{\"@type\":\"ListItem\",\"position\":2,\"name\":\"Tooted\",\"item\":\"https:\/\/reginett.ee\/tooted\/\"},{\"@type\":\"ListItem\",\"position\":3,\"name\":\"Elektrigeneraator Stager YDE7000TD3 diisel 5kW 3F\"}]},{\"@type\":\"WebSite\",\"@id\":\"https:\/\/reginett.ee\/#website\",\"url\":\"https:\/\/reginett.ee\/\",\"name\":\"Reginett\",\"description\":\"Parimad robotniidukid\",\"potentialAction\":[{\"@type\":\"SearchAction\",\"target\":{\"@type\":\"EntryPoint\",\"urlTemplate\":\"https:\/\/reginett.ee\/?s={search_term_string}\"},\"query-input\":{\"@type\":\"PropertyValueSpecification\",\"valueRequired\":true,\"valueName\":\"search_term_string\"}}],\"inLanguage\":\"ru-RU\"}]}<\/script>\n<!-- \/ Yoast SEO plugin. -->","yoast_head_json":{"title":"Elektrigeneraator Stager diisel 5kW. T\u00f6\u00f6kindlad generaatorid laos","description":"Elektrigeneraator Stager YDE7000TD3 on 5kW kolmefaasiline m\u00fcrasummutava korpusega efektiivne generaator. Sellel mudelil on kuiv \u00f5hufilter, k\u00fctusefilter.","robots":{"index":"index","follow":"follow","max-snippet":"max-snippet:-1","max-image-preview":"max-image-preview:large","max-video-preview":"max-video-preview:-1"},"canonical":"https:\/\/reginett.ee\/toode\/elektrigeneraator-stager-yde7000td3-diisel-5kw\/","og_locale":"ru_RU","og_type":"article","og_title":"Elektrigeneraator Stager diisel 5kW. T\u00f6\u00f6kindlad generaatorid laos","og_description":"Elektrigeneraator Stager YDE7000TD3 on 5kW kolmefaasiline m\u00fcrasummutava korpusega efektiivne generaator. Sellel mudelil on kuiv \u00f5hufilter, k\u00fctusefilter.","og_url":"https:\/\/reginett.ee\/toode\/elektrigeneraator-stager-yde7000td3-diisel-5kw\/","og_site_name":"Reginett","article_modified_time":"2025-01-29T15:41:28+00:00","og_image":[{"width":680,"height":372,"url":"https:\/\/reginett.ee\/wp-content\/uploads\/2022\/10\/Elektrigeneraator-Stager-diisel.jpg","type":"image\/jpeg"}],"twitter_card":"summary_large_image","twitter_misc":{"\u041f\u0440\u0438\u043c\u0435\u0440\u043d\u043e\u0435 \u0432\u0440\u0435\u043c\u044f \u0434\u043b\u044f \u0447\u0442\u0435\u043d\u0438\u044f":"2 \u043c\u0438\u043d\u0443\u0442\u044b"},"schema":{"@context":"https:\/\/schema.org","@graph":[{"@type":"WebPage","@id":"https:\/\/reginett.ee\/toode\/elektrigeneraator-stager-yde7000td3-diisel-5kw\/","url":"https:\/\/reginett.ee\/toode\/elektrigeneraator-stager-yde7000td3-diisel-5kw\/","name":"Elektrigeneraator Stager diisel 5kW. T\u00f6\u00f6kindlad generaatorid laos","isPartOf":{"@id":"https:\/\/reginett.ee\/#website"},"primaryImageOfPage":{"@id":"https:\/\/reginett.ee\/toode\/elektrigeneraator-stager-yde7000td3-diisel-5kw\/#primaryimage"},"image":{"@id":"https:\/\/reginett.ee\/toode\/elektrigeneraator-stager-yde7000td3-diisel-5kw\/#primaryimage"},"thumbnailUrl":"https:\/\/reginett.ee\/wp-content\/uploads\/2022\/10\/Elektrigeneraator-Stager-diisel.jpg","datePublished":"2022-10-19T11:17:34+00:00","dateModified":"2025-01-29T15:41:28+00:00","description":"Elektrigeneraator Stager YDE7000TD3 on 5kW kolmefaasiline m\u00fcrasummutava korpusega efektiivne generaator. Sellel mudelil on kuiv \u00f5hufilter, k\u00fctusefilter.","breadcrumb":{"@id":"https:\/\/reginett.ee\/toode\/elektrigeneraator-stager-yde7000td3-diisel-5kw\/#breadcrumb"},"inLanguage":"ru-RU","potentialAction":[{"@type":"ReadAction","target":["https:\/\/reginett.ee\/toode\/elektrigeneraator-stager-yde7000td3-diisel-5kw\/"]}]},{"@type":"ImageObject","inLanguage":"ru-RU","@id":"https:\/\/reginett.ee\/toode\/elektrigeneraator-stager-yde7000td3-diisel-5kw\/#primaryimage","url":"https:\/\/reginett.ee\/wp-content\/uploads\/2022\/10\/Elektrigeneraator-Stager-diisel.jpg","contentUrl":"https:\/\/reginett.ee\/wp-content\/uploads\/2022\/10\/Elektrigeneraator-Stager-diisel.jpg","width":680,"height":372},{"@type":"BreadcrumbList","@id":"https:\/\/reginett.ee\/toode\/elektrigeneraator-stager-yde7000td3-diisel-5kw\/#breadcrumb","itemListElement":[{"@type":"ListItem","position":1,"name":"Home","item":"https:\/\/reginett.ee\/ru\/"},{"@type":"ListItem","position":2,"name":"Tooted","item":"https:\/\/reginett.ee\/tooted\/"},{"@type":"ListItem","position":3,"name":"Elektrigeneraator Stager YDE7000TD3 diisel 5kW 3F"}]},{"@type":"WebSite","@id":"https:\/\/reginett.ee\/#website","url":"https:\/\/reginett.ee\/","name":"Reginett","description":"Parimad robotniidukid","potentialAction":[{"@type":"SearchAction","target":{"@type":"EntryPoint","urlTemplate":"https:\/\/reginett.ee\/?s={search_term_string}"},"query-input":{"@type":"PropertyValueSpecification","valueRequired":true,"valueName":"search_term_string"}}],"inLanguage":"ru-RU"}]}},"brands":[{"id":459,"name":"Stager","slug":"stager"}],"_links":{"self":[{"href":"https:\/\/reginett.ee\/ru\/wp-json\/wp\/v2\/product\/58522","targetHints":{"allow":["GET"]}}],"collection":[{"href":"https:\/\/reginett.ee\/ru\/wp-json\/wp\/v2\/product"}],"about":[{"href":"https:\/\/reginett.ee\/ru\/wp-json\/wp\/v2\/types\/product"}],"replies":[{"embeddable":true,"href":"https:\/\/reginett.ee\/ru\/wp-json\/wp\/v2\/comments?post=58522"}],"wp:featuredmedia":[{"embeddable":true,"href":"https:\/\/reginett.ee\/ru\/wp-json\/wp\/v2\/media\/58527"}],"wp:attachment":[{"href":"https:\/\/reginett.ee\/ru\/wp-json\/wp\/v2\/media?parent=58522"}],"wp:term":[{"taxonomy":"pwb-brand","embeddable":true,"href":"https:\/\/reginett.ee\/ru\/wp-json\/wp\/v2\/pwb-brand?post=58522"},{"taxonomy":"product_brand","embeddable":true,"href":"https:\/\/reginett.ee\/ru\/wp-json\/wp\/v2\/product_brand?post=58522"},{"taxonomy":"product_cat","embeddable":true,"href":"https:\/\/reginett.ee\/ru\/wp-json\/wp\/v2\/product_cat?post=58522"},{"taxonomy":"product_tag","embeddable":true,"href":"https:\/\/reginett.ee\/ru\/wp-json\/wp\/v2\/product_tag?post=58522"}],"curies":[{"name":"wp","href":"https:\/\/api.w.org\/{rel}","templated":true}]}}