{"id":58471,"date":"2026-01-19T16:31:30","date_gmt":"2026-01-19T13:31:30","guid":{"rendered":"https:\/\/reginett.ee\/?post_type=product&#038;p=58471"},"modified":"2026-01-20T11:50:42","modified_gmt":"2026-01-20T08:50:42","slug":"akulumepuhur-ego-snt2400e-uus","status":"publish","type":"product","link":"https:\/\/reginett.ee\/ru\/toode\/akulumepuhur-ego-snt2400e-uus\/","title":{"rendered":"Akulumepuhur EGO SNT2400E kmpl"},"content":{"rendered":"<p><span class=\"style-scope yt-formatted-string\" dir=\"auto\"><strong>Lumepuhur EGO SNT2400E<\/strong> on v\u00e4ga v\u00f5imekas kaheastmeline akutoitel t\u00f6\u00f6tav masin, mis muudab su talve palju muretumaks. See on kerge ja ergonoomiline harjavaba mootoriga vastupidav 2-astmeline lumepuhur, mida on mugav k\u00e4sitleda.<\/span><\/p>\n<p><span class=\"style-scope yt-formatted-string\" dir=\"auto\">EGO lumefrees on varustatud ka LED-esituledega, seega v\u00f5id vaikselt ja mugavalt t\u00f6\u00f6d teha kasv\u00f5i hilistel \u00f5htutundidel v\u00f5i hommikul varakult. <\/span><\/p>\n<p><span class=\"style-scope yt-formatted-string\" dir=\"auto\"><strong>Komplekti kuulub 2 akut 7,5 Ah 56V ja kaks kiirlaadijat 550W!<\/strong><\/span><\/p>\n<p><span class=\"style-scope yt-formatted-string\" dir=\"auto\">Kahte akut kasutatakse maksimaalse v\u00f5imsuse tagamiseks suurematel pindadel ja raskemate t\u00f6\u00f6de tegemisel.<\/span><\/p>\n<p><span class=\"style-scope yt-formatted-string\" dir=\"auto\"> EGO Power+ 2-astmeline lumepuhur tuleb toime ka k\u00f5ige raskemate lumeoludega.<\/span><\/p>\n<p>Muudetava kiirusega lumepuhur ja 200 kraadi v\u00e4ljaviske reguleerimine v\u00f5imaldavad t\u00e4ielikult juhtida suunda ja viskekaugust kuni 13 meetrini. Masinal olevaid juhtseadeid on lihtne kasutada isegi pakse talvekindaid kandes.<\/p>\n<p>&nbsp;<\/p>\n","protected":false},"excerpt":{"rendered":"<p><span class=\"style-scope yt-formatted-string\" dir=\"auto\"><strong>Lumepuhur EGO SNT2400E<\/strong> on v\u00e4ga v\u00f5imekas kaheastmeline akutoitel t\u00f6\u00f6tav masin, mis muudab su talve palju muretumaks. See on kerge ja ergonoomiline harjavaba mootoriga vastupidav 2-astmeline lumepuhur, mida on mugav k\u00e4sitleda.<\/span><\/p>\n<p><span class=\"style-scope yt-formatted-string\" dir=\"auto\"><strong>Komplekti kuulub 2 akut 7,5 Ah 56V ja kaks kiirlaadijat 550W!<\/strong><\/span><\/p>\n<p>&nbsp;<\/p>\n","protected":false},"featured_media":58472,"comment_status":"open","ping_status":"closed","template":"","meta":{"_acf_changed":false,"_et_pb_use_builder":"","_et_pb_old_content":"","_et_gb_content_width":"","inline_featured_image":false},"pwb-brand":[],"product_brand":[],"product_cat":[48,153,231,51,28],"product_tag":[452,156,453],"class_list":{"0":"post-58471","1":"product","2":"type-product","3":"status-publish","4":"has-post-thumbnail","6":"product_cat-akutooted","7":"product_cat-ego","8":"product_cat-kingiideed","9":"product_cat-lumepuhurid","10":"product_cat-puhastustehnika","11":"product_tag-akulumepuhur","12":"product_tag-lumepuhur","13":"product_tag-puhur-ego","14":"product_shipping_class-rasked-asjad","16":"first","17":"instock","18":"sale","19":"shipping-taxable","20":"purchasable","21":"product-type-simple"},"acf":[],"yoast_head":"<!-- This site is optimized with the Yoast SEO plugin v26.6 - https:\/\/yoast.com\/wordpress\/plugins\/seo\/ -->\n<title>Akulumepuhur EGO SNT2400E. Parimad lumepuhurid Reginetist<\/title>\n<meta name=\"description\" content=\"Lumepuhur EGO SNT240E on v\u00e4ga v\u00f5imekas kaheastmeline akutoitel t\u00f6\u00f6tav masin, mis muudab su talve palju muretumaks. Lumepuhur EGO SNT2400E\" \/>\n<meta name=\"robots\" content=\"index, follow, max-snippet:-1, max-image-preview:large, max-video-preview:-1\" \/>\n<link rel=\"canonical\" href=\"https:\/\/reginett.ee\/toode\/akulumepuhur-ego-snt2400e-uus\/\" \/>\n<meta property=\"og:locale\" content=\"ru_RU\" \/>\n<meta property=\"og:type\" content=\"article\" \/>\n<meta property=\"og:title\" content=\"Akulumepuhur EGO SNT2400E. Parimad lumepuhurid Reginetist\" \/>\n<meta property=\"og:description\" content=\"Lumepuhur EGO SNT240E on v\u00e4ga v\u00f5imekas kaheastmeline akutoitel t\u00f6\u00f6tav masin, mis muudab su talve palju muretumaks. Lumepuhur EGO SNT2400E\" \/>\n<meta property=\"og:url\" content=\"https:\/\/reginett.ee\/toode\/akulumepuhur-ego-snt2400e-uus\/\" \/>\n<meta property=\"og:site_name\" content=\"Reginett\" \/>\n<meta property=\"article:modified_time\" content=\"2026-01-20T08:50:42+00:00\" \/>\n<meta property=\"og:image\" content=\"https:\/\/reginett.ee\/wp-content\/uploads\/2022\/10\/Akulumepuhur-EGO-SNT2400E-Reginett.jpg\" \/>\n\t<meta property=\"og:image:width\" content=\"680\" \/>\n\t<meta property=\"og:image:height\" content=\"372\" \/>\n\t<meta property=\"og:image:type\" content=\"image\/jpeg\" \/>\n<meta name=\"twitter:card\" content=\"summary_large_image\" \/>\n<meta name=\"twitter:label1\" content=\"\u041f\u0440\u0438\u043c\u0435\u0440\u043d\u043e\u0435 \u0432\u0440\u0435\u043c\u044f \u0434\u043b\u044f \u0447\u0442\u0435\u043d\u0438\u044f\" \/>\n\t<meta name=\"twitter:data1\" content=\"1 \u043c\u0438\u043d\u0443\u0442\u0430\" \/>\n<script type=\"application\/ld+json\" class=\"yoast-schema-graph\">{\"@context\":\"https:\/\/schema.org\",\"@graph\":[{\"@type\":\"WebPage\",\"@id\":\"https:\/\/reginett.ee\/toode\/akulumepuhur-ego-snt2400e-uus\/\",\"url\":\"https:\/\/reginett.ee\/toode\/akulumepuhur-ego-snt2400e-uus\/\",\"name\":\"Akulumepuhur EGO SNT2400E. Parimad lumepuhurid Reginetist\",\"isPartOf\":{\"@id\":\"https:\/\/reginett.ee\/#website\"},\"primaryImageOfPage\":{\"@id\":\"https:\/\/reginett.ee\/toode\/akulumepuhur-ego-snt2400e-uus\/#primaryimage\"},\"image\":{\"@id\":\"https:\/\/reginett.ee\/toode\/akulumepuhur-ego-snt2400e-uus\/#primaryimage\"},\"thumbnailUrl\":\"https:\/\/reginett.ee\/wp-content\/uploads\/2022\/10\/Akulumepuhur-EGO-SNT2400E-Reginett.jpg\",\"datePublished\":\"2026-01-19T13:31:30+00:00\",\"dateModified\":\"2026-01-20T08:50:42+00:00\",\"description\":\"Lumepuhur EGO SNT240E on v\u00e4ga v\u00f5imekas kaheastmeline akutoitel t\u00f6\u00f6tav masin, mis muudab su talve palju muretumaks. Lumepuhur EGO SNT2400E\",\"breadcrumb\":{\"@id\":\"https:\/\/reginett.ee\/toode\/akulumepuhur-ego-snt2400e-uus\/#breadcrumb\"},\"inLanguage\":\"ru-RU\",\"potentialAction\":[{\"@type\":\"ReadAction\",\"target\":[\"https:\/\/reginett.ee\/toode\/akulumepuhur-ego-snt2400e-uus\/\"]}]},{\"@type\":\"ImageObject\",\"inLanguage\":\"ru-RU\",\"@id\":\"https:\/\/reginett.ee\/toode\/akulumepuhur-ego-snt2400e-uus\/#primaryimage\",\"url\":\"https:\/\/reginett.ee\/wp-content\/uploads\/2022\/10\/Akulumepuhur-EGO-SNT2400E-Reginett.jpg\",\"contentUrl\":\"https:\/\/reginett.ee\/wp-content\/uploads\/2022\/10\/Akulumepuhur-EGO-SNT2400E-Reginett.jpg\",\"width\":680,\"height\":372,\"caption\":\"Akulumepuhur EGO SNT2400E Reginett\"},{\"@type\":\"BreadcrumbList\",\"@id\":\"https:\/\/reginett.ee\/toode\/akulumepuhur-ego-snt2400e-uus\/#breadcrumb\",\"itemListElement\":[{\"@type\":\"ListItem\",\"position\":1,\"name\":\"Home\",\"item\":\"https:\/\/reginett.ee\/ru\/\"},{\"@type\":\"ListItem\",\"position\":2,\"name\":\"Tooted\",\"item\":\"https:\/\/reginett.ee\/tooted\/\"},{\"@type\":\"ListItem\",\"position\":3,\"name\":\"Akulumepuhur EGO SNT2400E kmpl\"}]},{\"@type\":\"WebSite\",\"@id\":\"https:\/\/reginett.ee\/#website\",\"url\":\"https:\/\/reginett.ee\/\",\"name\":\"Reginett\",\"description\":\"Parimad robotniidukid\",\"potentialAction\":[{\"@type\":\"SearchAction\",\"target\":{\"@type\":\"EntryPoint\",\"urlTemplate\":\"https:\/\/reginett.ee\/?s={search_term_string}\"},\"query-input\":{\"@type\":\"PropertyValueSpecification\",\"valueRequired\":true,\"valueName\":\"search_term_string\"}}],\"inLanguage\":\"ru-RU\"}]}<\/script>\n<!-- \/ Yoast SEO plugin. -->","yoast_head_json":{"title":"Akulumepuhur EGO SNT2400E. Parimad lumepuhurid Reginetist","description":"Lumepuhur EGO SNT240E on v\u00e4ga v\u00f5imekas kaheastmeline akutoitel t\u00f6\u00f6tav masin, mis muudab su talve palju muretumaks. Lumepuhur EGO SNT2400E","robots":{"index":"index","follow":"follow","max-snippet":"max-snippet:-1","max-image-preview":"max-image-preview:large","max-video-preview":"max-video-preview:-1"},"canonical":"https:\/\/reginett.ee\/toode\/akulumepuhur-ego-snt2400e-uus\/","og_locale":"ru_RU","og_type":"article","og_title":"Akulumepuhur EGO SNT2400E. Parimad lumepuhurid Reginetist","og_description":"Lumepuhur EGO SNT240E on v\u00e4ga v\u00f5imekas kaheastmeline akutoitel t\u00f6\u00f6tav masin, mis muudab su talve palju muretumaks. Lumepuhur EGO SNT2400E","og_url":"https:\/\/reginett.ee\/toode\/akulumepuhur-ego-snt2400e-uus\/","og_site_name":"Reginett","article_modified_time":"2026-01-20T08:50:42+00:00","og_image":[{"width":680,"height":372,"url":"https:\/\/reginett.ee\/wp-content\/uploads\/2022\/10\/Akulumepuhur-EGO-SNT2400E-Reginett.jpg","type":"image\/jpeg"}],"twitter_card":"summary_large_image","twitter_misc":{"\u041f\u0440\u0438\u043c\u0435\u0440\u043d\u043e\u0435 \u0432\u0440\u0435\u043c\u044f \u0434\u043b\u044f \u0447\u0442\u0435\u043d\u0438\u044f":"1 \u043c\u0438\u043d\u0443\u0442\u0430"},"schema":{"@context":"https:\/\/schema.org","@graph":[{"@type":"WebPage","@id":"https:\/\/reginett.ee\/toode\/akulumepuhur-ego-snt2400e-uus\/","url":"https:\/\/reginett.ee\/toode\/akulumepuhur-ego-snt2400e-uus\/","name":"Akulumepuhur EGO SNT2400E. Parimad lumepuhurid Reginetist","isPartOf":{"@id":"https:\/\/reginett.ee\/#website"},"primaryImageOfPage":{"@id":"https:\/\/reginett.ee\/toode\/akulumepuhur-ego-snt2400e-uus\/#primaryimage"},"image":{"@id":"https:\/\/reginett.ee\/toode\/akulumepuhur-ego-snt2400e-uus\/#primaryimage"},"thumbnailUrl":"https:\/\/reginett.ee\/wp-content\/uploads\/2022\/10\/Akulumepuhur-EGO-SNT2400E-Reginett.jpg","datePublished":"2026-01-19T13:31:30+00:00","dateModified":"2026-01-20T08:50:42+00:00","description":"Lumepuhur EGO SNT240E on v\u00e4ga v\u00f5imekas kaheastmeline akutoitel t\u00f6\u00f6tav masin, mis muudab su talve palju muretumaks. Lumepuhur EGO SNT2400E","breadcrumb":{"@id":"https:\/\/reginett.ee\/toode\/akulumepuhur-ego-snt2400e-uus\/#breadcrumb"},"inLanguage":"ru-RU","potentialAction":[{"@type":"ReadAction","target":["https:\/\/reginett.ee\/toode\/akulumepuhur-ego-snt2400e-uus\/"]}]},{"@type":"ImageObject","inLanguage":"ru-RU","@id":"https:\/\/reginett.ee\/toode\/akulumepuhur-ego-snt2400e-uus\/#primaryimage","url":"https:\/\/reginett.ee\/wp-content\/uploads\/2022\/10\/Akulumepuhur-EGO-SNT2400E-Reginett.jpg","contentUrl":"https:\/\/reginett.ee\/wp-content\/uploads\/2022\/10\/Akulumepuhur-EGO-SNT2400E-Reginett.jpg","width":680,"height":372,"caption":"Akulumepuhur EGO SNT2400E Reginett"},{"@type":"BreadcrumbList","@id":"https:\/\/reginett.ee\/toode\/akulumepuhur-ego-snt2400e-uus\/#breadcrumb","itemListElement":[{"@type":"ListItem","position":1,"name":"Home","item":"https:\/\/reginett.ee\/ru\/"},{"@type":"ListItem","position":2,"name":"Tooted","item":"https:\/\/reginett.ee\/tooted\/"},{"@type":"ListItem","position":3,"name":"Akulumepuhur EGO SNT2400E kmpl"}]},{"@type":"WebSite","@id":"https:\/\/reginett.ee\/#website","url":"https:\/\/reginett.ee\/","name":"Reginett","description":"Parimad robotniidukid","potentialAction":[{"@type":"SearchAction","target":{"@type":"EntryPoint","urlTemplate":"https:\/\/reginett.ee\/?s={search_term_string}"},"query-input":{"@type":"PropertyValueSpecification","valueRequired":true,"valueName":"search_term_string"}}],"inLanguage":"ru-RU"}]}},"brands":[],"_links":{"self":[{"href":"https:\/\/reginett.ee\/ru\/wp-json\/wp\/v2\/product\/58471","targetHints":{"allow":["GET"]}}],"collection":[{"href":"https:\/\/reginett.ee\/ru\/wp-json\/wp\/v2\/product"}],"about":[{"href":"https:\/\/reginett.ee\/ru\/wp-json\/wp\/v2\/types\/product"}],"replies":[{"embeddable":true,"href":"https:\/\/reginett.ee\/ru\/wp-json\/wp\/v2\/comments?post=58471"}],"wp:featuredmedia":[{"embeddable":true,"href":"https:\/\/reginett.ee\/ru\/wp-json\/wp\/v2\/media\/58472"}],"wp:attachment":[{"href":"https:\/\/reginett.ee\/ru\/wp-json\/wp\/v2\/media?parent=58471"}],"wp:term":[{"taxonomy":"pwb-brand","embeddable":true,"href":"https:\/\/reginett.ee\/ru\/wp-json\/wp\/v2\/pwb-brand?post=58471"},{"taxonomy":"product_brand","embeddable":true,"href":"https:\/\/reginett.ee\/ru\/wp-json\/wp\/v2\/product_brand?post=58471"},{"taxonomy":"product_cat","embeddable":true,"href":"https:\/\/reginett.ee\/ru\/wp-json\/wp\/v2\/product_cat?post=58471"},{"taxonomy":"product_tag","embeddable":true,"href":"https:\/\/reginett.ee\/ru\/wp-json\/wp\/v2\/product_tag?post=58471"}],"curies":[{"name":"wp","href":"https:\/\/api.w.org\/{rel}","templated":true}]}}