{"id":58347,"date":"2026-04-14T18:08:40","date_gmt":"2026-04-14T15:08:40","guid":{"rendered":"https:\/\/reginett.ee\/?post_type=product&#038;p=58347"},"modified":"2026-04-15T09:15:01","modified_gmt":"2026-04-15T06:15:01","slug":"husqvarna-automower-315-mark-ii","status":"publish","type":"product","link":"https:\/\/reginett.ee\/ru\/toode\/husqvarna-automower-315-mark-ii\/","title":{"rendered":"Husqvarna Automower\u00ae 315 Mark II"},"content":{"rendered":"<p><span class=\"hui-spacing--sm-my-4-times-4 hui-spacing--md-my-4-times-5 K2PbruRyOKhyQZiENIYSog== picir3m6eK9fJiUymaqnJw==\"><strong>Husqvarna Automower 315 Mark II<\/strong> on sobiv kuni 1500 m2 muru hooldamiseks. Husqvarna Automower\u00ae 315 Mark II robotniiduk teeb niidut\u00f6\u00f6 teie eest \u00e4ra. Kompaktne neljarattaline disain t\u00e4hendab, et see suudab niidut\u00f6\u00f6ga hakkama saada kuni 40% kaldega n\u00f5lvadel ja juhtida end l\u00e4bi kitsaste k\u00e4ikude. Kui t\u00f6\u00f6 on tehtud, leiab kolmikotsingu funktsioon kiireima tee laadimisjaama tagasi. Lihtne kasutada ja puhastada, seda saab juhtida nutitelefoni kaudu ning sellel on k\u00fclmumiskaitse ja ilmataimer, mis kohandab l\u00f5ikeaegu vastavalt hooajale.<\/span><\/p>\n<h3 class=\"hui-spacing--sm-mt-4-times-6 WLwtnNxco1C4cPugKSaO0g==\">S\u00fcsteemne koridori niitmine<\/h3>\n<p class=\"hui-spacing--sm-mt-4-times-4 K2PbruRyOKhyQZiENIYSog==\">See robotniiduk muudab vastavalt koridori laiusele niitmiss\u00fcsteemi.<\/p>\n<h3 class=\"hui-spacing--sm-mt-4-times-6 WLwtnNxco1C4cPugKSaO0g==\">Automower\u00ae Connect@HOME<\/h3>\n<p class=\"hui-spacing--sm-mt-4-times-4 K2PbruRyOKhyQZiENIYSog==\">Automower\u00ae Connect@HOME v\u00f5imaldab niidukit seadistada nutitelefonis. Vajadusel saad niiduki peatada, saata laadimisjaama ning vaadata \u00fcldiseid aktiivseid seadistusi. T\u00f6\u00f6tab kuni 10 m radiuses.<\/p>\n<h3 class=\"hui-spacing--sm-mt-4-times-6 WLwtnNxco1C4cPugKSaO0g==\">Murukasvu sensor<\/h3>\n<p class=\"hui-spacing--sm-mt-4-times-4 K2PbruRyOKhyQZiENIYSog==\">Automower 315 Mark II robotniiduk kohandab oma t\u00f6\u00f6aega vastavalt murukasvule, see t\u00e4hendab seda, et kiirel kasvuperioodil niidab niiduk maksimaalsel v\u00f5imsusel. Kuiva ja p\u00e4ikesepaistelise ilmaga v\u00e4hendab niiduk v\u00f5imsust ning niidab harvem.<\/p>\n<h3 class=\"hui-spacing--sm-mt-4-times-6 WLwtnNxco1C4cPugKSaO0g==\">Kitsad koridorid<\/h3>\n<p class=\"hui-spacing--sm-mt-4-times-4 K2PbruRyOKhyQZiENIYSog==\">Husqvarna Automower\u00ae tunnetab t\u00e4nu anduritele isegi kitsaimad koridorid ning l\u00e4bib need t\u00f5rgeteta. Tallamisj\u00e4lgede v\u00e4ltimiseks varieerib ta oma liikumisteed l\u00e4bi koridori.<\/p>\n<h3 class=\"hui-spacing--sm-mt-4-times-6 WLwtnNxco1C4cPugKSaO0g==\">Automaatne laadimine<\/h3>\n<p class=\"hui-spacing--sm-mt-4-times-4 K2PbruRyOKhyQZiENIYSog==\">Kui robotniiduk vajab t\u00e4iendavat laadimist, leiab see ise tee laadimisjaama.<\/p>\n<h3 class=\"hui-spacing--sm-mt-4-times-6 WLwtnNxco1C4cPugKSaO0g==\">Eemalt alustamine x3<\/h3>\n<p class=\"hui-spacing--sm-mt-4-times-4 K2PbruRyOKhyQZiENIYSog==\">Niidukit on v\u00f5imalik seadistada alustama niitmist teatud kaugusel laadimisjaamast. Mida suurem on niidetava ala, seda olulisem on, kui niidukil on rohkem kaugelt alustamise punkte. Kui niidukil on GPS juhtimisega navigeerimine (valitud mudelitel), seadistatakse punktid automaatselt<\/p>\n","protected":false},"excerpt":{"rendered":"<p><span class=\"hui-spacing--sm-my-4-times-4 hui-spacing--md-my-4-times-5 K2PbruRyOKhyQZiENIYSog== picir3m6eK9fJiUymaqnJw==\"><strong>Husqvarna Automower 315 Mark II<\/strong> on sobiv kuni 1500 m2 muru hooldamiseks. Husqvarna Automower\u00ae 315 Mark II robotniiduk teeb niidut\u00f6\u00f6 teie eest \u00e4ra.<\/span><\/p>\n","protected":false},"featured_media":58348,"comment_status":"open","ping_status":"closed","template":"","meta":{"_acf_changed":false,"_et_pb_use_builder":"","_et_pb_old_content":"","_et_gb_content_width":"","inline_featured_image":false},"pwb-brand":[147],"product_brand":[],"product_cat":[134,37,19],"product_tag":[],"class_list":{"0":"post-58347","1":"product","2":"type-product","3":"status-publish","4":"has-post-thumbnail","6":"pwb-brand-husqvarna","7":"product_cat-eripakkumised","8":"product_cat-husqvarna","9":"product_cat-robotniidukid","10":"product_shipping_class-soodsam-kuller-15-eur","12":"first","13":"instock","14":"sale","15":"shipping-taxable","16":"purchasable","17":"product-type-simple"},"acf":[],"yoast_head":"<!-- This site is optimized with the Yoast SEO plugin v26.6 - https:\/\/yoast.com\/wordpress\/plugins\/seo\/ -->\n<title>Husqvarna Automower 315 Mark II. Parimad robotniidukid Reginett<\/title>\n<meta name=\"description\" content=\"Husqvarna Automower 315 Mark II on sobiv kuni 1500 m2 muru hooldamiseks. Husqvarna Automower\u00ae 315 Mark II robotniiduk teeb niidut\u00f6\u00f6 teie eest \u00e4ra.\" \/>\n<meta name=\"robots\" content=\"index, follow, max-snippet:-1, max-image-preview:large, max-video-preview:-1\" \/>\n<link rel=\"canonical\" href=\"https:\/\/reginett.ee\/toode\/husqvarna-automower-315-mark-ii\/\" \/>\n<meta property=\"og:locale\" content=\"ru_RU\" \/>\n<meta property=\"og:type\" content=\"article\" \/>\n<meta property=\"og:title\" content=\"Husqvarna Automower 315 Mark II. Parimad robotniidukid Reginett\" \/>\n<meta property=\"og:description\" content=\"Husqvarna Automower 315 Mark II on sobiv kuni 1500 m2 muru hooldamiseks. Husqvarna Automower\u00ae 315 Mark II robotniiduk teeb niidut\u00f6\u00f6 teie eest \u00e4ra.\" \/>\n<meta property=\"og:url\" content=\"https:\/\/reginett.ee\/toode\/husqvarna-automower-315-mark-ii\/\" \/>\n<meta property=\"og:site_name\" content=\"Reginett\" \/>\n<meta property=\"article:modified_time\" content=\"2026-04-15T06:15:01+00:00\" \/>\n<meta property=\"og:image\" content=\"https:\/\/reginett.ee\/wp-content\/uploads\/2022\/09\/Husqvarna-Automower-315-Mark-II-Reginett.jpg\" \/>\n\t<meta property=\"og:image:width\" content=\"680\" \/>\n\t<meta property=\"og:image:height\" content=\"372\" \/>\n\t<meta property=\"og:image:type\" content=\"image\/jpeg\" \/>\n<meta name=\"twitter:card\" content=\"summary_large_image\" \/>\n<meta name=\"twitter:label1\" content=\"\u041f\u0440\u0438\u043c\u0435\u0440\u043d\u043e\u0435 \u0432\u0440\u0435\u043c\u044f \u0434\u043b\u044f \u0447\u0442\u0435\u043d\u0438\u044f\" \/>\n\t<meta name=\"twitter:data1\" content=\"2 \u043c\u0438\u043d\u0443\u0442\u044b\" \/>\n<script type=\"application\/ld+json\" class=\"yoast-schema-graph\">{\"@context\":\"https:\/\/schema.org\",\"@graph\":[{\"@type\":\"WebPage\",\"@id\":\"https:\/\/reginett.ee\/toode\/husqvarna-automower-315-mark-ii\/\",\"url\":\"https:\/\/reginett.ee\/toode\/husqvarna-automower-315-mark-ii\/\",\"name\":\"Husqvarna Automower 315 Mark II. Parimad robotniidukid Reginett\",\"isPartOf\":{\"@id\":\"https:\/\/reginett.ee\/#website\"},\"primaryImageOfPage\":{\"@id\":\"https:\/\/reginett.ee\/toode\/husqvarna-automower-315-mark-ii\/#primaryimage\"},\"image\":{\"@id\":\"https:\/\/reginett.ee\/toode\/husqvarna-automower-315-mark-ii\/#primaryimage\"},\"thumbnailUrl\":\"https:\/\/reginett.ee\/wp-content\/uploads\/2022\/09\/Husqvarna-Automower-315-Mark-II-Reginett.jpg\",\"datePublished\":\"2026-04-14T15:08:40+00:00\",\"dateModified\":\"2026-04-15T06:15:01+00:00\",\"description\":\"Husqvarna Automower 315 Mark II on sobiv kuni 1500 m2 muru hooldamiseks. Husqvarna Automower\u00ae 315 Mark II robotniiduk teeb niidut\u00f6\u00f6 teie eest \u00e4ra.\",\"breadcrumb\":{\"@id\":\"https:\/\/reginett.ee\/toode\/husqvarna-automower-315-mark-ii\/#breadcrumb\"},\"inLanguage\":\"ru-RU\",\"potentialAction\":[{\"@type\":\"ReadAction\",\"target\":[\"https:\/\/reginett.ee\/toode\/husqvarna-automower-315-mark-ii\/\"]}]},{\"@type\":\"ImageObject\",\"inLanguage\":\"ru-RU\",\"@id\":\"https:\/\/reginett.ee\/toode\/husqvarna-automower-315-mark-ii\/#primaryimage\",\"url\":\"https:\/\/reginett.ee\/wp-content\/uploads\/2022\/09\/Husqvarna-Automower-315-Mark-II-Reginett.jpg\",\"contentUrl\":\"https:\/\/reginett.ee\/wp-content\/uploads\/2022\/09\/Husqvarna-Automower-315-Mark-II-Reginett.jpg\",\"width\":680,\"height\":372,\"caption\":\"Husqvarna Automower 315 Mark II\"},{\"@type\":\"BreadcrumbList\",\"@id\":\"https:\/\/reginett.ee\/toode\/husqvarna-automower-315-mark-ii\/#breadcrumb\",\"itemListElement\":[{\"@type\":\"ListItem\",\"position\":1,\"name\":\"Home\",\"item\":\"https:\/\/reginett.ee\/ru\/\"},{\"@type\":\"ListItem\",\"position\":2,\"name\":\"Tooted\",\"item\":\"https:\/\/reginett.ee\/tooted\/\"},{\"@type\":\"ListItem\",\"position\":3,\"name\":\"Husqvarna Automower\u00ae 315 Mark II\"}]},{\"@type\":\"WebSite\",\"@id\":\"https:\/\/reginett.ee\/#website\",\"url\":\"https:\/\/reginett.ee\/\",\"name\":\"Reginett\",\"description\":\"Parimad robotniidukid\",\"potentialAction\":[{\"@type\":\"SearchAction\",\"target\":{\"@type\":\"EntryPoint\",\"urlTemplate\":\"https:\/\/reginett.ee\/?s={search_term_string}\"},\"query-input\":{\"@type\":\"PropertyValueSpecification\",\"valueRequired\":true,\"valueName\":\"search_term_string\"}}],\"inLanguage\":\"ru-RU\"}]}<\/script>\n<!-- \/ Yoast SEO plugin. -->","yoast_head_json":{"title":"Husqvarna Automower 315 Mark II. Parimad robotniidukid Reginett","description":"Husqvarna Automower 315 Mark II on sobiv kuni 1500 m2 muru hooldamiseks. Husqvarna Automower\u00ae 315 Mark II robotniiduk teeb niidut\u00f6\u00f6 teie eest \u00e4ra.","robots":{"index":"index","follow":"follow","max-snippet":"max-snippet:-1","max-image-preview":"max-image-preview:large","max-video-preview":"max-video-preview:-1"},"canonical":"https:\/\/reginett.ee\/toode\/husqvarna-automower-315-mark-ii\/","og_locale":"ru_RU","og_type":"article","og_title":"Husqvarna Automower 315 Mark II. Parimad robotniidukid Reginett","og_description":"Husqvarna Automower 315 Mark II on sobiv kuni 1500 m2 muru hooldamiseks. Husqvarna Automower\u00ae 315 Mark II robotniiduk teeb niidut\u00f6\u00f6 teie eest \u00e4ra.","og_url":"https:\/\/reginett.ee\/toode\/husqvarna-automower-315-mark-ii\/","og_site_name":"Reginett","article_modified_time":"2026-04-15T06:15:01+00:00","og_image":[{"width":680,"height":372,"url":"https:\/\/reginett.ee\/wp-content\/uploads\/2022\/09\/Husqvarna-Automower-315-Mark-II-Reginett.jpg","type":"image\/jpeg"}],"twitter_card":"summary_large_image","twitter_misc":{"\u041f\u0440\u0438\u043c\u0435\u0440\u043d\u043e\u0435 \u0432\u0440\u0435\u043c\u044f \u0434\u043b\u044f \u0447\u0442\u0435\u043d\u0438\u044f":"2 \u043c\u0438\u043d\u0443\u0442\u044b"},"schema":{"@context":"https:\/\/schema.org","@graph":[{"@type":"WebPage","@id":"https:\/\/reginett.ee\/toode\/husqvarna-automower-315-mark-ii\/","url":"https:\/\/reginett.ee\/toode\/husqvarna-automower-315-mark-ii\/","name":"Husqvarna Automower 315 Mark II. Parimad robotniidukid Reginett","isPartOf":{"@id":"https:\/\/reginett.ee\/#website"},"primaryImageOfPage":{"@id":"https:\/\/reginett.ee\/toode\/husqvarna-automower-315-mark-ii\/#primaryimage"},"image":{"@id":"https:\/\/reginett.ee\/toode\/husqvarna-automower-315-mark-ii\/#primaryimage"},"thumbnailUrl":"https:\/\/reginett.ee\/wp-content\/uploads\/2022\/09\/Husqvarna-Automower-315-Mark-II-Reginett.jpg","datePublished":"2026-04-14T15:08:40+00:00","dateModified":"2026-04-15T06:15:01+00:00","description":"Husqvarna Automower 315 Mark II on sobiv kuni 1500 m2 muru hooldamiseks. Husqvarna Automower\u00ae 315 Mark II robotniiduk teeb niidut\u00f6\u00f6 teie eest \u00e4ra.","breadcrumb":{"@id":"https:\/\/reginett.ee\/toode\/husqvarna-automower-315-mark-ii\/#breadcrumb"},"inLanguage":"ru-RU","potentialAction":[{"@type":"ReadAction","target":["https:\/\/reginett.ee\/toode\/husqvarna-automower-315-mark-ii\/"]}]},{"@type":"ImageObject","inLanguage":"ru-RU","@id":"https:\/\/reginett.ee\/toode\/husqvarna-automower-315-mark-ii\/#primaryimage","url":"https:\/\/reginett.ee\/wp-content\/uploads\/2022\/09\/Husqvarna-Automower-315-Mark-II-Reginett.jpg","contentUrl":"https:\/\/reginett.ee\/wp-content\/uploads\/2022\/09\/Husqvarna-Automower-315-Mark-II-Reginett.jpg","width":680,"height":372,"caption":"Husqvarna Automower 315 Mark II"},{"@type":"BreadcrumbList","@id":"https:\/\/reginett.ee\/toode\/husqvarna-automower-315-mark-ii\/#breadcrumb","itemListElement":[{"@type":"ListItem","position":1,"name":"Home","item":"https:\/\/reginett.ee\/ru\/"},{"@type":"ListItem","position":2,"name":"Tooted","item":"https:\/\/reginett.ee\/tooted\/"},{"@type":"ListItem","position":3,"name":"Husqvarna Automower\u00ae 315 Mark II"}]},{"@type":"WebSite","@id":"https:\/\/reginett.ee\/#website","url":"https:\/\/reginett.ee\/","name":"Reginett","description":"Parimad robotniidukid","potentialAction":[{"@type":"SearchAction","target":{"@type":"EntryPoint","urlTemplate":"https:\/\/reginett.ee\/?s={search_term_string}"},"query-input":{"@type":"PropertyValueSpecification","valueRequired":true,"valueName":"search_term_string"}}],"inLanguage":"ru-RU"}]}},"brands":[{"id":147,"name":"Husqvarna","slug":"husqvarna"}],"_links":{"self":[{"href":"https:\/\/reginett.ee\/ru\/wp-json\/wp\/v2\/product\/58347","targetHints":{"allow":["GET"]}}],"collection":[{"href":"https:\/\/reginett.ee\/ru\/wp-json\/wp\/v2\/product"}],"about":[{"href":"https:\/\/reginett.ee\/ru\/wp-json\/wp\/v2\/types\/product"}],"replies":[{"embeddable":true,"href":"https:\/\/reginett.ee\/ru\/wp-json\/wp\/v2\/comments?post=58347"}],"wp:featuredmedia":[{"embeddable":true,"href":"https:\/\/reginett.ee\/ru\/wp-json\/wp\/v2\/media\/58348"}],"wp:attachment":[{"href":"https:\/\/reginett.ee\/ru\/wp-json\/wp\/v2\/media?parent=58347"}],"wp:term":[{"taxonomy":"pwb-brand","embeddable":true,"href":"https:\/\/reginett.ee\/ru\/wp-json\/wp\/v2\/pwb-brand?post=58347"},{"taxonomy":"product_brand","embeddable":true,"href":"https:\/\/reginett.ee\/ru\/wp-json\/wp\/v2\/product_brand?post=58347"},{"taxonomy":"product_cat","embeddable":true,"href":"https:\/\/reginett.ee\/ru\/wp-json\/wp\/v2\/product_cat?post=58347"},{"taxonomy":"product_tag","embeddable":true,"href":"https:\/\/reginett.ee\/ru\/wp-json\/wp\/v2\/product_tag?post=58347"}],"curies":[{"name":"wp","href":"https:\/\/api.w.org\/{rel}","templated":true}]}}