{"id":58289,"date":"2022-08-26T12:56:18","date_gmt":"2022-08-26T09:56:18","guid":{"rendered":"https:\/\/reginett.ee\/?post_type=product&#038;p=58289"},"modified":"2022-11-24T17:13:27","modified_gmt":"2022-11-24T14:13:27","slug":"elektrigeneraator-stager-yge2000i-18kw","status":"publish","type":"product","link":"https:\/\/reginett.ee\/ru\/toode\/elektrigeneraator-stager-yge2000i-18kw\/","title":{"rendered":"Elektrigeneraator Stager YGE2000i 1,8kW"},"content":{"rendered":"<div>Elektrigeneraator <strong>Stager YGE2000i<\/strong> on kompaktne, kerge, t\u00f6\u00f6kindel ja h\u00f5lpsasti kasutatav generaator.<\/div>\n<div>Soovitatav nii kodu- kui t\u00f6\u00f6stuskasutajatele, samuti professionaalidele.<\/div>\n<div>V\u00f5imas 4 hj, madala k\u00fctusekuluga neljataktiline bensiinimootor, mis vastab EURO5 keskkonnasaastenormidele.<\/div>\n<div>Intuitiivne ja h\u00f5lpsasti kasutatav generaatori juhtpaneel sisaldab enamikku generaatori funktsioone ja juhtnuppe:<\/div>\n<div>\u00a0\u00a0 &#8212; Kolm \u00fches digitaalne ekraan koos ekraaniga pinge, sageduse ja t\u00f6\u00f6tundide jaoks.<\/div>\n<div>\u00a0\u00a0 &#8212; \u00d5lir\u00f5hu hoiatustuli \u2013 annab kasutajale m\u00e4rku, kui \u00f5litase karteris langeb<\/div>\n<div>\u00a0\u00a0 &#8212; Termiline ohutus, mis katkestab pinge andmise, kui seadmed on \u00fclekoormatud, kaitstes seel\u00e4bi seadmeid.<\/div>\n<div><\/div>\n<div>\n<div>Lihtne juurdep\u00e4\u00e4s \u00f5hufiltrile puhastamise v\u00f5i vahetamise h\u00f5lbustamiseks.<\/div>\n<div><\/div>\n<div>12-voldine alalisvoolu pistikupesa kergete rakenduste v\u00f5i alaldatud akude jaoks<\/div>\n<div>Generaator on varustatud kahe \u00fchefaasilise kaitsekattega pistikupesaga ja kahe USB pesaga.<\/div>\n<div>Kaitsev k\u00fcljekate summutile.<\/div>\n<div>K\u00e4sitsi (n\u00f6\u00f6ril) k\u00e4ivituss\u00fcsteem.<\/div>\n<\/div>\n","protected":false},"excerpt":{"rendered":"<div>Elektrigeneraator <strong>Stager YGE2000i<\/strong> on kompaktne, kerge, t\u00f6\u00f6kindel ja h\u00f5lpsasti kasutatav generaator.<\/div>\n<div>Soovitatav nii kodu- kui t\u00f6\u00f6stuskasutajatele, samuti professionaalidele.<\/div>\n","protected":false},"featured_media":58290,"comment_status":"open","ping_status":"closed","template":"","meta":{"_acf_changed":false,"_et_pb_use_builder":"","_et_pb_old_content":"","_et_gb_content_width":"","inline_featured_image":false},"pwb-brand":[],"product_brand":[],"product_cat":[447,134,231,27],"product_tag":[444,445,446],"class_list":{"0":"post-58289","1":"product","2":"type-product","3":"status-publish","4":"has-post-thumbnail","6":"product_cat-elektrigeneraatorid","7":"product_cat-eripakkumised","8":"product_cat-kingiideed","9":"product_cat-tooriistad-ja-tarvikud","10":"product_tag-elektrigeneraator","11":"product_tag-generaator","12":"product_tag-stager","13":"product_shipping_class-rasked-asjad","15":"first","16":"instock","17":"sale","18":"shipping-taxable","19":"purchasable","20":"product-type-simple"},"acf":[],"yoast_head":"<!-- This site is optimized with the Yoast SEO plugin v26.6 - https:\/\/yoast.com\/wordpress\/plugins\/seo\/ -->\n<title>Elektrigeneraator Stager YGE2000i 1,8kW. Soodsad generaatorid<\/title>\n<meta name=\"description\" content=\"Elektrigeneraator Stager YGE2000i on kompaktne, t\u00f6\u00f6kindel, ja h\u00f5lpsasti kasutatav generaator.Soovitatav nii kodu- kui t\u00f6\u00f6stuskasutajatele\" \/>\n<meta name=\"robots\" content=\"index, follow, max-snippet:-1, max-image-preview:large, max-video-preview:-1\" \/>\n<link rel=\"canonical\" href=\"https:\/\/reginett.ee\/toode\/elektrigeneraator-stager-yge2000i-18kw\/\" \/>\n<meta property=\"og:locale\" content=\"ru_RU\" \/>\n<meta property=\"og:type\" content=\"article\" \/>\n<meta property=\"og:title\" content=\"Elektrigeneraator Stager YGE2000i 1,8kW. Soodsad generaatorid\" \/>\n<meta property=\"og:description\" content=\"Elektrigeneraator Stager YGE2000i on kompaktne, t\u00f6\u00f6kindel, ja h\u00f5lpsasti kasutatav generaator.Soovitatav nii kodu- kui t\u00f6\u00f6stuskasutajatele\" \/>\n<meta property=\"og:url\" content=\"https:\/\/reginett.ee\/toode\/elektrigeneraator-stager-yge2000i-18kw\/\" \/>\n<meta property=\"og:site_name\" content=\"Reginett\" \/>\n<meta property=\"article:modified_time\" content=\"2022-11-24T14:13:27+00:00\" \/>\n<meta property=\"og:image\" content=\"https:\/\/reginett.ee\/wp-content\/uploads\/2022\/08\/Elektrigeneraator-Stager-18kW.jpg\" \/>\n\t<meta property=\"og:image:width\" content=\"680\" \/>\n\t<meta property=\"og:image:height\" content=\"372\" \/>\n\t<meta property=\"og:image:type\" content=\"image\/jpeg\" \/>\n<meta name=\"twitter:card\" content=\"summary_large_image\" \/>\n<meta name=\"twitter:label1\" content=\"\u041f\u0440\u0438\u043c\u0435\u0440\u043d\u043e\u0435 \u0432\u0440\u0435\u043c\u044f \u0434\u043b\u044f \u0447\u0442\u0435\u043d\u0438\u044f\" \/>\n\t<meta name=\"twitter:data1\" content=\"1 \u043c\u0438\u043d\u0443\u0442\u0430\" \/>\n<script type=\"application\/ld+json\" class=\"yoast-schema-graph\">{\"@context\":\"https:\/\/schema.org\",\"@graph\":[{\"@type\":\"WebPage\",\"@id\":\"https:\/\/reginett.ee\/toode\/elektrigeneraator-stager-yge2000i-18kw\/\",\"url\":\"https:\/\/reginett.ee\/toode\/elektrigeneraator-stager-yge2000i-18kw\/\",\"name\":\"Elektrigeneraator Stager YGE2000i 1,8kW. Soodsad generaatorid\",\"isPartOf\":{\"@id\":\"https:\/\/reginett.ee\/#website\"},\"primaryImageOfPage\":{\"@id\":\"https:\/\/reginett.ee\/toode\/elektrigeneraator-stager-yge2000i-18kw\/#primaryimage\"},\"image\":{\"@id\":\"https:\/\/reginett.ee\/toode\/elektrigeneraator-stager-yge2000i-18kw\/#primaryimage\"},\"thumbnailUrl\":\"https:\/\/reginett.ee\/wp-content\/uploads\/2022\/08\/Elektrigeneraator-Stager-18kW.jpg\",\"datePublished\":\"2022-08-26T09:56:18+00:00\",\"dateModified\":\"2022-11-24T14:13:27+00:00\",\"description\":\"Elektrigeneraator Stager YGE2000i on kompaktne, t\u00f6\u00f6kindel, ja h\u00f5lpsasti kasutatav generaator.Soovitatav nii kodu- kui t\u00f6\u00f6stuskasutajatele\",\"breadcrumb\":{\"@id\":\"https:\/\/reginett.ee\/toode\/elektrigeneraator-stager-yge2000i-18kw\/#breadcrumb\"},\"inLanguage\":\"ru-RU\",\"potentialAction\":[{\"@type\":\"ReadAction\",\"target\":[\"https:\/\/reginett.ee\/toode\/elektrigeneraator-stager-yge2000i-18kw\/\"]}]},{\"@type\":\"ImageObject\",\"inLanguage\":\"ru-RU\",\"@id\":\"https:\/\/reginett.ee\/toode\/elektrigeneraator-stager-yge2000i-18kw\/#primaryimage\",\"url\":\"https:\/\/reginett.ee\/wp-content\/uploads\/2022\/08\/Elektrigeneraator-Stager-18kW.jpg\",\"contentUrl\":\"https:\/\/reginett.ee\/wp-content\/uploads\/2022\/08\/Elektrigeneraator-Stager-18kW.jpg\",\"width\":680,\"height\":372,\"caption\":\"Elektrigeneraator Stager\"},{\"@type\":\"BreadcrumbList\",\"@id\":\"https:\/\/reginett.ee\/toode\/elektrigeneraator-stager-yge2000i-18kw\/#breadcrumb\",\"itemListElement\":[{\"@type\":\"ListItem\",\"position\":1,\"name\":\"Home\",\"item\":\"https:\/\/reginett.ee\/ru\/\"},{\"@type\":\"ListItem\",\"position\":2,\"name\":\"Tooted\",\"item\":\"https:\/\/reginett.ee\/tooted\/\"},{\"@type\":\"ListItem\",\"position\":3,\"name\":\"Elektrigeneraator Stager YGE2000i 1,8kW\"}]},{\"@type\":\"WebSite\",\"@id\":\"https:\/\/reginett.ee\/#website\",\"url\":\"https:\/\/reginett.ee\/\",\"name\":\"Reginett\",\"description\":\"Parimad robotniidukid\",\"potentialAction\":[{\"@type\":\"SearchAction\",\"target\":{\"@type\":\"EntryPoint\",\"urlTemplate\":\"https:\/\/reginett.ee\/?s={search_term_string}\"},\"query-input\":{\"@type\":\"PropertyValueSpecification\",\"valueRequired\":true,\"valueName\":\"search_term_string\"}}],\"inLanguage\":\"ru-RU\"}]}<\/script>\n<!-- \/ Yoast SEO plugin. -->","yoast_head_json":{"title":"Elektrigeneraator Stager YGE2000i 1,8kW. Soodsad generaatorid","description":"Elektrigeneraator Stager YGE2000i on kompaktne, t\u00f6\u00f6kindel, ja h\u00f5lpsasti kasutatav generaator.Soovitatav nii kodu- kui t\u00f6\u00f6stuskasutajatele","robots":{"index":"index","follow":"follow","max-snippet":"max-snippet:-1","max-image-preview":"max-image-preview:large","max-video-preview":"max-video-preview:-1"},"canonical":"https:\/\/reginett.ee\/toode\/elektrigeneraator-stager-yge2000i-18kw\/","og_locale":"ru_RU","og_type":"article","og_title":"Elektrigeneraator Stager YGE2000i 1,8kW. Soodsad generaatorid","og_description":"Elektrigeneraator Stager YGE2000i on kompaktne, t\u00f6\u00f6kindel, ja h\u00f5lpsasti kasutatav generaator.Soovitatav nii kodu- kui t\u00f6\u00f6stuskasutajatele","og_url":"https:\/\/reginett.ee\/toode\/elektrigeneraator-stager-yge2000i-18kw\/","og_site_name":"Reginett","article_modified_time":"2022-11-24T14:13:27+00:00","og_image":[{"width":680,"height":372,"url":"https:\/\/reginett.ee\/wp-content\/uploads\/2022\/08\/Elektrigeneraator-Stager-18kW.jpg","type":"image\/jpeg"}],"twitter_card":"summary_large_image","twitter_misc":{"\u041f\u0440\u0438\u043c\u0435\u0440\u043d\u043e\u0435 \u0432\u0440\u0435\u043c\u044f \u0434\u043b\u044f \u0447\u0442\u0435\u043d\u0438\u044f":"1 \u043c\u0438\u043d\u0443\u0442\u0430"},"schema":{"@context":"https:\/\/schema.org","@graph":[{"@type":"WebPage","@id":"https:\/\/reginett.ee\/toode\/elektrigeneraator-stager-yge2000i-18kw\/","url":"https:\/\/reginett.ee\/toode\/elektrigeneraator-stager-yge2000i-18kw\/","name":"Elektrigeneraator Stager YGE2000i 1,8kW. Soodsad generaatorid","isPartOf":{"@id":"https:\/\/reginett.ee\/#website"},"primaryImageOfPage":{"@id":"https:\/\/reginett.ee\/toode\/elektrigeneraator-stager-yge2000i-18kw\/#primaryimage"},"image":{"@id":"https:\/\/reginett.ee\/toode\/elektrigeneraator-stager-yge2000i-18kw\/#primaryimage"},"thumbnailUrl":"https:\/\/reginett.ee\/wp-content\/uploads\/2022\/08\/Elektrigeneraator-Stager-18kW.jpg","datePublished":"2022-08-26T09:56:18+00:00","dateModified":"2022-11-24T14:13:27+00:00","description":"Elektrigeneraator Stager YGE2000i on kompaktne, t\u00f6\u00f6kindel, ja h\u00f5lpsasti kasutatav generaator.Soovitatav nii kodu- kui t\u00f6\u00f6stuskasutajatele","breadcrumb":{"@id":"https:\/\/reginett.ee\/toode\/elektrigeneraator-stager-yge2000i-18kw\/#breadcrumb"},"inLanguage":"ru-RU","potentialAction":[{"@type":"ReadAction","target":["https:\/\/reginett.ee\/toode\/elektrigeneraator-stager-yge2000i-18kw\/"]}]},{"@type":"ImageObject","inLanguage":"ru-RU","@id":"https:\/\/reginett.ee\/toode\/elektrigeneraator-stager-yge2000i-18kw\/#primaryimage","url":"https:\/\/reginett.ee\/wp-content\/uploads\/2022\/08\/Elektrigeneraator-Stager-18kW.jpg","contentUrl":"https:\/\/reginett.ee\/wp-content\/uploads\/2022\/08\/Elektrigeneraator-Stager-18kW.jpg","width":680,"height":372,"caption":"Elektrigeneraator Stager"},{"@type":"BreadcrumbList","@id":"https:\/\/reginett.ee\/toode\/elektrigeneraator-stager-yge2000i-18kw\/#breadcrumb","itemListElement":[{"@type":"ListItem","position":1,"name":"Home","item":"https:\/\/reginett.ee\/ru\/"},{"@type":"ListItem","position":2,"name":"Tooted","item":"https:\/\/reginett.ee\/tooted\/"},{"@type":"ListItem","position":3,"name":"Elektrigeneraator Stager YGE2000i 1,8kW"}]},{"@type":"WebSite","@id":"https:\/\/reginett.ee\/#website","url":"https:\/\/reginett.ee\/","name":"Reginett","description":"Parimad robotniidukid","potentialAction":[{"@type":"SearchAction","target":{"@type":"EntryPoint","urlTemplate":"https:\/\/reginett.ee\/?s={search_term_string}"},"query-input":{"@type":"PropertyValueSpecification","valueRequired":true,"valueName":"search_term_string"}}],"inLanguage":"ru-RU"}]}},"brands":[],"_links":{"self":[{"href":"https:\/\/reginett.ee\/ru\/wp-json\/wp\/v2\/product\/58289","targetHints":{"allow":["GET"]}}],"collection":[{"href":"https:\/\/reginett.ee\/ru\/wp-json\/wp\/v2\/product"}],"about":[{"href":"https:\/\/reginett.ee\/ru\/wp-json\/wp\/v2\/types\/product"}],"replies":[{"embeddable":true,"href":"https:\/\/reginett.ee\/ru\/wp-json\/wp\/v2\/comments?post=58289"}],"wp:featuredmedia":[{"embeddable":true,"href":"https:\/\/reginett.ee\/ru\/wp-json\/wp\/v2\/media\/58290"}],"wp:attachment":[{"href":"https:\/\/reginett.ee\/ru\/wp-json\/wp\/v2\/media?parent=58289"}],"wp:term":[{"taxonomy":"pwb-brand","embeddable":true,"href":"https:\/\/reginett.ee\/ru\/wp-json\/wp\/v2\/pwb-brand?post=58289"},{"taxonomy":"product_brand","embeddable":true,"href":"https:\/\/reginett.ee\/ru\/wp-json\/wp\/v2\/product_brand?post=58289"},{"taxonomy":"product_cat","embeddable":true,"href":"https:\/\/reginett.ee\/ru\/wp-json\/wp\/v2\/product_cat?post=58289"},{"taxonomy":"product_tag","embeddable":true,"href":"https:\/\/reginett.ee\/ru\/wp-json\/wp\/v2\/product_tag?post=58289"}],"curies":[{"name":"wp","href":"https:\/\/api.w.org\/{rel}","templated":true}]}}