{"id":57959,"date":"2025-01-05T12:49:26","date_gmt":"2025-01-05T09:49:26","guid":{"rendered":"https:\/\/reginett.ee\/?post_type=product&#038;p=57959"},"modified":"2026-01-07T10:34:09","modified_gmt":"2026-01-07T07:34:09","slug":"nullpoorderaadiusega-niiduk-husqvarna-z454x","status":"publish","type":"product","link":"https:\/\/reginett.ee\/ru\/toode\/nullpoorderaadiusega-niiduk-husqvarna-z454x\/","title":{"rendered":"Nullp\u00f6\u00f6rderaadiusega niiduk Husqvarna Z454X"},"content":{"rendered":"<p><strong>Husqvarna Z\u202f454X<\/strong> on v\u00f5imas <strong>Kawasaki<\/strong> kahesilindrilise mootoriga nullp\u00f6\u00f6rderaadiusega niiduk, mis on m\u00f5eldud professionaalseks kasutamiseks firmadele, kellel on v\u00e4iksem masinapark. Masin pakub kiiret ja efektiivset niitmist madalate \u00fclalpidamiskuludega.<\/p>\n<p>Madala m\u00fcratasemega \u00fclekanded, LED k\u00fctusetaseme n\u00e4idik, kummist v\u00e4ljaviske suunaja ja kokkuk\u00e4in ROPS pakuvad suurt kasutusmugavust.<\/p>\n<p>Lisaks on Husqvarna Z454X zeroturnil 137 cm laiune keevitatud l\u00f5ikekorpus, mis pakub esmaklassilist niidutulemust ja vastupidavust.<\/p>\n<h3 class=\"hui-spacing--sm-mt-4-times-6 WLwtnNxco1C4cPugKSaO0g==\">Kommertskasutuse l\u00f5ikekorpus<\/h3>\n<p class=\"hui-spacing--sm-mt-4-times-6 WLwtnNxco1C4cPugKSaO0g==\">S\u00fcgav keeviskorpus, mis on loodud vastu pidama.<\/p>\n<h3 class=\"hui-spacing--sm-mt-4-times-6 WLwtnNxco1C4cPugKSaO0g==\">Parker HTE \u00fclekanne<\/h3>\n<p class=\"hui-spacing--sm-mt-4-times-4 K2PbruRyOKhyQZiENIYSog==\">Vastupidavad ning vaiksed \u00fclekanded<\/p>\n<h3 class=\"hui-spacing--sm-mt-4-times-6 WLwtnNxco1C4cPugKSaO0g==\">17 erinevat l\u00f5ikek\u00f5rguse asendit<\/h3>\n<p class=\"hui-spacing--sm-mt-4-times-4 K2PbruRyOKhyQZiENIYSog==\">Jalaga reguleeritav niiduk\u00f5rgus<\/p>\n<h3 class=\"hui-spacing--sm-mt-4-times-6 WLwtnNxco1C4cPugKSaO0g==\">Ergonoomilised juhikud<\/h3>\n<p class=\"hui-spacing--sm-mt-4-times-4 K2PbruRyOKhyQZiENIYSog==\">Mugavalt paigutatud juhikud<\/p>\n<h3 class=\"hui-spacing--sm-mt-4-times-6 WLwtnNxco1C4cPugKSaO0g==\">Automaatne seisupidur<\/h3>\n<p class=\"hui-spacing--sm-mt-4-times-4 K2PbruRyOKhyQZiENIYSog==\">Automaatne seisupidur on juhthoovastikku sisseehitatud. Seisupidur aktiveeritakse hoobade teineteisest eemale l\u00fckkamisel.<\/p>\n<h3 class=\"hui-spacing--sm-mt-4-times-6 WLwtnNxco1C4cPugKSaO0g==\">Reguleeritav juhiiste<\/h3>\n<p class=\"hui-spacing--sm-mt-4-times-4 K2PbruRyOKhyQZiENIYSog==\">Istet on v\u00f5imalik reguleerida nii ette-, kui ka tahapoole ning seadistada vastavalt kasutaja kehakaalule.<\/p>\n<h3 class=\"hui-spacing--sm-mt-4-times-6 WLwtnNxco1C4cPugKSaO0g==\">Kommertskasutuseks m\u00f5eldud v\u00f5llid<\/h3>\n<p class=\"hui-spacing--sm-mt-4-times-4 K2PbruRyOKhyQZiENIYSog==\">Vastupidavad terade tugipukid isem\u00e4\u00e4rduvate kinniste kuullaagritega parimaks vastupidavuseks. Alumiinium kattega paremaks kuumuse hajutamiseks.<\/p>\n<h3 class=\"hui-spacing--sm-mt-4-times-6 WLwtnNxco1C4cPugKSaO0g==\">Suurep\u00e4rane tasakaalustatus<\/h3>\n<p class=\"hui-spacing--sm-mt-4-times-4 K2PbruRyOKhyQZiENIYSog==\">Hea haarduvus ka kallakutel<\/p>\n<h3 class=\"hui-spacing--sm-mt-4-times-6 WLwtnNxco1C4cPugKSaO0g==\">Kokkuvolditav ROPS<\/h3>\n<p class=\"hui-spacing--sm-mt-4-times-4 K2PbruRyOKhyQZiENIYSog==\">Kokkuvolditav kaitseraam<\/p>\n","protected":false},"excerpt":{"rendered":"<p><strong>Husqvarna Z\u202f454X<\/strong> on v\u00f5imas <strong>Kawasaki<\/strong> kahesilindrilise mootoriga nullp\u00f6\u00f6rderaadiusega niiduk, mis on m\u00f5eldud professionaalseks kasutamiseks firmadele, kellel on v\u00e4iksem masinapark. Masin pakub kiiret ja efektiivset niitmist madalate \u00fclalpidamiskuludega.<\/p>\n","protected":false},"featured_media":57964,"comment_status":"open","ping_status":"closed","template":"","meta":{"_acf_changed":false,"_et_pb_use_builder":"","_et_pb_old_content":"","_et_gb_content_width":"","inline_featured_image":false},"pwb-brand":[147],"product_brand":[],"product_cat":[134,37,57],"product_tag":[93,418,94],"class_list":{"0":"post-57959","1":"product","2":"type-product","3":"status-publish","4":"has-post-thumbnail","6":"pwb-brand-husqvarna","7":"product_cat-eripakkumised","8":"product_cat-husqvarna","9":"product_cat-zeroturnid","10":"product_tag-nullpoorderaadiusega","11":"product_tag-z454x","12":"product_tag-zeroturn","13":"product_shipping_class-rasked-asjad","15":"first","16":"instock","17":"sale","18":"shipping-taxable","19":"purchasable","20":"product-type-simple"},"acf":[],"yoast_head":"<!-- This site is optimized with the Yoast SEO plugin v26.6 - https:\/\/yoast.com\/wordpress\/plugins\/seo\/ -->\n<title>Nullp\u00f6\u00f6rderaadiusega niiduk Husqvarna Z454X. Parimad zeroturnid<\/title>\n<meta name=\"description\" content=\"Husqvarna Z\u202f454X on v\u00f5imas Kawasaki kahesilindrilise mootoriga nullp\u00f6\u00f6rderaadiusega niiduk, mis on m\u00f5eldud professionaalseks kasutamiseks\" \/>\n<meta name=\"robots\" content=\"index, follow, max-snippet:-1, max-image-preview:large, max-video-preview:-1\" \/>\n<link rel=\"canonical\" href=\"https:\/\/reginett.ee\/toode\/nullpoorderaadiusega-niiduk-husqvarna-z454x\/\" \/>\n<meta property=\"og:locale\" content=\"ru_RU\" \/>\n<meta property=\"og:type\" content=\"article\" \/>\n<meta property=\"og:title\" content=\"Nullp\u00f6\u00f6rderaadiusega niiduk Husqvarna Z454X. Parimad zeroturnid\" \/>\n<meta property=\"og:description\" content=\"Husqvarna Z\u202f454X on v\u00f5imas Kawasaki kahesilindrilise mootoriga nullp\u00f6\u00f6rderaadiusega niiduk, mis on m\u00f5eldud professionaalseks kasutamiseks\" \/>\n<meta property=\"og:url\" content=\"https:\/\/reginett.ee\/toode\/nullpoorderaadiusega-niiduk-husqvarna-z454x\/\" \/>\n<meta property=\"og:site_name\" content=\"Reginett\" \/>\n<meta property=\"article:modified_time\" content=\"2026-01-07T07:34:09+00:00\" \/>\n<meta property=\"og:image\" content=\"https:\/\/reginett.ee\/wp-content\/uploads\/2022\/07\/Untitled4.jpg\" \/>\n\t<meta property=\"og:image:width\" content=\"680\" \/>\n\t<meta property=\"og:image:height\" content=\"372\" \/>\n\t<meta property=\"og:image:type\" content=\"image\/jpeg\" \/>\n<meta name=\"twitter:card\" content=\"summary_large_image\" \/>\n<meta name=\"twitter:label1\" content=\"\u041f\u0440\u0438\u043c\u0435\u0440\u043d\u043e\u0435 \u0432\u0440\u0435\u043c\u044f \u0434\u043b\u044f \u0447\u0442\u0435\u043d\u0438\u044f\" \/>\n\t<meta name=\"twitter:data1\" content=\"1 \u043c\u0438\u043d\u0443\u0442\u0430\" \/>\n<script type=\"application\/ld+json\" class=\"yoast-schema-graph\">{\"@context\":\"https:\/\/schema.org\",\"@graph\":[{\"@type\":\"WebPage\",\"@id\":\"https:\/\/reginett.ee\/toode\/nullpoorderaadiusega-niiduk-husqvarna-z454x\/\",\"url\":\"https:\/\/reginett.ee\/toode\/nullpoorderaadiusega-niiduk-husqvarna-z454x\/\",\"name\":\"Nullp\u00f6\u00f6rderaadiusega niiduk Husqvarna Z454X. Parimad zeroturnid\",\"isPartOf\":{\"@id\":\"https:\/\/reginett.ee\/#website\"},\"primaryImageOfPage\":{\"@id\":\"https:\/\/reginett.ee\/toode\/nullpoorderaadiusega-niiduk-husqvarna-z454x\/#primaryimage\"},\"image\":{\"@id\":\"https:\/\/reginett.ee\/toode\/nullpoorderaadiusega-niiduk-husqvarna-z454x\/#primaryimage\"},\"thumbnailUrl\":\"https:\/\/reginett.ee\/wp-content\/uploads\/2022\/07\/Untitled4.jpg\",\"datePublished\":\"2025-01-05T09:49:26+00:00\",\"dateModified\":\"2026-01-07T07:34:09+00:00\",\"description\":\"Husqvarna Z\u202f454X on v\u00f5imas Kawasaki kahesilindrilise mootoriga nullp\u00f6\u00f6rderaadiusega niiduk, mis on m\u00f5eldud professionaalseks kasutamiseks\",\"breadcrumb\":{\"@id\":\"https:\/\/reginett.ee\/toode\/nullpoorderaadiusega-niiduk-husqvarna-z454x\/#breadcrumb\"},\"inLanguage\":\"ru-RU\",\"potentialAction\":[{\"@type\":\"ReadAction\",\"target\":[\"https:\/\/reginett.ee\/toode\/nullpoorderaadiusega-niiduk-husqvarna-z454x\/\"]}]},{\"@type\":\"ImageObject\",\"inLanguage\":\"ru-RU\",\"@id\":\"https:\/\/reginett.ee\/toode\/nullpoorderaadiusega-niiduk-husqvarna-z454x\/#primaryimage\",\"url\":\"https:\/\/reginett.ee\/wp-content\/uploads\/2022\/07\/Untitled4.jpg\",\"contentUrl\":\"https:\/\/reginett.ee\/wp-content\/uploads\/2022\/07\/Untitled4.jpg\",\"width\":680,\"height\":372,\"caption\":\"Husqvarna Z454X\"},{\"@type\":\"BreadcrumbList\",\"@id\":\"https:\/\/reginett.ee\/toode\/nullpoorderaadiusega-niiduk-husqvarna-z454x\/#breadcrumb\",\"itemListElement\":[{\"@type\":\"ListItem\",\"position\":1,\"name\":\"Home\",\"item\":\"https:\/\/reginett.ee\/ru\/\"},{\"@type\":\"ListItem\",\"position\":2,\"name\":\"Tooted\",\"item\":\"https:\/\/reginett.ee\/tooted\/\"},{\"@type\":\"ListItem\",\"position\":3,\"name\":\"Nullp\u00f6\u00f6rderaadiusega niiduk Husqvarna Z454X\"}]},{\"@type\":\"WebSite\",\"@id\":\"https:\/\/reginett.ee\/#website\",\"url\":\"https:\/\/reginett.ee\/\",\"name\":\"Reginett\",\"description\":\"Parimad robotniidukid\",\"potentialAction\":[{\"@type\":\"SearchAction\",\"target\":{\"@type\":\"EntryPoint\",\"urlTemplate\":\"https:\/\/reginett.ee\/?s={search_term_string}\"},\"query-input\":{\"@type\":\"PropertyValueSpecification\",\"valueRequired\":true,\"valueName\":\"search_term_string\"}}],\"inLanguage\":\"ru-RU\"}]}<\/script>\n<!-- \/ Yoast SEO plugin. -->","yoast_head_json":{"title":"Nullp\u00f6\u00f6rderaadiusega niiduk Husqvarna Z454X. Parimad zeroturnid","description":"Husqvarna Z\u202f454X on v\u00f5imas Kawasaki kahesilindrilise mootoriga nullp\u00f6\u00f6rderaadiusega niiduk, mis on m\u00f5eldud professionaalseks kasutamiseks","robots":{"index":"index","follow":"follow","max-snippet":"max-snippet:-1","max-image-preview":"max-image-preview:large","max-video-preview":"max-video-preview:-1"},"canonical":"https:\/\/reginett.ee\/toode\/nullpoorderaadiusega-niiduk-husqvarna-z454x\/","og_locale":"ru_RU","og_type":"article","og_title":"Nullp\u00f6\u00f6rderaadiusega niiduk Husqvarna Z454X. Parimad zeroturnid","og_description":"Husqvarna Z\u202f454X on v\u00f5imas Kawasaki kahesilindrilise mootoriga nullp\u00f6\u00f6rderaadiusega niiduk, mis on m\u00f5eldud professionaalseks kasutamiseks","og_url":"https:\/\/reginett.ee\/toode\/nullpoorderaadiusega-niiduk-husqvarna-z454x\/","og_site_name":"Reginett","article_modified_time":"2026-01-07T07:34:09+00:00","og_image":[{"width":680,"height":372,"url":"https:\/\/reginett.ee\/wp-content\/uploads\/2022\/07\/Untitled4.jpg","type":"image\/jpeg"}],"twitter_card":"summary_large_image","twitter_misc":{"\u041f\u0440\u0438\u043c\u0435\u0440\u043d\u043e\u0435 \u0432\u0440\u0435\u043c\u044f \u0434\u043b\u044f \u0447\u0442\u0435\u043d\u0438\u044f":"1 \u043c\u0438\u043d\u0443\u0442\u0430"},"schema":{"@context":"https:\/\/schema.org","@graph":[{"@type":"WebPage","@id":"https:\/\/reginett.ee\/toode\/nullpoorderaadiusega-niiduk-husqvarna-z454x\/","url":"https:\/\/reginett.ee\/toode\/nullpoorderaadiusega-niiduk-husqvarna-z454x\/","name":"Nullp\u00f6\u00f6rderaadiusega niiduk Husqvarna Z454X. Parimad zeroturnid","isPartOf":{"@id":"https:\/\/reginett.ee\/#website"},"primaryImageOfPage":{"@id":"https:\/\/reginett.ee\/toode\/nullpoorderaadiusega-niiduk-husqvarna-z454x\/#primaryimage"},"image":{"@id":"https:\/\/reginett.ee\/toode\/nullpoorderaadiusega-niiduk-husqvarna-z454x\/#primaryimage"},"thumbnailUrl":"https:\/\/reginett.ee\/wp-content\/uploads\/2022\/07\/Untitled4.jpg","datePublished":"2025-01-05T09:49:26+00:00","dateModified":"2026-01-07T07:34:09+00:00","description":"Husqvarna Z\u202f454X on v\u00f5imas Kawasaki kahesilindrilise mootoriga nullp\u00f6\u00f6rderaadiusega niiduk, mis on m\u00f5eldud professionaalseks kasutamiseks","breadcrumb":{"@id":"https:\/\/reginett.ee\/toode\/nullpoorderaadiusega-niiduk-husqvarna-z454x\/#breadcrumb"},"inLanguage":"ru-RU","potentialAction":[{"@type":"ReadAction","target":["https:\/\/reginett.ee\/toode\/nullpoorderaadiusega-niiduk-husqvarna-z454x\/"]}]},{"@type":"ImageObject","inLanguage":"ru-RU","@id":"https:\/\/reginett.ee\/toode\/nullpoorderaadiusega-niiduk-husqvarna-z454x\/#primaryimage","url":"https:\/\/reginett.ee\/wp-content\/uploads\/2022\/07\/Untitled4.jpg","contentUrl":"https:\/\/reginett.ee\/wp-content\/uploads\/2022\/07\/Untitled4.jpg","width":680,"height":372,"caption":"Husqvarna Z454X"},{"@type":"BreadcrumbList","@id":"https:\/\/reginett.ee\/toode\/nullpoorderaadiusega-niiduk-husqvarna-z454x\/#breadcrumb","itemListElement":[{"@type":"ListItem","position":1,"name":"Home","item":"https:\/\/reginett.ee\/ru\/"},{"@type":"ListItem","position":2,"name":"Tooted","item":"https:\/\/reginett.ee\/tooted\/"},{"@type":"ListItem","position":3,"name":"Nullp\u00f6\u00f6rderaadiusega niiduk Husqvarna Z454X"}]},{"@type":"WebSite","@id":"https:\/\/reginett.ee\/#website","url":"https:\/\/reginett.ee\/","name":"Reginett","description":"Parimad robotniidukid","potentialAction":[{"@type":"SearchAction","target":{"@type":"EntryPoint","urlTemplate":"https:\/\/reginett.ee\/?s={search_term_string}"},"query-input":{"@type":"PropertyValueSpecification","valueRequired":true,"valueName":"search_term_string"}}],"inLanguage":"ru-RU"}]}},"brands":[{"id":147,"name":"Husqvarna","slug":"husqvarna"}],"_links":{"self":[{"href":"https:\/\/reginett.ee\/ru\/wp-json\/wp\/v2\/product\/57959","targetHints":{"allow":["GET"]}}],"collection":[{"href":"https:\/\/reginett.ee\/ru\/wp-json\/wp\/v2\/product"}],"about":[{"href":"https:\/\/reginett.ee\/ru\/wp-json\/wp\/v2\/types\/product"}],"replies":[{"embeddable":true,"href":"https:\/\/reginett.ee\/ru\/wp-json\/wp\/v2\/comments?post=57959"}],"wp:featuredmedia":[{"embeddable":true,"href":"https:\/\/reginett.ee\/ru\/wp-json\/wp\/v2\/media\/57964"}],"wp:attachment":[{"href":"https:\/\/reginett.ee\/ru\/wp-json\/wp\/v2\/media?parent=57959"}],"wp:term":[{"taxonomy":"pwb-brand","embeddable":true,"href":"https:\/\/reginett.ee\/ru\/wp-json\/wp\/v2\/pwb-brand?post=57959"},{"taxonomy":"product_brand","embeddable":true,"href":"https:\/\/reginett.ee\/ru\/wp-json\/wp\/v2\/product_brand?post=57959"},{"taxonomy":"product_cat","embeddable":true,"href":"https:\/\/reginett.ee\/ru\/wp-json\/wp\/v2\/product_cat?post=57959"},{"taxonomy":"product_tag","embeddable":true,"href":"https:\/\/reginett.ee\/ru\/wp-json\/wp\/v2\/product_tag?post=57959"}],"curies":[{"name":"wp","href":"https:\/\/api.w.org\/{rel}","templated":true}]}}