{"id":57697,"date":"2022-05-30T09:59:34","date_gmt":"2022-05-30T06:59:34","guid":{"rendered":"https:\/\/reginett.ee\/?post_type=product&#038;p=57697"},"modified":"2024-06-05T15:20:07","modified_gmt":"2024-06-05T12:20:07","slug":"saasepeletaja-thermacell-e55x-taitekassett-40h","status":"publish","type":"product","link":"https:\/\/reginett.ee\/ru\/toode\/saasepeletaja-thermacell-e55x-taitekassett-40h\/","title":{"rendered":"S\u00e4\u00e4sepeletaja Thermacell E55X t\u00e4itekassett 40h"},"content":{"rendered":"<div class=\"et_pb_module et_pb_wc_description et_pb_wc_description_0_tb_body et_pb_bg_layout_light et_pb_text_align_left\">\n<div class=\"et_pb_module_inner\">\n<p class=\"p1\">Kasutamiseks ainult akutoitega Thermacelli s\u00e4\u00e4sepeletajates. Koos Thermacelli akutoitel s\u00e4\u00e4sepeletajaga kasutamisel pakub see vedel t\u00f5rjeaine s\u00e4\u00e4sekaitset nii teile kui ka teid \u00fcmbritsevatele.Need t\u00e4ielikult suletud vedelikt\u00e4itega kassetid kaitsevad 20 m\u00b2 suurust ala s\u00e4\u00e4skede eest.<\/p>\n<ul>\n<li>40-tunnine t\u00e4itekassett kasutamiseks ainult akutoitega Thermacelli s\u00e4\u00e4sepeletajas.<\/li>\n<li>L\u00f5hnavaba, DEET-vaba ja lihtne.<\/li>\n<li>T\u00e4ielikult suletud ja lekkekindel. Reisis\u00f5bralik disain.<\/li>\n<li>Pakendis: \u00fcks t\u00e4itekassett 40 tunniks.<\/li>\n<\/ul>\n<\/div>\n<\/div>\n","protected":false},"excerpt":{"rendered":"<p class=\"p1\">Kasutamiseks ainult akutoitega Thermacelli s\u00e4\u00e4sepeletajates. Koos Thermacelli akutoitel s\u00e4\u00e4sepeletajaga kasutamisel pakub see vedel t\u00f5rjeaine s\u00e4\u00e4sekaitset nii teile kui ka teid \u00fcmbritsevatele.Need t\u00e4ielikult suletud vedelikt\u00e4itega kassetid kaitsevad 20 m\u00b2 suurust ala s\u00e4\u00e4skede eest.<\/p>\n<ul>\n<li><\/li>\n<\/ul>\n","protected":false},"featured_media":61214,"comment_status":"open","ping_status":"closed","template":"","meta":{"_acf_changed":false,"_et_pb_use_builder":"","_et_pb_old_content":"","_et_gb_content_width":"","inline_featured_image":false},"pwb-brand":[531],"product_brand":[],"product_cat":[480,17,28],"product_tag":[286,293],"class_list":{"0":"post-57697","1":"product","2":"type-product","3":"status-publish","4":"has-post-thumbnail","6":"pwb-brand-thermacell","7":"product_cat-aiatoo","8":"product_cat-maaramata","9":"product_cat-puhastustehnika","10":"product_tag-saasepeletaja","11":"product_tag-thermacell","13":"first","14":"instock","15":"shipping-taxable","16":"purchasable","17":"product-type-simple"},"acf":[],"yoast_head":"<!-- This site is optimized with the Yoast SEO plugin v26.6 - https:\/\/yoast.com\/wordpress\/plugins\/seo\/ -->\n<title>S\u00e4\u00e4sepeletaja Thermacell t\u00e4ide E55X 40h. S\u00e4\u00e4set\u00f5rje Thermacell<\/title>\n<meta name=\"description\" content=\"Kasutamiseks ainult akutoitega Thermacelli s\u00e4\u00e4sepeletajates. Koos Thermacelli akutoitel s\u00e4\u00e4sepeletajaga kasutamisel pakub see vedel t\u00f5rjeaine\" \/>\n<meta name=\"robots\" content=\"index, follow, max-snippet:-1, max-image-preview:large, max-video-preview:-1\" \/>\n<link rel=\"canonical\" href=\"https:\/\/reginett.ee\/toode\/saasepeletaja-thermacell-e55x-taitekassett-40h\/\" \/>\n<meta property=\"og:locale\" content=\"ru_RU\" \/>\n<meta property=\"og:type\" content=\"article\" \/>\n<meta property=\"og:title\" content=\"S\u00e4\u00e4sepeletaja Thermacell t\u00e4ide E55X 40h. S\u00e4\u00e4set\u00f5rje Thermacell\" \/>\n<meta property=\"og:description\" content=\"Kasutamiseks ainult akutoitega Thermacelli s\u00e4\u00e4sepeletajates. Koos Thermacelli akutoitel s\u00e4\u00e4sepeletajaga kasutamisel pakub see vedel t\u00f5rjeaine\" \/>\n<meta property=\"og:url\" content=\"https:\/\/reginett.ee\/toode\/saasepeletaja-thermacell-e55x-taitekassett-40h\/\" \/>\n<meta property=\"og:site_name\" content=\"Reginett\" \/>\n<meta property=\"article:modified_time\" content=\"2024-06-05T12:20:07+00:00\" \/>\n<meta property=\"og:image\" content=\"https:\/\/reginett.ee\/wp-content\/uploads\/2022\/05\/Saasepeletaja-taide-Thermacell-40h.webp\" \/>\n\t<meta property=\"og:image:width\" content=\"680\" \/>\n\t<meta property=\"og:image:height\" content=\"372\" \/>\n\t<meta property=\"og:image:type\" content=\"image\/webp\" \/>\n<meta name=\"twitter:card\" content=\"summary_large_image\" \/>\n<meta name=\"twitter:label1\" content=\"\u041f\u0440\u0438\u043c\u0435\u0440\u043d\u043e\u0435 \u0432\u0440\u0435\u043c\u044f \u0434\u043b\u044f \u0447\u0442\u0435\u043d\u0438\u044f\" \/>\n\t<meta name=\"twitter:data1\" content=\"1 \u043c\u0438\u043d\u0443\u0442\u0430\" \/>\n<script type=\"application\/ld+json\" class=\"yoast-schema-graph\">{\"@context\":\"https:\/\/schema.org\",\"@graph\":[{\"@type\":\"WebPage\",\"@id\":\"https:\/\/reginett.ee\/toode\/saasepeletaja-thermacell-e55x-taitekassett-40h\/\",\"url\":\"https:\/\/reginett.ee\/toode\/saasepeletaja-thermacell-e55x-taitekassett-40h\/\",\"name\":\"S\u00e4\u00e4sepeletaja Thermacell t\u00e4ide E55X 40h. S\u00e4\u00e4set\u00f5rje Thermacell\",\"isPartOf\":{\"@id\":\"https:\/\/reginett.ee\/#website\"},\"primaryImageOfPage\":{\"@id\":\"https:\/\/reginett.ee\/toode\/saasepeletaja-thermacell-e55x-taitekassett-40h\/#primaryimage\"},\"image\":{\"@id\":\"https:\/\/reginett.ee\/toode\/saasepeletaja-thermacell-e55x-taitekassett-40h\/#primaryimage\"},\"thumbnailUrl\":\"https:\/\/reginett.ee\/wp-content\/uploads\/2022\/05\/Saasepeletaja-taide-Thermacell-40h.webp\",\"datePublished\":\"2022-05-30T06:59:34+00:00\",\"dateModified\":\"2024-06-05T12:20:07+00:00\",\"description\":\"Kasutamiseks ainult akutoitega Thermacelli s\u00e4\u00e4sepeletajates. Koos Thermacelli akutoitel s\u00e4\u00e4sepeletajaga kasutamisel pakub see vedel t\u00f5rjeaine\",\"breadcrumb\":{\"@id\":\"https:\/\/reginett.ee\/toode\/saasepeletaja-thermacell-e55x-taitekassett-40h\/#breadcrumb\"},\"inLanguage\":\"ru-RU\",\"potentialAction\":[{\"@type\":\"ReadAction\",\"target\":[\"https:\/\/reginett.ee\/toode\/saasepeletaja-thermacell-e55x-taitekassett-40h\/\"]}]},{\"@type\":\"ImageObject\",\"inLanguage\":\"ru-RU\",\"@id\":\"https:\/\/reginett.ee\/toode\/saasepeletaja-thermacell-e55x-taitekassett-40h\/#primaryimage\",\"url\":\"https:\/\/reginett.ee\/wp-content\/uploads\/2022\/05\/Saasepeletaja-taide-Thermacell-40h.webp\",\"contentUrl\":\"https:\/\/reginett.ee\/wp-content\/uploads\/2022\/05\/Saasepeletaja-taide-Thermacell-40h.webp\",\"width\":680,\"height\":372,\"caption\":\"S\u00e4\u00e4sepeletaja t\u00e4ide Thermacell 40h\"},{\"@type\":\"BreadcrumbList\",\"@id\":\"https:\/\/reginett.ee\/toode\/saasepeletaja-thermacell-e55x-taitekassett-40h\/#breadcrumb\",\"itemListElement\":[{\"@type\":\"ListItem\",\"position\":1,\"name\":\"Home\",\"item\":\"https:\/\/reginett.ee\/ru\/\"},{\"@type\":\"ListItem\",\"position\":2,\"name\":\"Tooted\",\"item\":\"https:\/\/reginett.ee\/tooted\/\"},{\"@type\":\"ListItem\",\"position\":3,\"name\":\"S\u00e4\u00e4sepeletaja Thermacell E55X t\u00e4itekassett 40h\"}]},{\"@type\":\"WebSite\",\"@id\":\"https:\/\/reginett.ee\/#website\",\"url\":\"https:\/\/reginett.ee\/\",\"name\":\"Reginett\",\"description\":\"Parimad robotniidukid\",\"potentialAction\":[{\"@type\":\"SearchAction\",\"target\":{\"@type\":\"EntryPoint\",\"urlTemplate\":\"https:\/\/reginett.ee\/?s={search_term_string}\"},\"query-input\":{\"@type\":\"PropertyValueSpecification\",\"valueRequired\":true,\"valueName\":\"search_term_string\"}}],\"inLanguage\":\"ru-RU\"}]}<\/script>\n<!-- \/ Yoast SEO plugin. -->","yoast_head_json":{"title":"S\u00e4\u00e4sepeletaja Thermacell t\u00e4ide E55X 40h. S\u00e4\u00e4set\u00f5rje Thermacell","description":"Kasutamiseks ainult akutoitega Thermacelli s\u00e4\u00e4sepeletajates. Koos Thermacelli akutoitel s\u00e4\u00e4sepeletajaga kasutamisel pakub see vedel t\u00f5rjeaine","robots":{"index":"index","follow":"follow","max-snippet":"max-snippet:-1","max-image-preview":"max-image-preview:large","max-video-preview":"max-video-preview:-1"},"canonical":"https:\/\/reginett.ee\/toode\/saasepeletaja-thermacell-e55x-taitekassett-40h\/","og_locale":"ru_RU","og_type":"article","og_title":"S\u00e4\u00e4sepeletaja Thermacell t\u00e4ide E55X 40h. S\u00e4\u00e4set\u00f5rje Thermacell","og_description":"Kasutamiseks ainult akutoitega Thermacelli s\u00e4\u00e4sepeletajates. Koos Thermacelli akutoitel s\u00e4\u00e4sepeletajaga kasutamisel pakub see vedel t\u00f5rjeaine","og_url":"https:\/\/reginett.ee\/toode\/saasepeletaja-thermacell-e55x-taitekassett-40h\/","og_site_name":"Reginett","article_modified_time":"2024-06-05T12:20:07+00:00","og_image":[{"width":680,"height":372,"url":"https:\/\/reginett.ee\/wp-content\/uploads\/2022\/05\/Saasepeletaja-taide-Thermacell-40h.webp","type":"image\/webp"}],"twitter_card":"summary_large_image","twitter_misc":{"\u041f\u0440\u0438\u043c\u0435\u0440\u043d\u043e\u0435 \u0432\u0440\u0435\u043c\u044f \u0434\u043b\u044f \u0447\u0442\u0435\u043d\u0438\u044f":"1 \u043c\u0438\u043d\u0443\u0442\u0430"},"schema":{"@context":"https:\/\/schema.org","@graph":[{"@type":"WebPage","@id":"https:\/\/reginett.ee\/toode\/saasepeletaja-thermacell-e55x-taitekassett-40h\/","url":"https:\/\/reginett.ee\/toode\/saasepeletaja-thermacell-e55x-taitekassett-40h\/","name":"S\u00e4\u00e4sepeletaja Thermacell t\u00e4ide E55X 40h. S\u00e4\u00e4set\u00f5rje Thermacell","isPartOf":{"@id":"https:\/\/reginett.ee\/#website"},"primaryImageOfPage":{"@id":"https:\/\/reginett.ee\/toode\/saasepeletaja-thermacell-e55x-taitekassett-40h\/#primaryimage"},"image":{"@id":"https:\/\/reginett.ee\/toode\/saasepeletaja-thermacell-e55x-taitekassett-40h\/#primaryimage"},"thumbnailUrl":"https:\/\/reginett.ee\/wp-content\/uploads\/2022\/05\/Saasepeletaja-taide-Thermacell-40h.webp","datePublished":"2022-05-30T06:59:34+00:00","dateModified":"2024-06-05T12:20:07+00:00","description":"Kasutamiseks ainult akutoitega Thermacelli s\u00e4\u00e4sepeletajates. Koos Thermacelli akutoitel s\u00e4\u00e4sepeletajaga kasutamisel pakub see vedel t\u00f5rjeaine","breadcrumb":{"@id":"https:\/\/reginett.ee\/toode\/saasepeletaja-thermacell-e55x-taitekassett-40h\/#breadcrumb"},"inLanguage":"ru-RU","potentialAction":[{"@type":"ReadAction","target":["https:\/\/reginett.ee\/toode\/saasepeletaja-thermacell-e55x-taitekassett-40h\/"]}]},{"@type":"ImageObject","inLanguage":"ru-RU","@id":"https:\/\/reginett.ee\/toode\/saasepeletaja-thermacell-e55x-taitekassett-40h\/#primaryimage","url":"https:\/\/reginett.ee\/wp-content\/uploads\/2022\/05\/Saasepeletaja-taide-Thermacell-40h.webp","contentUrl":"https:\/\/reginett.ee\/wp-content\/uploads\/2022\/05\/Saasepeletaja-taide-Thermacell-40h.webp","width":680,"height":372,"caption":"S\u00e4\u00e4sepeletaja t\u00e4ide Thermacell 40h"},{"@type":"BreadcrumbList","@id":"https:\/\/reginett.ee\/toode\/saasepeletaja-thermacell-e55x-taitekassett-40h\/#breadcrumb","itemListElement":[{"@type":"ListItem","position":1,"name":"Home","item":"https:\/\/reginett.ee\/ru\/"},{"@type":"ListItem","position":2,"name":"Tooted","item":"https:\/\/reginett.ee\/tooted\/"},{"@type":"ListItem","position":3,"name":"S\u00e4\u00e4sepeletaja Thermacell E55X t\u00e4itekassett 40h"}]},{"@type":"WebSite","@id":"https:\/\/reginett.ee\/#website","url":"https:\/\/reginett.ee\/","name":"Reginett","description":"Parimad robotniidukid","potentialAction":[{"@type":"SearchAction","target":{"@type":"EntryPoint","urlTemplate":"https:\/\/reginett.ee\/?s={search_term_string}"},"query-input":{"@type":"PropertyValueSpecification","valueRequired":true,"valueName":"search_term_string"}}],"inLanguage":"ru-RU"}]}},"brands":[{"id":531,"name":"Thermacell","slug":"thermacell"}],"_links":{"self":[{"href":"https:\/\/reginett.ee\/ru\/wp-json\/wp\/v2\/product\/57697","targetHints":{"allow":["GET"]}}],"collection":[{"href":"https:\/\/reginett.ee\/ru\/wp-json\/wp\/v2\/product"}],"about":[{"href":"https:\/\/reginett.ee\/ru\/wp-json\/wp\/v2\/types\/product"}],"replies":[{"embeddable":true,"href":"https:\/\/reginett.ee\/ru\/wp-json\/wp\/v2\/comments?post=57697"}],"wp:featuredmedia":[{"embeddable":true,"href":"https:\/\/reginett.ee\/ru\/wp-json\/wp\/v2\/media\/61214"}],"wp:attachment":[{"href":"https:\/\/reginett.ee\/ru\/wp-json\/wp\/v2\/media?parent=57697"}],"wp:term":[{"taxonomy":"pwb-brand","embeddable":true,"href":"https:\/\/reginett.ee\/ru\/wp-json\/wp\/v2\/pwb-brand?post=57697"},{"taxonomy":"product_brand","embeddable":true,"href":"https:\/\/reginett.ee\/ru\/wp-json\/wp\/v2\/product_brand?post=57697"},{"taxonomy":"product_cat","embeddable":true,"href":"https:\/\/reginett.ee\/ru\/wp-json\/wp\/v2\/product_cat?post=57697"},{"taxonomy":"product_tag","embeddable":true,"href":"https:\/\/reginett.ee\/ru\/wp-json\/wp\/v2\/product_tag?post=57697"}],"curies":[{"name":"wp","href":"https:\/\/api.w.org\/{rel}","templated":true}]}}