{"id":57672,"date":"2023-03-30T16:41:18","date_gmt":"2023-03-30T13:41:18","guid":{"rendered":"https:\/\/reginett.ee\/?post_type=product&#038;p=57672"},"modified":"2025-07-04T09:53:38","modified_gmt":"2025-07-04T06:53:38","slug":"survepesur-husqvarna-pw490","status":"publish","type":"product","link":"https:\/\/reginett.ee\/ru\/toode\/survepesur-husqvarna-pw490\/","title":{"rendered":"Survepesur Husqvarna PW490"},"content":{"rendered":"<p><span class=\"hui-spacing--sm-my-4-times-4 hui-spacing--md-my-4-times-5 K2PbruRyOKhyQZiENIYSog== picir3m6eK9fJiUymaqnJw==\">Husqvarna PW490 on v\u00f5imas ning vastupidava induktsioonmootoriga k\u00f5rgsurvepesur, mis on etten\u00e4htud k\u00f5ige keerukamateks puhastust\u00f6\u00f6deks v\u00e4litingimustes. Keraamiliste kolvidega messingpump on \u00fclimalt vastupidav. <\/span><\/p>\n<p><span class=\"hui-spacing--sm-my-4-times-4 hui-spacing--md-my-4-times-5 K2PbruRyOKhyQZiENIYSog== picir3m6eK9fJiUymaqnJw==\">Surveregulaatori abil saate veevoolu ja survet reguleerida. Pesuril on sisseehitatud pesuainemahuti, mille t\u00f6\u00f6d saab reguleerida esipaneelilt. Messingist pumbapea tagab pika ja tulemusliku t\u00f6\u00f6ea. Komplektis on terastugevdusega k\u00f5rgsurvevoolik. Mugav k\u00e4ivitusnupp on tundlik ja k\u00e4ep\u00e4rane ning seda ei pea tugevasti vajutama. <\/span><\/p>\n<p><span class=\"hui-spacing--sm-my-4-times-4 hui-spacing--md-my-4-times-5 K2PbruRyOKhyQZiENIYSog== picir3m6eK9fJiUymaqnJw==\">Husqvarna PW490 survepesurit t\u00e4iendab kiirliitmikuga voolik, suured ja tugevad ning hea haarduvusega rattad ja pikk pihustivars.T\u00e4nu sisseehitatud voolikupoolile ning tarvikute ja toitejuhtme hoiukohale l\u00e4heb t\u00f6\u00f6 ladusalt.<\/span><\/p>\n<p><span class=\"hui-spacing--sm-my-4-times-4 hui-spacing--md-my-4-times-5 K2PbruRyOKhyQZiENIYSog== picir3m6eK9fJiUymaqnJw==\"> Komplektis on kaks otsikut.<\/span><\/p>\n<h3 class=\"hui-spacing--sm-mt-4-times-6 WLwtnNxco1C4cPugKSaO0g==\">Terastugevdusega k\u00f5rgsurvevoolik<\/h3>\n<p class=\"hui-spacing--sm-mt-4-times-4 K2PbruRyOKhyQZiENIYSog==\">Paindlik terastugevdusega k\u00f5rgsurvevoolik annab vastupidavust, kasutusmugavust ja pikendab toote t\u00f6\u00f6iga.<\/p>\n<h3 class=\"hui-spacing--sm-mt-4-times-6 WLwtnNxco1C4cPugKSaO0g==\">Keraamilise kattega kolvid<\/h3>\n<p class=\"hui-spacing--sm-mt-4-times-4 K2PbruRyOKhyQZiENIYSog==\">Keraamilise kattega kolvid on tipptasemel osad, mis muudavad masina veelgi t\u00f6\u00f6kindlamaks ja kestvamaks.<\/p>\n<h3 class=\"hui-spacing--sm-mt-4-times-6 WLwtnNxco1C4cPugKSaO0g==\">Induktsioonimootor<\/h3>\n<p class=\"hui-spacing--sm-mt-4-times-4 K2PbruRyOKhyQZiENIYSog==\">V\u00e4ga vastupidaval induktsioonimootoril on suur j\u00f5udlus ja pikk t\u00f6\u00f6iga.<\/p>\n","protected":false},"excerpt":{"rendered":"<p><span class=\"hui-spacing--sm-my-4-times-4 hui-spacing--md-my-4-times-5 K2PbruRyOKhyQZiENIYSog== picir3m6eK9fJiUymaqnJw==\">Husqvarna PW490 on v\u00f5imas ning vastupidava induktsioonmootoriga k\u00f5rgsurvepesur, mis on etten\u00e4htud k\u00f5ige keerukamateks puhastust\u00f6\u00f6deks v\u00e4litingimustes. Keraamiliste kolvidega messingpump on \u00fclimalt vastupidav. <\/span><\/p>\n","protected":false},"featured_media":57673,"comment_status":"open","ping_status":"closed","template":"","meta":{"_acf_changed":false,"_et_pb_use_builder":"","_et_pb_old_content":"","_et_gb_content_width":"","inline_featured_image":false},"pwb-brand":[147],"product_brand":[],"product_cat":[37,28],"product_tag":[412,413,99,98,414],"class_list":{"0":"post-57672","1":"product","2":"type-product","3":"status-publish","4":"has-post-thumbnail","6":"pwb-brand-husqvarna","7":"product_cat-husqvarna","8":"product_cat-puhastustehnika","9":"product_tag-husqvarna-pesur","10":"product_tag-husqvarna-survepesur","11":"product_tag-pesur","12":"product_tag-survepesur","13":"product_tag-survepesur-husqvarna","14":"product_shipping_class-rasked-asjad","16":"first","17":"outofstock","18":"shipping-taxable","19":"purchasable","20":"product-type-simple"},"acf":[],"yoast_head":"<!-- This site is optimized with the Yoast SEO plugin v26.6 - https:\/\/yoast.com\/wordpress\/plugins\/seo\/ -->\n<title>Survepesur Husqvarna PW490. V\u00f5imsad Husqvarna survepesurid<\/title>\n<meta name=\"description\" content=\"Husqvarna PW490 on v\u00f5imas ning vastupidava induktsioonmootoriga k\u00f5rgsurvepesur, mis on etten\u00e4htud k\u00f5ige keerukamateks puhastust\u00f6\u00f6deks\" \/>\n<meta name=\"robots\" content=\"index, follow, max-snippet:-1, max-image-preview:large, max-video-preview:-1\" \/>\n<link rel=\"canonical\" href=\"https:\/\/reginett.ee\/toode\/survepesur-husqvarna-pw490\/\" \/>\n<meta property=\"og:locale\" content=\"ru_RU\" \/>\n<meta property=\"og:type\" content=\"article\" \/>\n<meta property=\"og:title\" content=\"Survepesur Husqvarna PW490. V\u00f5imsad Husqvarna survepesurid\" \/>\n<meta property=\"og:description\" content=\"Husqvarna PW490 on v\u00f5imas ning vastupidava induktsioonmootoriga k\u00f5rgsurvepesur, mis on etten\u00e4htud k\u00f5ige keerukamateks puhastust\u00f6\u00f6deks\" \/>\n<meta property=\"og:url\" content=\"https:\/\/reginett.ee\/toode\/survepesur-husqvarna-pw490\/\" \/>\n<meta property=\"og:site_name\" content=\"Reginett\" \/>\n<meta property=\"article:modified_time\" content=\"2025-07-04T06:53:38+00:00\" \/>\n<meta property=\"og:image\" content=\"https:\/\/reginett.ee\/wp-content\/uploads\/2022\/05\/Survepesur-Husqvarna-PW-490.jpg\" \/>\n\t<meta property=\"og:image:width\" content=\"680\" \/>\n\t<meta property=\"og:image:height\" content=\"372\" \/>\n\t<meta property=\"og:image:type\" content=\"image\/jpeg\" \/>\n<meta name=\"twitter:card\" content=\"summary_large_image\" \/>\n<meta name=\"twitter:label1\" content=\"\u041f\u0440\u0438\u043c\u0435\u0440\u043d\u043e\u0435 \u0432\u0440\u0435\u043c\u044f \u0434\u043b\u044f \u0447\u0442\u0435\u043d\u0438\u044f\" \/>\n\t<meta name=\"twitter:data1\" content=\"1 \u043c\u0438\u043d\u0443\u0442\u0430\" \/>\n<script type=\"application\/ld+json\" class=\"yoast-schema-graph\">{\"@context\":\"https:\/\/schema.org\",\"@graph\":[{\"@type\":\"WebPage\",\"@id\":\"https:\/\/reginett.ee\/toode\/survepesur-husqvarna-pw490\/\",\"url\":\"https:\/\/reginett.ee\/toode\/survepesur-husqvarna-pw490\/\",\"name\":\"Survepesur Husqvarna PW490. V\u00f5imsad Husqvarna survepesurid\",\"isPartOf\":{\"@id\":\"https:\/\/reginett.ee\/#website\"},\"primaryImageOfPage\":{\"@id\":\"https:\/\/reginett.ee\/toode\/survepesur-husqvarna-pw490\/#primaryimage\"},\"image\":{\"@id\":\"https:\/\/reginett.ee\/toode\/survepesur-husqvarna-pw490\/#primaryimage\"},\"thumbnailUrl\":\"https:\/\/reginett.ee\/wp-content\/uploads\/2022\/05\/Survepesur-Husqvarna-PW-490.jpg\",\"datePublished\":\"2023-03-30T13:41:18+00:00\",\"dateModified\":\"2025-07-04T06:53:38+00:00\",\"description\":\"Husqvarna PW490 on v\u00f5imas ning vastupidava induktsioonmootoriga k\u00f5rgsurvepesur, mis on etten\u00e4htud k\u00f5ige keerukamateks puhastust\u00f6\u00f6deks\",\"breadcrumb\":{\"@id\":\"https:\/\/reginett.ee\/toode\/survepesur-husqvarna-pw490\/#breadcrumb\"},\"inLanguage\":\"ru-RU\",\"potentialAction\":[{\"@type\":\"ReadAction\",\"target\":[\"https:\/\/reginett.ee\/toode\/survepesur-husqvarna-pw490\/\"]}]},{\"@type\":\"ImageObject\",\"inLanguage\":\"ru-RU\",\"@id\":\"https:\/\/reginett.ee\/toode\/survepesur-husqvarna-pw490\/#primaryimage\",\"url\":\"https:\/\/reginett.ee\/wp-content\/uploads\/2022\/05\/Survepesur-Husqvarna-PW-490.jpg\",\"contentUrl\":\"https:\/\/reginett.ee\/wp-content\/uploads\/2022\/05\/Survepesur-Husqvarna-PW-490.jpg\",\"width\":680,\"height\":372,\"caption\":\"Survepesur Husqvarna\"},{\"@type\":\"BreadcrumbList\",\"@id\":\"https:\/\/reginett.ee\/toode\/survepesur-husqvarna-pw490\/#breadcrumb\",\"itemListElement\":[{\"@type\":\"ListItem\",\"position\":1,\"name\":\"Home\",\"item\":\"https:\/\/reginett.ee\/ru\/\"},{\"@type\":\"ListItem\",\"position\":2,\"name\":\"Tooted\",\"item\":\"https:\/\/reginett.ee\/tooted\/\"},{\"@type\":\"ListItem\",\"position\":3,\"name\":\"Survepesur Husqvarna PW490\"}]},{\"@type\":\"WebSite\",\"@id\":\"https:\/\/reginett.ee\/#website\",\"url\":\"https:\/\/reginett.ee\/\",\"name\":\"Reginett\",\"description\":\"Parimad robotniidukid\",\"potentialAction\":[{\"@type\":\"SearchAction\",\"target\":{\"@type\":\"EntryPoint\",\"urlTemplate\":\"https:\/\/reginett.ee\/?s={search_term_string}\"},\"query-input\":{\"@type\":\"PropertyValueSpecification\",\"valueRequired\":true,\"valueName\":\"search_term_string\"}}],\"inLanguage\":\"ru-RU\"}]}<\/script>\n<!-- \/ Yoast SEO plugin. -->","yoast_head_json":{"title":"Survepesur Husqvarna PW490. V\u00f5imsad Husqvarna survepesurid","description":"Husqvarna PW490 on v\u00f5imas ning vastupidava induktsioonmootoriga k\u00f5rgsurvepesur, mis on etten\u00e4htud k\u00f5ige keerukamateks puhastust\u00f6\u00f6deks","robots":{"index":"index","follow":"follow","max-snippet":"max-snippet:-1","max-image-preview":"max-image-preview:large","max-video-preview":"max-video-preview:-1"},"canonical":"https:\/\/reginett.ee\/toode\/survepesur-husqvarna-pw490\/","og_locale":"ru_RU","og_type":"article","og_title":"Survepesur Husqvarna PW490. V\u00f5imsad Husqvarna survepesurid","og_description":"Husqvarna PW490 on v\u00f5imas ning vastupidava induktsioonmootoriga k\u00f5rgsurvepesur, mis on etten\u00e4htud k\u00f5ige keerukamateks puhastust\u00f6\u00f6deks","og_url":"https:\/\/reginett.ee\/toode\/survepesur-husqvarna-pw490\/","og_site_name":"Reginett","article_modified_time":"2025-07-04T06:53:38+00:00","og_image":[{"width":680,"height":372,"url":"https:\/\/reginett.ee\/wp-content\/uploads\/2022\/05\/Survepesur-Husqvarna-PW-490.jpg","type":"image\/jpeg"}],"twitter_card":"summary_large_image","twitter_misc":{"\u041f\u0440\u0438\u043c\u0435\u0440\u043d\u043e\u0435 \u0432\u0440\u0435\u043c\u044f \u0434\u043b\u044f \u0447\u0442\u0435\u043d\u0438\u044f":"1 \u043c\u0438\u043d\u0443\u0442\u0430"},"schema":{"@context":"https:\/\/schema.org","@graph":[{"@type":"WebPage","@id":"https:\/\/reginett.ee\/toode\/survepesur-husqvarna-pw490\/","url":"https:\/\/reginett.ee\/toode\/survepesur-husqvarna-pw490\/","name":"Survepesur Husqvarna PW490. V\u00f5imsad Husqvarna survepesurid","isPartOf":{"@id":"https:\/\/reginett.ee\/#website"},"primaryImageOfPage":{"@id":"https:\/\/reginett.ee\/toode\/survepesur-husqvarna-pw490\/#primaryimage"},"image":{"@id":"https:\/\/reginett.ee\/toode\/survepesur-husqvarna-pw490\/#primaryimage"},"thumbnailUrl":"https:\/\/reginett.ee\/wp-content\/uploads\/2022\/05\/Survepesur-Husqvarna-PW-490.jpg","datePublished":"2023-03-30T13:41:18+00:00","dateModified":"2025-07-04T06:53:38+00:00","description":"Husqvarna PW490 on v\u00f5imas ning vastupidava induktsioonmootoriga k\u00f5rgsurvepesur, mis on etten\u00e4htud k\u00f5ige keerukamateks puhastust\u00f6\u00f6deks","breadcrumb":{"@id":"https:\/\/reginett.ee\/toode\/survepesur-husqvarna-pw490\/#breadcrumb"},"inLanguage":"ru-RU","potentialAction":[{"@type":"ReadAction","target":["https:\/\/reginett.ee\/toode\/survepesur-husqvarna-pw490\/"]}]},{"@type":"ImageObject","inLanguage":"ru-RU","@id":"https:\/\/reginett.ee\/toode\/survepesur-husqvarna-pw490\/#primaryimage","url":"https:\/\/reginett.ee\/wp-content\/uploads\/2022\/05\/Survepesur-Husqvarna-PW-490.jpg","contentUrl":"https:\/\/reginett.ee\/wp-content\/uploads\/2022\/05\/Survepesur-Husqvarna-PW-490.jpg","width":680,"height":372,"caption":"Survepesur Husqvarna"},{"@type":"BreadcrumbList","@id":"https:\/\/reginett.ee\/toode\/survepesur-husqvarna-pw490\/#breadcrumb","itemListElement":[{"@type":"ListItem","position":1,"name":"Home","item":"https:\/\/reginett.ee\/ru\/"},{"@type":"ListItem","position":2,"name":"Tooted","item":"https:\/\/reginett.ee\/tooted\/"},{"@type":"ListItem","position":3,"name":"Survepesur Husqvarna PW490"}]},{"@type":"WebSite","@id":"https:\/\/reginett.ee\/#website","url":"https:\/\/reginett.ee\/","name":"Reginett","description":"Parimad robotniidukid","potentialAction":[{"@type":"SearchAction","target":{"@type":"EntryPoint","urlTemplate":"https:\/\/reginett.ee\/?s={search_term_string}"},"query-input":{"@type":"PropertyValueSpecification","valueRequired":true,"valueName":"search_term_string"}}],"inLanguage":"ru-RU"}]}},"brands":[{"id":147,"name":"Husqvarna","slug":"husqvarna"}],"_links":{"self":[{"href":"https:\/\/reginett.ee\/ru\/wp-json\/wp\/v2\/product\/57672","targetHints":{"allow":["GET"]}}],"collection":[{"href":"https:\/\/reginett.ee\/ru\/wp-json\/wp\/v2\/product"}],"about":[{"href":"https:\/\/reginett.ee\/ru\/wp-json\/wp\/v2\/types\/product"}],"replies":[{"embeddable":true,"href":"https:\/\/reginett.ee\/ru\/wp-json\/wp\/v2\/comments?post=57672"}],"wp:featuredmedia":[{"embeddable":true,"href":"https:\/\/reginett.ee\/ru\/wp-json\/wp\/v2\/media\/57673"}],"wp:attachment":[{"href":"https:\/\/reginett.ee\/ru\/wp-json\/wp\/v2\/media?parent=57672"}],"wp:term":[{"taxonomy":"pwb-brand","embeddable":true,"href":"https:\/\/reginett.ee\/ru\/wp-json\/wp\/v2\/pwb-brand?post=57672"},{"taxonomy":"product_brand","embeddable":true,"href":"https:\/\/reginett.ee\/ru\/wp-json\/wp\/v2\/product_brand?post=57672"},{"taxonomy":"product_cat","embeddable":true,"href":"https:\/\/reginett.ee\/ru\/wp-json\/wp\/v2\/product_cat?post=57672"},{"taxonomy":"product_tag","embeddable":true,"href":"https:\/\/reginett.ee\/ru\/wp-json\/wp\/v2\/product_tag?post=57672"}],"curies":[{"name":"wp","href":"https:\/\/api.w.org\/{rel}","templated":true}]}}